{"id":27085,"date":"2025-01-02T20:28:08","date_gmt":"2025-01-02T23:28:08","guid":{"rendered":"https:\/\/agropecuariafenix.com.br\/index.php\/produto\/granplus-gourmet-caes-filhotes-de-porte-mini-e-pequeno-ovelha-e-arroz-101kg\/"},"modified":"2025-10-28T17:26:12","modified_gmt":"2025-10-28T20:26:12","slug":"granplus-gourmet-caes-filhotes-de-porte-mini-e-pequeno-ovelha-e-arroz-101kg","status":"publish","type":"product","link":"https:\/\/agropecuariafenix.com.br\/index.php\/produto\/granplus-gourmet-caes-filhotes-de-porte-mini-e-pequeno-ovelha-e-arroz-101kg\/","title":{"rendered":"Granplus Gourmet C\u00e3es Filhotes De Porte Mini E Pequeno Ovelha E Arroz 10,1Kg"},"content":{"rendered":"<p>Informa\u00e7\u00f5es Nutricionais<\/p>\n<p>Vitamina A 14.000UI,Vitamina D3 800UI, Vitamina E 73UI, Vitamina K3 0,1mg, Vitamina C 34mg, Vitamina B1 3,1mg, Vitamina B2 8,7mg, Vitamina B6 2,2mg, Vitamina B12 48,6\u03bcg, Pantotenato de C\u00e1lcio 20,6mg, \u00c1cido F\u00f3lico 0,37mg, \u00c1cido Nicot\u00ednico 23,8mg, Biotina 0,02mg, Colina 815mg, Zinco 100mg, Ferro 88mg, Mangan\u00eas 5,8mg, Iodo 1,5mg, Sel\u00eanio 0,4mg, Cobre 11mg.<\/p>\n<p>N\u00edveis de Garantia<\/p>\n<p>Prote\u00edna Bruta (m\u00edn.) 280g\/kg 28%<br \/>\nExtrato Et\u00e9reo (m\u00edn.) 130g\/kg 13%<br \/>\nUmidade (m\u00e1x.) 100g\/kg 10%<br \/>\nMat\u00e9ria Fibrosa (m\u00e1x.) 30g\/kg 3,0%<br \/>\nMat\u00e9ria Mineral (m\u00e1x.) 70g\/kg 7,0%<br \/>\nC\u00e1lcio (m\u00e1x.) 18g\/kg 1,8%<br \/>\nC\u00e1lcio (m\u00edn.) 9.000mg\/kg 0,9%<br \/>\nF\u00f3sforo (m\u00edn.) 9.000mg\/kg 0,9%<br \/>\nS\u00f3dio (m\u00edn.) 2.200mg\/kg<br \/>\nPot\u00e1ssio (m\u00edn.) 5.000mg\/kg<br \/>\n\u00d4mega 6 (m\u00edn.) 20g\/kg<br \/>\n\u00d4mega 3 (m\u00edn.) 2.400mg\/kg<br \/>\nEPA + DHA (m\u00edn.) 450mg\/kg<br \/>\nMananoligossacar\u00eddeos (m\u00edn.) 100mg\/kg<br \/>\nEnergia Metaboliz\u00e1vel (NRC 2006, m\u00edn.) 3.800kcal\/kg<\/p>\n<p>Composi\u00e7\u00e3o<\/p>\n<p>Farinha de Carne e Ossos de Ovino, Farinha de V\u00edsceras de Aves, Farinha de Torresmo, Quirera de Arroz, Gr\u00e3o de Sorgo, \u00d3leo de V\u00edsceras de Aves, \u00d3leo de Peixe Refinado, \u00d3leo de Linha\u00e7a, Polpa de Beterraba, Farelo de Trigo, Levedura Seca de Cervejaria, Cloreto de S\u00f3dio (Sal Comum), Cloreto de Pot\u00e1ssio, Hidrolisado de F\u00edgado Ave e Su\u00edno, Aditivo Prebi\u00f3tico (Parede Celular de Levedura Fonte de Mananoligossacar\u00eddeos), Extrato de Yucca (m\u00edn. 0,025%), Antioxidantes Naturais (Extrato de Alecrim e Concentrado de Tocofer\u00f3is), Propionato de C\u00e1lcio, Sorbato de Pot\u00e1ssio, Aditivo Adsorvente (Parede Celular de Levedura e Bentonita), Vitaminas (A, D3, E, K3, C, B1, B2, B6, B12, Pantotenato de C\u00e1lcio, \u00c1cido F\u00f3lico, \u00c1cido Nicot\u00ednico, Biotina, Cloreto de Colina), Minerais (Sulfato de Zinco, Sulfato de Ferro, Sulfato de Mangan\u00eas, Iodato de C\u00e1lcio), Minerais Quelatados (Proteinato de Mangan\u00eas, Levedura Enriquecida com Sel\u00eanio, Proteinato de Zinco, Proteinato de Cobre).<\/p>\n<p>C\u00f3digo de barras   7896048919397<\/p>\n","protected":false},"excerpt":{"rendered":"<p>Descri\u00e7\u00e3o<\/p>\n<p>&#8211; Indicado para c\u00e3es filhotes de porte mini;<br \/>\n&#8211; Feito com ingredientes nobres e prote\u00edna de alta qualidade;<br \/>\n&#8211; Proporcionam uma experi\u00eancia de sabor para satisfazer os c\u00e3es com paladares exigentes, enquanto os nutre;<br \/>\n&#8211; Conservado com antioxidantes naturais;<br \/>\n&#8211; Possui mini part\u00edcula adaptada para c\u00e3es de pequeno porte;<br \/>\n&#8211; Contribui para sa\u00fade da pele e do pelo;<br \/>\n&#8211; Enriquecido com vitaminas, minerais e \u00f4megas;<br \/>\n&#8211; Contribui para o \u00f3timo funcionamento do organismo, com fonte rica em \u00f4mega 3 (EPA &amp; DHA);<br \/>\n&#8211; Auxilia na Sa\u00fade intestinal com fibras, prebi\u00f3tico MOS e com extrato de yucca;<br \/>\n&#8211; Auxilia no controle de odores;<br \/>\n&#8211; Sem Transg\u00eanicos, aromas e corrantes artificiais;<br \/>\n&#8211; Dispon\u00edvel em embalagem com 10,1kg.<\/p>\n","protected":false},"featured_media":27084,"comment_status":"open","ping_status":"closed","template":"","meta":[],"product_brand":[],"product_cat":[1630,1699,1724],"product_tag":[1119,403,78,75,1723,284,126,956,909,754,960,82,145,1719,1718],"class_list":{"0":"post-27085","1":"product","2":"type-product","3":"status-publish","4":"has-post-thumbnail","6":"product_cat-cao","7":"product_cat-racao","8":"product_cat-racao-cao","9":"product_tag-101kg-2","10":"product_tag-101kg","11":"product_tag-arroz","12":"product_tag-caes","13":"product_tag-cao","14":"product_tag-filhote","15":"product_tag-filhotes","16":"product_tag-gourmet","17":"product_tag-granplus","18":"product_tag-mini","19":"product_tag-ovelha","20":"product_tag-pequena","21":"product_tag-pequenas","22":"product_tag-pequeno","23":"product_tag-porte","25":"first","26":"outofstock","27":"shipping-taxable","28":"purchasable","29":"product-type-simple"},"yoast_head":"<!-- This site is optimized with the Yoast SEO plugin v27.6 - https:\/\/yoast.com\/product\/yoast-seo-wordpress\/ -->\n<title>Granplus Gourmet C\u00e3es Filhotes De Porte Mini E Pequeno Ovelha E Arroz 10,1Kg - Agropecu\u00e1ria Fenix<\/title>\n<meta name=\"robots\" content=\"index, follow, max-snippet:-1, max-image-preview:large, max-video-preview:-1\" \/>\n<link rel=\"canonical\" href=\"https:\/\/agropecuariafenix.com.br\/index.php\/produto\/granplus-gourmet-caes-filhotes-de-porte-mini-e-pequeno-ovelha-e-arroz-101kg\/\" \/>\n<meta property=\"og:locale\" content=\"pt_BR\" \/>\n<meta property=\"og:type\" content=\"article\" \/>\n<meta property=\"og:title\" content=\"Granplus Gourmet C\u00e3es Filhotes De Porte Mini E Pequeno Ovelha E Arroz 10,1Kg - Agropecu\u00e1ria Fenix\" \/>\n<meta property=\"og:description\" content=\"Descri\u00e7\u00e3o &#8211; Indicado para c\u00e3es filhotes de porte mini; &#8211; Feito com ingredientes nobres e prote\u00edna de alta qualidade; &#8211; Proporcionam uma experi\u00eancia de sabor para satisfazer os c\u00e3es com paladares exigentes, enquanto os nutre; &#8211; Conservado com antioxidantes naturais; &#8211; Possui mini part\u00edcula adaptada para c\u00e3es de pequeno porte; &#8211; Contribui para sa\u00fade da pele e do pelo; &#8211; Enriquecido com vitaminas, minerais e \u00f4megas; &#8211; Contribui para o \u00f3timo funcionamento do organismo, com fonte rica em \u00f4mega 3 (EPA &amp; DHA); &#8211; Auxilia na Sa\u00fade intestinal com fibras, prebi\u00f3tico MOS e com extrato de yucca; &#8211; Auxilia no controle de odores; &#8211; Sem Transg\u00eanicos, aromas e corrantes artificiais; &#8211; Dispon\u00edvel em embalagem com 10,1kg.\" \/>\n<meta property=\"og:url\" content=\"https:\/\/agropecuariafenix.com.br\/index.php\/produto\/granplus-gourmet-caes-filhotes-de-porte-mini-e-pequeno-ovelha-e-arroz-101kg\/\" \/>\n<meta property=\"og:site_name\" content=\"Agropecu\u00e1ria Fenix\" \/>\n<meta property=\"article:publisher\" content=\"https:\/\/web.facebook.com\/agropecuariafenixjau\" \/>\n<meta property=\"article:modified_time\" content=\"2025-10-28T20:26:12+00:00\" \/>\n<meta property=\"og:image\" content=\"https:\/\/agropecuariafenix.com.br\/wp-content\/uploads\/2025\/01\/Granplus-Gourmet-Ces-Filhotes-De-Porte-Mini-E-Pequeno-Ovelha-E-Arroz-101Kg-2041667106.jpg\" \/>\n\t<meta property=\"og:image:width\" content=\"1000\" \/>\n\t<meta property=\"og:image:height\" content=\"1000\" \/>\n\t<meta property=\"og:image:type\" content=\"image\/jpeg\" \/>\n<meta name=\"twitter:card\" content=\"summary_large_image\" \/>\n<meta name=\"twitter:label1\" content=\"Est. tempo de leitura\" \/>\n\t<meta name=\"twitter:data1\" content=\"2 minutos\" \/>\n<script type=\"application\/ld+json\" class=\"yoast-schema-graph\">{\"@context\":\"https:\\\/\\\/schema.org\",\"@graph\":[{\"@type\":\"WebPage\",\"@id\":\"https:\\\/\\\/agropecuariafenix.com.br\\\/index.php\\\/produto\\\/granplus-gourmet-caes-filhotes-de-porte-mini-e-pequeno-ovelha-e-arroz-101kg\\\/\",\"url\":\"https:\\\/\\\/agropecuariafenix.com.br\\\/index.php\\\/produto\\\/granplus-gourmet-caes-filhotes-de-porte-mini-e-pequeno-ovelha-e-arroz-101kg\\\/\",\"name\":\"Granplus Gourmet C\u00e3es Filhotes De Porte Mini E Pequeno Ovelha E Arroz 10,1Kg - Agropecu\u00e1ria Fenix\",\"isPartOf\":{\"@id\":\"https:\\\/\\\/agropecuariafenix.com.br\\\/#website\"},\"primaryImageOfPage\":{\"@id\":\"https:\\\/\\\/agropecuariafenix.com.br\\\/index.php\\\/produto\\\/granplus-gourmet-caes-filhotes-de-porte-mini-e-pequeno-ovelha-e-arroz-101kg\\\/#primaryimage\"},\"image\":{\"@id\":\"https:\\\/\\\/agropecuariafenix.com.br\\\/index.php\\\/produto\\\/granplus-gourmet-caes-filhotes-de-porte-mini-e-pequeno-ovelha-e-arroz-101kg\\\/#primaryimage\"},\"thumbnailUrl\":\"https:\\\/\\\/agropecuariafenix.com.br\\\/wp-content\\\/uploads\\\/2025\\\/01\\\/Granplus-Gourmet-Ces-Filhotes-De-Porte-Mini-E-Pequeno-Ovelha-E-Arroz-101Kg-2041667106.jpg\",\"datePublished\":\"2025-01-02T23:28:08+00:00\",\"dateModified\":\"2025-10-28T20:26:12+00:00\",\"breadcrumb\":{\"@id\":\"https:\\\/\\\/agropecuariafenix.com.br\\\/index.php\\\/produto\\\/granplus-gourmet-caes-filhotes-de-porte-mini-e-pequeno-ovelha-e-arroz-101kg\\\/#breadcrumb\"},\"inLanguage\":\"pt-BR\",\"potentialAction\":[{\"@type\":\"ReadAction\",\"target\":[\"https:\\\/\\\/agropecuariafenix.com.br\\\/index.php\\\/produto\\\/granplus-gourmet-caes-filhotes-de-porte-mini-e-pequeno-ovelha-e-arroz-101kg\\\/\"]}]},{\"@type\":\"ImageObject\",\"inLanguage\":\"pt-BR\",\"@id\":\"https:\\\/\\\/agropecuariafenix.com.br\\\/index.php\\\/produto\\\/granplus-gourmet-caes-filhotes-de-porte-mini-e-pequeno-ovelha-e-arroz-101kg\\\/#primaryimage\",\"url\":\"https:\\\/\\\/agropecuariafenix.com.br\\\/wp-content\\\/uploads\\\/2025\\\/01\\\/Granplus-Gourmet-Ces-Filhotes-De-Porte-Mini-E-Pequeno-Ovelha-E-Arroz-101Kg-2041667106.jpg\",\"contentUrl\":\"https:\\\/\\\/agropecuariafenix.com.br\\\/wp-content\\\/uploads\\\/2025\\\/01\\\/Granplus-Gourmet-Ces-Filhotes-De-Porte-Mini-E-Pequeno-Ovelha-E-Arroz-101Kg-2041667106.jpg\",\"width\":1000,\"height\":1000,\"caption\":\"Granplus Gourmet C\u00e3es Filhotes De Porte Mini E Pequeno Ovelha E Arroz 10,1Kg\"},{\"@type\":\"BreadcrumbList\",\"@id\":\"https:\\\/\\\/agropecuariafenix.com.br\\\/index.php\\\/produto\\\/granplus-gourmet-caes-filhotes-de-porte-mini-e-pequeno-ovelha-e-arroz-101kg\\\/#breadcrumb\",\"itemListElement\":[{\"@type\":\"ListItem\",\"position\":1,\"name\":\"In\u00edcio\",\"item\":\"https:\\\/\\\/agropecuariafenix.com.br\\\/\"},{\"@type\":\"ListItem\",\"position\":2,\"name\":\"Todos os produtos\",\"item\":\"https:\\\/\\\/agropecuariafenix.com.br\\\/index.php\\\/loja\\\/\"},{\"@type\":\"ListItem\",\"position\":3,\"name\":\"Granplus Gourmet C\u00e3es Filhotes De Porte Mini E Pequeno Ovelha E Arroz 10,1Kg\"}]},{\"@type\":\"WebSite\",\"@id\":\"https:\\\/\\\/agropecuariafenix.com.br\\\/#website\",\"url\":\"https:\\\/\\\/agropecuariafenix.com.br\\\/\",\"name\":\"Agropecu\u00e1ria Fenix\",\"description\":\"Agropecu\u00e1ria F\u00eanix Pet - Ra\u00e7\u00f5es \\\/ Medicamentos Pet \\\/ Cl\u00ednica Veterin\u00e1ria \\\/ Banho e Tosa \\\/ Cachorro \\\/\u00a0Gato\u00a0\\\/\u00a0P\u00e1ssaros\",\"publisher\":{\"@id\":\"https:\\\/\\\/agropecuariafenix.com.br\\\/#organization\"},\"alternateName\":\"Agropecu\u00e1ria Fenix\",\"potentialAction\":[{\"@type\":\"SearchAction\",\"target\":{\"@type\":\"EntryPoint\",\"urlTemplate\":\"https:\\\/\\\/agropecuariafenix.com.br\\\/?s={search_term_string}\"},\"query-input\":{\"@type\":\"PropertyValueSpecification\",\"valueRequired\":true,\"valueName\":\"search_term_string\"}}],\"inLanguage\":\"pt-BR\"},{\"@type\":\"Organization\",\"@id\":\"https:\\\/\\\/agropecuariafenix.com.br\\\/#organization\",\"name\":\"Agropecu\u00e1ria Fenix\",\"alternateName\":\"Agropecu\u00e1ria Fenix\",\"url\":\"https:\\\/\\\/agropecuariafenix.com.br\\\/\",\"logo\":{\"@type\":\"ImageObject\",\"inLanguage\":\"pt-BR\",\"@id\":\"https:\\\/\\\/agropecuariafenix.com.br\\\/#\\\/schema\\\/logo\\\/image\\\/\",\"url\":\"https:\\\/\\\/agropecuariafenix.com.br\\\/wp-content\\\/uploads\\\/2023\\\/08\\\/logo_fenix3-Copy.png\",\"contentUrl\":\"https:\\\/\\\/agropecuariafenix.com.br\\\/wp-content\\\/uploads\\\/2023\\\/08\\\/logo_fenix3-Copy.png\",\"width\":500,\"height\":500,\"caption\":\"Agropecu\u00e1ria Fenix\"},\"image\":{\"@id\":\"https:\\\/\\\/agropecuariafenix.com.br\\\/#\\\/schema\\\/logo\\\/image\\\/\"},\"sameAs\":[\"https:\\\/\\\/web.facebook.com\\\/agropecuariafenixjau\",\"https:\\\/\\\/www.instagram.com\\\/agropecuaria_fenix_jau\\\/\"]}]}<\/script>\n<!-- \/ Yoast SEO plugin. -->","yoast_head_json":{"title":"Granplus Gourmet C\u00e3es Filhotes De Porte Mini E Pequeno Ovelha E Arroz 10,1Kg - Agropecu\u00e1ria Fenix","robots":{"index":"index","follow":"follow","max-snippet":"max-snippet:-1","max-image-preview":"max-image-preview:large","max-video-preview":"max-video-preview:-1"},"canonical":"https:\/\/agropecuariafenix.com.br\/index.php\/produto\/granplus-gourmet-caes-filhotes-de-porte-mini-e-pequeno-ovelha-e-arroz-101kg\/","og_locale":"pt_BR","og_type":"article","og_title":"Granplus Gourmet C\u00e3es Filhotes De Porte Mini E Pequeno Ovelha E Arroz 10,1Kg - Agropecu\u00e1ria Fenix","og_description":"Descri\u00e7\u00e3o &#8211; Indicado para c\u00e3es filhotes de porte mini; &#8211; Feito com ingredientes nobres e prote\u00edna de alta qualidade; &#8211; Proporcionam uma experi\u00eancia de sabor para satisfazer os c\u00e3es com paladares exigentes, enquanto os nutre; &#8211; Conservado com antioxidantes naturais; &#8211; Possui mini part\u00edcula adaptada para c\u00e3es de pequeno porte; &#8211; Contribui para sa\u00fade da pele e do pelo; &#8211; Enriquecido com vitaminas, minerais e \u00f4megas; &#8211; Contribui para o \u00f3timo funcionamento do organismo, com fonte rica em \u00f4mega 3 (EPA &amp; DHA); &#8211; Auxilia na Sa\u00fade intestinal com fibras, prebi\u00f3tico MOS e com extrato de yucca; &#8211; Auxilia no controle de odores; &#8211; Sem Transg\u00eanicos, aromas e corrantes artificiais; &#8211; Dispon\u00edvel em embalagem com 10,1kg.","og_url":"https:\/\/agropecuariafenix.com.br\/index.php\/produto\/granplus-gourmet-caes-filhotes-de-porte-mini-e-pequeno-ovelha-e-arroz-101kg\/","og_site_name":"Agropecu\u00e1ria Fenix","article_publisher":"https:\/\/web.facebook.com\/agropecuariafenixjau","article_modified_time":"2025-10-28T20:26:12+00:00","og_image":[{"width":1000,"height":1000,"url":"https:\/\/agropecuariafenix.com.br\/wp-content\/uploads\/2025\/01\/Granplus-Gourmet-Ces-Filhotes-De-Porte-Mini-E-Pequeno-Ovelha-E-Arroz-101Kg-2041667106.jpg","type":"image\/jpeg"}],"twitter_card":"summary_large_image","twitter_misc":{"Est. tempo de leitura":"2 minutos"},"schema":{"@context":"https:\/\/schema.org","@graph":[{"@type":"WebPage","@id":"https:\/\/agropecuariafenix.com.br\/index.php\/produto\/granplus-gourmet-caes-filhotes-de-porte-mini-e-pequeno-ovelha-e-arroz-101kg\/","url":"https:\/\/agropecuariafenix.com.br\/index.php\/produto\/granplus-gourmet-caes-filhotes-de-porte-mini-e-pequeno-ovelha-e-arroz-101kg\/","name":"Granplus Gourmet C\u00e3es Filhotes De Porte Mini E Pequeno Ovelha E Arroz 10,1Kg - Agropecu\u00e1ria Fenix","isPartOf":{"@id":"https:\/\/agropecuariafenix.com.br\/#website"},"primaryImageOfPage":{"@id":"https:\/\/agropecuariafenix.com.br\/index.php\/produto\/granplus-gourmet-caes-filhotes-de-porte-mini-e-pequeno-ovelha-e-arroz-101kg\/#primaryimage"},"image":{"@id":"https:\/\/agropecuariafenix.com.br\/index.php\/produto\/granplus-gourmet-caes-filhotes-de-porte-mini-e-pequeno-ovelha-e-arroz-101kg\/#primaryimage"},"thumbnailUrl":"https:\/\/agropecuariafenix.com.br\/wp-content\/uploads\/2025\/01\/Granplus-Gourmet-Ces-Filhotes-De-Porte-Mini-E-Pequeno-Ovelha-E-Arroz-101Kg-2041667106.jpg","datePublished":"2025-01-02T23:28:08+00:00","dateModified":"2025-10-28T20:26:12+00:00","breadcrumb":{"@id":"https:\/\/agropecuariafenix.com.br\/index.php\/produto\/granplus-gourmet-caes-filhotes-de-porte-mini-e-pequeno-ovelha-e-arroz-101kg\/#breadcrumb"},"inLanguage":"pt-BR","potentialAction":[{"@type":"ReadAction","target":["https:\/\/agropecuariafenix.com.br\/index.php\/produto\/granplus-gourmet-caes-filhotes-de-porte-mini-e-pequeno-ovelha-e-arroz-101kg\/"]}]},{"@type":"ImageObject","inLanguage":"pt-BR","@id":"https:\/\/agropecuariafenix.com.br\/index.php\/produto\/granplus-gourmet-caes-filhotes-de-porte-mini-e-pequeno-ovelha-e-arroz-101kg\/#primaryimage","url":"https:\/\/agropecuariafenix.com.br\/wp-content\/uploads\/2025\/01\/Granplus-Gourmet-Ces-Filhotes-De-Porte-Mini-E-Pequeno-Ovelha-E-Arroz-101Kg-2041667106.jpg","contentUrl":"https:\/\/agropecuariafenix.com.br\/wp-content\/uploads\/2025\/01\/Granplus-Gourmet-Ces-Filhotes-De-Porte-Mini-E-Pequeno-Ovelha-E-Arroz-101Kg-2041667106.jpg","width":1000,"height":1000,"caption":"Granplus Gourmet C\u00e3es Filhotes De Porte Mini E Pequeno Ovelha E Arroz 10,1Kg"},{"@type":"BreadcrumbList","@id":"https:\/\/agropecuariafenix.com.br\/index.php\/produto\/granplus-gourmet-caes-filhotes-de-porte-mini-e-pequeno-ovelha-e-arroz-101kg\/#breadcrumb","itemListElement":[{"@type":"ListItem","position":1,"name":"In\u00edcio","item":"https:\/\/agropecuariafenix.com.br\/"},{"@type":"ListItem","position":2,"name":"Todos os produtos","item":"https:\/\/agropecuariafenix.com.br\/index.php\/loja\/"},{"@type":"ListItem","position":3,"name":"Granplus Gourmet C\u00e3es Filhotes De Porte Mini E Pequeno Ovelha E Arroz 10,1Kg"}]},{"@type":"WebSite","@id":"https:\/\/agropecuariafenix.com.br\/#website","url":"https:\/\/agropecuariafenix.com.br\/","name":"Agropecu\u00e1ria Fenix","description":"Agropecu\u00e1ria F\u00eanix Pet - Ra\u00e7\u00f5es \/ Medicamentos Pet \/ Cl\u00ednica Veterin\u00e1ria \/ Banho e Tosa \/ Cachorro \/\u00a0Gato\u00a0\/\u00a0P\u00e1ssaros","publisher":{"@id":"https:\/\/agropecuariafenix.com.br\/#organization"},"alternateName":"Agropecu\u00e1ria Fenix","potentialAction":[{"@type":"SearchAction","target":{"@type":"EntryPoint","urlTemplate":"https:\/\/agropecuariafenix.com.br\/?s={search_term_string}"},"query-input":{"@type":"PropertyValueSpecification","valueRequired":true,"valueName":"search_term_string"}}],"inLanguage":"pt-BR"},{"@type":"Organization","@id":"https:\/\/agropecuariafenix.com.br\/#organization","name":"Agropecu\u00e1ria Fenix","alternateName":"Agropecu\u00e1ria Fenix","url":"https:\/\/agropecuariafenix.com.br\/","logo":{"@type":"ImageObject","inLanguage":"pt-BR","@id":"https:\/\/agropecuariafenix.com.br\/#\/schema\/logo\/image\/","url":"https:\/\/agropecuariafenix.com.br\/wp-content\/uploads\/2023\/08\/logo_fenix3-Copy.png","contentUrl":"https:\/\/agropecuariafenix.com.br\/wp-content\/uploads\/2023\/08\/logo_fenix3-Copy.png","width":500,"height":500,"caption":"Agropecu\u00e1ria Fenix"},"image":{"@id":"https:\/\/agropecuariafenix.com.br\/#\/schema\/logo\/image\/"},"sameAs":["https:\/\/web.facebook.com\/agropecuariafenixjau","https:\/\/www.instagram.com\/agropecuaria_fenix_jau\/"]}]}},"_links":{"self":[{"href":"https:\/\/agropecuariafenix.com.br\/index.php\/wp-json\/wp\/v2\/product\/27085","targetHints":{"allow":["GET"]}}],"collection":[{"href":"https:\/\/agropecuariafenix.com.br\/index.php\/wp-json\/wp\/v2\/product"}],"about":[{"href":"https:\/\/agropecuariafenix.com.br\/index.php\/wp-json\/wp\/v2\/types\/product"}],"replies":[{"embeddable":true,"href":"https:\/\/agropecuariafenix.com.br\/index.php\/wp-json\/wp\/v2\/comments?post=27085"}],"version-history":[{"count":1,"href":"https:\/\/agropecuariafenix.com.br\/index.php\/wp-json\/wp\/v2\/product\/27085\/revisions"}],"predecessor-version":[{"id":28589,"href":"https:\/\/agropecuariafenix.com.br\/index.php\/wp-json\/wp\/v2\/product\/27085\/revisions\/28589"}],"wp:featuredmedia":[{"embeddable":true,"href":"https:\/\/agropecuariafenix.com.br\/index.php\/wp-json\/wp\/v2\/media\/27084"}],"wp:attachment":[{"href":"https:\/\/agropecuariafenix.com.br\/index.php\/wp-json\/wp\/v2\/media?parent=27085"}],"wp:term":[{"taxonomy":"product_brand","embeddable":true,"href":"https:\/\/agropecuariafenix.com.br\/index.php\/wp-json\/wp\/v2\/product_brand?post=27085"},{"taxonomy":"product_cat","embeddable":true,"href":"https:\/\/agropecuariafenix.com.br\/index.php\/wp-json\/wp\/v2\/product_cat?post=27085"},{"taxonomy":"product_tag","embeddable":true,"href":"https:\/\/agropecuariafenix.com.br\/index.php\/wp-json\/wp\/v2\/product_tag?post=27085"}],"curies":[{"name":"wp","href":"https:\/\/api.w.org\/{rel}","templated":true}]}}