{"id":27075,"date":"2025-01-02T19:43:38","date_gmt":"2025-01-02T22:43:38","guid":{"rendered":"https:\/\/agropecuariafenix.com.br\/index.php\/produto\/granplus-gourmet-gatos-adultos-castrados-salmao-e-frango-individual-101kg\/"},"modified":"2025-10-28T12:02:53","modified_gmt":"2025-10-28T15:02:53","slug":"granplus-gourmet-gatos-adultos-castrados-salmao-e-frango-individual-101kg","status":"publish","type":"product","link":"https:\/\/agropecuariafenix.com.br\/index.php\/produto\/granplus-gourmet-gatos-adultos-castrados-salmao-e-frango-individual-101kg\/","title":{"rendered":"Granplus Gourmet Gatos Adultos Castrados Salm\u00e3o E Frango Individual 10,1Kg"},"content":{"rendered":"<p>Informa\u00e7\u00f5es Nutricionais<\/p>\n<p>Vitamina A 14.000UI, Vitamina D3 406UI, Vitamina E 55UI, Vitamina K3 0,1mg, Vitamina C 17mg, Vitamina B1 8mg, Vitamina B2 4,6mg, Vitamina B6 3,6mg, Vitamina B12 26\u03bcg, Pantotenato de C\u00e1lcio 8,4mg, \u00c1cido F\u00f3lico 1,1mg, \u00c1cido Nicot\u00ednico 46,4mg, Biotina 0,1mg, Colina 1.300mg, Zinco 75mg, Ferro 80mg, Mangan\u00eas 10mg, Iodo 1,8mg, Sel\u00eanio 0,3mg, Cobre 10mg.<\/p>\n<p>N\u00edveis de Garantia<\/p>\n<p>Prote\u00edna Bruta (m\u00edn.) 360g\/kg (36%) Extrato Et\u00e9reo (m\u00edn.) 90g\/kg (9%) Umidade (m\u00e1x.) 100g\/kg (10%) Mat\u00e9ria Fibrosa (m\u00e1x.) 40g\/kg (4%) Mat\u00e9ria Mineral (m\u00e1x.) 82g\/kg (8,20%) C\u00e1lcio (m\u00e1x.) 16,5g\/kg (1,65%) C\u00e1lcio (m\u00edn.) 8.000mg\/kg (0,80%) F\u00f3sforo (m\u00edn.) 7.000mg\/kg (0,70%) S\u00f3dio (m\u00edn.) 3.000mg\/kg Pot\u00e1ssio (m\u00edn.) 5.300mg\/kg Carnitina (m\u00edn.) 100mg\/kg Taurina (m\u00edn.) 1.200mg\/kg Lisina (m\u00edn.) 15g\/kg Metionina (m\u00edn.) 7.000mg\/kg \u00d4mega 6 (m\u00edn.) 15g\/kg \u00d4mega 3 (m\u00edn.) 1.600mg\/kg EPA + DHA (m\u00edn.) 200mg\/kg Mananoligossacar\u00eddeos (m\u00edn.) 100mg\/kg Energia Metaboliz\u00e1vel (NRC 2006, m\u00edn.) 3.600kcal\/kg<\/p>\n<p>Composi\u00e7\u00e3o<\/p>\n<p>Carne Mecanicamente Separada de Frango, F\u00edgado de Frango, Farinha de Peixe Salm\u00e3o, Farinha de V\u00edsceras de Aves, Farinha de Torresmo, Quirera de Arroz, Gr\u00e3o de Sorgo, Gl\u00faten de Trigo, \u00d3leo de V\u00edsceras de Aves, Levedura Seca de Cervejaria, \u00d3leo de Peixe Refinado, \u00d3leo de Linha\u00e7a, Polpa de Beterraba, Fibra de Cana-de-A\u00e7\u00facar, Casca de Aveia Mo\u00edda, Farelo de Trigo, Cloreto de S\u00f3dio (Sal Comum), Carbonato de C\u00e1lcio, Cloreto de Pot\u00e1ssio, L-Carnitina, Taurina, L-Lisina, DL-Metionina, Hidrolisado de F\u00edgado Ave e Su\u00edno, Aditivo Prebi\u00f3tico (Parede Celular de Levedura Fonte de Mananoligossacar\u00eddeos), Antioxidantes Naturais (Extrato de Alecrim e Concentrado de Tocofer\u00f3is), Propionato de C\u00e1lcio, Sorbato de Pot\u00e1ssio, \u00c1cido Fosf\u00f3rico, Aditivo Adsorvente (Parede Celular de Levedura e Bentonita), Vitaminas (A, D3, E, K3, C, B1, B2, B6, B12, Pantotenato de C\u00e1lcio, \u00c1cido F\u00f3lico, \u00c1cido Nicot\u00ednico, Biotina, Cloreto de Colina), Minerais (Sulfato de Zinco, Sulfato de Ferro, Sulfato de Mangan\u00eas, Iodato de C\u00e1lcio), Minerais Quelatados (Proteinato de Mangan\u00eas, Levedura Enriquecida com Sel\u00eanio, Proteinato de Zinco, Proteinato de Cobre)<\/p>\n<p>C\u00f3digo de barras   7896048917010<\/p>\n","protected":false},"excerpt":{"rendered":"<p>Descri\u00e7\u00e3o<\/p>\n<p>&#8211; Indicada para gatos;<br \/>\n&#8211; Feito com ingredientes nobres e prote\u00edna de alta qualidade;<br \/>\n&#8211; Proporciona uma experi\u00eancia de sabor para satisfazer os felinos com paladares exigentes;<br \/>\n&#8211; Conservada com antioxidantes naturais;<br \/>\n&#8211; Sem transg\u00eanicos, aromas e corantes artificiais;<br \/>\n&#8211; Contribui para a sa\u00fade do trato urin\u00e1rio;<br \/>\n&#8211; Auxilia no controle de peso: com carnitina e teores reduzidos de calorias e gorduras;<br \/>\n&#8211; Contribui para a sa\u00fade da pele, pelo, vis\u00e3o e cora\u00e7\u00e3o;<br \/>\n&#8211; Com amino\u00e1cidos essenciais para favorecer a sa\u00fade da pele e pelo;<br \/>\n&#8211; Rica em taurina para o adequado funcionamento do cora\u00e7\u00e3o e vis\u00e3o,<br \/>\n&#8211; Dispon\u00edvel em embalagens de 1 kg, 3 kg, 10,1 kg e *10\/1kg pacotes individuais de 1kg.<\/p>\n","protected":false},"featured_media":27074,"comment_status":"open","ping_status":"closed","template":"","meta":[],"product_brand":[],"product_cat":[1705,1715],"product_tag":[1119,403,76,1050,231,90,463,1704,209,956,909,943,239,274],"class_list":{"0":"post-27075","1":"product","2":"type-product","3":"status-publish","4":"has-post-thumbnail","6":"product_cat-gato","7":"product_cat-racao-gatos","8":"product_tag-101kg-2","9":"product_tag-101kg","10":"product_tag-adultos","11":"product_tag-castrado","12":"product_tag-castrados","13":"product_tag-frango","14":"product_tag-frango-e-salmao","15":"product_tag-gato","16":"product_tag-gatos","17":"product_tag-gourmet","18":"product_tag-granplus","19":"product_tag-individual","20":"product_tag-salmao","21":"product_tag-salmao-2","23":"first","24":"outofstock","25":"shipping-taxable","26":"purchasable","27":"product-type-simple"},"yoast_head":"<!-- This site is optimized with the Yoast SEO plugin v27.6 - https:\/\/yoast.com\/product\/yoast-seo-wordpress\/ -->\n<title>Granplus Gourmet Gatos Adultos Castrados Salm\u00e3o E Frango Individual 10,1Kg - Agropecu\u00e1ria Fenix<\/title>\n<meta name=\"robots\" content=\"index, follow, max-snippet:-1, max-image-preview:large, max-video-preview:-1\" \/>\n<link rel=\"canonical\" href=\"https:\/\/agropecuariafenix.com.br\/index.php\/produto\/granplus-gourmet-gatos-adultos-castrados-salmao-e-frango-individual-101kg\/\" \/>\n<meta property=\"og:locale\" content=\"pt_BR\" \/>\n<meta property=\"og:type\" content=\"article\" \/>\n<meta property=\"og:title\" content=\"Granplus Gourmet Gatos Adultos Castrados Salm\u00e3o E Frango Individual 10,1Kg - Agropecu\u00e1ria Fenix\" \/>\n<meta property=\"og:description\" content=\"Descri\u00e7\u00e3o &#8211; Indicada para gatos; &#8211; Feito com ingredientes nobres e prote\u00edna de alta qualidade; &#8211; Proporciona uma experi\u00eancia de sabor para satisfazer os felinos com paladares exigentes; &#8211; Conservada com antioxidantes naturais; &#8211; Sem transg\u00eanicos, aromas e corantes artificiais; &#8211; Contribui para a sa\u00fade do trato urin\u00e1rio; &#8211; Auxilia no controle de peso: com carnitina e teores reduzidos de calorias e gorduras; &#8211; Contribui para a sa\u00fade da pele, pelo, vis\u00e3o e cora\u00e7\u00e3o; &#8211; Com amino\u00e1cidos essenciais para favorecer a sa\u00fade da pele e pelo; &#8211; Rica em taurina para o adequado funcionamento do cora\u00e7\u00e3o e vis\u00e3o, &#8211; Dispon\u00edvel em embalagens de 1 kg, 3 kg, 10,1 kg e *10\/1kg pacotes individuais de 1kg.\" \/>\n<meta property=\"og:url\" content=\"https:\/\/agropecuariafenix.com.br\/index.php\/produto\/granplus-gourmet-gatos-adultos-castrados-salmao-e-frango-individual-101kg\/\" \/>\n<meta property=\"og:site_name\" content=\"Agropecu\u00e1ria Fenix\" \/>\n<meta property=\"article:publisher\" content=\"https:\/\/web.facebook.com\/agropecuariafenixjau\" \/>\n<meta property=\"article:modified_time\" content=\"2025-10-28T15:02:53+00:00\" \/>\n<meta property=\"og:image\" content=\"https:\/\/agropecuariafenix.com.br\/wp-content\/uploads\/2025\/01\/Granplus-Gourmet-Gatos-Adultos-Castrados-Salmo-E-Frango-Individual-101Kg-108940710.jpg\" \/>\n\t<meta property=\"og:image:width\" content=\"1000\" \/>\n\t<meta property=\"og:image:height\" content=\"1000\" \/>\n\t<meta property=\"og:image:type\" content=\"image\/jpeg\" \/>\n<meta name=\"twitter:card\" content=\"summary_large_image\" \/>\n<meta name=\"twitter:label1\" content=\"Est. tempo de leitura\" \/>\n\t<meta name=\"twitter:data1\" content=\"2 minutos\" \/>\n<script type=\"application\/ld+json\" class=\"yoast-schema-graph\">{\"@context\":\"https:\\\/\\\/schema.org\",\"@graph\":[{\"@type\":\"WebPage\",\"@id\":\"https:\\\/\\\/agropecuariafenix.com.br\\\/index.php\\\/produto\\\/granplus-gourmet-gatos-adultos-castrados-salmao-e-frango-individual-101kg\\\/\",\"url\":\"https:\\\/\\\/agropecuariafenix.com.br\\\/index.php\\\/produto\\\/granplus-gourmet-gatos-adultos-castrados-salmao-e-frango-individual-101kg\\\/\",\"name\":\"Granplus Gourmet Gatos Adultos Castrados Salm\u00e3o E Frango Individual 10,1Kg - Agropecu\u00e1ria Fenix\",\"isPartOf\":{\"@id\":\"https:\\\/\\\/agropecuariafenix.com.br\\\/#website\"},\"primaryImageOfPage\":{\"@id\":\"https:\\\/\\\/agropecuariafenix.com.br\\\/index.php\\\/produto\\\/granplus-gourmet-gatos-adultos-castrados-salmao-e-frango-individual-101kg\\\/#primaryimage\"},\"image\":{\"@id\":\"https:\\\/\\\/agropecuariafenix.com.br\\\/index.php\\\/produto\\\/granplus-gourmet-gatos-adultos-castrados-salmao-e-frango-individual-101kg\\\/#primaryimage\"},\"thumbnailUrl\":\"https:\\\/\\\/agropecuariafenix.com.br\\\/wp-content\\\/uploads\\\/2025\\\/01\\\/Granplus-Gourmet-Gatos-Adultos-Castrados-Salmo-E-Frango-Individual-101Kg-108940710.jpg\",\"datePublished\":\"2025-01-02T22:43:38+00:00\",\"dateModified\":\"2025-10-28T15:02:53+00:00\",\"breadcrumb\":{\"@id\":\"https:\\\/\\\/agropecuariafenix.com.br\\\/index.php\\\/produto\\\/granplus-gourmet-gatos-adultos-castrados-salmao-e-frango-individual-101kg\\\/#breadcrumb\"},\"inLanguage\":\"pt-BR\",\"potentialAction\":[{\"@type\":\"ReadAction\",\"target\":[\"https:\\\/\\\/agropecuariafenix.com.br\\\/index.php\\\/produto\\\/granplus-gourmet-gatos-adultos-castrados-salmao-e-frango-individual-101kg\\\/\"]}]},{\"@type\":\"ImageObject\",\"inLanguage\":\"pt-BR\",\"@id\":\"https:\\\/\\\/agropecuariafenix.com.br\\\/index.php\\\/produto\\\/granplus-gourmet-gatos-adultos-castrados-salmao-e-frango-individual-101kg\\\/#primaryimage\",\"url\":\"https:\\\/\\\/agropecuariafenix.com.br\\\/wp-content\\\/uploads\\\/2025\\\/01\\\/Granplus-Gourmet-Gatos-Adultos-Castrados-Salmo-E-Frango-Individual-101Kg-108940710.jpg\",\"contentUrl\":\"https:\\\/\\\/agropecuariafenix.com.br\\\/wp-content\\\/uploads\\\/2025\\\/01\\\/Granplus-Gourmet-Gatos-Adultos-Castrados-Salmo-E-Frango-Individual-101Kg-108940710.jpg\",\"width\":1000,\"height\":1000,\"caption\":\"Granplus Gourmet Gatos Adultos Castrados Salm\u00e3o E Frango Individual 10,1Kg\"},{\"@type\":\"BreadcrumbList\",\"@id\":\"https:\\\/\\\/agropecuariafenix.com.br\\\/index.php\\\/produto\\\/granplus-gourmet-gatos-adultos-castrados-salmao-e-frango-individual-101kg\\\/#breadcrumb\",\"itemListElement\":[{\"@type\":\"ListItem\",\"position\":1,\"name\":\"In\u00edcio\",\"item\":\"https:\\\/\\\/agropecuariafenix.com.br\\\/\"},{\"@type\":\"ListItem\",\"position\":2,\"name\":\"Todos os produtos\",\"item\":\"https:\\\/\\\/agropecuariafenix.com.br\\\/index.php\\\/loja\\\/\"},{\"@type\":\"ListItem\",\"position\":3,\"name\":\"Granplus Gourmet Gatos Adultos Castrados Salm\u00e3o E Frango Individual 10,1Kg\"}]},{\"@type\":\"WebSite\",\"@id\":\"https:\\\/\\\/agropecuariafenix.com.br\\\/#website\",\"url\":\"https:\\\/\\\/agropecuariafenix.com.br\\\/\",\"name\":\"Agropecu\u00e1ria Fenix\",\"description\":\"Agropecu\u00e1ria F\u00eanix Pet - Ra\u00e7\u00f5es \\\/ Medicamentos Pet \\\/ Cl\u00ednica Veterin\u00e1ria \\\/ Banho e Tosa \\\/ Cachorro \\\/\u00a0Gato\u00a0\\\/\u00a0P\u00e1ssaros\",\"publisher\":{\"@id\":\"https:\\\/\\\/agropecuariafenix.com.br\\\/#organization\"},\"alternateName\":\"Agropecu\u00e1ria Fenix\",\"potentialAction\":[{\"@type\":\"SearchAction\",\"target\":{\"@type\":\"EntryPoint\",\"urlTemplate\":\"https:\\\/\\\/agropecuariafenix.com.br\\\/?s={search_term_string}\"},\"query-input\":{\"@type\":\"PropertyValueSpecification\",\"valueRequired\":true,\"valueName\":\"search_term_string\"}}],\"inLanguage\":\"pt-BR\"},{\"@type\":\"Organization\",\"@id\":\"https:\\\/\\\/agropecuariafenix.com.br\\\/#organization\",\"name\":\"Agropecu\u00e1ria Fenix\",\"alternateName\":\"Agropecu\u00e1ria Fenix\",\"url\":\"https:\\\/\\\/agropecuariafenix.com.br\\\/\",\"logo\":{\"@type\":\"ImageObject\",\"inLanguage\":\"pt-BR\",\"@id\":\"https:\\\/\\\/agropecuariafenix.com.br\\\/#\\\/schema\\\/logo\\\/image\\\/\",\"url\":\"https:\\\/\\\/agropecuariafenix.com.br\\\/wp-content\\\/uploads\\\/2023\\\/08\\\/logo_fenix3-Copy.png\",\"contentUrl\":\"https:\\\/\\\/agropecuariafenix.com.br\\\/wp-content\\\/uploads\\\/2023\\\/08\\\/logo_fenix3-Copy.png\",\"width\":500,\"height\":500,\"caption\":\"Agropecu\u00e1ria Fenix\"},\"image\":{\"@id\":\"https:\\\/\\\/agropecuariafenix.com.br\\\/#\\\/schema\\\/logo\\\/image\\\/\"},\"sameAs\":[\"https:\\\/\\\/web.facebook.com\\\/agropecuariafenixjau\",\"https:\\\/\\\/www.instagram.com\\\/agropecuaria_fenix_jau\\\/\"]}]}<\/script>\n<!-- \/ Yoast SEO plugin. -->","yoast_head_json":{"title":"Granplus Gourmet Gatos Adultos Castrados Salm\u00e3o E Frango Individual 10,1Kg - Agropecu\u00e1ria Fenix","robots":{"index":"index","follow":"follow","max-snippet":"max-snippet:-1","max-image-preview":"max-image-preview:large","max-video-preview":"max-video-preview:-1"},"canonical":"https:\/\/agropecuariafenix.com.br\/index.php\/produto\/granplus-gourmet-gatos-adultos-castrados-salmao-e-frango-individual-101kg\/","og_locale":"pt_BR","og_type":"article","og_title":"Granplus Gourmet Gatos Adultos Castrados Salm\u00e3o E Frango Individual 10,1Kg - Agropecu\u00e1ria Fenix","og_description":"Descri\u00e7\u00e3o &#8211; Indicada para gatos; &#8211; Feito com ingredientes nobres e prote\u00edna de alta qualidade; &#8211; Proporciona uma experi\u00eancia de sabor para satisfazer os felinos com paladares exigentes; &#8211; Conservada com antioxidantes naturais; &#8211; Sem transg\u00eanicos, aromas e corantes artificiais; &#8211; Contribui para a sa\u00fade do trato urin\u00e1rio; &#8211; Auxilia no controle de peso: com carnitina e teores reduzidos de calorias e gorduras; &#8211; Contribui para a sa\u00fade da pele, pelo, vis\u00e3o e cora\u00e7\u00e3o; &#8211; Com amino\u00e1cidos essenciais para favorecer a sa\u00fade da pele e pelo; &#8211; Rica em taurina para o adequado funcionamento do cora\u00e7\u00e3o e vis\u00e3o, &#8211; Dispon\u00edvel em embalagens de 1 kg, 3 kg, 10,1 kg e *10\/1kg pacotes individuais de 1kg.","og_url":"https:\/\/agropecuariafenix.com.br\/index.php\/produto\/granplus-gourmet-gatos-adultos-castrados-salmao-e-frango-individual-101kg\/","og_site_name":"Agropecu\u00e1ria Fenix","article_publisher":"https:\/\/web.facebook.com\/agropecuariafenixjau","article_modified_time":"2025-10-28T15:02:53+00:00","og_image":[{"width":1000,"height":1000,"url":"https:\/\/agropecuariafenix.com.br\/wp-content\/uploads\/2025\/01\/Granplus-Gourmet-Gatos-Adultos-Castrados-Salmo-E-Frango-Individual-101Kg-108940710.jpg","type":"image\/jpeg"}],"twitter_card":"summary_large_image","twitter_misc":{"Est. tempo de leitura":"2 minutos"},"schema":{"@context":"https:\/\/schema.org","@graph":[{"@type":"WebPage","@id":"https:\/\/agropecuariafenix.com.br\/index.php\/produto\/granplus-gourmet-gatos-adultos-castrados-salmao-e-frango-individual-101kg\/","url":"https:\/\/agropecuariafenix.com.br\/index.php\/produto\/granplus-gourmet-gatos-adultos-castrados-salmao-e-frango-individual-101kg\/","name":"Granplus Gourmet Gatos Adultos Castrados Salm\u00e3o E Frango Individual 10,1Kg - Agropecu\u00e1ria Fenix","isPartOf":{"@id":"https:\/\/agropecuariafenix.com.br\/#website"},"primaryImageOfPage":{"@id":"https:\/\/agropecuariafenix.com.br\/index.php\/produto\/granplus-gourmet-gatos-adultos-castrados-salmao-e-frango-individual-101kg\/#primaryimage"},"image":{"@id":"https:\/\/agropecuariafenix.com.br\/index.php\/produto\/granplus-gourmet-gatos-adultos-castrados-salmao-e-frango-individual-101kg\/#primaryimage"},"thumbnailUrl":"https:\/\/agropecuariafenix.com.br\/wp-content\/uploads\/2025\/01\/Granplus-Gourmet-Gatos-Adultos-Castrados-Salmo-E-Frango-Individual-101Kg-108940710.jpg","datePublished":"2025-01-02T22:43:38+00:00","dateModified":"2025-10-28T15:02:53+00:00","breadcrumb":{"@id":"https:\/\/agropecuariafenix.com.br\/index.php\/produto\/granplus-gourmet-gatos-adultos-castrados-salmao-e-frango-individual-101kg\/#breadcrumb"},"inLanguage":"pt-BR","potentialAction":[{"@type":"ReadAction","target":["https:\/\/agropecuariafenix.com.br\/index.php\/produto\/granplus-gourmet-gatos-adultos-castrados-salmao-e-frango-individual-101kg\/"]}]},{"@type":"ImageObject","inLanguage":"pt-BR","@id":"https:\/\/agropecuariafenix.com.br\/index.php\/produto\/granplus-gourmet-gatos-adultos-castrados-salmao-e-frango-individual-101kg\/#primaryimage","url":"https:\/\/agropecuariafenix.com.br\/wp-content\/uploads\/2025\/01\/Granplus-Gourmet-Gatos-Adultos-Castrados-Salmo-E-Frango-Individual-101Kg-108940710.jpg","contentUrl":"https:\/\/agropecuariafenix.com.br\/wp-content\/uploads\/2025\/01\/Granplus-Gourmet-Gatos-Adultos-Castrados-Salmo-E-Frango-Individual-101Kg-108940710.jpg","width":1000,"height":1000,"caption":"Granplus Gourmet Gatos Adultos Castrados Salm\u00e3o E Frango Individual 10,1Kg"},{"@type":"BreadcrumbList","@id":"https:\/\/agropecuariafenix.com.br\/index.php\/produto\/granplus-gourmet-gatos-adultos-castrados-salmao-e-frango-individual-101kg\/#breadcrumb","itemListElement":[{"@type":"ListItem","position":1,"name":"In\u00edcio","item":"https:\/\/agropecuariafenix.com.br\/"},{"@type":"ListItem","position":2,"name":"Todos os produtos","item":"https:\/\/agropecuariafenix.com.br\/index.php\/loja\/"},{"@type":"ListItem","position":3,"name":"Granplus Gourmet Gatos Adultos Castrados Salm\u00e3o E Frango Individual 10,1Kg"}]},{"@type":"WebSite","@id":"https:\/\/agropecuariafenix.com.br\/#website","url":"https:\/\/agropecuariafenix.com.br\/","name":"Agropecu\u00e1ria Fenix","description":"Agropecu\u00e1ria F\u00eanix Pet - Ra\u00e7\u00f5es \/ Medicamentos Pet \/ Cl\u00ednica Veterin\u00e1ria \/ Banho e Tosa \/ Cachorro \/\u00a0Gato\u00a0\/\u00a0P\u00e1ssaros","publisher":{"@id":"https:\/\/agropecuariafenix.com.br\/#organization"},"alternateName":"Agropecu\u00e1ria Fenix","potentialAction":[{"@type":"SearchAction","target":{"@type":"EntryPoint","urlTemplate":"https:\/\/agropecuariafenix.com.br\/?s={search_term_string}"},"query-input":{"@type":"PropertyValueSpecification","valueRequired":true,"valueName":"search_term_string"}}],"inLanguage":"pt-BR"},{"@type":"Organization","@id":"https:\/\/agropecuariafenix.com.br\/#organization","name":"Agropecu\u00e1ria Fenix","alternateName":"Agropecu\u00e1ria Fenix","url":"https:\/\/agropecuariafenix.com.br\/","logo":{"@type":"ImageObject","inLanguage":"pt-BR","@id":"https:\/\/agropecuariafenix.com.br\/#\/schema\/logo\/image\/","url":"https:\/\/agropecuariafenix.com.br\/wp-content\/uploads\/2023\/08\/logo_fenix3-Copy.png","contentUrl":"https:\/\/agropecuariafenix.com.br\/wp-content\/uploads\/2023\/08\/logo_fenix3-Copy.png","width":500,"height":500,"caption":"Agropecu\u00e1ria Fenix"},"image":{"@id":"https:\/\/agropecuariafenix.com.br\/#\/schema\/logo\/image\/"},"sameAs":["https:\/\/web.facebook.com\/agropecuariafenixjau","https:\/\/www.instagram.com\/agropecuaria_fenix_jau\/"]}]}},"_links":{"self":[{"href":"https:\/\/agropecuariafenix.com.br\/index.php\/wp-json\/wp\/v2\/product\/27075","targetHints":{"allow":["GET"]}}],"collection":[{"href":"https:\/\/agropecuariafenix.com.br\/index.php\/wp-json\/wp\/v2\/product"}],"about":[{"href":"https:\/\/agropecuariafenix.com.br\/index.php\/wp-json\/wp\/v2\/types\/product"}],"replies":[{"embeddable":true,"href":"https:\/\/agropecuariafenix.com.br\/index.php\/wp-json\/wp\/v2\/comments?post=27075"}],"version-history":[{"count":1,"href":"https:\/\/agropecuariafenix.com.br\/index.php\/wp-json\/wp\/v2\/product\/27075\/revisions"}],"predecessor-version":[{"id":27121,"href":"https:\/\/agropecuariafenix.com.br\/index.php\/wp-json\/wp\/v2\/product\/27075\/revisions\/27121"}],"wp:featuredmedia":[{"embeddable":true,"href":"https:\/\/agropecuariafenix.com.br\/index.php\/wp-json\/wp\/v2\/media\/27074"}],"wp:attachment":[{"href":"https:\/\/agropecuariafenix.com.br\/index.php\/wp-json\/wp\/v2\/media?parent=27075"}],"wp:term":[{"taxonomy":"product_brand","embeddable":true,"href":"https:\/\/agropecuariafenix.com.br\/index.php\/wp-json\/wp\/v2\/product_brand?post=27075"},{"taxonomy":"product_cat","embeddable":true,"href":"https:\/\/agropecuariafenix.com.br\/index.php\/wp-json\/wp\/v2\/product_cat?post=27075"},{"taxonomy":"product_tag","embeddable":true,"href":"https:\/\/agropecuariafenix.com.br\/index.php\/wp-json\/wp\/v2\/product_tag?post=27075"}],"curies":[{"name":"wp","href":"https:\/\/api.w.org\/{rel}","templated":true}]}}