{"id":26998,"date":"2024-12-31T12:54:44","date_gmt":"2024-12-31T15:54:44","guid":{"rendered":"https:\/\/agropecuariafenix.com.br\/index.php\/produto\/granplus-gato-senior-castrados-frango-3kg\/"},"modified":"2025-10-28T14:16:26","modified_gmt":"2025-10-28T17:16:26","slug":"granplus-gato-senior-castrados-frango-3kg","status":"publish","type":"product","link":"https:\/\/agropecuariafenix.com.br\/index.php\/produto\/granplus-gato-senior-castrados-frango-3kg\/","title":{"rendered":"Granplus Gato S\u00eanior Castrados Frango 3Kg"},"content":{"rendered":"<p>N\u00edveis de Garantia<br \/>\nProte\u00edna Bruta (m\u00edn.) 360g\/kg (36%) Extrato Et\u00e9reo (m\u00edn.) 120g\/kg (12%) Umidade (m\u00e1x.) 100g\/kg (10%) Mat\u00e9ria Fibrosa (m\u00e1x.) 30g\/kg (3%) Mat\u00e9ria Mineral (m\u00e1x.) 80g\/kg (8%) C\u00e1lcio (m\u00e1x.) 15,5g\/kg (1,55%) C\u00e1lcio (m\u00edn.) 7.500mg\/kg (0,75%) F\u00f3sforo (m\u00edn.) 6.500mg\/kg (0,65%) S\u00f3dio (m\u00edn.) 2.700mg\/kg Pot\u00e1ssio (m\u00edn.) 5.300mg\/kg Carnitina (m\u00edn.) 100mg\/kg Taurina (m\u00edn.) 1.300mg\/kg Lisina (m\u00edn.) 15g\/kg Metionina (m\u00edn.) 7.000mg\/kg \u00d4mega 6 (m\u00edn.) 18g\/kg \u00d4mega 3 (m\u00edn.) 2.100mg\/kg EPA + DHA (m\u00edn.) 200mg\/kg Mananoligossacar\u00eddeos (m\u00edn.) 100mg\/kg Glicosamina (m\u00edn.) 100mg\/kg Condroitina (m\u00edn.) 50mg\/kg Energia Metaboliz\u00e1vel (NRC 2006, m\u00edn.) 3.750kcal\/kg<br \/>\nComposi\u00e7\u00e3o<br \/>\nCarne Mecanicamente Separada de Frango, F\u00edgado de Frango, Farinha de V\u00edsceras de Aves, Farinha de Torresmo, Quirera de Arroz, Gr\u00e3o de Milho1, Gr\u00e3o de Sorgo, Feij\u00e3o Bandinha2, \u00d3leo de Aves, Farelo de Gl\u00faten de Milho-601, Levedura Seca de Cervejaria, \u00d3leo de Peixe Refinado, \u00d3leo de Linha\u00e7a, Polpa Desidratada de Beterraba, Fibra de Cana-de-A\u00e7\u00facar, Casca de Aveia Mo\u00edda, Farelo de Trigo, Cloreto de S\u00f3dio (Sal Comum), Carbonato de C\u00e1lcio, Cloreto de Pot\u00e1ssio, Sulfato de Condroitina, Sulfato de Glicosamina, L-Carnitina, Taurina, L-Lisina, DL-Metionina, Hidrolisado de F\u00edgado de Aves e Su\u00ednos, Antioxidantes (BHA, BHT), Propionato de C\u00e1lcio, Sorbato de Pot\u00e1ssio, Aditivo Prebi\u00f3tico (Parede Celular de Levedura Fonte de Mananoligossacar\u00eddeos), Aditivo Acidificante (\u00c1cido Fosf\u00f3rico), Aditivo Adsorvente (Parede Celular de Levedura e Bentonita), Vitaminas (A, D3, E, K3, B1, B2, B6, B12, Pantotenato de C\u00e1lcio, \u00c1cido F\u00f3lico, \u00c1cido Nicot\u00ednico, Biotina, Cloreto de Colina), Minerais (Sulfato de Zinco, Sulfato de Ferro, Sulfato de Mangan\u00eas, Iodato de C\u00e1lcio, Selenito de S\u00f3dio), Minerais Quelatados (Proteinato de Mangan\u00eas, Levedura Enriquecida com Sel\u00eanio, Proteinato de Zinco, Proteinato de Cobre).<br \/>\nC\u00f3digo de barras<br \/>\n7896048918468<\/p>\n","protected":false},"excerpt":{"rendered":"<p>Descri\u00e7\u00e3o<\/p>\n<p>&#8211; Indicada para gatos;<br \/>\n&#8211; \u00c9 um alimento de alta qualidade;<br \/>\nDesenvolvida para as necessidades nutricionais do gato s\u00eanior;<br \/>\nFeita com ingredientes nobres e funcionais;<br \/>\nProporciona uma experi\u00eancia irresist\u00edvel para seu gato enquanto ajuda a manter seu peso;<br \/>\nAuxilia na sa\u00fade intestinal com fibras e prebi\u00f3tico mos;<br \/>\nFavorece a mobilidade das articula\u00e7\u00f5es;<br \/>\nCom condroitina e glicosamina;<br \/>\nSem corantes e aromas artificiais;<br \/>\nDispon\u00edvel em embalagens de 3 kg e 10,1 kg.<\/p>\n","protected":false},"featured_media":27013,"comment_status":"open","ping_status":"closed","template":"","meta":[],"product_brand":[],"product_cat":[1705],"product_tag":[100,76,231,90,1704,909,147,929],"class_list":{"0":"post-26998","1":"product","2":"type-product","3":"status-publish","4":"has-post-thumbnail","6":"product_cat-gato","7":"product_tag-3kg","8":"product_tag-adultos","9":"product_tag-castrados","10":"product_tag-frango","11":"product_tag-gato","12":"product_tag-granplus","13":"product_tag-senior","14":"product_tag-senior-2","16":"first","17":"instock","18":"shipping-taxable","19":"purchasable","20":"product-type-simple"},"yoast_head":"<!-- This site is optimized with the Yoast SEO plugin v27.6 - https:\/\/yoast.com\/product\/yoast-seo-wordpress\/ -->\n<title>Granplus Gato S\u00eanior Castrados Frango 3Kg - Agropecu\u00e1ria Fenix<\/title>\n<meta name=\"robots\" content=\"index, follow, max-snippet:-1, max-image-preview:large, max-video-preview:-1\" \/>\n<link rel=\"canonical\" href=\"https:\/\/agropecuariafenix.com.br\/index.php\/produto\/granplus-gato-senior-castrados-frango-3kg\/\" \/>\n<meta property=\"og:locale\" content=\"pt_BR\" \/>\n<meta property=\"og:type\" content=\"article\" \/>\n<meta property=\"og:title\" content=\"Granplus Gato S\u00eanior Castrados Frango 3Kg - Agropecu\u00e1ria Fenix\" \/>\n<meta property=\"og:description\" content=\"Descri\u00e7\u00e3o &#8211; Indicada para gatos; &#8211; \u00c9 um alimento de alta qualidade; Desenvolvida para as necessidades nutricionais do gato s\u00eanior; Feita com ingredientes nobres e funcionais; Proporciona uma experi\u00eancia irresist\u00edvel para seu gato enquanto ajuda a manter seu peso; Auxilia na sa\u00fade intestinal com fibras e prebi\u00f3tico mos; Favorece a mobilidade das articula\u00e7\u00f5es; Com condroitina e glicosamina; Sem corantes e aromas artificiais; Dispon\u00edvel em embalagens de 3 kg e 10,1 kg.\" \/>\n<meta property=\"og:url\" content=\"https:\/\/agropecuariafenix.com.br\/index.php\/produto\/granplus-gato-senior-castrados-frango-3kg\/\" \/>\n<meta property=\"og:site_name\" content=\"Agropecu\u00e1ria Fenix\" \/>\n<meta property=\"article:publisher\" content=\"https:\/\/web.facebook.com\/agropecuariafenixjau\" \/>\n<meta property=\"article:modified_time\" content=\"2025-10-28T17:16:26+00:00\" \/>\n<meta property=\"og:image\" content=\"https:\/\/agropecuariafenix.com.br\/wp-content\/uploads\/2024\/12\/Granplus-Gato-Snior-Castrados-Frango-3Kg-184083437.jpg\" \/>\n\t<meta property=\"og:image:width\" content=\"1000\" \/>\n\t<meta property=\"og:image:height\" content=\"1000\" \/>\n\t<meta property=\"og:image:type\" content=\"image\/jpeg\" \/>\n<meta name=\"twitter:card\" content=\"summary_large_image\" \/>\n<meta name=\"twitter:label1\" content=\"Est. tempo de leitura\" \/>\n\t<meta name=\"twitter:data1\" content=\"2 minutos\" \/>\n<script type=\"application\/ld+json\" class=\"yoast-schema-graph\">{\"@context\":\"https:\\\/\\\/schema.org\",\"@graph\":[{\"@type\":\"WebPage\",\"@id\":\"https:\\\/\\\/agropecuariafenix.com.br\\\/index.php\\\/produto\\\/granplus-gato-senior-castrados-frango-3kg\\\/\",\"url\":\"https:\\\/\\\/agropecuariafenix.com.br\\\/index.php\\\/produto\\\/granplus-gato-senior-castrados-frango-3kg\\\/\",\"name\":\"Granplus Gato S\u00eanior Castrados Frango 3Kg - Agropecu\u00e1ria Fenix\",\"isPartOf\":{\"@id\":\"https:\\\/\\\/agropecuariafenix.com.br\\\/#website\"},\"primaryImageOfPage\":{\"@id\":\"https:\\\/\\\/agropecuariafenix.com.br\\\/index.php\\\/produto\\\/granplus-gato-senior-castrados-frango-3kg\\\/#primaryimage\"},\"image\":{\"@id\":\"https:\\\/\\\/agropecuariafenix.com.br\\\/index.php\\\/produto\\\/granplus-gato-senior-castrados-frango-3kg\\\/#primaryimage\"},\"thumbnailUrl\":\"https:\\\/\\\/agropecuariafenix.com.br\\\/wp-content\\\/uploads\\\/2024\\\/12\\\/Granplus-Gato-Snior-Castrados-Frango-3Kg-184083437.jpg\",\"datePublished\":\"2024-12-31T15:54:44+00:00\",\"dateModified\":\"2025-10-28T17:16:26+00:00\",\"breadcrumb\":{\"@id\":\"https:\\\/\\\/agropecuariafenix.com.br\\\/index.php\\\/produto\\\/granplus-gato-senior-castrados-frango-3kg\\\/#breadcrumb\"},\"inLanguage\":\"pt-BR\",\"potentialAction\":[{\"@type\":\"ReadAction\",\"target\":[\"https:\\\/\\\/agropecuariafenix.com.br\\\/index.php\\\/produto\\\/granplus-gato-senior-castrados-frango-3kg\\\/\"]}]},{\"@type\":\"ImageObject\",\"inLanguage\":\"pt-BR\",\"@id\":\"https:\\\/\\\/agropecuariafenix.com.br\\\/index.php\\\/produto\\\/granplus-gato-senior-castrados-frango-3kg\\\/#primaryimage\",\"url\":\"https:\\\/\\\/agropecuariafenix.com.br\\\/wp-content\\\/uploads\\\/2024\\\/12\\\/Granplus-Gato-Snior-Castrados-Frango-3Kg-184083437.jpg\",\"contentUrl\":\"https:\\\/\\\/agropecuariafenix.com.br\\\/wp-content\\\/uploads\\\/2024\\\/12\\\/Granplus-Gato-Snior-Castrados-Frango-3Kg-184083437.jpg\",\"width\":1000,\"height\":1000,\"caption\":\"Granplus Gato S\u00eanior Castrados Frango 3Kg\"},{\"@type\":\"BreadcrumbList\",\"@id\":\"https:\\\/\\\/agropecuariafenix.com.br\\\/index.php\\\/produto\\\/granplus-gato-senior-castrados-frango-3kg\\\/#breadcrumb\",\"itemListElement\":[{\"@type\":\"ListItem\",\"position\":1,\"name\":\"In\u00edcio\",\"item\":\"https:\\\/\\\/agropecuariafenix.com.br\\\/\"},{\"@type\":\"ListItem\",\"position\":2,\"name\":\"Todos os produtos\",\"item\":\"https:\\\/\\\/agropecuariafenix.com.br\\\/index.php\\\/loja\\\/\"},{\"@type\":\"ListItem\",\"position\":3,\"name\":\"Granplus Gato S\u00eanior Castrados Frango 3Kg\"}]},{\"@type\":\"WebSite\",\"@id\":\"https:\\\/\\\/agropecuariafenix.com.br\\\/#website\",\"url\":\"https:\\\/\\\/agropecuariafenix.com.br\\\/\",\"name\":\"Agropecu\u00e1ria Fenix\",\"description\":\"Agropecu\u00e1ria F\u00eanix Pet - Ra\u00e7\u00f5es \\\/ Medicamentos Pet \\\/ Cl\u00ednica Veterin\u00e1ria \\\/ Banho e Tosa \\\/ Cachorro \\\/\u00a0Gato\u00a0\\\/\u00a0P\u00e1ssaros\",\"publisher\":{\"@id\":\"https:\\\/\\\/agropecuariafenix.com.br\\\/#organization\"},\"alternateName\":\"Agropecu\u00e1ria Fenix\",\"potentialAction\":[{\"@type\":\"SearchAction\",\"target\":{\"@type\":\"EntryPoint\",\"urlTemplate\":\"https:\\\/\\\/agropecuariafenix.com.br\\\/?s={search_term_string}\"},\"query-input\":{\"@type\":\"PropertyValueSpecification\",\"valueRequired\":true,\"valueName\":\"search_term_string\"}}],\"inLanguage\":\"pt-BR\"},{\"@type\":\"Organization\",\"@id\":\"https:\\\/\\\/agropecuariafenix.com.br\\\/#organization\",\"name\":\"Agropecu\u00e1ria Fenix\",\"alternateName\":\"Agropecu\u00e1ria Fenix\",\"url\":\"https:\\\/\\\/agropecuariafenix.com.br\\\/\",\"logo\":{\"@type\":\"ImageObject\",\"inLanguage\":\"pt-BR\",\"@id\":\"https:\\\/\\\/agropecuariafenix.com.br\\\/#\\\/schema\\\/logo\\\/image\\\/\",\"url\":\"https:\\\/\\\/agropecuariafenix.com.br\\\/wp-content\\\/uploads\\\/2023\\\/08\\\/logo_fenix3-Copy.png\",\"contentUrl\":\"https:\\\/\\\/agropecuariafenix.com.br\\\/wp-content\\\/uploads\\\/2023\\\/08\\\/logo_fenix3-Copy.png\",\"width\":500,\"height\":500,\"caption\":\"Agropecu\u00e1ria Fenix\"},\"image\":{\"@id\":\"https:\\\/\\\/agropecuariafenix.com.br\\\/#\\\/schema\\\/logo\\\/image\\\/\"},\"sameAs\":[\"https:\\\/\\\/web.facebook.com\\\/agropecuariafenixjau\",\"https:\\\/\\\/www.instagram.com\\\/agropecuaria_fenix_jau\\\/\"]}]}<\/script>\n<!-- \/ Yoast SEO plugin. -->","yoast_head_json":{"title":"Granplus Gato S\u00eanior Castrados Frango 3Kg - Agropecu\u00e1ria Fenix","robots":{"index":"index","follow":"follow","max-snippet":"max-snippet:-1","max-image-preview":"max-image-preview:large","max-video-preview":"max-video-preview:-1"},"canonical":"https:\/\/agropecuariafenix.com.br\/index.php\/produto\/granplus-gato-senior-castrados-frango-3kg\/","og_locale":"pt_BR","og_type":"article","og_title":"Granplus Gato S\u00eanior Castrados Frango 3Kg - Agropecu\u00e1ria Fenix","og_description":"Descri\u00e7\u00e3o &#8211; Indicada para gatos; &#8211; \u00c9 um alimento de alta qualidade; Desenvolvida para as necessidades nutricionais do gato s\u00eanior; Feita com ingredientes nobres e funcionais; Proporciona uma experi\u00eancia irresist\u00edvel para seu gato enquanto ajuda a manter seu peso; Auxilia na sa\u00fade intestinal com fibras e prebi\u00f3tico mos; Favorece a mobilidade das articula\u00e7\u00f5es; Com condroitina e glicosamina; Sem corantes e aromas artificiais; Dispon\u00edvel em embalagens de 3 kg e 10,1 kg.","og_url":"https:\/\/agropecuariafenix.com.br\/index.php\/produto\/granplus-gato-senior-castrados-frango-3kg\/","og_site_name":"Agropecu\u00e1ria Fenix","article_publisher":"https:\/\/web.facebook.com\/agropecuariafenixjau","article_modified_time":"2025-10-28T17:16:26+00:00","og_image":[{"width":1000,"height":1000,"url":"https:\/\/agropecuariafenix.com.br\/wp-content\/uploads\/2024\/12\/Granplus-Gato-Snior-Castrados-Frango-3Kg-184083437.jpg","type":"image\/jpeg"}],"twitter_card":"summary_large_image","twitter_misc":{"Est. tempo de leitura":"2 minutos"},"schema":{"@context":"https:\/\/schema.org","@graph":[{"@type":"WebPage","@id":"https:\/\/agropecuariafenix.com.br\/index.php\/produto\/granplus-gato-senior-castrados-frango-3kg\/","url":"https:\/\/agropecuariafenix.com.br\/index.php\/produto\/granplus-gato-senior-castrados-frango-3kg\/","name":"Granplus Gato S\u00eanior Castrados Frango 3Kg - Agropecu\u00e1ria Fenix","isPartOf":{"@id":"https:\/\/agropecuariafenix.com.br\/#website"},"primaryImageOfPage":{"@id":"https:\/\/agropecuariafenix.com.br\/index.php\/produto\/granplus-gato-senior-castrados-frango-3kg\/#primaryimage"},"image":{"@id":"https:\/\/agropecuariafenix.com.br\/index.php\/produto\/granplus-gato-senior-castrados-frango-3kg\/#primaryimage"},"thumbnailUrl":"https:\/\/agropecuariafenix.com.br\/wp-content\/uploads\/2024\/12\/Granplus-Gato-Snior-Castrados-Frango-3Kg-184083437.jpg","datePublished":"2024-12-31T15:54:44+00:00","dateModified":"2025-10-28T17:16:26+00:00","breadcrumb":{"@id":"https:\/\/agropecuariafenix.com.br\/index.php\/produto\/granplus-gato-senior-castrados-frango-3kg\/#breadcrumb"},"inLanguage":"pt-BR","potentialAction":[{"@type":"ReadAction","target":["https:\/\/agropecuariafenix.com.br\/index.php\/produto\/granplus-gato-senior-castrados-frango-3kg\/"]}]},{"@type":"ImageObject","inLanguage":"pt-BR","@id":"https:\/\/agropecuariafenix.com.br\/index.php\/produto\/granplus-gato-senior-castrados-frango-3kg\/#primaryimage","url":"https:\/\/agropecuariafenix.com.br\/wp-content\/uploads\/2024\/12\/Granplus-Gato-Snior-Castrados-Frango-3Kg-184083437.jpg","contentUrl":"https:\/\/agropecuariafenix.com.br\/wp-content\/uploads\/2024\/12\/Granplus-Gato-Snior-Castrados-Frango-3Kg-184083437.jpg","width":1000,"height":1000,"caption":"Granplus Gato S\u00eanior Castrados Frango 3Kg"},{"@type":"BreadcrumbList","@id":"https:\/\/agropecuariafenix.com.br\/index.php\/produto\/granplus-gato-senior-castrados-frango-3kg\/#breadcrumb","itemListElement":[{"@type":"ListItem","position":1,"name":"In\u00edcio","item":"https:\/\/agropecuariafenix.com.br\/"},{"@type":"ListItem","position":2,"name":"Todos os produtos","item":"https:\/\/agropecuariafenix.com.br\/index.php\/loja\/"},{"@type":"ListItem","position":3,"name":"Granplus Gato S\u00eanior Castrados Frango 3Kg"}]},{"@type":"WebSite","@id":"https:\/\/agropecuariafenix.com.br\/#website","url":"https:\/\/agropecuariafenix.com.br\/","name":"Agropecu\u00e1ria Fenix","description":"Agropecu\u00e1ria F\u00eanix Pet - Ra\u00e7\u00f5es \/ Medicamentos Pet \/ Cl\u00ednica Veterin\u00e1ria \/ Banho e Tosa \/ Cachorro \/\u00a0Gato\u00a0\/\u00a0P\u00e1ssaros","publisher":{"@id":"https:\/\/agropecuariafenix.com.br\/#organization"},"alternateName":"Agropecu\u00e1ria Fenix","potentialAction":[{"@type":"SearchAction","target":{"@type":"EntryPoint","urlTemplate":"https:\/\/agropecuariafenix.com.br\/?s={search_term_string}"},"query-input":{"@type":"PropertyValueSpecification","valueRequired":true,"valueName":"search_term_string"}}],"inLanguage":"pt-BR"},{"@type":"Organization","@id":"https:\/\/agropecuariafenix.com.br\/#organization","name":"Agropecu\u00e1ria Fenix","alternateName":"Agropecu\u00e1ria Fenix","url":"https:\/\/agropecuariafenix.com.br\/","logo":{"@type":"ImageObject","inLanguage":"pt-BR","@id":"https:\/\/agropecuariafenix.com.br\/#\/schema\/logo\/image\/","url":"https:\/\/agropecuariafenix.com.br\/wp-content\/uploads\/2023\/08\/logo_fenix3-Copy.png","contentUrl":"https:\/\/agropecuariafenix.com.br\/wp-content\/uploads\/2023\/08\/logo_fenix3-Copy.png","width":500,"height":500,"caption":"Agropecu\u00e1ria Fenix"},"image":{"@id":"https:\/\/agropecuariafenix.com.br\/#\/schema\/logo\/image\/"},"sameAs":["https:\/\/web.facebook.com\/agropecuariafenixjau","https:\/\/www.instagram.com\/agropecuaria_fenix_jau\/"]}]}},"_links":{"self":[{"href":"https:\/\/agropecuariafenix.com.br\/index.php\/wp-json\/wp\/v2\/product\/26998","targetHints":{"allow":["GET"]}}],"collection":[{"href":"https:\/\/agropecuariafenix.com.br\/index.php\/wp-json\/wp\/v2\/product"}],"about":[{"href":"https:\/\/agropecuariafenix.com.br\/index.php\/wp-json\/wp\/v2\/types\/product"}],"replies":[{"embeddable":true,"href":"https:\/\/agropecuariafenix.com.br\/index.php\/wp-json\/wp\/v2\/comments?post=26998"}],"version-history":[{"count":2,"href":"https:\/\/agropecuariafenix.com.br\/index.php\/wp-json\/wp\/v2\/product\/26998\/revisions"}],"predecessor-version":[{"id":27305,"href":"https:\/\/agropecuariafenix.com.br\/index.php\/wp-json\/wp\/v2\/product\/26998\/revisions\/27305"}],"wp:featuredmedia":[{"embeddable":true,"href":"https:\/\/agropecuariafenix.com.br\/index.php\/wp-json\/wp\/v2\/media\/27013"}],"wp:attachment":[{"href":"https:\/\/agropecuariafenix.com.br\/index.php\/wp-json\/wp\/v2\/media?parent=26998"}],"wp:term":[{"taxonomy":"product_brand","embeddable":true,"href":"https:\/\/agropecuariafenix.com.br\/index.php\/wp-json\/wp\/v2\/product_brand?post=26998"},{"taxonomy":"product_cat","embeddable":true,"href":"https:\/\/agropecuariafenix.com.br\/index.php\/wp-json\/wp\/v2\/product_cat?post=26998"},{"taxonomy":"product_tag","embeddable":true,"href":"https:\/\/agropecuariafenix.com.br\/index.php\/wp-json\/wp\/v2\/product_tag?post=26998"}],"curies":[{"name":"wp","href":"https:\/\/api.w.org\/{rel}","templated":true}]}}