{"id":26996,"date":"2024-12-31T11:16:12","date_gmt":"2024-12-31T14:16:12","guid":{"rendered":"https:\/\/agropecuariafenix.com.br\/index.php\/produto\/granplus-gourmet-adultos-racas-medias-e-grandes-salmao-e-frango-101kg\/"},"modified":"2025-10-28T16:59:10","modified_gmt":"2025-10-28T19:59:10","slug":"granplus-gourmet-adultos-racas-medias-e-grandes-salmao-e-frango-101kg","status":"publish","type":"product","link":"https:\/\/agropecuariafenix.com.br\/index.php\/produto\/granplus-gourmet-adultos-racas-medias-e-grandes-salmao-e-frango-101kg\/","title":{"rendered":"Granplus Gourmet Adultos Ra\u00e7as Medias E Grandes Salm\u00e3o E Frango 10,1Kg"},"content":{"rendered":"<p>N\u00edveis de Garantia<br \/>\nProte\u00edna Bruta (m\u00edn.)  230g\/kg F\u00f3sforo (m\u00edn.) 7.000mg\/kg Extrato Et\u00e9reo (m\u00edn.) 120g\/kg Mat\u00e9ria Mineral (m\u00e1x.) 80g\/kg Umidade (m\u00e1x.) 100g\/kg Mat\u00e9ria Fibrosa (m\u00e1x.) 30g\/kg C\u00e1lcio (m\u00e1x.) 18g\/kg C\u00e1lcio (m\u00edn.) 8.000mg\/kg S\u00f3dio (m\u00edn.) 2.000mg\/kg Pot\u00e1ssio (m\u00edn.) 5.000mg\/kg Mananoligossacar\u00eddeos (m\u00edn.) 100mg\/kg EPA + DHA (m\u00edn.) 450mg\/kg Energia Metaboliz\u00e1vel (NRC 2006, m\u00edn.) 3.800kcal\/kg \u00d4mega 6 (m\u00edn.) 20g\/kg \u00d4mega 3 (m\u00edn.) 2.400mg\/kg<\/p>\n<p>Composi\u00e7\u00e3o<br \/>\nFarinha de Peixe Salm\u00e3o, Farinha de V\u00edsceras de Aves, Farinha de Torresmo, Quirera de Arroz, Gr\u00e3o de Sorgo, \u00d3leo de V\u00edsceras de Aves, \u00d3leo de Peixe Refinado, \u00d3leo de Linha\u00e7a, Polpa de Beterraba, Farelo de Trigo, Levedura Seca de Cervejaria, Cloreto de S\u00f3dio (Sal Comum), Cloreto de Pot\u00e1ssio, Sulfato de Glicosamina, Sulfato de Condroitina, Hidrolisado de F\u00edgado Ave e Su\u00edno, Aditivo Prebi\u00f3tico (Parede Celular de Levedura Fonte de Mananoligossacar\u00eddeos), Antioxidantes Naturais (Extrato de Alecrim e Concentrado de Tocofer\u00f3is), Propionato de C\u00e1lcio, Sorbato de Pot\u00e1ssio, Aditivo Adsorvente (Parede Celular de Levedura e Bentonita), Vitaminas (A, D3, E, K3, C, B1, B2, B6, B12, Pantotenato de C\u00e1lcio, \u00c1cido F\u00f3lico, \u00c1cido Nicot\u00ednico, Biotina, Cloreto de Colina), Minerais (Sulfato de Zinco, Sulfato de Ferro, Sulfato de Mangan\u00eas, Iodato de C\u00e1lcio), Minerais Quelatados (Proteinato de Mangan\u00eas, Levedura Enriquecida com Sel\u00eanio, Proteinato de Zinco, Proteinato de Cobre)<\/p>\n","protected":false},"excerpt":{"rendered":"<p>Descri\u00e7\u00e3o<\/p>\n<p>&#8211; Indicada para c\u00e3es adultos;<br \/>\n&#8211; Auxilia na sa\u00fade intestinal: com fibras e prebi\u00f3tico MOS;<br \/>\n&#8211; Articula\u00e7\u00f5es fortes: com glicosamina e condroitina, que auxiliam na manuten\u00e7\u00e3o das articula\u00e7\u00f5es;<br \/>\n&#8211; Contribui para o \u00f3timo funcionamento do organismo;<br \/>\n&#8211; Fonte rica em \u00d4mega 3 (EPA &amp; DHA);<br \/>\n&#8211; Com ingredientes de alta qualidade que garantem o m\u00e1ximo de sabor para pets;<br \/>\n&#8211; Cota com polpa de beterraba, prebi\u00f3tico MOS e Extrato de Yucca,<br \/>\n&#8211; Dispon\u00edvel em embalagem de 10,1 kg.<\/p>\n","protected":false},"featured_media":26995,"comment_status":"open","ping_status":"closed","template":"","meta":[],"product_brand":[],"product_cat":[1630,1699,1700],"product_tag":[1119,1689,403,76,90,956,159,909,1065,144,239],"class_list":{"0":"post-26996","1":"product","2":"type-product","3":"status-publish","4":"has-post-thumbnail","6":"product_cat-cao","7":"product_cat-racao","8":"product_cat-salmao-e-frango","9":"product_tag-101kg-2","10":"product_tag-100-natural","11":"product_tag-101kg","12":"product_tag-adultos","13":"product_tag-frango","14":"product_tag-gourmet","15":"product_tag-grandes","16":"product_tag-granplus","17":"product_tag-medias-2","18":"product_tag-racas","19":"product_tag-salmao","21":"first","22":"instock","23":"shipping-taxable","24":"purchasable","25":"product-type-simple"},"yoast_head":"<!-- This site is optimized with the Yoast SEO plugin v27.6 - https:\/\/yoast.com\/product\/yoast-seo-wordpress\/ -->\n<title>Granplus Gourmet Adultos Ra\u00e7as Medias E Grandes Salm\u00e3o E Frango 10,1Kg - Agropecu\u00e1ria Fenix<\/title>\n<meta name=\"robots\" content=\"index, follow, max-snippet:-1, max-image-preview:large, max-video-preview:-1\" \/>\n<link rel=\"canonical\" href=\"https:\/\/agropecuariafenix.com.br\/index.php\/produto\/granplus-gourmet-adultos-racas-medias-e-grandes-salmao-e-frango-101kg\/\" \/>\n<meta property=\"og:locale\" content=\"pt_BR\" \/>\n<meta property=\"og:type\" content=\"article\" \/>\n<meta property=\"og:title\" content=\"Granplus Gourmet Adultos Ra\u00e7as Medias E Grandes Salm\u00e3o E Frango 10,1Kg - Agropecu\u00e1ria Fenix\" \/>\n<meta property=\"og:description\" content=\"Descri\u00e7\u00e3o &#8211; Indicada para c\u00e3es adultos; &#8211; Auxilia na sa\u00fade intestinal: com fibras e prebi\u00f3tico MOS; &#8211; Articula\u00e7\u00f5es fortes: com glicosamina e condroitina, que auxiliam na manuten\u00e7\u00e3o das articula\u00e7\u00f5es; &#8211; Contribui para o \u00f3timo funcionamento do organismo; &#8211; Fonte rica em \u00d4mega 3 (EPA &amp; DHA); &#8211; Com ingredientes de alta qualidade que garantem o m\u00e1ximo de sabor para pets; &#8211; Cota com polpa de beterraba, prebi\u00f3tico MOS e Extrato de Yucca, &#8211; Dispon\u00edvel em embalagem de 10,1 kg.\" \/>\n<meta property=\"og:url\" content=\"https:\/\/agropecuariafenix.com.br\/index.php\/produto\/granplus-gourmet-adultos-racas-medias-e-grandes-salmao-e-frango-101kg\/\" \/>\n<meta property=\"og:site_name\" content=\"Agropecu\u00e1ria Fenix\" \/>\n<meta property=\"article:publisher\" content=\"https:\/\/web.facebook.com\/agropecuariafenixjau\" \/>\n<meta property=\"article:modified_time\" content=\"2025-10-28T19:59:10+00:00\" \/>\n<meta property=\"og:image\" content=\"https:\/\/agropecuariafenix.com.br\/wp-content\/uploads\/2024\/12\/Granplus-Gourmet-Adultos-Raas-Medias-E-Grandes-Salmo-E-Frango-101Kg-407665922.jpg\" \/>\n\t<meta property=\"og:image:width\" content=\"1000\" \/>\n\t<meta property=\"og:image:height\" content=\"1000\" \/>\n\t<meta property=\"og:image:type\" content=\"image\/jpeg\" \/>\n<meta name=\"twitter:card\" content=\"summary_large_image\" \/>\n<meta name=\"twitter:label1\" content=\"Est. tempo de leitura\" \/>\n\t<meta name=\"twitter:data1\" content=\"1 minuto\" \/>\n<script type=\"application\/ld+json\" class=\"yoast-schema-graph\">{\"@context\":\"https:\\\/\\\/schema.org\",\"@graph\":[{\"@type\":\"WebPage\",\"@id\":\"https:\\\/\\\/agropecuariafenix.com.br\\\/index.php\\\/produto\\\/granplus-gourmet-adultos-racas-medias-e-grandes-salmao-e-frango-101kg\\\/\",\"url\":\"https:\\\/\\\/agropecuariafenix.com.br\\\/index.php\\\/produto\\\/granplus-gourmet-adultos-racas-medias-e-grandes-salmao-e-frango-101kg\\\/\",\"name\":\"Granplus Gourmet Adultos Ra\u00e7as Medias E Grandes Salm\u00e3o E Frango 10,1Kg - Agropecu\u00e1ria Fenix\",\"isPartOf\":{\"@id\":\"https:\\\/\\\/agropecuariafenix.com.br\\\/#website\"},\"primaryImageOfPage\":{\"@id\":\"https:\\\/\\\/agropecuariafenix.com.br\\\/index.php\\\/produto\\\/granplus-gourmet-adultos-racas-medias-e-grandes-salmao-e-frango-101kg\\\/#primaryimage\"},\"image\":{\"@id\":\"https:\\\/\\\/agropecuariafenix.com.br\\\/index.php\\\/produto\\\/granplus-gourmet-adultos-racas-medias-e-grandes-salmao-e-frango-101kg\\\/#primaryimage\"},\"thumbnailUrl\":\"https:\\\/\\\/agropecuariafenix.com.br\\\/wp-content\\\/uploads\\\/2024\\\/12\\\/Granplus-Gourmet-Adultos-Raas-Medias-E-Grandes-Salmo-E-Frango-101Kg-407665922.jpg\",\"datePublished\":\"2024-12-31T14:16:12+00:00\",\"dateModified\":\"2025-10-28T19:59:10+00:00\",\"breadcrumb\":{\"@id\":\"https:\\\/\\\/agropecuariafenix.com.br\\\/index.php\\\/produto\\\/granplus-gourmet-adultos-racas-medias-e-grandes-salmao-e-frango-101kg\\\/#breadcrumb\"},\"inLanguage\":\"pt-BR\",\"potentialAction\":[{\"@type\":\"ReadAction\",\"target\":[\"https:\\\/\\\/agropecuariafenix.com.br\\\/index.php\\\/produto\\\/granplus-gourmet-adultos-racas-medias-e-grandes-salmao-e-frango-101kg\\\/\"]}]},{\"@type\":\"ImageObject\",\"inLanguage\":\"pt-BR\",\"@id\":\"https:\\\/\\\/agropecuariafenix.com.br\\\/index.php\\\/produto\\\/granplus-gourmet-adultos-racas-medias-e-grandes-salmao-e-frango-101kg\\\/#primaryimage\",\"url\":\"https:\\\/\\\/agropecuariafenix.com.br\\\/wp-content\\\/uploads\\\/2024\\\/12\\\/Granplus-Gourmet-Adultos-Raas-Medias-E-Grandes-Salmo-E-Frango-101Kg-407665922.jpg\",\"contentUrl\":\"https:\\\/\\\/agropecuariafenix.com.br\\\/wp-content\\\/uploads\\\/2024\\\/12\\\/Granplus-Gourmet-Adultos-Raas-Medias-E-Grandes-Salmo-E-Frango-101Kg-407665922.jpg\",\"width\":1000,\"height\":1000,\"caption\":\"Granplus Gourmet Adultos Ra\u00e7as Medias E Grandes Salm\u00e3o E Frango 10,1Kg\"},{\"@type\":\"BreadcrumbList\",\"@id\":\"https:\\\/\\\/agropecuariafenix.com.br\\\/index.php\\\/produto\\\/granplus-gourmet-adultos-racas-medias-e-grandes-salmao-e-frango-101kg\\\/#breadcrumb\",\"itemListElement\":[{\"@type\":\"ListItem\",\"position\":1,\"name\":\"In\u00edcio\",\"item\":\"https:\\\/\\\/agropecuariafenix.com.br\\\/\"},{\"@type\":\"ListItem\",\"position\":2,\"name\":\"Todos os produtos\",\"item\":\"https:\\\/\\\/agropecuariafenix.com.br\\\/index.php\\\/loja\\\/\"},{\"@type\":\"ListItem\",\"position\":3,\"name\":\"Granplus Gourmet Adultos Ra\u00e7as Medias E Grandes Salm\u00e3o E Frango 10,1Kg\"}]},{\"@type\":\"WebSite\",\"@id\":\"https:\\\/\\\/agropecuariafenix.com.br\\\/#website\",\"url\":\"https:\\\/\\\/agropecuariafenix.com.br\\\/\",\"name\":\"Agropecu\u00e1ria Fenix\",\"description\":\"Agropecu\u00e1ria F\u00eanix Pet - Ra\u00e7\u00f5es \\\/ Medicamentos Pet \\\/ Cl\u00ednica Veterin\u00e1ria \\\/ Banho e Tosa \\\/ Cachorro \\\/\u00a0Gato\u00a0\\\/\u00a0P\u00e1ssaros\",\"publisher\":{\"@id\":\"https:\\\/\\\/agropecuariafenix.com.br\\\/#organization\"},\"alternateName\":\"Agropecu\u00e1ria Fenix\",\"potentialAction\":[{\"@type\":\"SearchAction\",\"target\":{\"@type\":\"EntryPoint\",\"urlTemplate\":\"https:\\\/\\\/agropecuariafenix.com.br\\\/?s={search_term_string}\"},\"query-input\":{\"@type\":\"PropertyValueSpecification\",\"valueRequired\":true,\"valueName\":\"search_term_string\"}}],\"inLanguage\":\"pt-BR\"},{\"@type\":\"Organization\",\"@id\":\"https:\\\/\\\/agropecuariafenix.com.br\\\/#organization\",\"name\":\"Agropecu\u00e1ria Fenix\",\"alternateName\":\"Agropecu\u00e1ria Fenix\",\"url\":\"https:\\\/\\\/agropecuariafenix.com.br\\\/\",\"logo\":{\"@type\":\"ImageObject\",\"inLanguage\":\"pt-BR\",\"@id\":\"https:\\\/\\\/agropecuariafenix.com.br\\\/#\\\/schema\\\/logo\\\/image\\\/\",\"url\":\"https:\\\/\\\/agropecuariafenix.com.br\\\/wp-content\\\/uploads\\\/2023\\\/08\\\/logo_fenix3-Copy.png\",\"contentUrl\":\"https:\\\/\\\/agropecuariafenix.com.br\\\/wp-content\\\/uploads\\\/2023\\\/08\\\/logo_fenix3-Copy.png\",\"width\":500,\"height\":500,\"caption\":\"Agropecu\u00e1ria Fenix\"},\"image\":{\"@id\":\"https:\\\/\\\/agropecuariafenix.com.br\\\/#\\\/schema\\\/logo\\\/image\\\/\"},\"sameAs\":[\"https:\\\/\\\/web.facebook.com\\\/agropecuariafenixjau\",\"https:\\\/\\\/www.instagram.com\\\/agropecuaria_fenix_jau\\\/\"]}]}<\/script>\n<!-- \/ Yoast SEO plugin. -->","yoast_head_json":{"title":"Granplus Gourmet Adultos Ra\u00e7as Medias E Grandes Salm\u00e3o E Frango 10,1Kg - Agropecu\u00e1ria Fenix","robots":{"index":"index","follow":"follow","max-snippet":"max-snippet:-1","max-image-preview":"max-image-preview:large","max-video-preview":"max-video-preview:-1"},"canonical":"https:\/\/agropecuariafenix.com.br\/index.php\/produto\/granplus-gourmet-adultos-racas-medias-e-grandes-salmao-e-frango-101kg\/","og_locale":"pt_BR","og_type":"article","og_title":"Granplus Gourmet Adultos Ra\u00e7as Medias E Grandes Salm\u00e3o E Frango 10,1Kg - Agropecu\u00e1ria Fenix","og_description":"Descri\u00e7\u00e3o &#8211; Indicada para c\u00e3es adultos; &#8211; Auxilia na sa\u00fade intestinal: com fibras e prebi\u00f3tico MOS; &#8211; Articula\u00e7\u00f5es fortes: com glicosamina e condroitina, que auxiliam na manuten\u00e7\u00e3o das articula\u00e7\u00f5es; &#8211; Contribui para o \u00f3timo funcionamento do organismo; &#8211; Fonte rica em \u00d4mega 3 (EPA &amp; DHA); &#8211; Com ingredientes de alta qualidade que garantem o m\u00e1ximo de sabor para pets; &#8211; Cota com polpa de beterraba, prebi\u00f3tico MOS e Extrato de Yucca, &#8211; Dispon\u00edvel em embalagem de 10,1 kg.","og_url":"https:\/\/agropecuariafenix.com.br\/index.php\/produto\/granplus-gourmet-adultos-racas-medias-e-grandes-salmao-e-frango-101kg\/","og_site_name":"Agropecu\u00e1ria Fenix","article_publisher":"https:\/\/web.facebook.com\/agropecuariafenixjau","article_modified_time":"2025-10-28T19:59:10+00:00","og_image":[{"width":1000,"height":1000,"url":"https:\/\/agropecuariafenix.com.br\/wp-content\/uploads\/2024\/12\/Granplus-Gourmet-Adultos-Raas-Medias-E-Grandes-Salmo-E-Frango-101Kg-407665922.jpg","type":"image\/jpeg"}],"twitter_card":"summary_large_image","twitter_misc":{"Est. tempo de leitura":"1 minuto"},"schema":{"@context":"https:\/\/schema.org","@graph":[{"@type":"WebPage","@id":"https:\/\/agropecuariafenix.com.br\/index.php\/produto\/granplus-gourmet-adultos-racas-medias-e-grandes-salmao-e-frango-101kg\/","url":"https:\/\/agropecuariafenix.com.br\/index.php\/produto\/granplus-gourmet-adultos-racas-medias-e-grandes-salmao-e-frango-101kg\/","name":"Granplus Gourmet Adultos Ra\u00e7as Medias E Grandes Salm\u00e3o E Frango 10,1Kg - Agropecu\u00e1ria Fenix","isPartOf":{"@id":"https:\/\/agropecuariafenix.com.br\/#website"},"primaryImageOfPage":{"@id":"https:\/\/agropecuariafenix.com.br\/index.php\/produto\/granplus-gourmet-adultos-racas-medias-e-grandes-salmao-e-frango-101kg\/#primaryimage"},"image":{"@id":"https:\/\/agropecuariafenix.com.br\/index.php\/produto\/granplus-gourmet-adultos-racas-medias-e-grandes-salmao-e-frango-101kg\/#primaryimage"},"thumbnailUrl":"https:\/\/agropecuariafenix.com.br\/wp-content\/uploads\/2024\/12\/Granplus-Gourmet-Adultos-Raas-Medias-E-Grandes-Salmo-E-Frango-101Kg-407665922.jpg","datePublished":"2024-12-31T14:16:12+00:00","dateModified":"2025-10-28T19:59:10+00:00","breadcrumb":{"@id":"https:\/\/agropecuariafenix.com.br\/index.php\/produto\/granplus-gourmet-adultos-racas-medias-e-grandes-salmao-e-frango-101kg\/#breadcrumb"},"inLanguage":"pt-BR","potentialAction":[{"@type":"ReadAction","target":["https:\/\/agropecuariafenix.com.br\/index.php\/produto\/granplus-gourmet-adultos-racas-medias-e-grandes-salmao-e-frango-101kg\/"]}]},{"@type":"ImageObject","inLanguage":"pt-BR","@id":"https:\/\/agropecuariafenix.com.br\/index.php\/produto\/granplus-gourmet-adultos-racas-medias-e-grandes-salmao-e-frango-101kg\/#primaryimage","url":"https:\/\/agropecuariafenix.com.br\/wp-content\/uploads\/2024\/12\/Granplus-Gourmet-Adultos-Raas-Medias-E-Grandes-Salmo-E-Frango-101Kg-407665922.jpg","contentUrl":"https:\/\/agropecuariafenix.com.br\/wp-content\/uploads\/2024\/12\/Granplus-Gourmet-Adultos-Raas-Medias-E-Grandes-Salmo-E-Frango-101Kg-407665922.jpg","width":1000,"height":1000,"caption":"Granplus Gourmet Adultos Ra\u00e7as Medias E Grandes Salm\u00e3o E Frango 10,1Kg"},{"@type":"BreadcrumbList","@id":"https:\/\/agropecuariafenix.com.br\/index.php\/produto\/granplus-gourmet-adultos-racas-medias-e-grandes-salmao-e-frango-101kg\/#breadcrumb","itemListElement":[{"@type":"ListItem","position":1,"name":"In\u00edcio","item":"https:\/\/agropecuariafenix.com.br\/"},{"@type":"ListItem","position":2,"name":"Todos os produtos","item":"https:\/\/agropecuariafenix.com.br\/index.php\/loja\/"},{"@type":"ListItem","position":3,"name":"Granplus Gourmet Adultos Ra\u00e7as Medias E Grandes Salm\u00e3o E Frango 10,1Kg"}]},{"@type":"WebSite","@id":"https:\/\/agropecuariafenix.com.br\/#website","url":"https:\/\/agropecuariafenix.com.br\/","name":"Agropecu\u00e1ria Fenix","description":"Agropecu\u00e1ria F\u00eanix Pet - Ra\u00e7\u00f5es \/ Medicamentos Pet \/ Cl\u00ednica Veterin\u00e1ria \/ Banho e Tosa \/ Cachorro \/\u00a0Gato\u00a0\/\u00a0P\u00e1ssaros","publisher":{"@id":"https:\/\/agropecuariafenix.com.br\/#organization"},"alternateName":"Agropecu\u00e1ria Fenix","potentialAction":[{"@type":"SearchAction","target":{"@type":"EntryPoint","urlTemplate":"https:\/\/agropecuariafenix.com.br\/?s={search_term_string}"},"query-input":{"@type":"PropertyValueSpecification","valueRequired":true,"valueName":"search_term_string"}}],"inLanguage":"pt-BR"},{"@type":"Organization","@id":"https:\/\/agropecuariafenix.com.br\/#organization","name":"Agropecu\u00e1ria Fenix","alternateName":"Agropecu\u00e1ria Fenix","url":"https:\/\/agropecuariafenix.com.br\/","logo":{"@type":"ImageObject","inLanguage":"pt-BR","@id":"https:\/\/agropecuariafenix.com.br\/#\/schema\/logo\/image\/","url":"https:\/\/agropecuariafenix.com.br\/wp-content\/uploads\/2023\/08\/logo_fenix3-Copy.png","contentUrl":"https:\/\/agropecuariafenix.com.br\/wp-content\/uploads\/2023\/08\/logo_fenix3-Copy.png","width":500,"height":500,"caption":"Agropecu\u00e1ria Fenix"},"image":{"@id":"https:\/\/agropecuariafenix.com.br\/#\/schema\/logo\/image\/"},"sameAs":["https:\/\/web.facebook.com\/agropecuariafenixjau","https:\/\/www.instagram.com\/agropecuaria_fenix_jau\/"]}]}},"_links":{"self":[{"href":"https:\/\/agropecuariafenix.com.br\/index.php\/wp-json\/wp\/v2\/product\/26996","targetHints":{"allow":["GET"]}}],"collection":[{"href":"https:\/\/agropecuariafenix.com.br\/index.php\/wp-json\/wp\/v2\/product"}],"about":[{"href":"https:\/\/agropecuariafenix.com.br\/index.php\/wp-json\/wp\/v2\/types\/product"}],"replies":[{"embeddable":true,"href":"https:\/\/agropecuariafenix.com.br\/index.php\/wp-json\/wp\/v2\/comments?post=26996"}],"version-history":[{"count":1,"href":"https:\/\/agropecuariafenix.com.br\/index.php\/wp-json\/wp\/v2\/product\/26996\/revisions"}],"predecessor-version":[{"id":28594,"href":"https:\/\/agropecuariafenix.com.br\/index.php\/wp-json\/wp\/v2\/product\/26996\/revisions\/28594"}],"wp:featuredmedia":[{"embeddable":true,"href":"https:\/\/agropecuariafenix.com.br\/index.php\/wp-json\/wp\/v2\/media\/26995"}],"wp:attachment":[{"href":"https:\/\/agropecuariafenix.com.br\/index.php\/wp-json\/wp\/v2\/media?parent=26996"}],"wp:term":[{"taxonomy":"product_brand","embeddable":true,"href":"https:\/\/agropecuariafenix.com.br\/index.php\/wp-json\/wp\/v2\/product_brand?post=26996"},{"taxonomy":"product_cat","embeddable":true,"href":"https:\/\/agropecuariafenix.com.br\/index.php\/wp-json\/wp\/v2\/product_cat?post=26996"},{"taxonomy":"product_tag","embeddable":true,"href":"https:\/\/agropecuariafenix.com.br\/index.php\/wp-json\/wp\/v2\/product_tag?post=26996"}],"curies":[{"name":"wp","href":"https:\/\/api.w.org\/{rel}","templated":true}]}}