{"id":26981,"date":"2024-12-22T11:03:05","date_gmt":"2024-12-22T14:03:05","guid":{"rendered":"https:\/\/agropecuariafenix.com.br\/index.php\/produto\/areia-higienica-fenix-cat-4kg\/"},"modified":"2026-01-21T13:44:54","modified_gmt":"2026-01-21T16:44:54","slug":"areia-higienica-fenix-cat-4kg","status":"publish","type":"product","link":"https:\/\/agropecuariafenix.com.br\/index.php\/produto\/areia-higienica-fenix-cat-4kg\/","title":{"rendered":"Areia Higienica Fenix Cat 4Kg"},"content":{"rendered":"<p>Areia Higienica Sanit\u00e1ria Antiodor Fenix Cat para Gatos Tradicional 100% Natural<\/p>\n<p>Areia Higienica Sanit\u00e1ria Antiodor Fenix Cat \u00e9 uma escolha ideal para manter a higiene da caixa de areia do seu gato. Ela \u00e9 formulada para eliminar odores desagrad\u00e1veis, proporcionando um ambiente fresco e limpo para seu felino de estima\u00e7\u00e3o.<\/p>\n<p>Granulada e 100% natural, essa areia sanit\u00e1ria \u00e9 segura para gatos e o meio ambiente. \u00c9 a solu\u00e7\u00e3o perfeita para cuidar da sa\u00fade e do conforto do seu gato e garantir que sua casa permane\u00e7a livre de odores indesejados.<\/p>\n<p>Por que devo comprar o Pacote de Areia Sanit\u00e1ria Antiodor?<br \/>\n&#8211; Melhor custo beneficio do mercado;<br \/>\n&#8211; Fardo com 5 pacotes de 4kg<br \/>\n&#8211; Material de alta qualidade;<br \/>\n&#8211; 100% natural;<br \/>\n&#8211; Mantem o ambiente sempre limpo;<br \/>\n&#8211; Neutraliza os odores;<\/p>\n<p>A areia higi\u00eanica granulada Fenix Cat \u00e9 uma op\u00e7\u00e3o popular para quem tem gatos. Ela \u00e9 conhecida por sua capacidade de absor\u00e7\u00e3o e controle de odores, proporcionando um ambiente mais limpo e agrad\u00e1vel tanto para os gatos quanto para os donos. Aqui est\u00e3o algumas caracter\u00edsticas dessa areia:<\/p>\n<p>Granulada: A textura granulada ajuda a absorver a umidade de forma eficiente.<br \/>\nControle de odores: Ajuda a neutralizar os odores desagrad\u00e1veis, mantendo o ambiente mais fresco.<\/p>\n<p>F\u00e1cil de limpar: A areia forma torr\u00f5es firmes que s\u00e3o f\u00e1ceis de remover, facilitando a manuten\u00e7\u00e3o da caixa de areia.<\/p>\n<p>Confort\u00e1vel para os gatos: A textura \u00e9 agrad\u00e1vel para as patas dos gatos, incentivando o uso da caixa de areia.<\/p>\n","protected":false},"excerpt":{"rendered":"<p>Areia Higienica Sanit\u00e1ria Antiodor Fenix Cat para Gatos Tradicional 100% Natural<\/p>\n<p>&#8211; Melhor custo beneficio do mercado;<br \/>\n&#8211; Fardo com 5 pacotes de 4kg<br \/>\n&#8211; Material de alta qualidade;<br \/>\n&#8211; 100% natural;<br \/>\n&#8211; Mantem o ambiente sempre limpo;<br \/>\n&#8211; Neutraliza os odores;<\/p>\n","protected":false},"featured_media":26980,"comment_status":"open","ping_status":"closed","template":"","meta":[],"product_brand":[],"product_cat":[1695],"product_tag":[1689,836,1690,1692,1688,229,1694,209,1691,1693],"class_list":{"0":"post-26981","1":"product","2":"type-product","3":"status-publish","4":"has-post-thumbnail","6":"product_cat-higiene","7":"product_tag-100-natural","8":"product_tag-4kg","9":"product_tag-antiodor","10":"product_tag-areia","11":"product_tag-areia-higienica","12":"product_tag-cat","13":"product_tag-fenix","14":"product_tag-gatos","15":"product_tag-granulado-higienico","16":"product_tag-higienica","18":"first","19":"instock","20":"shipping-taxable","21":"purchasable","22":"product-type-simple"},"yoast_head":"<!-- This site is optimized with the Yoast SEO plugin v27.6 - https:\/\/yoast.com\/product\/yoast-seo-wordpress\/ -->\n<title>Areia Higienica Fenix Cat 4Kg - Agropecu\u00e1ria Fenix<\/title>\n<meta name=\"robots\" content=\"index, follow, max-snippet:-1, max-image-preview:large, max-video-preview:-1\" \/>\n<link rel=\"canonical\" href=\"https:\/\/agropecuariafenix.com.br\/index.php\/produto\/areia-higienica-fenix-cat-4kg\/\" \/>\n<meta property=\"og:locale\" content=\"pt_BR\" \/>\n<meta property=\"og:type\" content=\"article\" \/>\n<meta property=\"og:title\" content=\"Areia Higienica Fenix Cat 4Kg - Agropecu\u00e1ria Fenix\" \/>\n<meta property=\"og:description\" content=\"Areia Higienica Sanit\u00e1ria Antiodor Fenix Cat para Gatos Tradicional 100% Natural &#8211; Melhor custo beneficio do mercado; &#8211; Fardo com 5 pacotes de 4kg &#8211; Material de alta qualidade; &#8211; 100% natural; &#8211; Mantem o ambiente sempre limpo; &#8211; Neutraliza os odores;\" \/>\n<meta property=\"og:url\" content=\"https:\/\/agropecuariafenix.com.br\/index.php\/produto\/areia-higienica-fenix-cat-4kg\/\" \/>\n<meta property=\"og:site_name\" content=\"Agropecu\u00e1ria Fenix\" \/>\n<meta property=\"article:publisher\" content=\"https:\/\/web.facebook.com\/agropecuariafenixjau\" \/>\n<meta property=\"article:modified_time\" content=\"2026-01-21T16:44:54+00:00\" \/>\n<meta property=\"og:image\" content=\"https:\/\/agropecuariafenix.com.br\/wp-content\/uploads\/2024\/12\/Areia-Higienica-Fenix-Cat-4Kg-695169251.jpg\" \/>\n\t<meta property=\"og:image:width\" content=\"1280\" \/>\n\t<meta property=\"og:image:height\" content=\"1280\" \/>\n\t<meta property=\"og:image:type\" content=\"image\/jpeg\" \/>\n<meta name=\"twitter:card\" content=\"summary_large_image\" \/>\n<meta name=\"twitter:label1\" content=\"Est. tempo de leitura\" \/>\n\t<meta name=\"twitter:data1\" content=\"1 minuto\" \/>\n<script type=\"application\/ld+json\" class=\"yoast-schema-graph\">{\"@context\":\"https:\\\/\\\/schema.org\",\"@graph\":[{\"@type\":\"WebPage\",\"@id\":\"https:\\\/\\\/agropecuariafenix.com.br\\\/index.php\\\/produto\\\/areia-higienica-fenix-cat-4kg\\\/\",\"url\":\"https:\\\/\\\/agropecuariafenix.com.br\\\/index.php\\\/produto\\\/areia-higienica-fenix-cat-4kg\\\/\",\"name\":\"Areia Higienica Fenix Cat 4Kg - Agropecu\u00e1ria Fenix\",\"isPartOf\":{\"@id\":\"https:\\\/\\\/agropecuariafenix.com.br\\\/#website\"},\"primaryImageOfPage\":{\"@id\":\"https:\\\/\\\/agropecuariafenix.com.br\\\/index.php\\\/produto\\\/areia-higienica-fenix-cat-4kg\\\/#primaryimage\"},\"image\":{\"@id\":\"https:\\\/\\\/agropecuariafenix.com.br\\\/index.php\\\/produto\\\/areia-higienica-fenix-cat-4kg\\\/#primaryimage\"},\"thumbnailUrl\":\"https:\\\/\\\/agropecuariafenix.com.br\\\/wp-content\\\/uploads\\\/2024\\\/12\\\/Areia-Higienica-Fenix-Cat-4Kg-695169251.jpg\",\"datePublished\":\"2024-12-22T14:03:05+00:00\",\"dateModified\":\"2026-01-21T16:44:54+00:00\",\"breadcrumb\":{\"@id\":\"https:\\\/\\\/agropecuariafenix.com.br\\\/index.php\\\/produto\\\/areia-higienica-fenix-cat-4kg\\\/#breadcrumb\"},\"inLanguage\":\"pt-BR\",\"potentialAction\":[{\"@type\":\"ReadAction\",\"target\":[\"https:\\\/\\\/agropecuariafenix.com.br\\\/index.php\\\/produto\\\/areia-higienica-fenix-cat-4kg\\\/\"]}]},{\"@type\":\"ImageObject\",\"inLanguage\":\"pt-BR\",\"@id\":\"https:\\\/\\\/agropecuariafenix.com.br\\\/index.php\\\/produto\\\/areia-higienica-fenix-cat-4kg\\\/#primaryimage\",\"url\":\"https:\\\/\\\/agropecuariafenix.com.br\\\/wp-content\\\/uploads\\\/2024\\\/12\\\/Areia-Higienica-Fenix-Cat-4Kg-695169251.jpg\",\"contentUrl\":\"https:\\\/\\\/agropecuariafenix.com.br\\\/wp-content\\\/uploads\\\/2024\\\/12\\\/Areia-Higienica-Fenix-Cat-4Kg-695169251.jpg\",\"width\":1280,\"height\":1280,\"caption\":\"Areia Higienica Fenix Cat 4Kg\"},{\"@type\":\"BreadcrumbList\",\"@id\":\"https:\\\/\\\/agropecuariafenix.com.br\\\/index.php\\\/produto\\\/areia-higienica-fenix-cat-4kg\\\/#breadcrumb\",\"itemListElement\":[{\"@type\":\"ListItem\",\"position\":1,\"name\":\"In\u00edcio\",\"item\":\"https:\\\/\\\/agropecuariafenix.com.br\\\/\"},{\"@type\":\"ListItem\",\"position\":2,\"name\":\"Todos os produtos\",\"item\":\"https:\\\/\\\/agropecuariafenix.com.br\\\/index.php\\\/loja\\\/\"},{\"@type\":\"ListItem\",\"position\":3,\"name\":\"Areia Higienica Fenix Cat 4Kg\"}]},{\"@type\":\"WebSite\",\"@id\":\"https:\\\/\\\/agropecuariafenix.com.br\\\/#website\",\"url\":\"https:\\\/\\\/agropecuariafenix.com.br\\\/\",\"name\":\"Agropecu\u00e1ria Fenix\",\"description\":\"Agropecu\u00e1ria F\u00eanix Pet - Ra\u00e7\u00f5es \\\/ Medicamentos Pet \\\/ Cl\u00ednica Veterin\u00e1ria \\\/ Banho e Tosa \\\/ Cachorro \\\/\u00a0Gato\u00a0\\\/\u00a0P\u00e1ssaros\",\"publisher\":{\"@id\":\"https:\\\/\\\/agropecuariafenix.com.br\\\/#organization\"},\"alternateName\":\"Agropecu\u00e1ria Fenix\",\"potentialAction\":[{\"@type\":\"SearchAction\",\"target\":{\"@type\":\"EntryPoint\",\"urlTemplate\":\"https:\\\/\\\/agropecuariafenix.com.br\\\/?s={search_term_string}\"},\"query-input\":{\"@type\":\"PropertyValueSpecification\",\"valueRequired\":true,\"valueName\":\"search_term_string\"}}],\"inLanguage\":\"pt-BR\"},{\"@type\":\"Organization\",\"@id\":\"https:\\\/\\\/agropecuariafenix.com.br\\\/#organization\",\"name\":\"Agropecu\u00e1ria Fenix\",\"alternateName\":\"Agropecu\u00e1ria Fenix\",\"url\":\"https:\\\/\\\/agropecuariafenix.com.br\\\/\",\"logo\":{\"@type\":\"ImageObject\",\"inLanguage\":\"pt-BR\",\"@id\":\"https:\\\/\\\/agropecuariafenix.com.br\\\/#\\\/schema\\\/logo\\\/image\\\/\",\"url\":\"https:\\\/\\\/agropecuariafenix.com.br\\\/wp-content\\\/uploads\\\/2023\\\/08\\\/logo_fenix3-Copy.png\",\"contentUrl\":\"https:\\\/\\\/agropecuariafenix.com.br\\\/wp-content\\\/uploads\\\/2023\\\/08\\\/logo_fenix3-Copy.png\",\"width\":500,\"height\":500,\"caption\":\"Agropecu\u00e1ria Fenix\"},\"image\":{\"@id\":\"https:\\\/\\\/agropecuariafenix.com.br\\\/#\\\/schema\\\/logo\\\/image\\\/\"},\"sameAs\":[\"https:\\\/\\\/web.facebook.com\\\/agropecuariafenixjau\",\"https:\\\/\\\/www.instagram.com\\\/agropecuaria_fenix_jau\\\/\"]}]}<\/script>\n<!-- \/ Yoast SEO plugin. -->","yoast_head_json":{"title":"Areia Higienica Fenix Cat 4Kg - Agropecu\u00e1ria Fenix","robots":{"index":"index","follow":"follow","max-snippet":"max-snippet:-1","max-image-preview":"max-image-preview:large","max-video-preview":"max-video-preview:-1"},"canonical":"https:\/\/agropecuariafenix.com.br\/index.php\/produto\/areia-higienica-fenix-cat-4kg\/","og_locale":"pt_BR","og_type":"article","og_title":"Areia Higienica Fenix Cat 4Kg - Agropecu\u00e1ria Fenix","og_description":"Areia Higienica Sanit\u00e1ria Antiodor Fenix Cat para Gatos Tradicional 100% Natural &#8211; Melhor custo beneficio do mercado; &#8211; Fardo com 5 pacotes de 4kg &#8211; Material de alta qualidade; &#8211; 100% natural; &#8211; Mantem o ambiente sempre limpo; &#8211; Neutraliza os odores;","og_url":"https:\/\/agropecuariafenix.com.br\/index.php\/produto\/areia-higienica-fenix-cat-4kg\/","og_site_name":"Agropecu\u00e1ria Fenix","article_publisher":"https:\/\/web.facebook.com\/agropecuariafenixjau","article_modified_time":"2026-01-21T16:44:54+00:00","og_image":[{"width":1280,"height":1280,"url":"https:\/\/agropecuariafenix.com.br\/wp-content\/uploads\/2024\/12\/Areia-Higienica-Fenix-Cat-4Kg-695169251.jpg","type":"image\/jpeg"}],"twitter_card":"summary_large_image","twitter_misc":{"Est. tempo de leitura":"1 minuto"},"schema":{"@context":"https:\/\/schema.org","@graph":[{"@type":"WebPage","@id":"https:\/\/agropecuariafenix.com.br\/index.php\/produto\/areia-higienica-fenix-cat-4kg\/","url":"https:\/\/agropecuariafenix.com.br\/index.php\/produto\/areia-higienica-fenix-cat-4kg\/","name":"Areia Higienica Fenix Cat 4Kg - Agropecu\u00e1ria Fenix","isPartOf":{"@id":"https:\/\/agropecuariafenix.com.br\/#website"},"primaryImageOfPage":{"@id":"https:\/\/agropecuariafenix.com.br\/index.php\/produto\/areia-higienica-fenix-cat-4kg\/#primaryimage"},"image":{"@id":"https:\/\/agropecuariafenix.com.br\/index.php\/produto\/areia-higienica-fenix-cat-4kg\/#primaryimage"},"thumbnailUrl":"https:\/\/agropecuariafenix.com.br\/wp-content\/uploads\/2024\/12\/Areia-Higienica-Fenix-Cat-4Kg-695169251.jpg","datePublished":"2024-12-22T14:03:05+00:00","dateModified":"2026-01-21T16:44:54+00:00","breadcrumb":{"@id":"https:\/\/agropecuariafenix.com.br\/index.php\/produto\/areia-higienica-fenix-cat-4kg\/#breadcrumb"},"inLanguage":"pt-BR","potentialAction":[{"@type":"ReadAction","target":["https:\/\/agropecuariafenix.com.br\/index.php\/produto\/areia-higienica-fenix-cat-4kg\/"]}]},{"@type":"ImageObject","inLanguage":"pt-BR","@id":"https:\/\/agropecuariafenix.com.br\/index.php\/produto\/areia-higienica-fenix-cat-4kg\/#primaryimage","url":"https:\/\/agropecuariafenix.com.br\/wp-content\/uploads\/2024\/12\/Areia-Higienica-Fenix-Cat-4Kg-695169251.jpg","contentUrl":"https:\/\/agropecuariafenix.com.br\/wp-content\/uploads\/2024\/12\/Areia-Higienica-Fenix-Cat-4Kg-695169251.jpg","width":1280,"height":1280,"caption":"Areia Higienica Fenix Cat 4Kg"},{"@type":"BreadcrumbList","@id":"https:\/\/agropecuariafenix.com.br\/index.php\/produto\/areia-higienica-fenix-cat-4kg\/#breadcrumb","itemListElement":[{"@type":"ListItem","position":1,"name":"In\u00edcio","item":"https:\/\/agropecuariafenix.com.br\/"},{"@type":"ListItem","position":2,"name":"Todos os produtos","item":"https:\/\/agropecuariafenix.com.br\/index.php\/loja\/"},{"@type":"ListItem","position":3,"name":"Areia Higienica Fenix Cat 4Kg"}]},{"@type":"WebSite","@id":"https:\/\/agropecuariafenix.com.br\/#website","url":"https:\/\/agropecuariafenix.com.br\/","name":"Agropecu\u00e1ria Fenix","description":"Agropecu\u00e1ria F\u00eanix Pet - Ra\u00e7\u00f5es \/ Medicamentos Pet \/ Cl\u00ednica Veterin\u00e1ria \/ Banho e Tosa \/ Cachorro \/\u00a0Gato\u00a0\/\u00a0P\u00e1ssaros","publisher":{"@id":"https:\/\/agropecuariafenix.com.br\/#organization"},"alternateName":"Agropecu\u00e1ria Fenix","potentialAction":[{"@type":"SearchAction","target":{"@type":"EntryPoint","urlTemplate":"https:\/\/agropecuariafenix.com.br\/?s={search_term_string}"},"query-input":{"@type":"PropertyValueSpecification","valueRequired":true,"valueName":"search_term_string"}}],"inLanguage":"pt-BR"},{"@type":"Organization","@id":"https:\/\/agropecuariafenix.com.br\/#organization","name":"Agropecu\u00e1ria Fenix","alternateName":"Agropecu\u00e1ria Fenix","url":"https:\/\/agropecuariafenix.com.br\/","logo":{"@type":"ImageObject","inLanguage":"pt-BR","@id":"https:\/\/agropecuariafenix.com.br\/#\/schema\/logo\/image\/","url":"https:\/\/agropecuariafenix.com.br\/wp-content\/uploads\/2023\/08\/logo_fenix3-Copy.png","contentUrl":"https:\/\/agropecuariafenix.com.br\/wp-content\/uploads\/2023\/08\/logo_fenix3-Copy.png","width":500,"height":500,"caption":"Agropecu\u00e1ria Fenix"},"image":{"@id":"https:\/\/agropecuariafenix.com.br\/#\/schema\/logo\/image\/"},"sameAs":["https:\/\/web.facebook.com\/agropecuariafenixjau","https:\/\/www.instagram.com\/agropecuaria_fenix_jau\/"]}]}},"_links":{"self":[{"href":"https:\/\/agropecuariafenix.com.br\/index.php\/wp-json\/wp\/v2\/product\/26981","targetHints":{"allow":["GET"]}}],"collection":[{"href":"https:\/\/agropecuariafenix.com.br\/index.php\/wp-json\/wp\/v2\/product"}],"about":[{"href":"https:\/\/agropecuariafenix.com.br\/index.php\/wp-json\/wp\/v2\/types\/product"}],"replies":[{"embeddable":true,"href":"https:\/\/agropecuariafenix.com.br\/index.php\/wp-json\/wp\/v2\/comments?post=26981"}],"version-history":[{"count":1,"href":"https:\/\/agropecuariafenix.com.br\/index.php\/wp-json\/wp\/v2\/product\/26981\/revisions"}],"predecessor-version":[{"id":27224,"href":"https:\/\/agropecuariafenix.com.br\/index.php\/wp-json\/wp\/v2\/product\/26981\/revisions\/27224"}],"wp:featuredmedia":[{"embeddable":true,"href":"https:\/\/agropecuariafenix.com.br\/index.php\/wp-json\/wp\/v2\/media\/26980"}],"wp:attachment":[{"href":"https:\/\/agropecuariafenix.com.br\/index.php\/wp-json\/wp\/v2\/media?parent=26981"}],"wp:term":[{"taxonomy":"product_brand","embeddable":true,"href":"https:\/\/agropecuariafenix.com.br\/index.php\/wp-json\/wp\/v2\/product_brand?post=26981"},{"taxonomy":"product_cat","embeddable":true,"href":"https:\/\/agropecuariafenix.com.br\/index.php\/wp-json\/wp\/v2\/product_cat?post=26981"},{"taxonomy":"product_tag","embeddable":true,"href":"https:\/\/agropecuariafenix.com.br\/index.php\/wp-json\/wp\/v2\/product_tag?post=26981"}],"curies":[{"name":"wp","href":"https:\/\/api.w.org\/{rel}","templated":true}]}}