{"id":26666,"date":"2023-09-30T13:17:04","date_gmt":"2023-09-30T16:17:04","guid":{"rendered":"https:\/\/agropecuariafenix.com.br\/index.php\/produto\/formula-natural-life-caes-adultos-racas-pequenas-15kg\/"},"modified":"2026-01-26T19:01:00","modified_gmt":"2026-01-26T22:01:00","slug":"formula-natural-life-caes-adultos-racas-pequenas-15kg","status":"publish","type":"product","link":"https:\/\/agropecuariafenix.com.br\/index.php\/produto\/formula-natural-life-caes-adultos-racas-pequenas-15kg\/","title":{"rendered":"Formula Natural Life C\u00e3es Adultos Ra\u00e7as Pequenas 15Kg"},"content":{"rendered":"<p>Informa\u00e7\u00f5es Nutricionais<br \/>\nVitamina A 16.000UI; Vitamina D3 1.400UI; Vitamina E 200UI; Vitamina C 100mg; Vitamina K 0,15mg; Vitamina B1 3mg; Vitamina B2 4,0mg; Vitamina B6 2,0mg; Vitamina B12 24mcg; Biotina 0,07mg; \u00c1cido Pantot\u00eanico 10mg; \u00c1cido F\u00f3lico 0,2mg; Niacina 16mg; Colina 690mg; Ferro 80mg; Cobre 1mg; Iodo 1,4mg; Pot\u00e1ssio 500mg; Mangan\u00eas 5mg; Zinco 100mg; Zinco Quelato 50mg; Sel\u00eanio 0,15mg; Sel\u00eanio Quelato 0,01mg.<br \/>\nComposi\u00e7\u00e3o<br \/>\nFarinha de v\u00edsceras de aves, quirera de arroz, farelo de trigo, semente de linha\u00e7a, \u00f3leo de v\u00edsceras de aves, \u00f3leo de salm\u00e3o, palatabilizante de v\u00edsceras de su\u00edno e frango, frutas e vegetais desidratadas (manga, ma\u00e7\u00e3, cenoura, tomate), polpa de beterraba, cloreto de s\u00f3dio, farinha de alga Schizochytrium sp., prebi\u00f3ticos (parede celular de levedura, fruto-oligossacar\u00eddeos e inulina), extrato de yucca (0,04%), sulfato de condroitina (0,01%), sulfato de glucosamina (0,03%), vitaminas (A, D3, E, K3, C, B1, B2, B6, B12, biotina, pantotenato de c\u00e1lcio, \u00e1cido f\u00f3lico, niacina, cloreto de colina), minerais (sulfato de ferro, sulfato de cobre, iodato de c\u00e1lcio, cloreto de pot\u00e1ssio, proteinato de zinco, \u00f3xido de zinco, \u00f3xido de mangan\u00eas, proteinato de sel\u00eanio, selenito de s\u00f3dio), hexametafosfato de s\u00f3dio, \u00e1cido propi\u00f4nico, extratos vegetais (ch\u00e1 verde, alecrim e hortel\u00e3), extrato de tocoferol (antioxidante natural) (0,01%).<\/p>\n","protected":false},"excerpt":{"rendered":"<p>&#8211; Indicada para c\u00e3es adultos;<br \/>\n&#8211; Ideal para os pets de ra\u00e7as mini e pequenas;<br \/>\n&#8211; Proporciona mais prote\u00ednas e minerais ao pet;<br \/>\n&#8211; Deixa a pelagem mais brilhante e saud\u00e1vel;<br \/>\n&#8211; \u00c9 feita com antioxidantes naturais,<\/p>\n","protected":false},"featured_media":26667,"comment_status":"open","ping_status":"closed","template":"","meta":[],"product_brand":[],"product_cat":[80],"product_tag":[79],"class_list":{"0":"post-26666","1":"product","2":"type-product","3":"status-publish","4":"has-post-thumbnail","6":"product_cat-racoes","7":"product_tag-15kg","9":"first","10":"instock","11":"shipping-taxable","12":"purchasable","13":"product-type-simple"},"yoast_head":"<!-- This site is optimized with the Yoast SEO plugin v27.6 - https:\/\/yoast.com\/product\/yoast-seo-wordpress\/ -->\n<title>Formula Natural Life C\u00e3es Adultos Ra\u00e7as Pequenas 15Kg - Agropecu\u00e1ria Fenix<\/title>\n<meta name=\"robots\" content=\"index, follow, max-snippet:-1, max-image-preview:large, max-video-preview:-1\" \/>\n<link rel=\"canonical\" href=\"https:\/\/agropecuariafenix.com.br\/index.php\/produto\/formula-natural-life-caes-adultos-racas-pequenas-15kg\/\" \/>\n<meta property=\"og:locale\" content=\"pt_BR\" \/>\n<meta property=\"og:type\" content=\"article\" \/>\n<meta property=\"og:title\" content=\"Formula Natural Life C\u00e3es Adultos Ra\u00e7as Pequenas 15Kg - Agropecu\u00e1ria Fenix\" \/>\n<meta property=\"og:description\" content=\"&#8211; Indicada para c\u00e3es adultos; &#8211; Ideal para os pets de ra\u00e7as mini e pequenas; &#8211; Proporciona mais prote\u00ednas e minerais ao pet; &#8211; Deixa a pelagem mais brilhante e saud\u00e1vel; &#8211; \u00c9 feita com antioxidantes naturais,\" \/>\n<meta property=\"og:url\" content=\"https:\/\/agropecuariafenix.com.br\/index.php\/produto\/formula-natural-life-caes-adultos-racas-pequenas-15kg\/\" \/>\n<meta property=\"og:site_name\" content=\"Agropecu\u00e1ria Fenix\" \/>\n<meta property=\"article:publisher\" content=\"https:\/\/web.facebook.com\/agropecuariafenixjau\" \/>\n<meta property=\"article:modified_time\" content=\"2026-01-26T22:01:00+00:00\" \/>\n<meta property=\"og:image\" content=\"https:\/\/agropecuariafenix.com.br\/wp-content\/uploads\/2023\/10\/Formula-Natural-Life-Ces-Adultos-Raas-Pequenas-15Kg-487970602.jpg\" \/>\n\t<meta property=\"og:image:width\" content=\"400\" \/>\n\t<meta property=\"og:image:height\" content=\"400\" \/>\n\t<meta property=\"og:image:type\" content=\"image\/jpeg\" \/>\n<meta name=\"twitter:card\" content=\"summary_large_image\" \/>\n<meta name=\"twitter:label1\" content=\"Est. tempo de leitura\" \/>\n\t<meta name=\"twitter:data1\" content=\"1 minuto\" \/>\n<script type=\"application\/ld+json\" class=\"yoast-schema-graph\">{\"@context\":\"https:\\\/\\\/schema.org\",\"@graph\":[{\"@type\":\"WebPage\",\"@id\":\"https:\\\/\\\/agropecuariafenix.com.br\\\/index.php\\\/produto\\\/formula-natural-life-caes-adultos-racas-pequenas-15kg\\\/\",\"url\":\"https:\\\/\\\/agropecuariafenix.com.br\\\/index.php\\\/produto\\\/formula-natural-life-caes-adultos-racas-pequenas-15kg\\\/\",\"name\":\"Formula Natural Life C\u00e3es Adultos Ra\u00e7as Pequenas 15Kg - Agropecu\u00e1ria Fenix\",\"isPartOf\":{\"@id\":\"https:\\\/\\\/agropecuariafenix.com.br\\\/#website\"},\"primaryImageOfPage\":{\"@id\":\"https:\\\/\\\/agropecuariafenix.com.br\\\/index.php\\\/produto\\\/formula-natural-life-caes-adultos-racas-pequenas-15kg\\\/#primaryimage\"},\"image\":{\"@id\":\"https:\\\/\\\/agropecuariafenix.com.br\\\/index.php\\\/produto\\\/formula-natural-life-caes-adultos-racas-pequenas-15kg\\\/#primaryimage\"},\"thumbnailUrl\":\"https:\\\/\\\/agropecuariafenix.com.br\\\/wp-content\\\/uploads\\\/2023\\\/10\\\/Formula-Natural-Life-Ces-Adultos-Raas-Pequenas-15Kg-487970602.jpg\",\"datePublished\":\"2023-09-30T16:17:04+00:00\",\"dateModified\":\"2026-01-26T22:01:00+00:00\",\"breadcrumb\":{\"@id\":\"https:\\\/\\\/agropecuariafenix.com.br\\\/index.php\\\/produto\\\/formula-natural-life-caes-adultos-racas-pequenas-15kg\\\/#breadcrumb\"},\"inLanguage\":\"pt-BR\",\"potentialAction\":[{\"@type\":\"ReadAction\",\"target\":[\"https:\\\/\\\/agropecuariafenix.com.br\\\/index.php\\\/produto\\\/formula-natural-life-caes-adultos-racas-pequenas-15kg\\\/\"]}]},{\"@type\":\"ImageObject\",\"inLanguage\":\"pt-BR\",\"@id\":\"https:\\\/\\\/agropecuariafenix.com.br\\\/index.php\\\/produto\\\/formula-natural-life-caes-adultos-racas-pequenas-15kg\\\/#primaryimage\",\"url\":\"https:\\\/\\\/agropecuariafenix.com.br\\\/wp-content\\\/uploads\\\/2023\\\/10\\\/Formula-Natural-Life-Ces-Adultos-Raas-Pequenas-15Kg-487970602.jpg\",\"contentUrl\":\"https:\\\/\\\/agropecuariafenix.com.br\\\/wp-content\\\/uploads\\\/2023\\\/10\\\/Formula-Natural-Life-Ces-Adultos-Raas-Pequenas-15Kg-487970602.jpg\",\"width\":400,\"height\":400,\"caption\":\"Formula Natural Life C\u00e3es Adultos Ra\u00e7as Pequenas 15Kg\"},{\"@type\":\"BreadcrumbList\",\"@id\":\"https:\\\/\\\/agropecuariafenix.com.br\\\/index.php\\\/produto\\\/formula-natural-life-caes-adultos-racas-pequenas-15kg\\\/#breadcrumb\",\"itemListElement\":[{\"@type\":\"ListItem\",\"position\":1,\"name\":\"In\u00edcio\",\"item\":\"https:\\\/\\\/agropecuariafenix.com.br\\\/\"},{\"@type\":\"ListItem\",\"position\":2,\"name\":\"Todos os produtos\",\"item\":\"https:\\\/\\\/agropecuariafenix.com.br\\\/index.php\\\/loja\\\/\"},{\"@type\":\"ListItem\",\"position\":3,\"name\":\"Formula Natural Life C\u00e3es Adultos Ra\u00e7as Pequenas 15Kg\"}]},{\"@type\":\"WebSite\",\"@id\":\"https:\\\/\\\/agropecuariafenix.com.br\\\/#website\",\"url\":\"https:\\\/\\\/agropecuariafenix.com.br\\\/\",\"name\":\"Agropecu\u00e1ria Fenix\",\"description\":\"Agropecu\u00e1ria F\u00eanix Pet - Ra\u00e7\u00f5es \\\/ Medicamentos Pet \\\/ Cl\u00ednica Veterin\u00e1ria \\\/ Banho e Tosa \\\/ Cachorro \\\/\u00a0Gato\u00a0\\\/\u00a0P\u00e1ssaros\",\"publisher\":{\"@id\":\"https:\\\/\\\/agropecuariafenix.com.br\\\/#organization\"},\"alternateName\":\"Agropecu\u00e1ria Fenix\",\"potentialAction\":[{\"@type\":\"SearchAction\",\"target\":{\"@type\":\"EntryPoint\",\"urlTemplate\":\"https:\\\/\\\/agropecuariafenix.com.br\\\/?s={search_term_string}\"},\"query-input\":{\"@type\":\"PropertyValueSpecification\",\"valueRequired\":true,\"valueName\":\"search_term_string\"}}],\"inLanguage\":\"pt-BR\"},{\"@type\":\"Organization\",\"@id\":\"https:\\\/\\\/agropecuariafenix.com.br\\\/#organization\",\"name\":\"Agropecu\u00e1ria Fenix\",\"alternateName\":\"Agropecu\u00e1ria Fenix\",\"url\":\"https:\\\/\\\/agropecuariafenix.com.br\\\/\",\"logo\":{\"@type\":\"ImageObject\",\"inLanguage\":\"pt-BR\",\"@id\":\"https:\\\/\\\/agropecuariafenix.com.br\\\/#\\\/schema\\\/logo\\\/image\\\/\",\"url\":\"https:\\\/\\\/agropecuariafenix.com.br\\\/wp-content\\\/uploads\\\/2023\\\/08\\\/logo_fenix3-Copy.png\",\"contentUrl\":\"https:\\\/\\\/agropecuariafenix.com.br\\\/wp-content\\\/uploads\\\/2023\\\/08\\\/logo_fenix3-Copy.png\",\"width\":500,\"height\":500,\"caption\":\"Agropecu\u00e1ria Fenix\"},\"image\":{\"@id\":\"https:\\\/\\\/agropecuariafenix.com.br\\\/#\\\/schema\\\/logo\\\/image\\\/\"},\"sameAs\":[\"https:\\\/\\\/web.facebook.com\\\/agropecuariafenixjau\",\"https:\\\/\\\/www.instagram.com\\\/agropecuaria_fenix_jau\\\/\"]}]}<\/script>\n<!-- \/ Yoast SEO plugin. -->","yoast_head_json":{"title":"Formula Natural Life C\u00e3es Adultos Ra\u00e7as Pequenas 15Kg - Agropecu\u00e1ria Fenix","robots":{"index":"index","follow":"follow","max-snippet":"max-snippet:-1","max-image-preview":"max-image-preview:large","max-video-preview":"max-video-preview:-1"},"canonical":"https:\/\/agropecuariafenix.com.br\/index.php\/produto\/formula-natural-life-caes-adultos-racas-pequenas-15kg\/","og_locale":"pt_BR","og_type":"article","og_title":"Formula Natural Life C\u00e3es Adultos Ra\u00e7as Pequenas 15Kg - Agropecu\u00e1ria Fenix","og_description":"&#8211; Indicada para c\u00e3es adultos; &#8211; Ideal para os pets de ra\u00e7as mini e pequenas; &#8211; Proporciona mais prote\u00ednas e minerais ao pet; &#8211; Deixa a pelagem mais brilhante e saud\u00e1vel; &#8211; \u00c9 feita com antioxidantes naturais,","og_url":"https:\/\/agropecuariafenix.com.br\/index.php\/produto\/formula-natural-life-caes-adultos-racas-pequenas-15kg\/","og_site_name":"Agropecu\u00e1ria Fenix","article_publisher":"https:\/\/web.facebook.com\/agropecuariafenixjau","article_modified_time":"2026-01-26T22:01:00+00:00","og_image":[{"width":400,"height":400,"url":"https:\/\/agropecuariafenix.com.br\/wp-content\/uploads\/2023\/10\/Formula-Natural-Life-Ces-Adultos-Raas-Pequenas-15Kg-487970602.jpg","type":"image\/jpeg"}],"twitter_card":"summary_large_image","twitter_misc":{"Est. tempo de leitura":"1 minuto"},"schema":{"@context":"https:\/\/schema.org","@graph":[{"@type":"WebPage","@id":"https:\/\/agropecuariafenix.com.br\/index.php\/produto\/formula-natural-life-caes-adultos-racas-pequenas-15kg\/","url":"https:\/\/agropecuariafenix.com.br\/index.php\/produto\/formula-natural-life-caes-adultos-racas-pequenas-15kg\/","name":"Formula Natural Life C\u00e3es Adultos Ra\u00e7as Pequenas 15Kg - Agropecu\u00e1ria Fenix","isPartOf":{"@id":"https:\/\/agropecuariafenix.com.br\/#website"},"primaryImageOfPage":{"@id":"https:\/\/agropecuariafenix.com.br\/index.php\/produto\/formula-natural-life-caes-adultos-racas-pequenas-15kg\/#primaryimage"},"image":{"@id":"https:\/\/agropecuariafenix.com.br\/index.php\/produto\/formula-natural-life-caes-adultos-racas-pequenas-15kg\/#primaryimage"},"thumbnailUrl":"https:\/\/agropecuariafenix.com.br\/wp-content\/uploads\/2023\/10\/Formula-Natural-Life-Ces-Adultos-Raas-Pequenas-15Kg-487970602.jpg","datePublished":"2023-09-30T16:17:04+00:00","dateModified":"2026-01-26T22:01:00+00:00","breadcrumb":{"@id":"https:\/\/agropecuariafenix.com.br\/index.php\/produto\/formula-natural-life-caes-adultos-racas-pequenas-15kg\/#breadcrumb"},"inLanguage":"pt-BR","potentialAction":[{"@type":"ReadAction","target":["https:\/\/agropecuariafenix.com.br\/index.php\/produto\/formula-natural-life-caes-adultos-racas-pequenas-15kg\/"]}]},{"@type":"ImageObject","inLanguage":"pt-BR","@id":"https:\/\/agropecuariafenix.com.br\/index.php\/produto\/formula-natural-life-caes-adultos-racas-pequenas-15kg\/#primaryimage","url":"https:\/\/agropecuariafenix.com.br\/wp-content\/uploads\/2023\/10\/Formula-Natural-Life-Ces-Adultos-Raas-Pequenas-15Kg-487970602.jpg","contentUrl":"https:\/\/agropecuariafenix.com.br\/wp-content\/uploads\/2023\/10\/Formula-Natural-Life-Ces-Adultos-Raas-Pequenas-15Kg-487970602.jpg","width":400,"height":400,"caption":"Formula Natural Life C\u00e3es Adultos Ra\u00e7as Pequenas 15Kg"},{"@type":"BreadcrumbList","@id":"https:\/\/agropecuariafenix.com.br\/index.php\/produto\/formula-natural-life-caes-adultos-racas-pequenas-15kg\/#breadcrumb","itemListElement":[{"@type":"ListItem","position":1,"name":"In\u00edcio","item":"https:\/\/agropecuariafenix.com.br\/"},{"@type":"ListItem","position":2,"name":"Todos os produtos","item":"https:\/\/agropecuariafenix.com.br\/index.php\/loja\/"},{"@type":"ListItem","position":3,"name":"Formula Natural Life C\u00e3es Adultos Ra\u00e7as Pequenas 15Kg"}]},{"@type":"WebSite","@id":"https:\/\/agropecuariafenix.com.br\/#website","url":"https:\/\/agropecuariafenix.com.br\/","name":"Agropecu\u00e1ria Fenix","description":"Agropecu\u00e1ria F\u00eanix Pet - Ra\u00e7\u00f5es \/ Medicamentos Pet \/ Cl\u00ednica Veterin\u00e1ria \/ Banho e Tosa \/ Cachorro \/\u00a0Gato\u00a0\/\u00a0P\u00e1ssaros","publisher":{"@id":"https:\/\/agropecuariafenix.com.br\/#organization"},"alternateName":"Agropecu\u00e1ria Fenix","potentialAction":[{"@type":"SearchAction","target":{"@type":"EntryPoint","urlTemplate":"https:\/\/agropecuariafenix.com.br\/?s={search_term_string}"},"query-input":{"@type":"PropertyValueSpecification","valueRequired":true,"valueName":"search_term_string"}}],"inLanguage":"pt-BR"},{"@type":"Organization","@id":"https:\/\/agropecuariafenix.com.br\/#organization","name":"Agropecu\u00e1ria Fenix","alternateName":"Agropecu\u00e1ria Fenix","url":"https:\/\/agropecuariafenix.com.br\/","logo":{"@type":"ImageObject","inLanguage":"pt-BR","@id":"https:\/\/agropecuariafenix.com.br\/#\/schema\/logo\/image\/","url":"https:\/\/agropecuariafenix.com.br\/wp-content\/uploads\/2023\/08\/logo_fenix3-Copy.png","contentUrl":"https:\/\/agropecuariafenix.com.br\/wp-content\/uploads\/2023\/08\/logo_fenix3-Copy.png","width":500,"height":500,"caption":"Agropecu\u00e1ria Fenix"},"image":{"@id":"https:\/\/agropecuariafenix.com.br\/#\/schema\/logo\/image\/"},"sameAs":["https:\/\/web.facebook.com\/agropecuariafenixjau","https:\/\/www.instagram.com\/agropecuaria_fenix_jau\/"]}]}},"_links":{"self":[{"href":"https:\/\/agropecuariafenix.com.br\/index.php\/wp-json\/wp\/v2\/product\/26666","targetHints":{"allow":["GET"]}}],"collection":[{"href":"https:\/\/agropecuariafenix.com.br\/index.php\/wp-json\/wp\/v2\/product"}],"about":[{"href":"https:\/\/agropecuariafenix.com.br\/index.php\/wp-json\/wp\/v2\/types\/product"}],"replies":[{"embeddable":true,"href":"https:\/\/agropecuariafenix.com.br\/index.php\/wp-json\/wp\/v2\/comments?post=26666"}],"version-history":[{"count":2,"href":"https:\/\/agropecuariafenix.com.br\/index.php\/wp-json\/wp\/v2\/product\/26666\/revisions"}],"predecessor-version":[{"id":26787,"href":"https:\/\/agropecuariafenix.com.br\/index.php\/wp-json\/wp\/v2\/product\/26666\/revisions\/26787"}],"wp:featuredmedia":[{"embeddable":true,"href":"https:\/\/agropecuariafenix.com.br\/index.php\/wp-json\/wp\/v2\/media\/26667"}],"wp:attachment":[{"href":"https:\/\/agropecuariafenix.com.br\/index.php\/wp-json\/wp\/v2\/media?parent=26666"}],"wp:term":[{"taxonomy":"product_brand","embeddable":true,"href":"https:\/\/agropecuariafenix.com.br\/index.php\/wp-json\/wp\/v2\/product_brand?post=26666"},{"taxonomy":"product_cat","embeddable":true,"href":"https:\/\/agropecuariafenix.com.br\/index.php\/wp-json\/wp\/v2\/product_cat?post=26666"},{"taxonomy":"product_tag","embeddable":true,"href":"https:\/\/agropecuariafenix.com.br\/index.php\/wp-json\/wp\/v2\/product_tag?post=26666"}],"curies":[{"name":"wp","href":"https:\/\/api.w.org\/{rel}","templated":true}]}}