{"id":26664,"date":"2023-09-30T13:11:43","date_gmt":"2023-09-30T16:11:43","guid":{"rendered":"https:\/\/agropecuariafenix.com.br\/index.php\/produto\/formula-natural-life-caes-adultos-racas-medias-e-grandes-15kg\/"},"modified":"2025-10-29T12:18:16","modified_gmt":"2025-10-29T15:18:16","slug":"formula-natural-life-caes-adultos-racas-medias-e-grandes-15kg","status":"publish","type":"product","link":"https:\/\/agropecuariafenix.com.br\/index.php\/produto\/formula-natural-life-caes-adultos-racas-medias-e-grandes-15kg\/","title":{"rendered":"F\u00f3rmula Natural Life C\u00e3es Adultos Ra\u00e7as M\u00e9dias E Grandes 15Kg"},"content":{"rendered":"<p>N\u00edveis de Garantia<br \/>\nUmidade (M\u00e1x.) 90 g\/kg 9% Prote\u00edna Bruta (M\u00edn.) 260 g\/kg 26% Extrato Et\u00e9reo (M\u00edn.) 130 g\/kg 13% Mat\u00e9ria Fibrosa (M\u00e1x.) 30 g\/kg 3% Mat\u00e9ria Mineral (M\u00e1x.) 85 g\/kg 8,5% C\u00e1lcio (M\u00e1x.) 16 g\/kg 1,6% C\u00e1lcio (M\u00edn.) 8.000 mg\/kg 0,8% F\u00f3sforo (M\u00edn.) 8.000 mg\/kg 0,8% S\u00f3dio (M\u00edn.) 2.000 mg\/kg Mananoligosac\u00e1ridos (M\u00edn.) 220 mg\/kg Inulina (M\u00edn.) 100 mg\/kg \u00d4mega 6 (M\u00edn.) 25 g\/kg \u00d4mega 3 (M\u00edn.) 3.500 mg\/kg Frutoligossacarideos (m\u00edn) 220mg\/kg<br \/>\nComposi\u00e7\u00e3o<br \/>\nFarinha de v\u00edsceras de aves, quirera de arroz, farelo de trigo, semente de linha\u00e7a, \u00f3leo de v\u00edsceras de aves, \u00f3leo de salm\u00e3o, palatabilizante de v\u00edsceras de su\u00edno e frango, frutas e vegetais desidratadas (manga, ma\u00e7\u00e3, cenoura, tomate), polpa de beterraba, cloreto de s\u00f3dio, farinha de alga Schizochytrium sp., prebi\u00f3ticos (parede celular de levedura, fruto-oligossacar\u00eddeos e inulina), extrato de yucca (0,04%), sulfato de condroitina (0,01%), sulfato de glucosamina (0,03%), vitaminas (A, D3, E, K3, C, B1, B2, B6, B12, biotina, pantotenato de c\u00e1lcio, \u00e1cido f\u00f3lico, niacina, cloreto de colina), minerais (sulfato de ferro, sulfato de cobre, iodato de c\u00e1lcio, cloreto de pot\u00e1ssio, proteinato de zinco, \u00f3xido de zinco, \u00f3xido de mangan\u00eas, proteinato de sel\u00eanio, selenito de s\u00f3dio), hexametafosfato de s\u00f3dio, \u00e1cido propi\u00f4nico, extratos vegetais (ch\u00e1 verde, alecrim e hortel\u00e3), extrato de tocoferol (antioxidante natural) (0,01%).<\/p>\n","protected":false},"excerpt":{"rendered":"<p>&#8211; Indicada para c\u00e3es adultos de porte m\u00e9dio e grande;<br \/>\n&#8211; Proporciona uma pelagem mais brilhante;<br \/>\n&#8211; Com antioxidantes naturais;<br \/>\n&#8211; Condroitina e glucosamina;<br \/>\n&#8211; Alimento completo para o seu c\u00e3o,<br \/>\n&#8211; Dispon\u00edvel em embalagem com 15kg.<\/p>\n","protected":false},"featured_media":26663,"comment_status":"open","ping_status":"closed","template":"","meta":[],"product_brand":[],"product_cat":[80],"product_tag":[79],"class_list":{"0":"post-26664","1":"product","2":"type-product","3":"status-publish","4":"has-post-thumbnail","6":"product_cat-racoes","7":"product_tag-15kg","9":"first","10":"instock","11":"shipping-taxable","12":"purchasable","13":"product-type-simple"},"yoast_head":"<!-- This site is optimized with the Yoast SEO plugin v27.6 - https:\/\/yoast.com\/product\/yoast-seo-wordpress\/ -->\n<title>F\u00f3rmula Natural Life C\u00e3es Adultos Ra\u00e7as M\u00e9dias E Grandes 15Kg - Agropecu\u00e1ria Fenix<\/title>\n<meta name=\"robots\" content=\"index, follow, max-snippet:-1, max-image-preview:large, max-video-preview:-1\" \/>\n<link rel=\"canonical\" href=\"https:\/\/agropecuariafenix.com.br\/index.php\/produto\/formula-natural-life-caes-adultos-racas-medias-e-grandes-15kg\/\" \/>\n<meta property=\"og:locale\" content=\"pt_BR\" \/>\n<meta property=\"og:type\" content=\"article\" \/>\n<meta property=\"og:title\" content=\"F\u00f3rmula Natural Life C\u00e3es Adultos Ra\u00e7as M\u00e9dias E Grandes 15Kg - Agropecu\u00e1ria Fenix\" \/>\n<meta property=\"og:description\" content=\"&#8211; Indicada para c\u00e3es adultos de porte m\u00e9dio e grande; &#8211; Proporciona uma pelagem mais brilhante; &#8211; Com antioxidantes naturais; &#8211; Condroitina e glucosamina; &#8211; Alimento completo para o seu c\u00e3o, &#8211; Dispon\u00edvel em embalagem com 15kg.\" \/>\n<meta property=\"og:url\" content=\"https:\/\/agropecuariafenix.com.br\/index.php\/produto\/formula-natural-life-caes-adultos-racas-medias-e-grandes-15kg\/\" \/>\n<meta property=\"og:site_name\" content=\"Agropecu\u00e1ria Fenix\" \/>\n<meta property=\"article:publisher\" content=\"https:\/\/web.facebook.com\/agropecuariafenixjau\" \/>\n<meta property=\"article:modified_time\" content=\"2025-10-29T15:18:16+00:00\" \/>\n<meta property=\"og:image\" content=\"https:\/\/agropecuariafenix.com.br\/wp-content\/uploads\/2023\/09\/Frmula-Natural-Life-Ces-Adultos-Raas-Mdias-E-Grandes-15Kg-1538275847.jpg\" \/>\n\t<meta property=\"og:image:width\" content=\"400\" \/>\n\t<meta property=\"og:image:height\" content=\"400\" \/>\n\t<meta property=\"og:image:type\" content=\"image\/jpeg\" \/>\n<meta name=\"twitter:card\" content=\"summary_large_image\" \/>\n<meta name=\"twitter:label1\" content=\"Est. tempo de leitura\" \/>\n\t<meta name=\"twitter:data1\" content=\"1 minuto\" \/>\n<script type=\"application\/ld+json\" class=\"yoast-schema-graph\">{\"@context\":\"https:\\\/\\\/schema.org\",\"@graph\":[{\"@type\":\"WebPage\",\"@id\":\"https:\\\/\\\/agropecuariafenix.com.br\\\/index.php\\\/produto\\\/formula-natural-life-caes-adultos-racas-medias-e-grandes-15kg\\\/\",\"url\":\"https:\\\/\\\/agropecuariafenix.com.br\\\/index.php\\\/produto\\\/formula-natural-life-caes-adultos-racas-medias-e-grandes-15kg\\\/\",\"name\":\"F\u00f3rmula Natural Life C\u00e3es Adultos Ra\u00e7as M\u00e9dias E Grandes 15Kg - Agropecu\u00e1ria Fenix\",\"isPartOf\":{\"@id\":\"https:\\\/\\\/agropecuariafenix.com.br\\\/#website\"},\"primaryImageOfPage\":{\"@id\":\"https:\\\/\\\/agropecuariafenix.com.br\\\/index.php\\\/produto\\\/formula-natural-life-caes-adultos-racas-medias-e-grandes-15kg\\\/#primaryimage\"},\"image\":{\"@id\":\"https:\\\/\\\/agropecuariafenix.com.br\\\/index.php\\\/produto\\\/formula-natural-life-caes-adultos-racas-medias-e-grandes-15kg\\\/#primaryimage\"},\"thumbnailUrl\":\"https:\\\/\\\/agropecuariafenix.com.br\\\/wp-content\\\/uploads\\\/2023\\\/09\\\/Frmula-Natural-Life-Ces-Adultos-Raas-Mdias-E-Grandes-15Kg-1538275847.jpg\",\"datePublished\":\"2023-09-30T16:11:43+00:00\",\"dateModified\":\"2025-10-29T15:18:16+00:00\",\"breadcrumb\":{\"@id\":\"https:\\\/\\\/agropecuariafenix.com.br\\\/index.php\\\/produto\\\/formula-natural-life-caes-adultos-racas-medias-e-grandes-15kg\\\/#breadcrumb\"},\"inLanguage\":\"pt-BR\",\"potentialAction\":[{\"@type\":\"ReadAction\",\"target\":[\"https:\\\/\\\/agropecuariafenix.com.br\\\/index.php\\\/produto\\\/formula-natural-life-caes-adultos-racas-medias-e-grandes-15kg\\\/\"]}]},{\"@type\":\"ImageObject\",\"inLanguage\":\"pt-BR\",\"@id\":\"https:\\\/\\\/agropecuariafenix.com.br\\\/index.php\\\/produto\\\/formula-natural-life-caes-adultos-racas-medias-e-grandes-15kg\\\/#primaryimage\",\"url\":\"https:\\\/\\\/agropecuariafenix.com.br\\\/wp-content\\\/uploads\\\/2023\\\/09\\\/Frmula-Natural-Life-Ces-Adultos-Raas-Mdias-E-Grandes-15Kg-1538275847.jpg\",\"contentUrl\":\"https:\\\/\\\/agropecuariafenix.com.br\\\/wp-content\\\/uploads\\\/2023\\\/09\\\/Frmula-Natural-Life-Ces-Adultos-Raas-Mdias-E-Grandes-15Kg-1538275847.jpg\",\"width\":400,\"height\":400,\"caption\":\"F\u00f3rmula Natural Life C\u00e3es Adultos Ra\u00e7as M\u00e9dias E Grandes 15Kg\"},{\"@type\":\"BreadcrumbList\",\"@id\":\"https:\\\/\\\/agropecuariafenix.com.br\\\/index.php\\\/produto\\\/formula-natural-life-caes-adultos-racas-medias-e-grandes-15kg\\\/#breadcrumb\",\"itemListElement\":[{\"@type\":\"ListItem\",\"position\":1,\"name\":\"In\u00edcio\",\"item\":\"https:\\\/\\\/agropecuariafenix.com.br\\\/\"},{\"@type\":\"ListItem\",\"position\":2,\"name\":\"Todos os produtos\",\"item\":\"https:\\\/\\\/agropecuariafenix.com.br\\\/index.php\\\/loja\\\/\"},{\"@type\":\"ListItem\",\"position\":3,\"name\":\"F\u00f3rmula Natural Life C\u00e3es Adultos Ra\u00e7as M\u00e9dias E Grandes 15Kg\"}]},{\"@type\":\"WebSite\",\"@id\":\"https:\\\/\\\/agropecuariafenix.com.br\\\/#website\",\"url\":\"https:\\\/\\\/agropecuariafenix.com.br\\\/\",\"name\":\"Agropecu\u00e1ria Fenix\",\"description\":\"Agropecu\u00e1ria F\u00eanix Pet - Ra\u00e7\u00f5es \\\/ Medicamentos Pet \\\/ Cl\u00ednica Veterin\u00e1ria \\\/ Banho e Tosa \\\/ Cachorro \\\/\u00a0Gato\u00a0\\\/\u00a0P\u00e1ssaros\",\"publisher\":{\"@id\":\"https:\\\/\\\/agropecuariafenix.com.br\\\/#organization\"},\"alternateName\":\"Agropecu\u00e1ria Fenix\",\"potentialAction\":[{\"@type\":\"SearchAction\",\"target\":{\"@type\":\"EntryPoint\",\"urlTemplate\":\"https:\\\/\\\/agropecuariafenix.com.br\\\/?s={search_term_string}\"},\"query-input\":{\"@type\":\"PropertyValueSpecification\",\"valueRequired\":true,\"valueName\":\"search_term_string\"}}],\"inLanguage\":\"pt-BR\"},{\"@type\":\"Organization\",\"@id\":\"https:\\\/\\\/agropecuariafenix.com.br\\\/#organization\",\"name\":\"Agropecu\u00e1ria Fenix\",\"alternateName\":\"Agropecu\u00e1ria Fenix\",\"url\":\"https:\\\/\\\/agropecuariafenix.com.br\\\/\",\"logo\":{\"@type\":\"ImageObject\",\"inLanguage\":\"pt-BR\",\"@id\":\"https:\\\/\\\/agropecuariafenix.com.br\\\/#\\\/schema\\\/logo\\\/image\\\/\",\"url\":\"https:\\\/\\\/agropecuariafenix.com.br\\\/wp-content\\\/uploads\\\/2023\\\/08\\\/logo_fenix3-Copy.png\",\"contentUrl\":\"https:\\\/\\\/agropecuariafenix.com.br\\\/wp-content\\\/uploads\\\/2023\\\/08\\\/logo_fenix3-Copy.png\",\"width\":500,\"height\":500,\"caption\":\"Agropecu\u00e1ria Fenix\"},\"image\":{\"@id\":\"https:\\\/\\\/agropecuariafenix.com.br\\\/#\\\/schema\\\/logo\\\/image\\\/\"},\"sameAs\":[\"https:\\\/\\\/web.facebook.com\\\/agropecuariafenixjau\",\"https:\\\/\\\/www.instagram.com\\\/agropecuaria_fenix_jau\\\/\"]}]}<\/script>\n<!-- \/ Yoast SEO plugin. -->","yoast_head_json":{"title":"F\u00f3rmula Natural Life C\u00e3es Adultos Ra\u00e7as M\u00e9dias E Grandes 15Kg - Agropecu\u00e1ria Fenix","robots":{"index":"index","follow":"follow","max-snippet":"max-snippet:-1","max-image-preview":"max-image-preview:large","max-video-preview":"max-video-preview:-1"},"canonical":"https:\/\/agropecuariafenix.com.br\/index.php\/produto\/formula-natural-life-caes-adultos-racas-medias-e-grandes-15kg\/","og_locale":"pt_BR","og_type":"article","og_title":"F\u00f3rmula Natural Life C\u00e3es Adultos Ra\u00e7as M\u00e9dias E Grandes 15Kg - Agropecu\u00e1ria Fenix","og_description":"&#8211; Indicada para c\u00e3es adultos de porte m\u00e9dio e grande; &#8211; Proporciona uma pelagem mais brilhante; &#8211; Com antioxidantes naturais; &#8211; Condroitina e glucosamina; &#8211; Alimento completo para o seu c\u00e3o, &#8211; Dispon\u00edvel em embalagem com 15kg.","og_url":"https:\/\/agropecuariafenix.com.br\/index.php\/produto\/formula-natural-life-caes-adultos-racas-medias-e-grandes-15kg\/","og_site_name":"Agropecu\u00e1ria Fenix","article_publisher":"https:\/\/web.facebook.com\/agropecuariafenixjau","article_modified_time":"2025-10-29T15:18:16+00:00","og_image":[{"width":400,"height":400,"url":"https:\/\/agropecuariafenix.com.br\/wp-content\/uploads\/2023\/09\/Frmula-Natural-Life-Ces-Adultos-Raas-Mdias-E-Grandes-15Kg-1538275847.jpg","type":"image\/jpeg"}],"twitter_card":"summary_large_image","twitter_misc":{"Est. tempo de leitura":"1 minuto"},"schema":{"@context":"https:\/\/schema.org","@graph":[{"@type":"WebPage","@id":"https:\/\/agropecuariafenix.com.br\/index.php\/produto\/formula-natural-life-caes-adultos-racas-medias-e-grandes-15kg\/","url":"https:\/\/agropecuariafenix.com.br\/index.php\/produto\/formula-natural-life-caes-adultos-racas-medias-e-grandes-15kg\/","name":"F\u00f3rmula Natural Life C\u00e3es Adultos Ra\u00e7as M\u00e9dias E Grandes 15Kg - Agropecu\u00e1ria Fenix","isPartOf":{"@id":"https:\/\/agropecuariafenix.com.br\/#website"},"primaryImageOfPage":{"@id":"https:\/\/agropecuariafenix.com.br\/index.php\/produto\/formula-natural-life-caes-adultos-racas-medias-e-grandes-15kg\/#primaryimage"},"image":{"@id":"https:\/\/agropecuariafenix.com.br\/index.php\/produto\/formula-natural-life-caes-adultos-racas-medias-e-grandes-15kg\/#primaryimage"},"thumbnailUrl":"https:\/\/agropecuariafenix.com.br\/wp-content\/uploads\/2023\/09\/Frmula-Natural-Life-Ces-Adultos-Raas-Mdias-E-Grandes-15Kg-1538275847.jpg","datePublished":"2023-09-30T16:11:43+00:00","dateModified":"2025-10-29T15:18:16+00:00","breadcrumb":{"@id":"https:\/\/agropecuariafenix.com.br\/index.php\/produto\/formula-natural-life-caes-adultos-racas-medias-e-grandes-15kg\/#breadcrumb"},"inLanguage":"pt-BR","potentialAction":[{"@type":"ReadAction","target":["https:\/\/agropecuariafenix.com.br\/index.php\/produto\/formula-natural-life-caes-adultos-racas-medias-e-grandes-15kg\/"]}]},{"@type":"ImageObject","inLanguage":"pt-BR","@id":"https:\/\/agropecuariafenix.com.br\/index.php\/produto\/formula-natural-life-caes-adultos-racas-medias-e-grandes-15kg\/#primaryimage","url":"https:\/\/agropecuariafenix.com.br\/wp-content\/uploads\/2023\/09\/Frmula-Natural-Life-Ces-Adultos-Raas-Mdias-E-Grandes-15Kg-1538275847.jpg","contentUrl":"https:\/\/agropecuariafenix.com.br\/wp-content\/uploads\/2023\/09\/Frmula-Natural-Life-Ces-Adultos-Raas-Mdias-E-Grandes-15Kg-1538275847.jpg","width":400,"height":400,"caption":"F\u00f3rmula Natural Life C\u00e3es Adultos Ra\u00e7as M\u00e9dias E Grandes 15Kg"},{"@type":"BreadcrumbList","@id":"https:\/\/agropecuariafenix.com.br\/index.php\/produto\/formula-natural-life-caes-adultos-racas-medias-e-grandes-15kg\/#breadcrumb","itemListElement":[{"@type":"ListItem","position":1,"name":"In\u00edcio","item":"https:\/\/agropecuariafenix.com.br\/"},{"@type":"ListItem","position":2,"name":"Todos os produtos","item":"https:\/\/agropecuariafenix.com.br\/index.php\/loja\/"},{"@type":"ListItem","position":3,"name":"F\u00f3rmula Natural Life C\u00e3es Adultos Ra\u00e7as M\u00e9dias E Grandes 15Kg"}]},{"@type":"WebSite","@id":"https:\/\/agropecuariafenix.com.br\/#website","url":"https:\/\/agropecuariafenix.com.br\/","name":"Agropecu\u00e1ria Fenix","description":"Agropecu\u00e1ria F\u00eanix Pet - Ra\u00e7\u00f5es \/ Medicamentos Pet \/ Cl\u00ednica Veterin\u00e1ria \/ Banho e Tosa \/ Cachorro \/\u00a0Gato\u00a0\/\u00a0P\u00e1ssaros","publisher":{"@id":"https:\/\/agropecuariafenix.com.br\/#organization"},"alternateName":"Agropecu\u00e1ria Fenix","potentialAction":[{"@type":"SearchAction","target":{"@type":"EntryPoint","urlTemplate":"https:\/\/agropecuariafenix.com.br\/?s={search_term_string}"},"query-input":{"@type":"PropertyValueSpecification","valueRequired":true,"valueName":"search_term_string"}}],"inLanguage":"pt-BR"},{"@type":"Organization","@id":"https:\/\/agropecuariafenix.com.br\/#organization","name":"Agropecu\u00e1ria Fenix","alternateName":"Agropecu\u00e1ria Fenix","url":"https:\/\/agropecuariafenix.com.br\/","logo":{"@type":"ImageObject","inLanguage":"pt-BR","@id":"https:\/\/agropecuariafenix.com.br\/#\/schema\/logo\/image\/","url":"https:\/\/agropecuariafenix.com.br\/wp-content\/uploads\/2023\/08\/logo_fenix3-Copy.png","contentUrl":"https:\/\/agropecuariafenix.com.br\/wp-content\/uploads\/2023\/08\/logo_fenix3-Copy.png","width":500,"height":500,"caption":"Agropecu\u00e1ria Fenix"},"image":{"@id":"https:\/\/agropecuariafenix.com.br\/#\/schema\/logo\/image\/"},"sameAs":["https:\/\/web.facebook.com\/agropecuariafenixjau","https:\/\/www.instagram.com\/agropecuaria_fenix_jau\/"]}]}},"_links":{"self":[{"href":"https:\/\/agropecuariafenix.com.br\/index.php\/wp-json\/wp\/v2\/product\/26664","targetHints":{"allow":["GET"]}}],"collection":[{"href":"https:\/\/agropecuariafenix.com.br\/index.php\/wp-json\/wp\/v2\/product"}],"about":[{"href":"https:\/\/agropecuariafenix.com.br\/index.php\/wp-json\/wp\/v2\/types\/product"}],"replies":[{"embeddable":true,"href":"https:\/\/agropecuariafenix.com.br\/index.php\/wp-json\/wp\/v2\/comments?post=26664"}],"version-history":[{"count":1,"href":"https:\/\/agropecuariafenix.com.br\/index.php\/wp-json\/wp\/v2\/product\/26664\/revisions"}],"predecessor-version":[{"id":26760,"href":"https:\/\/agropecuariafenix.com.br\/index.php\/wp-json\/wp\/v2\/product\/26664\/revisions\/26760"}],"wp:featuredmedia":[{"embeddable":true,"href":"https:\/\/agropecuariafenix.com.br\/index.php\/wp-json\/wp\/v2\/media\/26663"}],"wp:attachment":[{"href":"https:\/\/agropecuariafenix.com.br\/index.php\/wp-json\/wp\/v2\/media?parent=26664"}],"wp:term":[{"taxonomy":"product_brand","embeddable":true,"href":"https:\/\/agropecuariafenix.com.br\/index.php\/wp-json\/wp\/v2\/product_brand?post=26664"},{"taxonomy":"product_cat","embeddable":true,"href":"https:\/\/agropecuariafenix.com.br\/index.php\/wp-json\/wp\/v2\/product_cat?post=26664"},{"taxonomy":"product_tag","embeddable":true,"href":"https:\/\/agropecuariafenix.com.br\/index.php\/wp-json\/wp\/v2\/product_tag?post=26664"}],"curies":[{"name":"wp","href":"https:\/\/api.w.org\/{rel}","templated":true}]}}