{"id":26653,"date":"2023-09-22T18:52:58","date_gmt":"2023-09-22T21:52:58","guid":{"rendered":"https:\/\/agropecuariafenix.com.br\/index.php\/produto\/snow-dog-flores-adultos-racas-medias-e-grandes-power-15kg\/"},"modified":"2025-10-29T14:32:52","modified_gmt":"2025-10-29T17:32:52","slug":"snow-dog-flores-adultos-racas-medias-e-grandes-power-15kg","status":"publish","type":"product","link":"https:\/\/agropecuariafenix.com.br\/index.php\/produto\/snow-dog-flores-adultos-racas-medias-e-grandes-power-15kg\/","title":{"rendered":"Snow Dog Flores Adultos Ra\u00e7as Medias E Grandes Power 15Kg"},"content":{"rendered":"<p>Composi\u00e7\u00e3o<br \/>\nFarinha de v\u00edsceras de aves, farinha de carne e ossos de bovino, quirera de arroz, milho mo\u00eddo*, farelo de gl\u00faten de milho 60*, farelo de soja**, gr\u00e3o de sorgo, farelo de trigo, polpa de beterraba, banana (0,01%), gr\u00e3o de amendoim (0,01%), semente de dente-de-le\u00e3o (0,01%), \u00f3leo de aves, \u00f3leo de peixes, hidrolisado de f\u00edgado de aves, cloreto de s\u00f3dio (sal comum), vitamina A (palmitato de retinol), vitamina D3 (colecalciferol), vitamina E (DL-alfa-tocoferol), vitamina K3 (menadiona bissulfito de nicotinamida), vitamina B12 (cianocobalamina), vitamina B6 (piridoxina), vitamina B2 (riboflavina), vitamina B1 (tiamina), \u00e1cido pantot\u00eanico, niacina, \u00e1cido f\u00f3lico, cloreto de colina, sulfato de mangan\u00eas, sulfato de cobre, iodato de c\u00e1lcio, selenito de s\u00f3dio, sulfato de zinco, sulfato ferroso, Sulfato de condroitina (0,02%), Sulfato de Glicosamina (0,02%), Vitamina C (\u00c1cido Asc\u00f3rbico) (0,06%), extrato de Yucca (Yucca schidigera) (0,04%), parede celular de levedura (beta-glucanas, mananoligossacarideo e glucomananos) (0,12%), zeolita (0,3%), bentonita (0,1%), extrato de parede de levedura (betaglucana e mananoligossacarideo) (0,1%), extrato de cardo mariano (0,1%), BHA (Butilhidroxianisol), BHT (Butilhidroxitolueno), complexo sel\u00eanio amino\u00e1cido (0,01%), complexo zinco amino\u00e1cido (0,03%), carnitina (0,01%), taurina (0,035%), sorbato de pot\u00e1ssio.<\/p>\n","protected":false},"excerpt":{"rendered":"<p>Inspirada no poder das flores, a Ra\u00e7\u00e3o Seca Snow Dog Flores Power para C\u00e3es Adultos Porte M\u00e9dio e Grande \u00e9 enriquecida com prote\u00ednas de alta qualidade e BCAA, oferecendo suporte \u00e0 musculatura e protegendo as articula\u00e7\u00f5es com condroitina e glicosamina. Rica em \u00f4mega 3 e 6, vitaminas e outros nutrientes essenciais, \u00e9 livre de corantes e transg\u00eanicos, garantindo uma alimenta\u00e7\u00e3o segura para seu companheiro de quatro patas.<\/p>\n","protected":false},"featured_media":26652,"comment_status":"open","ping_status":"closed","template":"","meta":[],"product_brand":[],"product_cat":[1630,80],"product_tag":[79],"class_list":{"0":"post-26653","1":"product","2":"type-product","3":"status-publish","4":"has-post-thumbnail","6":"product_cat-cao","7":"product_cat-racoes","8":"product_tag-15kg","10":"first","11":"instock","12":"shipping-taxable","13":"purchasable","14":"product-type-simple"},"yoast_head":"<!-- This site is optimized with the Yoast SEO plugin v27.6 - https:\/\/yoast.com\/product\/yoast-seo-wordpress\/ -->\n<title>Snow Dog Flores Adultos Ra\u00e7as Medias E Grandes Power 15Kg - Agropecu\u00e1ria Fenix<\/title>\n<meta name=\"robots\" content=\"index, follow, max-snippet:-1, max-image-preview:large, max-video-preview:-1\" \/>\n<link rel=\"canonical\" href=\"https:\/\/agropecuariafenix.com.br\/index.php\/produto\/snow-dog-flores-adultos-racas-medias-e-grandes-power-15kg\/\" \/>\n<meta property=\"og:locale\" content=\"pt_BR\" \/>\n<meta property=\"og:type\" content=\"article\" \/>\n<meta property=\"og:title\" content=\"Snow Dog Flores Adultos Ra\u00e7as Medias E Grandes Power 15Kg - Agropecu\u00e1ria Fenix\" \/>\n<meta property=\"og:description\" content=\"Inspirada no poder das flores, a Ra\u00e7\u00e3o Seca Snow Dog Flores Power para C\u00e3es Adultos Porte M\u00e9dio e Grande \u00e9 enriquecida com prote\u00ednas de alta qualidade e BCAA, oferecendo suporte \u00e0 musculatura e protegendo as articula\u00e7\u00f5es com condroitina e glicosamina. Rica em \u00f4mega 3 e 6, vitaminas e outros nutrientes essenciais, \u00e9 livre de corantes e transg\u00eanicos, garantindo uma alimenta\u00e7\u00e3o segura para seu companheiro de quatro patas.\" \/>\n<meta property=\"og:url\" content=\"https:\/\/agropecuariafenix.com.br\/index.php\/produto\/snow-dog-flores-adultos-racas-medias-e-grandes-power-15kg\/\" \/>\n<meta property=\"og:site_name\" content=\"Agropecu\u00e1ria Fenix\" \/>\n<meta property=\"article:publisher\" content=\"https:\/\/web.facebook.com\/agropecuariafenixjau\" \/>\n<meta property=\"article:modified_time\" content=\"2025-10-29T17:32:52+00:00\" \/>\n<meta property=\"og:image\" content=\"https:\/\/agropecuariafenix.com.br\/wp-content\/uploads\/2023\/09\/Snow-Dog-Flores-Adultos-Raas-Medias-E-Grandes-Power-15Kg-121860497.jpg\" \/>\n\t<meta property=\"og:image:width\" content=\"400\" \/>\n\t<meta property=\"og:image:height\" content=\"400\" \/>\n\t<meta property=\"og:image:type\" content=\"image\/jpeg\" \/>\n<meta name=\"twitter:card\" content=\"summary_large_image\" \/>\n<meta name=\"twitter:label1\" content=\"Est. tempo de leitura\" \/>\n\t<meta name=\"twitter:data1\" content=\"1 minuto\" \/>\n<script type=\"application\/ld+json\" class=\"yoast-schema-graph\">{\"@context\":\"https:\\\/\\\/schema.org\",\"@graph\":[{\"@type\":\"WebPage\",\"@id\":\"https:\\\/\\\/agropecuariafenix.com.br\\\/index.php\\\/produto\\\/snow-dog-flores-adultos-racas-medias-e-grandes-power-15kg\\\/\",\"url\":\"https:\\\/\\\/agropecuariafenix.com.br\\\/index.php\\\/produto\\\/snow-dog-flores-adultos-racas-medias-e-grandes-power-15kg\\\/\",\"name\":\"Snow Dog Flores Adultos Ra\u00e7as Medias E Grandes Power 15Kg - Agropecu\u00e1ria Fenix\",\"isPartOf\":{\"@id\":\"https:\\\/\\\/agropecuariafenix.com.br\\\/#website\"},\"primaryImageOfPage\":{\"@id\":\"https:\\\/\\\/agropecuariafenix.com.br\\\/index.php\\\/produto\\\/snow-dog-flores-adultos-racas-medias-e-grandes-power-15kg\\\/#primaryimage\"},\"image\":{\"@id\":\"https:\\\/\\\/agropecuariafenix.com.br\\\/index.php\\\/produto\\\/snow-dog-flores-adultos-racas-medias-e-grandes-power-15kg\\\/#primaryimage\"},\"thumbnailUrl\":\"https:\\\/\\\/agropecuariafenix.com.br\\\/wp-content\\\/uploads\\\/2023\\\/09\\\/Snow-Dog-Flores-Adultos-Raas-Medias-E-Grandes-Power-15Kg-121860497.jpg\",\"datePublished\":\"2023-09-22T21:52:58+00:00\",\"dateModified\":\"2025-10-29T17:32:52+00:00\",\"breadcrumb\":{\"@id\":\"https:\\\/\\\/agropecuariafenix.com.br\\\/index.php\\\/produto\\\/snow-dog-flores-adultos-racas-medias-e-grandes-power-15kg\\\/#breadcrumb\"},\"inLanguage\":\"pt-BR\",\"potentialAction\":[{\"@type\":\"ReadAction\",\"target\":[\"https:\\\/\\\/agropecuariafenix.com.br\\\/index.php\\\/produto\\\/snow-dog-flores-adultos-racas-medias-e-grandes-power-15kg\\\/\"]}]},{\"@type\":\"ImageObject\",\"inLanguage\":\"pt-BR\",\"@id\":\"https:\\\/\\\/agropecuariafenix.com.br\\\/index.php\\\/produto\\\/snow-dog-flores-adultos-racas-medias-e-grandes-power-15kg\\\/#primaryimage\",\"url\":\"https:\\\/\\\/agropecuariafenix.com.br\\\/wp-content\\\/uploads\\\/2023\\\/09\\\/Snow-Dog-Flores-Adultos-Raas-Medias-E-Grandes-Power-15Kg-121860497.jpg\",\"contentUrl\":\"https:\\\/\\\/agropecuariafenix.com.br\\\/wp-content\\\/uploads\\\/2023\\\/09\\\/Snow-Dog-Flores-Adultos-Raas-Medias-E-Grandes-Power-15Kg-121860497.jpg\",\"width\":400,\"height\":400,\"caption\":\"Snow Dog Flores Adultos Ra\u00e7as Medias E Grandes Power 15Kg\"},{\"@type\":\"BreadcrumbList\",\"@id\":\"https:\\\/\\\/agropecuariafenix.com.br\\\/index.php\\\/produto\\\/snow-dog-flores-adultos-racas-medias-e-grandes-power-15kg\\\/#breadcrumb\",\"itemListElement\":[{\"@type\":\"ListItem\",\"position\":1,\"name\":\"In\u00edcio\",\"item\":\"https:\\\/\\\/agropecuariafenix.com.br\\\/\"},{\"@type\":\"ListItem\",\"position\":2,\"name\":\"Todos os produtos\",\"item\":\"https:\\\/\\\/agropecuariafenix.com.br\\\/index.php\\\/loja\\\/\"},{\"@type\":\"ListItem\",\"position\":3,\"name\":\"Snow Dog Flores Adultos Ra\u00e7as Medias E Grandes Power 15Kg\"}]},{\"@type\":\"WebSite\",\"@id\":\"https:\\\/\\\/agropecuariafenix.com.br\\\/#website\",\"url\":\"https:\\\/\\\/agropecuariafenix.com.br\\\/\",\"name\":\"Agropecu\u00e1ria Fenix\",\"description\":\"Agropecu\u00e1ria F\u00eanix Pet - Ra\u00e7\u00f5es \\\/ Medicamentos Pet \\\/ Cl\u00ednica Veterin\u00e1ria \\\/ Banho e Tosa \\\/ Cachorro \\\/\u00a0Gato\u00a0\\\/\u00a0P\u00e1ssaros\",\"publisher\":{\"@id\":\"https:\\\/\\\/agropecuariafenix.com.br\\\/#organization\"},\"alternateName\":\"Agropecu\u00e1ria Fenix\",\"potentialAction\":[{\"@type\":\"SearchAction\",\"target\":{\"@type\":\"EntryPoint\",\"urlTemplate\":\"https:\\\/\\\/agropecuariafenix.com.br\\\/?s={search_term_string}\"},\"query-input\":{\"@type\":\"PropertyValueSpecification\",\"valueRequired\":true,\"valueName\":\"search_term_string\"}}],\"inLanguage\":\"pt-BR\"},{\"@type\":\"Organization\",\"@id\":\"https:\\\/\\\/agropecuariafenix.com.br\\\/#organization\",\"name\":\"Agropecu\u00e1ria Fenix\",\"alternateName\":\"Agropecu\u00e1ria Fenix\",\"url\":\"https:\\\/\\\/agropecuariafenix.com.br\\\/\",\"logo\":{\"@type\":\"ImageObject\",\"inLanguage\":\"pt-BR\",\"@id\":\"https:\\\/\\\/agropecuariafenix.com.br\\\/#\\\/schema\\\/logo\\\/image\\\/\",\"url\":\"https:\\\/\\\/agropecuariafenix.com.br\\\/wp-content\\\/uploads\\\/2023\\\/08\\\/logo_fenix3-Copy.png\",\"contentUrl\":\"https:\\\/\\\/agropecuariafenix.com.br\\\/wp-content\\\/uploads\\\/2023\\\/08\\\/logo_fenix3-Copy.png\",\"width\":500,\"height\":500,\"caption\":\"Agropecu\u00e1ria Fenix\"},\"image\":{\"@id\":\"https:\\\/\\\/agropecuariafenix.com.br\\\/#\\\/schema\\\/logo\\\/image\\\/\"},\"sameAs\":[\"https:\\\/\\\/web.facebook.com\\\/agropecuariafenixjau\",\"https:\\\/\\\/www.instagram.com\\\/agropecuaria_fenix_jau\\\/\"]}]}<\/script>\n<!-- \/ Yoast SEO plugin. -->","yoast_head_json":{"title":"Snow Dog Flores Adultos Ra\u00e7as Medias E Grandes Power 15Kg - Agropecu\u00e1ria Fenix","robots":{"index":"index","follow":"follow","max-snippet":"max-snippet:-1","max-image-preview":"max-image-preview:large","max-video-preview":"max-video-preview:-1"},"canonical":"https:\/\/agropecuariafenix.com.br\/index.php\/produto\/snow-dog-flores-adultos-racas-medias-e-grandes-power-15kg\/","og_locale":"pt_BR","og_type":"article","og_title":"Snow Dog Flores Adultos Ra\u00e7as Medias E Grandes Power 15Kg - Agropecu\u00e1ria Fenix","og_description":"Inspirada no poder das flores, a Ra\u00e7\u00e3o Seca Snow Dog Flores Power para C\u00e3es Adultos Porte M\u00e9dio e Grande \u00e9 enriquecida com prote\u00ednas de alta qualidade e BCAA, oferecendo suporte \u00e0 musculatura e protegendo as articula\u00e7\u00f5es com condroitina e glicosamina. Rica em \u00f4mega 3 e 6, vitaminas e outros nutrientes essenciais, \u00e9 livre de corantes e transg\u00eanicos, garantindo uma alimenta\u00e7\u00e3o segura para seu companheiro de quatro patas.","og_url":"https:\/\/agropecuariafenix.com.br\/index.php\/produto\/snow-dog-flores-adultos-racas-medias-e-grandes-power-15kg\/","og_site_name":"Agropecu\u00e1ria Fenix","article_publisher":"https:\/\/web.facebook.com\/agropecuariafenixjau","article_modified_time":"2025-10-29T17:32:52+00:00","og_image":[{"width":400,"height":400,"url":"https:\/\/agropecuariafenix.com.br\/wp-content\/uploads\/2023\/09\/Snow-Dog-Flores-Adultos-Raas-Medias-E-Grandes-Power-15Kg-121860497.jpg","type":"image\/jpeg"}],"twitter_card":"summary_large_image","twitter_misc":{"Est. tempo de leitura":"1 minuto"},"schema":{"@context":"https:\/\/schema.org","@graph":[{"@type":"WebPage","@id":"https:\/\/agropecuariafenix.com.br\/index.php\/produto\/snow-dog-flores-adultos-racas-medias-e-grandes-power-15kg\/","url":"https:\/\/agropecuariafenix.com.br\/index.php\/produto\/snow-dog-flores-adultos-racas-medias-e-grandes-power-15kg\/","name":"Snow Dog Flores Adultos Ra\u00e7as Medias E Grandes Power 15Kg - Agropecu\u00e1ria Fenix","isPartOf":{"@id":"https:\/\/agropecuariafenix.com.br\/#website"},"primaryImageOfPage":{"@id":"https:\/\/agropecuariafenix.com.br\/index.php\/produto\/snow-dog-flores-adultos-racas-medias-e-grandes-power-15kg\/#primaryimage"},"image":{"@id":"https:\/\/agropecuariafenix.com.br\/index.php\/produto\/snow-dog-flores-adultos-racas-medias-e-grandes-power-15kg\/#primaryimage"},"thumbnailUrl":"https:\/\/agropecuariafenix.com.br\/wp-content\/uploads\/2023\/09\/Snow-Dog-Flores-Adultos-Raas-Medias-E-Grandes-Power-15Kg-121860497.jpg","datePublished":"2023-09-22T21:52:58+00:00","dateModified":"2025-10-29T17:32:52+00:00","breadcrumb":{"@id":"https:\/\/agropecuariafenix.com.br\/index.php\/produto\/snow-dog-flores-adultos-racas-medias-e-grandes-power-15kg\/#breadcrumb"},"inLanguage":"pt-BR","potentialAction":[{"@type":"ReadAction","target":["https:\/\/agropecuariafenix.com.br\/index.php\/produto\/snow-dog-flores-adultos-racas-medias-e-grandes-power-15kg\/"]}]},{"@type":"ImageObject","inLanguage":"pt-BR","@id":"https:\/\/agropecuariafenix.com.br\/index.php\/produto\/snow-dog-flores-adultos-racas-medias-e-grandes-power-15kg\/#primaryimage","url":"https:\/\/agropecuariafenix.com.br\/wp-content\/uploads\/2023\/09\/Snow-Dog-Flores-Adultos-Raas-Medias-E-Grandes-Power-15Kg-121860497.jpg","contentUrl":"https:\/\/agropecuariafenix.com.br\/wp-content\/uploads\/2023\/09\/Snow-Dog-Flores-Adultos-Raas-Medias-E-Grandes-Power-15Kg-121860497.jpg","width":400,"height":400,"caption":"Snow Dog Flores Adultos Ra\u00e7as Medias E Grandes Power 15Kg"},{"@type":"BreadcrumbList","@id":"https:\/\/agropecuariafenix.com.br\/index.php\/produto\/snow-dog-flores-adultos-racas-medias-e-grandes-power-15kg\/#breadcrumb","itemListElement":[{"@type":"ListItem","position":1,"name":"In\u00edcio","item":"https:\/\/agropecuariafenix.com.br\/"},{"@type":"ListItem","position":2,"name":"Todos os produtos","item":"https:\/\/agropecuariafenix.com.br\/index.php\/loja\/"},{"@type":"ListItem","position":3,"name":"Snow Dog Flores Adultos Ra\u00e7as Medias E Grandes Power 15Kg"}]},{"@type":"WebSite","@id":"https:\/\/agropecuariafenix.com.br\/#website","url":"https:\/\/agropecuariafenix.com.br\/","name":"Agropecu\u00e1ria Fenix","description":"Agropecu\u00e1ria F\u00eanix Pet - Ra\u00e7\u00f5es \/ Medicamentos Pet \/ Cl\u00ednica Veterin\u00e1ria \/ Banho e Tosa \/ Cachorro \/\u00a0Gato\u00a0\/\u00a0P\u00e1ssaros","publisher":{"@id":"https:\/\/agropecuariafenix.com.br\/#organization"},"alternateName":"Agropecu\u00e1ria Fenix","potentialAction":[{"@type":"SearchAction","target":{"@type":"EntryPoint","urlTemplate":"https:\/\/agropecuariafenix.com.br\/?s={search_term_string}"},"query-input":{"@type":"PropertyValueSpecification","valueRequired":true,"valueName":"search_term_string"}}],"inLanguage":"pt-BR"},{"@type":"Organization","@id":"https:\/\/agropecuariafenix.com.br\/#organization","name":"Agropecu\u00e1ria Fenix","alternateName":"Agropecu\u00e1ria Fenix","url":"https:\/\/agropecuariafenix.com.br\/","logo":{"@type":"ImageObject","inLanguage":"pt-BR","@id":"https:\/\/agropecuariafenix.com.br\/#\/schema\/logo\/image\/","url":"https:\/\/agropecuariafenix.com.br\/wp-content\/uploads\/2023\/08\/logo_fenix3-Copy.png","contentUrl":"https:\/\/agropecuariafenix.com.br\/wp-content\/uploads\/2023\/08\/logo_fenix3-Copy.png","width":500,"height":500,"caption":"Agropecu\u00e1ria Fenix"},"image":{"@id":"https:\/\/agropecuariafenix.com.br\/#\/schema\/logo\/image\/"},"sameAs":["https:\/\/web.facebook.com\/agropecuariafenixjau","https:\/\/www.instagram.com\/agropecuaria_fenix_jau\/"]}]}},"_links":{"self":[{"href":"https:\/\/agropecuariafenix.com.br\/index.php\/wp-json\/wp\/v2\/product\/26653","targetHints":{"allow":["GET"]}}],"collection":[{"href":"https:\/\/agropecuariafenix.com.br\/index.php\/wp-json\/wp\/v2\/product"}],"about":[{"href":"https:\/\/agropecuariafenix.com.br\/index.php\/wp-json\/wp\/v2\/types\/product"}],"replies":[{"embeddable":true,"href":"https:\/\/agropecuariafenix.com.br\/index.php\/wp-json\/wp\/v2\/comments?post=26653"}],"version-history":[{"count":2,"href":"https:\/\/agropecuariafenix.com.br\/index.php\/wp-json\/wp\/v2\/product\/26653\/revisions"}],"predecessor-version":[{"id":26953,"href":"https:\/\/agropecuariafenix.com.br\/index.php\/wp-json\/wp\/v2\/product\/26653\/revisions\/26953"}],"wp:featuredmedia":[{"embeddable":true,"href":"https:\/\/agropecuariafenix.com.br\/index.php\/wp-json\/wp\/v2\/media\/26652"}],"wp:attachment":[{"href":"https:\/\/agropecuariafenix.com.br\/index.php\/wp-json\/wp\/v2\/media?parent=26653"}],"wp:term":[{"taxonomy":"product_brand","embeddable":true,"href":"https:\/\/agropecuariafenix.com.br\/index.php\/wp-json\/wp\/v2\/product_brand?post=26653"},{"taxonomy":"product_cat","embeddable":true,"href":"https:\/\/agropecuariafenix.com.br\/index.php\/wp-json\/wp\/v2\/product_cat?post=26653"},{"taxonomy":"product_tag","embeddable":true,"href":"https:\/\/agropecuariafenix.com.br\/index.php\/wp-json\/wp\/v2\/product_tag?post=26653"}],"curies":[{"name":"wp","href":"https:\/\/api.w.org\/{rel}","templated":true}]}}