{"id":26600,"date":"2023-08-30T19:36:34","date_gmt":"2023-08-30T22:36:34","guid":{"rendered":"https:\/\/agropecuariafenix.com.br\/index.php\/produto\/snow-dog-gourmet-cordeiro-com-hortela-20kg\/"},"modified":"2025-08-03T00:00:07","modified_gmt":"2025-08-03T03:00:07","slug":"snow-dog-gourmet-cordeiro-com-hortela-20kg","status":"publish","type":"product","link":"https:\/\/agropecuariafenix.com.br\/index.php\/produto\/snow-dog-gourmet-cordeiro-com-hortela-20kg\/","title":{"rendered":"Snow Dog Gourmet Cordeiro Com Hortela 20Kg"},"content":{"rendered":"<p>Composi\u00e7\u00e3o<br \/>\nFarinha de v\u00edsceras com ossos de aves, farinha de carne e osso de bovinos, farinha de carne de ovinos (cordeiro) (0,1%), milho mo\u00eddo*, farelo de gl\u00faten 60% de milho*, farelo de soja**, farelo de trigo, farelo de g\u00e9rmen de milho*, quirera de arroz, hortel\u00e3 desidratado (0,001%), corante natural caramelo I \u2013 simples, \u00f3leo de aves, hidrolisado de f\u00edgado de aves, cloreto de s\u00f3dio (sal comum), vitamina A (palmitato de retinol), vitamina D3 (colecalciferol), vitamina E (DL-alfa-tocoferol), vitamina K3 vitamina E (menadiona bissulfito de nicotinamida), vitamina B12 (cianocobalamina), vitamina B6 (piridoxina), vitamina B2 (riboflavina), vitamina B1 (tiamina), \u00e1cido pantot\u00eanico, niacina, \u00e1cido f\u00f3lico, cloreto de colina, sulfato de mangan\u00eas, sulfato de cobre, iodato de c\u00e1lcio, selenito de s\u00f3dio, sulfato de zinco, sulfato ferroso, butilhidroxianisol, butilhidroxitolueno, parede celular de levedura (0,1%), extrato de Yucca (Yucca schidigera) (0,04%), bentonita, extrato de parede de levedura, sorbato de pot\u00e1ssio.<br \/>\nN\u00edveis de garantia<\/p>\n","protected":false},"excerpt":{"rendered":"<p>A Ra\u00e7\u00e3o Seca Snow Dog Gourmet Cordeiro com Hortel\u00e3 para C\u00e3es Adultos \u00e9 feita especialmente para atender o paladar dos peludos, com sabor inigual\u00e1vel e alto \u00edndice de aceita\u00e7\u00e3o. Cont\u00e9m ingredientes funcionais e antioxidante natural, que promovem efeitos positivos para a sa\u00fade e diminuem os riscos de doen\u00e7as. Sua f\u00f3rmula sem corantes e aromas artificiais tamb\u00e9m garante longevidade e auxilia na manuten\u00e7\u00e3o do funcionamento intestinal.<\/p>\n","protected":false},"featured_media":26599,"comment_status":"open","ping_status":"closed","template":"","meta":[],"product_brand":[],"product_cat":[80],"product_tag":[190,259],"class_list":{"0":"post-26600","1":"product","2":"type-product","3":"status-publish","4":"has-post-thumbnail","6":"product_cat-racoes","7":"product_tag-20kg","8":"product_tag-cordeiro","10":"first","11":"outofstock","12":"shipping-taxable","13":"purchasable","14":"product-type-simple"},"yoast_head":"<!-- This site is optimized with the Yoast SEO plugin v27.6 - https:\/\/yoast.com\/product\/yoast-seo-wordpress\/ -->\n<title>Snow Dog Gourmet Cordeiro Com Hortela 20Kg - Agropecu\u00e1ria Fenix<\/title>\n<meta name=\"robots\" content=\"index, follow, max-snippet:-1, max-image-preview:large, max-video-preview:-1\" \/>\n<link rel=\"canonical\" href=\"https:\/\/agropecuariafenix.com.br\/index.php\/produto\/snow-dog-gourmet-cordeiro-com-hortela-20kg\/\" \/>\n<meta property=\"og:locale\" content=\"pt_BR\" \/>\n<meta property=\"og:type\" content=\"article\" \/>\n<meta property=\"og:title\" content=\"Snow Dog Gourmet Cordeiro Com Hortela 20Kg - Agropecu\u00e1ria Fenix\" \/>\n<meta property=\"og:description\" content=\"A Ra\u00e7\u00e3o Seca Snow Dog Gourmet Cordeiro com Hortel\u00e3 para C\u00e3es Adultos \u00e9 feita especialmente para atender o paladar dos peludos, com sabor inigual\u00e1vel e alto \u00edndice de aceita\u00e7\u00e3o. Cont\u00e9m ingredientes funcionais e antioxidante natural, que promovem efeitos positivos para a sa\u00fade e diminuem os riscos de doen\u00e7as. Sua f\u00f3rmula sem corantes e aromas artificiais tamb\u00e9m garante longevidade e auxilia na manuten\u00e7\u00e3o do funcionamento intestinal.\" \/>\n<meta property=\"og:url\" content=\"https:\/\/agropecuariafenix.com.br\/index.php\/produto\/snow-dog-gourmet-cordeiro-com-hortela-20kg\/\" \/>\n<meta property=\"og:site_name\" content=\"Agropecu\u00e1ria Fenix\" \/>\n<meta property=\"article:publisher\" content=\"https:\/\/web.facebook.com\/agropecuariafenixjau\" \/>\n<meta property=\"article:modified_time\" content=\"2025-08-03T03:00:07+00:00\" \/>\n<meta property=\"og:image\" content=\"https:\/\/agropecuariafenix.com.br\/wp-content\/uploads\/2023\/08\/Snow-Dog-Gourmet-Cordeiro-Com-Hortela-20Kg-1898455270.jpg\" \/>\n\t<meta property=\"og:image:width\" content=\"400\" \/>\n\t<meta property=\"og:image:height\" content=\"400\" \/>\n\t<meta property=\"og:image:type\" content=\"image\/jpeg\" \/>\n<meta name=\"twitter:card\" content=\"summary_large_image\" \/>\n<meta name=\"twitter:label1\" content=\"Est. tempo de leitura\" \/>\n\t<meta name=\"twitter:data1\" content=\"1 minuto\" \/>\n<script type=\"application\/ld+json\" class=\"yoast-schema-graph\">{\"@context\":\"https:\\\/\\\/schema.org\",\"@graph\":[{\"@type\":\"WebPage\",\"@id\":\"https:\\\/\\\/agropecuariafenix.com.br\\\/index.php\\\/produto\\\/snow-dog-gourmet-cordeiro-com-hortela-20kg\\\/\",\"url\":\"https:\\\/\\\/agropecuariafenix.com.br\\\/index.php\\\/produto\\\/snow-dog-gourmet-cordeiro-com-hortela-20kg\\\/\",\"name\":\"Snow Dog Gourmet Cordeiro Com Hortela 20Kg - Agropecu\u00e1ria Fenix\",\"isPartOf\":{\"@id\":\"https:\\\/\\\/agropecuariafenix.com.br\\\/#website\"},\"primaryImageOfPage\":{\"@id\":\"https:\\\/\\\/agropecuariafenix.com.br\\\/index.php\\\/produto\\\/snow-dog-gourmet-cordeiro-com-hortela-20kg\\\/#primaryimage\"},\"image\":{\"@id\":\"https:\\\/\\\/agropecuariafenix.com.br\\\/index.php\\\/produto\\\/snow-dog-gourmet-cordeiro-com-hortela-20kg\\\/#primaryimage\"},\"thumbnailUrl\":\"https:\\\/\\\/agropecuariafenix.com.br\\\/wp-content\\\/uploads\\\/2023\\\/08\\\/Snow-Dog-Gourmet-Cordeiro-Com-Hortela-20Kg-1898455270.jpg\",\"datePublished\":\"2023-08-30T22:36:34+00:00\",\"dateModified\":\"2025-08-03T03:00:07+00:00\",\"breadcrumb\":{\"@id\":\"https:\\\/\\\/agropecuariafenix.com.br\\\/index.php\\\/produto\\\/snow-dog-gourmet-cordeiro-com-hortela-20kg\\\/#breadcrumb\"},\"inLanguage\":\"pt-BR\",\"potentialAction\":[{\"@type\":\"ReadAction\",\"target\":[\"https:\\\/\\\/agropecuariafenix.com.br\\\/index.php\\\/produto\\\/snow-dog-gourmet-cordeiro-com-hortela-20kg\\\/\"]}]},{\"@type\":\"ImageObject\",\"inLanguage\":\"pt-BR\",\"@id\":\"https:\\\/\\\/agropecuariafenix.com.br\\\/index.php\\\/produto\\\/snow-dog-gourmet-cordeiro-com-hortela-20kg\\\/#primaryimage\",\"url\":\"https:\\\/\\\/agropecuariafenix.com.br\\\/wp-content\\\/uploads\\\/2023\\\/08\\\/Snow-Dog-Gourmet-Cordeiro-Com-Hortela-20Kg-1898455270.jpg\",\"contentUrl\":\"https:\\\/\\\/agropecuariafenix.com.br\\\/wp-content\\\/uploads\\\/2023\\\/08\\\/Snow-Dog-Gourmet-Cordeiro-Com-Hortela-20Kg-1898455270.jpg\",\"width\":400,\"height\":400,\"caption\":\"Snow Dog Gourmet Cordeiro Com Hortela 20Kg\"},{\"@type\":\"BreadcrumbList\",\"@id\":\"https:\\\/\\\/agropecuariafenix.com.br\\\/index.php\\\/produto\\\/snow-dog-gourmet-cordeiro-com-hortela-20kg\\\/#breadcrumb\",\"itemListElement\":[{\"@type\":\"ListItem\",\"position\":1,\"name\":\"In\u00edcio\",\"item\":\"https:\\\/\\\/agropecuariafenix.com.br\\\/\"},{\"@type\":\"ListItem\",\"position\":2,\"name\":\"Todos os produtos\",\"item\":\"https:\\\/\\\/agropecuariafenix.com.br\\\/index.php\\\/loja\\\/\"},{\"@type\":\"ListItem\",\"position\":3,\"name\":\"Snow Dog Gourmet Cordeiro Com Hortela 20Kg\"}]},{\"@type\":\"WebSite\",\"@id\":\"https:\\\/\\\/agropecuariafenix.com.br\\\/#website\",\"url\":\"https:\\\/\\\/agropecuariafenix.com.br\\\/\",\"name\":\"Agropecu\u00e1ria Fenix\",\"description\":\"Agropecu\u00e1ria F\u00eanix Pet - Ra\u00e7\u00f5es \\\/ Medicamentos Pet \\\/ Cl\u00ednica Veterin\u00e1ria \\\/ Banho e Tosa \\\/ Cachorro \\\/\u00a0Gato\u00a0\\\/\u00a0P\u00e1ssaros\",\"publisher\":{\"@id\":\"https:\\\/\\\/agropecuariafenix.com.br\\\/#organization\"},\"alternateName\":\"Agropecu\u00e1ria Fenix\",\"potentialAction\":[{\"@type\":\"SearchAction\",\"target\":{\"@type\":\"EntryPoint\",\"urlTemplate\":\"https:\\\/\\\/agropecuariafenix.com.br\\\/?s={search_term_string}\"},\"query-input\":{\"@type\":\"PropertyValueSpecification\",\"valueRequired\":true,\"valueName\":\"search_term_string\"}}],\"inLanguage\":\"pt-BR\"},{\"@type\":\"Organization\",\"@id\":\"https:\\\/\\\/agropecuariafenix.com.br\\\/#organization\",\"name\":\"Agropecu\u00e1ria Fenix\",\"alternateName\":\"Agropecu\u00e1ria Fenix\",\"url\":\"https:\\\/\\\/agropecuariafenix.com.br\\\/\",\"logo\":{\"@type\":\"ImageObject\",\"inLanguage\":\"pt-BR\",\"@id\":\"https:\\\/\\\/agropecuariafenix.com.br\\\/#\\\/schema\\\/logo\\\/image\\\/\",\"url\":\"https:\\\/\\\/agropecuariafenix.com.br\\\/wp-content\\\/uploads\\\/2023\\\/08\\\/logo_fenix3-Copy.png\",\"contentUrl\":\"https:\\\/\\\/agropecuariafenix.com.br\\\/wp-content\\\/uploads\\\/2023\\\/08\\\/logo_fenix3-Copy.png\",\"width\":500,\"height\":500,\"caption\":\"Agropecu\u00e1ria Fenix\"},\"image\":{\"@id\":\"https:\\\/\\\/agropecuariafenix.com.br\\\/#\\\/schema\\\/logo\\\/image\\\/\"},\"sameAs\":[\"https:\\\/\\\/web.facebook.com\\\/agropecuariafenixjau\",\"https:\\\/\\\/www.instagram.com\\\/agropecuaria_fenix_jau\\\/\"]}]}<\/script>\n<!-- \/ Yoast SEO plugin. -->","yoast_head_json":{"title":"Snow Dog Gourmet Cordeiro Com Hortela 20Kg - Agropecu\u00e1ria Fenix","robots":{"index":"index","follow":"follow","max-snippet":"max-snippet:-1","max-image-preview":"max-image-preview:large","max-video-preview":"max-video-preview:-1"},"canonical":"https:\/\/agropecuariafenix.com.br\/index.php\/produto\/snow-dog-gourmet-cordeiro-com-hortela-20kg\/","og_locale":"pt_BR","og_type":"article","og_title":"Snow Dog Gourmet Cordeiro Com Hortela 20Kg - Agropecu\u00e1ria Fenix","og_description":"A Ra\u00e7\u00e3o Seca Snow Dog Gourmet Cordeiro com Hortel\u00e3 para C\u00e3es Adultos \u00e9 feita especialmente para atender o paladar dos peludos, com sabor inigual\u00e1vel e alto \u00edndice de aceita\u00e7\u00e3o. Cont\u00e9m ingredientes funcionais e antioxidante natural, que promovem efeitos positivos para a sa\u00fade e diminuem os riscos de doen\u00e7as. Sua f\u00f3rmula sem corantes e aromas artificiais tamb\u00e9m garante longevidade e auxilia na manuten\u00e7\u00e3o do funcionamento intestinal.","og_url":"https:\/\/agropecuariafenix.com.br\/index.php\/produto\/snow-dog-gourmet-cordeiro-com-hortela-20kg\/","og_site_name":"Agropecu\u00e1ria Fenix","article_publisher":"https:\/\/web.facebook.com\/agropecuariafenixjau","article_modified_time":"2025-08-03T03:00:07+00:00","og_image":[{"width":400,"height":400,"url":"https:\/\/agropecuariafenix.com.br\/wp-content\/uploads\/2023\/08\/Snow-Dog-Gourmet-Cordeiro-Com-Hortela-20Kg-1898455270.jpg","type":"image\/jpeg"}],"twitter_card":"summary_large_image","twitter_misc":{"Est. tempo de leitura":"1 minuto"},"schema":{"@context":"https:\/\/schema.org","@graph":[{"@type":"WebPage","@id":"https:\/\/agropecuariafenix.com.br\/index.php\/produto\/snow-dog-gourmet-cordeiro-com-hortela-20kg\/","url":"https:\/\/agropecuariafenix.com.br\/index.php\/produto\/snow-dog-gourmet-cordeiro-com-hortela-20kg\/","name":"Snow Dog Gourmet Cordeiro Com Hortela 20Kg - Agropecu\u00e1ria Fenix","isPartOf":{"@id":"https:\/\/agropecuariafenix.com.br\/#website"},"primaryImageOfPage":{"@id":"https:\/\/agropecuariafenix.com.br\/index.php\/produto\/snow-dog-gourmet-cordeiro-com-hortela-20kg\/#primaryimage"},"image":{"@id":"https:\/\/agropecuariafenix.com.br\/index.php\/produto\/snow-dog-gourmet-cordeiro-com-hortela-20kg\/#primaryimage"},"thumbnailUrl":"https:\/\/agropecuariafenix.com.br\/wp-content\/uploads\/2023\/08\/Snow-Dog-Gourmet-Cordeiro-Com-Hortela-20Kg-1898455270.jpg","datePublished":"2023-08-30T22:36:34+00:00","dateModified":"2025-08-03T03:00:07+00:00","breadcrumb":{"@id":"https:\/\/agropecuariafenix.com.br\/index.php\/produto\/snow-dog-gourmet-cordeiro-com-hortela-20kg\/#breadcrumb"},"inLanguage":"pt-BR","potentialAction":[{"@type":"ReadAction","target":["https:\/\/agropecuariafenix.com.br\/index.php\/produto\/snow-dog-gourmet-cordeiro-com-hortela-20kg\/"]}]},{"@type":"ImageObject","inLanguage":"pt-BR","@id":"https:\/\/agropecuariafenix.com.br\/index.php\/produto\/snow-dog-gourmet-cordeiro-com-hortela-20kg\/#primaryimage","url":"https:\/\/agropecuariafenix.com.br\/wp-content\/uploads\/2023\/08\/Snow-Dog-Gourmet-Cordeiro-Com-Hortela-20Kg-1898455270.jpg","contentUrl":"https:\/\/agropecuariafenix.com.br\/wp-content\/uploads\/2023\/08\/Snow-Dog-Gourmet-Cordeiro-Com-Hortela-20Kg-1898455270.jpg","width":400,"height":400,"caption":"Snow Dog Gourmet Cordeiro Com Hortela 20Kg"},{"@type":"BreadcrumbList","@id":"https:\/\/agropecuariafenix.com.br\/index.php\/produto\/snow-dog-gourmet-cordeiro-com-hortela-20kg\/#breadcrumb","itemListElement":[{"@type":"ListItem","position":1,"name":"In\u00edcio","item":"https:\/\/agropecuariafenix.com.br\/"},{"@type":"ListItem","position":2,"name":"Todos os produtos","item":"https:\/\/agropecuariafenix.com.br\/index.php\/loja\/"},{"@type":"ListItem","position":3,"name":"Snow Dog Gourmet Cordeiro Com Hortela 20Kg"}]},{"@type":"WebSite","@id":"https:\/\/agropecuariafenix.com.br\/#website","url":"https:\/\/agropecuariafenix.com.br\/","name":"Agropecu\u00e1ria Fenix","description":"Agropecu\u00e1ria F\u00eanix Pet - Ra\u00e7\u00f5es \/ Medicamentos Pet \/ Cl\u00ednica Veterin\u00e1ria \/ Banho e Tosa \/ Cachorro \/\u00a0Gato\u00a0\/\u00a0P\u00e1ssaros","publisher":{"@id":"https:\/\/agropecuariafenix.com.br\/#organization"},"alternateName":"Agropecu\u00e1ria Fenix","potentialAction":[{"@type":"SearchAction","target":{"@type":"EntryPoint","urlTemplate":"https:\/\/agropecuariafenix.com.br\/?s={search_term_string}"},"query-input":{"@type":"PropertyValueSpecification","valueRequired":true,"valueName":"search_term_string"}}],"inLanguage":"pt-BR"},{"@type":"Organization","@id":"https:\/\/agropecuariafenix.com.br\/#organization","name":"Agropecu\u00e1ria Fenix","alternateName":"Agropecu\u00e1ria Fenix","url":"https:\/\/agropecuariafenix.com.br\/","logo":{"@type":"ImageObject","inLanguage":"pt-BR","@id":"https:\/\/agropecuariafenix.com.br\/#\/schema\/logo\/image\/","url":"https:\/\/agropecuariafenix.com.br\/wp-content\/uploads\/2023\/08\/logo_fenix3-Copy.png","contentUrl":"https:\/\/agropecuariafenix.com.br\/wp-content\/uploads\/2023\/08\/logo_fenix3-Copy.png","width":500,"height":500,"caption":"Agropecu\u00e1ria Fenix"},"image":{"@id":"https:\/\/agropecuariafenix.com.br\/#\/schema\/logo\/image\/"},"sameAs":["https:\/\/web.facebook.com\/agropecuariafenixjau","https:\/\/www.instagram.com\/agropecuaria_fenix_jau\/"]}]}},"_links":{"self":[{"href":"https:\/\/agropecuariafenix.com.br\/index.php\/wp-json\/wp\/v2\/product\/26600","targetHints":{"allow":["GET"]}}],"collection":[{"href":"https:\/\/agropecuariafenix.com.br\/index.php\/wp-json\/wp\/v2\/product"}],"about":[{"href":"https:\/\/agropecuariafenix.com.br\/index.php\/wp-json\/wp\/v2\/types\/product"}],"replies":[{"embeddable":true,"href":"https:\/\/agropecuariafenix.com.br\/index.php\/wp-json\/wp\/v2\/comments?post=26600"}],"version-history":[{"count":1,"href":"https:\/\/agropecuariafenix.com.br\/index.php\/wp-json\/wp\/v2\/product\/26600\/revisions"}],"predecessor-version":[{"id":26601,"href":"https:\/\/agropecuariafenix.com.br\/index.php\/wp-json\/wp\/v2\/product\/26600\/revisions\/26601"}],"wp:featuredmedia":[{"embeddable":true,"href":"https:\/\/agropecuariafenix.com.br\/index.php\/wp-json\/wp\/v2\/media\/26599"}],"wp:attachment":[{"href":"https:\/\/agropecuariafenix.com.br\/index.php\/wp-json\/wp\/v2\/media?parent=26600"}],"wp:term":[{"taxonomy":"product_brand","embeddable":true,"href":"https:\/\/agropecuariafenix.com.br\/index.php\/wp-json\/wp\/v2\/product_brand?post=26600"},{"taxonomy":"product_cat","embeddable":true,"href":"https:\/\/agropecuariafenix.com.br\/index.php\/wp-json\/wp\/v2\/product_cat?post=26600"},{"taxonomy":"product_tag","embeddable":true,"href":"https:\/\/agropecuariafenix.com.br\/index.php\/wp-json\/wp\/v2\/product_tag?post=26600"}],"curies":[{"name":"wp","href":"https:\/\/api.w.org\/{rel}","templated":true}]}}