{"id":26493,"date":"2023-08-11T11:10:40","date_gmt":"2023-08-11T14:10:40","guid":{"rendered":"https:\/\/agropecuariafenix.com.br\/index.php\/produto\/golden-selecao-natural-para-gatos-castrados-sabor-frango-com-batata-doce-3kg\/"},"modified":"2025-10-29T19:43:36","modified_gmt":"2025-10-29T22:43:36","slug":"golden-selecao-natural-para-gatos-castrados-sabor-frango-com-batata-doce-3kg","status":"publish","type":"product","link":"https:\/\/agropecuariafenix.com.br\/index.php\/produto\/golden-selecao-natural-para-gatos-castrados-sabor-frango-com-batata-doce-3kg\/","title":{"rendered":"Golden Sele\u00e7\u00e3o Natural Para Gatos Castrados Sabor Frango Com Batata Doce 3Kg"},"content":{"rendered":"<p>Informa\u00e7\u00f5es Nutricionais<br \/>\n\u00c1cido f\u00f3lico 2,34 mg<br \/>\n\u00c1cido pantot\u00eanico 17,85 mg<br \/>\nBiotina 0,19 mg<br \/>\nCobre 11,15 mg<br \/>\nColina 278,91 mg<br \/>\nFerro 68,00 mg<br \/>\nIodo 1,80 mg<br \/>\nMangan\u00eas 12,00 mg<br \/>\nNiacina 97,13 mg<br \/>\nSel\u00eanio 0,11 mg<br \/>\nVitamina A 10.106,25 UI<br \/>\nVitamina B1 13,39 mg<br \/>\nVitamina B12 60,00 mcg<br \/>\nVitamina B2 9,71 mg<br \/>\nVitamina B6 7,48 mg<br \/>\nVitamina C 39,38 mg<br \/>\nVitamina D3 761,25 UI<br \/>\nVitamina E 115,50 UI<br \/>\nVitamina K3 1,18 mg<br \/>\nZinco 118,08 mg<\/p>\n<p>N\u00edveis de Garantia<br \/>\nUmidade (m\u00e1x.) 10,00% 100 g\/kg<br \/>\nProte\u00edna Bruta (m\u00edn.) 36,50% 365 g\/kg<br \/>\nExtrato Et\u00e9reo (m\u00edn.) 10,50% 105 g\/kg<br \/>\nMat\u00e9ria Mineral (m\u00e1x.) 7,50% 75 g\/kg<br \/>\nMat\u00e9ria Fibrosa (m\u00e1x.) 4,50% 45 g\/kg<br \/>\nFibra Diet\u00e9tica Total (m\u00e1x) 13,00% 130 g\/kg<br \/>\nC\u00e1lcio (m\u00e1x.) 1,50% 15 g\/kg<br \/>\nC\u00e1lcio (m\u00edn.) 1,00% 1.000 mg\/kg<br \/>\nF\u00f3sforo (m\u00edn.) 0,84% 8.400 mg\/kg<br \/>\nS\u00f3dio (m\u00edn.) 0,20% 2.000 mg\/kg<br \/>\nPot\u00e1ssio (m\u00edn.) 0,80% 8.000 mg\/kg<br \/>\nMagn\u00e9sio (m\u00e1x) 0,10% 1.000 mg\/kg<br \/>\n\u00d4mega 6 (m\u00edn.) 2,00% 20 g\/kg<br \/>\n\u00d4mega 3 (m\u00edn.) 0,15% 1.500 mg\/kg<br \/>\nMetionina (m\u00edn.) 0,90% 9.000 mg\/kg<br \/>\nTaurina (m\u00edn.) 0,15% 1.500 mg\/kg<br \/>\nL-carnitina (m\u00edn.) 0,02% 200 mg\/kg<br \/>\npH urin\u00e1rio 6,2-6,8<br \/>\nEnergia Metaboliz\u00e1vel 3782 kcal\/kg<\/p>\n<p>Composi\u00e7\u00e3o<br \/>\nFarinha de v\u00edsceras de frango, gl\u00faten de milho (n\u00e3o transg\u00eanico), quirera de arroz, aveia, complexo de vegetais \u2013 6,0%  (beterraba, br\u00f3colis desidratado, cenoura, espinafre desidratado, farinha de batata doce, polpa desidratada de beterraba, salsa desidratada), farinha de mandioca, gordura de frango, \u00f3leo refinado de peixe, cloreto de pot\u00e1ssio, cloreto de s\u00f3dio, levedura seca de cana de a\u00e7\u00facar autolisada e desidratada, \u00e1cido c\u00edtrico, bentonita, BHA (Butilhidroxianisol), BHT (Butilhidroxitolueno), cloreto de am\u00f4nio, difosfato triss\u00f3dico, DL-metionina, extrato de yucca (0,05%), hidrolisado de f\u00edgado su\u00edno, L-carnitina, sulfato de am\u00f4nio, taurina, acetato de DL-alfa tocoferol, acetato de retinol, \u00e1cido asc\u00f3rbico monofosfato, \u00e1cido f\u00f3lico, \u00e1cido pantot\u00eanico, biotina, bissulfito de menadiona nicotinamida, cianocobalamina, cloreto de colina, colecalciferol, niacina (\u00e1cido nicot\u00ednico), piridoxina, riboflavina, tiamina, ferro amino\u00e1cido quelato,  iodeto de c\u00e1lcio, mangan\u00eas amino\u00e1cido quelato, selenometionina hidroxi an\u00e1loga, sulfato de cobre pentahidratado, sulfato de ferro, sulfato de mangan\u00eas, sulfato de zinco monohidratado, zinco amino\u00e1cido quelato.<\/p>\n","protected":false},"excerpt":{"rendered":"<p>Indicada para gatos adultos castrados;<br \/>\n&#8211; Criada a partir da rigorosa sele\u00e7\u00e3o e controle de mat\u00e9ria-prima e formulada com ingredientes exclusivos;<br \/>\n&#8211; Redu\u00e7\u00e3o de odor das fezes<br \/>\n&#8211; Sele\u00e7\u00e3o de ingredientes especiais que auxiliam na redu\u00e7\u00e3o de odor das fezes;<br \/>\n&#8211; Controle do ganho de peso<br \/>\n&#8211; Cont\u00e9m L-carnitina e teores reduzidos de calorias e gorduras;<br \/>\n&#8211; Trato urin\u00e1rio saud\u00e1vel<br \/>\n&#8211; Minerais balanceados e controle do pH urin\u00e1rio;<br \/>\n&#8211; Nutrientes importantes para a sa\u00fade<br \/>\n&#8211; Ingredientes ricos em fibras e minerais;<br \/>\n&#8211; Livre de corantes, aromatizantes artificiais e ingredientes transg\u00eanicos;<\/p>\n","protected":false},"featured_media":26492,"comment_status":"open","ping_status":"closed","template":"","meta":[],"product_brand":[],"product_cat":[374,80],"product_tag":[100,173,231,229],"class_list":{"0":"post-26493","1":"product","2":"type-product","3":"status-publish","4":"has-post-thumbnail","6":"product_cat-racao-seca","7":"product_cat-racoes","8":"product_tag-3kg","9":"product_tag-adulto","10":"product_tag-castrados","11":"product_tag-cat","13":"first","14":"instock","15":"shipping-taxable","16":"purchasable","17":"product-type-simple"},"yoast_head":"<!-- This site is optimized with the Yoast SEO plugin v27.6 - https:\/\/yoast.com\/product\/yoast-seo-wordpress\/ -->\n<title>Golden Sele\u00e7\u00e3o Natural Para Gatos Castrados Sabor Frango Com Batata Doce 3Kg - Agropecu\u00e1ria Fenix<\/title>\n<meta name=\"robots\" content=\"index, follow, max-snippet:-1, max-image-preview:large, max-video-preview:-1\" \/>\n<link rel=\"canonical\" href=\"https:\/\/agropecuariafenix.com.br\/index.php\/produto\/golden-selecao-natural-para-gatos-castrados-sabor-frango-com-batata-doce-3kg\/\" \/>\n<meta property=\"og:locale\" content=\"pt_BR\" \/>\n<meta property=\"og:type\" content=\"article\" \/>\n<meta property=\"og:title\" content=\"Golden Sele\u00e7\u00e3o Natural Para Gatos Castrados Sabor Frango Com Batata Doce 3Kg - Agropecu\u00e1ria Fenix\" \/>\n<meta property=\"og:description\" content=\"Indicada para gatos adultos castrados; &#8211; Criada a partir da rigorosa sele\u00e7\u00e3o e controle de mat\u00e9ria-prima e formulada com ingredientes exclusivos; &#8211; Redu\u00e7\u00e3o de odor das fezes &#8211; Sele\u00e7\u00e3o de ingredientes especiais que auxiliam na redu\u00e7\u00e3o de odor das fezes; &#8211; Controle do ganho de peso &#8211; Cont\u00e9m L-carnitina e teores reduzidos de calorias e gorduras; &#8211; Trato urin\u00e1rio saud\u00e1vel &#8211; Minerais balanceados e controle do pH urin\u00e1rio; &#8211; Nutrientes importantes para a sa\u00fade &#8211; Ingredientes ricos em fibras e minerais; &#8211; Livre de corantes, aromatizantes artificiais e ingredientes transg\u00eanicos;\" \/>\n<meta property=\"og:url\" content=\"https:\/\/agropecuariafenix.com.br\/index.php\/produto\/golden-selecao-natural-para-gatos-castrados-sabor-frango-com-batata-doce-3kg\/\" \/>\n<meta property=\"og:site_name\" content=\"Agropecu\u00e1ria Fenix\" \/>\n<meta property=\"article:publisher\" content=\"https:\/\/web.facebook.com\/agropecuariafenixjau\" \/>\n<meta property=\"article:modified_time\" content=\"2025-10-29T22:43:36+00:00\" \/>\n<meta property=\"og:image\" content=\"https:\/\/agropecuariafenix.com.br\/wp-content\/uploads\/2023\/08\/Golden-Seleo-Natural-Para-Gatos-Castrados-Sabor-Frango-Com-Batata-Doce-3Kg-578126365.jpg\" \/>\n\t<meta property=\"og:image:width\" content=\"1000\" \/>\n\t<meta property=\"og:image:height\" content=\"1000\" \/>\n\t<meta property=\"og:image:type\" content=\"image\/jpeg\" \/>\n<meta name=\"twitter:card\" content=\"summary_large_image\" \/>\n<meta name=\"twitter:label1\" content=\"Est. tempo de leitura\" \/>\n\t<meta name=\"twitter:data1\" content=\"2 minutos\" \/>\n<script type=\"application\/ld+json\" class=\"yoast-schema-graph\">{\"@context\":\"https:\\\/\\\/schema.org\",\"@graph\":[{\"@type\":\"WebPage\",\"@id\":\"https:\\\/\\\/agropecuariafenix.com.br\\\/index.php\\\/produto\\\/golden-selecao-natural-para-gatos-castrados-sabor-frango-com-batata-doce-3kg\\\/\",\"url\":\"https:\\\/\\\/agropecuariafenix.com.br\\\/index.php\\\/produto\\\/golden-selecao-natural-para-gatos-castrados-sabor-frango-com-batata-doce-3kg\\\/\",\"name\":\"Golden Sele\u00e7\u00e3o Natural Para Gatos Castrados Sabor Frango Com Batata Doce 3Kg - Agropecu\u00e1ria Fenix\",\"isPartOf\":{\"@id\":\"https:\\\/\\\/agropecuariafenix.com.br\\\/#website\"},\"primaryImageOfPage\":{\"@id\":\"https:\\\/\\\/agropecuariafenix.com.br\\\/index.php\\\/produto\\\/golden-selecao-natural-para-gatos-castrados-sabor-frango-com-batata-doce-3kg\\\/#primaryimage\"},\"image\":{\"@id\":\"https:\\\/\\\/agropecuariafenix.com.br\\\/index.php\\\/produto\\\/golden-selecao-natural-para-gatos-castrados-sabor-frango-com-batata-doce-3kg\\\/#primaryimage\"},\"thumbnailUrl\":\"https:\\\/\\\/agropecuariafenix.com.br\\\/wp-content\\\/uploads\\\/2023\\\/08\\\/Golden-Seleo-Natural-Para-Gatos-Castrados-Sabor-Frango-Com-Batata-Doce-3Kg-578126365.jpg\",\"datePublished\":\"2023-08-11T14:10:40+00:00\",\"dateModified\":\"2025-10-29T22:43:36+00:00\",\"breadcrumb\":{\"@id\":\"https:\\\/\\\/agropecuariafenix.com.br\\\/index.php\\\/produto\\\/golden-selecao-natural-para-gatos-castrados-sabor-frango-com-batata-doce-3kg\\\/#breadcrumb\"},\"inLanguage\":\"pt-BR\",\"potentialAction\":[{\"@type\":\"ReadAction\",\"target\":[\"https:\\\/\\\/agropecuariafenix.com.br\\\/index.php\\\/produto\\\/golden-selecao-natural-para-gatos-castrados-sabor-frango-com-batata-doce-3kg\\\/\"]}]},{\"@type\":\"ImageObject\",\"inLanguage\":\"pt-BR\",\"@id\":\"https:\\\/\\\/agropecuariafenix.com.br\\\/index.php\\\/produto\\\/golden-selecao-natural-para-gatos-castrados-sabor-frango-com-batata-doce-3kg\\\/#primaryimage\",\"url\":\"https:\\\/\\\/agropecuariafenix.com.br\\\/wp-content\\\/uploads\\\/2023\\\/08\\\/Golden-Seleo-Natural-Para-Gatos-Castrados-Sabor-Frango-Com-Batata-Doce-3Kg-578126365.jpg\",\"contentUrl\":\"https:\\\/\\\/agropecuariafenix.com.br\\\/wp-content\\\/uploads\\\/2023\\\/08\\\/Golden-Seleo-Natural-Para-Gatos-Castrados-Sabor-Frango-Com-Batata-Doce-3Kg-578126365.jpg\",\"width\":1000,\"height\":1000,\"caption\":\"Golden Sele\u00e7\u00e3o Natural Para Gatos Castrados Sabor Frango Com Batata Doce 3Kg\"},{\"@type\":\"BreadcrumbList\",\"@id\":\"https:\\\/\\\/agropecuariafenix.com.br\\\/index.php\\\/produto\\\/golden-selecao-natural-para-gatos-castrados-sabor-frango-com-batata-doce-3kg\\\/#breadcrumb\",\"itemListElement\":[{\"@type\":\"ListItem\",\"position\":1,\"name\":\"In\u00edcio\",\"item\":\"https:\\\/\\\/agropecuariafenix.com.br\\\/\"},{\"@type\":\"ListItem\",\"position\":2,\"name\":\"Todos os produtos\",\"item\":\"https:\\\/\\\/agropecuariafenix.com.br\\\/index.php\\\/loja\\\/\"},{\"@type\":\"ListItem\",\"position\":3,\"name\":\"Golden Sele\u00e7\u00e3o Natural Para Gatos Castrados Sabor Frango Com Batata Doce 3Kg\"}]},{\"@type\":\"WebSite\",\"@id\":\"https:\\\/\\\/agropecuariafenix.com.br\\\/#website\",\"url\":\"https:\\\/\\\/agropecuariafenix.com.br\\\/\",\"name\":\"Agropecu\u00e1ria Fenix\",\"description\":\"Agropecu\u00e1ria F\u00eanix Pet - Ra\u00e7\u00f5es \\\/ Medicamentos Pet \\\/ Cl\u00ednica Veterin\u00e1ria \\\/ Banho e Tosa \\\/ Cachorro \\\/\u00a0Gato\u00a0\\\/\u00a0P\u00e1ssaros\",\"publisher\":{\"@id\":\"https:\\\/\\\/agropecuariafenix.com.br\\\/#organization\"},\"alternateName\":\"Agropecu\u00e1ria Fenix\",\"potentialAction\":[{\"@type\":\"SearchAction\",\"target\":{\"@type\":\"EntryPoint\",\"urlTemplate\":\"https:\\\/\\\/agropecuariafenix.com.br\\\/?s={search_term_string}\"},\"query-input\":{\"@type\":\"PropertyValueSpecification\",\"valueRequired\":true,\"valueName\":\"search_term_string\"}}],\"inLanguage\":\"pt-BR\"},{\"@type\":\"Organization\",\"@id\":\"https:\\\/\\\/agropecuariafenix.com.br\\\/#organization\",\"name\":\"Agropecu\u00e1ria Fenix\",\"alternateName\":\"Agropecu\u00e1ria Fenix\",\"url\":\"https:\\\/\\\/agropecuariafenix.com.br\\\/\",\"logo\":{\"@type\":\"ImageObject\",\"inLanguage\":\"pt-BR\",\"@id\":\"https:\\\/\\\/agropecuariafenix.com.br\\\/#\\\/schema\\\/logo\\\/image\\\/\",\"url\":\"https:\\\/\\\/agropecuariafenix.com.br\\\/wp-content\\\/uploads\\\/2023\\\/08\\\/logo_fenix3-Copy.png\",\"contentUrl\":\"https:\\\/\\\/agropecuariafenix.com.br\\\/wp-content\\\/uploads\\\/2023\\\/08\\\/logo_fenix3-Copy.png\",\"width\":500,\"height\":500,\"caption\":\"Agropecu\u00e1ria Fenix\"},\"image\":{\"@id\":\"https:\\\/\\\/agropecuariafenix.com.br\\\/#\\\/schema\\\/logo\\\/image\\\/\"},\"sameAs\":[\"https:\\\/\\\/web.facebook.com\\\/agropecuariafenixjau\",\"https:\\\/\\\/www.instagram.com\\\/agropecuaria_fenix_jau\\\/\"]}]}<\/script>\n<!-- \/ Yoast SEO plugin. -->","yoast_head_json":{"title":"Golden Sele\u00e7\u00e3o Natural Para Gatos Castrados Sabor Frango Com Batata Doce 3Kg - Agropecu\u00e1ria Fenix","robots":{"index":"index","follow":"follow","max-snippet":"max-snippet:-1","max-image-preview":"max-image-preview:large","max-video-preview":"max-video-preview:-1"},"canonical":"https:\/\/agropecuariafenix.com.br\/index.php\/produto\/golden-selecao-natural-para-gatos-castrados-sabor-frango-com-batata-doce-3kg\/","og_locale":"pt_BR","og_type":"article","og_title":"Golden Sele\u00e7\u00e3o Natural Para Gatos Castrados Sabor Frango Com Batata Doce 3Kg - Agropecu\u00e1ria Fenix","og_description":"Indicada para gatos adultos castrados; &#8211; Criada a partir da rigorosa sele\u00e7\u00e3o e controle de mat\u00e9ria-prima e formulada com ingredientes exclusivos; &#8211; Redu\u00e7\u00e3o de odor das fezes &#8211; Sele\u00e7\u00e3o de ingredientes especiais que auxiliam na redu\u00e7\u00e3o de odor das fezes; &#8211; Controle do ganho de peso &#8211; Cont\u00e9m L-carnitina e teores reduzidos de calorias e gorduras; &#8211; Trato urin\u00e1rio saud\u00e1vel &#8211; Minerais balanceados e controle do pH urin\u00e1rio; &#8211; Nutrientes importantes para a sa\u00fade &#8211; Ingredientes ricos em fibras e minerais; &#8211; Livre de corantes, aromatizantes artificiais e ingredientes transg\u00eanicos;","og_url":"https:\/\/agropecuariafenix.com.br\/index.php\/produto\/golden-selecao-natural-para-gatos-castrados-sabor-frango-com-batata-doce-3kg\/","og_site_name":"Agropecu\u00e1ria Fenix","article_publisher":"https:\/\/web.facebook.com\/agropecuariafenixjau","article_modified_time":"2025-10-29T22:43:36+00:00","og_image":[{"width":1000,"height":1000,"url":"https:\/\/agropecuariafenix.com.br\/wp-content\/uploads\/2023\/08\/Golden-Seleo-Natural-Para-Gatos-Castrados-Sabor-Frango-Com-Batata-Doce-3Kg-578126365.jpg","type":"image\/jpeg"}],"twitter_card":"summary_large_image","twitter_misc":{"Est. tempo de leitura":"2 minutos"},"schema":{"@context":"https:\/\/schema.org","@graph":[{"@type":"WebPage","@id":"https:\/\/agropecuariafenix.com.br\/index.php\/produto\/golden-selecao-natural-para-gatos-castrados-sabor-frango-com-batata-doce-3kg\/","url":"https:\/\/agropecuariafenix.com.br\/index.php\/produto\/golden-selecao-natural-para-gatos-castrados-sabor-frango-com-batata-doce-3kg\/","name":"Golden Sele\u00e7\u00e3o Natural Para Gatos Castrados Sabor Frango Com Batata Doce 3Kg - Agropecu\u00e1ria Fenix","isPartOf":{"@id":"https:\/\/agropecuariafenix.com.br\/#website"},"primaryImageOfPage":{"@id":"https:\/\/agropecuariafenix.com.br\/index.php\/produto\/golden-selecao-natural-para-gatos-castrados-sabor-frango-com-batata-doce-3kg\/#primaryimage"},"image":{"@id":"https:\/\/agropecuariafenix.com.br\/index.php\/produto\/golden-selecao-natural-para-gatos-castrados-sabor-frango-com-batata-doce-3kg\/#primaryimage"},"thumbnailUrl":"https:\/\/agropecuariafenix.com.br\/wp-content\/uploads\/2023\/08\/Golden-Seleo-Natural-Para-Gatos-Castrados-Sabor-Frango-Com-Batata-Doce-3Kg-578126365.jpg","datePublished":"2023-08-11T14:10:40+00:00","dateModified":"2025-10-29T22:43:36+00:00","breadcrumb":{"@id":"https:\/\/agropecuariafenix.com.br\/index.php\/produto\/golden-selecao-natural-para-gatos-castrados-sabor-frango-com-batata-doce-3kg\/#breadcrumb"},"inLanguage":"pt-BR","potentialAction":[{"@type":"ReadAction","target":["https:\/\/agropecuariafenix.com.br\/index.php\/produto\/golden-selecao-natural-para-gatos-castrados-sabor-frango-com-batata-doce-3kg\/"]}]},{"@type":"ImageObject","inLanguage":"pt-BR","@id":"https:\/\/agropecuariafenix.com.br\/index.php\/produto\/golden-selecao-natural-para-gatos-castrados-sabor-frango-com-batata-doce-3kg\/#primaryimage","url":"https:\/\/agropecuariafenix.com.br\/wp-content\/uploads\/2023\/08\/Golden-Seleo-Natural-Para-Gatos-Castrados-Sabor-Frango-Com-Batata-Doce-3Kg-578126365.jpg","contentUrl":"https:\/\/agropecuariafenix.com.br\/wp-content\/uploads\/2023\/08\/Golden-Seleo-Natural-Para-Gatos-Castrados-Sabor-Frango-Com-Batata-Doce-3Kg-578126365.jpg","width":1000,"height":1000,"caption":"Golden Sele\u00e7\u00e3o Natural Para Gatos Castrados Sabor Frango Com Batata Doce 3Kg"},{"@type":"BreadcrumbList","@id":"https:\/\/agropecuariafenix.com.br\/index.php\/produto\/golden-selecao-natural-para-gatos-castrados-sabor-frango-com-batata-doce-3kg\/#breadcrumb","itemListElement":[{"@type":"ListItem","position":1,"name":"In\u00edcio","item":"https:\/\/agropecuariafenix.com.br\/"},{"@type":"ListItem","position":2,"name":"Todos os produtos","item":"https:\/\/agropecuariafenix.com.br\/index.php\/loja\/"},{"@type":"ListItem","position":3,"name":"Golden Sele\u00e7\u00e3o Natural Para Gatos Castrados Sabor Frango Com Batata Doce 3Kg"}]},{"@type":"WebSite","@id":"https:\/\/agropecuariafenix.com.br\/#website","url":"https:\/\/agropecuariafenix.com.br\/","name":"Agropecu\u00e1ria Fenix","description":"Agropecu\u00e1ria F\u00eanix Pet - Ra\u00e7\u00f5es \/ Medicamentos Pet \/ Cl\u00ednica Veterin\u00e1ria \/ Banho e Tosa \/ Cachorro \/\u00a0Gato\u00a0\/\u00a0P\u00e1ssaros","publisher":{"@id":"https:\/\/agropecuariafenix.com.br\/#organization"},"alternateName":"Agropecu\u00e1ria Fenix","potentialAction":[{"@type":"SearchAction","target":{"@type":"EntryPoint","urlTemplate":"https:\/\/agropecuariafenix.com.br\/?s={search_term_string}"},"query-input":{"@type":"PropertyValueSpecification","valueRequired":true,"valueName":"search_term_string"}}],"inLanguage":"pt-BR"},{"@type":"Organization","@id":"https:\/\/agropecuariafenix.com.br\/#organization","name":"Agropecu\u00e1ria Fenix","alternateName":"Agropecu\u00e1ria Fenix","url":"https:\/\/agropecuariafenix.com.br\/","logo":{"@type":"ImageObject","inLanguage":"pt-BR","@id":"https:\/\/agropecuariafenix.com.br\/#\/schema\/logo\/image\/","url":"https:\/\/agropecuariafenix.com.br\/wp-content\/uploads\/2023\/08\/logo_fenix3-Copy.png","contentUrl":"https:\/\/agropecuariafenix.com.br\/wp-content\/uploads\/2023\/08\/logo_fenix3-Copy.png","width":500,"height":500,"caption":"Agropecu\u00e1ria Fenix"},"image":{"@id":"https:\/\/agropecuariafenix.com.br\/#\/schema\/logo\/image\/"},"sameAs":["https:\/\/web.facebook.com\/agropecuariafenixjau","https:\/\/www.instagram.com\/agropecuaria_fenix_jau\/"]}]}},"_links":{"self":[{"href":"https:\/\/agropecuariafenix.com.br\/index.php\/wp-json\/wp\/v2\/product\/26493","targetHints":{"allow":["GET"]}}],"collection":[{"href":"https:\/\/agropecuariafenix.com.br\/index.php\/wp-json\/wp\/v2\/product"}],"about":[{"href":"https:\/\/agropecuariafenix.com.br\/index.php\/wp-json\/wp\/v2\/types\/product"}],"replies":[{"embeddable":true,"href":"https:\/\/agropecuariafenix.com.br\/index.php\/wp-json\/wp\/v2\/comments?post=26493"}],"version-history":[{"count":1,"href":"https:\/\/agropecuariafenix.com.br\/index.php\/wp-json\/wp\/v2\/product\/26493\/revisions"}],"predecessor-version":[{"id":26497,"href":"https:\/\/agropecuariafenix.com.br\/index.php\/wp-json\/wp\/v2\/product\/26493\/revisions\/26497"}],"wp:featuredmedia":[{"embeddable":true,"href":"https:\/\/agropecuariafenix.com.br\/index.php\/wp-json\/wp\/v2\/media\/26492"}],"wp:attachment":[{"href":"https:\/\/agropecuariafenix.com.br\/index.php\/wp-json\/wp\/v2\/media?parent=26493"}],"wp:term":[{"taxonomy":"product_brand","embeddable":true,"href":"https:\/\/agropecuariafenix.com.br\/index.php\/wp-json\/wp\/v2\/product_brand?post=26493"},{"taxonomy":"product_cat","embeddable":true,"href":"https:\/\/agropecuariafenix.com.br\/index.php\/wp-json\/wp\/v2\/product_cat?post=26493"},{"taxonomy":"product_tag","embeddable":true,"href":"https:\/\/agropecuariafenix.com.br\/index.php\/wp-json\/wp\/v2\/product_tag?post=26493"}],"curies":[{"name":"wp","href":"https:\/\/api.w.org\/{rel}","templated":true}]}}