{"id":26486,"date":"2023-08-10T16:59:45","date_gmt":"2023-08-10T19:59:45","guid":{"rendered":"https:\/\/agropecuariafenix.com.br\/index.php\/produto\/funny-bunny-delicias-da-horta-super-premium-500g\/"},"modified":"2026-01-03T02:36:45","modified_gmt":"2026-01-03T05:36:45","slug":"funny-bunny-delicias-da-horta-super-premium-500g","status":"publish","type":"product","link":"https:\/\/agropecuariafenix.com.br\/index.php\/produto\/funny-bunny-delicias-da-horta-super-premium-500g\/","title":{"rendered":"Funny Bunny Del\u00edcias Da Horta Super Premium 500G"},"content":{"rendered":"<p>A Ra\u00e7\u00e3o Funny Bunny Del\u00edcias da Horta \u00e9 ideal para coelhos de estima\u00e7\u00e3o e pequenos roedores, elaborado a partir de vegetais nobres, como a alfafa verde, que aporta vitaminas e fibras essenciais para a digest\u00e3o, vis\u00e3o e elimina\u00e7\u00e3o de bolas de pelo.<\/p>\n<p>Cont\u00e9m cenoura desidratada, vitamina C que favorece a calcifica\u00e7\u00e3o dos ossos, auxilia na vis\u00e3o e atua como antioxidante natural.<\/p>\n<p>Alimento extrusado completo para coelhos de estima\u00e7\u00e3o, hamsters e outros pequenos roedores.<\/p>\n<p>Ingredientes:<\/p>\n<p>Arroz Integral, Milho Integral Mo\u00eddo*, Gl\u00faten de Milho*, Cenoura Desidratada, Farelo de Trigo, Alfafa Desidratada, Calc\u00e1rio Calc\u00edtico, Fosfato Bic\u00e1lcico, Cloreto de S\u00f3dio (Sal Comum), Casca de Arroz Mo\u00edda, Extrato de Yucca, Vitaminas (Vitamina A, Vitamina C, Vitamina D3, Vitamina E, Vitamina K3, Vitamina B1, Vitamina B2, Vitamina B6, Vitamina B12, \u00c1cido F\u00f3lico, Pantotenato de C\u00e1lcio, Biotina, Cloreto de Colina, \u00c1cido Nicot\u00ednico), Minerais (Sulfato de Cobre, Sulfato de Ferro, Iodato de C\u00e1lcio, Mon\u00f3xido de Mangan\u00eas, Selenito de S\u00f3dio, \u00d3xido de Zinco), BHT.<\/p>\n<p>Esp\u00e9cies doadoras de genes: *Agrobacterium tumefaciens, Bacillus thuringiensis, Streptomyces viridochromogenes, Zea mays.<\/p>\n","protected":false},"excerpt":{"rendered":"<p>Fonte de fibras essenciais;<br \/>\nMistura para pequenos roedores;<br \/>\nCom vitaminas, minerais e fibras;<br \/>\nIngredientes selecionados, e vegetais<\/p>\n","protected":false},"featured_media":26755,"comment_status":"open","ping_status":"closed","template":"","meta":[],"product_brand":[],"product_cat":[1595,374,1594,1653],"product_tag":[546,1650,1651,1649,1652,204,1320,203],"class_list":{"0":"post-26486","1":"product","2":"type-product","3":"status-publish","4":"has-post-thumbnail","6":"product_cat-racao-roedores","7":"product_cat-racao-seca","8":"product_cat-roedor","9":"product_cat-roedores","10":"product_tag-500g","11":"product_tag-bunny","12":"product_tag-delicias","13":"product_tag-funny","14":"product_tag-horta","15":"product_tag-premium","16":"product_tag-roedores","17":"product_tag-super","19":"first","20":"instock","21":"shipping-taxable","22":"purchasable","23":"product-type-simple"},"yoast_head":"<!-- This site is optimized with the Yoast SEO plugin v26.1.1 - https:\/\/yoast.com\/wordpress\/plugins\/seo\/ -->\n<title>Funny Bunny Del\u00edcias Da Horta Super Premium 500G - Agropecu\u00e1ria Fenix<\/title>\n<meta name=\"robots\" content=\"index, follow, max-snippet:-1, max-image-preview:large, max-video-preview:-1\" \/>\n<link rel=\"canonical\" href=\"https:\/\/agropecuariafenix.com.br\/index.php\/produto\/funny-bunny-delicias-da-horta-super-premium-500g\/\" \/>\n<meta property=\"og:locale\" content=\"pt_BR\" \/>\n<meta property=\"og:type\" content=\"article\" \/>\n<meta property=\"og:title\" content=\"Funny Bunny Del\u00edcias Da Horta Super Premium 500G - Agropecu\u00e1ria Fenix\" \/>\n<meta property=\"og:description\" content=\"Fonte de fibras essenciais; Mistura para pequenos roedores; Com vitaminas, minerais e fibras; Ingredientes selecionados, e vegetais\" \/>\n<meta property=\"og:url\" content=\"https:\/\/agropecuariafenix.com.br\/index.php\/produto\/funny-bunny-delicias-da-horta-super-premium-500g\/\" \/>\n<meta property=\"og:site_name\" content=\"Agropecu\u00e1ria Fenix\" \/>\n<meta property=\"article:publisher\" content=\"https:\/\/web.facebook.com\/agropecuariafenixjau\" \/>\n<meta property=\"article:modified_time\" content=\"2026-01-03T05:36:45+00:00\" \/>\n<meta property=\"og:image\" content=\"https:\/\/agropecuariafenix.com.br\/wp-content\/uploads\/2023\/10\/Funny-Bunny-Delcias-Da-Horta-Super-Premium-500G-1982752829.jpg\" \/>\n\t<meta property=\"og:image:width\" content=\"400\" \/>\n\t<meta property=\"og:image:height\" content=\"400\" \/>\n\t<meta property=\"og:image:type\" content=\"image\/jpeg\" \/>\n<meta name=\"twitter:card\" content=\"summary_large_image\" \/>\n<meta name=\"twitter:label1\" content=\"Est. tempo de leitura\" \/>\n\t<meta name=\"twitter:data1\" content=\"1 minuto\" \/>\n<script type=\"application\/ld+json\" class=\"yoast-schema-graph\">{\"@context\":\"https:\/\/schema.org\",\"@graph\":[{\"@type\":\"WebPage\",\"@id\":\"https:\/\/agropecuariafenix.com.br\/index.php\/produto\/funny-bunny-delicias-da-horta-super-premium-500g\/\",\"url\":\"https:\/\/agropecuariafenix.com.br\/index.php\/produto\/funny-bunny-delicias-da-horta-super-premium-500g\/\",\"name\":\"Funny Bunny Del\u00edcias Da Horta Super Premium 500G - Agropecu\u00e1ria Fenix\",\"isPartOf\":{\"@id\":\"https:\/\/agropecuariafenix.com.br\/#website\"},\"primaryImageOfPage\":{\"@id\":\"https:\/\/agropecuariafenix.com.br\/index.php\/produto\/funny-bunny-delicias-da-horta-super-premium-500g\/#primaryimage\"},\"image\":{\"@id\":\"https:\/\/agropecuariafenix.com.br\/index.php\/produto\/funny-bunny-delicias-da-horta-super-premium-500g\/#primaryimage\"},\"thumbnailUrl\":\"https:\/\/agropecuariafenix.com.br\/wp-content\/uploads\/2023\/10\/Funny-Bunny-Delcias-Da-Horta-Super-Premium-500G-1982752829.jpg\",\"datePublished\":\"2023-08-10T19:59:45+00:00\",\"dateModified\":\"2026-01-03T05:36:45+00:00\",\"breadcrumb\":{\"@id\":\"https:\/\/agropecuariafenix.com.br\/index.php\/produto\/funny-bunny-delicias-da-horta-super-premium-500g\/#breadcrumb\"},\"inLanguage\":\"pt-BR\",\"potentialAction\":[{\"@type\":\"ReadAction\",\"target\":[\"https:\/\/agropecuariafenix.com.br\/index.php\/produto\/funny-bunny-delicias-da-horta-super-premium-500g\/\"]}]},{\"@type\":\"ImageObject\",\"inLanguage\":\"pt-BR\",\"@id\":\"https:\/\/agropecuariafenix.com.br\/index.php\/produto\/funny-bunny-delicias-da-horta-super-premium-500g\/#primaryimage\",\"url\":\"https:\/\/agropecuariafenix.com.br\/wp-content\/uploads\/2023\/10\/Funny-Bunny-Delcias-Da-Horta-Super-Premium-500G-1982752829.jpg\",\"contentUrl\":\"https:\/\/agropecuariafenix.com.br\/wp-content\/uploads\/2023\/10\/Funny-Bunny-Delcias-Da-Horta-Super-Premium-500G-1982752829.jpg\",\"width\":400,\"height\":400,\"caption\":\"Funny Bunny Del\u00edcias Da Horta Super Premium 500G\"},{\"@type\":\"BreadcrumbList\",\"@id\":\"https:\/\/agropecuariafenix.com.br\/index.php\/produto\/funny-bunny-delicias-da-horta-super-premium-500g\/#breadcrumb\",\"itemListElement\":[{\"@type\":\"ListItem\",\"position\":1,\"name\":\"In\u00edcio\",\"item\":\"https:\/\/agropecuariafenix.com.br\/\"},{\"@type\":\"ListItem\",\"position\":2,\"name\":\"Todos os produtos\",\"item\":\"https:\/\/agropecuariafenix.com.br\/index.php\/loja\/\"},{\"@type\":\"ListItem\",\"position\":3,\"name\":\"Funny Bunny Del\u00edcias Da Horta Super Premium 500G\"}]},{\"@type\":\"WebSite\",\"@id\":\"https:\/\/agropecuariafenix.com.br\/#website\",\"url\":\"https:\/\/agropecuariafenix.com.br\/\",\"name\":\"Agropecu\u00e1ria Fenix\",\"description\":\"Agropecu\u00e1ria F\u00eanix Pet - Ra\u00e7\u00f5es \/ Medicamentos Pet \/ Cl\u00ednica Veterin\u00e1ria \/ Banho e Tosa \/ Cachorro \/\u00a0Gato\u00a0\/\u00a0P\u00e1ssaros\",\"publisher\":{\"@id\":\"https:\/\/agropecuariafenix.com.br\/#organization\"},\"alternateName\":\"Agropecu\u00e1ria Fenix\",\"potentialAction\":[{\"@type\":\"SearchAction\",\"target\":{\"@type\":\"EntryPoint\",\"urlTemplate\":\"https:\/\/agropecuariafenix.com.br\/?s={search_term_string}\"},\"query-input\":{\"@type\":\"PropertyValueSpecification\",\"valueRequired\":true,\"valueName\":\"search_term_string\"}}],\"inLanguage\":\"pt-BR\"},{\"@type\":\"Organization\",\"@id\":\"https:\/\/agropecuariafenix.com.br\/#organization\",\"name\":\"Agropecu\u00e1ria Fenix\",\"alternateName\":\"Agropecu\u00e1ria Fenix\",\"url\":\"https:\/\/agropecuariafenix.com.br\/\",\"logo\":{\"@type\":\"ImageObject\",\"inLanguage\":\"pt-BR\",\"@id\":\"https:\/\/agropecuariafenix.com.br\/#\/schema\/logo\/image\/\",\"url\":\"https:\/\/agropecuariafenix.com.br\/wp-content\/uploads\/2023\/08\/logo_fenix3-Copy.png\",\"contentUrl\":\"https:\/\/agropecuariafenix.com.br\/wp-content\/uploads\/2023\/08\/logo_fenix3-Copy.png\",\"width\":500,\"height\":500,\"caption\":\"Agropecu\u00e1ria Fenix\"},\"image\":{\"@id\":\"https:\/\/agropecuariafenix.com.br\/#\/schema\/logo\/image\/\"},\"sameAs\":[\"https:\/\/web.facebook.com\/agropecuariafenixjau\",\"https:\/\/www.instagram.com\/agropecuaria_fenix_jau\/\"]}]}<\/script>\n<!-- \/ Yoast SEO plugin. -->","yoast_head_json":{"title":"Funny Bunny Del\u00edcias Da Horta Super Premium 500G - Agropecu\u00e1ria Fenix","robots":{"index":"index","follow":"follow","max-snippet":"max-snippet:-1","max-image-preview":"max-image-preview:large","max-video-preview":"max-video-preview:-1"},"canonical":"https:\/\/agropecuariafenix.com.br\/index.php\/produto\/funny-bunny-delicias-da-horta-super-premium-500g\/","og_locale":"pt_BR","og_type":"article","og_title":"Funny Bunny Del\u00edcias Da Horta Super Premium 500G - Agropecu\u00e1ria Fenix","og_description":"Fonte de fibras essenciais; Mistura para pequenos roedores; Com vitaminas, minerais e fibras; Ingredientes selecionados, e vegetais","og_url":"https:\/\/agropecuariafenix.com.br\/index.php\/produto\/funny-bunny-delicias-da-horta-super-premium-500g\/","og_site_name":"Agropecu\u00e1ria Fenix","article_publisher":"https:\/\/web.facebook.com\/agropecuariafenixjau","article_modified_time":"2026-01-03T05:36:45+00:00","og_image":[{"width":400,"height":400,"url":"https:\/\/agropecuariafenix.com.br\/wp-content\/uploads\/2023\/10\/Funny-Bunny-Delcias-Da-Horta-Super-Premium-500G-1982752829.jpg","type":"image\/jpeg"}],"twitter_card":"summary_large_image","twitter_misc":{"Est. tempo de leitura":"1 minuto"},"schema":{"@context":"https:\/\/schema.org","@graph":[{"@type":"WebPage","@id":"https:\/\/agropecuariafenix.com.br\/index.php\/produto\/funny-bunny-delicias-da-horta-super-premium-500g\/","url":"https:\/\/agropecuariafenix.com.br\/index.php\/produto\/funny-bunny-delicias-da-horta-super-premium-500g\/","name":"Funny Bunny Del\u00edcias Da Horta Super Premium 500G - Agropecu\u00e1ria Fenix","isPartOf":{"@id":"https:\/\/agropecuariafenix.com.br\/#website"},"primaryImageOfPage":{"@id":"https:\/\/agropecuariafenix.com.br\/index.php\/produto\/funny-bunny-delicias-da-horta-super-premium-500g\/#primaryimage"},"image":{"@id":"https:\/\/agropecuariafenix.com.br\/index.php\/produto\/funny-bunny-delicias-da-horta-super-premium-500g\/#primaryimage"},"thumbnailUrl":"https:\/\/agropecuariafenix.com.br\/wp-content\/uploads\/2023\/10\/Funny-Bunny-Delcias-Da-Horta-Super-Premium-500G-1982752829.jpg","datePublished":"2023-08-10T19:59:45+00:00","dateModified":"2026-01-03T05:36:45+00:00","breadcrumb":{"@id":"https:\/\/agropecuariafenix.com.br\/index.php\/produto\/funny-bunny-delicias-da-horta-super-premium-500g\/#breadcrumb"},"inLanguage":"pt-BR","potentialAction":[{"@type":"ReadAction","target":["https:\/\/agropecuariafenix.com.br\/index.php\/produto\/funny-bunny-delicias-da-horta-super-premium-500g\/"]}]},{"@type":"ImageObject","inLanguage":"pt-BR","@id":"https:\/\/agropecuariafenix.com.br\/index.php\/produto\/funny-bunny-delicias-da-horta-super-premium-500g\/#primaryimage","url":"https:\/\/agropecuariafenix.com.br\/wp-content\/uploads\/2023\/10\/Funny-Bunny-Delcias-Da-Horta-Super-Premium-500G-1982752829.jpg","contentUrl":"https:\/\/agropecuariafenix.com.br\/wp-content\/uploads\/2023\/10\/Funny-Bunny-Delcias-Da-Horta-Super-Premium-500G-1982752829.jpg","width":400,"height":400,"caption":"Funny Bunny Del\u00edcias Da Horta Super Premium 500G"},{"@type":"BreadcrumbList","@id":"https:\/\/agropecuariafenix.com.br\/index.php\/produto\/funny-bunny-delicias-da-horta-super-premium-500g\/#breadcrumb","itemListElement":[{"@type":"ListItem","position":1,"name":"In\u00edcio","item":"https:\/\/agropecuariafenix.com.br\/"},{"@type":"ListItem","position":2,"name":"Todos os produtos","item":"https:\/\/agropecuariafenix.com.br\/index.php\/loja\/"},{"@type":"ListItem","position":3,"name":"Funny Bunny Del\u00edcias Da Horta Super Premium 500G"}]},{"@type":"WebSite","@id":"https:\/\/agropecuariafenix.com.br\/#website","url":"https:\/\/agropecuariafenix.com.br\/","name":"Agropecu\u00e1ria Fenix","description":"Agropecu\u00e1ria F\u00eanix Pet - Ra\u00e7\u00f5es \/ Medicamentos Pet \/ Cl\u00ednica Veterin\u00e1ria \/ Banho e Tosa \/ Cachorro \/\u00a0Gato\u00a0\/\u00a0P\u00e1ssaros","publisher":{"@id":"https:\/\/agropecuariafenix.com.br\/#organization"},"alternateName":"Agropecu\u00e1ria Fenix","potentialAction":[{"@type":"SearchAction","target":{"@type":"EntryPoint","urlTemplate":"https:\/\/agropecuariafenix.com.br\/?s={search_term_string}"},"query-input":{"@type":"PropertyValueSpecification","valueRequired":true,"valueName":"search_term_string"}}],"inLanguage":"pt-BR"},{"@type":"Organization","@id":"https:\/\/agropecuariafenix.com.br\/#organization","name":"Agropecu\u00e1ria Fenix","alternateName":"Agropecu\u00e1ria Fenix","url":"https:\/\/agropecuariafenix.com.br\/","logo":{"@type":"ImageObject","inLanguage":"pt-BR","@id":"https:\/\/agropecuariafenix.com.br\/#\/schema\/logo\/image\/","url":"https:\/\/agropecuariafenix.com.br\/wp-content\/uploads\/2023\/08\/logo_fenix3-Copy.png","contentUrl":"https:\/\/agropecuariafenix.com.br\/wp-content\/uploads\/2023\/08\/logo_fenix3-Copy.png","width":500,"height":500,"caption":"Agropecu\u00e1ria Fenix"},"image":{"@id":"https:\/\/agropecuariafenix.com.br\/#\/schema\/logo\/image\/"},"sameAs":["https:\/\/web.facebook.com\/agropecuariafenixjau","https:\/\/www.instagram.com\/agropecuaria_fenix_jau\/"]}]}},"_links":{"self":[{"href":"https:\/\/agropecuariafenix.com.br\/index.php\/wp-json\/wp\/v2\/product\/26486","targetHints":{"allow":["GET"]}}],"collection":[{"href":"https:\/\/agropecuariafenix.com.br\/index.php\/wp-json\/wp\/v2\/product"}],"about":[{"href":"https:\/\/agropecuariafenix.com.br\/index.php\/wp-json\/wp\/v2\/types\/product"}],"replies":[{"embeddable":true,"href":"https:\/\/agropecuariafenix.com.br\/index.php\/wp-json\/wp\/v2\/comments?post=26486"}],"version-history":[{"count":3,"href":"https:\/\/agropecuariafenix.com.br\/index.php\/wp-json\/wp\/v2\/product\/26486\/revisions"}],"predecessor-version":[{"id":26759,"href":"https:\/\/agropecuariafenix.com.br\/index.php\/wp-json\/wp\/v2\/product\/26486\/revisions\/26759"}],"wp:featuredmedia":[{"embeddable":true,"href":"https:\/\/agropecuariafenix.com.br\/index.php\/wp-json\/wp\/v2\/media\/26755"}],"wp:attachment":[{"href":"https:\/\/agropecuariafenix.com.br\/index.php\/wp-json\/wp\/v2\/media?parent=26486"}],"wp:term":[{"taxonomy":"product_brand","embeddable":true,"href":"https:\/\/agropecuariafenix.com.br\/index.php\/wp-json\/wp\/v2\/product_brand?post=26486"},{"taxonomy":"product_cat","embeddable":true,"href":"https:\/\/agropecuariafenix.com.br\/index.php\/wp-json\/wp\/v2\/product_cat?post=26486"},{"taxonomy":"product_tag","embeddable":true,"href":"https:\/\/agropecuariafenix.com.br\/index.php\/wp-json\/wp\/v2\/product_tag?post=26486"}],"curies":[{"name":"wp","href":"https:\/\/api.w.org\/{rel}","templated":true}]}}