{"id":26484,"date":"2023-08-10T16:55:32","date_gmt":"2023-08-10T19:55:32","guid":{"rendered":"https:\/\/agropecuariafenix.com.br\/index.php\/produto\/funny-bunny-delicias-da-horta-super-premium-18kg\/"},"modified":"2026-01-03T02:36:44","modified_gmt":"2026-01-03T05:36:44","slug":"funny-bunny-delicias-da-horta-super-premium-18kg","status":"publish","type":"product","link":"https:\/\/agropecuariafenix.com.br\/index.php\/produto\/funny-bunny-delicias-da-horta-super-premium-18kg\/","title":{"rendered":"Funny Bunny Del\u00edcias Da Horta Super Premium 1,8Kg"},"content":{"rendered":"<p>N\u00edveis de Garantia<br \/>\nUmidade (m\u00e1x) 120g\/kg (12%), Prote\u00edna Bruta (m\u00edn) 170g\/kg (17%), Extrato Et\u00e9reo (m\u00edn) 30g\/kg (3%), Mat\u00e9ria Fibrosa (m\u00e1x) 180g\/kg (18%), Mat\u00e9ria Mineral (m\u00e1x) 130g\/kg (13%), C\u00e1lcio (m\u00edn) 8000mg\/kg (0.8%), C\u00e1lcio (m\u00e1x) 10g\/kg (1%), F\u00f3sforo (m\u00edn) 4000mg\/kg (0.4%), Metionina (m\u00edn) 3600mg\/kg, Lisina (m\u00edn) 8000mg\/kg.<br \/>\nInforma\u00e7\u00f5es Nutricionais<br \/>\nVitamina A (m\u00edn) 8000UI\/kg, Vitamina C (m\u00edn) 200mg\/kg, Vitamina D3 (m\u00edn) 1750UI\/kg, Vitamina E (m\u00edn) 30UI\/kg, Vitamina K3 (m\u00edn) 3mg\/kg, Vitamina B1 (m\u00edn) 1.25mg\/kg, Vitamina B2 (m\u00edn) 4mg\/kg, Vitamina B6 (m\u00edn) 2mg\/kg, Vitamina B12 (m\u00edn) 20mcg\/kg, \u00c1cido F\u00f3lico (m\u00edn) 1.25mg\/kg, \u00c1cido Pantot\u00eanico (m\u00edn) 18.75mg\/kg, Biotina (m\u00edn) 0.125mg\/kg, Colina (m\u00edn) 220mg\/kg, Niacina (m\u00edn) 35mg\/kg, Cobre (m\u00edn) 8mg\/kg, Ferro (m\u00edn) 55mg\/kg, Iodo (m\u00edn) 0.4mg\/kg, Mangan\u00eas (m\u00edn) 50mg\/kg, Sel\u00eanio (m\u00edn) 0.3mg\/kg, Zinco (m\u00edn) 80mg\/kg.<br \/>\nComposi\u00e7\u00e3o<br \/>\nArroz Integral, Milho Mo\u00eddo*, Farinha de Trigo, Farelo de Soja**, Espinafre Desidratado, Cenoura (1%), Tomate, Farelo de Trigo, Farelo de Arroz, Feno Mo\u00eddo de Alfafa (35%), Calc\u00e1rio Calc\u00edtico, Cloreto de S\u00f3dio, DL-Metionina, Extrato de Yucca (0.03%), Bentonita, Vitaminas (Vitamina A, Vitamina C, Vitamina D3, Vitamina E, Vitamina K3, Vitamina B1, Vitamina B2, Vitamina B6, Vitamina B12, \u00c1cido F\u00f3lico, Pantotenato de C\u00e1lcio, Biotina, Cloreto de Colina, \u00c1cido Nicot\u00ednico), Minerais (Sulfato de Cobre, Sulfato de Ferro, Iodato de C\u00e1lcio, Sulfato de Mangan\u00eas, Selenito de S\u00f3dio, \u00d3xido de Zinco), BHA (Butilhidroxianisol), BHT (Butilhidroxitolueno), Propionato de C\u00e1lcio, Sorbato de Pot\u00e1ssio. Este produto n\u00e3o possui corantes artificiais em sua composi\u00e7\u00e3o, estando sujeito a pequenas varia\u00e7\u00f5es em sua colora\u00e7\u00e3o. \u2013 Esp\u00e9cies doadoras de genes: *Agrobacterium tumefaciens, Bacillus subtilis, Bacillus thuringiensis, Diabrotica virgifera, Dicossoma sp., Escherichia coli, Sphingobium herbicidovorans, Stenotrophomonas maltophilia, Streptomyces viridochromogenes, Thermococcales spp., Zea mays. **Agrobacterium tumefaciens, Arabidopsis thaliana, Bacillus thuringiensis, Delftia acidovorans, Glycine max, Helianthus annuus, Pseudomonas fluorescens, Stenotrophomonas maltophilia, Streptomyces hygroscopicus, Streptomyces viridochromogenes, Zea mays.<\/p>\n","protected":false},"excerpt":{"rendered":"<p> Indicada para coelhos e pequenos roedores;<br \/>\n&#8211; Alimenta\u00e7\u00e3o completa e balanceada;<br \/>\n&#8211; Formulada com alfafa verde e vitaminas A, C, D &amp; do complexo B;<br \/>\n&#8211; Proporciona melhor digest\u00e3o e sa\u00fade \u00e0 vis\u00e3o,<br \/>\n&#8211; Dispon\u00edvel em embalagens com 500 g e 1,8 kg.<\/p>\n","protected":false},"featured_media":26483,"comment_status":"open","ping_status":"closed","template":"","meta":[],"product_brand":[],"product_cat":[1595,374,1594],"product_tag":[1593],"class_list":{"0":"post-26484","1":"product","2":"type-product","3":"status-publish","4":"has-post-thumbnail","6":"product_cat-racao-roedores","7":"product_cat-racao-seca","8":"product_cat-roedor","9":"product_tag-18kg","11":"first","12":"instock","13":"shipping-taxable","14":"purchasable","15":"product-type-simple"},"yoast_head":"<!-- This site is optimized with the Yoast SEO plugin v27.6 - https:\/\/yoast.com\/product\/yoast-seo-wordpress\/ -->\n<title>Funny Bunny Del\u00edcias Da Horta Super Premium 1,8Kg - Agropecu\u00e1ria Fenix<\/title>\n<meta name=\"robots\" content=\"index, follow, max-snippet:-1, max-image-preview:large, max-video-preview:-1\" \/>\n<link rel=\"canonical\" href=\"https:\/\/agropecuariafenix.com.br\/index.php\/produto\/funny-bunny-delicias-da-horta-super-premium-18kg\/\" \/>\n<meta property=\"og:locale\" content=\"pt_BR\" \/>\n<meta property=\"og:type\" content=\"article\" \/>\n<meta property=\"og:title\" content=\"Funny Bunny Del\u00edcias Da Horta Super Premium 1,8Kg - Agropecu\u00e1ria Fenix\" \/>\n<meta property=\"og:description\" content=\"Indicada para coelhos e pequenos roedores; &#8211; Alimenta\u00e7\u00e3o completa e balanceada; &#8211; Formulada com alfafa verde e vitaminas A, C, D &amp; do complexo B; &#8211; Proporciona melhor digest\u00e3o e sa\u00fade \u00e0 vis\u00e3o, &#8211; Dispon\u00edvel em embalagens com 500 g e 1,8 kg.\" \/>\n<meta property=\"og:url\" content=\"https:\/\/agropecuariafenix.com.br\/index.php\/produto\/funny-bunny-delicias-da-horta-super-premium-18kg\/\" \/>\n<meta property=\"og:site_name\" content=\"Agropecu\u00e1ria Fenix\" \/>\n<meta property=\"article:publisher\" content=\"https:\/\/web.facebook.com\/agropecuariafenixjau\" \/>\n<meta property=\"article:modified_time\" content=\"2026-01-03T05:36:44+00:00\" \/>\n<meta property=\"og:image\" content=\"https:\/\/agropecuariafenix.com.br\/wp-content\/uploads\/2023\/08\/Funny-Bunny-Delcias-Da-Horta-Super-Premium-18Kg-1942687277.jpg\" \/>\n\t<meta property=\"og:image:width\" content=\"1000\" \/>\n\t<meta property=\"og:image:height\" content=\"1000\" \/>\n\t<meta property=\"og:image:type\" content=\"image\/jpeg\" \/>\n<meta name=\"twitter:card\" content=\"summary_large_image\" \/>\n<meta name=\"twitter:label1\" content=\"Est. tempo de leitura\" \/>\n\t<meta name=\"twitter:data1\" content=\"2 minutos\" \/>\n<script type=\"application\/ld+json\" class=\"yoast-schema-graph\">{\"@context\":\"https:\\\/\\\/schema.org\",\"@graph\":[{\"@type\":\"WebPage\",\"@id\":\"https:\\\/\\\/agropecuariafenix.com.br\\\/index.php\\\/produto\\\/funny-bunny-delicias-da-horta-super-premium-18kg\\\/\",\"url\":\"https:\\\/\\\/agropecuariafenix.com.br\\\/index.php\\\/produto\\\/funny-bunny-delicias-da-horta-super-premium-18kg\\\/\",\"name\":\"Funny Bunny Del\u00edcias Da Horta Super Premium 1,8Kg - Agropecu\u00e1ria Fenix\",\"isPartOf\":{\"@id\":\"https:\\\/\\\/agropecuariafenix.com.br\\\/#website\"},\"primaryImageOfPage\":{\"@id\":\"https:\\\/\\\/agropecuariafenix.com.br\\\/index.php\\\/produto\\\/funny-bunny-delicias-da-horta-super-premium-18kg\\\/#primaryimage\"},\"image\":{\"@id\":\"https:\\\/\\\/agropecuariafenix.com.br\\\/index.php\\\/produto\\\/funny-bunny-delicias-da-horta-super-premium-18kg\\\/#primaryimage\"},\"thumbnailUrl\":\"https:\\\/\\\/agropecuariafenix.com.br\\\/wp-content\\\/uploads\\\/2023\\\/08\\\/Funny-Bunny-Delcias-Da-Horta-Super-Premium-18Kg-1942687277.jpg\",\"datePublished\":\"2023-08-10T19:55:32+00:00\",\"dateModified\":\"2026-01-03T05:36:44+00:00\",\"breadcrumb\":{\"@id\":\"https:\\\/\\\/agropecuariafenix.com.br\\\/index.php\\\/produto\\\/funny-bunny-delicias-da-horta-super-premium-18kg\\\/#breadcrumb\"},\"inLanguage\":\"pt-BR\",\"potentialAction\":[{\"@type\":\"ReadAction\",\"target\":[\"https:\\\/\\\/agropecuariafenix.com.br\\\/index.php\\\/produto\\\/funny-bunny-delicias-da-horta-super-premium-18kg\\\/\"]}]},{\"@type\":\"ImageObject\",\"inLanguage\":\"pt-BR\",\"@id\":\"https:\\\/\\\/agropecuariafenix.com.br\\\/index.php\\\/produto\\\/funny-bunny-delicias-da-horta-super-premium-18kg\\\/#primaryimage\",\"url\":\"https:\\\/\\\/agropecuariafenix.com.br\\\/wp-content\\\/uploads\\\/2023\\\/08\\\/Funny-Bunny-Delcias-Da-Horta-Super-Premium-18Kg-1942687277.jpg\",\"contentUrl\":\"https:\\\/\\\/agropecuariafenix.com.br\\\/wp-content\\\/uploads\\\/2023\\\/08\\\/Funny-Bunny-Delcias-Da-Horta-Super-Premium-18Kg-1942687277.jpg\",\"width\":1000,\"height\":1000,\"caption\":\"Funny Bunny Del\u00edcias Da Horta Super Premium 1,8Kg\"},{\"@type\":\"BreadcrumbList\",\"@id\":\"https:\\\/\\\/agropecuariafenix.com.br\\\/index.php\\\/produto\\\/funny-bunny-delicias-da-horta-super-premium-18kg\\\/#breadcrumb\",\"itemListElement\":[{\"@type\":\"ListItem\",\"position\":1,\"name\":\"In\u00edcio\",\"item\":\"https:\\\/\\\/agropecuariafenix.com.br\\\/\"},{\"@type\":\"ListItem\",\"position\":2,\"name\":\"Todos os produtos\",\"item\":\"https:\\\/\\\/agropecuariafenix.com.br\\\/index.php\\\/loja\\\/\"},{\"@type\":\"ListItem\",\"position\":3,\"name\":\"Funny Bunny Del\u00edcias Da Horta Super Premium 1,8Kg\"}]},{\"@type\":\"WebSite\",\"@id\":\"https:\\\/\\\/agropecuariafenix.com.br\\\/#website\",\"url\":\"https:\\\/\\\/agropecuariafenix.com.br\\\/\",\"name\":\"Agropecu\u00e1ria Fenix\",\"description\":\"Agropecu\u00e1ria F\u00eanix Pet - Ra\u00e7\u00f5es \\\/ Medicamentos Pet \\\/ Cl\u00ednica Veterin\u00e1ria \\\/ Banho e Tosa \\\/ Cachorro \\\/\u00a0Gato\u00a0\\\/\u00a0P\u00e1ssaros\",\"publisher\":{\"@id\":\"https:\\\/\\\/agropecuariafenix.com.br\\\/#organization\"},\"alternateName\":\"Agropecu\u00e1ria Fenix\",\"potentialAction\":[{\"@type\":\"SearchAction\",\"target\":{\"@type\":\"EntryPoint\",\"urlTemplate\":\"https:\\\/\\\/agropecuariafenix.com.br\\\/?s={search_term_string}\"},\"query-input\":{\"@type\":\"PropertyValueSpecification\",\"valueRequired\":true,\"valueName\":\"search_term_string\"}}],\"inLanguage\":\"pt-BR\"},{\"@type\":\"Organization\",\"@id\":\"https:\\\/\\\/agropecuariafenix.com.br\\\/#organization\",\"name\":\"Agropecu\u00e1ria Fenix\",\"alternateName\":\"Agropecu\u00e1ria Fenix\",\"url\":\"https:\\\/\\\/agropecuariafenix.com.br\\\/\",\"logo\":{\"@type\":\"ImageObject\",\"inLanguage\":\"pt-BR\",\"@id\":\"https:\\\/\\\/agropecuariafenix.com.br\\\/#\\\/schema\\\/logo\\\/image\\\/\",\"url\":\"https:\\\/\\\/agropecuariafenix.com.br\\\/wp-content\\\/uploads\\\/2023\\\/08\\\/logo_fenix3-Copy.png\",\"contentUrl\":\"https:\\\/\\\/agropecuariafenix.com.br\\\/wp-content\\\/uploads\\\/2023\\\/08\\\/logo_fenix3-Copy.png\",\"width\":500,\"height\":500,\"caption\":\"Agropecu\u00e1ria Fenix\"},\"image\":{\"@id\":\"https:\\\/\\\/agropecuariafenix.com.br\\\/#\\\/schema\\\/logo\\\/image\\\/\"},\"sameAs\":[\"https:\\\/\\\/web.facebook.com\\\/agropecuariafenixjau\",\"https:\\\/\\\/www.instagram.com\\\/agropecuaria_fenix_jau\\\/\"]}]}<\/script>\n<!-- \/ Yoast SEO plugin. -->","yoast_head_json":{"title":"Funny Bunny Del\u00edcias Da Horta Super Premium 1,8Kg - Agropecu\u00e1ria Fenix","robots":{"index":"index","follow":"follow","max-snippet":"max-snippet:-1","max-image-preview":"max-image-preview:large","max-video-preview":"max-video-preview:-1"},"canonical":"https:\/\/agropecuariafenix.com.br\/index.php\/produto\/funny-bunny-delicias-da-horta-super-premium-18kg\/","og_locale":"pt_BR","og_type":"article","og_title":"Funny Bunny Del\u00edcias Da Horta Super Premium 1,8Kg - Agropecu\u00e1ria Fenix","og_description":"Indicada para coelhos e pequenos roedores; &#8211; Alimenta\u00e7\u00e3o completa e balanceada; &#8211; Formulada com alfafa verde e vitaminas A, C, D &amp; do complexo B; &#8211; Proporciona melhor digest\u00e3o e sa\u00fade \u00e0 vis\u00e3o, &#8211; Dispon\u00edvel em embalagens com 500 g e 1,8 kg.","og_url":"https:\/\/agropecuariafenix.com.br\/index.php\/produto\/funny-bunny-delicias-da-horta-super-premium-18kg\/","og_site_name":"Agropecu\u00e1ria Fenix","article_publisher":"https:\/\/web.facebook.com\/agropecuariafenixjau","article_modified_time":"2026-01-03T05:36:44+00:00","og_image":[{"width":1000,"height":1000,"url":"https:\/\/agropecuariafenix.com.br\/wp-content\/uploads\/2023\/08\/Funny-Bunny-Delcias-Da-Horta-Super-Premium-18Kg-1942687277.jpg","type":"image\/jpeg"}],"twitter_card":"summary_large_image","twitter_misc":{"Est. tempo de leitura":"2 minutos"},"schema":{"@context":"https:\/\/schema.org","@graph":[{"@type":"WebPage","@id":"https:\/\/agropecuariafenix.com.br\/index.php\/produto\/funny-bunny-delicias-da-horta-super-premium-18kg\/","url":"https:\/\/agropecuariafenix.com.br\/index.php\/produto\/funny-bunny-delicias-da-horta-super-premium-18kg\/","name":"Funny Bunny Del\u00edcias Da Horta Super Premium 1,8Kg - Agropecu\u00e1ria Fenix","isPartOf":{"@id":"https:\/\/agropecuariafenix.com.br\/#website"},"primaryImageOfPage":{"@id":"https:\/\/agropecuariafenix.com.br\/index.php\/produto\/funny-bunny-delicias-da-horta-super-premium-18kg\/#primaryimage"},"image":{"@id":"https:\/\/agropecuariafenix.com.br\/index.php\/produto\/funny-bunny-delicias-da-horta-super-premium-18kg\/#primaryimage"},"thumbnailUrl":"https:\/\/agropecuariafenix.com.br\/wp-content\/uploads\/2023\/08\/Funny-Bunny-Delcias-Da-Horta-Super-Premium-18Kg-1942687277.jpg","datePublished":"2023-08-10T19:55:32+00:00","dateModified":"2026-01-03T05:36:44+00:00","breadcrumb":{"@id":"https:\/\/agropecuariafenix.com.br\/index.php\/produto\/funny-bunny-delicias-da-horta-super-premium-18kg\/#breadcrumb"},"inLanguage":"pt-BR","potentialAction":[{"@type":"ReadAction","target":["https:\/\/agropecuariafenix.com.br\/index.php\/produto\/funny-bunny-delicias-da-horta-super-premium-18kg\/"]}]},{"@type":"ImageObject","inLanguage":"pt-BR","@id":"https:\/\/agropecuariafenix.com.br\/index.php\/produto\/funny-bunny-delicias-da-horta-super-premium-18kg\/#primaryimage","url":"https:\/\/agropecuariafenix.com.br\/wp-content\/uploads\/2023\/08\/Funny-Bunny-Delcias-Da-Horta-Super-Premium-18Kg-1942687277.jpg","contentUrl":"https:\/\/agropecuariafenix.com.br\/wp-content\/uploads\/2023\/08\/Funny-Bunny-Delcias-Da-Horta-Super-Premium-18Kg-1942687277.jpg","width":1000,"height":1000,"caption":"Funny Bunny Del\u00edcias Da Horta Super Premium 1,8Kg"},{"@type":"BreadcrumbList","@id":"https:\/\/agropecuariafenix.com.br\/index.php\/produto\/funny-bunny-delicias-da-horta-super-premium-18kg\/#breadcrumb","itemListElement":[{"@type":"ListItem","position":1,"name":"In\u00edcio","item":"https:\/\/agropecuariafenix.com.br\/"},{"@type":"ListItem","position":2,"name":"Todos os produtos","item":"https:\/\/agropecuariafenix.com.br\/index.php\/loja\/"},{"@type":"ListItem","position":3,"name":"Funny Bunny Del\u00edcias Da Horta Super Premium 1,8Kg"}]},{"@type":"WebSite","@id":"https:\/\/agropecuariafenix.com.br\/#website","url":"https:\/\/agropecuariafenix.com.br\/","name":"Agropecu\u00e1ria Fenix","description":"Agropecu\u00e1ria F\u00eanix Pet - Ra\u00e7\u00f5es \/ Medicamentos Pet \/ Cl\u00ednica Veterin\u00e1ria \/ Banho e Tosa \/ Cachorro \/\u00a0Gato\u00a0\/\u00a0P\u00e1ssaros","publisher":{"@id":"https:\/\/agropecuariafenix.com.br\/#organization"},"alternateName":"Agropecu\u00e1ria Fenix","potentialAction":[{"@type":"SearchAction","target":{"@type":"EntryPoint","urlTemplate":"https:\/\/agropecuariafenix.com.br\/?s={search_term_string}"},"query-input":{"@type":"PropertyValueSpecification","valueRequired":true,"valueName":"search_term_string"}}],"inLanguage":"pt-BR"},{"@type":"Organization","@id":"https:\/\/agropecuariafenix.com.br\/#organization","name":"Agropecu\u00e1ria Fenix","alternateName":"Agropecu\u00e1ria Fenix","url":"https:\/\/agropecuariafenix.com.br\/","logo":{"@type":"ImageObject","inLanguage":"pt-BR","@id":"https:\/\/agropecuariafenix.com.br\/#\/schema\/logo\/image\/","url":"https:\/\/agropecuariafenix.com.br\/wp-content\/uploads\/2023\/08\/logo_fenix3-Copy.png","contentUrl":"https:\/\/agropecuariafenix.com.br\/wp-content\/uploads\/2023\/08\/logo_fenix3-Copy.png","width":500,"height":500,"caption":"Agropecu\u00e1ria Fenix"},"image":{"@id":"https:\/\/agropecuariafenix.com.br\/#\/schema\/logo\/image\/"},"sameAs":["https:\/\/web.facebook.com\/agropecuariafenixjau","https:\/\/www.instagram.com\/agropecuaria_fenix_jau\/"]}]}},"_links":{"self":[{"href":"https:\/\/agropecuariafenix.com.br\/index.php\/wp-json\/wp\/v2\/product\/26484","targetHints":{"allow":["GET"]}}],"collection":[{"href":"https:\/\/agropecuariafenix.com.br\/index.php\/wp-json\/wp\/v2\/product"}],"about":[{"href":"https:\/\/agropecuariafenix.com.br\/index.php\/wp-json\/wp\/v2\/types\/product"}],"replies":[{"embeddable":true,"href":"https:\/\/agropecuariafenix.com.br\/index.php\/wp-json\/wp\/v2\/comments?post=26484"}],"version-history":[{"count":1,"href":"https:\/\/agropecuariafenix.com.br\/index.php\/wp-json\/wp\/v2\/product\/26484\/revisions"}],"predecessor-version":[{"id":26487,"href":"https:\/\/agropecuariafenix.com.br\/index.php\/wp-json\/wp\/v2\/product\/26484\/revisions\/26487"}],"wp:featuredmedia":[{"embeddable":true,"href":"https:\/\/agropecuariafenix.com.br\/index.php\/wp-json\/wp\/v2\/media\/26483"}],"wp:attachment":[{"href":"https:\/\/agropecuariafenix.com.br\/index.php\/wp-json\/wp\/v2\/media?parent=26484"}],"wp:term":[{"taxonomy":"product_brand","embeddable":true,"href":"https:\/\/agropecuariafenix.com.br\/index.php\/wp-json\/wp\/v2\/product_brand?post=26484"},{"taxonomy":"product_cat","embeddable":true,"href":"https:\/\/agropecuariafenix.com.br\/index.php\/wp-json\/wp\/v2\/product_cat?post=26484"},{"taxonomy":"product_tag","embeddable":true,"href":"https:\/\/agropecuariafenix.com.br\/index.php\/wp-json\/wp\/v2\/product_tag?post=26484"}],"curies":[{"name":"wp","href":"https:\/\/api.w.org\/{rel}","templated":true}]}}