{"id":26477,"date":"2023-08-09T17:12:02","date_gmt":"2023-08-09T20:12:02","guid":{"rendered":"https:\/\/agropecuariafenix.com.br\/index.php\/produto\/vet-life-gato-hypoallergenic-pork-et-potato-2kg\/"},"modified":"2026-03-17T15:10:14","modified_gmt":"2026-03-17T18:10:14","slug":"vet-life-gato-hypoallergenic-pork-et-potato-2kg","status":"publish","type":"product","link":"https:\/\/agropecuariafenix.com.br\/index.php\/produto\/vet-life-gato-hypoallergenic-pork-et-potato-2kg\/","title":{"rendered":"Vet Life Gato Hypoallergenic Pork Et Potato 2Kg"},"content":{"rendered":"<p>Estas rea\u00e7\u00f5es adversas s\u00e3o muitas vezes devidas \u00e0 presen\u00e7a de prote\u00ednas e res\u00edduos na dieta aos quais o gato \u00e9 sens\u00edvel. Vet Life Natural Feline Hypoallergenic Pork &amp; Potato foi formulada especialmente para diminuir a presen\u00e7a de fatores frequentemente respons\u00e1veis pelas rea\u00e7\u00f5es al\u00e9rgicas e intoler\u00e2ncias.<br \/>\nHypoallergenic Pork &amp; Potato Feline<\/p>\n<p>APRESENTA\u00c7\u00d5ES DISPON\u00cdVEIS 400G &#8211; 2KG<br \/>\nCOMPOSI\u00c7\u00c3O B\u00c1SICA<br \/>\nfarinha de torresmo, gordura su\u00edna, \u00f3leo de peixe, \u00f3leo de frango, batata desidratada, amido de batata, plasma sangu\u00edneo desidratado de su\u00edno, celulose em p\u00f3, DL-metionina, triptofano, L-tirosina, taurina, L-carnitina, L-treonina, aditivo prebiotico (MOS), beta caroteno, extrato de yucca, zeolita, hidrolisado de f\u00edgado su\u00edno, vitaminas (A, D3, E, B1, B2, B5, B6, B12, C, biotina, niacina, \u00e1cido f\u00f3lico, cloreto de colina), cloreto de s\u00f3dio, carbonato de c\u00e1lcio, sulfato de c\u00e1lcio dihidratado, fosfato bic\u00e1lcico, cloreto de pot\u00e1ssio, ferro amino\u00e1cido quelato, cobre amino\u00e1cido quelato, zinco amino\u00e1cido quelato, mangan\u00eas amino\u00e1cido quelato, proteinato de sel\u00eanio, iodato de c\u00e1lcio, propionato de c\u00e1lcio, mono e diglicer\u00eddeos de \u00e1cidos graxos, concentrado de tocofer\u00f3is.<\/p>\n<p>INFORMA\u00c7\u00d5ES NUTRICIONAIS<br \/>\nENRIQUECIMENTO M\u00cdNIMO POR KG<br \/>\nvitamina A 22.000UI; vitamina D3 1500UI; vitamina E 600UI; vitamina B1 10mg; vitamina B2 20mg; vitamina B5 50mg; vitamina B6 8,1mg; vitamina B12 100mcg; vitamina C 300mg; biotina 1,5mg; niacina 150mg; \u00e1cido f\u00f3lico 1,5mg; colina 2.500mg; ferro 43,1mg; cobre 10,8mg; zinco 130,5mg; mangan\u00eas 65,5mg; sel\u00eanio 0,2mg; iodo 1,56mg.<\/p>\n<p>N\u00cdVEIS DE GARANTIA<br \/>\nUmidade (m\u00e1x.) 80g\/kg(8%); Prote\u00edna Bruta (m\u00edn.) 270g\/kg(27%); Extrato Et\u00e9reo (m\u00edn.) 100g\/kg(10%); Mat\u00e9ria Fibrosa (m\u00e1x.) 43g\/kg(4,3%); Mat\u00e9ria Mineral (m\u00e1x.) 89g\/kg(8,9%); C\u00e1lcio (m\u00edn.) 8.500mg\/kg(0,85%); C\u00e1lcio (m\u00e1x.) 13g\/kg(1,3%); F\u00f3sforo (m\u00edn.) 6.500mg\/kg(0,65%); S\u00f3dio (m\u00edn.) 5.000mg\/kg; Pot\u00e1ssio (m\u00edn.) 6.500mg\/kg; Magn\u00e9sio (m\u00edn.) 400mg\/kg; Metionina (m\u00edn.) 5.000mg\/kg; Triptofano (m\u00edn.) 1.700mg\/kg; Tirosina (m\u00edn.) 2.500mg\/kg; Taurina (m\u00edn.) 2.000mg\/kg; L-carnitina (m\u00edn.) 300mg\/kg; Mannan-Oligossacar\u00eddeos (m\u00edn.) 300mg\/kg; beta caroteno (m\u00edn.) 5mg\/kg; \u00d4mega 6 (m\u00edn.) 10g\/kg; \u00d4mega 3 (m\u00edn.) 4.000mg\/kg; \u00c1cido Eicosapentaenoico (EPA) (m\u00edn.) 1.500mg\/kg; \u00c1cido Docosahexaenoico (DHA) (m\u00edn.) 1.700mg\/<\/p>\n","protected":false},"excerpt":{"rendered":"<p>Alimento coadjuvante seco recomendado para auxiliar na recupera\u00e7\u00e3o de gatos com alergias ou intoler\u00e2ncia a nutrientes.<\/p>\n","protected":false},"featured_media":26476,"comment_status":"open","ping_status":"closed","template":"","meta":[],"product_brand":[],"product_cat":[696],"product_tag":[700],"class_list":{"0":"post-26477","1":"product","2":"type-product","3":"status-publish","4":"has-post-thumbnail","6":"product_cat-racao-medicamentosa","7":"product_tag-2kg","9":"first","10":"instock","11":"shipping-taxable","12":"purchasable","13":"product-type-simple"},"yoast_head":"<!-- This site is optimized with the Yoast SEO plugin v27.6 - https:\/\/yoast.com\/product\/yoast-seo-wordpress\/ -->\n<title>Vet Life Gato Hypoallergenic Pork Et Potato 2Kg - Agropecu\u00e1ria Fenix<\/title>\n<meta name=\"robots\" content=\"index, follow, max-snippet:-1, max-image-preview:large, max-video-preview:-1\" \/>\n<link rel=\"canonical\" href=\"https:\/\/agropecuariafenix.com.br\/index.php\/produto\/vet-life-gato-hypoallergenic-pork-et-potato-2kg\/\" \/>\n<meta property=\"og:locale\" content=\"pt_BR\" \/>\n<meta property=\"og:type\" content=\"article\" \/>\n<meta property=\"og:title\" content=\"Vet Life Gato Hypoallergenic Pork Et Potato 2Kg - Agropecu\u00e1ria Fenix\" \/>\n<meta property=\"og:description\" content=\"Alimento coadjuvante seco recomendado para auxiliar na recupera\u00e7\u00e3o de gatos com alergias ou intoler\u00e2ncia a nutrientes.\" \/>\n<meta property=\"og:url\" content=\"https:\/\/agropecuariafenix.com.br\/index.php\/produto\/vet-life-gato-hypoallergenic-pork-et-potato-2kg\/\" \/>\n<meta property=\"og:site_name\" content=\"Agropecu\u00e1ria Fenix\" \/>\n<meta property=\"article:publisher\" content=\"https:\/\/web.facebook.com\/agropecuariafenixjau\" \/>\n<meta property=\"article:modified_time\" content=\"2026-03-17T18:10:14+00:00\" \/>\n<meta property=\"og:image\" content=\"https:\/\/agropecuariafenix.com.br\/wp-content\/uploads\/2023\/08\/Vet-Life-Gato-Hypoallergenic-Pork-Et-Potato-2Kg-1903135015.jpg\" \/>\n\t<meta property=\"og:image:width\" content=\"453\" \/>\n\t<meta property=\"og:image:height\" content=\"453\" \/>\n\t<meta property=\"og:image:type\" content=\"image\/jpeg\" \/>\n<meta name=\"twitter:card\" content=\"summary_large_image\" \/>\n<meta name=\"twitter:label1\" content=\"Est. tempo de leitura\" \/>\n\t<meta name=\"twitter:data1\" content=\"2 minutos\" \/>\n<script type=\"application\/ld+json\" class=\"yoast-schema-graph\">{\"@context\":\"https:\\\/\\\/schema.org\",\"@graph\":[{\"@type\":\"WebPage\",\"@id\":\"https:\\\/\\\/agropecuariafenix.com.br\\\/index.php\\\/produto\\\/vet-life-gato-hypoallergenic-pork-et-potato-2kg\\\/\",\"url\":\"https:\\\/\\\/agropecuariafenix.com.br\\\/index.php\\\/produto\\\/vet-life-gato-hypoallergenic-pork-et-potato-2kg\\\/\",\"name\":\"Vet Life Gato Hypoallergenic Pork Et Potato 2Kg - Agropecu\u00e1ria Fenix\",\"isPartOf\":{\"@id\":\"https:\\\/\\\/agropecuariafenix.com.br\\\/#website\"},\"primaryImageOfPage\":{\"@id\":\"https:\\\/\\\/agropecuariafenix.com.br\\\/index.php\\\/produto\\\/vet-life-gato-hypoallergenic-pork-et-potato-2kg\\\/#primaryimage\"},\"image\":{\"@id\":\"https:\\\/\\\/agropecuariafenix.com.br\\\/index.php\\\/produto\\\/vet-life-gato-hypoallergenic-pork-et-potato-2kg\\\/#primaryimage\"},\"thumbnailUrl\":\"https:\\\/\\\/agropecuariafenix.com.br\\\/wp-content\\\/uploads\\\/2023\\\/08\\\/Vet-Life-Gato-Hypoallergenic-Pork-Et-Potato-2Kg-1903135015.jpg\",\"datePublished\":\"2023-08-09T20:12:02+00:00\",\"dateModified\":\"2026-03-17T18:10:14+00:00\",\"breadcrumb\":{\"@id\":\"https:\\\/\\\/agropecuariafenix.com.br\\\/index.php\\\/produto\\\/vet-life-gato-hypoallergenic-pork-et-potato-2kg\\\/#breadcrumb\"},\"inLanguage\":\"pt-BR\",\"potentialAction\":[{\"@type\":\"ReadAction\",\"target\":[\"https:\\\/\\\/agropecuariafenix.com.br\\\/index.php\\\/produto\\\/vet-life-gato-hypoallergenic-pork-et-potato-2kg\\\/\"]}]},{\"@type\":\"ImageObject\",\"inLanguage\":\"pt-BR\",\"@id\":\"https:\\\/\\\/agropecuariafenix.com.br\\\/index.php\\\/produto\\\/vet-life-gato-hypoallergenic-pork-et-potato-2kg\\\/#primaryimage\",\"url\":\"https:\\\/\\\/agropecuariafenix.com.br\\\/wp-content\\\/uploads\\\/2023\\\/08\\\/Vet-Life-Gato-Hypoallergenic-Pork-Et-Potato-2Kg-1903135015.jpg\",\"contentUrl\":\"https:\\\/\\\/agropecuariafenix.com.br\\\/wp-content\\\/uploads\\\/2023\\\/08\\\/Vet-Life-Gato-Hypoallergenic-Pork-Et-Potato-2Kg-1903135015.jpg\",\"width\":453,\"height\":453,\"caption\":\"Vet Life Gato Hypoallergenic Pork Et Potato 2Kg\"},{\"@type\":\"BreadcrumbList\",\"@id\":\"https:\\\/\\\/agropecuariafenix.com.br\\\/index.php\\\/produto\\\/vet-life-gato-hypoallergenic-pork-et-potato-2kg\\\/#breadcrumb\",\"itemListElement\":[{\"@type\":\"ListItem\",\"position\":1,\"name\":\"In\u00edcio\",\"item\":\"https:\\\/\\\/agropecuariafenix.com.br\\\/\"},{\"@type\":\"ListItem\",\"position\":2,\"name\":\"Todos os produtos\",\"item\":\"https:\\\/\\\/agropecuariafenix.com.br\\\/index.php\\\/loja\\\/\"},{\"@type\":\"ListItem\",\"position\":3,\"name\":\"Vet Life Gato Hypoallergenic Pork Et Potato 2Kg\"}]},{\"@type\":\"WebSite\",\"@id\":\"https:\\\/\\\/agropecuariafenix.com.br\\\/#website\",\"url\":\"https:\\\/\\\/agropecuariafenix.com.br\\\/\",\"name\":\"Agropecu\u00e1ria Fenix\",\"description\":\"Agropecu\u00e1ria F\u00eanix Pet - Ra\u00e7\u00f5es \\\/ Medicamentos Pet \\\/ Cl\u00ednica Veterin\u00e1ria \\\/ Banho e Tosa \\\/ Cachorro \\\/\u00a0Gato\u00a0\\\/\u00a0P\u00e1ssaros\",\"publisher\":{\"@id\":\"https:\\\/\\\/agropecuariafenix.com.br\\\/#organization\"},\"alternateName\":\"Agropecu\u00e1ria Fenix\",\"potentialAction\":[{\"@type\":\"SearchAction\",\"target\":{\"@type\":\"EntryPoint\",\"urlTemplate\":\"https:\\\/\\\/agropecuariafenix.com.br\\\/?s={search_term_string}\"},\"query-input\":{\"@type\":\"PropertyValueSpecification\",\"valueRequired\":true,\"valueName\":\"search_term_string\"}}],\"inLanguage\":\"pt-BR\"},{\"@type\":\"Organization\",\"@id\":\"https:\\\/\\\/agropecuariafenix.com.br\\\/#organization\",\"name\":\"Agropecu\u00e1ria Fenix\",\"alternateName\":\"Agropecu\u00e1ria Fenix\",\"url\":\"https:\\\/\\\/agropecuariafenix.com.br\\\/\",\"logo\":{\"@type\":\"ImageObject\",\"inLanguage\":\"pt-BR\",\"@id\":\"https:\\\/\\\/agropecuariafenix.com.br\\\/#\\\/schema\\\/logo\\\/image\\\/\",\"url\":\"https:\\\/\\\/agropecuariafenix.com.br\\\/wp-content\\\/uploads\\\/2023\\\/08\\\/logo_fenix3-Copy.png\",\"contentUrl\":\"https:\\\/\\\/agropecuariafenix.com.br\\\/wp-content\\\/uploads\\\/2023\\\/08\\\/logo_fenix3-Copy.png\",\"width\":500,\"height\":500,\"caption\":\"Agropecu\u00e1ria Fenix\"},\"image\":{\"@id\":\"https:\\\/\\\/agropecuariafenix.com.br\\\/#\\\/schema\\\/logo\\\/image\\\/\"},\"sameAs\":[\"https:\\\/\\\/web.facebook.com\\\/agropecuariafenixjau\",\"https:\\\/\\\/www.instagram.com\\\/agropecuaria_fenix_jau\\\/\"]}]}<\/script>\n<!-- \/ Yoast SEO plugin. -->","yoast_head_json":{"title":"Vet Life Gato Hypoallergenic Pork Et Potato 2Kg - Agropecu\u00e1ria Fenix","robots":{"index":"index","follow":"follow","max-snippet":"max-snippet:-1","max-image-preview":"max-image-preview:large","max-video-preview":"max-video-preview:-1"},"canonical":"https:\/\/agropecuariafenix.com.br\/index.php\/produto\/vet-life-gato-hypoallergenic-pork-et-potato-2kg\/","og_locale":"pt_BR","og_type":"article","og_title":"Vet Life Gato Hypoallergenic Pork Et Potato 2Kg - Agropecu\u00e1ria Fenix","og_description":"Alimento coadjuvante seco recomendado para auxiliar na recupera\u00e7\u00e3o de gatos com alergias ou intoler\u00e2ncia a nutrientes.","og_url":"https:\/\/agropecuariafenix.com.br\/index.php\/produto\/vet-life-gato-hypoallergenic-pork-et-potato-2kg\/","og_site_name":"Agropecu\u00e1ria Fenix","article_publisher":"https:\/\/web.facebook.com\/agropecuariafenixjau","article_modified_time":"2026-03-17T18:10:14+00:00","og_image":[{"width":453,"height":453,"url":"https:\/\/agropecuariafenix.com.br\/wp-content\/uploads\/2023\/08\/Vet-Life-Gato-Hypoallergenic-Pork-Et-Potato-2Kg-1903135015.jpg","type":"image\/jpeg"}],"twitter_card":"summary_large_image","twitter_misc":{"Est. tempo de leitura":"2 minutos"},"schema":{"@context":"https:\/\/schema.org","@graph":[{"@type":"WebPage","@id":"https:\/\/agropecuariafenix.com.br\/index.php\/produto\/vet-life-gato-hypoallergenic-pork-et-potato-2kg\/","url":"https:\/\/agropecuariafenix.com.br\/index.php\/produto\/vet-life-gato-hypoallergenic-pork-et-potato-2kg\/","name":"Vet Life Gato Hypoallergenic Pork Et Potato 2Kg - Agropecu\u00e1ria Fenix","isPartOf":{"@id":"https:\/\/agropecuariafenix.com.br\/#website"},"primaryImageOfPage":{"@id":"https:\/\/agropecuariafenix.com.br\/index.php\/produto\/vet-life-gato-hypoallergenic-pork-et-potato-2kg\/#primaryimage"},"image":{"@id":"https:\/\/agropecuariafenix.com.br\/index.php\/produto\/vet-life-gato-hypoallergenic-pork-et-potato-2kg\/#primaryimage"},"thumbnailUrl":"https:\/\/agropecuariafenix.com.br\/wp-content\/uploads\/2023\/08\/Vet-Life-Gato-Hypoallergenic-Pork-Et-Potato-2Kg-1903135015.jpg","datePublished":"2023-08-09T20:12:02+00:00","dateModified":"2026-03-17T18:10:14+00:00","breadcrumb":{"@id":"https:\/\/agropecuariafenix.com.br\/index.php\/produto\/vet-life-gato-hypoallergenic-pork-et-potato-2kg\/#breadcrumb"},"inLanguage":"pt-BR","potentialAction":[{"@type":"ReadAction","target":["https:\/\/agropecuariafenix.com.br\/index.php\/produto\/vet-life-gato-hypoallergenic-pork-et-potato-2kg\/"]}]},{"@type":"ImageObject","inLanguage":"pt-BR","@id":"https:\/\/agropecuariafenix.com.br\/index.php\/produto\/vet-life-gato-hypoallergenic-pork-et-potato-2kg\/#primaryimage","url":"https:\/\/agropecuariafenix.com.br\/wp-content\/uploads\/2023\/08\/Vet-Life-Gato-Hypoallergenic-Pork-Et-Potato-2Kg-1903135015.jpg","contentUrl":"https:\/\/agropecuariafenix.com.br\/wp-content\/uploads\/2023\/08\/Vet-Life-Gato-Hypoallergenic-Pork-Et-Potato-2Kg-1903135015.jpg","width":453,"height":453,"caption":"Vet Life Gato Hypoallergenic Pork Et Potato 2Kg"},{"@type":"BreadcrumbList","@id":"https:\/\/agropecuariafenix.com.br\/index.php\/produto\/vet-life-gato-hypoallergenic-pork-et-potato-2kg\/#breadcrumb","itemListElement":[{"@type":"ListItem","position":1,"name":"In\u00edcio","item":"https:\/\/agropecuariafenix.com.br\/"},{"@type":"ListItem","position":2,"name":"Todos os produtos","item":"https:\/\/agropecuariafenix.com.br\/index.php\/loja\/"},{"@type":"ListItem","position":3,"name":"Vet Life Gato Hypoallergenic Pork Et Potato 2Kg"}]},{"@type":"WebSite","@id":"https:\/\/agropecuariafenix.com.br\/#website","url":"https:\/\/agropecuariafenix.com.br\/","name":"Agropecu\u00e1ria Fenix","description":"Agropecu\u00e1ria F\u00eanix Pet - Ra\u00e7\u00f5es \/ Medicamentos Pet \/ Cl\u00ednica Veterin\u00e1ria \/ Banho e Tosa \/ Cachorro \/\u00a0Gato\u00a0\/\u00a0P\u00e1ssaros","publisher":{"@id":"https:\/\/agropecuariafenix.com.br\/#organization"},"alternateName":"Agropecu\u00e1ria Fenix","potentialAction":[{"@type":"SearchAction","target":{"@type":"EntryPoint","urlTemplate":"https:\/\/agropecuariafenix.com.br\/?s={search_term_string}"},"query-input":{"@type":"PropertyValueSpecification","valueRequired":true,"valueName":"search_term_string"}}],"inLanguage":"pt-BR"},{"@type":"Organization","@id":"https:\/\/agropecuariafenix.com.br\/#organization","name":"Agropecu\u00e1ria Fenix","alternateName":"Agropecu\u00e1ria Fenix","url":"https:\/\/agropecuariafenix.com.br\/","logo":{"@type":"ImageObject","inLanguage":"pt-BR","@id":"https:\/\/agropecuariafenix.com.br\/#\/schema\/logo\/image\/","url":"https:\/\/agropecuariafenix.com.br\/wp-content\/uploads\/2023\/08\/logo_fenix3-Copy.png","contentUrl":"https:\/\/agropecuariafenix.com.br\/wp-content\/uploads\/2023\/08\/logo_fenix3-Copy.png","width":500,"height":500,"caption":"Agropecu\u00e1ria Fenix"},"image":{"@id":"https:\/\/agropecuariafenix.com.br\/#\/schema\/logo\/image\/"},"sameAs":["https:\/\/web.facebook.com\/agropecuariafenixjau","https:\/\/www.instagram.com\/agropecuaria_fenix_jau\/"]}]}},"_links":{"self":[{"href":"https:\/\/agropecuariafenix.com.br\/index.php\/wp-json\/wp\/v2\/product\/26477","targetHints":{"allow":["GET"]}}],"collection":[{"href":"https:\/\/agropecuariafenix.com.br\/index.php\/wp-json\/wp\/v2\/product"}],"about":[{"href":"https:\/\/agropecuariafenix.com.br\/index.php\/wp-json\/wp\/v2\/types\/product"}],"replies":[{"embeddable":true,"href":"https:\/\/agropecuariafenix.com.br\/index.php\/wp-json\/wp\/v2\/comments?post=26477"}],"version-history":[{"count":1,"href":"https:\/\/agropecuariafenix.com.br\/index.php\/wp-json\/wp\/v2\/product\/26477\/revisions"}],"predecessor-version":[{"id":26540,"href":"https:\/\/agropecuariafenix.com.br\/index.php\/wp-json\/wp\/v2\/product\/26477\/revisions\/26540"}],"wp:featuredmedia":[{"embeddable":true,"href":"https:\/\/agropecuariafenix.com.br\/index.php\/wp-json\/wp\/v2\/media\/26476"}],"wp:attachment":[{"href":"https:\/\/agropecuariafenix.com.br\/index.php\/wp-json\/wp\/v2\/media?parent=26477"}],"wp:term":[{"taxonomy":"product_brand","embeddable":true,"href":"https:\/\/agropecuariafenix.com.br\/index.php\/wp-json\/wp\/v2\/product_brand?post=26477"},{"taxonomy":"product_cat","embeddable":true,"href":"https:\/\/agropecuariafenix.com.br\/index.php\/wp-json\/wp\/v2\/product_cat?post=26477"},{"taxonomy":"product_tag","embeddable":true,"href":"https:\/\/agropecuariafenix.com.br\/index.php\/wp-json\/wp\/v2\/product_tag?post=26477"}],"curies":[{"name":"wp","href":"https:\/\/api.w.org\/{rel}","templated":true}]}}