{"id":26457,"date":"2023-08-03T16:00:13","date_gmt":"2023-08-03T19:00:13","guid":{"rendered":"https:\/\/agropecuariafenix.com.br\/index.php\/produto\/vet-life-canine-ultrahypo-mini-2kg\/"},"modified":"2026-03-14T15:49:02","modified_gmt":"2026-03-14T18:49:02","slug":"vet-life-canine-ultrahypo-mini-2kg","status":"publish","type":"product","link":"https:\/\/agropecuariafenix.com.br\/index.php\/produto\/vet-life-canine-ultrahypo-mini-2kg\/","title":{"rendered":"Vet Life Canine Ultrahypo Mini 2Kg"},"content":{"rendered":"<p>A Ra\u00e7\u00e3o Vet Life Natural C\u00e3es UltraHypo Ra\u00e7as Pequenas foi produzida com os melhores ingredientes, pensando sempre na sa\u00fade do seu c\u00e3o. Sem adi\u00e7\u00e3o de transg\u00eanicos, com baixo \u00edndice glic\u00eamico, tudo para deixar seu pet melhor.<\/p>\n<p>Alimento coadjuvante indicado para c\u00e3es com hipersensibilidade ou intoler\u00e2ncia alimentar, pode ser utilizada como dieta para diagn\u00f3stico e aux\u00edlio na recupera\u00e7\u00e3o de diarreias alimentares e alergias.<\/p>\n<p>UltraHypo Vet Life cont\u00e9m prote\u00edna hidrolisada de peixe de baixo peso molecular como \u00fanica fonte de proteica e DHA e EPA que modulam a resposta inflamat\u00f3ria do organismo. Com gr\u00e3os adaptados para as ra\u00e7as pequenas, sua formula\u00e7\u00e3o auxilia no controle dos sintomas gastrointestinais e dermatol\u00f3gicos das rea\u00e7\u00f5es adversas aos alimentos.<\/p>\n<p>Ingredientes<\/p>\n<p>prote\u00edna hidrolisada de peixe, amido de batata, quirera de arroz, \u00f3leo de peixe refinado, celulose, DL-metionina, triptofano, taurina, zeolita, beta caroteno, hidrolisado de peixe, vitaminas (A, D3, E, B1, B2, B6, B12, C, H, PP, \u00e1cido pantot\u00eanico, \u00e1cido f\u00f3lico, cloreto de colina), cloreto de s\u00f3dio, carbonato de c\u00e1lcio, cloreto de pot\u00e1ssio, fosfato bic\u00e1lcico, transquelato de ferro, transquelato de cobre, transquelato de zinco, transquelato de mangan\u00eas, transquelato de sel\u00eanio, iodato de c\u00e1lcio, propionato de c\u00e1lcio, mono e diglicer\u00eddeos de \u00e1cidos graxos, concentrado de tocofer\u00f3is.<\/p>\n<p>N\u00edveis de garantia<\/p>\n<p>Umidade (m\u00e1x.)\t90g\/kg\t9%<br \/>\nProte\u00edna Bruta (m\u00edn.)\t180g\/kg\t18%<br \/>\nExtrato Et\u00e9reo (m\u00edn.)\t150g\/kg\t15%<br \/>\nMat\u00e9ria Fibrosa (m\u00e1x.)\t20g\/kg\t2%<br \/>\nMat\u00e9ria Mineral (m\u00e1x.)\t60g\/kg\t6%<br \/>\nC\u00e1lcio (m\u00edn.)\t5.000mg\/kg\t0,5%<br \/>\nC\u00e1lcio (m\u00e1x.)\t10g\/kg\t1%<br \/>\nF\u00f3sforo (m\u00edn.)\t5.000mg\/kg\t0,5%<br \/>\nS\u00f3dio (m\u00edn.)\t2.000mg\/kg\t&#8211;<br \/>\nPot\u00e1ssio (m\u00edn.)\t5.500mg\/kg\t&#8211;<br \/>\nDL-Metionina (m\u00edn.)\t3.500mg\/kg\t&#8211;<br \/>\nTriptofano (m\u00edn.)\t1.700mg\/kg\t&#8211;<br \/>\nTaurina (m\u00edn.)\t1.000mg\/kg\t&#8211;<br \/>\nBeta caroteno (m\u00edn.)\t1,5mg\/kg\t&#8211;<br \/>\n\u00d4mega 6 (m\u00edn.)\t10g\/kg\t&#8211;<br \/>\n\u00d4mega 3 (m\u00edn.)\t9.500mg\/kg\t&#8211;<br \/>\n\u00c1cido Eicosapentaenoico (EPA) (m\u00edn.)\t4.500mg\/kg\t&#8211;<br \/>\n\u00c1cido Docosahexaenoico (DHA) (m\u00edn.)\t5.000mg\/kg\t&#8211;<br \/>\nEnergia Metaboliz\u00e1vel\t3840 Kcal\/Kg\t&#8211;<\/p>\n<p>Quantidade recomendada<\/p>\n<p>Peso do c\u00e3o\tMagro\tAdequado\tSobrepeso<br \/>\n1 kg\t35 g\t30 g\t&#8211;<br \/>\n2 kg\t55 g\t50 g\t40 g<br \/>\n3 kg\t75 g\t65 g\t55 g<br \/>\n4 kg\t95 g\t80 g\t70 g<br \/>\n5 kg\t115 g\t95 g\t85 g<br \/>\n6 kg\t130 g\t110 g\t95 g<br \/>\n7 kg\t145 g\t125 g\t105 g<br \/>\n8 kg\t160 g\t135 g\t120 g<br \/>\n9 kg\t175 g\t150 g\t130 g<br \/>\n10 kg\t190 g\t160 g\t140 g<br \/>\n11 kg\t205 g\t175 g\t150 g<br \/>\n12 kg\t220 g\t185 g\t160 g<\/p>\n","protected":false},"excerpt":{"rendered":"<p>Com prote\u00edna hidrolisada de peixe;<br \/>\nRa\u00e7\u00e3o especial;<br \/>\nBaixo \u00edndice glic\u00eamico;<br \/>\nIngredientes sem transg\u00eanicos;<br \/>\nPara c\u00e3es de porte pequeno e mini<\/p>\n","protected":false},"featured_media":26456,"comment_status":"open","ping_status":"closed","template":"","meta":[],"product_brand":[],"product_cat":[15],"product_tag":[700],"class_list":{"0":"post-26457","1":"product","2":"type-product","3":"status-publish","4":"has-post-thumbnail","6":"product_cat-diversos","7":"product_tag-2kg","9":"first","10":"instock","11":"shipping-taxable","12":"purchasable","13":"product-type-simple"},"yoast_head":"<!-- This site is optimized with the Yoast SEO plugin v26.1.1 - https:\/\/yoast.com\/wordpress\/plugins\/seo\/ -->\n<title>Vet Life Canine Ultrahypo Mini 2Kg - Agropecu\u00e1ria Fenix<\/title>\n<meta name=\"robots\" content=\"index, follow, max-snippet:-1, max-image-preview:large, max-video-preview:-1\" \/>\n<link rel=\"canonical\" href=\"https:\/\/agropecuariafenix.com.br\/index.php\/produto\/vet-life-canine-ultrahypo-mini-2kg\/\" \/>\n<meta property=\"og:locale\" content=\"pt_BR\" \/>\n<meta property=\"og:type\" content=\"article\" \/>\n<meta property=\"og:title\" content=\"Vet Life Canine Ultrahypo Mini 2Kg - Agropecu\u00e1ria Fenix\" \/>\n<meta property=\"og:description\" content=\"Com prote\u00edna hidrolisada de peixe; Ra\u00e7\u00e3o especial; Baixo \u00edndice glic\u00eamico; Ingredientes sem transg\u00eanicos; Para c\u00e3es de porte pequeno e mini\" \/>\n<meta property=\"og:url\" content=\"https:\/\/agropecuariafenix.com.br\/index.php\/produto\/vet-life-canine-ultrahypo-mini-2kg\/\" \/>\n<meta property=\"og:site_name\" content=\"Agropecu\u00e1ria Fenix\" \/>\n<meta property=\"article:publisher\" content=\"https:\/\/web.facebook.com\/agropecuariafenixjau\" \/>\n<meta property=\"article:modified_time\" content=\"2026-03-14T18:49:02+00:00\" \/>\n<meta property=\"og:image\" content=\"https:\/\/agropecuariafenix.com.br\/wp-content\/uploads\/2023\/08\/Vet-Life-Canine-Ultrahypo-Mini-2Kg-503904906.jpg\" \/>\n\t<meta property=\"og:image:width\" content=\"400\" \/>\n\t<meta property=\"og:image:height\" content=\"400\" \/>\n\t<meta property=\"og:image:type\" content=\"image\/jpeg\" \/>\n<meta name=\"twitter:card\" content=\"summary_large_image\" \/>\n<meta name=\"twitter:label1\" content=\"Est. tempo de leitura\" \/>\n\t<meta name=\"twitter:data1\" content=\"2 minutos\" \/>\n<script type=\"application\/ld+json\" class=\"yoast-schema-graph\">{\"@context\":\"https:\/\/schema.org\",\"@graph\":[{\"@type\":\"WebPage\",\"@id\":\"https:\/\/agropecuariafenix.com.br\/index.php\/produto\/vet-life-canine-ultrahypo-mini-2kg\/\",\"url\":\"https:\/\/agropecuariafenix.com.br\/index.php\/produto\/vet-life-canine-ultrahypo-mini-2kg\/\",\"name\":\"Vet Life Canine Ultrahypo Mini 2Kg - Agropecu\u00e1ria Fenix\",\"isPartOf\":{\"@id\":\"https:\/\/agropecuariafenix.com.br\/#website\"},\"primaryImageOfPage\":{\"@id\":\"https:\/\/agropecuariafenix.com.br\/index.php\/produto\/vet-life-canine-ultrahypo-mini-2kg\/#primaryimage\"},\"image\":{\"@id\":\"https:\/\/agropecuariafenix.com.br\/index.php\/produto\/vet-life-canine-ultrahypo-mini-2kg\/#primaryimage\"},\"thumbnailUrl\":\"https:\/\/agropecuariafenix.com.br\/wp-content\/uploads\/2023\/08\/Vet-Life-Canine-Ultrahypo-Mini-2Kg-503904906.jpg\",\"datePublished\":\"2023-08-03T19:00:13+00:00\",\"dateModified\":\"2026-03-14T18:49:02+00:00\",\"breadcrumb\":{\"@id\":\"https:\/\/agropecuariafenix.com.br\/index.php\/produto\/vet-life-canine-ultrahypo-mini-2kg\/#breadcrumb\"},\"inLanguage\":\"pt-BR\",\"potentialAction\":[{\"@type\":\"ReadAction\",\"target\":[\"https:\/\/agropecuariafenix.com.br\/index.php\/produto\/vet-life-canine-ultrahypo-mini-2kg\/\"]}]},{\"@type\":\"ImageObject\",\"inLanguage\":\"pt-BR\",\"@id\":\"https:\/\/agropecuariafenix.com.br\/index.php\/produto\/vet-life-canine-ultrahypo-mini-2kg\/#primaryimage\",\"url\":\"https:\/\/agropecuariafenix.com.br\/wp-content\/uploads\/2023\/08\/Vet-Life-Canine-Ultrahypo-Mini-2Kg-503904906.jpg\",\"contentUrl\":\"https:\/\/agropecuariafenix.com.br\/wp-content\/uploads\/2023\/08\/Vet-Life-Canine-Ultrahypo-Mini-2Kg-503904906.jpg\",\"width\":400,\"height\":400,\"caption\":\"Vet Life Canine Ultrahypo Mini 2Kg\"},{\"@type\":\"BreadcrumbList\",\"@id\":\"https:\/\/agropecuariafenix.com.br\/index.php\/produto\/vet-life-canine-ultrahypo-mini-2kg\/#breadcrumb\",\"itemListElement\":[{\"@type\":\"ListItem\",\"position\":1,\"name\":\"In\u00edcio\",\"item\":\"https:\/\/agropecuariafenix.com.br\/\"},{\"@type\":\"ListItem\",\"position\":2,\"name\":\"Todos os produtos\",\"item\":\"https:\/\/agropecuariafenix.com.br\/index.php\/loja\/\"},{\"@type\":\"ListItem\",\"position\":3,\"name\":\"Vet Life Canine Ultrahypo Mini 2Kg\"}]},{\"@type\":\"WebSite\",\"@id\":\"https:\/\/agropecuariafenix.com.br\/#website\",\"url\":\"https:\/\/agropecuariafenix.com.br\/\",\"name\":\"Agropecu\u00e1ria Fenix\",\"description\":\"Agropecu\u00e1ria F\u00eanix Pet - Ra\u00e7\u00f5es \/ Medicamentos Pet \/ Cl\u00ednica Veterin\u00e1ria \/ Banho e Tosa \/ Cachorro \/\u00a0Gato\u00a0\/\u00a0P\u00e1ssaros\",\"publisher\":{\"@id\":\"https:\/\/agropecuariafenix.com.br\/#organization\"},\"alternateName\":\"Agropecu\u00e1ria Fenix\",\"potentialAction\":[{\"@type\":\"SearchAction\",\"target\":{\"@type\":\"EntryPoint\",\"urlTemplate\":\"https:\/\/agropecuariafenix.com.br\/?s={search_term_string}\"},\"query-input\":{\"@type\":\"PropertyValueSpecification\",\"valueRequired\":true,\"valueName\":\"search_term_string\"}}],\"inLanguage\":\"pt-BR\"},{\"@type\":\"Organization\",\"@id\":\"https:\/\/agropecuariafenix.com.br\/#organization\",\"name\":\"Agropecu\u00e1ria Fenix\",\"alternateName\":\"Agropecu\u00e1ria Fenix\",\"url\":\"https:\/\/agropecuariafenix.com.br\/\",\"logo\":{\"@type\":\"ImageObject\",\"inLanguage\":\"pt-BR\",\"@id\":\"https:\/\/agropecuariafenix.com.br\/#\/schema\/logo\/image\/\",\"url\":\"https:\/\/agropecuariafenix.com.br\/wp-content\/uploads\/2023\/08\/logo_fenix3-Copy.png\",\"contentUrl\":\"https:\/\/agropecuariafenix.com.br\/wp-content\/uploads\/2023\/08\/logo_fenix3-Copy.png\",\"width\":500,\"height\":500,\"caption\":\"Agropecu\u00e1ria Fenix\"},\"image\":{\"@id\":\"https:\/\/agropecuariafenix.com.br\/#\/schema\/logo\/image\/\"},\"sameAs\":[\"https:\/\/web.facebook.com\/agropecuariafenixjau\",\"https:\/\/www.instagram.com\/agropecuaria_fenix_jau\/\"]}]}<\/script>\n<!-- \/ Yoast SEO plugin. -->","yoast_head_json":{"title":"Vet Life Canine Ultrahypo Mini 2Kg - Agropecu\u00e1ria Fenix","robots":{"index":"index","follow":"follow","max-snippet":"max-snippet:-1","max-image-preview":"max-image-preview:large","max-video-preview":"max-video-preview:-1"},"canonical":"https:\/\/agropecuariafenix.com.br\/index.php\/produto\/vet-life-canine-ultrahypo-mini-2kg\/","og_locale":"pt_BR","og_type":"article","og_title":"Vet Life Canine Ultrahypo Mini 2Kg - Agropecu\u00e1ria Fenix","og_description":"Com prote\u00edna hidrolisada de peixe; Ra\u00e7\u00e3o especial; Baixo \u00edndice glic\u00eamico; Ingredientes sem transg\u00eanicos; Para c\u00e3es de porte pequeno e mini","og_url":"https:\/\/agropecuariafenix.com.br\/index.php\/produto\/vet-life-canine-ultrahypo-mini-2kg\/","og_site_name":"Agropecu\u00e1ria Fenix","article_publisher":"https:\/\/web.facebook.com\/agropecuariafenixjau","article_modified_time":"2026-03-14T18:49:02+00:00","og_image":[{"width":400,"height":400,"url":"https:\/\/agropecuariafenix.com.br\/wp-content\/uploads\/2023\/08\/Vet-Life-Canine-Ultrahypo-Mini-2Kg-503904906.jpg","type":"image\/jpeg"}],"twitter_card":"summary_large_image","twitter_misc":{"Est. tempo de leitura":"2 minutos"},"schema":{"@context":"https:\/\/schema.org","@graph":[{"@type":"WebPage","@id":"https:\/\/agropecuariafenix.com.br\/index.php\/produto\/vet-life-canine-ultrahypo-mini-2kg\/","url":"https:\/\/agropecuariafenix.com.br\/index.php\/produto\/vet-life-canine-ultrahypo-mini-2kg\/","name":"Vet Life Canine Ultrahypo Mini 2Kg - Agropecu\u00e1ria Fenix","isPartOf":{"@id":"https:\/\/agropecuariafenix.com.br\/#website"},"primaryImageOfPage":{"@id":"https:\/\/agropecuariafenix.com.br\/index.php\/produto\/vet-life-canine-ultrahypo-mini-2kg\/#primaryimage"},"image":{"@id":"https:\/\/agropecuariafenix.com.br\/index.php\/produto\/vet-life-canine-ultrahypo-mini-2kg\/#primaryimage"},"thumbnailUrl":"https:\/\/agropecuariafenix.com.br\/wp-content\/uploads\/2023\/08\/Vet-Life-Canine-Ultrahypo-Mini-2Kg-503904906.jpg","datePublished":"2023-08-03T19:00:13+00:00","dateModified":"2026-03-14T18:49:02+00:00","breadcrumb":{"@id":"https:\/\/agropecuariafenix.com.br\/index.php\/produto\/vet-life-canine-ultrahypo-mini-2kg\/#breadcrumb"},"inLanguage":"pt-BR","potentialAction":[{"@type":"ReadAction","target":["https:\/\/agropecuariafenix.com.br\/index.php\/produto\/vet-life-canine-ultrahypo-mini-2kg\/"]}]},{"@type":"ImageObject","inLanguage":"pt-BR","@id":"https:\/\/agropecuariafenix.com.br\/index.php\/produto\/vet-life-canine-ultrahypo-mini-2kg\/#primaryimage","url":"https:\/\/agropecuariafenix.com.br\/wp-content\/uploads\/2023\/08\/Vet-Life-Canine-Ultrahypo-Mini-2Kg-503904906.jpg","contentUrl":"https:\/\/agropecuariafenix.com.br\/wp-content\/uploads\/2023\/08\/Vet-Life-Canine-Ultrahypo-Mini-2Kg-503904906.jpg","width":400,"height":400,"caption":"Vet Life Canine Ultrahypo Mini 2Kg"},{"@type":"BreadcrumbList","@id":"https:\/\/agropecuariafenix.com.br\/index.php\/produto\/vet-life-canine-ultrahypo-mini-2kg\/#breadcrumb","itemListElement":[{"@type":"ListItem","position":1,"name":"In\u00edcio","item":"https:\/\/agropecuariafenix.com.br\/"},{"@type":"ListItem","position":2,"name":"Todos os produtos","item":"https:\/\/agropecuariafenix.com.br\/index.php\/loja\/"},{"@type":"ListItem","position":3,"name":"Vet Life Canine Ultrahypo Mini 2Kg"}]},{"@type":"WebSite","@id":"https:\/\/agropecuariafenix.com.br\/#website","url":"https:\/\/agropecuariafenix.com.br\/","name":"Agropecu\u00e1ria Fenix","description":"Agropecu\u00e1ria F\u00eanix Pet - Ra\u00e7\u00f5es \/ Medicamentos Pet \/ Cl\u00ednica Veterin\u00e1ria \/ Banho e Tosa \/ Cachorro \/\u00a0Gato\u00a0\/\u00a0P\u00e1ssaros","publisher":{"@id":"https:\/\/agropecuariafenix.com.br\/#organization"},"alternateName":"Agropecu\u00e1ria Fenix","potentialAction":[{"@type":"SearchAction","target":{"@type":"EntryPoint","urlTemplate":"https:\/\/agropecuariafenix.com.br\/?s={search_term_string}"},"query-input":{"@type":"PropertyValueSpecification","valueRequired":true,"valueName":"search_term_string"}}],"inLanguage":"pt-BR"},{"@type":"Organization","@id":"https:\/\/agropecuariafenix.com.br\/#organization","name":"Agropecu\u00e1ria Fenix","alternateName":"Agropecu\u00e1ria Fenix","url":"https:\/\/agropecuariafenix.com.br\/","logo":{"@type":"ImageObject","inLanguage":"pt-BR","@id":"https:\/\/agropecuariafenix.com.br\/#\/schema\/logo\/image\/","url":"https:\/\/agropecuariafenix.com.br\/wp-content\/uploads\/2023\/08\/logo_fenix3-Copy.png","contentUrl":"https:\/\/agropecuariafenix.com.br\/wp-content\/uploads\/2023\/08\/logo_fenix3-Copy.png","width":500,"height":500,"caption":"Agropecu\u00e1ria Fenix"},"image":{"@id":"https:\/\/agropecuariafenix.com.br\/#\/schema\/logo\/image\/"},"sameAs":["https:\/\/web.facebook.com\/agropecuariafenixjau","https:\/\/www.instagram.com\/agropecuaria_fenix_jau\/"]}]}},"_links":{"self":[{"href":"https:\/\/agropecuariafenix.com.br\/index.php\/wp-json\/wp\/v2\/product\/26457","targetHints":{"allow":["GET"]}}],"collection":[{"href":"https:\/\/agropecuariafenix.com.br\/index.php\/wp-json\/wp\/v2\/product"}],"about":[{"href":"https:\/\/agropecuariafenix.com.br\/index.php\/wp-json\/wp\/v2\/types\/product"}],"replies":[{"embeddable":true,"href":"https:\/\/agropecuariafenix.com.br\/index.php\/wp-json\/wp\/v2\/comments?post=26457"}],"version-history":[{"count":1,"href":"https:\/\/agropecuariafenix.com.br\/index.php\/wp-json\/wp\/v2\/product\/26457\/revisions"}],"predecessor-version":[{"id":27565,"href":"https:\/\/agropecuariafenix.com.br\/index.php\/wp-json\/wp\/v2\/product\/26457\/revisions\/27565"}],"wp:featuredmedia":[{"embeddable":true,"href":"https:\/\/agropecuariafenix.com.br\/index.php\/wp-json\/wp\/v2\/media\/26456"}],"wp:attachment":[{"href":"https:\/\/agropecuariafenix.com.br\/index.php\/wp-json\/wp\/v2\/media?parent=26457"}],"wp:term":[{"taxonomy":"product_brand","embeddable":true,"href":"https:\/\/agropecuariafenix.com.br\/index.php\/wp-json\/wp\/v2\/product_brand?post=26457"},{"taxonomy":"product_cat","embeddable":true,"href":"https:\/\/agropecuariafenix.com.br\/index.php\/wp-json\/wp\/v2\/product_cat?post=26457"},{"taxonomy":"product_tag","embeddable":true,"href":"https:\/\/agropecuariafenix.com.br\/index.php\/wp-json\/wp\/v2\/product_tag?post=26457"}],"curies":[{"name":"wp","href":"https:\/\/api.w.org\/{rel}","templated":true}]}}