{"id":26452,"date":"2023-08-03T14:39:37","date_gmt":"2023-08-03T17:39:37","guid":{"rendered":"https:\/\/agropecuariafenix.com.br\/index.php\/produto\/vet-life-canine-hypoallergenic-mini-2kg\/"},"modified":"2025-12-29T18:25:49","modified_gmt":"2025-12-29T21:25:49","slug":"vet-life-canine-hypoallergenic-mini-2kg","status":"publish","type":"product","link":"https:\/\/agropecuariafenix.com.br\/index.php\/produto\/vet-life-canine-hypoallergenic-mini-2kg\/","title":{"rendered":"Vet Life Canine Hypoallergenic Mini 2Kg"},"content":{"rendered":"<p>A Ra\u00e7\u00e3o Vet Life Natural Canine Mini Hypoallergenic \u00e9 um alimento coadjuvante recomendado para o tratamento de alergia e intoler\u00e2ncia alimentar para c\u00e3es miniaturas<\/p>\n<p>Alergias e intoler\u00e2ncias alimentares podem causar uma s\u00e9rie de dist\u00farbios de pele, do trato gastrointestinal.<\/p>\n<p>Estas rea\u00e7\u00f5es adversas s\u00e3o, muitas vezes, devido \u00e0 presen\u00e7a de prote\u00ednas ou de res\u00edduos na dieta (antibi\u00f3ticos, antiparasit\u00e1rios e v\u00e1rios aditivos) aos quais o c\u00e3o \u00e9 sens\u00edvel.<\/p>\n<p>As prote\u00ednas, que muito frequentemente s\u00e3o protagonistas das rea\u00e7\u00f5es adversas, s\u00e3o encontradas na carne bovina, trigo, leite e derivados.<\/p>\n<p>Os alimentos que t\u00eam uma maior probabilidade de conter res\u00edduos qu\u00edmicos s\u00e3o carnes provenientes de cria\u00e7\u00e3o intensiva.<br \/>\nDura\u00e7\u00e3o e modo de tratamento<\/p>\n<p>Procure um m\u00e9dico veterin\u00e1rio antes do uso ou do prolongamento do per\u00edodo de tratamento.<\/p>\n<p>O per\u00edodo de utiliza\u00e7\u00e3o recomendado \u00e9 de 3 a 8 semanas.<\/p>\n<p>Nos casos de pancreatite aguda, administrar pequenas quantidades de alimento com mais frequ\u00eancia (5-6 vezes por dia).<\/p>\n<p>Se os sintomas de intoler\u00e2ncia desaparecerem, o produto pode ser usado indefinidamente ou a crit\u00e9rio do M\u00e9dico Veterin\u00e1rio.<\/p>\n<p>Ingredientes<\/p>\n<p>Farinha de peixe, quirera de arroz, \u00f3leo de peixe refinado, gordura de frango, celulose, DL-metionina, triptofano, tirosina, taurina, parede celular de levedura (mannan-oligossacar\u00eddeos), extrato de yucca, zeolita, hidrolisado de peixe, vitaminas (A, D3, E, K3, B1, B2, B6, B12, C, H, PP, \u00e1cido pantot\u00eanico, \u00e1cido f\u00f3lico, cloreto de colina), cloreto de s\u00f3dio, carbonato de c\u00e1lcio, cloreto de pot\u00e1ssio, transquelato de ferro, transquelato de cobre, transquelato de zinco, transquelato de mangan\u00eas, transquelato de sel\u00eanio, iodato de c\u00e1lcio, propionato de c\u00e1lcio, concentrado de tocofer\u00f3is.<\/p>\n<p>Enriquecimento por kg<\/p>\n<p>Vitamina A 26.600UI; vitamina D3 900UI; vitamina E 150UI; vitamina K3 1,52mg; vitamina B1 4,56mg; vitamina B2 7,6mg; vitamina B6 6,08mg; vitamina B12 60,8mcg; vitamina C 152mg; vitamina H 0,38mg; vitamina PP 38mg; \u00e1cido pantot\u00eanico 15,2mg; \u00e1cido f\u00f3lico 0,45mg; colina 1.800mg; ferro 80mg; cobre 15mg; zinco 200mg; mangan\u00eas 73mg; sel\u00eanio 0,2mg; iodo 1,6mg.<\/p>\n<p>Niveis de garantia<br \/>\nUmidade (m\u00e1x.) 90g\/kg(9%);<br \/>\nProte\u00edna Bruta (m\u00edn.) 155g\/kg(15,5%);<br \/>\nExtrato Et\u00e9reo (m\u00edn.) 130g\/kg(13%);<br \/>\nMat\u00e9ria Fibrosa (m\u00e1x.) 13g\/kg(1,3%);<br \/>\nMat\u00e9ria Mineral (m\u00e1x.) 65g\/kg(6,5%);<br \/>\nC\u00e1lcio (m\u00edn.) 5.000mg\/kg(0,5%);<br \/>\nC\u00e1lcio (m\u00e1x.) 10g\/kg(1%);<br \/>\nF\u00f3sforo (m\u00edn.) 5.000mg\/kg(0,5%);<br \/>\nS\u00f3dio (m\u00edn.) 2.000mg\/kg;<br \/>\nPot\u00e1ssio (m\u00edn.) 5.500mg\/kg;<br \/>\nDL-Metionina (m\u00edn.) 3.500mg\/kg;<br \/>\nTriptofano (m\u00edn.) 1.700mg\/kg;<br \/>\nTirosina (m\u00edn.) 2.500mg\/kg;<br \/>\nTaurina (m\u00edn.) 1.000mg\/kg;<br \/>\nMannan-Oligossacar\u00eddeos (m\u00edn.) 300mg\/kg;<br \/>\n\u00d4mega 6 (m\u00edn.) 2g\/kg;<br \/>\n\u00d4mega 3 (m\u00edn.) 6.000mg\/kg;<br \/>\n\u00c1cido Eicosapentaenoico (EPA) (m\u00edn.) 2.600mg\/kg;<br \/>\n\u00c1cido Docosahexaenoico (DHA) (m\u00edn.) 2.900mg\/kg.<\/p>\n","protected":false},"excerpt":{"rendered":"<p>Baixo \u00edndice glic\u00eamico;<br \/>\nF\u00f3rmula sem ingredientes transg\u00eanicos;<br \/>\nLinha Vet Diet totalmente natural;<br \/>\nIndicada para c\u00e3es de porte pequeno e mini.<\/p>\n","protected":false},"featured_media":26451,"comment_status":"open","ping_status":"closed","template":"","meta":[],"product_brand":[],"product_cat":[15],"product_tag":[700],"class_list":{"0":"post-26452","1":"product","2":"type-product","3":"status-publish","4":"has-post-thumbnail","6":"product_cat-diversos","7":"product_tag-2kg","9":"first","10":"instock","11":"shipping-taxable","12":"purchasable","13":"product-type-simple"},"yoast_head":"<!-- This site is optimized with the Yoast SEO plugin v26.1.1 - https:\/\/yoast.com\/wordpress\/plugins\/seo\/ -->\n<title>Vet Life Canine Hypoallergenic Mini 2Kg - Agropecu\u00e1ria Fenix<\/title>\n<meta name=\"robots\" content=\"index, follow, max-snippet:-1, max-image-preview:large, max-video-preview:-1\" \/>\n<link rel=\"canonical\" href=\"https:\/\/agropecuariafenix.com.br\/index.php\/produto\/vet-life-canine-hypoallergenic-mini-2kg\/\" \/>\n<meta property=\"og:locale\" content=\"pt_BR\" \/>\n<meta property=\"og:type\" content=\"article\" \/>\n<meta property=\"og:title\" content=\"Vet Life Canine Hypoallergenic Mini 2Kg - Agropecu\u00e1ria Fenix\" \/>\n<meta property=\"og:description\" content=\"Baixo \u00edndice glic\u00eamico; F\u00f3rmula sem ingredientes transg\u00eanicos; Linha Vet Diet totalmente natural; Indicada para c\u00e3es de porte pequeno e mini.\" \/>\n<meta property=\"og:url\" content=\"https:\/\/agropecuariafenix.com.br\/index.php\/produto\/vet-life-canine-hypoallergenic-mini-2kg\/\" \/>\n<meta property=\"og:site_name\" content=\"Agropecu\u00e1ria Fenix\" \/>\n<meta property=\"article:publisher\" content=\"https:\/\/web.facebook.com\/agropecuariafenixjau\" \/>\n<meta property=\"article:modified_time\" content=\"2025-12-29T21:25:49+00:00\" \/>\n<meta property=\"og:image\" content=\"https:\/\/agropecuariafenix.com.br\/wp-content\/uploads\/2023\/08\/Vet-Life-Canine-Hypoallergenic-Mini-2Kg-804846514.jpg\" \/>\n\t<meta property=\"og:image:width\" content=\"400\" \/>\n\t<meta property=\"og:image:height\" content=\"400\" \/>\n\t<meta property=\"og:image:type\" content=\"image\/jpeg\" \/>\n<meta name=\"twitter:card\" content=\"summary_large_image\" \/>\n<meta name=\"twitter:label1\" content=\"Est. tempo de leitura\" \/>\n\t<meta name=\"twitter:data1\" content=\"2 minutos\" \/>\n<script type=\"application\/ld+json\" class=\"yoast-schema-graph\">{\"@context\":\"https:\/\/schema.org\",\"@graph\":[{\"@type\":\"WebPage\",\"@id\":\"https:\/\/agropecuariafenix.com.br\/index.php\/produto\/vet-life-canine-hypoallergenic-mini-2kg\/\",\"url\":\"https:\/\/agropecuariafenix.com.br\/index.php\/produto\/vet-life-canine-hypoallergenic-mini-2kg\/\",\"name\":\"Vet Life Canine Hypoallergenic Mini 2Kg - Agropecu\u00e1ria Fenix\",\"isPartOf\":{\"@id\":\"https:\/\/agropecuariafenix.com.br\/#website\"},\"primaryImageOfPage\":{\"@id\":\"https:\/\/agropecuariafenix.com.br\/index.php\/produto\/vet-life-canine-hypoallergenic-mini-2kg\/#primaryimage\"},\"image\":{\"@id\":\"https:\/\/agropecuariafenix.com.br\/index.php\/produto\/vet-life-canine-hypoallergenic-mini-2kg\/#primaryimage\"},\"thumbnailUrl\":\"https:\/\/agropecuariafenix.com.br\/wp-content\/uploads\/2023\/08\/Vet-Life-Canine-Hypoallergenic-Mini-2Kg-804846514.jpg\",\"datePublished\":\"2023-08-03T17:39:37+00:00\",\"dateModified\":\"2025-12-29T21:25:49+00:00\",\"breadcrumb\":{\"@id\":\"https:\/\/agropecuariafenix.com.br\/index.php\/produto\/vet-life-canine-hypoallergenic-mini-2kg\/#breadcrumb\"},\"inLanguage\":\"pt-BR\",\"potentialAction\":[{\"@type\":\"ReadAction\",\"target\":[\"https:\/\/agropecuariafenix.com.br\/index.php\/produto\/vet-life-canine-hypoallergenic-mini-2kg\/\"]}]},{\"@type\":\"ImageObject\",\"inLanguage\":\"pt-BR\",\"@id\":\"https:\/\/agropecuariafenix.com.br\/index.php\/produto\/vet-life-canine-hypoallergenic-mini-2kg\/#primaryimage\",\"url\":\"https:\/\/agropecuariafenix.com.br\/wp-content\/uploads\/2023\/08\/Vet-Life-Canine-Hypoallergenic-Mini-2Kg-804846514.jpg\",\"contentUrl\":\"https:\/\/agropecuariafenix.com.br\/wp-content\/uploads\/2023\/08\/Vet-Life-Canine-Hypoallergenic-Mini-2Kg-804846514.jpg\",\"width\":400,\"height\":400,\"caption\":\"Vet Life Canine Hypoallergenic Mini 2Kg\"},{\"@type\":\"BreadcrumbList\",\"@id\":\"https:\/\/agropecuariafenix.com.br\/index.php\/produto\/vet-life-canine-hypoallergenic-mini-2kg\/#breadcrumb\",\"itemListElement\":[{\"@type\":\"ListItem\",\"position\":1,\"name\":\"In\u00edcio\",\"item\":\"https:\/\/agropecuariafenix.com.br\/\"},{\"@type\":\"ListItem\",\"position\":2,\"name\":\"Todos os produtos\",\"item\":\"https:\/\/agropecuariafenix.com.br\/index.php\/loja\/\"},{\"@type\":\"ListItem\",\"position\":3,\"name\":\"Vet Life Canine Hypoallergenic Mini 2Kg\"}]},{\"@type\":\"WebSite\",\"@id\":\"https:\/\/agropecuariafenix.com.br\/#website\",\"url\":\"https:\/\/agropecuariafenix.com.br\/\",\"name\":\"Agropecu\u00e1ria Fenix\",\"description\":\"Agropecu\u00e1ria F\u00eanix Pet - Ra\u00e7\u00f5es \/ Medicamentos Pet \/ Cl\u00ednica Veterin\u00e1ria \/ Banho e Tosa \/ Cachorro \/\u00a0Gato\u00a0\/\u00a0P\u00e1ssaros\",\"publisher\":{\"@id\":\"https:\/\/agropecuariafenix.com.br\/#organization\"},\"alternateName\":\"Agropecu\u00e1ria Fenix\",\"potentialAction\":[{\"@type\":\"SearchAction\",\"target\":{\"@type\":\"EntryPoint\",\"urlTemplate\":\"https:\/\/agropecuariafenix.com.br\/?s={search_term_string}\"},\"query-input\":{\"@type\":\"PropertyValueSpecification\",\"valueRequired\":true,\"valueName\":\"search_term_string\"}}],\"inLanguage\":\"pt-BR\"},{\"@type\":\"Organization\",\"@id\":\"https:\/\/agropecuariafenix.com.br\/#organization\",\"name\":\"Agropecu\u00e1ria Fenix\",\"alternateName\":\"Agropecu\u00e1ria Fenix\",\"url\":\"https:\/\/agropecuariafenix.com.br\/\",\"logo\":{\"@type\":\"ImageObject\",\"inLanguage\":\"pt-BR\",\"@id\":\"https:\/\/agropecuariafenix.com.br\/#\/schema\/logo\/image\/\",\"url\":\"https:\/\/agropecuariafenix.com.br\/wp-content\/uploads\/2023\/08\/logo_fenix3-Copy.png\",\"contentUrl\":\"https:\/\/agropecuariafenix.com.br\/wp-content\/uploads\/2023\/08\/logo_fenix3-Copy.png\",\"width\":500,\"height\":500,\"caption\":\"Agropecu\u00e1ria Fenix\"},\"image\":{\"@id\":\"https:\/\/agropecuariafenix.com.br\/#\/schema\/logo\/image\/\"},\"sameAs\":[\"https:\/\/web.facebook.com\/agropecuariafenixjau\",\"https:\/\/www.instagram.com\/agropecuaria_fenix_jau\/\"]}]}<\/script>\n<!-- \/ Yoast SEO plugin. -->","yoast_head_json":{"title":"Vet Life Canine Hypoallergenic Mini 2Kg - Agropecu\u00e1ria Fenix","robots":{"index":"index","follow":"follow","max-snippet":"max-snippet:-1","max-image-preview":"max-image-preview:large","max-video-preview":"max-video-preview:-1"},"canonical":"https:\/\/agropecuariafenix.com.br\/index.php\/produto\/vet-life-canine-hypoallergenic-mini-2kg\/","og_locale":"pt_BR","og_type":"article","og_title":"Vet Life Canine Hypoallergenic Mini 2Kg - Agropecu\u00e1ria Fenix","og_description":"Baixo \u00edndice glic\u00eamico; F\u00f3rmula sem ingredientes transg\u00eanicos; Linha Vet Diet totalmente natural; Indicada para c\u00e3es de porte pequeno e mini.","og_url":"https:\/\/agropecuariafenix.com.br\/index.php\/produto\/vet-life-canine-hypoallergenic-mini-2kg\/","og_site_name":"Agropecu\u00e1ria Fenix","article_publisher":"https:\/\/web.facebook.com\/agropecuariafenixjau","article_modified_time":"2025-12-29T21:25:49+00:00","og_image":[{"width":400,"height":400,"url":"https:\/\/agropecuariafenix.com.br\/wp-content\/uploads\/2023\/08\/Vet-Life-Canine-Hypoallergenic-Mini-2Kg-804846514.jpg","type":"image\/jpeg"}],"twitter_card":"summary_large_image","twitter_misc":{"Est. tempo de leitura":"2 minutos"},"schema":{"@context":"https:\/\/schema.org","@graph":[{"@type":"WebPage","@id":"https:\/\/agropecuariafenix.com.br\/index.php\/produto\/vet-life-canine-hypoallergenic-mini-2kg\/","url":"https:\/\/agropecuariafenix.com.br\/index.php\/produto\/vet-life-canine-hypoallergenic-mini-2kg\/","name":"Vet Life Canine Hypoallergenic Mini 2Kg - Agropecu\u00e1ria Fenix","isPartOf":{"@id":"https:\/\/agropecuariafenix.com.br\/#website"},"primaryImageOfPage":{"@id":"https:\/\/agropecuariafenix.com.br\/index.php\/produto\/vet-life-canine-hypoallergenic-mini-2kg\/#primaryimage"},"image":{"@id":"https:\/\/agropecuariafenix.com.br\/index.php\/produto\/vet-life-canine-hypoallergenic-mini-2kg\/#primaryimage"},"thumbnailUrl":"https:\/\/agropecuariafenix.com.br\/wp-content\/uploads\/2023\/08\/Vet-Life-Canine-Hypoallergenic-Mini-2Kg-804846514.jpg","datePublished":"2023-08-03T17:39:37+00:00","dateModified":"2025-12-29T21:25:49+00:00","breadcrumb":{"@id":"https:\/\/agropecuariafenix.com.br\/index.php\/produto\/vet-life-canine-hypoallergenic-mini-2kg\/#breadcrumb"},"inLanguage":"pt-BR","potentialAction":[{"@type":"ReadAction","target":["https:\/\/agropecuariafenix.com.br\/index.php\/produto\/vet-life-canine-hypoallergenic-mini-2kg\/"]}]},{"@type":"ImageObject","inLanguage":"pt-BR","@id":"https:\/\/agropecuariafenix.com.br\/index.php\/produto\/vet-life-canine-hypoallergenic-mini-2kg\/#primaryimage","url":"https:\/\/agropecuariafenix.com.br\/wp-content\/uploads\/2023\/08\/Vet-Life-Canine-Hypoallergenic-Mini-2Kg-804846514.jpg","contentUrl":"https:\/\/agropecuariafenix.com.br\/wp-content\/uploads\/2023\/08\/Vet-Life-Canine-Hypoallergenic-Mini-2Kg-804846514.jpg","width":400,"height":400,"caption":"Vet Life Canine Hypoallergenic Mini 2Kg"},{"@type":"BreadcrumbList","@id":"https:\/\/agropecuariafenix.com.br\/index.php\/produto\/vet-life-canine-hypoallergenic-mini-2kg\/#breadcrumb","itemListElement":[{"@type":"ListItem","position":1,"name":"In\u00edcio","item":"https:\/\/agropecuariafenix.com.br\/"},{"@type":"ListItem","position":2,"name":"Todos os produtos","item":"https:\/\/agropecuariafenix.com.br\/index.php\/loja\/"},{"@type":"ListItem","position":3,"name":"Vet Life Canine Hypoallergenic Mini 2Kg"}]},{"@type":"WebSite","@id":"https:\/\/agropecuariafenix.com.br\/#website","url":"https:\/\/agropecuariafenix.com.br\/","name":"Agropecu\u00e1ria Fenix","description":"Agropecu\u00e1ria F\u00eanix Pet - Ra\u00e7\u00f5es \/ Medicamentos Pet \/ Cl\u00ednica Veterin\u00e1ria \/ Banho e Tosa \/ Cachorro \/\u00a0Gato\u00a0\/\u00a0P\u00e1ssaros","publisher":{"@id":"https:\/\/agropecuariafenix.com.br\/#organization"},"alternateName":"Agropecu\u00e1ria Fenix","potentialAction":[{"@type":"SearchAction","target":{"@type":"EntryPoint","urlTemplate":"https:\/\/agropecuariafenix.com.br\/?s={search_term_string}"},"query-input":{"@type":"PropertyValueSpecification","valueRequired":true,"valueName":"search_term_string"}}],"inLanguage":"pt-BR"},{"@type":"Organization","@id":"https:\/\/agropecuariafenix.com.br\/#organization","name":"Agropecu\u00e1ria Fenix","alternateName":"Agropecu\u00e1ria Fenix","url":"https:\/\/agropecuariafenix.com.br\/","logo":{"@type":"ImageObject","inLanguage":"pt-BR","@id":"https:\/\/agropecuariafenix.com.br\/#\/schema\/logo\/image\/","url":"https:\/\/agropecuariafenix.com.br\/wp-content\/uploads\/2023\/08\/logo_fenix3-Copy.png","contentUrl":"https:\/\/agropecuariafenix.com.br\/wp-content\/uploads\/2023\/08\/logo_fenix3-Copy.png","width":500,"height":500,"caption":"Agropecu\u00e1ria Fenix"},"image":{"@id":"https:\/\/agropecuariafenix.com.br\/#\/schema\/logo\/image\/"},"sameAs":["https:\/\/web.facebook.com\/agropecuariafenixjau","https:\/\/www.instagram.com\/agropecuaria_fenix_jau\/"]}]}},"_links":{"self":[{"href":"https:\/\/agropecuariafenix.com.br\/index.php\/wp-json\/wp\/v2\/product\/26452","targetHints":{"allow":["GET"]}}],"collection":[{"href":"https:\/\/agropecuariafenix.com.br\/index.php\/wp-json\/wp\/v2\/product"}],"about":[{"href":"https:\/\/agropecuariafenix.com.br\/index.php\/wp-json\/wp\/v2\/types\/product"}],"replies":[{"embeddable":true,"href":"https:\/\/agropecuariafenix.com.br\/index.php\/wp-json\/wp\/v2\/comments?post=26452"}],"version-history":[{"count":1,"href":"https:\/\/agropecuariafenix.com.br\/index.php\/wp-json\/wp\/v2\/product\/26452\/revisions"}],"predecessor-version":[{"id":27292,"href":"https:\/\/agropecuariafenix.com.br\/index.php\/wp-json\/wp\/v2\/product\/26452\/revisions\/27292"}],"wp:featuredmedia":[{"embeddable":true,"href":"https:\/\/agropecuariafenix.com.br\/index.php\/wp-json\/wp\/v2\/media\/26451"}],"wp:attachment":[{"href":"https:\/\/agropecuariafenix.com.br\/index.php\/wp-json\/wp\/v2\/media?parent=26452"}],"wp:term":[{"taxonomy":"product_brand","embeddable":true,"href":"https:\/\/agropecuariafenix.com.br\/index.php\/wp-json\/wp\/v2\/product_brand?post=26452"},{"taxonomy":"product_cat","embeddable":true,"href":"https:\/\/agropecuariafenix.com.br\/index.php\/wp-json\/wp\/v2\/product_cat?post=26452"},{"taxonomy":"product_tag","embeddable":true,"href":"https:\/\/agropecuariafenix.com.br\/index.php\/wp-json\/wp\/v2\/product_tag?post=26452"}],"curies":[{"name":"wp","href":"https:\/\/api.w.org\/{rel}","templated":true}]}}