{"id":26447,"date":"2023-08-03T14:18:58","date_gmt":"2023-08-03T17:18:58","guid":{"rendered":"https:\/\/agropecuariafenix.com.br\/index.php\/produto\/vet-life-canine-gastro-intestinal-2kg\/"},"modified":"2026-01-03T01:50:52","modified_gmt":"2026-01-03T04:50:52","slug":"vet-life-canine-gastro-intestinal-2kg","status":"publish","type":"product","link":"https:\/\/agropecuariafenix.com.br\/index.php\/produto\/vet-life-canine-gastro-intestinal-2kg\/","title":{"rendered":"Vet Life Canine Gastro-Intestinal 2Kg"},"content":{"rendered":"<p>Ra\u00e7\u00e3o Vet Life gastrointestinal para c\u00e3es<\/p>\n<p>A Vet Life gastrointestinal para c\u00e3es \u00e9 uma ra\u00e7\u00e3o seca coadjuvante, recomendada para animais com problemas digestivos. Ela \u00e9 ideal para tratamento de doen\u00e7as que dificultam a absor\u00e7\u00e3o intestinal e causam insufici\u00eancia pancre\u00e1tica ex\u00f3crina no pet. Al\u00e9m de ser usada em processos p\u00f3s-operat\u00f3rios.<\/p>\n<p>Ra\u00e7\u00e3o gastrointestinal Vet Life: por que comprar?<\/p>\n<p>A ra\u00e7\u00e3o gastrointestinal Vet Life \u00e9 um alimento rico em prebi\u00f3ticos, o que favorece a microbiota intestinal e protege a mucosa do intestino do c\u00e3o. Al\u00e9m disso, sua f\u00f3rmula \u00e9 livre de conservantes artificiais e transg\u00eanicos, sendo 100% natural.<\/p>\n<p>Vet Life gastrointestinal: contraindica\u00e7\u00f5es<\/p>\n<p>A ra\u00e7\u00e3o gastrointestinal Vet Life da Farmina n\u00e3o deve fazer parte da rotina alimentar de animais nas seguintes condi\u00e7\u00f5es: cachorros filhotes e cadelas que estejam em per\u00edodos de gesta\u00e7\u00e3o ou lacta\u00e7\u00e3o.<\/p>\n<p>Vet Life gastrointestinal c\u00e3es: composi\u00e7\u00e3o b\u00e1sica<\/p>\n<p>Farinha de v\u00edsceras de aves, ovo em p\u00f3, quirera de arroz, plasma su\u00edno em p\u00f3, amido de batata, aveia descascada, farinha de peixe, farinha de torresmo (prote\u00edna isolada de su\u00edno), gordura de frango, \u00f3leo de peixe refinado, polpa de beterraba, casca de psyllium, celulose, levedura seca de cervejaria, L-carnitina, L-lisina, DL-metionina, taurina, parede celular de levedura (mannan-oligossacar\u00eddeos), fruto-oligossacar\u00eddeos, beta caroteno, extrato de yucca, zeolita, hidrolisado de f\u00edgado su\u00edno, vitaminas (A, D3, E, K3, B1, B2, B6, B12, C, H, PP, \u00e1cido pantot\u00eanico, \u00e1cido f\u00f3lico, cloreto de colina), fosfato bic\u00e1lcico, carbonato de c\u00e1lcio, cloreto de s\u00f3dio, cloreto de pot\u00e1ssio, transquelato de ferro, transquelato de cobre, transquelato de zinco, transquelato de mangan\u00eas, transquelato de sel\u00eanio, iodato de c\u00e1lcio, propionato de c\u00e1lcio, concentrado de tocofer\u00f3is.<\/p>\n<p>Ra\u00e7\u00e3o Vet Life gastrointestinal para c\u00e3es: informa\u00e7\u00f5es nutricionais<\/p>\n<p>Enriquecimento m\u00ednimo (por kg)<\/p>\n<p>Vitamina A\t27.720 UI<br \/>\nVitamina D3\t940 UI<br \/>\nVitamina E\t600 UI<br \/>\nVitamina K3\t1,58mg<br \/>\nVitamina B1\t4,75mg<br \/>\nVitamina B2\t7,92mg<br \/>\nVitamina B6\t6,34mg<br \/>\nVitamina B12\t64mcg<br \/>\nVitamina C\t158mg<br \/>\nVitamina H\t0,38mg<br \/>\nVitamina PP\t39,6mg<br \/>\n\u00c1cido pantot\u00eanico\t16mg<br \/>\n\u00c1cido f\u00f3lico\t0,47mg<br \/>\nColina\t2.000mg<br \/>\nFerro\t100mg<br \/>\nCobre\t18mg<br \/>\nZinco\t190mg<br \/>\nMangan\u00eas\t65mg<br \/>\nSel\u00eanio\t0,22mg<br \/>\nIodo\t2mg<\/p>\n<p>N\u00edveis de Garantia<\/p>\n<p>Umidade (m\u00e1x.)\t90g\/kg (9%)<br \/>\nProte\u00edna Bruta (m\u00edn.)\t230g\/kg (23%)<br \/>\nExtrato Et\u00e9reo (m\u00edn.)\t105g\/kg (10,5%)<br \/>\nMat\u00e9ria Fibrosa (m\u00e1x.)\t20g\/kg (2%)<br \/>\nMat\u00e9ria Mineral (m\u00e1x.)\t75g\/kg (7,5%)<br \/>\nC\u00e1lcio (m\u00edn.)\t8.500mg\/kg (0,85%)<br \/>\nC\u00e1lcio (m\u00e1x.)\t13g\/kg (1,3%)<br \/>\nF\u00f3sforo (m\u00edn.)\t6.000mg\/kg (0,6%)<br \/>\nS\u00f3dio (m\u00edn.)\t3.000mg\/kg<br \/>\nPot\u00e1ssio (m\u00edn.)\t6.500mg\/kg<br \/>\nL-Carnitina (m\u00edn.)\t250mg\/kg<br \/>\nL-Lisina (m\u00edn.)\t10.000mg\/kg<br \/>\nDL-Metionina (m\u00edn.)\t6.000mg\/kg<br \/>\nTaurina (m\u00edn.)\t1.000mg\/kg<br \/>\nMannan-Oligossacar\u00eddeos (m\u00edn.)\t400mg\/kg<br \/>\nFruto-Oligossacar\u00eddeos (m\u00edn.)\t6.000mg\/kg<br \/>\nBeta caroteno (m\u00edn.)\t1,5mg\/kg<br \/>\n\u00d4mega 6 (m\u00edn.)\t1,7g\/kg<br \/>\n\u00d4mega 3 (m\u00edn.)\t2.800mg\/kg<br \/>\n\u00c1cido Eicosapentaenoico (EPA) (m\u00edn.)\t550mg\/kg<br \/>\n\u00c1cido Docosahexaenoico (DHA) (m\u00edn.)\t650mg\/kg<br \/>\nEnergia Metaboliz\u00e1vel\t3.590 kcal\/kg<\/p>\n","protected":false},"excerpt":{"rendered":"<p>Rico em prebi\u00f3ticos que favorecem a microbiota intestinal ben\u00e9fica;<br \/>\nSem ingredientes transg\u00eanicos;<br \/>\nCom antioxidantes naturais;<br \/>\nPrimeira ra\u00e7\u00e3o natural para dietas especiais;<br \/>\nN\u00e3o substitui o tratamento convencional.<\/p>\n","protected":false},"featured_media":26448,"comment_status":"open","ping_status":"closed","template":"","meta":[],"product_brand":[],"product_cat":[15],"product_tag":[700],"class_list":{"0":"post-26447","1":"product","2":"type-product","3":"status-publish","4":"has-post-thumbnail","6":"product_cat-diversos","7":"product_tag-2kg","9":"first","10":"outofstock","11":"shipping-taxable","12":"purchasable","13":"product-type-simple"},"yoast_head":"<!-- This site is optimized with the Yoast SEO plugin v27.6 - https:\/\/yoast.com\/product\/yoast-seo-wordpress\/ -->\n<title>Vet Life Canine Gastro-Intestinal 2Kg - Agropecu\u00e1ria Fenix<\/title>\n<meta name=\"robots\" content=\"index, follow, max-snippet:-1, max-image-preview:large, max-video-preview:-1\" \/>\n<link rel=\"canonical\" href=\"https:\/\/agropecuariafenix.com.br\/index.php\/produto\/vet-life-canine-gastro-intestinal-2kg\/\" \/>\n<meta property=\"og:locale\" content=\"pt_BR\" \/>\n<meta property=\"og:type\" content=\"article\" \/>\n<meta property=\"og:title\" content=\"Vet Life Canine Gastro-Intestinal 2Kg - Agropecu\u00e1ria Fenix\" \/>\n<meta property=\"og:description\" content=\"Rico em prebi\u00f3ticos que favorecem a microbiota intestinal ben\u00e9fica; Sem ingredientes transg\u00eanicos; Com antioxidantes naturais; Primeira ra\u00e7\u00e3o natural para dietas especiais; N\u00e3o substitui o tratamento convencional.\" \/>\n<meta property=\"og:url\" content=\"https:\/\/agropecuariafenix.com.br\/index.php\/produto\/vet-life-canine-gastro-intestinal-2kg\/\" \/>\n<meta property=\"og:site_name\" content=\"Agropecu\u00e1ria Fenix\" \/>\n<meta property=\"article:publisher\" content=\"https:\/\/web.facebook.com\/agropecuariafenixjau\" \/>\n<meta property=\"article:modified_time\" content=\"2026-01-03T04:50:52+00:00\" \/>\n<meta property=\"og:image\" content=\"https:\/\/agropecuariafenix.com.br\/wp-content\/uploads\/2023\/08\/woocommerce-placeholder-600x600-1.png\" \/>\n\t<meta property=\"og:image:width\" content=\"600\" \/>\n\t<meta property=\"og:image:height\" content=\"600\" \/>\n\t<meta property=\"og:image:type\" content=\"image\/png\" \/>\n<meta name=\"twitter:card\" content=\"summary_large_image\" \/>\n<meta name=\"twitter:label1\" content=\"Est. tempo de leitura\" \/>\n\t<meta name=\"twitter:data1\" content=\"3 minutos\" \/>\n<script type=\"application\/ld+json\" class=\"yoast-schema-graph\">{\"@context\":\"https:\\\/\\\/schema.org\",\"@graph\":[{\"@type\":\"WebPage\",\"@id\":\"https:\\\/\\\/agropecuariafenix.com.br\\\/index.php\\\/produto\\\/vet-life-canine-gastro-intestinal-2kg\\\/\",\"url\":\"https:\\\/\\\/agropecuariafenix.com.br\\\/index.php\\\/produto\\\/vet-life-canine-gastro-intestinal-2kg\\\/\",\"name\":\"Vet Life Canine Gastro-Intestinal 2Kg - Agropecu\u00e1ria Fenix\",\"isPartOf\":{\"@id\":\"https:\\\/\\\/agropecuariafenix.com.br\\\/#website\"},\"primaryImageOfPage\":{\"@id\":\"https:\\\/\\\/agropecuariafenix.com.br\\\/index.php\\\/produto\\\/vet-life-canine-gastro-intestinal-2kg\\\/#primaryimage\"},\"image\":{\"@id\":\"https:\\\/\\\/agropecuariafenix.com.br\\\/index.php\\\/produto\\\/vet-life-canine-gastro-intestinal-2kg\\\/#primaryimage\"},\"thumbnailUrl\":\"https:\\\/\\\/agropecuariafenix.com.br\\\/wp-content\\\/uploads\\\/2023\\\/08\\\/woocommerce-placeholder-600x600-1.png\",\"datePublished\":\"2023-08-03T17:18:58+00:00\",\"dateModified\":\"2026-01-03T04:50:52+00:00\",\"breadcrumb\":{\"@id\":\"https:\\\/\\\/agropecuariafenix.com.br\\\/index.php\\\/produto\\\/vet-life-canine-gastro-intestinal-2kg\\\/#breadcrumb\"},\"inLanguage\":\"pt-BR\",\"potentialAction\":[{\"@type\":\"ReadAction\",\"target\":[\"https:\\\/\\\/agropecuariafenix.com.br\\\/index.php\\\/produto\\\/vet-life-canine-gastro-intestinal-2kg\\\/\"]}]},{\"@type\":\"ImageObject\",\"inLanguage\":\"pt-BR\",\"@id\":\"https:\\\/\\\/agropecuariafenix.com.br\\\/index.php\\\/produto\\\/vet-life-canine-gastro-intestinal-2kg\\\/#primaryimage\",\"url\":\"https:\\\/\\\/agropecuariafenix.com.br\\\/wp-content\\\/uploads\\\/2023\\\/08\\\/woocommerce-placeholder-600x600-1.png\",\"contentUrl\":\"https:\\\/\\\/agropecuariafenix.com.br\\\/wp-content\\\/uploads\\\/2023\\\/08\\\/woocommerce-placeholder-600x600-1.png\",\"width\":600,\"height\":600,\"caption\":\"Padr\u00e3o\"},{\"@type\":\"BreadcrumbList\",\"@id\":\"https:\\\/\\\/agropecuariafenix.com.br\\\/index.php\\\/produto\\\/vet-life-canine-gastro-intestinal-2kg\\\/#breadcrumb\",\"itemListElement\":[{\"@type\":\"ListItem\",\"position\":1,\"name\":\"In\u00edcio\",\"item\":\"https:\\\/\\\/agropecuariafenix.com.br\\\/\"},{\"@type\":\"ListItem\",\"position\":2,\"name\":\"Todos os produtos\",\"item\":\"https:\\\/\\\/agropecuariafenix.com.br\\\/index.php\\\/loja\\\/\"},{\"@type\":\"ListItem\",\"position\":3,\"name\":\"Vet Life Canine Gastro-Intestinal 2Kg\"}]},{\"@type\":\"WebSite\",\"@id\":\"https:\\\/\\\/agropecuariafenix.com.br\\\/#website\",\"url\":\"https:\\\/\\\/agropecuariafenix.com.br\\\/\",\"name\":\"Agropecu\u00e1ria Fenix\",\"description\":\"Agropecu\u00e1ria F\u00eanix Pet - Ra\u00e7\u00f5es \\\/ Medicamentos Pet \\\/ Cl\u00ednica Veterin\u00e1ria \\\/ Banho e Tosa \\\/ Cachorro \\\/\u00a0Gato\u00a0\\\/\u00a0P\u00e1ssaros\",\"publisher\":{\"@id\":\"https:\\\/\\\/agropecuariafenix.com.br\\\/#organization\"},\"alternateName\":\"Agropecu\u00e1ria Fenix\",\"potentialAction\":[{\"@type\":\"SearchAction\",\"target\":{\"@type\":\"EntryPoint\",\"urlTemplate\":\"https:\\\/\\\/agropecuariafenix.com.br\\\/?s={search_term_string}\"},\"query-input\":{\"@type\":\"PropertyValueSpecification\",\"valueRequired\":true,\"valueName\":\"search_term_string\"}}],\"inLanguage\":\"pt-BR\"},{\"@type\":\"Organization\",\"@id\":\"https:\\\/\\\/agropecuariafenix.com.br\\\/#organization\",\"name\":\"Agropecu\u00e1ria Fenix\",\"alternateName\":\"Agropecu\u00e1ria Fenix\",\"url\":\"https:\\\/\\\/agropecuariafenix.com.br\\\/\",\"logo\":{\"@type\":\"ImageObject\",\"inLanguage\":\"pt-BR\",\"@id\":\"https:\\\/\\\/agropecuariafenix.com.br\\\/#\\\/schema\\\/logo\\\/image\\\/\",\"url\":\"https:\\\/\\\/agropecuariafenix.com.br\\\/wp-content\\\/uploads\\\/2023\\\/08\\\/logo_fenix3-Copy.png\",\"contentUrl\":\"https:\\\/\\\/agropecuariafenix.com.br\\\/wp-content\\\/uploads\\\/2023\\\/08\\\/logo_fenix3-Copy.png\",\"width\":500,\"height\":500,\"caption\":\"Agropecu\u00e1ria Fenix\"},\"image\":{\"@id\":\"https:\\\/\\\/agropecuariafenix.com.br\\\/#\\\/schema\\\/logo\\\/image\\\/\"},\"sameAs\":[\"https:\\\/\\\/web.facebook.com\\\/agropecuariafenixjau\",\"https:\\\/\\\/www.instagram.com\\\/agropecuaria_fenix_jau\\\/\"]}]}<\/script>\n<!-- \/ Yoast SEO plugin. -->","yoast_head_json":{"title":"Vet Life Canine Gastro-Intestinal 2Kg - Agropecu\u00e1ria Fenix","robots":{"index":"index","follow":"follow","max-snippet":"max-snippet:-1","max-image-preview":"max-image-preview:large","max-video-preview":"max-video-preview:-1"},"canonical":"https:\/\/agropecuariafenix.com.br\/index.php\/produto\/vet-life-canine-gastro-intestinal-2kg\/","og_locale":"pt_BR","og_type":"article","og_title":"Vet Life Canine Gastro-Intestinal 2Kg - Agropecu\u00e1ria Fenix","og_description":"Rico em prebi\u00f3ticos que favorecem a microbiota intestinal ben\u00e9fica; Sem ingredientes transg\u00eanicos; Com antioxidantes naturais; Primeira ra\u00e7\u00e3o natural para dietas especiais; N\u00e3o substitui o tratamento convencional.","og_url":"https:\/\/agropecuariafenix.com.br\/index.php\/produto\/vet-life-canine-gastro-intestinal-2kg\/","og_site_name":"Agropecu\u00e1ria Fenix","article_publisher":"https:\/\/web.facebook.com\/agropecuariafenixjau","article_modified_time":"2026-01-03T04:50:52+00:00","og_image":[{"width":600,"height":600,"url":"https:\/\/agropecuariafenix.com.br\/wp-content\/uploads\/2023\/08\/woocommerce-placeholder-600x600-1.png","type":"image\/png"}],"twitter_card":"summary_large_image","twitter_misc":{"Est. tempo de leitura":"3 minutos"},"schema":{"@context":"https:\/\/schema.org","@graph":[{"@type":"WebPage","@id":"https:\/\/agropecuariafenix.com.br\/index.php\/produto\/vet-life-canine-gastro-intestinal-2kg\/","url":"https:\/\/agropecuariafenix.com.br\/index.php\/produto\/vet-life-canine-gastro-intestinal-2kg\/","name":"Vet Life Canine Gastro-Intestinal 2Kg - Agropecu\u00e1ria Fenix","isPartOf":{"@id":"https:\/\/agropecuariafenix.com.br\/#website"},"primaryImageOfPage":{"@id":"https:\/\/agropecuariafenix.com.br\/index.php\/produto\/vet-life-canine-gastro-intestinal-2kg\/#primaryimage"},"image":{"@id":"https:\/\/agropecuariafenix.com.br\/index.php\/produto\/vet-life-canine-gastro-intestinal-2kg\/#primaryimage"},"thumbnailUrl":"https:\/\/agropecuariafenix.com.br\/wp-content\/uploads\/2023\/08\/woocommerce-placeholder-600x600-1.png","datePublished":"2023-08-03T17:18:58+00:00","dateModified":"2026-01-03T04:50:52+00:00","breadcrumb":{"@id":"https:\/\/agropecuariafenix.com.br\/index.php\/produto\/vet-life-canine-gastro-intestinal-2kg\/#breadcrumb"},"inLanguage":"pt-BR","potentialAction":[{"@type":"ReadAction","target":["https:\/\/agropecuariafenix.com.br\/index.php\/produto\/vet-life-canine-gastro-intestinal-2kg\/"]}]},{"@type":"ImageObject","inLanguage":"pt-BR","@id":"https:\/\/agropecuariafenix.com.br\/index.php\/produto\/vet-life-canine-gastro-intestinal-2kg\/#primaryimage","url":"https:\/\/agropecuariafenix.com.br\/wp-content\/uploads\/2023\/08\/woocommerce-placeholder-600x600-1.png","contentUrl":"https:\/\/agropecuariafenix.com.br\/wp-content\/uploads\/2023\/08\/woocommerce-placeholder-600x600-1.png","width":600,"height":600,"caption":"Padr\u00e3o"},{"@type":"BreadcrumbList","@id":"https:\/\/agropecuariafenix.com.br\/index.php\/produto\/vet-life-canine-gastro-intestinal-2kg\/#breadcrumb","itemListElement":[{"@type":"ListItem","position":1,"name":"In\u00edcio","item":"https:\/\/agropecuariafenix.com.br\/"},{"@type":"ListItem","position":2,"name":"Todos os produtos","item":"https:\/\/agropecuariafenix.com.br\/index.php\/loja\/"},{"@type":"ListItem","position":3,"name":"Vet Life Canine Gastro-Intestinal 2Kg"}]},{"@type":"WebSite","@id":"https:\/\/agropecuariafenix.com.br\/#website","url":"https:\/\/agropecuariafenix.com.br\/","name":"Agropecu\u00e1ria Fenix","description":"Agropecu\u00e1ria F\u00eanix Pet - Ra\u00e7\u00f5es \/ Medicamentos Pet \/ Cl\u00ednica Veterin\u00e1ria \/ Banho e Tosa \/ Cachorro \/\u00a0Gato\u00a0\/\u00a0P\u00e1ssaros","publisher":{"@id":"https:\/\/agropecuariafenix.com.br\/#organization"},"alternateName":"Agropecu\u00e1ria Fenix","potentialAction":[{"@type":"SearchAction","target":{"@type":"EntryPoint","urlTemplate":"https:\/\/agropecuariafenix.com.br\/?s={search_term_string}"},"query-input":{"@type":"PropertyValueSpecification","valueRequired":true,"valueName":"search_term_string"}}],"inLanguage":"pt-BR"},{"@type":"Organization","@id":"https:\/\/agropecuariafenix.com.br\/#organization","name":"Agropecu\u00e1ria Fenix","alternateName":"Agropecu\u00e1ria Fenix","url":"https:\/\/agropecuariafenix.com.br\/","logo":{"@type":"ImageObject","inLanguage":"pt-BR","@id":"https:\/\/agropecuariafenix.com.br\/#\/schema\/logo\/image\/","url":"https:\/\/agropecuariafenix.com.br\/wp-content\/uploads\/2023\/08\/logo_fenix3-Copy.png","contentUrl":"https:\/\/agropecuariafenix.com.br\/wp-content\/uploads\/2023\/08\/logo_fenix3-Copy.png","width":500,"height":500,"caption":"Agropecu\u00e1ria Fenix"},"image":{"@id":"https:\/\/agropecuariafenix.com.br\/#\/schema\/logo\/image\/"},"sameAs":["https:\/\/web.facebook.com\/agropecuariafenixjau","https:\/\/www.instagram.com\/agropecuaria_fenix_jau\/"]}]}},"_links":{"self":[{"href":"https:\/\/agropecuariafenix.com.br\/index.php\/wp-json\/wp\/v2\/product\/26447","targetHints":{"allow":["GET"]}}],"collection":[{"href":"https:\/\/agropecuariafenix.com.br\/index.php\/wp-json\/wp\/v2\/product"}],"about":[{"href":"https:\/\/agropecuariafenix.com.br\/index.php\/wp-json\/wp\/v2\/types\/product"}],"replies":[{"embeddable":true,"href":"https:\/\/agropecuariafenix.com.br\/index.php\/wp-json\/wp\/v2\/comments?post=26447"}],"version-history":[{"count":1,"href":"https:\/\/agropecuariafenix.com.br\/index.php\/wp-json\/wp\/v2\/product\/26447\/revisions"}],"predecessor-version":[{"id":26449,"href":"https:\/\/agropecuariafenix.com.br\/index.php\/wp-json\/wp\/v2\/product\/26447\/revisions\/26449"}],"wp:featuredmedia":[{"embeddable":true,"href":"https:\/\/agropecuariafenix.com.br\/index.php\/wp-json\/wp\/v2\/media\/26448"}],"wp:attachment":[{"href":"https:\/\/agropecuariafenix.com.br\/index.php\/wp-json\/wp\/v2\/media?parent=26447"}],"wp:term":[{"taxonomy":"product_brand","embeddable":true,"href":"https:\/\/agropecuariafenix.com.br\/index.php\/wp-json\/wp\/v2\/product_brand?post=26447"},{"taxonomy":"product_cat","embeddable":true,"href":"https:\/\/agropecuariafenix.com.br\/index.php\/wp-json\/wp\/v2\/product_cat?post=26447"},{"taxonomy":"product_tag","embeddable":true,"href":"https:\/\/agropecuariafenix.com.br\/index.php\/wp-json\/wp\/v2\/product_tag?post=26447"}],"curies":[{"name":"wp","href":"https:\/\/api.w.org\/{rel}","templated":true}]}}