{"id":26446,"date":"2023-08-03T14:00:11","date_gmt":"2023-08-03T17:00:11","guid":{"rendered":"https:\/\/agropecuariafenix.com.br\/index.php\/produto\/vet-life-canine-cardiac-2kg\/"},"modified":"2025-10-28T08:47:31","modified_gmt":"2025-10-28T11:47:31","slug":"vet-life-canine-cardiac-2kg","status":"publish","type":"product","link":"https:\/\/agropecuariafenix.com.br\/index.php\/produto\/vet-life-canine-cardiac-2kg\/","title":{"rendered":"Vet Life Canine Cardiac 2Kg"},"content":{"rendered":"<p>Quirera de arroz, farinha de v\u00edsceras de aves, aveia descascada, \u00f3leo de peixe refinado, ovo em p\u00f3, concentrado proteico de soja, gordura de frango, semente de linha\u00e7a, polpa de beterraba, casca de psyllium, casca de ervilha, taurina, L-carnitina, L-lisina, DL-metionina, arginina, parede celular de levedura (mannan-oligossacar\u00eddeos), fruto-oligossacar\u00eddeos, beta caroteno, extrato de Marigold (lute\u00edna), extrato de yucca, zeolita, hidrolisado de f\u00edgado su\u00edno, vitaminas (A, D3, E, K3, B1, B2, B6, B12, C, H, PP, \u00e1cido pantot\u00eanico, \u00e1cido f\u00f3lico, cloreto de colina), fosfato bic\u00e1lcico, carbonato de c\u00e1lcio, citrato de pot\u00e1ssio, cloreto de pot\u00e1ssio, transquelato de magn\u00e9sio, transquelato de ferro, transquelato de cobre, transquelato de zinco, transquelato de mangan\u00eas, transquelato de sel\u00eanio, iodato de c\u00e1lcio, propionato de c\u00e1lcio, concentrado de tocofer\u00f3is.<\/p>\n<p>N\u00edveis de Garantia<br \/>\nUmidade (m\u00e1x.) 90g\/kg (9%); Prote\u00edna<br \/>\nBruta (m\u00edn.) 240g\/kg (24%); Extrato<br \/>\nEt\u00e9reo (m\u00edn.) 180g\/kg (18%); Mat\u00e9ria<br \/>\nFibrosa (m\u00e1x.) 30g\/kg (3%); Mat\u00e9ria<br \/>\nMineral (m\u00e1x.) 60g\/kg (6%); C\u00e1lcio (m\u00edn.)<br \/>\n5.500mg\/kg (0,55%); C\u00e1lcio (m\u00e1x.)<br \/>\n9.500mg\/kg (0,95%); F\u00f3sforo (m\u00edn.)<br \/>\n4.000mg\/kg (0,4%); S\u00f3dio (m\u00edn.) 1.300mg\/kg;<br \/>\nPot\u00e1ssio (m\u00edn.) 7.000mg\/kg;<br \/>\nMagn\u00e9sio (m\u00edn.) 1.000mg\/kg; Taurina<br \/>\n(m\u00edn.) 2.500mg\/kg; L-Carnitina (m\u00edn.)<br \/>\n800mg\/kg; L-Lisina (m\u00edn.) 9.000mg\/kg;<br \/>\nDL-Metionina (m\u00edn.) 5.000mg\/kg;<br \/>\nArginina (m\u00edn.) 15g\/kg; Mannan-<br \/>\nOligossacar\u00eddeos (m\u00edn.) 300mg\/kg; Fruto-<br \/>\nOligossacar\u00eddeos (m\u00edn.) 4.000mg\/kg; Beta<br \/>\ncaroteno (m\u00edn.) 1,5mg\/kg; Lute\u00edna (m\u00edn.)<br \/>\n1,5mg\/kg; \u00d4mega 6 (m\u00edn.) 3g\/kg; \u00d4mega<br \/>\n3 (m\u00edn.) 8.000mg\/kg; \u00c1cido<br \/>\nEicosapentaenoico (EPA) (m\u00edn.)<br \/>\n2.500mg\/kg; \u00c1cido Docosahexaenoico<br \/>\n(DHA) (m\u00edn.) 3.000mg\/kg.<br \/>\nEM Kcal\/Kg 3920 &#8211; Mj\/Kg 16,40<\/p>\n","protected":false},"excerpt":{"rendered":"<p>Indicado para c\u00e3es adultos;<br \/>\n&#8211; Indicado para o suporte da fun\u00e7\u00e3o card\u00edaca em casos de insufici\u00eancia card\u00edaca cr\u00f4nica;<br \/>\n&#8211; Auxiliam na melhora da fun\u00e7\u00e3o card\u00edaca;<br \/>\n&#8211; Dispon\u00edvel em embalagem de 2kg.<\/p>\n","protected":false},"featured_media":26445,"comment_status":"open","ping_status":"closed","template":"","meta":[],"product_brand":[],"product_cat":[15],"product_tag":[700],"class_list":{"0":"post-26446","1":"product","2":"type-product","3":"status-publish","4":"has-post-thumbnail","6":"product_cat-diversos","7":"product_tag-2kg","9":"first","10":"instock","11":"shipping-taxable","12":"purchasable","13":"product-type-simple"},"yoast_head":"<!-- This site is optimized with the Yoast SEO plugin v26.1.1 - https:\/\/yoast.com\/wordpress\/plugins\/seo\/ -->\n<title>Vet Life Canine Cardiac 2Kg - Agropecu\u00e1ria Fenix<\/title>\n<meta name=\"robots\" content=\"index, follow, max-snippet:-1, max-image-preview:large, max-video-preview:-1\" \/>\n<link rel=\"canonical\" href=\"https:\/\/agropecuariafenix.com.br\/index.php\/produto\/vet-life-canine-cardiac-2kg\/\" \/>\n<meta property=\"og:locale\" content=\"pt_BR\" \/>\n<meta property=\"og:type\" content=\"article\" \/>\n<meta property=\"og:title\" content=\"Vet Life Canine Cardiac 2Kg - Agropecu\u00e1ria Fenix\" \/>\n<meta property=\"og:description\" content=\"Indicado para c\u00e3es adultos; &#8211; Indicado para o suporte da fun\u00e7\u00e3o card\u00edaca em casos de insufici\u00eancia card\u00edaca cr\u00f4nica; &#8211; Auxiliam na melhora da fun\u00e7\u00e3o card\u00edaca; &#8211; Dispon\u00edvel em embalagem de 2kg.\" \/>\n<meta property=\"og:url\" content=\"https:\/\/agropecuariafenix.com.br\/index.php\/produto\/vet-life-canine-cardiac-2kg\/\" \/>\n<meta property=\"og:site_name\" content=\"Agropecu\u00e1ria Fenix\" \/>\n<meta property=\"article:publisher\" content=\"https:\/\/web.facebook.com\/agropecuariafenixjau\" \/>\n<meta property=\"article:modified_time\" content=\"2025-10-28T11:47:31+00:00\" \/>\n<meta property=\"og:image\" content=\"https:\/\/agropecuariafenix.com.br\/wp-content\/uploads\/2023\/08\/Vet-Life-Canine-Cardiac-2Kg-1525414072.jpg\" \/>\n\t<meta property=\"og:image:width\" content=\"900\" \/>\n\t<meta property=\"og:image:height\" content=\"900\" \/>\n\t<meta property=\"og:image:type\" content=\"image\/jpeg\" \/>\n<meta name=\"twitter:card\" content=\"summary_large_image\" \/>\n<meta name=\"twitter:label1\" content=\"Est. tempo de leitura\" \/>\n\t<meta name=\"twitter:data1\" content=\"1 minuto\" \/>\n<script type=\"application\/ld+json\" class=\"yoast-schema-graph\">{\"@context\":\"https:\/\/schema.org\",\"@graph\":[{\"@type\":\"WebPage\",\"@id\":\"https:\/\/agropecuariafenix.com.br\/index.php\/produto\/vet-life-canine-cardiac-2kg\/\",\"url\":\"https:\/\/agropecuariafenix.com.br\/index.php\/produto\/vet-life-canine-cardiac-2kg\/\",\"name\":\"Vet Life Canine Cardiac 2Kg - Agropecu\u00e1ria Fenix\",\"isPartOf\":{\"@id\":\"https:\/\/agropecuariafenix.com.br\/#website\"},\"primaryImageOfPage\":{\"@id\":\"https:\/\/agropecuariafenix.com.br\/index.php\/produto\/vet-life-canine-cardiac-2kg\/#primaryimage\"},\"image\":{\"@id\":\"https:\/\/agropecuariafenix.com.br\/index.php\/produto\/vet-life-canine-cardiac-2kg\/#primaryimage\"},\"thumbnailUrl\":\"https:\/\/agropecuariafenix.com.br\/wp-content\/uploads\/2023\/08\/Vet-Life-Canine-Cardiac-2Kg-1525414072.jpg\",\"datePublished\":\"2023-08-03T17:00:11+00:00\",\"dateModified\":\"2025-10-28T11:47:31+00:00\",\"breadcrumb\":{\"@id\":\"https:\/\/agropecuariafenix.com.br\/index.php\/produto\/vet-life-canine-cardiac-2kg\/#breadcrumb\"},\"inLanguage\":\"pt-BR\",\"potentialAction\":[{\"@type\":\"ReadAction\",\"target\":[\"https:\/\/agropecuariafenix.com.br\/index.php\/produto\/vet-life-canine-cardiac-2kg\/\"]}]},{\"@type\":\"ImageObject\",\"inLanguage\":\"pt-BR\",\"@id\":\"https:\/\/agropecuariafenix.com.br\/index.php\/produto\/vet-life-canine-cardiac-2kg\/#primaryimage\",\"url\":\"https:\/\/agropecuariafenix.com.br\/wp-content\/uploads\/2023\/08\/Vet-Life-Canine-Cardiac-2Kg-1525414072.jpg\",\"contentUrl\":\"https:\/\/agropecuariafenix.com.br\/wp-content\/uploads\/2023\/08\/Vet-Life-Canine-Cardiac-2Kg-1525414072.jpg\",\"width\":900,\"height\":900,\"caption\":\"Vet Life Canine Cardiac 2Kg\"},{\"@type\":\"BreadcrumbList\",\"@id\":\"https:\/\/agropecuariafenix.com.br\/index.php\/produto\/vet-life-canine-cardiac-2kg\/#breadcrumb\",\"itemListElement\":[{\"@type\":\"ListItem\",\"position\":1,\"name\":\"In\u00edcio\",\"item\":\"https:\/\/agropecuariafenix.com.br\/\"},{\"@type\":\"ListItem\",\"position\":2,\"name\":\"Todos os produtos\",\"item\":\"https:\/\/agropecuariafenix.com.br\/index.php\/loja\/\"},{\"@type\":\"ListItem\",\"position\":3,\"name\":\"Vet Life Canine Cardiac 2Kg\"}]},{\"@type\":\"WebSite\",\"@id\":\"https:\/\/agropecuariafenix.com.br\/#website\",\"url\":\"https:\/\/agropecuariafenix.com.br\/\",\"name\":\"Agropecu\u00e1ria Fenix\",\"description\":\"Agropecu\u00e1ria F\u00eanix Pet - Ra\u00e7\u00f5es \/ Medicamentos Pet \/ Cl\u00ednica Veterin\u00e1ria \/ Banho e Tosa \/ Cachorro \/\u00a0Gato\u00a0\/\u00a0P\u00e1ssaros\",\"publisher\":{\"@id\":\"https:\/\/agropecuariafenix.com.br\/#organization\"},\"alternateName\":\"Agropecu\u00e1ria Fenix\",\"potentialAction\":[{\"@type\":\"SearchAction\",\"target\":{\"@type\":\"EntryPoint\",\"urlTemplate\":\"https:\/\/agropecuariafenix.com.br\/?s={search_term_string}\"},\"query-input\":{\"@type\":\"PropertyValueSpecification\",\"valueRequired\":true,\"valueName\":\"search_term_string\"}}],\"inLanguage\":\"pt-BR\"},{\"@type\":\"Organization\",\"@id\":\"https:\/\/agropecuariafenix.com.br\/#organization\",\"name\":\"Agropecu\u00e1ria Fenix\",\"alternateName\":\"Agropecu\u00e1ria Fenix\",\"url\":\"https:\/\/agropecuariafenix.com.br\/\",\"logo\":{\"@type\":\"ImageObject\",\"inLanguage\":\"pt-BR\",\"@id\":\"https:\/\/agropecuariafenix.com.br\/#\/schema\/logo\/image\/\",\"url\":\"https:\/\/agropecuariafenix.com.br\/wp-content\/uploads\/2023\/08\/logo_fenix3-Copy.png\",\"contentUrl\":\"https:\/\/agropecuariafenix.com.br\/wp-content\/uploads\/2023\/08\/logo_fenix3-Copy.png\",\"width\":500,\"height\":500,\"caption\":\"Agropecu\u00e1ria Fenix\"},\"image\":{\"@id\":\"https:\/\/agropecuariafenix.com.br\/#\/schema\/logo\/image\/\"},\"sameAs\":[\"https:\/\/web.facebook.com\/agropecuariafenixjau\",\"https:\/\/www.instagram.com\/agropecuaria_fenix_jau\/\"]}]}<\/script>\n<!-- \/ Yoast SEO plugin. -->","yoast_head_json":{"title":"Vet Life Canine Cardiac 2Kg - Agropecu\u00e1ria Fenix","robots":{"index":"index","follow":"follow","max-snippet":"max-snippet:-1","max-image-preview":"max-image-preview:large","max-video-preview":"max-video-preview:-1"},"canonical":"https:\/\/agropecuariafenix.com.br\/index.php\/produto\/vet-life-canine-cardiac-2kg\/","og_locale":"pt_BR","og_type":"article","og_title":"Vet Life Canine Cardiac 2Kg - Agropecu\u00e1ria Fenix","og_description":"Indicado para c\u00e3es adultos; &#8211; Indicado para o suporte da fun\u00e7\u00e3o card\u00edaca em casos de insufici\u00eancia card\u00edaca cr\u00f4nica; &#8211; Auxiliam na melhora da fun\u00e7\u00e3o card\u00edaca; &#8211; Dispon\u00edvel em embalagem de 2kg.","og_url":"https:\/\/agropecuariafenix.com.br\/index.php\/produto\/vet-life-canine-cardiac-2kg\/","og_site_name":"Agropecu\u00e1ria Fenix","article_publisher":"https:\/\/web.facebook.com\/agropecuariafenixjau","article_modified_time":"2025-10-28T11:47:31+00:00","og_image":[{"width":900,"height":900,"url":"https:\/\/agropecuariafenix.com.br\/wp-content\/uploads\/2023\/08\/Vet-Life-Canine-Cardiac-2Kg-1525414072.jpg","type":"image\/jpeg"}],"twitter_card":"summary_large_image","twitter_misc":{"Est. tempo de leitura":"1 minuto"},"schema":{"@context":"https:\/\/schema.org","@graph":[{"@type":"WebPage","@id":"https:\/\/agropecuariafenix.com.br\/index.php\/produto\/vet-life-canine-cardiac-2kg\/","url":"https:\/\/agropecuariafenix.com.br\/index.php\/produto\/vet-life-canine-cardiac-2kg\/","name":"Vet Life Canine Cardiac 2Kg - Agropecu\u00e1ria Fenix","isPartOf":{"@id":"https:\/\/agropecuariafenix.com.br\/#website"},"primaryImageOfPage":{"@id":"https:\/\/agropecuariafenix.com.br\/index.php\/produto\/vet-life-canine-cardiac-2kg\/#primaryimage"},"image":{"@id":"https:\/\/agropecuariafenix.com.br\/index.php\/produto\/vet-life-canine-cardiac-2kg\/#primaryimage"},"thumbnailUrl":"https:\/\/agropecuariafenix.com.br\/wp-content\/uploads\/2023\/08\/Vet-Life-Canine-Cardiac-2Kg-1525414072.jpg","datePublished":"2023-08-03T17:00:11+00:00","dateModified":"2025-10-28T11:47:31+00:00","breadcrumb":{"@id":"https:\/\/agropecuariafenix.com.br\/index.php\/produto\/vet-life-canine-cardiac-2kg\/#breadcrumb"},"inLanguage":"pt-BR","potentialAction":[{"@type":"ReadAction","target":["https:\/\/agropecuariafenix.com.br\/index.php\/produto\/vet-life-canine-cardiac-2kg\/"]}]},{"@type":"ImageObject","inLanguage":"pt-BR","@id":"https:\/\/agropecuariafenix.com.br\/index.php\/produto\/vet-life-canine-cardiac-2kg\/#primaryimage","url":"https:\/\/agropecuariafenix.com.br\/wp-content\/uploads\/2023\/08\/Vet-Life-Canine-Cardiac-2Kg-1525414072.jpg","contentUrl":"https:\/\/agropecuariafenix.com.br\/wp-content\/uploads\/2023\/08\/Vet-Life-Canine-Cardiac-2Kg-1525414072.jpg","width":900,"height":900,"caption":"Vet Life Canine Cardiac 2Kg"},{"@type":"BreadcrumbList","@id":"https:\/\/agropecuariafenix.com.br\/index.php\/produto\/vet-life-canine-cardiac-2kg\/#breadcrumb","itemListElement":[{"@type":"ListItem","position":1,"name":"In\u00edcio","item":"https:\/\/agropecuariafenix.com.br\/"},{"@type":"ListItem","position":2,"name":"Todos os produtos","item":"https:\/\/agropecuariafenix.com.br\/index.php\/loja\/"},{"@type":"ListItem","position":3,"name":"Vet Life Canine Cardiac 2Kg"}]},{"@type":"WebSite","@id":"https:\/\/agropecuariafenix.com.br\/#website","url":"https:\/\/agropecuariafenix.com.br\/","name":"Agropecu\u00e1ria Fenix","description":"Agropecu\u00e1ria F\u00eanix Pet - Ra\u00e7\u00f5es \/ Medicamentos Pet \/ Cl\u00ednica Veterin\u00e1ria \/ Banho e Tosa \/ Cachorro \/\u00a0Gato\u00a0\/\u00a0P\u00e1ssaros","publisher":{"@id":"https:\/\/agropecuariafenix.com.br\/#organization"},"alternateName":"Agropecu\u00e1ria Fenix","potentialAction":[{"@type":"SearchAction","target":{"@type":"EntryPoint","urlTemplate":"https:\/\/agropecuariafenix.com.br\/?s={search_term_string}"},"query-input":{"@type":"PropertyValueSpecification","valueRequired":true,"valueName":"search_term_string"}}],"inLanguage":"pt-BR"},{"@type":"Organization","@id":"https:\/\/agropecuariafenix.com.br\/#organization","name":"Agropecu\u00e1ria Fenix","alternateName":"Agropecu\u00e1ria Fenix","url":"https:\/\/agropecuariafenix.com.br\/","logo":{"@type":"ImageObject","inLanguage":"pt-BR","@id":"https:\/\/agropecuariafenix.com.br\/#\/schema\/logo\/image\/","url":"https:\/\/agropecuariafenix.com.br\/wp-content\/uploads\/2023\/08\/logo_fenix3-Copy.png","contentUrl":"https:\/\/agropecuariafenix.com.br\/wp-content\/uploads\/2023\/08\/logo_fenix3-Copy.png","width":500,"height":500,"caption":"Agropecu\u00e1ria Fenix"},"image":{"@id":"https:\/\/agropecuariafenix.com.br\/#\/schema\/logo\/image\/"},"sameAs":["https:\/\/web.facebook.com\/agropecuariafenixjau","https:\/\/www.instagram.com\/agropecuaria_fenix_jau\/"]}]}},"_links":{"self":[{"href":"https:\/\/agropecuariafenix.com.br\/index.php\/wp-json\/wp\/v2\/product\/26446","targetHints":{"allow":["GET"]}}],"collection":[{"href":"https:\/\/agropecuariafenix.com.br\/index.php\/wp-json\/wp\/v2\/product"}],"about":[{"href":"https:\/\/agropecuariafenix.com.br\/index.php\/wp-json\/wp\/v2\/types\/product"}],"replies":[{"embeddable":true,"href":"https:\/\/agropecuariafenix.com.br\/index.php\/wp-json\/wp\/v2\/comments?post=26446"}],"version-history":[{"count":1,"href":"https:\/\/agropecuariafenix.com.br\/index.php\/wp-json\/wp\/v2\/product\/26446\/revisions"}],"predecessor-version":[{"id":27293,"href":"https:\/\/agropecuariafenix.com.br\/index.php\/wp-json\/wp\/v2\/product\/26446\/revisions\/27293"}],"wp:featuredmedia":[{"embeddable":true,"href":"https:\/\/agropecuariafenix.com.br\/index.php\/wp-json\/wp\/v2\/media\/26445"}],"wp:attachment":[{"href":"https:\/\/agropecuariafenix.com.br\/index.php\/wp-json\/wp\/v2\/media?parent=26446"}],"wp:term":[{"taxonomy":"product_brand","embeddable":true,"href":"https:\/\/agropecuariafenix.com.br\/index.php\/wp-json\/wp\/v2\/product_brand?post=26446"},{"taxonomy":"product_cat","embeddable":true,"href":"https:\/\/agropecuariafenix.com.br\/index.php\/wp-json\/wp\/v2\/product_cat?post=26446"},{"taxonomy":"product_tag","embeddable":true,"href":"https:\/\/agropecuariafenix.com.br\/index.php\/wp-json\/wp\/v2\/product_tag?post=26446"}],"curies":[{"name":"wp","href":"https:\/\/api.w.org\/{rel}","templated":true}]}}