{"id":26436,"date":"2023-08-02T17:03:00","date_gmt":"2023-08-02T20:03:00","guid":{"rendered":"https:\/\/agropecuariafenix.com.br\/index.php\/produto\/vet-life-caes-renal-mini-10kg-2\/"},"modified":"2023-11-04T15:47:03","modified_gmt":"2023-11-04T18:47:03","slug":"vet-life-caes-renal-mini-10kg-2","status":"publish","type":"product","link":"https:\/\/agropecuariafenix.com.br\/index.php\/produto\/vet-life-caes-renal-mini-10kg-2\/","title":{"rendered":"Vet Life C\u00e3es Renal Mini 10Kg"},"content":{"rendered":"<p>Ra\u00e7\u00e3o Vet Life Natural Mini Canine Renal<\/p>\n<p>A Ra\u00e7\u00e3o Vet Life Natural Mini Canine Renal \u00e9 um alimento coadjuvante indicado para auxiliar na recupera\u00e7\u00e3o de c\u00e3es adultos miniaturas com insufici\u00eancia renal cr\u00f4nica ou aguda com insufici\u00eancia card\u00edaca inicial.<\/p>\n<p>A insufici\u00eancia renal pode ocorrer sob a forma aguda e cr\u00f4nica. Os processos podem decorrer de outras doen\u00e7as, fatores heredit\u00e1rios e fatores nutricionais.<br \/>\nO diagn\u00f3stico \u00e9 quase sempre tardio, pois quando aparecem os primeiros sintomas dois ter\u00e7os das fun\u00e7\u00f5es renais est\u00e3o comprometidos. Vet Life Renal melhora a qualidade de vida dos c\u00e3es com insufici\u00eancia renal cr\u00f4nica ou aguda ou com insufici\u00eancia card\u00edaca inicial<br \/>\nVet Life Renal \u00e9 contraindicado para c\u00e3es filhotes e cadelas em gesta\u00e7\u00e3o ou amamenta\u00e7\u00e3o e c\u00e3es sadios.<br \/>\nProcure um m\u00e9dico veterin\u00e1rio antes do uso ou do prolongamento do per\u00edodo de tratamento.<br \/>\nContraindica\u00e7\u00f5es<br \/>\nVet Life Renal \u00e9 contraindicado para c\u00e3es filhotes e cadelas em gesta\u00e7\u00e3o ou amamenta\u00e7\u00e3o e c\u00e3es sadios. Modo de tratamento recomenda-se consultar um m\u00e9dico veterin\u00e1rio antes do uso ou do prolongamento do per\u00edodo de tratamento. Insufici\u00eancia renal: a dieta e o manejo cl\u00ednico da insufici\u00eancia renal cr\u00f4nica t\u00eam dois objetivos: reduzir os sinais cl\u00ednicos relacionados ao ac\u00famulo de res\u00edduos nitrogenados e prolongar a vida de n\u00e9frons vi\u00e1veis diminuindo a hipertens\u00e3o arterial glomerular.<br \/>\nPer\u00edodo de uso recomendado: 2-4 semanas em caso de insufici\u00eancia renal aguda. Em caso de insufici\u00eancia renal cr\u00f4nica, fornecer ao longo da vida. Insufici\u00eancia card\u00edaca: pode ser utilizado por toda a vida ou a crit\u00e9rio do M\u00e9dico Veterin\u00e1rio.<br \/>\nRecomenda-se deixar sempre \u00e1gua fresca e limpa \u00e0 vontade a fim de hidratar o m\u00e1ximo poss\u00edvel o animal.<\/p>\n<p>Ingredientes<br \/>\nArroz integral, farelo de gl\u00faten de milho \u2013 60, milho integral mo\u00eddo, ovo desidratado, gordura de frango, \u00f3leo de peixe refinado, \u00f3leo vegetal, linhaca integral mo\u00edda, carbonato de c\u00e1lcio, cloreto de colina, cloreto de pot\u00e1ssio, cloreto de s\u00f3dio (sal comum), fosfato bic\u00e1lcico, hidrolisado de frango e\/ou subprodutos, \u00e1cido propi\u00f4nico, antioxidante, premix vitam\u00ednico mineral, mannan-oligossacar\u00eddeos, metionina, sulfato de condroitina, L-carnitina, L-lisina, taurina, extrato de yucca.<\/p>\n<p>Enriquecimento por kg<br \/>\n\u00c1cido F\u00f3lico (m\u00edn.) 0,456mg\/kg, \u00c1cido, Pantot\u00eanico (m\u00edn.) 15,20mg\/kg, Cobalto (m\u00edn.), 0,25mg\/kg, Cobre (m\u00edn.) 15,00mg\/kg, Ferro (m\u00edn.) 40,00mg\/kg, Iodo (m\u00edn.) 1,50mg\/kg, Mangan\u00eas (m\u00edn.) 73,00mg\/kg, Sel\u00eanio na forma org\u00e2nica (m\u00edn.) 0,050mg\/kg, Sel\u00eanio total (m\u00edn.) 0,20mg\/kg, Vitamina A (m\u00edn.) 26.600,00UI\/kg, Vitamina B1 (m\u00edn.) 4,56mg\/kg, Vitamina B12 (m\u00edn.) 60,80mcg, Vitamina B2 (m\u00edn.) 7,60mg\/kg, Vitamina B6 (m\u00edn.) 6,08mg\/kg, Vitamina C (m\u00edn.) 152,00mg\/kg, Vitamina D3 (m\u00edn.) 900,00UI\/kg, Vitamina E (m\u00edn.) 600,00UI\/kg, Vitamina H (m\u00edn.) 0,38mg\/kg, Vitamina K3 (m\u00edn.) 1,52mg\/kg, Vitamina PP (m\u00edn.) 38,00mg\/kg, Zinco (m\u00edn.) 160,00mg\/kg, Zinco Quelatado (m\u00edn.)40,00mg\/kg.<\/p>\n<p>N\u00edveis de garantia<\/p>\n<p>C\u00e1lcio M\u00e1ximo: 7.00 g\/kg<br \/>\nC\u00e1lcio M\u00ednimo: 4000.00 mg\/kg<br \/>\nCarnitina: 200.00mg\/kg<br \/>\nMat\u00e9ria Mineral: 35.00 g\/kg<br \/>\nCondroitina: 500.00mg\/kg<br \/>\nMat\u00e9ria Fibrosa: 15.00 g\/kg<br \/>\nF\u00f3sforo: 2500.00 mg\/kg<br \/>\nPot\u00e1ssio: 0.60%<br \/>\nSodio: 0.15%<br \/>\nMagnesio: 0.08%<br \/>\nProte\u00edna bruta: 133.00 g\/kg<br \/>\nTaurina: 790.00mg\/kg<br \/>\nUmidit\u00e0: 9.00%<br \/>\nDL \u2013 metionina: 3000.00 mg\/kg<br \/>\nExtrato Et\u00e9reo: 150.00 g\/kg<br \/>\nMannan \u2013 Oligossacarideos: 300.00 mg\/kg<\/p>\n","protected":false},"excerpt":{"rendered":"<p>Baixo \u00edndice glic\u00eamico;<br \/>\nPara c\u00e3es de porte pequeno ou miniatura;<br \/>\nIndicado para c\u00e3es com problemas renais;<br \/>\nFormulada sem ingredientes transg\u00eanicos;<br \/>\nPrimeira linha Vet Diet totalmente Natural.<\/p>\n","protected":false},"featured_media":26437,"comment_status":"open","ping_status":"closed","template":"","meta":[],"product_brand":[],"product_cat":[696],"product_tag":[119],"class_list":{"0":"post-26436","1":"product","2":"type-product","3":"status-publish","4":"has-post-thumbnail","6":"product_cat-racao-medicamentosa","7":"product_tag-10kg","9":"first","10":"outofstock","11":"shipping-taxable","12":"purchasable","13":"product-type-simple"},"yoast_head":"<!-- This site is optimized with the Yoast SEO plugin v27.6 - https:\/\/yoast.com\/product\/yoast-seo-wordpress\/ -->\n<title>Vet Life C\u00e3es Renal Mini 10Kg - Agropecu\u00e1ria Fenix<\/title>\n<meta name=\"robots\" content=\"index, follow, max-snippet:-1, max-image-preview:large, max-video-preview:-1\" \/>\n<link rel=\"canonical\" href=\"https:\/\/agropecuariafenix.com.br\/index.php\/produto\/vet-life-caes-renal-mini-10kg-2\/\" \/>\n<meta property=\"og:locale\" content=\"pt_BR\" \/>\n<meta property=\"og:type\" content=\"article\" \/>\n<meta property=\"og:title\" content=\"Vet Life C\u00e3es Renal Mini 10Kg - Agropecu\u00e1ria Fenix\" \/>\n<meta property=\"og:description\" content=\"Baixo \u00edndice glic\u00eamico; Para c\u00e3es de porte pequeno ou miniatura; Indicado para c\u00e3es com problemas renais; Formulada sem ingredientes transg\u00eanicos; Primeira linha Vet Diet totalmente Natural.\" \/>\n<meta property=\"og:url\" content=\"https:\/\/agropecuariafenix.com.br\/index.php\/produto\/vet-life-caes-renal-mini-10kg-2\/\" \/>\n<meta property=\"og:site_name\" content=\"Agropecu\u00e1ria Fenix\" \/>\n<meta property=\"article:publisher\" content=\"https:\/\/web.facebook.com\/agropecuariafenixjau\" \/>\n<meta property=\"article:modified_time\" content=\"2023-11-04T18:47:03+00:00\" \/>\n<meta property=\"og:image\" content=\"https:\/\/agropecuariafenix.com.br\/wp-content\/uploads\/2023\/08\/Vet-Life-Ces-Renal-Mini-10Kg-1776204526.jpg\" \/>\n\t<meta property=\"og:image:width\" content=\"900\" \/>\n\t<meta property=\"og:image:height\" content=\"953\" \/>\n\t<meta property=\"og:image:type\" content=\"image\/jpeg\" \/>\n<meta name=\"twitter:card\" content=\"summary_large_image\" \/>\n<meta name=\"twitter:label1\" content=\"Est. tempo de leitura\" \/>\n\t<meta name=\"twitter:data1\" content=\"3 minutos\" \/>\n<script type=\"application\/ld+json\" class=\"yoast-schema-graph\">{\"@context\":\"https:\\\/\\\/schema.org\",\"@graph\":[{\"@type\":\"WebPage\",\"@id\":\"https:\\\/\\\/agropecuariafenix.com.br\\\/index.php\\\/produto\\\/vet-life-caes-renal-mini-10kg-2\\\/\",\"url\":\"https:\\\/\\\/agropecuariafenix.com.br\\\/index.php\\\/produto\\\/vet-life-caes-renal-mini-10kg-2\\\/\",\"name\":\"Vet Life C\u00e3es Renal Mini 10Kg - Agropecu\u00e1ria Fenix\",\"isPartOf\":{\"@id\":\"https:\\\/\\\/agropecuariafenix.com.br\\\/#website\"},\"primaryImageOfPage\":{\"@id\":\"https:\\\/\\\/agropecuariafenix.com.br\\\/index.php\\\/produto\\\/vet-life-caes-renal-mini-10kg-2\\\/#primaryimage\"},\"image\":{\"@id\":\"https:\\\/\\\/agropecuariafenix.com.br\\\/index.php\\\/produto\\\/vet-life-caes-renal-mini-10kg-2\\\/#primaryimage\"},\"thumbnailUrl\":\"https:\\\/\\\/agropecuariafenix.com.br\\\/wp-content\\\/uploads\\\/2023\\\/08\\\/Vet-Life-Ces-Renal-Mini-10Kg-1776204526.jpg\",\"datePublished\":\"2023-08-02T20:03:00+00:00\",\"dateModified\":\"2023-11-04T18:47:03+00:00\",\"breadcrumb\":{\"@id\":\"https:\\\/\\\/agropecuariafenix.com.br\\\/index.php\\\/produto\\\/vet-life-caes-renal-mini-10kg-2\\\/#breadcrumb\"},\"inLanguage\":\"pt-BR\",\"potentialAction\":[{\"@type\":\"ReadAction\",\"target\":[\"https:\\\/\\\/agropecuariafenix.com.br\\\/index.php\\\/produto\\\/vet-life-caes-renal-mini-10kg-2\\\/\"]}]},{\"@type\":\"ImageObject\",\"inLanguage\":\"pt-BR\",\"@id\":\"https:\\\/\\\/agropecuariafenix.com.br\\\/index.php\\\/produto\\\/vet-life-caes-renal-mini-10kg-2\\\/#primaryimage\",\"url\":\"https:\\\/\\\/agropecuariafenix.com.br\\\/wp-content\\\/uploads\\\/2023\\\/08\\\/Vet-Life-Ces-Renal-Mini-10Kg-1776204526.jpg\",\"contentUrl\":\"https:\\\/\\\/agropecuariafenix.com.br\\\/wp-content\\\/uploads\\\/2023\\\/08\\\/Vet-Life-Ces-Renal-Mini-10Kg-1776204526.jpg\",\"width\":900,\"height\":953,\"caption\":\"Vet Life C\u00e3es Renal Mini 10Kg\"},{\"@type\":\"BreadcrumbList\",\"@id\":\"https:\\\/\\\/agropecuariafenix.com.br\\\/index.php\\\/produto\\\/vet-life-caes-renal-mini-10kg-2\\\/#breadcrumb\",\"itemListElement\":[{\"@type\":\"ListItem\",\"position\":1,\"name\":\"In\u00edcio\",\"item\":\"https:\\\/\\\/agropecuariafenix.com.br\\\/\"},{\"@type\":\"ListItem\",\"position\":2,\"name\":\"Todos os produtos\",\"item\":\"https:\\\/\\\/agropecuariafenix.com.br\\\/index.php\\\/loja\\\/\"},{\"@type\":\"ListItem\",\"position\":3,\"name\":\"Vet Life C\u00e3es Renal Mini 10Kg\"}]},{\"@type\":\"WebSite\",\"@id\":\"https:\\\/\\\/agropecuariafenix.com.br\\\/#website\",\"url\":\"https:\\\/\\\/agropecuariafenix.com.br\\\/\",\"name\":\"Agropecu\u00e1ria Fenix\",\"description\":\"Agropecu\u00e1ria F\u00eanix Pet - Ra\u00e7\u00f5es \\\/ Medicamentos Pet \\\/ Cl\u00ednica Veterin\u00e1ria \\\/ Banho e Tosa \\\/ Cachorro \\\/\u00a0Gato\u00a0\\\/\u00a0P\u00e1ssaros\",\"publisher\":{\"@id\":\"https:\\\/\\\/agropecuariafenix.com.br\\\/#organization\"},\"alternateName\":\"Agropecu\u00e1ria Fenix\",\"potentialAction\":[{\"@type\":\"SearchAction\",\"target\":{\"@type\":\"EntryPoint\",\"urlTemplate\":\"https:\\\/\\\/agropecuariafenix.com.br\\\/?s={search_term_string}\"},\"query-input\":{\"@type\":\"PropertyValueSpecification\",\"valueRequired\":true,\"valueName\":\"search_term_string\"}}],\"inLanguage\":\"pt-BR\"},{\"@type\":\"Organization\",\"@id\":\"https:\\\/\\\/agropecuariafenix.com.br\\\/#organization\",\"name\":\"Agropecu\u00e1ria Fenix\",\"alternateName\":\"Agropecu\u00e1ria Fenix\",\"url\":\"https:\\\/\\\/agropecuariafenix.com.br\\\/\",\"logo\":{\"@type\":\"ImageObject\",\"inLanguage\":\"pt-BR\",\"@id\":\"https:\\\/\\\/agropecuariafenix.com.br\\\/#\\\/schema\\\/logo\\\/image\\\/\",\"url\":\"https:\\\/\\\/agropecuariafenix.com.br\\\/wp-content\\\/uploads\\\/2023\\\/08\\\/logo_fenix3-Copy.png\",\"contentUrl\":\"https:\\\/\\\/agropecuariafenix.com.br\\\/wp-content\\\/uploads\\\/2023\\\/08\\\/logo_fenix3-Copy.png\",\"width\":500,\"height\":500,\"caption\":\"Agropecu\u00e1ria Fenix\"},\"image\":{\"@id\":\"https:\\\/\\\/agropecuariafenix.com.br\\\/#\\\/schema\\\/logo\\\/image\\\/\"},\"sameAs\":[\"https:\\\/\\\/web.facebook.com\\\/agropecuariafenixjau\",\"https:\\\/\\\/www.instagram.com\\\/agropecuaria_fenix_jau\\\/\"]}]}<\/script>\n<!-- \/ Yoast SEO plugin. -->","yoast_head_json":{"title":"Vet Life C\u00e3es Renal Mini 10Kg - Agropecu\u00e1ria Fenix","robots":{"index":"index","follow":"follow","max-snippet":"max-snippet:-1","max-image-preview":"max-image-preview:large","max-video-preview":"max-video-preview:-1"},"canonical":"https:\/\/agropecuariafenix.com.br\/index.php\/produto\/vet-life-caes-renal-mini-10kg-2\/","og_locale":"pt_BR","og_type":"article","og_title":"Vet Life C\u00e3es Renal Mini 10Kg - Agropecu\u00e1ria Fenix","og_description":"Baixo \u00edndice glic\u00eamico; Para c\u00e3es de porte pequeno ou miniatura; Indicado para c\u00e3es com problemas renais; Formulada sem ingredientes transg\u00eanicos; Primeira linha Vet Diet totalmente Natural.","og_url":"https:\/\/agropecuariafenix.com.br\/index.php\/produto\/vet-life-caes-renal-mini-10kg-2\/","og_site_name":"Agropecu\u00e1ria Fenix","article_publisher":"https:\/\/web.facebook.com\/agropecuariafenixjau","article_modified_time":"2023-11-04T18:47:03+00:00","og_image":[{"width":900,"height":953,"url":"https:\/\/agropecuariafenix.com.br\/wp-content\/uploads\/2023\/08\/Vet-Life-Ces-Renal-Mini-10Kg-1776204526.jpg","type":"image\/jpeg"}],"twitter_card":"summary_large_image","twitter_misc":{"Est. tempo de leitura":"3 minutos"},"schema":{"@context":"https:\/\/schema.org","@graph":[{"@type":"WebPage","@id":"https:\/\/agropecuariafenix.com.br\/index.php\/produto\/vet-life-caes-renal-mini-10kg-2\/","url":"https:\/\/agropecuariafenix.com.br\/index.php\/produto\/vet-life-caes-renal-mini-10kg-2\/","name":"Vet Life C\u00e3es Renal Mini 10Kg - Agropecu\u00e1ria Fenix","isPartOf":{"@id":"https:\/\/agropecuariafenix.com.br\/#website"},"primaryImageOfPage":{"@id":"https:\/\/agropecuariafenix.com.br\/index.php\/produto\/vet-life-caes-renal-mini-10kg-2\/#primaryimage"},"image":{"@id":"https:\/\/agropecuariafenix.com.br\/index.php\/produto\/vet-life-caes-renal-mini-10kg-2\/#primaryimage"},"thumbnailUrl":"https:\/\/agropecuariafenix.com.br\/wp-content\/uploads\/2023\/08\/Vet-Life-Ces-Renal-Mini-10Kg-1776204526.jpg","datePublished":"2023-08-02T20:03:00+00:00","dateModified":"2023-11-04T18:47:03+00:00","breadcrumb":{"@id":"https:\/\/agropecuariafenix.com.br\/index.php\/produto\/vet-life-caes-renal-mini-10kg-2\/#breadcrumb"},"inLanguage":"pt-BR","potentialAction":[{"@type":"ReadAction","target":["https:\/\/agropecuariafenix.com.br\/index.php\/produto\/vet-life-caes-renal-mini-10kg-2\/"]}]},{"@type":"ImageObject","inLanguage":"pt-BR","@id":"https:\/\/agropecuariafenix.com.br\/index.php\/produto\/vet-life-caes-renal-mini-10kg-2\/#primaryimage","url":"https:\/\/agropecuariafenix.com.br\/wp-content\/uploads\/2023\/08\/Vet-Life-Ces-Renal-Mini-10Kg-1776204526.jpg","contentUrl":"https:\/\/agropecuariafenix.com.br\/wp-content\/uploads\/2023\/08\/Vet-Life-Ces-Renal-Mini-10Kg-1776204526.jpg","width":900,"height":953,"caption":"Vet Life C\u00e3es Renal Mini 10Kg"},{"@type":"BreadcrumbList","@id":"https:\/\/agropecuariafenix.com.br\/index.php\/produto\/vet-life-caes-renal-mini-10kg-2\/#breadcrumb","itemListElement":[{"@type":"ListItem","position":1,"name":"In\u00edcio","item":"https:\/\/agropecuariafenix.com.br\/"},{"@type":"ListItem","position":2,"name":"Todos os produtos","item":"https:\/\/agropecuariafenix.com.br\/index.php\/loja\/"},{"@type":"ListItem","position":3,"name":"Vet Life C\u00e3es Renal Mini 10Kg"}]},{"@type":"WebSite","@id":"https:\/\/agropecuariafenix.com.br\/#website","url":"https:\/\/agropecuariafenix.com.br\/","name":"Agropecu\u00e1ria Fenix","description":"Agropecu\u00e1ria F\u00eanix Pet - Ra\u00e7\u00f5es \/ Medicamentos Pet \/ Cl\u00ednica Veterin\u00e1ria \/ Banho e Tosa \/ Cachorro \/\u00a0Gato\u00a0\/\u00a0P\u00e1ssaros","publisher":{"@id":"https:\/\/agropecuariafenix.com.br\/#organization"},"alternateName":"Agropecu\u00e1ria Fenix","potentialAction":[{"@type":"SearchAction","target":{"@type":"EntryPoint","urlTemplate":"https:\/\/agropecuariafenix.com.br\/?s={search_term_string}"},"query-input":{"@type":"PropertyValueSpecification","valueRequired":true,"valueName":"search_term_string"}}],"inLanguage":"pt-BR"},{"@type":"Organization","@id":"https:\/\/agropecuariafenix.com.br\/#organization","name":"Agropecu\u00e1ria Fenix","alternateName":"Agropecu\u00e1ria Fenix","url":"https:\/\/agropecuariafenix.com.br\/","logo":{"@type":"ImageObject","inLanguage":"pt-BR","@id":"https:\/\/agropecuariafenix.com.br\/#\/schema\/logo\/image\/","url":"https:\/\/agropecuariafenix.com.br\/wp-content\/uploads\/2023\/08\/logo_fenix3-Copy.png","contentUrl":"https:\/\/agropecuariafenix.com.br\/wp-content\/uploads\/2023\/08\/logo_fenix3-Copy.png","width":500,"height":500,"caption":"Agropecu\u00e1ria Fenix"},"image":{"@id":"https:\/\/agropecuariafenix.com.br\/#\/schema\/logo\/image\/"},"sameAs":["https:\/\/web.facebook.com\/agropecuariafenixjau","https:\/\/www.instagram.com\/agropecuaria_fenix_jau\/"]}]}},"_links":{"self":[{"href":"https:\/\/agropecuariafenix.com.br\/index.php\/wp-json\/wp\/v2\/product\/26436","targetHints":{"allow":["GET"]}}],"collection":[{"href":"https:\/\/agropecuariafenix.com.br\/index.php\/wp-json\/wp\/v2\/product"}],"about":[{"href":"https:\/\/agropecuariafenix.com.br\/index.php\/wp-json\/wp\/v2\/types\/product"}],"replies":[{"embeddable":true,"href":"https:\/\/agropecuariafenix.com.br\/index.php\/wp-json\/wp\/v2\/comments?post=26436"}],"version-history":[{"count":2,"href":"https:\/\/agropecuariafenix.com.br\/index.php\/wp-json\/wp\/v2\/product\/26436\/revisions"}],"predecessor-version":[{"id":26470,"href":"https:\/\/agropecuariafenix.com.br\/index.php\/wp-json\/wp\/v2\/product\/26436\/revisions\/26470"}],"wp:featuredmedia":[{"embeddable":true,"href":"https:\/\/agropecuariafenix.com.br\/index.php\/wp-json\/wp\/v2\/media\/26437"}],"wp:attachment":[{"href":"https:\/\/agropecuariafenix.com.br\/index.php\/wp-json\/wp\/v2\/media?parent=26436"}],"wp:term":[{"taxonomy":"product_brand","embeddable":true,"href":"https:\/\/agropecuariafenix.com.br\/index.php\/wp-json\/wp\/v2\/product_brand?post=26436"},{"taxonomy":"product_cat","embeddable":true,"href":"https:\/\/agropecuariafenix.com.br\/index.php\/wp-json\/wp\/v2\/product_cat?post=26436"},{"taxonomy":"product_tag","embeddable":true,"href":"https:\/\/agropecuariafenix.com.br\/index.php\/wp-json\/wp\/v2\/product_tag?post=26436"}],"curies":[{"name":"wp","href":"https:\/\/api.w.org\/{rel}","templated":true}]}}