{"id":26426,"date":"2023-08-02T16:09:22","date_gmt":"2023-08-02T19:09:22","guid":{"rendered":"https:\/\/agropecuariafenix.com.br\/index.php\/produto\/vet-life-caes-renal-2kg\/"},"modified":"2023-09-21T15:46:52","modified_gmt":"2023-09-21T18:46:52","slug":"vet-life-caes-renal-2kg","status":"publish","type":"product","link":"https:\/\/agropecuariafenix.com.br\/index.php\/produto\/vet-life-caes-renal-2kg\/","title":{"rendered":"Vet Life C\u00e3es Renal 2Kg"},"content":{"rendered":"<p>A Ra\u00e7\u00e3o Vet Life Renal \u00e9 um alimento especial criado para garantir os nutrientes necess\u00e1rios para c\u00e3es que sofrem de insufici\u00eancia renal cr\u00f4nica e aguda. E o melhor de tudo, \u00e9 indicada para animais de estima\u00e7\u00e3o adultos de todos os portes e ra\u00e7as.<\/p>\n<p>Para que serve a ra\u00e7\u00e3o Vet Life renal?<\/p>\n<p>A Ra\u00e7\u00e3o Vet Life Renal tem como diferencial a sua composi\u00e7\u00e3o com n\u00edveis reduzidos de prote\u00ednas, f\u00f3sforo e s\u00f3dio. \u00c9 ideal para reduzir sintomas e complica\u00e7\u00f5es relacionadas \u00e0 insufici\u00eancia renal cr\u00f4nica ou aguda no organismo do pet, al\u00e9m de contribuir para o controle de hipertens\u00e3o arterial sist\u00eamica.<\/p>\n<p>Tratamento com ra\u00e7\u00e3o Vet Life renal<\/p>\n<p>O per\u00edodo de tratamento com a ra\u00e7\u00e3o medicamentosa Vet Life renal varia de acordo com a gravidade da doen\u00e7a do c\u00e3o. Em caso de insufici\u00eancia renal aguda, o recomendado \u00e9 administrar o alimento por um per\u00edodo de 2 a 4 semanas. Para pets com insufici\u00eancia renal cr\u00f4nica, o uso deve ocorrer durante toda a vida do cachorro.<\/p>\n<p>Ra\u00e7\u00e3o Vet Life Renal: contraindica\u00e7\u00f5es<\/p>\n<p>A Ra\u00e7\u00e3o Vet Life Renal n\u00e3o \u00e9 um alimento indicado para cachorro filhote, cadelas em per\u00edodo de gesta\u00e7\u00e3o e amamenta\u00e7\u00e3o ou c\u00e3es saud\u00e1veis. Por isso, o recomendado \u00e9 buscar a orienta\u00e7\u00e3o de um m\u00e9dico-veterin\u00e1rio de confian\u00e7a antes de inserir a ra\u00e7\u00e3o na dieta do seu animal de estima\u00e7\u00e3o.<\/p>\n<p>Ra\u00e7\u00e3o Vet Life Renal: composi\u00e7\u00e3o b\u00e1sica<\/p>\n<p>A Ra\u00e7\u00e3o Vet Life Renal cont\u00e9m os seguintes ingredientes:Quirera de arroz, ovo em p\u00f3, gordura de frango, \u00f3leo de peixe refinado, semente de linha\u00e7a, L-carnitina, L-lisina, DL-metionina, triptofano, taurina, parede celular de levedura (mannan-oligossacar\u00eddeos), fruto-oligossacar\u00eddeos, beta caroteno, hidrolisado de f\u00edgado su\u00edno, vitaminas (A, D3, E, K3, B1, B2, B6, B12, C, H, PP, \u00e1cido pantot\u00eanico, \u00e1cido f\u00f3lico, cloreto de colina), carbonato de c\u00e1lcio, citrato de pot\u00e1ssio, cloreto de pot\u00e1ssio, transquelato de ferro, transquelato de cobre, transquelato de zinco, transquelato de mangan\u00eas, transquelato de sel\u00eanio, iodato de c\u00e1lcio, propionato de c\u00e1lcio, concentrado de tocofer\u00f3is.<\/p>\n<p>Enriquecimento por kg<\/p>\n<p>Vitamina A 26.600UI; vitamina D3 900UI; vitamina E 1.200UI; vitamina K3 1,52mg; vitamina B1 4,56mg; vitamina B2 7,6mg; vitamina B6 6,08mg; vitamina B12 60,8mcg; vitamina C 152mg; vitamina H 0,38mg; vitamina PP 38mg; \u00e1cido pantot\u00eanico 15,2mg; \u00e1cido f\u00f3lico 0,456mg; colina 2.000mg; ferro 100mg; cobre 15mg; zinco 180mg; mangan\u00eas 60mg; sel\u00eanio 0,2mg; iodo 2mg.<\/p>\n<p>Niveis de garantia<\/p>\n<p>Umidade (m\u00e1x.)\t90g\/kg (9%)<br \/>\nProte\u00edna Bruta (m\u00edn.)\t133g\/kg (13,3%)<br \/>\nExtrato Et\u00e9reo (m\u00edn.)\t170g\/kg (17%)<br \/>\nMat\u00e9ria Fibrosa (m\u00e1x.)\t16g\/kg (1,6%)<br \/>\nMat\u00e9ria Mineral (m\u00e1x.)\t46g\/kg (4,6%)<br \/>\nC\u00e1lcio (m\u00edn.)\t4.000mg\/kg (0,4%)<br \/>\nC\u00e1lcio (m\u00e1x.)\t8.000mg\/kg (0,8%)<br \/>\nF\u00f3sforo (m\u00edn.)\t1.600mg\/kg (0,16%)<br \/>\nS\u00f3dio (m\u00edn.)\t1.500mg\/kg<br \/>\nPot\u00e1ssio (m\u00edn.)\t5.000mg\/kg<br \/>\nL-Carnitina (m\u00edn.)\t200mg\/kg<br \/>\nL-Lisina (m\u00edn.)\t4.600mg\/kg<br \/>\nDL-Metionina (m\u00edn.)\t3.000mg\/kg<br \/>\nTriptofano (m\u00edn.)\t1.700mg\/kg<br \/>\nTaurina (m\u00edn.)\t1.000mg\/kg<br \/>\nMannan-Oligossacar\u00eddeos (m\u00edn.)\t240mg\/kg<br \/>\nFruto-Oligossacar\u00eddeos (m\u00edn.)\t3.000mg\/kg<br \/>\nBeta caroteno (m\u00edn.)\t1,6mg\/kg<br \/>\n\u00d4mega 3 (m\u00edn.)\t6.000mg\/kg<br \/>\n\u00c1cido Eicosapentaenoico (EPA) (m\u00edn.)\t2.500mg\/kg<br \/>\n\u00c1cido Docosahexaenoico (DHA) (m\u00edn.)\t2.000mg\/kg<\/p>\n","protected":false},"excerpt":{"rendered":"<p>Auxiliar na recupera\u00e7\u00e3o de c\u00e3es adultos com insufici\u00eancia renal cr\u00f4nica ou aguda com insufici\u00eancia card\u00edaca inicial;<br \/>\nSem ingredientes transg\u00eanicos;<br \/>\nCom Antioxidantes naturais;<br \/>\nPrimeira ra\u00e7\u00e3o natural para dietas especiais;<br \/>\nN\u00e3o substitui o tratamento convencional.<\/p>\n","protected":false},"featured_media":26427,"comment_status":"open","ping_status":"closed","template":"","meta":[],"product_brand":[],"product_cat":[696],"product_tag":[700],"class_list":{"0":"post-26426","1":"product","2":"type-product","3":"status-publish","4":"has-post-thumbnail","6":"product_cat-racao-medicamentosa","7":"product_tag-2kg","9":"first","10":"instock","11":"shipping-taxable","12":"purchasable","13":"product-type-simple"},"yoast_head":"<!-- This site is optimized with the Yoast SEO plugin v27.6 - https:\/\/yoast.com\/product\/yoast-seo-wordpress\/ -->\n<title>Vet Life C\u00e3es Renal 2Kg - Agropecu\u00e1ria Fenix<\/title>\n<meta name=\"robots\" content=\"index, follow, max-snippet:-1, max-image-preview:large, max-video-preview:-1\" \/>\n<link rel=\"canonical\" href=\"https:\/\/agropecuariafenix.com.br\/index.php\/produto\/vet-life-caes-renal-2kg\/\" \/>\n<meta property=\"og:locale\" content=\"pt_BR\" \/>\n<meta property=\"og:type\" content=\"article\" \/>\n<meta property=\"og:title\" content=\"Vet Life C\u00e3es Renal 2Kg - Agropecu\u00e1ria Fenix\" \/>\n<meta property=\"og:description\" content=\"Auxiliar na recupera\u00e7\u00e3o de c\u00e3es adultos com insufici\u00eancia renal cr\u00f4nica ou aguda com insufici\u00eancia card\u00edaca inicial; Sem ingredientes transg\u00eanicos; Com Antioxidantes naturais; Primeira ra\u00e7\u00e3o natural para dietas especiais; N\u00e3o substitui o tratamento convencional.\" \/>\n<meta property=\"og:url\" content=\"https:\/\/agropecuariafenix.com.br\/index.php\/produto\/vet-life-caes-renal-2kg\/\" \/>\n<meta property=\"og:site_name\" content=\"Agropecu\u00e1ria Fenix\" \/>\n<meta property=\"article:publisher\" content=\"https:\/\/web.facebook.com\/agropecuariafenixjau\" \/>\n<meta property=\"article:modified_time\" content=\"2023-09-21T18:46:52+00:00\" \/>\n<meta property=\"og:image\" content=\"https:\/\/agropecuariafenix.com.br\/wp-content\/uploads\/2023\/08\/Vet-Life-Ces-Renal-2Kg-1657560950.jpg\" \/>\n\t<meta property=\"og:image:width\" content=\"1000\" \/>\n\t<meta property=\"og:image:height\" content=\"1000\" \/>\n\t<meta property=\"og:image:type\" content=\"image\/jpeg\" \/>\n<meta name=\"twitter:card\" content=\"summary_large_image\" \/>\n<meta name=\"twitter:label1\" content=\"Est. tempo de leitura\" \/>\n\t<meta name=\"twitter:data1\" content=\"3 minutos\" \/>\n<script type=\"application\/ld+json\" class=\"yoast-schema-graph\">{\"@context\":\"https:\\\/\\\/schema.org\",\"@graph\":[{\"@type\":\"WebPage\",\"@id\":\"https:\\\/\\\/agropecuariafenix.com.br\\\/index.php\\\/produto\\\/vet-life-caes-renal-2kg\\\/\",\"url\":\"https:\\\/\\\/agropecuariafenix.com.br\\\/index.php\\\/produto\\\/vet-life-caes-renal-2kg\\\/\",\"name\":\"Vet Life C\u00e3es Renal 2Kg - Agropecu\u00e1ria Fenix\",\"isPartOf\":{\"@id\":\"https:\\\/\\\/agropecuariafenix.com.br\\\/#website\"},\"primaryImageOfPage\":{\"@id\":\"https:\\\/\\\/agropecuariafenix.com.br\\\/index.php\\\/produto\\\/vet-life-caes-renal-2kg\\\/#primaryimage\"},\"image\":{\"@id\":\"https:\\\/\\\/agropecuariafenix.com.br\\\/index.php\\\/produto\\\/vet-life-caes-renal-2kg\\\/#primaryimage\"},\"thumbnailUrl\":\"https:\\\/\\\/agropecuariafenix.com.br\\\/wp-content\\\/uploads\\\/2023\\\/08\\\/Vet-Life-Ces-Renal-2Kg-1657560950.jpg\",\"datePublished\":\"2023-08-02T19:09:22+00:00\",\"dateModified\":\"2023-09-21T18:46:52+00:00\",\"breadcrumb\":{\"@id\":\"https:\\\/\\\/agropecuariafenix.com.br\\\/index.php\\\/produto\\\/vet-life-caes-renal-2kg\\\/#breadcrumb\"},\"inLanguage\":\"pt-BR\",\"potentialAction\":[{\"@type\":\"ReadAction\",\"target\":[\"https:\\\/\\\/agropecuariafenix.com.br\\\/index.php\\\/produto\\\/vet-life-caes-renal-2kg\\\/\"]}]},{\"@type\":\"ImageObject\",\"inLanguage\":\"pt-BR\",\"@id\":\"https:\\\/\\\/agropecuariafenix.com.br\\\/index.php\\\/produto\\\/vet-life-caes-renal-2kg\\\/#primaryimage\",\"url\":\"https:\\\/\\\/agropecuariafenix.com.br\\\/wp-content\\\/uploads\\\/2023\\\/08\\\/Vet-Life-Ces-Renal-2Kg-1657560950.jpg\",\"contentUrl\":\"https:\\\/\\\/agropecuariafenix.com.br\\\/wp-content\\\/uploads\\\/2023\\\/08\\\/Vet-Life-Ces-Renal-2Kg-1657560950.jpg\",\"width\":1000,\"height\":1000,\"caption\":\"Vet Life C\u00e3es Renal 2Kg\"},{\"@type\":\"BreadcrumbList\",\"@id\":\"https:\\\/\\\/agropecuariafenix.com.br\\\/index.php\\\/produto\\\/vet-life-caes-renal-2kg\\\/#breadcrumb\",\"itemListElement\":[{\"@type\":\"ListItem\",\"position\":1,\"name\":\"In\u00edcio\",\"item\":\"https:\\\/\\\/agropecuariafenix.com.br\\\/\"},{\"@type\":\"ListItem\",\"position\":2,\"name\":\"Todos os produtos\",\"item\":\"https:\\\/\\\/agropecuariafenix.com.br\\\/index.php\\\/loja\\\/\"},{\"@type\":\"ListItem\",\"position\":3,\"name\":\"Vet Life C\u00e3es Renal 2Kg\"}]},{\"@type\":\"WebSite\",\"@id\":\"https:\\\/\\\/agropecuariafenix.com.br\\\/#website\",\"url\":\"https:\\\/\\\/agropecuariafenix.com.br\\\/\",\"name\":\"Agropecu\u00e1ria Fenix\",\"description\":\"Agropecu\u00e1ria F\u00eanix Pet - Ra\u00e7\u00f5es \\\/ Medicamentos Pet \\\/ Cl\u00ednica Veterin\u00e1ria \\\/ Banho e Tosa \\\/ Cachorro \\\/\u00a0Gato\u00a0\\\/\u00a0P\u00e1ssaros\",\"publisher\":{\"@id\":\"https:\\\/\\\/agropecuariafenix.com.br\\\/#organization\"},\"alternateName\":\"Agropecu\u00e1ria Fenix\",\"potentialAction\":[{\"@type\":\"SearchAction\",\"target\":{\"@type\":\"EntryPoint\",\"urlTemplate\":\"https:\\\/\\\/agropecuariafenix.com.br\\\/?s={search_term_string}\"},\"query-input\":{\"@type\":\"PropertyValueSpecification\",\"valueRequired\":true,\"valueName\":\"search_term_string\"}}],\"inLanguage\":\"pt-BR\"},{\"@type\":\"Organization\",\"@id\":\"https:\\\/\\\/agropecuariafenix.com.br\\\/#organization\",\"name\":\"Agropecu\u00e1ria Fenix\",\"alternateName\":\"Agropecu\u00e1ria Fenix\",\"url\":\"https:\\\/\\\/agropecuariafenix.com.br\\\/\",\"logo\":{\"@type\":\"ImageObject\",\"inLanguage\":\"pt-BR\",\"@id\":\"https:\\\/\\\/agropecuariafenix.com.br\\\/#\\\/schema\\\/logo\\\/image\\\/\",\"url\":\"https:\\\/\\\/agropecuariafenix.com.br\\\/wp-content\\\/uploads\\\/2023\\\/08\\\/logo_fenix3-Copy.png\",\"contentUrl\":\"https:\\\/\\\/agropecuariafenix.com.br\\\/wp-content\\\/uploads\\\/2023\\\/08\\\/logo_fenix3-Copy.png\",\"width\":500,\"height\":500,\"caption\":\"Agropecu\u00e1ria Fenix\"},\"image\":{\"@id\":\"https:\\\/\\\/agropecuariafenix.com.br\\\/#\\\/schema\\\/logo\\\/image\\\/\"},\"sameAs\":[\"https:\\\/\\\/web.facebook.com\\\/agropecuariafenixjau\",\"https:\\\/\\\/www.instagram.com\\\/agropecuaria_fenix_jau\\\/\"]}]}<\/script>\n<!-- \/ Yoast SEO plugin. -->","yoast_head_json":{"title":"Vet Life C\u00e3es Renal 2Kg - Agropecu\u00e1ria Fenix","robots":{"index":"index","follow":"follow","max-snippet":"max-snippet:-1","max-image-preview":"max-image-preview:large","max-video-preview":"max-video-preview:-1"},"canonical":"https:\/\/agropecuariafenix.com.br\/index.php\/produto\/vet-life-caes-renal-2kg\/","og_locale":"pt_BR","og_type":"article","og_title":"Vet Life C\u00e3es Renal 2Kg - Agropecu\u00e1ria Fenix","og_description":"Auxiliar na recupera\u00e7\u00e3o de c\u00e3es adultos com insufici\u00eancia renal cr\u00f4nica ou aguda com insufici\u00eancia card\u00edaca inicial; Sem ingredientes transg\u00eanicos; Com Antioxidantes naturais; Primeira ra\u00e7\u00e3o natural para dietas especiais; N\u00e3o substitui o tratamento convencional.","og_url":"https:\/\/agropecuariafenix.com.br\/index.php\/produto\/vet-life-caes-renal-2kg\/","og_site_name":"Agropecu\u00e1ria Fenix","article_publisher":"https:\/\/web.facebook.com\/agropecuariafenixjau","article_modified_time":"2023-09-21T18:46:52+00:00","og_image":[{"width":1000,"height":1000,"url":"https:\/\/agropecuariafenix.com.br\/wp-content\/uploads\/2023\/08\/Vet-Life-Ces-Renal-2Kg-1657560950.jpg","type":"image\/jpeg"}],"twitter_card":"summary_large_image","twitter_misc":{"Est. tempo de leitura":"3 minutos"},"schema":{"@context":"https:\/\/schema.org","@graph":[{"@type":"WebPage","@id":"https:\/\/agropecuariafenix.com.br\/index.php\/produto\/vet-life-caes-renal-2kg\/","url":"https:\/\/agropecuariafenix.com.br\/index.php\/produto\/vet-life-caes-renal-2kg\/","name":"Vet Life C\u00e3es Renal 2Kg - Agropecu\u00e1ria Fenix","isPartOf":{"@id":"https:\/\/agropecuariafenix.com.br\/#website"},"primaryImageOfPage":{"@id":"https:\/\/agropecuariafenix.com.br\/index.php\/produto\/vet-life-caes-renal-2kg\/#primaryimage"},"image":{"@id":"https:\/\/agropecuariafenix.com.br\/index.php\/produto\/vet-life-caes-renal-2kg\/#primaryimage"},"thumbnailUrl":"https:\/\/agropecuariafenix.com.br\/wp-content\/uploads\/2023\/08\/Vet-Life-Ces-Renal-2Kg-1657560950.jpg","datePublished":"2023-08-02T19:09:22+00:00","dateModified":"2023-09-21T18:46:52+00:00","breadcrumb":{"@id":"https:\/\/agropecuariafenix.com.br\/index.php\/produto\/vet-life-caes-renal-2kg\/#breadcrumb"},"inLanguage":"pt-BR","potentialAction":[{"@type":"ReadAction","target":["https:\/\/agropecuariafenix.com.br\/index.php\/produto\/vet-life-caes-renal-2kg\/"]}]},{"@type":"ImageObject","inLanguage":"pt-BR","@id":"https:\/\/agropecuariafenix.com.br\/index.php\/produto\/vet-life-caes-renal-2kg\/#primaryimage","url":"https:\/\/agropecuariafenix.com.br\/wp-content\/uploads\/2023\/08\/Vet-Life-Ces-Renal-2Kg-1657560950.jpg","contentUrl":"https:\/\/agropecuariafenix.com.br\/wp-content\/uploads\/2023\/08\/Vet-Life-Ces-Renal-2Kg-1657560950.jpg","width":1000,"height":1000,"caption":"Vet Life C\u00e3es Renal 2Kg"},{"@type":"BreadcrumbList","@id":"https:\/\/agropecuariafenix.com.br\/index.php\/produto\/vet-life-caes-renal-2kg\/#breadcrumb","itemListElement":[{"@type":"ListItem","position":1,"name":"In\u00edcio","item":"https:\/\/agropecuariafenix.com.br\/"},{"@type":"ListItem","position":2,"name":"Todos os produtos","item":"https:\/\/agropecuariafenix.com.br\/index.php\/loja\/"},{"@type":"ListItem","position":3,"name":"Vet Life C\u00e3es Renal 2Kg"}]},{"@type":"WebSite","@id":"https:\/\/agropecuariafenix.com.br\/#website","url":"https:\/\/agropecuariafenix.com.br\/","name":"Agropecu\u00e1ria Fenix","description":"Agropecu\u00e1ria F\u00eanix Pet - Ra\u00e7\u00f5es \/ Medicamentos Pet \/ Cl\u00ednica Veterin\u00e1ria \/ Banho e Tosa \/ Cachorro \/\u00a0Gato\u00a0\/\u00a0P\u00e1ssaros","publisher":{"@id":"https:\/\/agropecuariafenix.com.br\/#organization"},"alternateName":"Agropecu\u00e1ria Fenix","potentialAction":[{"@type":"SearchAction","target":{"@type":"EntryPoint","urlTemplate":"https:\/\/agropecuariafenix.com.br\/?s={search_term_string}"},"query-input":{"@type":"PropertyValueSpecification","valueRequired":true,"valueName":"search_term_string"}}],"inLanguage":"pt-BR"},{"@type":"Organization","@id":"https:\/\/agropecuariafenix.com.br\/#organization","name":"Agropecu\u00e1ria Fenix","alternateName":"Agropecu\u00e1ria Fenix","url":"https:\/\/agropecuariafenix.com.br\/","logo":{"@type":"ImageObject","inLanguage":"pt-BR","@id":"https:\/\/agropecuariafenix.com.br\/#\/schema\/logo\/image\/","url":"https:\/\/agropecuariafenix.com.br\/wp-content\/uploads\/2023\/08\/logo_fenix3-Copy.png","contentUrl":"https:\/\/agropecuariafenix.com.br\/wp-content\/uploads\/2023\/08\/logo_fenix3-Copy.png","width":500,"height":500,"caption":"Agropecu\u00e1ria Fenix"},"image":{"@id":"https:\/\/agropecuariafenix.com.br\/#\/schema\/logo\/image\/"},"sameAs":["https:\/\/web.facebook.com\/agropecuariafenixjau","https:\/\/www.instagram.com\/agropecuaria_fenix_jau\/"]}]}},"_links":{"self":[{"href":"https:\/\/agropecuariafenix.com.br\/index.php\/wp-json\/wp\/v2\/product\/26426","targetHints":{"allow":["GET"]}}],"collection":[{"href":"https:\/\/agropecuariafenix.com.br\/index.php\/wp-json\/wp\/v2\/product"}],"about":[{"href":"https:\/\/agropecuariafenix.com.br\/index.php\/wp-json\/wp\/v2\/types\/product"}],"replies":[{"embeddable":true,"href":"https:\/\/agropecuariafenix.com.br\/index.php\/wp-json\/wp\/v2\/comments?post=26426"}],"version-history":[{"count":2,"href":"https:\/\/agropecuariafenix.com.br\/index.php\/wp-json\/wp\/v2\/product\/26426\/revisions"}],"predecessor-version":[{"id":26429,"href":"https:\/\/agropecuariafenix.com.br\/index.php\/wp-json\/wp\/v2\/product\/26426\/revisions\/26429"}],"wp:featuredmedia":[{"embeddable":true,"href":"https:\/\/agropecuariafenix.com.br\/index.php\/wp-json\/wp\/v2\/media\/26427"}],"wp:attachment":[{"href":"https:\/\/agropecuariafenix.com.br\/index.php\/wp-json\/wp\/v2\/media?parent=26426"}],"wp:term":[{"taxonomy":"product_brand","embeddable":true,"href":"https:\/\/agropecuariafenix.com.br\/index.php\/wp-json\/wp\/v2\/product_brand?post=26426"},{"taxonomy":"product_cat","embeddable":true,"href":"https:\/\/agropecuariafenix.com.br\/index.php\/wp-json\/wp\/v2\/product_cat?post=26426"},{"taxonomy":"product_tag","embeddable":true,"href":"https:\/\/agropecuariafenix.com.br\/index.php\/wp-json\/wp\/v2\/product_tag?post=26426"}],"curies":[{"name":"wp","href":"https:\/\/api.w.org\/{rel}","templated":true}]}}