{"id":26411,"date":"2023-08-02T14:35:24","date_gmt":"2023-08-02T17:35:24","guid":{"rendered":"https:\/\/agropecuariafenix.com.br\/index.php\/produto\/lata-vet-life-gatos-convalescence-85g\/"},"modified":"2025-07-18T14:18:12","modified_gmt":"2025-07-18T17:18:12","slug":"lata-vet-life-gatos-convalescence-85g","status":"publish","type":"product","link":"https:\/\/agropecuariafenix.com.br\/index.php\/produto\/lata-vet-life-gatos-convalescence-85g\/","title":{"rendered":"Lata Vet Life Gatos Convalescence 85G"},"content":{"rendered":"<p>RESTRI\u00c7\u00d5ES E OUTRAS RECOMENDA\u00c7\u00d5ES: Vet Life Natural Diet Cat Convalescence \u00e9 contraindicado para gatos obesos, com doen\u00e7a renal cr\u00f4nica ou insufici\u00eancia hep\u00e1tica.<\/p>\n<p>Composi\u00e7\u00e3o B\u00e1sica<\/p>\n<p>Carne de frango, atum, sardinha integral, f\u00edgado de frango, prote\u00edna hidrolisada de peixe, batata doce desidratada, gema de ovo, quinoa, \u00f3leo de peixe refinado, gordura de frango, \u00f3leo de linha\u00e7a, fibra de ervilha, aditivos prebi\u00f3ticos (Inulina e MOS), celulose em p\u00f3, extrato de yucca, extrato de ch\u00e1 verde, levedura seca de cervejaria, taurina, vitaminas (A, D3, E), sulfato de glicosamina, sulfato de condroitina, ferro amino\u00e1cido quelato, quelato cobre-metionina hidroxi an\u00e1loga, quelato zinco-metionina hidroxi an\u00e1loga, quelato mangan\u00eas-metionina hidroxi an\u00e1loga, iodato de c\u00e1lcio, carbonato de c\u00e1lcio, cloreto de pot\u00e1ssio, cloreto de s\u00f3dio, sulfato de c\u00e1lcio dihidratado.<\/p>\n<p>Niveis de Garantia<\/p>\n<p>Umidade (m\u00e1x.)\t690g\/kg\t69%<br \/>\nProte\u00edna Bruta (m\u00edn.)\t140g\/kg\t14%<br \/>\nExtrato Et\u00e9reo (m\u00edn.)\t70g\/kg\t7%<br \/>\nMat\u00e9ria Fibrosa (m\u00e1x.)\t2.500mg\/kg\t0,25%<br \/>\nMat\u00e9ria Mineral (m\u00e1x.)\t30g\/kg\t3%<br \/>\nC\u00e1lcio (m\u00edn.)\t1.800mg\/kg\t0,18%<br \/>\nC\u00e1lcio (m\u00e1x.)\t3.300mg\/kg\t0,33%<br \/>\nF\u00f3sforo (m\u00edn.)\t1.400mg\/kg\t0,14%<br \/>\n\u00d4mega 3 (m\u00edn.)\t1.200mg\/kg\t0,12%<br \/>\n\u00d4mega 6 (m\u00edn)\t9.000mg\/kg\t0,90%<br \/>\nSulfato de Glicosamina (m\u00edn.)\t300mg\/kg\t0,30%<br \/>\nMannan-Oligossacar\u00eddeos (min.)\t1.000mg\/kg\t1%<br \/>\nSulfato de Condroitina (m\u00edn.)\t200mg\/kg\t0,20%<br \/>\n\u00c1cido Eicosapentaenoico (EPA) (m\u00edn.)\t400mg\/kg\t0,40%<br \/>\n\u00c1cido Docosahexaenoico (DHA) (m\u00edn.)\t500mg\/kg\t0,5%<br \/>\nTaurina (m\u00edn.)\t1.800mg\/kg\t0,18%<br \/>\nEnergia Metaboliz\u00e1vel\tKcal\/Kg 1412 &#8211; Mj\/Kg 5,91\t&#8212;<\/p>\n","protected":false},"excerpt":{"rendered":"<p>Formulada sem ingredientes transg\u00eanicos;<br \/>\nSem conservantes e aromatizantes artif\u00edciais;<br \/>\nBaixo \u00edndice glic\u00eamico;<br \/>\nLinha totalmente natural.<\/p>\n","protected":false},"featured_media":26410,"comment_status":"open","ping_status":"closed","template":"","meta":[],"product_brand":[],"product_cat":[696],"product_tag":[],"class_list":{"0":"post-26411","1":"product","2":"type-product","3":"status-publish","4":"has-post-thumbnail","6":"product_cat-racao-medicamentosa","8":"first","9":"instock","10":"shipping-taxable","11":"purchasable","12":"product-type-simple"},"yoast_head":"<!-- This site is optimized with the Yoast SEO plugin v26.1.1 - https:\/\/yoast.com\/wordpress\/plugins\/seo\/ -->\n<title>Lata Vet Life Gatos Convalescence 85G - Agropecu\u00e1ria Fenix<\/title>\n<meta name=\"robots\" content=\"index, follow, max-snippet:-1, max-image-preview:large, max-video-preview:-1\" \/>\n<link rel=\"canonical\" href=\"https:\/\/agropecuariafenix.com.br\/index.php\/produto\/lata-vet-life-gatos-convalescence-85g\/\" \/>\n<meta property=\"og:locale\" content=\"pt_BR\" \/>\n<meta property=\"og:type\" content=\"article\" \/>\n<meta property=\"og:title\" content=\"Lata Vet Life Gatos Convalescence 85G - Agropecu\u00e1ria Fenix\" \/>\n<meta property=\"og:description\" content=\"Formulada sem ingredientes transg\u00eanicos; Sem conservantes e aromatizantes artif\u00edciais; Baixo \u00edndice glic\u00eamico; Linha totalmente natural.\" \/>\n<meta property=\"og:url\" content=\"https:\/\/agropecuariafenix.com.br\/index.php\/produto\/lata-vet-life-gatos-convalescence-85g\/\" \/>\n<meta property=\"og:site_name\" content=\"Agropecu\u00e1ria Fenix\" \/>\n<meta property=\"article:publisher\" content=\"https:\/\/web.facebook.com\/agropecuariafenixjau\" \/>\n<meta property=\"article:modified_time\" content=\"2025-07-18T17:18:12+00:00\" \/>\n<meta property=\"og:image\" content=\"https:\/\/agropecuariafenix.com.br\/wp-content\/uploads\/2023\/08\/Lata-Vet-Life-Gatos-Convalescence-85G-2111957463.jpg\" \/>\n\t<meta property=\"og:image:width\" content=\"400\" \/>\n\t<meta property=\"og:image:height\" content=\"400\" \/>\n\t<meta property=\"og:image:type\" content=\"image\/jpeg\" \/>\n<meta name=\"twitter:card\" content=\"summary_large_image\" \/>\n<meta name=\"twitter:label1\" content=\"Est. tempo de leitura\" \/>\n\t<meta name=\"twitter:data1\" content=\"1 minuto\" \/>\n<script type=\"application\/ld+json\" class=\"yoast-schema-graph\">{\"@context\":\"https:\/\/schema.org\",\"@graph\":[{\"@type\":\"WebPage\",\"@id\":\"https:\/\/agropecuariafenix.com.br\/index.php\/produto\/lata-vet-life-gatos-convalescence-85g\/\",\"url\":\"https:\/\/agropecuariafenix.com.br\/index.php\/produto\/lata-vet-life-gatos-convalescence-85g\/\",\"name\":\"Lata Vet Life Gatos Convalescence 85G - Agropecu\u00e1ria Fenix\",\"isPartOf\":{\"@id\":\"https:\/\/agropecuariafenix.com.br\/#website\"},\"primaryImageOfPage\":{\"@id\":\"https:\/\/agropecuariafenix.com.br\/index.php\/produto\/lata-vet-life-gatos-convalescence-85g\/#primaryimage\"},\"image\":{\"@id\":\"https:\/\/agropecuariafenix.com.br\/index.php\/produto\/lata-vet-life-gatos-convalescence-85g\/#primaryimage\"},\"thumbnailUrl\":\"https:\/\/agropecuariafenix.com.br\/wp-content\/uploads\/2023\/08\/Lata-Vet-Life-Gatos-Convalescence-85G-2111957463.jpg\",\"datePublished\":\"2023-08-02T17:35:24+00:00\",\"dateModified\":\"2025-07-18T17:18:12+00:00\",\"breadcrumb\":{\"@id\":\"https:\/\/agropecuariafenix.com.br\/index.php\/produto\/lata-vet-life-gatos-convalescence-85g\/#breadcrumb\"},\"inLanguage\":\"pt-BR\",\"potentialAction\":[{\"@type\":\"ReadAction\",\"target\":[\"https:\/\/agropecuariafenix.com.br\/index.php\/produto\/lata-vet-life-gatos-convalescence-85g\/\"]}]},{\"@type\":\"ImageObject\",\"inLanguage\":\"pt-BR\",\"@id\":\"https:\/\/agropecuariafenix.com.br\/index.php\/produto\/lata-vet-life-gatos-convalescence-85g\/#primaryimage\",\"url\":\"https:\/\/agropecuariafenix.com.br\/wp-content\/uploads\/2023\/08\/Lata-Vet-Life-Gatos-Convalescence-85G-2111957463.jpg\",\"contentUrl\":\"https:\/\/agropecuariafenix.com.br\/wp-content\/uploads\/2023\/08\/Lata-Vet-Life-Gatos-Convalescence-85G-2111957463.jpg\",\"width\":400,\"height\":400,\"caption\":\"Lata Vet Life Gatos Convalescence 85G\"},{\"@type\":\"BreadcrumbList\",\"@id\":\"https:\/\/agropecuariafenix.com.br\/index.php\/produto\/lata-vet-life-gatos-convalescence-85g\/#breadcrumb\",\"itemListElement\":[{\"@type\":\"ListItem\",\"position\":1,\"name\":\"In\u00edcio\",\"item\":\"https:\/\/agropecuariafenix.com.br\/\"},{\"@type\":\"ListItem\",\"position\":2,\"name\":\"Todos os produtos\",\"item\":\"https:\/\/agropecuariafenix.com.br\/index.php\/loja\/\"},{\"@type\":\"ListItem\",\"position\":3,\"name\":\"Lata Vet Life Gatos Convalescence 85G\"}]},{\"@type\":\"WebSite\",\"@id\":\"https:\/\/agropecuariafenix.com.br\/#website\",\"url\":\"https:\/\/agropecuariafenix.com.br\/\",\"name\":\"Agropecu\u00e1ria Fenix\",\"description\":\"Agropecu\u00e1ria F\u00eanix Pet - Ra\u00e7\u00f5es \/ Medicamentos Pet \/ Cl\u00ednica Veterin\u00e1ria \/ Banho e Tosa \/ Cachorro \/\u00a0Gato\u00a0\/\u00a0P\u00e1ssaros\",\"publisher\":{\"@id\":\"https:\/\/agropecuariafenix.com.br\/#organization\"},\"alternateName\":\"Agropecu\u00e1ria Fenix\",\"potentialAction\":[{\"@type\":\"SearchAction\",\"target\":{\"@type\":\"EntryPoint\",\"urlTemplate\":\"https:\/\/agropecuariafenix.com.br\/?s={search_term_string}\"},\"query-input\":{\"@type\":\"PropertyValueSpecification\",\"valueRequired\":true,\"valueName\":\"search_term_string\"}}],\"inLanguage\":\"pt-BR\"},{\"@type\":\"Organization\",\"@id\":\"https:\/\/agropecuariafenix.com.br\/#organization\",\"name\":\"Agropecu\u00e1ria Fenix\",\"alternateName\":\"Agropecu\u00e1ria Fenix\",\"url\":\"https:\/\/agropecuariafenix.com.br\/\",\"logo\":{\"@type\":\"ImageObject\",\"inLanguage\":\"pt-BR\",\"@id\":\"https:\/\/agropecuariafenix.com.br\/#\/schema\/logo\/image\/\",\"url\":\"https:\/\/agropecuariafenix.com.br\/wp-content\/uploads\/2023\/08\/logo_fenix3-Copy.png\",\"contentUrl\":\"https:\/\/agropecuariafenix.com.br\/wp-content\/uploads\/2023\/08\/logo_fenix3-Copy.png\",\"width\":500,\"height\":500,\"caption\":\"Agropecu\u00e1ria Fenix\"},\"image\":{\"@id\":\"https:\/\/agropecuariafenix.com.br\/#\/schema\/logo\/image\/\"},\"sameAs\":[\"https:\/\/web.facebook.com\/agropecuariafenixjau\",\"https:\/\/www.instagram.com\/agropecuaria_fenix_jau\/\"]}]}<\/script>\n<!-- \/ Yoast SEO plugin. -->","yoast_head_json":{"title":"Lata Vet Life Gatos Convalescence 85G - Agropecu\u00e1ria Fenix","robots":{"index":"index","follow":"follow","max-snippet":"max-snippet:-1","max-image-preview":"max-image-preview:large","max-video-preview":"max-video-preview:-1"},"canonical":"https:\/\/agropecuariafenix.com.br\/index.php\/produto\/lata-vet-life-gatos-convalescence-85g\/","og_locale":"pt_BR","og_type":"article","og_title":"Lata Vet Life Gatos Convalescence 85G - Agropecu\u00e1ria Fenix","og_description":"Formulada sem ingredientes transg\u00eanicos; Sem conservantes e aromatizantes artif\u00edciais; Baixo \u00edndice glic\u00eamico; Linha totalmente natural.","og_url":"https:\/\/agropecuariafenix.com.br\/index.php\/produto\/lata-vet-life-gatos-convalescence-85g\/","og_site_name":"Agropecu\u00e1ria Fenix","article_publisher":"https:\/\/web.facebook.com\/agropecuariafenixjau","article_modified_time":"2025-07-18T17:18:12+00:00","og_image":[{"width":400,"height":400,"url":"https:\/\/agropecuariafenix.com.br\/wp-content\/uploads\/2023\/08\/Lata-Vet-Life-Gatos-Convalescence-85G-2111957463.jpg","type":"image\/jpeg"}],"twitter_card":"summary_large_image","twitter_misc":{"Est. tempo de leitura":"1 minuto"},"schema":{"@context":"https:\/\/schema.org","@graph":[{"@type":"WebPage","@id":"https:\/\/agropecuariafenix.com.br\/index.php\/produto\/lata-vet-life-gatos-convalescence-85g\/","url":"https:\/\/agropecuariafenix.com.br\/index.php\/produto\/lata-vet-life-gatos-convalescence-85g\/","name":"Lata Vet Life Gatos Convalescence 85G - Agropecu\u00e1ria Fenix","isPartOf":{"@id":"https:\/\/agropecuariafenix.com.br\/#website"},"primaryImageOfPage":{"@id":"https:\/\/agropecuariafenix.com.br\/index.php\/produto\/lata-vet-life-gatos-convalescence-85g\/#primaryimage"},"image":{"@id":"https:\/\/agropecuariafenix.com.br\/index.php\/produto\/lata-vet-life-gatos-convalescence-85g\/#primaryimage"},"thumbnailUrl":"https:\/\/agropecuariafenix.com.br\/wp-content\/uploads\/2023\/08\/Lata-Vet-Life-Gatos-Convalescence-85G-2111957463.jpg","datePublished":"2023-08-02T17:35:24+00:00","dateModified":"2025-07-18T17:18:12+00:00","breadcrumb":{"@id":"https:\/\/agropecuariafenix.com.br\/index.php\/produto\/lata-vet-life-gatos-convalescence-85g\/#breadcrumb"},"inLanguage":"pt-BR","potentialAction":[{"@type":"ReadAction","target":["https:\/\/agropecuariafenix.com.br\/index.php\/produto\/lata-vet-life-gatos-convalescence-85g\/"]}]},{"@type":"ImageObject","inLanguage":"pt-BR","@id":"https:\/\/agropecuariafenix.com.br\/index.php\/produto\/lata-vet-life-gatos-convalescence-85g\/#primaryimage","url":"https:\/\/agropecuariafenix.com.br\/wp-content\/uploads\/2023\/08\/Lata-Vet-Life-Gatos-Convalescence-85G-2111957463.jpg","contentUrl":"https:\/\/agropecuariafenix.com.br\/wp-content\/uploads\/2023\/08\/Lata-Vet-Life-Gatos-Convalescence-85G-2111957463.jpg","width":400,"height":400,"caption":"Lata Vet Life Gatos Convalescence 85G"},{"@type":"BreadcrumbList","@id":"https:\/\/agropecuariafenix.com.br\/index.php\/produto\/lata-vet-life-gatos-convalescence-85g\/#breadcrumb","itemListElement":[{"@type":"ListItem","position":1,"name":"In\u00edcio","item":"https:\/\/agropecuariafenix.com.br\/"},{"@type":"ListItem","position":2,"name":"Todos os produtos","item":"https:\/\/agropecuariafenix.com.br\/index.php\/loja\/"},{"@type":"ListItem","position":3,"name":"Lata Vet Life Gatos Convalescence 85G"}]},{"@type":"WebSite","@id":"https:\/\/agropecuariafenix.com.br\/#website","url":"https:\/\/agropecuariafenix.com.br\/","name":"Agropecu\u00e1ria Fenix","description":"Agropecu\u00e1ria F\u00eanix Pet - Ra\u00e7\u00f5es \/ Medicamentos Pet \/ Cl\u00ednica Veterin\u00e1ria \/ Banho e Tosa \/ Cachorro \/\u00a0Gato\u00a0\/\u00a0P\u00e1ssaros","publisher":{"@id":"https:\/\/agropecuariafenix.com.br\/#organization"},"alternateName":"Agropecu\u00e1ria Fenix","potentialAction":[{"@type":"SearchAction","target":{"@type":"EntryPoint","urlTemplate":"https:\/\/agropecuariafenix.com.br\/?s={search_term_string}"},"query-input":{"@type":"PropertyValueSpecification","valueRequired":true,"valueName":"search_term_string"}}],"inLanguage":"pt-BR"},{"@type":"Organization","@id":"https:\/\/agropecuariafenix.com.br\/#organization","name":"Agropecu\u00e1ria Fenix","alternateName":"Agropecu\u00e1ria Fenix","url":"https:\/\/agropecuariafenix.com.br\/","logo":{"@type":"ImageObject","inLanguage":"pt-BR","@id":"https:\/\/agropecuariafenix.com.br\/#\/schema\/logo\/image\/","url":"https:\/\/agropecuariafenix.com.br\/wp-content\/uploads\/2023\/08\/logo_fenix3-Copy.png","contentUrl":"https:\/\/agropecuariafenix.com.br\/wp-content\/uploads\/2023\/08\/logo_fenix3-Copy.png","width":500,"height":500,"caption":"Agropecu\u00e1ria Fenix"},"image":{"@id":"https:\/\/agropecuariafenix.com.br\/#\/schema\/logo\/image\/"},"sameAs":["https:\/\/web.facebook.com\/agropecuariafenixjau","https:\/\/www.instagram.com\/agropecuaria_fenix_jau\/"]}]}},"_links":{"self":[{"href":"https:\/\/agropecuariafenix.com.br\/index.php\/wp-json\/wp\/v2\/product\/26411","targetHints":{"allow":["GET"]}}],"collection":[{"href":"https:\/\/agropecuariafenix.com.br\/index.php\/wp-json\/wp\/v2\/product"}],"about":[{"href":"https:\/\/agropecuariafenix.com.br\/index.php\/wp-json\/wp\/v2\/types\/product"}],"replies":[{"embeddable":true,"href":"https:\/\/agropecuariafenix.com.br\/index.php\/wp-json\/wp\/v2\/comments?post=26411"}],"version-history":[{"count":1,"href":"https:\/\/agropecuariafenix.com.br\/index.php\/wp-json\/wp\/v2\/product\/26411\/revisions"}],"predecessor-version":[{"id":26695,"href":"https:\/\/agropecuariafenix.com.br\/index.php\/wp-json\/wp\/v2\/product\/26411\/revisions\/26695"}],"wp:featuredmedia":[{"embeddable":true,"href":"https:\/\/agropecuariafenix.com.br\/index.php\/wp-json\/wp\/v2\/media\/26410"}],"wp:attachment":[{"href":"https:\/\/agropecuariafenix.com.br\/index.php\/wp-json\/wp\/v2\/media?parent=26411"}],"wp:term":[{"taxonomy":"product_brand","embeddable":true,"href":"https:\/\/agropecuariafenix.com.br\/index.php\/wp-json\/wp\/v2\/product_brand?post=26411"},{"taxonomy":"product_cat","embeddable":true,"href":"https:\/\/agropecuariafenix.com.br\/index.php\/wp-json\/wp\/v2\/product_cat?post=26411"},{"taxonomy":"product_tag","embeddable":true,"href":"https:\/\/agropecuariafenix.com.br\/index.php\/wp-json\/wp\/v2\/product_tag?post=26411"}],"curies":[{"name":"wp","href":"https:\/\/api.w.org\/{rel}","templated":true}]}}