{"id":26402,"date":"2023-08-01T16:56:59","date_gmt":"2023-08-01T19:56:59","guid":{"rendered":"https:\/\/agropecuariafenix.com.br\/index.php\/produto\/formula-natural-biscuits-abobora-250g\/"},"modified":"2025-09-27T17:24:25","modified_gmt":"2025-09-27T20:24:25","slug":"formula-natural-biscuits-abobora-250g","status":"publish","type":"product","link":"https:\/\/agropecuariafenix.com.br\/index.php\/produto\/formula-natural-biscuits-abobora-250g\/","title":{"rendered":"Formula Natural Biscuits Abobora 250G"},"content":{"rendered":"<p>Porte<br \/>\nRa\u00e7as Minis, Ra\u00e7as Pequenas<br \/>\nIdade<br \/>\nFilhote, Adulto<br \/>\nCorante<br \/>\nSem Corante<br \/>\nSabor do Petisco<br \/>\nAb\u00f3bora, Coco, Quinoa<br \/>\nRa\u00e7as de Cachorro<br \/>\nBeagle, Boston Terrier, Chihuahua, Dachshund, Lhasa Apso, Lulu da Pomer\u00e2nia, Malt\u00eas, Pinscher, Poodle, Pug, Shih Tzu, Yorkshire Terrier<br \/>\nMarca<br \/>\nFormula Natural<\/p>\n","protected":false},"excerpt":{"rendered":"<p>Informa\u00e7\u00f5es<br \/>\nPele e pelagem mais bonita;<br \/>\nContribui para a flora intestinal saud\u00e1vel;<br \/>\nCom antioxidantes naturais;<br \/>\nLivre de corantes artificiais;<br \/>\nAuxilia na sa\u00fade oral.<\/p>\n","protected":false},"featured_media":26401,"comment_status":"open","ping_status":"closed","template":"","meta":[],"product_brand":[],"product_cat":[177],"product_tag":[501],"class_list":{"0":"post-26402","1":"product","2":"type-product","3":"status-publish","4":"has-post-thumbnail","6":"product_cat-petiscos","7":"product_tag-250g","9":"first","10":"instock","11":"shipping-taxable","12":"purchasable","13":"product-type-simple"},"yoast_head":"<!-- This site is optimized with the Yoast SEO plugin v26.1.1 - https:\/\/yoast.com\/wordpress\/plugins\/seo\/ -->\n<title>Formula Natural Biscuits Abobora 250G - Agropecu\u00e1ria Fenix<\/title>\n<meta name=\"robots\" content=\"index, follow, max-snippet:-1, max-image-preview:large, max-video-preview:-1\" \/>\n<link rel=\"canonical\" href=\"https:\/\/agropecuariafenix.com.br\/index.php\/produto\/formula-natural-biscuits-abobora-250g\/\" \/>\n<meta property=\"og:locale\" content=\"pt_BR\" \/>\n<meta property=\"og:type\" content=\"article\" \/>\n<meta property=\"og:title\" content=\"Formula Natural Biscuits Abobora 250G - Agropecu\u00e1ria Fenix\" \/>\n<meta property=\"og:description\" content=\"Informa\u00e7\u00f5es Pele e pelagem mais bonita; Contribui para a flora intestinal saud\u00e1vel; Com antioxidantes naturais; Livre de corantes artificiais; Auxilia na sa\u00fade oral.\" \/>\n<meta property=\"og:url\" content=\"https:\/\/agropecuariafenix.com.br\/index.php\/produto\/formula-natural-biscuits-abobora-250g\/\" \/>\n<meta property=\"og:site_name\" content=\"Agropecu\u00e1ria Fenix\" \/>\n<meta property=\"article:publisher\" content=\"https:\/\/web.facebook.com\/agropecuariafenixjau\" \/>\n<meta property=\"article:modified_time\" content=\"2025-09-27T20:24:25+00:00\" \/>\n<meta property=\"og:image\" content=\"https:\/\/agropecuariafenix.com.br\/wp-content\/uploads\/2023\/08\/Formula-Natural-Biscuits-Abobora-250G-2133281625.jpg\" \/>\n\t<meta property=\"og:image:width\" content=\"1000\" \/>\n\t<meta property=\"og:image:height\" content=\"1000\" \/>\n\t<meta property=\"og:image:type\" content=\"image\/jpeg\" \/>\n<meta name=\"twitter:card\" content=\"summary_large_image\" \/>\n<script type=\"application\/ld+json\" class=\"yoast-schema-graph\">{\"@context\":\"https:\/\/schema.org\",\"@graph\":[{\"@type\":\"WebPage\",\"@id\":\"https:\/\/agropecuariafenix.com.br\/index.php\/produto\/formula-natural-biscuits-abobora-250g\/\",\"url\":\"https:\/\/agropecuariafenix.com.br\/index.php\/produto\/formula-natural-biscuits-abobora-250g\/\",\"name\":\"Formula Natural Biscuits Abobora 250G - Agropecu\u00e1ria Fenix\",\"isPartOf\":{\"@id\":\"https:\/\/agropecuariafenix.com.br\/#website\"},\"primaryImageOfPage\":{\"@id\":\"https:\/\/agropecuariafenix.com.br\/index.php\/produto\/formula-natural-biscuits-abobora-250g\/#primaryimage\"},\"image\":{\"@id\":\"https:\/\/agropecuariafenix.com.br\/index.php\/produto\/formula-natural-biscuits-abobora-250g\/#primaryimage\"},\"thumbnailUrl\":\"https:\/\/agropecuariafenix.com.br\/wp-content\/uploads\/2023\/08\/Formula-Natural-Biscuits-Abobora-250G-2133281625.jpg\",\"datePublished\":\"2023-08-01T19:56:59+00:00\",\"dateModified\":\"2025-09-27T20:24:25+00:00\",\"breadcrumb\":{\"@id\":\"https:\/\/agropecuariafenix.com.br\/index.php\/produto\/formula-natural-biscuits-abobora-250g\/#breadcrumb\"},\"inLanguage\":\"pt-BR\",\"potentialAction\":[{\"@type\":\"ReadAction\",\"target\":[\"https:\/\/agropecuariafenix.com.br\/index.php\/produto\/formula-natural-biscuits-abobora-250g\/\"]}]},{\"@type\":\"ImageObject\",\"inLanguage\":\"pt-BR\",\"@id\":\"https:\/\/agropecuariafenix.com.br\/index.php\/produto\/formula-natural-biscuits-abobora-250g\/#primaryimage\",\"url\":\"https:\/\/agropecuariafenix.com.br\/wp-content\/uploads\/2023\/08\/Formula-Natural-Biscuits-Abobora-250G-2133281625.jpg\",\"contentUrl\":\"https:\/\/agropecuariafenix.com.br\/wp-content\/uploads\/2023\/08\/Formula-Natural-Biscuits-Abobora-250G-2133281625.jpg\",\"width\":1000,\"height\":1000,\"caption\":\"Formula Natural Biscuits Abobora 250G\"},{\"@type\":\"BreadcrumbList\",\"@id\":\"https:\/\/agropecuariafenix.com.br\/index.php\/produto\/formula-natural-biscuits-abobora-250g\/#breadcrumb\",\"itemListElement\":[{\"@type\":\"ListItem\",\"position\":1,\"name\":\"In\u00edcio\",\"item\":\"https:\/\/agropecuariafenix.com.br\/\"},{\"@type\":\"ListItem\",\"position\":2,\"name\":\"Todos os produtos\",\"item\":\"https:\/\/agropecuariafenix.com.br\/index.php\/loja\/\"},{\"@type\":\"ListItem\",\"position\":3,\"name\":\"Formula Natural Biscuits Abobora 250G\"}]},{\"@type\":\"WebSite\",\"@id\":\"https:\/\/agropecuariafenix.com.br\/#website\",\"url\":\"https:\/\/agropecuariafenix.com.br\/\",\"name\":\"Agropecu\u00e1ria Fenix\",\"description\":\"Agropecu\u00e1ria F\u00eanix Pet - Ra\u00e7\u00f5es \/ Medicamentos Pet \/ Cl\u00ednica Veterin\u00e1ria \/ Banho e Tosa \/ Cachorro \/\u00a0Gato\u00a0\/\u00a0P\u00e1ssaros\",\"publisher\":{\"@id\":\"https:\/\/agropecuariafenix.com.br\/#organization\"},\"alternateName\":\"Agropecu\u00e1ria Fenix\",\"potentialAction\":[{\"@type\":\"SearchAction\",\"target\":{\"@type\":\"EntryPoint\",\"urlTemplate\":\"https:\/\/agropecuariafenix.com.br\/?s={search_term_string}\"},\"query-input\":{\"@type\":\"PropertyValueSpecification\",\"valueRequired\":true,\"valueName\":\"search_term_string\"}}],\"inLanguage\":\"pt-BR\"},{\"@type\":\"Organization\",\"@id\":\"https:\/\/agropecuariafenix.com.br\/#organization\",\"name\":\"Agropecu\u00e1ria Fenix\",\"alternateName\":\"Agropecu\u00e1ria Fenix\",\"url\":\"https:\/\/agropecuariafenix.com.br\/\",\"logo\":{\"@type\":\"ImageObject\",\"inLanguage\":\"pt-BR\",\"@id\":\"https:\/\/agropecuariafenix.com.br\/#\/schema\/logo\/image\/\",\"url\":\"https:\/\/agropecuariafenix.com.br\/wp-content\/uploads\/2023\/08\/logo_fenix3-Copy.png\",\"contentUrl\":\"https:\/\/agropecuariafenix.com.br\/wp-content\/uploads\/2023\/08\/logo_fenix3-Copy.png\",\"width\":500,\"height\":500,\"caption\":\"Agropecu\u00e1ria Fenix\"},\"image\":{\"@id\":\"https:\/\/agropecuariafenix.com.br\/#\/schema\/logo\/image\/\"},\"sameAs\":[\"https:\/\/web.facebook.com\/agropecuariafenixjau\",\"https:\/\/www.instagram.com\/agropecuaria_fenix_jau\/\"]}]}<\/script>\n<!-- \/ Yoast SEO plugin. -->","yoast_head_json":{"title":"Formula Natural Biscuits Abobora 250G - Agropecu\u00e1ria Fenix","robots":{"index":"index","follow":"follow","max-snippet":"max-snippet:-1","max-image-preview":"max-image-preview:large","max-video-preview":"max-video-preview:-1"},"canonical":"https:\/\/agropecuariafenix.com.br\/index.php\/produto\/formula-natural-biscuits-abobora-250g\/","og_locale":"pt_BR","og_type":"article","og_title":"Formula Natural Biscuits Abobora 250G - Agropecu\u00e1ria Fenix","og_description":"Informa\u00e7\u00f5es Pele e pelagem mais bonita; Contribui para a flora intestinal saud\u00e1vel; Com antioxidantes naturais; Livre de corantes artificiais; Auxilia na sa\u00fade oral.","og_url":"https:\/\/agropecuariafenix.com.br\/index.php\/produto\/formula-natural-biscuits-abobora-250g\/","og_site_name":"Agropecu\u00e1ria Fenix","article_publisher":"https:\/\/web.facebook.com\/agropecuariafenixjau","article_modified_time":"2025-09-27T20:24:25+00:00","og_image":[{"width":1000,"height":1000,"url":"https:\/\/agropecuariafenix.com.br\/wp-content\/uploads\/2023\/08\/Formula-Natural-Biscuits-Abobora-250G-2133281625.jpg","type":"image\/jpeg"}],"twitter_card":"summary_large_image","schema":{"@context":"https:\/\/schema.org","@graph":[{"@type":"WebPage","@id":"https:\/\/agropecuariafenix.com.br\/index.php\/produto\/formula-natural-biscuits-abobora-250g\/","url":"https:\/\/agropecuariafenix.com.br\/index.php\/produto\/formula-natural-biscuits-abobora-250g\/","name":"Formula Natural Biscuits Abobora 250G - Agropecu\u00e1ria Fenix","isPartOf":{"@id":"https:\/\/agropecuariafenix.com.br\/#website"},"primaryImageOfPage":{"@id":"https:\/\/agropecuariafenix.com.br\/index.php\/produto\/formula-natural-biscuits-abobora-250g\/#primaryimage"},"image":{"@id":"https:\/\/agropecuariafenix.com.br\/index.php\/produto\/formula-natural-biscuits-abobora-250g\/#primaryimage"},"thumbnailUrl":"https:\/\/agropecuariafenix.com.br\/wp-content\/uploads\/2023\/08\/Formula-Natural-Biscuits-Abobora-250G-2133281625.jpg","datePublished":"2023-08-01T19:56:59+00:00","dateModified":"2025-09-27T20:24:25+00:00","breadcrumb":{"@id":"https:\/\/agropecuariafenix.com.br\/index.php\/produto\/formula-natural-biscuits-abobora-250g\/#breadcrumb"},"inLanguage":"pt-BR","potentialAction":[{"@type":"ReadAction","target":["https:\/\/agropecuariafenix.com.br\/index.php\/produto\/formula-natural-biscuits-abobora-250g\/"]}]},{"@type":"ImageObject","inLanguage":"pt-BR","@id":"https:\/\/agropecuariafenix.com.br\/index.php\/produto\/formula-natural-biscuits-abobora-250g\/#primaryimage","url":"https:\/\/agropecuariafenix.com.br\/wp-content\/uploads\/2023\/08\/Formula-Natural-Biscuits-Abobora-250G-2133281625.jpg","contentUrl":"https:\/\/agropecuariafenix.com.br\/wp-content\/uploads\/2023\/08\/Formula-Natural-Biscuits-Abobora-250G-2133281625.jpg","width":1000,"height":1000,"caption":"Formula Natural Biscuits Abobora 250G"},{"@type":"BreadcrumbList","@id":"https:\/\/agropecuariafenix.com.br\/index.php\/produto\/formula-natural-biscuits-abobora-250g\/#breadcrumb","itemListElement":[{"@type":"ListItem","position":1,"name":"In\u00edcio","item":"https:\/\/agropecuariafenix.com.br\/"},{"@type":"ListItem","position":2,"name":"Todos os produtos","item":"https:\/\/agropecuariafenix.com.br\/index.php\/loja\/"},{"@type":"ListItem","position":3,"name":"Formula Natural Biscuits Abobora 250G"}]},{"@type":"WebSite","@id":"https:\/\/agropecuariafenix.com.br\/#website","url":"https:\/\/agropecuariafenix.com.br\/","name":"Agropecu\u00e1ria Fenix","description":"Agropecu\u00e1ria F\u00eanix Pet - Ra\u00e7\u00f5es \/ Medicamentos Pet \/ Cl\u00ednica Veterin\u00e1ria \/ Banho e Tosa \/ Cachorro \/\u00a0Gato\u00a0\/\u00a0P\u00e1ssaros","publisher":{"@id":"https:\/\/agropecuariafenix.com.br\/#organization"},"alternateName":"Agropecu\u00e1ria Fenix","potentialAction":[{"@type":"SearchAction","target":{"@type":"EntryPoint","urlTemplate":"https:\/\/agropecuariafenix.com.br\/?s={search_term_string}"},"query-input":{"@type":"PropertyValueSpecification","valueRequired":true,"valueName":"search_term_string"}}],"inLanguage":"pt-BR"},{"@type":"Organization","@id":"https:\/\/agropecuariafenix.com.br\/#organization","name":"Agropecu\u00e1ria Fenix","alternateName":"Agropecu\u00e1ria Fenix","url":"https:\/\/agropecuariafenix.com.br\/","logo":{"@type":"ImageObject","inLanguage":"pt-BR","@id":"https:\/\/agropecuariafenix.com.br\/#\/schema\/logo\/image\/","url":"https:\/\/agropecuariafenix.com.br\/wp-content\/uploads\/2023\/08\/logo_fenix3-Copy.png","contentUrl":"https:\/\/agropecuariafenix.com.br\/wp-content\/uploads\/2023\/08\/logo_fenix3-Copy.png","width":500,"height":500,"caption":"Agropecu\u00e1ria Fenix"},"image":{"@id":"https:\/\/agropecuariafenix.com.br\/#\/schema\/logo\/image\/"},"sameAs":["https:\/\/web.facebook.com\/agropecuariafenixjau","https:\/\/www.instagram.com\/agropecuaria_fenix_jau\/"]}]}},"_links":{"self":[{"href":"https:\/\/agropecuariafenix.com.br\/index.php\/wp-json\/wp\/v2\/product\/26402","targetHints":{"allow":["GET"]}}],"collection":[{"href":"https:\/\/agropecuariafenix.com.br\/index.php\/wp-json\/wp\/v2\/product"}],"about":[{"href":"https:\/\/agropecuariafenix.com.br\/index.php\/wp-json\/wp\/v2\/types\/product"}],"replies":[{"embeddable":true,"href":"https:\/\/agropecuariafenix.com.br\/index.php\/wp-json\/wp\/v2\/comments?post=26402"}],"version-history":[{"count":1,"href":"https:\/\/agropecuariafenix.com.br\/index.php\/wp-json\/wp\/v2\/product\/26402\/revisions"}],"predecessor-version":[{"id":26745,"href":"https:\/\/agropecuariafenix.com.br\/index.php\/wp-json\/wp\/v2\/product\/26402\/revisions\/26745"}],"wp:featuredmedia":[{"embeddable":true,"href":"https:\/\/agropecuariafenix.com.br\/index.php\/wp-json\/wp\/v2\/media\/26401"}],"wp:attachment":[{"href":"https:\/\/agropecuariafenix.com.br\/index.php\/wp-json\/wp\/v2\/media?parent=26402"}],"wp:term":[{"taxonomy":"product_brand","embeddable":true,"href":"https:\/\/agropecuariafenix.com.br\/index.php\/wp-json\/wp\/v2\/product_brand?post=26402"},{"taxonomy":"product_cat","embeddable":true,"href":"https:\/\/agropecuariafenix.com.br\/index.php\/wp-json\/wp\/v2\/product_cat?post=26402"},{"taxonomy":"product_tag","embeddable":true,"href":"https:\/\/agropecuariafenix.com.br\/index.php\/wp-json\/wp\/v2\/product_tag?post=26402"}],"curies":[{"name":"wp","href":"https:\/\/api.w.org\/{rel}","templated":true}]}}