{"id":26364,"date":"2023-07-10T12:27:23","date_gmt":"2023-07-10T15:27:23","guid":{"rendered":"https:\/\/agropecuariafenix.com.br\/index.php\/produto\/formula-natural-gatos-castrados-senior-frango-1kg-2\/"},"modified":"2025-10-18T18:29:35","modified_gmt":"2025-10-18T21:29:35","slug":"formula-natural-gatos-castrados-senior-frango-1kg-2","status":"publish","type":"product","link":"https:\/\/agropecuariafenix.com.br\/index.php\/produto\/formula-natural-gatos-castrados-senior-frango-1kg-2\/","title":{"rendered":"F\u00f3rmula Natural Gatos Castrados S\u00eanior Frango 1Kg"},"content":{"rendered":"<p> Composi\u00e7\u00e3o<br \/>\nFarinha de v\u00edsceras de aves, milho mo\u00eddo*, arroz integral, farelo de trigo, farelo de gl\u00faten de milho 60*,  farinha de torresmo (prote\u00edna isolada de su\u00edno), linha\u00e7a, \u00f3leo de aves, \u00f3leo de salm\u00e3o, hidrolisado de f\u00edgado de aves e mi\u00fados de su\u00ednos, frutas e vegetais desidratados (manga, ma\u00e7\u00e3, cenoura, tomate), polpa desidratada de beterraba, cloreto de s\u00f3dio, farinha de alga Schizochytrium sp., parede celular de levedura, frutooligossacar\u00eddeos, inulina, extrato de yucca (0,04%), sulfato de condroitina, sulfato de glicosamina, semente de psyllium mo\u00edda, vitaminas (retinol, colecalciferol, acetato de DL-alfa-tocoferol, menadiona bissulfito de s\u00f3dio, \u00e1cido asc\u00f3rbico, tiamina, riboflavina, piridoxina, cianocobalamina, biotina, pantotenato de c\u00e1lcio, \u00e1cido f\u00f3lico, niacina, cloreto de colina), minerais (sulfato de ferro, sulfato de cobre, iodato de c\u00e1lcio, proteinato de zinco, sulfato de zinco, sulfato de mangan\u00eas, levedura enriquecida com sel\u00eanio, selenito de s\u00f3dio), L-carnitina, cloreto de pot\u00e1ssio, hexametafosfato de s\u00f3dio, \u00e1cido fosf\u00f3rico, \u00e1cido c\u00edtrico, metionina, \u00e1cido propi\u00f4nico, taurina, BHA (Butilhidroxianisol) e BHT (Butilhidroxitolueno).                                                Cont\u00e9m, na composi\u00e7\u00e3o, alimento geneticamente modificado: milho*. Esp\u00e9cies doadoras de gene: Agrobacterium spp., Bacillus thuringiensis, Streptomyces spp.<\/p>\n","protected":false},"excerpt":{"rendered":"<p> Indicada para gatos s\u00eanior;<br \/>\n&#8211; Feito com Frango;<br \/>\n&#8211; Equil\u00edbrio da flora intestinal;<br \/>\n&#8211; Calorias moderadas;<br \/>\n&#8211; Auxilio ao sistema urin\u00e1rio;<br \/>\n&#8211; Pelagem brilhante e sedosa;<br \/>\n&#8211; Dispon\u00edvel em embalagem de 1kg e 7kg<\/p>\n","protected":false},"featured_media":26363,"comment_status":"open","ping_status":"closed","template":"","meta":[],"product_brand":[],"product_cat":[374,80],"product_tag":[347],"class_list":{"0":"post-26364","1":"product","2":"type-product","3":"status-publish","4":"has-post-thumbnail","6":"product_cat-racao-seca","7":"product_cat-racoes","8":"product_tag-1kg","10":"first","11":"outofstock","12":"shipping-taxable","13":"purchasable","14":"product-type-simple"},"yoast_head":"<!-- This site is optimized with the Yoast SEO plugin v26.1.1 - https:\/\/yoast.com\/wordpress\/plugins\/seo\/ -->\n<title>F\u00f3rmula Natural Gatos Castrados S\u00eanior Frango 1Kg - Agropecu\u00e1ria Fenix<\/title>\n<meta name=\"robots\" content=\"index, follow, max-snippet:-1, max-image-preview:large, max-video-preview:-1\" \/>\n<link rel=\"canonical\" href=\"https:\/\/agropecuariafenix.com.br\/index.php\/produto\/formula-natural-gatos-castrados-senior-frango-1kg-2\/\" \/>\n<meta property=\"og:locale\" content=\"pt_BR\" \/>\n<meta property=\"og:type\" content=\"article\" \/>\n<meta property=\"og:title\" content=\"F\u00f3rmula Natural Gatos Castrados S\u00eanior Frango 1Kg - Agropecu\u00e1ria Fenix\" \/>\n<meta property=\"og:description\" content=\"Indicada para gatos s\u00eanior; &#8211; Feito com Frango; &#8211; Equil\u00edbrio da flora intestinal; &#8211; Calorias moderadas; &#8211; Auxilio ao sistema urin\u00e1rio; &#8211; Pelagem brilhante e sedosa; &#8211; Dispon\u00edvel em embalagem de 1kg e 7kg\" \/>\n<meta property=\"og:url\" content=\"https:\/\/agropecuariafenix.com.br\/index.php\/produto\/formula-natural-gatos-castrados-senior-frango-1kg-2\/\" \/>\n<meta property=\"og:site_name\" content=\"Agropecu\u00e1ria Fenix\" \/>\n<meta property=\"article:publisher\" content=\"https:\/\/web.facebook.com\/agropecuariafenixjau\" \/>\n<meta property=\"article:modified_time\" content=\"2025-10-18T21:29:35+00:00\" \/>\n<meta property=\"og:image\" content=\"https:\/\/agropecuariafenix.com.br\/wp-content\/uploads\/2023\/07\/Frmula-Natural-Gatos-Castrados-Snior-Frango-1Kg-46678114.jpg\" \/>\n\t<meta property=\"og:image:width\" content=\"800\" \/>\n\t<meta property=\"og:image:height\" content=\"800\" \/>\n\t<meta property=\"og:image:type\" content=\"image\/jpeg\" \/>\n<meta name=\"twitter:card\" content=\"summary_large_image\" \/>\n<meta name=\"twitter:label1\" content=\"Est. tempo de leitura\" \/>\n\t<meta name=\"twitter:data1\" content=\"1 minuto\" \/>\n<script type=\"application\/ld+json\" class=\"yoast-schema-graph\">{\"@context\":\"https:\/\/schema.org\",\"@graph\":[{\"@type\":\"WebPage\",\"@id\":\"https:\/\/agropecuariafenix.com.br\/index.php\/produto\/formula-natural-gatos-castrados-senior-frango-1kg-2\/\",\"url\":\"https:\/\/agropecuariafenix.com.br\/index.php\/produto\/formula-natural-gatos-castrados-senior-frango-1kg-2\/\",\"name\":\"F\u00f3rmula Natural Gatos Castrados S\u00eanior Frango 1Kg - Agropecu\u00e1ria Fenix\",\"isPartOf\":{\"@id\":\"https:\/\/agropecuariafenix.com.br\/#website\"},\"primaryImageOfPage\":{\"@id\":\"https:\/\/agropecuariafenix.com.br\/index.php\/produto\/formula-natural-gatos-castrados-senior-frango-1kg-2\/#primaryimage\"},\"image\":{\"@id\":\"https:\/\/agropecuariafenix.com.br\/index.php\/produto\/formula-natural-gatos-castrados-senior-frango-1kg-2\/#primaryimage\"},\"thumbnailUrl\":\"https:\/\/agropecuariafenix.com.br\/wp-content\/uploads\/2023\/07\/Frmula-Natural-Gatos-Castrados-Snior-Frango-1Kg-46678114.jpg\",\"datePublished\":\"2023-07-10T15:27:23+00:00\",\"dateModified\":\"2025-10-18T21:29:35+00:00\",\"breadcrumb\":{\"@id\":\"https:\/\/agropecuariafenix.com.br\/index.php\/produto\/formula-natural-gatos-castrados-senior-frango-1kg-2\/#breadcrumb\"},\"inLanguage\":\"pt-BR\",\"potentialAction\":[{\"@type\":\"ReadAction\",\"target\":[\"https:\/\/agropecuariafenix.com.br\/index.php\/produto\/formula-natural-gatos-castrados-senior-frango-1kg-2\/\"]}]},{\"@type\":\"ImageObject\",\"inLanguage\":\"pt-BR\",\"@id\":\"https:\/\/agropecuariafenix.com.br\/index.php\/produto\/formula-natural-gatos-castrados-senior-frango-1kg-2\/#primaryimage\",\"url\":\"https:\/\/agropecuariafenix.com.br\/wp-content\/uploads\/2023\/07\/Frmula-Natural-Gatos-Castrados-Snior-Frango-1Kg-46678114.jpg\",\"contentUrl\":\"https:\/\/agropecuariafenix.com.br\/wp-content\/uploads\/2023\/07\/Frmula-Natural-Gatos-Castrados-Snior-Frango-1Kg-46678114.jpg\",\"width\":800,\"height\":800,\"caption\":\"F\u00f3rmula Natural Gatos Castrados S\u00eanior Frango 1Kg\"},{\"@type\":\"BreadcrumbList\",\"@id\":\"https:\/\/agropecuariafenix.com.br\/index.php\/produto\/formula-natural-gatos-castrados-senior-frango-1kg-2\/#breadcrumb\",\"itemListElement\":[{\"@type\":\"ListItem\",\"position\":1,\"name\":\"In\u00edcio\",\"item\":\"https:\/\/agropecuariafenix.com.br\/\"},{\"@type\":\"ListItem\",\"position\":2,\"name\":\"Todos os produtos\",\"item\":\"https:\/\/agropecuariafenix.com.br\/index.php\/loja\/\"},{\"@type\":\"ListItem\",\"position\":3,\"name\":\"F\u00f3rmula Natural Gatos Castrados S\u00eanior Frango 1Kg\"}]},{\"@type\":\"WebSite\",\"@id\":\"https:\/\/agropecuariafenix.com.br\/#website\",\"url\":\"https:\/\/agropecuariafenix.com.br\/\",\"name\":\"Agropecu\u00e1ria Fenix\",\"description\":\"Agropecu\u00e1ria F\u00eanix Pet - Ra\u00e7\u00f5es \/ Medicamentos Pet \/ Cl\u00ednica Veterin\u00e1ria \/ Banho e Tosa \/ Cachorro \/\u00a0Gato\u00a0\/\u00a0P\u00e1ssaros\",\"publisher\":{\"@id\":\"https:\/\/agropecuariafenix.com.br\/#organization\"},\"alternateName\":\"Agropecu\u00e1ria Fenix\",\"potentialAction\":[{\"@type\":\"SearchAction\",\"target\":{\"@type\":\"EntryPoint\",\"urlTemplate\":\"https:\/\/agropecuariafenix.com.br\/?s={search_term_string}\"},\"query-input\":{\"@type\":\"PropertyValueSpecification\",\"valueRequired\":true,\"valueName\":\"search_term_string\"}}],\"inLanguage\":\"pt-BR\"},{\"@type\":\"Organization\",\"@id\":\"https:\/\/agropecuariafenix.com.br\/#organization\",\"name\":\"Agropecu\u00e1ria Fenix\",\"alternateName\":\"Agropecu\u00e1ria Fenix\",\"url\":\"https:\/\/agropecuariafenix.com.br\/\",\"logo\":{\"@type\":\"ImageObject\",\"inLanguage\":\"pt-BR\",\"@id\":\"https:\/\/agropecuariafenix.com.br\/#\/schema\/logo\/image\/\",\"url\":\"https:\/\/agropecuariafenix.com.br\/wp-content\/uploads\/2023\/08\/logo_fenix3-Copy.png\",\"contentUrl\":\"https:\/\/agropecuariafenix.com.br\/wp-content\/uploads\/2023\/08\/logo_fenix3-Copy.png\",\"width\":500,\"height\":500,\"caption\":\"Agropecu\u00e1ria Fenix\"},\"image\":{\"@id\":\"https:\/\/agropecuariafenix.com.br\/#\/schema\/logo\/image\/\"},\"sameAs\":[\"https:\/\/web.facebook.com\/agropecuariafenixjau\",\"https:\/\/www.instagram.com\/agropecuaria_fenix_jau\/\"]}]}<\/script>\n<!-- \/ Yoast SEO plugin. -->","yoast_head_json":{"title":"F\u00f3rmula Natural Gatos Castrados S\u00eanior Frango 1Kg - Agropecu\u00e1ria Fenix","robots":{"index":"index","follow":"follow","max-snippet":"max-snippet:-1","max-image-preview":"max-image-preview:large","max-video-preview":"max-video-preview:-1"},"canonical":"https:\/\/agropecuariafenix.com.br\/index.php\/produto\/formula-natural-gatos-castrados-senior-frango-1kg-2\/","og_locale":"pt_BR","og_type":"article","og_title":"F\u00f3rmula Natural Gatos Castrados S\u00eanior Frango 1Kg - Agropecu\u00e1ria Fenix","og_description":"Indicada para gatos s\u00eanior; &#8211; Feito com Frango; &#8211; Equil\u00edbrio da flora intestinal; &#8211; Calorias moderadas; &#8211; Auxilio ao sistema urin\u00e1rio; &#8211; Pelagem brilhante e sedosa; &#8211; Dispon\u00edvel em embalagem de 1kg e 7kg","og_url":"https:\/\/agropecuariafenix.com.br\/index.php\/produto\/formula-natural-gatos-castrados-senior-frango-1kg-2\/","og_site_name":"Agropecu\u00e1ria Fenix","article_publisher":"https:\/\/web.facebook.com\/agropecuariafenixjau","article_modified_time":"2025-10-18T21:29:35+00:00","og_image":[{"width":800,"height":800,"url":"https:\/\/agropecuariafenix.com.br\/wp-content\/uploads\/2023\/07\/Frmula-Natural-Gatos-Castrados-Snior-Frango-1Kg-46678114.jpg","type":"image\/jpeg"}],"twitter_card":"summary_large_image","twitter_misc":{"Est. tempo de leitura":"1 minuto"},"schema":{"@context":"https:\/\/schema.org","@graph":[{"@type":"WebPage","@id":"https:\/\/agropecuariafenix.com.br\/index.php\/produto\/formula-natural-gatos-castrados-senior-frango-1kg-2\/","url":"https:\/\/agropecuariafenix.com.br\/index.php\/produto\/formula-natural-gatos-castrados-senior-frango-1kg-2\/","name":"F\u00f3rmula Natural Gatos Castrados S\u00eanior Frango 1Kg - Agropecu\u00e1ria Fenix","isPartOf":{"@id":"https:\/\/agropecuariafenix.com.br\/#website"},"primaryImageOfPage":{"@id":"https:\/\/agropecuariafenix.com.br\/index.php\/produto\/formula-natural-gatos-castrados-senior-frango-1kg-2\/#primaryimage"},"image":{"@id":"https:\/\/agropecuariafenix.com.br\/index.php\/produto\/formula-natural-gatos-castrados-senior-frango-1kg-2\/#primaryimage"},"thumbnailUrl":"https:\/\/agropecuariafenix.com.br\/wp-content\/uploads\/2023\/07\/Frmula-Natural-Gatos-Castrados-Snior-Frango-1Kg-46678114.jpg","datePublished":"2023-07-10T15:27:23+00:00","dateModified":"2025-10-18T21:29:35+00:00","breadcrumb":{"@id":"https:\/\/agropecuariafenix.com.br\/index.php\/produto\/formula-natural-gatos-castrados-senior-frango-1kg-2\/#breadcrumb"},"inLanguage":"pt-BR","potentialAction":[{"@type":"ReadAction","target":["https:\/\/agropecuariafenix.com.br\/index.php\/produto\/formula-natural-gatos-castrados-senior-frango-1kg-2\/"]}]},{"@type":"ImageObject","inLanguage":"pt-BR","@id":"https:\/\/agropecuariafenix.com.br\/index.php\/produto\/formula-natural-gatos-castrados-senior-frango-1kg-2\/#primaryimage","url":"https:\/\/agropecuariafenix.com.br\/wp-content\/uploads\/2023\/07\/Frmula-Natural-Gatos-Castrados-Snior-Frango-1Kg-46678114.jpg","contentUrl":"https:\/\/agropecuariafenix.com.br\/wp-content\/uploads\/2023\/07\/Frmula-Natural-Gatos-Castrados-Snior-Frango-1Kg-46678114.jpg","width":800,"height":800,"caption":"F\u00f3rmula Natural Gatos Castrados S\u00eanior Frango 1Kg"},{"@type":"BreadcrumbList","@id":"https:\/\/agropecuariafenix.com.br\/index.php\/produto\/formula-natural-gatos-castrados-senior-frango-1kg-2\/#breadcrumb","itemListElement":[{"@type":"ListItem","position":1,"name":"In\u00edcio","item":"https:\/\/agropecuariafenix.com.br\/"},{"@type":"ListItem","position":2,"name":"Todos os produtos","item":"https:\/\/agropecuariafenix.com.br\/index.php\/loja\/"},{"@type":"ListItem","position":3,"name":"F\u00f3rmula Natural Gatos Castrados S\u00eanior Frango 1Kg"}]},{"@type":"WebSite","@id":"https:\/\/agropecuariafenix.com.br\/#website","url":"https:\/\/agropecuariafenix.com.br\/","name":"Agropecu\u00e1ria Fenix","description":"Agropecu\u00e1ria F\u00eanix Pet - Ra\u00e7\u00f5es \/ Medicamentos Pet \/ Cl\u00ednica Veterin\u00e1ria \/ Banho e Tosa \/ Cachorro \/\u00a0Gato\u00a0\/\u00a0P\u00e1ssaros","publisher":{"@id":"https:\/\/agropecuariafenix.com.br\/#organization"},"alternateName":"Agropecu\u00e1ria Fenix","potentialAction":[{"@type":"SearchAction","target":{"@type":"EntryPoint","urlTemplate":"https:\/\/agropecuariafenix.com.br\/?s={search_term_string}"},"query-input":{"@type":"PropertyValueSpecification","valueRequired":true,"valueName":"search_term_string"}}],"inLanguage":"pt-BR"},{"@type":"Organization","@id":"https:\/\/agropecuariafenix.com.br\/#organization","name":"Agropecu\u00e1ria Fenix","alternateName":"Agropecu\u00e1ria Fenix","url":"https:\/\/agropecuariafenix.com.br\/","logo":{"@type":"ImageObject","inLanguage":"pt-BR","@id":"https:\/\/agropecuariafenix.com.br\/#\/schema\/logo\/image\/","url":"https:\/\/agropecuariafenix.com.br\/wp-content\/uploads\/2023\/08\/logo_fenix3-Copy.png","contentUrl":"https:\/\/agropecuariafenix.com.br\/wp-content\/uploads\/2023\/08\/logo_fenix3-Copy.png","width":500,"height":500,"caption":"Agropecu\u00e1ria Fenix"},"image":{"@id":"https:\/\/agropecuariafenix.com.br\/#\/schema\/logo\/image\/"},"sameAs":["https:\/\/web.facebook.com\/agropecuariafenixjau","https:\/\/www.instagram.com\/agropecuaria_fenix_jau\/"]}]}},"_links":{"self":[{"href":"https:\/\/agropecuariafenix.com.br\/index.php\/wp-json\/wp\/v2\/product\/26364","targetHints":{"allow":["GET"]}}],"collection":[{"href":"https:\/\/agropecuariafenix.com.br\/index.php\/wp-json\/wp\/v2\/product"}],"about":[{"href":"https:\/\/agropecuariafenix.com.br\/index.php\/wp-json\/wp\/v2\/types\/product"}],"replies":[{"embeddable":true,"href":"https:\/\/agropecuariafenix.com.br\/index.php\/wp-json\/wp\/v2\/comments?post=26364"}],"version-history":[{"count":1,"href":"https:\/\/agropecuariafenix.com.br\/index.php\/wp-json\/wp\/v2\/product\/26364\/revisions"}],"predecessor-version":[{"id":26387,"href":"https:\/\/agropecuariafenix.com.br\/index.php\/wp-json\/wp\/v2\/product\/26364\/revisions\/26387"}],"wp:featuredmedia":[{"embeddable":true,"href":"https:\/\/agropecuariafenix.com.br\/index.php\/wp-json\/wp\/v2\/media\/26363"}],"wp:attachment":[{"href":"https:\/\/agropecuariafenix.com.br\/index.php\/wp-json\/wp\/v2\/media?parent=26364"}],"wp:term":[{"taxonomy":"product_brand","embeddable":true,"href":"https:\/\/agropecuariafenix.com.br\/index.php\/wp-json\/wp\/v2\/product_brand?post=26364"},{"taxonomy":"product_cat","embeddable":true,"href":"https:\/\/agropecuariafenix.com.br\/index.php\/wp-json\/wp\/v2\/product_cat?post=26364"},{"taxonomy":"product_tag","embeddable":true,"href":"https:\/\/agropecuariafenix.com.br\/index.php\/wp-json\/wp\/v2\/product_tag?post=26364"}],"curies":[{"name":"wp","href":"https:\/\/api.w.org\/{rel}","templated":true}]}}