{"id":25955,"date":"2022-09-16T17:14:12","date_gmt":"2022-09-16T20:14:12","guid":{"rendered":"https:\/\/agropecuariafenix.com.br\/index.php\/produto\/frontline-plus-gatos\/"},"modified":"2023-11-24T18:38:19","modified_gmt":"2023-11-24T21:38:19","slug":"frontline-plus-gatos","status":"publish","type":"product","link":"https:\/\/agropecuariafenix.com.br\/index.php\/produto\/frontline-plus-gatos\/","title":{"rendered":"Frontline Plus Gatos"},"content":{"rendered":"<p>Nomeada a &#8220;Marca do Ano&#8221;* e presente no Brasil desde 1990, Frontline \u00e9 refer\u00eancia no combate a pulgas e carrapatos e conta com uma linha completa para atender c\u00e3es e gatos em seus diferentes portes. Frontline Plus \u00e9 a linha pensada para animais ativos, que frequentam ambientes com m\u00e9dio risco de infesta\u00e7\u00e3o. Seu princ\u00edpio ativo, a mol\u00e9cula Fipronil, atua no controle de infesta\u00e7\u00f5es por pulgas, carrapatos e piolhos mastigadores. Seu grande diferencial \u00e9 a associa\u00e7\u00e3o ao composto (S)-metopreno, que age nas fases de desenvolvimento das pulgas e atua contra ovos e larvas deste parasita. O Antipulgas e Carrapatos Frontline Plus para Gatos \u00e9 apresentado em pipetas de f\u00e1cil aplica\u00e7\u00e3o e dose \u00fanica, evitando assim a dificuldade usual na administra\u00e7\u00e3o de rem\u00e9dios a animais. O produto \u00e9 indicado somente para uso externo e recomendado para gatos adultos, f\u00eameas prenhes e lactantes, e filhotes a partir de 8 semanas de vida. Seu per\u00edodo de a\u00e7\u00e3o \u00e9 de 1 m\u00eas contra pulgas e carrapatos. Frontline: cuidado que seu pet sente na pele. *2019-2020 pelo pr\u00eamio internacional World Branding Awards<\/p>\n<p>Introdu\u00e7\u00e3o: Frontline Plus Gatos at\u00e9 10 kg: ideal para os gatos ativos, que vivem em ambientes com m\u00e9dio risco de infesta\u00e7\u00e3o. Fabricado pela Boehringer Ingelheim, empresa que tem como principal objetivo desenvolver solu\u00e7\u00f5es para melhorar cada vez mais a vida de cada pet, Frontline Plus Gatos \u00e9 um dos produtos da fam\u00edlia Frontline, desenvolvido para proporcionar melhor sa\u00fade e bem-estar aos gatos.<\/p>\n<p>Indica\u00e7\u00e3o: O Frontline Plus Gatos tem como princ\u00edpio ativo a mol\u00e9cula Fipronil e atua no controle de infesta\u00e7\u00f5es por pulgas, carrapatos e piolhos mastigadores. Seu grande diferencial \u00e9 a associa\u00e7\u00e3o ao composto (S)-metopreno, que age nas fases de desenvolvimento das pulgas e atua contra ovos e larvas deste parasita. Frontline Plus Gatos \u00e9 apresentado em pipetas de f\u00e1cil aplica\u00e7\u00e3o e dose \u00fanica. O produto \u00e9 indicado somente para uso externo e recomendado para gatos adultos, f\u00eameas prenhes e lactantes, e filhotes acima de 1kg e a partir de 8 semanas. Seu per\u00edodo de a\u00e7\u00e3o \u00e9 de 1 m\u00eas contra pulgas e carrapatos. Frontline: cuidado que seu pet sente na pele.<\/p>\n<p>Modo de uso: 1) Quebrar a ponta da pipeta na altura da linha tracejada.<br \/>\n2) Afastar o pelo do gato na regi\u00e3o entre a nuca e a base do pesco\u00e7o, at\u00e9 aparecer a pele.<br \/>\n3) Colocar a ponta da pipeta sobre a pele e apertar em v\u00e1rios pontos, para evitar que o produto escorra.<br \/>\nPara obter o m\u00e1ximo efeito residual, evite dar banho no animal 48 horas antes e ap\u00f3s a aplica\u00e7\u00e3o.<\/p>\n<p>Recomenda\u00e7\u00e3o: Para melhor efic\u00e1cia, a frequ\u00eancia e modo de uso de qualquer produto da linha Frontline devem ser seguidos conforme recomendado em bula. O produto Frontline Plus Gatos n\u00e3o deve ser aplicado em outras esp\u00e9cies de animais. Evite contato do medicamento com regi\u00f5es de risco, como olhos e boca. Em casos de rea\u00e7\u00f5es adversas ao tratamento, suspenda o uso e retorne ao veterin\u00e1rio imediatamente. Siga sempre a dosagem recomendada. Aconselha-se realizar limpeza completa do ambiente para auxiliar no controle de parasitas. Em caso de d\u00favidas, fale conosco ligando para 0800 888 7387 (seg \u00e0 sex, das 8h \u00e0s 18h) ou envie um e-mail para falecom.br@boehringer-ingelheim.com<\/p>\n","protected":false},"excerpt":{"rendered":"<p>&#8211; Pode ser aplicado em gatas prenhes e em lacta\u00e7\u00e3o;<br \/>\n&#8211; Indicado para todos os gatos a partir de 8 semanas de idade;<br \/>\n&#8211; Prote\u00e7\u00e3o mensal contra pulgas, carrapatos e piolhos mastigadores;<br \/>\n&#8211; Frontline Plus \u00e9 indicado para pets ativos, que saem para passear e brincam ao ar livre, e por isso est\u00e3o mais sujeitos \u00e0s infesta\u00e7\u00f5es de pulgas e carrapatos.<\/p>\n","protected":false},"featured_media":25954,"comment_status":"open","ping_status":"closed","template":"","meta":[],"product_brand":[],"product_cat":[1110],"product_tag":[1425,1109,1266,1462,209,1428,130],"class_list":{"0":"post-25955","1":"product","2":"type-product","3":"status-publish","4":"has-post-thumbnail","6":"product_cat-medicamentos","7":"product_tag-antiparasitario","8":"product_tag-antipulgas","9":"product_tag-carrapatos","10":"product_tag-frontline","11":"product_tag-gatos","12":"product_tag-pipeta","13":"product_tag-plus","15":"first","16":"instock","17":"shipping-taxable","18":"purchasable","19":"product-type-simple"},"yoast_head":"<!-- This site is optimized with the Yoast SEO plugin v27.6 - https:\/\/yoast.com\/product\/yoast-seo-wordpress\/ -->\n<title>Frontline Plus Gatos - Agropecu\u00e1ria Fenix<\/title>\n<meta name=\"robots\" content=\"index, follow, max-snippet:-1, max-image-preview:large, max-video-preview:-1\" \/>\n<link rel=\"canonical\" href=\"https:\/\/agropecuariafenix.com.br\/index.php\/produto\/frontline-plus-gatos\/\" \/>\n<meta property=\"og:locale\" content=\"pt_BR\" \/>\n<meta property=\"og:type\" content=\"article\" \/>\n<meta property=\"og:title\" content=\"Frontline Plus Gatos - Agropecu\u00e1ria Fenix\" \/>\n<meta property=\"og:description\" content=\"&#8211; Pode ser aplicado em gatas prenhes e em lacta\u00e7\u00e3o; &#8211; Indicado para todos os gatos a partir de 8 semanas de idade; &#8211; Prote\u00e7\u00e3o mensal contra pulgas, carrapatos e piolhos mastigadores; &#8211; Frontline Plus \u00e9 indicado para pets ativos, que saem para passear e brincam ao ar livre, e por isso est\u00e3o mais sujeitos \u00e0s infesta\u00e7\u00f5es de pulgas e carrapatos.\" \/>\n<meta property=\"og:url\" content=\"https:\/\/agropecuariafenix.com.br\/index.php\/produto\/frontline-plus-gatos\/\" \/>\n<meta property=\"og:site_name\" content=\"Agropecu\u00e1ria Fenix\" \/>\n<meta property=\"article:publisher\" content=\"https:\/\/web.facebook.com\/agropecuariafenixjau\" \/>\n<meta property=\"article:modified_time\" content=\"2023-11-24T21:38:19+00:00\" \/>\n<meta property=\"og:image\" content=\"https:\/\/agropecuariafenix.com.br\/wp-content\/uploads\/2022\/09\/Frontline-Plus-Gatos-703654871.jpg\" \/>\n\t<meta property=\"og:image:width\" content=\"600\" \/>\n\t<meta property=\"og:image:height\" content=\"600\" \/>\n\t<meta property=\"og:image:type\" content=\"image\/jpeg\" \/>\n<meta name=\"twitter:card\" content=\"summary_large_image\" \/>\n<meta name=\"twitter:label1\" content=\"Est. tempo de leitura\" \/>\n\t<meta name=\"twitter:data1\" content=\"3 minutos\" \/>\n<script type=\"application\/ld+json\" class=\"yoast-schema-graph\">{\"@context\":\"https:\\\/\\\/schema.org\",\"@graph\":[{\"@type\":\"WebPage\",\"@id\":\"https:\\\/\\\/agropecuariafenix.com.br\\\/index.php\\\/produto\\\/frontline-plus-gatos\\\/\",\"url\":\"https:\\\/\\\/agropecuariafenix.com.br\\\/index.php\\\/produto\\\/frontline-plus-gatos\\\/\",\"name\":\"Frontline Plus Gatos - Agropecu\u00e1ria Fenix\",\"isPartOf\":{\"@id\":\"https:\\\/\\\/agropecuariafenix.com.br\\\/#website\"},\"primaryImageOfPage\":{\"@id\":\"https:\\\/\\\/agropecuariafenix.com.br\\\/index.php\\\/produto\\\/frontline-plus-gatos\\\/#primaryimage\"},\"image\":{\"@id\":\"https:\\\/\\\/agropecuariafenix.com.br\\\/index.php\\\/produto\\\/frontline-plus-gatos\\\/#primaryimage\"},\"thumbnailUrl\":\"https:\\\/\\\/agropecuariafenix.com.br\\\/wp-content\\\/uploads\\\/2022\\\/09\\\/Frontline-Plus-Gatos-703654871.jpg\",\"datePublished\":\"2022-09-16T20:14:12+00:00\",\"dateModified\":\"2023-11-24T21:38:19+00:00\",\"breadcrumb\":{\"@id\":\"https:\\\/\\\/agropecuariafenix.com.br\\\/index.php\\\/produto\\\/frontline-plus-gatos\\\/#breadcrumb\"},\"inLanguage\":\"pt-BR\",\"potentialAction\":[{\"@type\":\"ReadAction\",\"target\":[\"https:\\\/\\\/agropecuariafenix.com.br\\\/index.php\\\/produto\\\/frontline-plus-gatos\\\/\"]}]},{\"@type\":\"ImageObject\",\"inLanguage\":\"pt-BR\",\"@id\":\"https:\\\/\\\/agropecuariafenix.com.br\\\/index.php\\\/produto\\\/frontline-plus-gatos\\\/#primaryimage\",\"url\":\"https:\\\/\\\/agropecuariafenix.com.br\\\/wp-content\\\/uploads\\\/2022\\\/09\\\/Frontline-Plus-Gatos-703654871.jpg\",\"contentUrl\":\"https:\\\/\\\/agropecuariafenix.com.br\\\/wp-content\\\/uploads\\\/2022\\\/09\\\/Frontline-Plus-Gatos-703654871.jpg\",\"width\":600,\"height\":600,\"caption\":\"Frontline Plus Gatos\"},{\"@type\":\"BreadcrumbList\",\"@id\":\"https:\\\/\\\/agropecuariafenix.com.br\\\/index.php\\\/produto\\\/frontline-plus-gatos\\\/#breadcrumb\",\"itemListElement\":[{\"@type\":\"ListItem\",\"position\":1,\"name\":\"In\u00edcio\",\"item\":\"https:\\\/\\\/agropecuariafenix.com.br\\\/\"},{\"@type\":\"ListItem\",\"position\":2,\"name\":\"Todos os produtos\",\"item\":\"https:\\\/\\\/agropecuariafenix.com.br\\\/index.php\\\/loja\\\/\"},{\"@type\":\"ListItem\",\"position\":3,\"name\":\"Frontline Plus Gatos\"}]},{\"@type\":\"WebSite\",\"@id\":\"https:\\\/\\\/agropecuariafenix.com.br\\\/#website\",\"url\":\"https:\\\/\\\/agropecuariafenix.com.br\\\/\",\"name\":\"Agropecu\u00e1ria Fenix\",\"description\":\"Agropecu\u00e1ria F\u00eanix Pet - Ra\u00e7\u00f5es \\\/ Medicamentos Pet \\\/ Cl\u00ednica Veterin\u00e1ria \\\/ Banho e Tosa \\\/ Cachorro \\\/\u00a0Gato\u00a0\\\/\u00a0P\u00e1ssaros\",\"publisher\":{\"@id\":\"https:\\\/\\\/agropecuariafenix.com.br\\\/#organization\"},\"alternateName\":\"Agropecu\u00e1ria Fenix\",\"potentialAction\":[{\"@type\":\"SearchAction\",\"target\":{\"@type\":\"EntryPoint\",\"urlTemplate\":\"https:\\\/\\\/agropecuariafenix.com.br\\\/?s={search_term_string}\"},\"query-input\":{\"@type\":\"PropertyValueSpecification\",\"valueRequired\":true,\"valueName\":\"search_term_string\"}}],\"inLanguage\":\"pt-BR\"},{\"@type\":\"Organization\",\"@id\":\"https:\\\/\\\/agropecuariafenix.com.br\\\/#organization\",\"name\":\"Agropecu\u00e1ria Fenix\",\"alternateName\":\"Agropecu\u00e1ria Fenix\",\"url\":\"https:\\\/\\\/agropecuariafenix.com.br\\\/\",\"logo\":{\"@type\":\"ImageObject\",\"inLanguage\":\"pt-BR\",\"@id\":\"https:\\\/\\\/agropecuariafenix.com.br\\\/#\\\/schema\\\/logo\\\/image\\\/\",\"url\":\"https:\\\/\\\/agropecuariafenix.com.br\\\/wp-content\\\/uploads\\\/2023\\\/08\\\/logo_fenix3-Copy.png\",\"contentUrl\":\"https:\\\/\\\/agropecuariafenix.com.br\\\/wp-content\\\/uploads\\\/2023\\\/08\\\/logo_fenix3-Copy.png\",\"width\":500,\"height\":500,\"caption\":\"Agropecu\u00e1ria Fenix\"},\"image\":{\"@id\":\"https:\\\/\\\/agropecuariafenix.com.br\\\/#\\\/schema\\\/logo\\\/image\\\/\"},\"sameAs\":[\"https:\\\/\\\/web.facebook.com\\\/agropecuariafenixjau\",\"https:\\\/\\\/www.instagram.com\\\/agropecuaria_fenix_jau\\\/\"]}]}<\/script>\n<!-- \/ Yoast SEO plugin. -->","yoast_head_json":{"title":"Frontline Plus Gatos - Agropecu\u00e1ria Fenix","robots":{"index":"index","follow":"follow","max-snippet":"max-snippet:-1","max-image-preview":"max-image-preview:large","max-video-preview":"max-video-preview:-1"},"canonical":"https:\/\/agropecuariafenix.com.br\/index.php\/produto\/frontline-plus-gatos\/","og_locale":"pt_BR","og_type":"article","og_title":"Frontline Plus Gatos - Agropecu\u00e1ria Fenix","og_description":"&#8211; Pode ser aplicado em gatas prenhes e em lacta\u00e7\u00e3o; &#8211; Indicado para todos os gatos a partir de 8 semanas de idade; &#8211; Prote\u00e7\u00e3o mensal contra pulgas, carrapatos e piolhos mastigadores; &#8211; Frontline Plus \u00e9 indicado para pets ativos, que saem para passear e brincam ao ar livre, e por isso est\u00e3o mais sujeitos \u00e0s infesta\u00e7\u00f5es de pulgas e carrapatos.","og_url":"https:\/\/agropecuariafenix.com.br\/index.php\/produto\/frontline-plus-gatos\/","og_site_name":"Agropecu\u00e1ria Fenix","article_publisher":"https:\/\/web.facebook.com\/agropecuariafenixjau","article_modified_time":"2023-11-24T21:38:19+00:00","og_image":[{"width":600,"height":600,"url":"https:\/\/agropecuariafenix.com.br\/wp-content\/uploads\/2022\/09\/Frontline-Plus-Gatos-703654871.jpg","type":"image\/jpeg"}],"twitter_card":"summary_large_image","twitter_misc":{"Est. tempo de leitura":"3 minutos"},"schema":{"@context":"https:\/\/schema.org","@graph":[{"@type":"WebPage","@id":"https:\/\/agropecuariafenix.com.br\/index.php\/produto\/frontline-plus-gatos\/","url":"https:\/\/agropecuariafenix.com.br\/index.php\/produto\/frontline-plus-gatos\/","name":"Frontline Plus Gatos - Agropecu\u00e1ria Fenix","isPartOf":{"@id":"https:\/\/agropecuariafenix.com.br\/#website"},"primaryImageOfPage":{"@id":"https:\/\/agropecuariafenix.com.br\/index.php\/produto\/frontline-plus-gatos\/#primaryimage"},"image":{"@id":"https:\/\/agropecuariafenix.com.br\/index.php\/produto\/frontline-plus-gatos\/#primaryimage"},"thumbnailUrl":"https:\/\/agropecuariafenix.com.br\/wp-content\/uploads\/2022\/09\/Frontline-Plus-Gatos-703654871.jpg","datePublished":"2022-09-16T20:14:12+00:00","dateModified":"2023-11-24T21:38:19+00:00","breadcrumb":{"@id":"https:\/\/agropecuariafenix.com.br\/index.php\/produto\/frontline-plus-gatos\/#breadcrumb"},"inLanguage":"pt-BR","potentialAction":[{"@type":"ReadAction","target":["https:\/\/agropecuariafenix.com.br\/index.php\/produto\/frontline-plus-gatos\/"]}]},{"@type":"ImageObject","inLanguage":"pt-BR","@id":"https:\/\/agropecuariafenix.com.br\/index.php\/produto\/frontline-plus-gatos\/#primaryimage","url":"https:\/\/agropecuariafenix.com.br\/wp-content\/uploads\/2022\/09\/Frontline-Plus-Gatos-703654871.jpg","contentUrl":"https:\/\/agropecuariafenix.com.br\/wp-content\/uploads\/2022\/09\/Frontline-Plus-Gatos-703654871.jpg","width":600,"height":600,"caption":"Frontline Plus Gatos"},{"@type":"BreadcrumbList","@id":"https:\/\/agropecuariafenix.com.br\/index.php\/produto\/frontline-plus-gatos\/#breadcrumb","itemListElement":[{"@type":"ListItem","position":1,"name":"In\u00edcio","item":"https:\/\/agropecuariafenix.com.br\/"},{"@type":"ListItem","position":2,"name":"Todos os produtos","item":"https:\/\/agropecuariafenix.com.br\/index.php\/loja\/"},{"@type":"ListItem","position":3,"name":"Frontline Plus Gatos"}]},{"@type":"WebSite","@id":"https:\/\/agropecuariafenix.com.br\/#website","url":"https:\/\/agropecuariafenix.com.br\/","name":"Agropecu\u00e1ria Fenix","description":"Agropecu\u00e1ria F\u00eanix Pet - Ra\u00e7\u00f5es \/ Medicamentos Pet \/ Cl\u00ednica Veterin\u00e1ria \/ Banho e Tosa \/ Cachorro \/\u00a0Gato\u00a0\/\u00a0P\u00e1ssaros","publisher":{"@id":"https:\/\/agropecuariafenix.com.br\/#organization"},"alternateName":"Agropecu\u00e1ria Fenix","potentialAction":[{"@type":"SearchAction","target":{"@type":"EntryPoint","urlTemplate":"https:\/\/agropecuariafenix.com.br\/?s={search_term_string}"},"query-input":{"@type":"PropertyValueSpecification","valueRequired":true,"valueName":"search_term_string"}}],"inLanguage":"pt-BR"},{"@type":"Organization","@id":"https:\/\/agropecuariafenix.com.br\/#organization","name":"Agropecu\u00e1ria Fenix","alternateName":"Agropecu\u00e1ria Fenix","url":"https:\/\/agropecuariafenix.com.br\/","logo":{"@type":"ImageObject","inLanguage":"pt-BR","@id":"https:\/\/agropecuariafenix.com.br\/#\/schema\/logo\/image\/","url":"https:\/\/agropecuariafenix.com.br\/wp-content\/uploads\/2023\/08\/logo_fenix3-Copy.png","contentUrl":"https:\/\/agropecuariafenix.com.br\/wp-content\/uploads\/2023\/08\/logo_fenix3-Copy.png","width":500,"height":500,"caption":"Agropecu\u00e1ria Fenix"},"image":{"@id":"https:\/\/agropecuariafenix.com.br\/#\/schema\/logo\/image\/"},"sameAs":["https:\/\/web.facebook.com\/agropecuariafenixjau","https:\/\/www.instagram.com\/agropecuaria_fenix_jau\/"]}]}},"_links":{"self":[{"href":"https:\/\/agropecuariafenix.com.br\/index.php\/wp-json\/wp\/v2\/product\/25955","targetHints":{"allow":["GET"]}}],"collection":[{"href":"https:\/\/agropecuariafenix.com.br\/index.php\/wp-json\/wp\/v2\/product"}],"about":[{"href":"https:\/\/agropecuariafenix.com.br\/index.php\/wp-json\/wp\/v2\/types\/product"}],"replies":[{"embeddable":true,"href":"https:\/\/agropecuariafenix.com.br\/index.php\/wp-json\/wp\/v2\/comments?post=25955"}],"version-history":[{"count":1,"href":"https:\/\/agropecuariafenix.com.br\/index.php\/wp-json\/wp\/v2\/product\/25955\/revisions"}],"predecessor-version":[{"id":25958,"href":"https:\/\/agropecuariafenix.com.br\/index.php\/wp-json\/wp\/v2\/product\/25955\/revisions\/25958"}],"wp:featuredmedia":[{"embeddable":true,"href":"https:\/\/agropecuariafenix.com.br\/index.php\/wp-json\/wp\/v2\/media\/25954"}],"wp:attachment":[{"href":"https:\/\/agropecuariafenix.com.br\/index.php\/wp-json\/wp\/v2\/media?parent=25955"}],"wp:term":[{"taxonomy":"product_brand","embeddable":true,"href":"https:\/\/agropecuariafenix.com.br\/index.php\/wp-json\/wp\/v2\/product_brand?post=25955"},{"taxonomy":"product_cat","embeddable":true,"href":"https:\/\/agropecuariafenix.com.br\/index.php\/wp-json\/wp\/v2\/product_cat?post=25955"},{"taxonomy":"product_tag","embeddable":true,"href":"https:\/\/agropecuariafenix.com.br\/index.php\/wp-json\/wp\/v2\/product_tag?post=25955"}],"curies":[{"name":"wp","href":"https:\/\/api.w.org\/{rel}","templated":true}]}}