{"id":25926,"date":"2022-09-16T11:32:37","date_gmt":"2022-09-16T14:32:37","guid":{"rendered":"https:\/\/agropecuariafenix.com.br\/index.php\/produto\/advocate-gatos-entre-4-e-8kg\/"},"modified":"2025-11-03T18:26:01","modified_gmt":"2025-11-03T21:26:01","slug":"advocate-gatos-entre-4-e-8kg","status":"publish","type":"product","link":"https:\/\/agropecuariafenix.com.br\/index.php\/produto\/advocate-gatos-entre-4-e-8kg\/","title":{"rendered":"Advocate Gatos Entre 4 E 8Kg"},"content":{"rendered":"<p>O Antipulgas Elanco Advocate para Gatos de 4 a 8 Kg \u00e9 indicado para a preven\u00e7\u00e3o e tratamento das infesta\u00e7\u00f5es por pulgas, sarc\u00f3ptica e demod\u00e9cica e os vermes intestinais em gatos entre 4 kg a 8 kg de peso.<\/p>\n","protected":false},"excerpt":{"rendered":"<p>&#8211; Aplica\u00e7\u00e3o pr\u00e1tica;<br \/>\n&#8211; Previne a Dirofilariose;<br \/>\n&#8211; Auxilia a desinfesta\u00e7\u00e3o do ambiente;<br \/>\n&#8211; A\u00e7\u00e3o imediata sem precisar picar o animal;<br \/>\n&#8211; Eficaz no tratamento contra pulgas por 4 semanas;<br \/>\n&#8211; Pode ser aplicado logo ap\u00f3s o banho e tosa, com o pelo seco;<br \/>\n&#8211; Trata e previne os principais vermes intestinais redondos de c\u00e3es e gatos;<br \/>\n&#8211; A partir de 7 semanas de vida do c\u00e3o\/ A partir de 9 semanas de vida do gato;<br \/>\n&#8211; Indicado para o tratamento de sarnas: sarc\u00f3ptica, demod\u00e9cica e otod\u00e9cica.<\/p>\n","protected":false},"featured_media":25920,"comment_status":"open","ping_status":"closed","template":"","meta":[],"product_brand":[],"product_cat":[1110],"product_tag":[1442,1425,1109,1441,1344,209,1428,1268,1269],"class_list":{"0":"post-25926","1":"product","2":"type-product","3":"status-publish","4":"has-post-thumbnail","6":"product_cat-medicamentos","7":"product_tag-advocate","8":"product_tag-antiparasitario","9":"product_tag-antipulgas","10":"product_tag-bayer","11":"product_tag-dermatite","12":"product_tag-gatos","13":"product_tag-pipeta","14":"product_tag-sarna","15":"product_tag-vermifugo","17":"first","18":"outofstock","19":"shipping-taxable","20":"purchasable","21":"product-type-simple"},"yoast_head":"<!-- This site is optimized with the Yoast SEO plugin v26.1.1 - https:\/\/yoast.com\/wordpress\/plugins\/seo\/ -->\n<title>Advocate Gatos Entre 4 E 8Kg - Agropecu\u00e1ria Fenix<\/title>\n<meta name=\"robots\" content=\"index, follow, max-snippet:-1, max-image-preview:large, max-video-preview:-1\" \/>\n<link rel=\"canonical\" href=\"https:\/\/agropecuariafenix.com.br\/index.php\/produto\/advocate-gatos-entre-4-e-8kg\/\" \/>\n<meta property=\"og:locale\" content=\"pt_BR\" \/>\n<meta property=\"og:type\" content=\"article\" \/>\n<meta property=\"og:title\" content=\"Advocate Gatos Entre 4 E 8Kg - Agropecu\u00e1ria Fenix\" \/>\n<meta property=\"og:description\" content=\"&#8211; Aplica\u00e7\u00e3o pr\u00e1tica; &#8211; Previne a Dirofilariose; &#8211; Auxilia a desinfesta\u00e7\u00e3o do ambiente; &#8211; A\u00e7\u00e3o imediata sem precisar picar o animal; &#8211; Eficaz no tratamento contra pulgas por 4 semanas; &#8211; Pode ser aplicado logo ap\u00f3s o banho e tosa, com o pelo seco; &#8211; Trata e previne os principais vermes intestinais redondos de c\u00e3es e gatos; &#8211; A partir de 7 semanas de vida do c\u00e3o\/ A partir de 9 semanas de vida do gato; &#8211; Indicado para o tratamento de sarnas: sarc\u00f3ptica, demod\u00e9cica e otod\u00e9cica.\" \/>\n<meta property=\"og:url\" content=\"https:\/\/agropecuariafenix.com.br\/index.php\/produto\/advocate-gatos-entre-4-e-8kg\/\" \/>\n<meta property=\"og:site_name\" content=\"Agropecu\u00e1ria Fenix\" \/>\n<meta property=\"article:publisher\" content=\"https:\/\/web.facebook.com\/agropecuariafenixjau\" \/>\n<meta property=\"article:modified_time\" content=\"2025-11-03T21:26:01+00:00\" \/>\n<meta property=\"og:image\" content=\"https:\/\/agropecuariafenix.com.br\/wp-content\/uploads\/2022\/09\/Advocate-Gatos-Entre-4-E-8Kg-325390241.jpg\" \/>\n\t<meta property=\"og:image:width\" content=\"600\" \/>\n\t<meta property=\"og:image:height\" content=\"600\" \/>\n\t<meta property=\"og:image:type\" content=\"image\/jpeg\" \/>\n<meta name=\"twitter:card\" content=\"summary_large_image\" \/>\n<script type=\"application\/ld+json\" class=\"yoast-schema-graph\">{\"@context\":\"https:\/\/schema.org\",\"@graph\":[{\"@type\":\"WebPage\",\"@id\":\"https:\/\/agropecuariafenix.com.br\/index.php\/produto\/advocate-gatos-entre-4-e-8kg\/\",\"url\":\"https:\/\/agropecuariafenix.com.br\/index.php\/produto\/advocate-gatos-entre-4-e-8kg\/\",\"name\":\"Advocate Gatos Entre 4 E 8Kg - Agropecu\u00e1ria Fenix\",\"isPartOf\":{\"@id\":\"https:\/\/agropecuariafenix.com.br\/#website\"},\"primaryImageOfPage\":{\"@id\":\"https:\/\/agropecuariafenix.com.br\/index.php\/produto\/advocate-gatos-entre-4-e-8kg\/#primaryimage\"},\"image\":{\"@id\":\"https:\/\/agropecuariafenix.com.br\/index.php\/produto\/advocate-gatos-entre-4-e-8kg\/#primaryimage\"},\"thumbnailUrl\":\"https:\/\/agropecuariafenix.com.br\/wp-content\/uploads\/2022\/09\/Advocate-Gatos-Entre-4-E-8Kg-325390241.jpg\",\"datePublished\":\"2022-09-16T14:32:37+00:00\",\"dateModified\":\"2025-11-03T21:26:01+00:00\",\"breadcrumb\":{\"@id\":\"https:\/\/agropecuariafenix.com.br\/index.php\/produto\/advocate-gatos-entre-4-e-8kg\/#breadcrumb\"},\"inLanguage\":\"pt-BR\",\"potentialAction\":[{\"@type\":\"ReadAction\",\"target\":[\"https:\/\/agropecuariafenix.com.br\/index.php\/produto\/advocate-gatos-entre-4-e-8kg\/\"]}]},{\"@type\":\"ImageObject\",\"inLanguage\":\"pt-BR\",\"@id\":\"https:\/\/agropecuariafenix.com.br\/index.php\/produto\/advocate-gatos-entre-4-e-8kg\/#primaryimage\",\"url\":\"https:\/\/agropecuariafenix.com.br\/wp-content\/uploads\/2022\/09\/Advocate-Gatos-Entre-4-E-8Kg-325390241.jpg\",\"contentUrl\":\"https:\/\/agropecuariafenix.com.br\/wp-content\/uploads\/2022\/09\/Advocate-Gatos-Entre-4-E-8Kg-325390241.jpg\",\"width\":600,\"height\":600,\"caption\":\"Advocate Gatos Entre 4 E 8Kg\"},{\"@type\":\"BreadcrumbList\",\"@id\":\"https:\/\/agropecuariafenix.com.br\/index.php\/produto\/advocate-gatos-entre-4-e-8kg\/#breadcrumb\",\"itemListElement\":[{\"@type\":\"ListItem\",\"position\":1,\"name\":\"In\u00edcio\",\"item\":\"https:\/\/agropecuariafenix.com.br\/\"},{\"@type\":\"ListItem\",\"position\":2,\"name\":\"Todos os produtos\",\"item\":\"https:\/\/agropecuariafenix.com.br\/index.php\/loja\/\"},{\"@type\":\"ListItem\",\"position\":3,\"name\":\"Advocate Gatos Entre 4 E 8Kg\"}]},{\"@type\":\"WebSite\",\"@id\":\"https:\/\/agropecuariafenix.com.br\/#website\",\"url\":\"https:\/\/agropecuariafenix.com.br\/\",\"name\":\"Agropecu\u00e1ria Fenix\",\"description\":\"Agropecu\u00e1ria F\u00eanix Pet - Ra\u00e7\u00f5es \/ Medicamentos Pet \/ Cl\u00ednica Veterin\u00e1ria \/ Banho e Tosa \/ Cachorro \/\u00a0Gato\u00a0\/\u00a0P\u00e1ssaros\",\"publisher\":{\"@id\":\"https:\/\/agropecuariafenix.com.br\/#organization\"},\"alternateName\":\"Agropecu\u00e1ria Fenix\",\"potentialAction\":[{\"@type\":\"SearchAction\",\"target\":{\"@type\":\"EntryPoint\",\"urlTemplate\":\"https:\/\/agropecuariafenix.com.br\/?s={search_term_string}\"},\"query-input\":{\"@type\":\"PropertyValueSpecification\",\"valueRequired\":true,\"valueName\":\"search_term_string\"}}],\"inLanguage\":\"pt-BR\"},{\"@type\":\"Organization\",\"@id\":\"https:\/\/agropecuariafenix.com.br\/#organization\",\"name\":\"Agropecu\u00e1ria Fenix\",\"alternateName\":\"Agropecu\u00e1ria Fenix\",\"url\":\"https:\/\/agropecuariafenix.com.br\/\",\"logo\":{\"@type\":\"ImageObject\",\"inLanguage\":\"pt-BR\",\"@id\":\"https:\/\/agropecuariafenix.com.br\/#\/schema\/logo\/image\/\",\"url\":\"https:\/\/agropecuariafenix.com.br\/wp-content\/uploads\/2023\/08\/logo_fenix3-Copy.png\",\"contentUrl\":\"https:\/\/agropecuariafenix.com.br\/wp-content\/uploads\/2023\/08\/logo_fenix3-Copy.png\",\"width\":500,\"height\":500,\"caption\":\"Agropecu\u00e1ria Fenix\"},\"image\":{\"@id\":\"https:\/\/agropecuariafenix.com.br\/#\/schema\/logo\/image\/\"},\"sameAs\":[\"https:\/\/web.facebook.com\/agropecuariafenixjau\",\"https:\/\/www.instagram.com\/agropecuaria_fenix_jau\/\"]}]}<\/script>\n<!-- \/ Yoast SEO plugin. -->","yoast_head_json":{"title":"Advocate Gatos Entre 4 E 8Kg - Agropecu\u00e1ria Fenix","robots":{"index":"index","follow":"follow","max-snippet":"max-snippet:-1","max-image-preview":"max-image-preview:large","max-video-preview":"max-video-preview:-1"},"canonical":"https:\/\/agropecuariafenix.com.br\/index.php\/produto\/advocate-gatos-entre-4-e-8kg\/","og_locale":"pt_BR","og_type":"article","og_title":"Advocate Gatos Entre 4 E 8Kg - Agropecu\u00e1ria Fenix","og_description":"&#8211; Aplica\u00e7\u00e3o pr\u00e1tica; &#8211; Previne a Dirofilariose; &#8211; Auxilia a desinfesta\u00e7\u00e3o do ambiente; &#8211; A\u00e7\u00e3o imediata sem precisar picar o animal; &#8211; Eficaz no tratamento contra pulgas por 4 semanas; &#8211; Pode ser aplicado logo ap\u00f3s o banho e tosa, com o pelo seco; &#8211; Trata e previne os principais vermes intestinais redondos de c\u00e3es e gatos; &#8211; A partir de 7 semanas de vida do c\u00e3o\/ A partir de 9 semanas de vida do gato; &#8211; Indicado para o tratamento de sarnas: sarc\u00f3ptica, demod\u00e9cica e otod\u00e9cica.","og_url":"https:\/\/agropecuariafenix.com.br\/index.php\/produto\/advocate-gatos-entre-4-e-8kg\/","og_site_name":"Agropecu\u00e1ria Fenix","article_publisher":"https:\/\/web.facebook.com\/agropecuariafenixjau","article_modified_time":"2025-11-03T21:26:01+00:00","og_image":[{"width":600,"height":600,"url":"https:\/\/agropecuariafenix.com.br\/wp-content\/uploads\/2022\/09\/Advocate-Gatos-Entre-4-E-8Kg-325390241.jpg","type":"image\/jpeg"}],"twitter_card":"summary_large_image","schema":{"@context":"https:\/\/schema.org","@graph":[{"@type":"WebPage","@id":"https:\/\/agropecuariafenix.com.br\/index.php\/produto\/advocate-gatos-entre-4-e-8kg\/","url":"https:\/\/agropecuariafenix.com.br\/index.php\/produto\/advocate-gatos-entre-4-e-8kg\/","name":"Advocate Gatos Entre 4 E 8Kg - Agropecu\u00e1ria Fenix","isPartOf":{"@id":"https:\/\/agropecuariafenix.com.br\/#website"},"primaryImageOfPage":{"@id":"https:\/\/agropecuariafenix.com.br\/index.php\/produto\/advocate-gatos-entre-4-e-8kg\/#primaryimage"},"image":{"@id":"https:\/\/agropecuariafenix.com.br\/index.php\/produto\/advocate-gatos-entre-4-e-8kg\/#primaryimage"},"thumbnailUrl":"https:\/\/agropecuariafenix.com.br\/wp-content\/uploads\/2022\/09\/Advocate-Gatos-Entre-4-E-8Kg-325390241.jpg","datePublished":"2022-09-16T14:32:37+00:00","dateModified":"2025-11-03T21:26:01+00:00","breadcrumb":{"@id":"https:\/\/agropecuariafenix.com.br\/index.php\/produto\/advocate-gatos-entre-4-e-8kg\/#breadcrumb"},"inLanguage":"pt-BR","potentialAction":[{"@type":"ReadAction","target":["https:\/\/agropecuariafenix.com.br\/index.php\/produto\/advocate-gatos-entre-4-e-8kg\/"]}]},{"@type":"ImageObject","inLanguage":"pt-BR","@id":"https:\/\/agropecuariafenix.com.br\/index.php\/produto\/advocate-gatos-entre-4-e-8kg\/#primaryimage","url":"https:\/\/agropecuariafenix.com.br\/wp-content\/uploads\/2022\/09\/Advocate-Gatos-Entre-4-E-8Kg-325390241.jpg","contentUrl":"https:\/\/agropecuariafenix.com.br\/wp-content\/uploads\/2022\/09\/Advocate-Gatos-Entre-4-E-8Kg-325390241.jpg","width":600,"height":600,"caption":"Advocate Gatos Entre 4 E 8Kg"},{"@type":"BreadcrumbList","@id":"https:\/\/agropecuariafenix.com.br\/index.php\/produto\/advocate-gatos-entre-4-e-8kg\/#breadcrumb","itemListElement":[{"@type":"ListItem","position":1,"name":"In\u00edcio","item":"https:\/\/agropecuariafenix.com.br\/"},{"@type":"ListItem","position":2,"name":"Todos os produtos","item":"https:\/\/agropecuariafenix.com.br\/index.php\/loja\/"},{"@type":"ListItem","position":3,"name":"Advocate Gatos Entre 4 E 8Kg"}]},{"@type":"WebSite","@id":"https:\/\/agropecuariafenix.com.br\/#website","url":"https:\/\/agropecuariafenix.com.br\/","name":"Agropecu\u00e1ria Fenix","description":"Agropecu\u00e1ria F\u00eanix Pet - Ra\u00e7\u00f5es \/ Medicamentos Pet \/ Cl\u00ednica Veterin\u00e1ria \/ Banho e Tosa \/ Cachorro \/\u00a0Gato\u00a0\/\u00a0P\u00e1ssaros","publisher":{"@id":"https:\/\/agropecuariafenix.com.br\/#organization"},"alternateName":"Agropecu\u00e1ria Fenix","potentialAction":[{"@type":"SearchAction","target":{"@type":"EntryPoint","urlTemplate":"https:\/\/agropecuariafenix.com.br\/?s={search_term_string}"},"query-input":{"@type":"PropertyValueSpecification","valueRequired":true,"valueName":"search_term_string"}}],"inLanguage":"pt-BR"},{"@type":"Organization","@id":"https:\/\/agropecuariafenix.com.br\/#organization","name":"Agropecu\u00e1ria Fenix","alternateName":"Agropecu\u00e1ria Fenix","url":"https:\/\/agropecuariafenix.com.br\/","logo":{"@type":"ImageObject","inLanguage":"pt-BR","@id":"https:\/\/agropecuariafenix.com.br\/#\/schema\/logo\/image\/","url":"https:\/\/agropecuariafenix.com.br\/wp-content\/uploads\/2023\/08\/logo_fenix3-Copy.png","contentUrl":"https:\/\/agropecuariafenix.com.br\/wp-content\/uploads\/2023\/08\/logo_fenix3-Copy.png","width":500,"height":500,"caption":"Agropecu\u00e1ria Fenix"},"image":{"@id":"https:\/\/agropecuariafenix.com.br\/#\/schema\/logo\/image\/"},"sameAs":["https:\/\/web.facebook.com\/agropecuariafenixjau","https:\/\/www.instagram.com\/agropecuaria_fenix_jau\/"]}]}},"_links":{"self":[{"href":"https:\/\/agropecuariafenix.com.br\/index.php\/wp-json\/wp\/v2\/product\/25926","targetHints":{"allow":["GET"]}}],"collection":[{"href":"https:\/\/agropecuariafenix.com.br\/index.php\/wp-json\/wp\/v2\/product"}],"about":[{"href":"https:\/\/agropecuariafenix.com.br\/index.php\/wp-json\/wp\/v2\/types\/product"}],"replies":[{"embeddable":true,"href":"https:\/\/agropecuariafenix.com.br\/index.php\/wp-json\/wp\/v2\/comments?post=25926"}],"version-history":[{"count":1,"href":"https:\/\/agropecuariafenix.com.br\/index.php\/wp-json\/wp\/v2\/product\/25926\/revisions"}],"predecessor-version":[{"id":25936,"href":"https:\/\/agropecuariafenix.com.br\/index.php\/wp-json\/wp\/v2\/product\/25926\/revisions\/25936"}],"wp:featuredmedia":[{"embeddable":true,"href":"https:\/\/agropecuariafenix.com.br\/index.php\/wp-json\/wp\/v2\/media\/25920"}],"wp:attachment":[{"href":"https:\/\/agropecuariafenix.com.br\/index.php\/wp-json\/wp\/v2\/media?parent=25926"}],"wp:term":[{"taxonomy":"product_brand","embeddable":true,"href":"https:\/\/agropecuariafenix.com.br\/index.php\/wp-json\/wp\/v2\/product_brand?post=25926"},{"taxonomy":"product_cat","embeddable":true,"href":"https:\/\/agropecuariafenix.com.br\/index.php\/wp-json\/wp\/v2\/product_cat?post=25926"},{"taxonomy":"product_tag","embeddable":true,"href":"https:\/\/agropecuariafenix.com.br\/index.php\/wp-json\/wp\/v2\/product_tag?post=25926"}],"curies":[{"name":"wp","href":"https:\/\/api.w.org\/{rel}","templated":true}]}}