{"id":25917,"date":"2022-09-16T11:29:31","date_gmt":"2022-09-16T14:29:31","guid":{"rendered":"https:\/\/agropecuariafenix.com.br\/index.php\/produto\/advocate-gatos-ate-4kg\/"},"modified":"2025-11-03T18:25:57","modified_gmt":"2025-11-03T21:25:57","slug":"advocate-gatos-ate-4kg","status":"publish","type":"product","link":"https:\/\/agropecuariafenix.com.br\/index.php\/produto\/advocate-gatos-ate-4kg\/","title":{"rendered":"Advocate Gatos At\u00e9 4Kg"},"content":{"rendered":"<p>O Antipulgas Elanco Advocate para Gatos at\u00e9 4 Kg \u00e9 indicado para a preven\u00e7\u00e3o e tratamento das infesta\u00e7\u00f5es por pulgas, sarc\u00f3ptica e demod\u00e9cica e os vermes intestinais em gatos at\u00e9 4 kg de peso.<\/p>\n","protected":false},"excerpt":{"rendered":"<p>Aplica\u00e7\u00e3o pr\u00e1tica;<br \/>\nPrevine a Dirofilariose;<br \/>\nAuxilia a desinfesta\u00e7\u00e3o do ambiente;<br \/>\nA\u00e7\u00e3o imediata sem precisar picar o animal;<br \/>\nEficaz no tratamento contra pulgas por 4 semanas;<br \/>\nPode ser aplicado logo ap\u00f3s o banho e tosa, com o pelo seco;<br \/>\nTrata e previne os principais vermes intestinais redondos de c\u00e3es e gatos;<br \/>\nA partir de 7 semanas de vida do c\u00e3o\/ A partir de 9 semanas de vida do gato;<br \/>\nIndicado para o tratamento para o tratamento de sarnas: sarc\u00f3ptica, demod\u00e9cica e otod\u00e9cica.<\/p>\n","protected":false},"featured_media":26986,"comment_status":"open","ping_status":"closed","template":"","meta":[],"product_brand":[],"product_cat":[1110],"product_tag":[836,1442,1425,1109,1441,1344,209,1428,1268,1269],"class_list":{"0":"post-25917","1":"product","2":"type-product","3":"status-publish","4":"has-post-thumbnail","6":"product_cat-medicamentos","7":"product_tag-4kg","8":"product_tag-advocate","9":"product_tag-antiparasitario","10":"product_tag-antipulgas","11":"product_tag-bayer","12":"product_tag-dermatite","13":"product_tag-gatos","14":"product_tag-pipeta","15":"product_tag-sarna","16":"product_tag-vermifugo","18":"first","19":"outofstock","20":"shipping-taxable","21":"purchasable","22":"product-type-simple"},"yoast_head":"<!-- This site is optimized with the Yoast SEO plugin v26.1.1 - https:\/\/yoast.com\/wordpress\/plugins\/seo\/ -->\n<title>Advocate Gatos At\u00e9 4Kg - Agropecu\u00e1ria Fenix<\/title>\n<meta name=\"robots\" content=\"index, follow, max-snippet:-1, max-image-preview:large, max-video-preview:-1\" \/>\n<link rel=\"canonical\" href=\"https:\/\/agropecuariafenix.com.br\/index.php\/produto\/advocate-gatos-ate-4kg\/\" \/>\n<meta property=\"og:locale\" content=\"pt_BR\" \/>\n<meta property=\"og:type\" content=\"article\" \/>\n<meta property=\"og:title\" content=\"Advocate Gatos At\u00e9 4Kg - Agropecu\u00e1ria Fenix\" \/>\n<meta property=\"og:description\" content=\"Aplica\u00e7\u00e3o pr\u00e1tica; Previne a Dirofilariose; Auxilia a desinfesta\u00e7\u00e3o do ambiente; A\u00e7\u00e3o imediata sem precisar picar o animal; Eficaz no tratamento contra pulgas por 4 semanas; Pode ser aplicado logo ap\u00f3s o banho e tosa, com o pelo seco; Trata e previne os principais vermes intestinais redondos de c\u00e3es e gatos; A partir de 7 semanas de vida do c\u00e3o\/ A partir de 9 semanas de vida do gato; Indicado para o tratamento para o tratamento de sarnas: sarc\u00f3ptica, demod\u00e9cica e otod\u00e9cica.\" \/>\n<meta property=\"og:url\" content=\"https:\/\/agropecuariafenix.com.br\/index.php\/produto\/advocate-gatos-ate-4kg\/\" \/>\n<meta property=\"og:site_name\" content=\"Agropecu\u00e1ria Fenix\" \/>\n<meta property=\"article:publisher\" content=\"https:\/\/web.facebook.com\/agropecuariafenixjau\" \/>\n<meta property=\"article:modified_time\" content=\"2025-11-03T21:25:57+00:00\" \/>\n<meta property=\"og:image\" content=\"https:\/\/agropecuariafenix.com.br\/wp-content\/uploads\/2024\/12\/Advocate-Gatos-At-4Kg-637860616.jpg\" \/>\n\t<meta property=\"og:image:width\" content=\"600\" \/>\n\t<meta property=\"og:image:height\" content=\"600\" \/>\n\t<meta property=\"og:image:type\" content=\"image\/jpeg\" \/>\n<meta name=\"twitter:card\" content=\"summary_large_image\" \/>\n<script type=\"application\/ld+json\" class=\"yoast-schema-graph\">{\"@context\":\"https:\/\/schema.org\",\"@graph\":[{\"@type\":\"WebPage\",\"@id\":\"https:\/\/agropecuariafenix.com.br\/index.php\/produto\/advocate-gatos-ate-4kg\/\",\"url\":\"https:\/\/agropecuariafenix.com.br\/index.php\/produto\/advocate-gatos-ate-4kg\/\",\"name\":\"Advocate Gatos At\u00e9 4Kg - Agropecu\u00e1ria Fenix\",\"isPartOf\":{\"@id\":\"https:\/\/agropecuariafenix.com.br\/#website\"},\"primaryImageOfPage\":{\"@id\":\"https:\/\/agropecuariafenix.com.br\/index.php\/produto\/advocate-gatos-ate-4kg\/#primaryimage\"},\"image\":{\"@id\":\"https:\/\/agropecuariafenix.com.br\/index.php\/produto\/advocate-gatos-ate-4kg\/#primaryimage\"},\"thumbnailUrl\":\"https:\/\/agropecuariafenix.com.br\/wp-content\/uploads\/2024\/12\/Advocate-Gatos-At-4Kg-637860616.jpg\",\"datePublished\":\"2022-09-16T14:29:31+00:00\",\"dateModified\":\"2025-11-03T21:25:57+00:00\",\"breadcrumb\":{\"@id\":\"https:\/\/agropecuariafenix.com.br\/index.php\/produto\/advocate-gatos-ate-4kg\/#breadcrumb\"},\"inLanguage\":\"pt-BR\",\"potentialAction\":[{\"@type\":\"ReadAction\",\"target\":[\"https:\/\/agropecuariafenix.com.br\/index.php\/produto\/advocate-gatos-ate-4kg\/\"]}]},{\"@type\":\"ImageObject\",\"inLanguage\":\"pt-BR\",\"@id\":\"https:\/\/agropecuariafenix.com.br\/index.php\/produto\/advocate-gatos-ate-4kg\/#primaryimage\",\"url\":\"https:\/\/agropecuariafenix.com.br\/wp-content\/uploads\/2024\/12\/Advocate-Gatos-At-4Kg-637860616.jpg\",\"contentUrl\":\"https:\/\/agropecuariafenix.com.br\/wp-content\/uploads\/2024\/12\/Advocate-Gatos-At-4Kg-637860616.jpg\",\"width\":600,\"height\":600,\"caption\":\"Advocate Gatos At\u00e9 4Kg\"},{\"@type\":\"BreadcrumbList\",\"@id\":\"https:\/\/agropecuariafenix.com.br\/index.php\/produto\/advocate-gatos-ate-4kg\/#breadcrumb\",\"itemListElement\":[{\"@type\":\"ListItem\",\"position\":1,\"name\":\"In\u00edcio\",\"item\":\"https:\/\/agropecuariafenix.com.br\/\"},{\"@type\":\"ListItem\",\"position\":2,\"name\":\"Todos os produtos\",\"item\":\"https:\/\/agropecuariafenix.com.br\/index.php\/loja\/\"},{\"@type\":\"ListItem\",\"position\":3,\"name\":\"Advocate Gatos At\u00e9 4Kg\"}]},{\"@type\":\"WebSite\",\"@id\":\"https:\/\/agropecuariafenix.com.br\/#website\",\"url\":\"https:\/\/agropecuariafenix.com.br\/\",\"name\":\"Agropecu\u00e1ria Fenix\",\"description\":\"Agropecu\u00e1ria F\u00eanix Pet - Ra\u00e7\u00f5es \/ Medicamentos Pet \/ Cl\u00ednica Veterin\u00e1ria \/ Banho e Tosa \/ Cachorro \/\u00a0Gato\u00a0\/\u00a0P\u00e1ssaros\",\"publisher\":{\"@id\":\"https:\/\/agropecuariafenix.com.br\/#organization\"},\"alternateName\":\"Agropecu\u00e1ria Fenix\",\"potentialAction\":[{\"@type\":\"SearchAction\",\"target\":{\"@type\":\"EntryPoint\",\"urlTemplate\":\"https:\/\/agropecuariafenix.com.br\/?s={search_term_string}\"},\"query-input\":{\"@type\":\"PropertyValueSpecification\",\"valueRequired\":true,\"valueName\":\"search_term_string\"}}],\"inLanguage\":\"pt-BR\"},{\"@type\":\"Organization\",\"@id\":\"https:\/\/agropecuariafenix.com.br\/#organization\",\"name\":\"Agropecu\u00e1ria Fenix\",\"alternateName\":\"Agropecu\u00e1ria Fenix\",\"url\":\"https:\/\/agropecuariafenix.com.br\/\",\"logo\":{\"@type\":\"ImageObject\",\"inLanguage\":\"pt-BR\",\"@id\":\"https:\/\/agropecuariafenix.com.br\/#\/schema\/logo\/image\/\",\"url\":\"https:\/\/agropecuariafenix.com.br\/wp-content\/uploads\/2023\/08\/logo_fenix3-Copy.png\",\"contentUrl\":\"https:\/\/agropecuariafenix.com.br\/wp-content\/uploads\/2023\/08\/logo_fenix3-Copy.png\",\"width\":500,\"height\":500,\"caption\":\"Agropecu\u00e1ria Fenix\"},\"image\":{\"@id\":\"https:\/\/agropecuariafenix.com.br\/#\/schema\/logo\/image\/\"},\"sameAs\":[\"https:\/\/web.facebook.com\/agropecuariafenixjau\",\"https:\/\/www.instagram.com\/agropecuaria_fenix_jau\/\"]}]}<\/script>\n<!-- \/ Yoast SEO plugin. -->","yoast_head_json":{"title":"Advocate Gatos At\u00e9 4Kg - Agropecu\u00e1ria Fenix","robots":{"index":"index","follow":"follow","max-snippet":"max-snippet:-1","max-image-preview":"max-image-preview:large","max-video-preview":"max-video-preview:-1"},"canonical":"https:\/\/agropecuariafenix.com.br\/index.php\/produto\/advocate-gatos-ate-4kg\/","og_locale":"pt_BR","og_type":"article","og_title":"Advocate Gatos At\u00e9 4Kg - Agropecu\u00e1ria Fenix","og_description":"Aplica\u00e7\u00e3o pr\u00e1tica; Previne a Dirofilariose; Auxilia a desinfesta\u00e7\u00e3o do ambiente; A\u00e7\u00e3o imediata sem precisar picar o animal; Eficaz no tratamento contra pulgas por 4 semanas; Pode ser aplicado logo ap\u00f3s o banho e tosa, com o pelo seco; Trata e previne os principais vermes intestinais redondos de c\u00e3es e gatos; A partir de 7 semanas de vida do c\u00e3o\/ A partir de 9 semanas de vida do gato; Indicado para o tratamento para o tratamento de sarnas: sarc\u00f3ptica, demod\u00e9cica e otod\u00e9cica.","og_url":"https:\/\/agropecuariafenix.com.br\/index.php\/produto\/advocate-gatos-ate-4kg\/","og_site_name":"Agropecu\u00e1ria Fenix","article_publisher":"https:\/\/web.facebook.com\/agropecuariafenixjau","article_modified_time":"2025-11-03T21:25:57+00:00","og_image":[{"width":600,"height":600,"url":"https:\/\/agropecuariafenix.com.br\/wp-content\/uploads\/2024\/12\/Advocate-Gatos-At-4Kg-637860616.jpg","type":"image\/jpeg"}],"twitter_card":"summary_large_image","schema":{"@context":"https:\/\/schema.org","@graph":[{"@type":"WebPage","@id":"https:\/\/agropecuariafenix.com.br\/index.php\/produto\/advocate-gatos-ate-4kg\/","url":"https:\/\/agropecuariafenix.com.br\/index.php\/produto\/advocate-gatos-ate-4kg\/","name":"Advocate Gatos At\u00e9 4Kg - Agropecu\u00e1ria Fenix","isPartOf":{"@id":"https:\/\/agropecuariafenix.com.br\/#website"},"primaryImageOfPage":{"@id":"https:\/\/agropecuariafenix.com.br\/index.php\/produto\/advocate-gatos-ate-4kg\/#primaryimage"},"image":{"@id":"https:\/\/agropecuariafenix.com.br\/index.php\/produto\/advocate-gatos-ate-4kg\/#primaryimage"},"thumbnailUrl":"https:\/\/agropecuariafenix.com.br\/wp-content\/uploads\/2024\/12\/Advocate-Gatos-At-4Kg-637860616.jpg","datePublished":"2022-09-16T14:29:31+00:00","dateModified":"2025-11-03T21:25:57+00:00","breadcrumb":{"@id":"https:\/\/agropecuariafenix.com.br\/index.php\/produto\/advocate-gatos-ate-4kg\/#breadcrumb"},"inLanguage":"pt-BR","potentialAction":[{"@type":"ReadAction","target":["https:\/\/agropecuariafenix.com.br\/index.php\/produto\/advocate-gatos-ate-4kg\/"]}]},{"@type":"ImageObject","inLanguage":"pt-BR","@id":"https:\/\/agropecuariafenix.com.br\/index.php\/produto\/advocate-gatos-ate-4kg\/#primaryimage","url":"https:\/\/agropecuariafenix.com.br\/wp-content\/uploads\/2024\/12\/Advocate-Gatos-At-4Kg-637860616.jpg","contentUrl":"https:\/\/agropecuariafenix.com.br\/wp-content\/uploads\/2024\/12\/Advocate-Gatos-At-4Kg-637860616.jpg","width":600,"height":600,"caption":"Advocate Gatos At\u00e9 4Kg"},{"@type":"BreadcrumbList","@id":"https:\/\/agropecuariafenix.com.br\/index.php\/produto\/advocate-gatos-ate-4kg\/#breadcrumb","itemListElement":[{"@type":"ListItem","position":1,"name":"In\u00edcio","item":"https:\/\/agropecuariafenix.com.br\/"},{"@type":"ListItem","position":2,"name":"Todos os produtos","item":"https:\/\/agropecuariafenix.com.br\/index.php\/loja\/"},{"@type":"ListItem","position":3,"name":"Advocate Gatos At\u00e9 4Kg"}]},{"@type":"WebSite","@id":"https:\/\/agropecuariafenix.com.br\/#website","url":"https:\/\/agropecuariafenix.com.br\/","name":"Agropecu\u00e1ria Fenix","description":"Agropecu\u00e1ria F\u00eanix Pet - Ra\u00e7\u00f5es \/ Medicamentos Pet \/ Cl\u00ednica Veterin\u00e1ria \/ Banho e Tosa \/ Cachorro \/\u00a0Gato\u00a0\/\u00a0P\u00e1ssaros","publisher":{"@id":"https:\/\/agropecuariafenix.com.br\/#organization"},"alternateName":"Agropecu\u00e1ria Fenix","potentialAction":[{"@type":"SearchAction","target":{"@type":"EntryPoint","urlTemplate":"https:\/\/agropecuariafenix.com.br\/?s={search_term_string}"},"query-input":{"@type":"PropertyValueSpecification","valueRequired":true,"valueName":"search_term_string"}}],"inLanguage":"pt-BR"},{"@type":"Organization","@id":"https:\/\/agropecuariafenix.com.br\/#organization","name":"Agropecu\u00e1ria Fenix","alternateName":"Agropecu\u00e1ria Fenix","url":"https:\/\/agropecuariafenix.com.br\/","logo":{"@type":"ImageObject","inLanguage":"pt-BR","@id":"https:\/\/agropecuariafenix.com.br\/#\/schema\/logo\/image\/","url":"https:\/\/agropecuariafenix.com.br\/wp-content\/uploads\/2023\/08\/logo_fenix3-Copy.png","contentUrl":"https:\/\/agropecuariafenix.com.br\/wp-content\/uploads\/2023\/08\/logo_fenix3-Copy.png","width":500,"height":500,"caption":"Agropecu\u00e1ria Fenix"},"image":{"@id":"https:\/\/agropecuariafenix.com.br\/#\/schema\/logo\/image\/"},"sameAs":["https:\/\/web.facebook.com\/agropecuariafenixjau","https:\/\/www.instagram.com\/agropecuaria_fenix_jau\/"]}]}},"_links":{"self":[{"href":"https:\/\/agropecuariafenix.com.br\/index.php\/wp-json\/wp\/v2\/product\/25917","targetHints":{"allow":["GET"]}}],"collection":[{"href":"https:\/\/agropecuariafenix.com.br\/index.php\/wp-json\/wp\/v2\/product"}],"about":[{"href":"https:\/\/agropecuariafenix.com.br\/index.php\/wp-json\/wp\/v2\/types\/product"}],"replies":[{"embeddable":true,"href":"https:\/\/agropecuariafenix.com.br\/index.php\/wp-json\/wp\/v2\/comments?post=25917"}],"version-history":[{"count":5,"href":"https:\/\/agropecuariafenix.com.br\/index.php\/wp-json\/wp\/v2\/product\/25917\/revisions"}],"predecessor-version":[{"id":26994,"href":"https:\/\/agropecuariafenix.com.br\/index.php\/wp-json\/wp\/v2\/product\/25917\/revisions\/26994"}],"wp:featuredmedia":[{"embeddable":true,"href":"https:\/\/agropecuariafenix.com.br\/index.php\/wp-json\/wp\/v2\/media\/26986"}],"wp:attachment":[{"href":"https:\/\/agropecuariafenix.com.br\/index.php\/wp-json\/wp\/v2\/media?parent=25917"}],"wp:term":[{"taxonomy":"product_brand","embeddable":true,"href":"https:\/\/agropecuariafenix.com.br\/index.php\/wp-json\/wp\/v2\/product_brand?post=25917"},{"taxonomy":"product_cat","embeddable":true,"href":"https:\/\/agropecuariafenix.com.br\/index.php\/wp-json\/wp\/v2\/product_cat?post=25917"},{"taxonomy":"product_tag","embeddable":true,"href":"https:\/\/agropecuariafenix.com.br\/index.php\/wp-json\/wp\/v2\/product_tag?post=25917"}],"curies":[{"name":"wp","href":"https:\/\/api.w.org\/{rel}","templated":true}]}}