{"id":25855,"date":"2022-09-16T10:40:21","date_gmt":"2022-09-16T13:40:21","guid":{"rendered":"https:\/\/agropecuariafenix.com.br\/index.php\/produto\/revolution-caes-e-gatos-ate-25kg-caixa-3-unidades\/"},"modified":"2026-02-06T10:46:27","modified_gmt":"2026-02-06T13:46:27","slug":"revolution-caes-e-gatos-ate-25kg-caixa-3-unidades","status":"publish","type":"product","link":"https:\/\/agropecuariafenix.com.br\/index.php\/produto\/revolution-caes-e-gatos-ate-25kg-caixa-3-unidades\/","title":{"rendered":"Revolution C\u00e3es E Gatos At\u00e9 2,5Kg &#8211; Caixa 3 Unidades"},"content":{"rendered":"<p>A chegada de um bichinho de estima\u00e7\u00e3o em nossa fam\u00edlia \u00e9 sempre uma enorme alegria. No entanto, quando eles ainda s\u00e3o pequenos, alguns cuidados s\u00e3o mais que essenciais. Um deles \u00e9 a preven\u00e7\u00e3o de pulgas e carrapatos, por isso, a Zoetis desenvolveu o Revolution filhotes!<\/p>\n<p>O Revolution antipulgas filhotes vem em forma de pipeta e \u00e9 muito f\u00e1cil de utilizar. Al\u00e9m disso, oferece as seguintes vantagens:<\/p>\n<p>&#8211; protege por at\u00e9 30 dias;<br \/>\n&#8211; \u00e9 eficaz contra carrapatos,<br \/>\n&#8211; pode ser utilizado no tratamento da dirofilariose. <\/p>\n","protected":false},"excerpt":{"rendered":"<p>&#8211; Indicado para c\u00e3es e gatos filhotes;<br \/>\n&#8211; Controla e previne a infesta\u00e7\u00e3o de pulgas e carrapatos;<br \/>\n&#8211; Auxilia no controle da dermatite al\u00e9rgica por picadas de pulgas (DAPP);<br \/>\n&#8211; Previne a dirofilariose e vermes intestinais;<br \/>\n&#8211; Tem f\u00e1cil aplica\u00e7\u00e3o,<br \/>\n&#8211; Dispon\u00edvel em embalagens com 1 ou 3 bisnagas.<\/p>\n","protected":false},"featured_media":25854,"comment_status":"open","ping_status":"closed","template":"","meta":[],"product_brand":[],"product_cat":[1110],"product_tag":[1425,1109,75,1344,126,209,1428,1424,1268,1269],"class_list":{"0":"post-25855","1":"product","2":"type-product","3":"status-publish","4":"has-post-thumbnail","6":"product_cat-medicamentos","7":"product_tag-antiparasitario","8":"product_tag-antipulgas","9":"product_tag-caes","10":"product_tag-dermatite","11":"product_tag-filhotes","12":"product_tag-gatos","13":"product_tag-pipeta","14":"product_tag-revolution","15":"product_tag-sarna","16":"product_tag-vermifugo","18":"first","19":"instock","20":"shipping-taxable","21":"purchasable","22":"product-type-simple"},"yoast_head":"<!-- This site is optimized with the Yoast SEO plugin v26.1.1 - https:\/\/yoast.com\/wordpress\/plugins\/seo\/ -->\n<title>Revolution C\u00e3es E Gatos At\u00e9 2,5Kg - Caixa 3 Unidades - Agropecu\u00e1ria Fenix<\/title>\n<meta name=\"robots\" content=\"index, follow, max-snippet:-1, max-image-preview:large, max-video-preview:-1\" \/>\n<link rel=\"canonical\" href=\"https:\/\/agropecuariafenix.com.br\/index.php\/produto\/revolution-caes-e-gatos-ate-25kg-caixa-3-unidades\/\" \/>\n<meta property=\"og:locale\" content=\"pt_BR\" \/>\n<meta property=\"og:type\" content=\"article\" \/>\n<meta property=\"og:title\" content=\"Revolution C\u00e3es E Gatos At\u00e9 2,5Kg - Caixa 3 Unidades - Agropecu\u00e1ria Fenix\" \/>\n<meta property=\"og:description\" content=\"&#8211; Indicado para c\u00e3es e gatos filhotes; &#8211; Controla e previne a infesta\u00e7\u00e3o de pulgas e carrapatos; &#8211; Auxilia no controle da dermatite al\u00e9rgica por picadas de pulgas (DAPP); &#8211; Previne a dirofilariose e vermes intestinais; &#8211; Tem f\u00e1cil aplica\u00e7\u00e3o, &#8211; Dispon\u00edvel em embalagens com 1 ou 3 bisnagas.\" \/>\n<meta property=\"og:url\" content=\"https:\/\/agropecuariafenix.com.br\/index.php\/produto\/revolution-caes-e-gatos-ate-25kg-caixa-3-unidades\/\" \/>\n<meta property=\"og:site_name\" content=\"Agropecu\u00e1ria Fenix\" \/>\n<meta property=\"article:publisher\" content=\"https:\/\/web.facebook.com\/agropecuariafenixjau\" \/>\n<meta property=\"article:modified_time\" content=\"2026-02-06T13:46:27+00:00\" \/>\n<meta property=\"og:image\" content=\"https:\/\/agropecuariafenix.com.br\/wp-content\/uploads\/2022\/09\/Revolution-Ces-E-Gatos-At-25Kg-Caixa-3-Unidades-522680080.jpg\" \/>\n\t<meta property=\"og:image:width\" content=\"900\" \/>\n\t<meta property=\"og:image:height\" content=\"900\" \/>\n\t<meta property=\"og:image:type\" content=\"image\/jpeg\" \/>\n<meta name=\"twitter:card\" content=\"summary_large_image\" \/>\n<script type=\"application\/ld+json\" class=\"yoast-schema-graph\">{\"@context\":\"https:\/\/schema.org\",\"@graph\":[{\"@type\":\"WebPage\",\"@id\":\"https:\/\/agropecuariafenix.com.br\/index.php\/produto\/revolution-caes-e-gatos-ate-25kg-caixa-3-unidades\/\",\"url\":\"https:\/\/agropecuariafenix.com.br\/index.php\/produto\/revolution-caes-e-gatos-ate-25kg-caixa-3-unidades\/\",\"name\":\"Revolution C\u00e3es E Gatos At\u00e9 2,5Kg - Caixa 3 Unidades - Agropecu\u00e1ria Fenix\",\"isPartOf\":{\"@id\":\"https:\/\/agropecuariafenix.com.br\/#website\"},\"primaryImageOfPage\":{\"@id\":\"https:\/\/agropecuariafenix.com.br\/index.php\/produto\/revolution-caes-e-gatos-ate-25kg-caixa-3-unidades\/#primaryimage\"},\"image\":{\"@id\":\"https:\/\/agropecuariafenix.com.br\/index.php\/produto\/revolution-caes-e-gatos-ate-25kg-caixa-3-unidades\/#primaryimage\"},\"thumbnailUrl\":\"https:\/\/agropecuariafenix.com.br\/wp-content\/uploads\/2022\/09\/Revolution-Ces-E-Gatos-At-25Kg-Caixa-3-Unidades-522680080.jpg\",\"datePublished\":\"2022-09-16T13:40:21+00:00\",\"dateModified\":\"2026-02-06T13:46:27+00:00\",\"breadcrumb\":{\"@id\":\"https:\/\/agropecuariafenix.com.br\/index.php\/produto\/revolution-caes-e-gatos-ate-25kg-caixa-3-unidades\/#breadcrumb\"},\"inLanguage\":\"pt-BR\",\"potentialAction\":[{\"@type\":\"ReadAction\",\"target\":[\"https:\/\/agropecuariafenix.com.br\/index.php\/produto\/revolution-caes-e-gatos-ate-25kg-caixa-3-unidades\/\"]}]},{\"@type\":\"ImageObject\",\"inLanguage\":\"pt-BR\",\"@id\":\"https:\/\/agropecuariafenix.com.br\/index.php\/produto\/revolution-caes-e-gatos-ate-25kg-caixa-3-unidades\/#primaryimage\",\"url\":\"https:\/\/agropecuariafenix.com.br\/wp-content\/uploads\/2022\/09\/Revolution-Ces-E-Gatos-At-25Kg-Caixa-3-Unidades-522680080.jpg\",\"contentUrl\":\"https:\/\/agropecuariafenix.com.br\/wp-content\/uploads\/2022\/09\/Revolution-Ces-E-Gatos-At-25Kg-Caixa-3-Unidades-522680080.jpg\",\"width\":900,\"height\":900,\"caption\":\"Revolution C\u00e3es E Gatos At\u00e9 2,5Kg - Caixa 3 Unidades\"},{\"@type\":\"BreadcrumbList\",\"@id\":\"https:\/\/agropecuariafenix.com.br\/index.php\/produto\/revolution-caes-e-gatos-ate-25kg-caixa-3-unidades\/#breadcrumb\",\"itemListElement\":[{\"@type\":\"ListItem\",\"position\":1,\"name\":\"In\u00edcio\",\"item\":\"https:\/\/agropecuariafenix.com.br\/\"},{\"@type\":\"ListItem\",\"position\":2,\"name\":\"Todos os produtos\",\"item\":\"https:\/\/agropecuariafenix.com.br\/index.php\/loja\/\"},{\"@type\":\"ListItem\",\"position\":3,\"name\":\"Revolution C\u00e3es E Gatos At\u00e9 2,5Kg &#8211; Caixa 3 Unidades\"}]},{\"@type\":\"WebSite\",\"@id\":\"https:\/\/agropecuariafenix.com.br\/#website\",\"url\":\"https:\/\/agropecuariafenix.com.br\/\",\"name\":\"Agropecu\u00e1ria Fenix\",\"description\":\"Agropecu\u00e1ria F\u00eanix Pet - Ra\u00e7\u00f5es \/ Medicamentos Pet \/ Cl\u00ednica Veterin\u00e1ria \/ Banho e Tosa \/ Cachorro \/\u00a0Gato\u00a0\/\u00a0P\u00e1ssaros\",\"publisher\":{\"@id\":\"https:\/\/agropecuariafenix.com.br\/#organization\"},\"alternateName\":\"Agropecu\u00e1ria Fenix\",\"potentialAction\":[{\"@type\":\"SearchAction\",\"target\":{\"@type\":\"EntryPoint\",\"urlTemplate\":\"https:\/\/agropecuariafenix.com.br\/?s={search_term_string}\"},\"query-input\":{\"@type\":\"PropertyValueSpecification\",\"valueRequired\":true,\"valueName\":\"search_term_string\"}}],\"inLanguage\":\"pt-BR\"},{\"@type\":\"Organization\",\"@id\":\"https:\/\/agropecuariafenix.com.br\/#organization\",\"name\":\"Agropecu\u00e1ria Fenix\",\"alternateName\":\"Agropecu\u00e1ria Fenix\",\"url\":\"https:\/\/agropecuariafenix.com.br\/\",\"logo\":{\"@type\":\"ImageObject\",\"inLanguage\":\"pt-BR\",\"@id\":\"https:\/\/agropecuariafenix.com.br\/#\/schema\/logo\/image\/\",\"url\":\"https:\/\/agropecuariafenix.com.br\/wp-content\/uploads\/2023\/08\/logo_fenix3-Copy.png\",\"contentUrl\":\"https:\/\/agropecuariafenix.com.br\/wp-content\/uploads\/2023\/08\/logo_fenix3-Copy.png\",\"width\":500,\"height\":500,\"caption\":\"Agropecu\u00e1ria Fenix\"},\"image\":{\"@id\":\"https:\/\/agropecuariafenix.com.br\/#\/schema\/logo\/image\/\"},\"sameAs\":[\"https:\/\/web.facebook.com\/agropecuariafenixjau\",\"https:\/\/www.instagram.com\/agropecuaria_fenix_jau\/\"]}]}<\/script>\n<!-- \/ Yoast SEO plugin. -->","yoast_head_json":{"title":"Revolution C\u00e3es E Gatos At\u00e9 2,5Kg - Caixa 3 Unidades - Agropecu\u00e1ria Fenix","robots":{"index":"index","follow":"follow","max-snippet":"max-snippet:-1","max-image-preview":"max-image-preview:large","max-video-preview":"max-video-preview:-1"},"canonical":"https:\/\/agropecuariafenix.com.br\/index.php\/produto\/revolution-caes-e-gatos-ate-25kg-caixa-3-unidades\/","og_locale":"pt_BR","og_type":"article","og_title":"Revolution C\u00e3es E Gatos At\u00e9 2,5Kg - Caixa 3 Unidades - Agropecu\u00e1ria Fenix","og_description":"&#8211; Indicado para c\u00e3es e gatos filhotes; &#8211; Controla e previne a infesta\u00e7\u00e3o de pulgas e carrapatos; &#8211; Auxilia no controle da dermatite al\u00e9rgica por picadas de pulgas (DAPP); &#8211; Previne a dirofilariose e vermes intestinais; &#8211; Tem f\u00e1cil aplica\u00e7\u00e3o, &#8211; Dispon\u00edvel em embalagens com 1 ou 3 bisnagas.","og_url":"https:\/\/agropecuariafenix.com.br\/index.php\/produto\/revolution-caes-e-gatos-ate-25kg-caixa-3-unidades\/","og_site_name":"Agropecu\u00e1ria Fenix","article_publisher":"https:\/\/web.facebook.com\/agropecuariafenixjau","article_modified_time":"2026-02-06T13:46:27+00:00","og_image":[{"width":900,"height":900,"url":"https:\/\/agropecuariafenix.com.br\/wp-content\/uploads\/2022\/09\/Revolution-Ces-E-Gatos-At-25Kg-Caixa-3-Unidades-522680080.jpg","type":"image\/jpeg"}],"twitter_card":"summary_large_image","schema":{"@context":"https:\/\/schema.org","@graph":[{"@type":"WebPage","@id":"https:\/\/agropecuariafenix.com.br\/index.php\/produto\/revolution-caes-e-gatos-ate-25kg-caixa-3-unidades\/","url":"https:\/\/agropecuariafenix.com.br\/index.php\/produto\/revolution-caes-e-gatos-ate-25kg-caixa-3-unidades\/","name":"Revolution C\u00e3es E Gatos At\u00e9 2,5Kg - Caixa 3 Unidades - Agropecu\u00e1ria Fenix","isPartOf":{"@id":"https:\/\/agropecuariafenix.com.br\/#website"},"primaryImageOfPage":{"@id":"https:\/\/agropecuariafenix.com.br\/index.php\/produto\/revolution-caes-e-gatos-ate-25kg-caixa-3-unidades\/#primaryimage"},"image":{"@id":"https:\/\/agropecuariafenix.com.br\/index.php\/produto\/revolution-caes-e-gatos-ate-25kg-caixa-3-unidades\/#primaryimage"},"thumbnailUrl":"https:\/\/agropecuariafenix.com.br\/wp-content\/uploads\/2022\/09\/Revolution-Ces-E-Gatos-At-25Kg-Caixa-3-Unidades-522680080.jpg","datePublished":"2022-09-16T13:40:21+00:00","dateModified":"2026-02-06T13:46:27+00:00","breadcrumb":{"@id":"https:\/\/agropecuariafenix.com.br\/index.php\/produto\/revolution-caes-e-gatos-ate-25kg-caixa-3-unidades\/#breadcrumb"},"inLanguage":"pt-BR","potentialAction":[{"@type":"ReadAction","target":["https:\/\/agropecuariafenix.com.br\/index.php\/produto\/revolution-caes-e-gatos-ate-25kg-caixa-3-unidades\/"]}]},{"@type":"ImageObject","inLanguage":"pt-BR","@id":"https:\/\/agropecuariafenix.com.br\/index.php\/produto\/revolution-caes-e-gatos-ate-25kg-caixa-3-unidades\/#primaryimage","url":"https:\/\/agropecuariafenix.com.br\/wp-content\/uploads\/2022\/09\/Revolution-Ces-E-Gatos-At-25Kg-Caixa-3-Unidades-522680080.jpg","contentUrl":"https:\/\/agropecuariafenix.com.br\/wp-content\/uploads\/2022\/09\/Revolution-Ces-E-Gatos-At-25Kg-Caixa-3-Unidades-522680080.jpg","width":900,"height":900,"caption":"Revolution C\u00e3es E Gatos At\u00e9 2,5Kg - Caixa 3 Unidades"},{"@type":"BreadcrumbList","@id":"https:\/\/agropecuariafenix.com.br\/index.php\/produto\/revolution-caes-e-gatos-ate-25kg-caixa-3-unidades\/#breadcrumb","itemListElement":[{"@type":"ListItem","position":1,"name":"In\u00edcio","item":"https:\/\/agropecuariafenix.com.br\/"},{"@type":"ListItem","position":2,"name":"Todos os produtos","item":"https:\/\/agropecuariafenix.com.br\/index.php\/loja\/"},{"@type":"ListItem","position":3,"name":"Revolution C\u00e3es E Gatos At\u00e9 2,5Kg &#8211; Caixa 3 Unidades"}]},{"@type":"WebSite","@id":"https:\/\/agropecuariafenix.com.br\/#website","url":"https:\/\/agropecuariafenix.com.br\/","name":"Agropecu\u00e1ria Fenix","description":"Agropecu\u00e1ria F\u00eanix Pet - Ra\u00e7\u00f5es \/ Medicamentos Pet \/ Cl\u00ednica Veterin\u00e1ria \/ Banho e Tosa \/ Cachorro \/\u00a0Gato\u00a0\/\u00a0P\u00e1ssaros","publisher":{"@id":"https:\/\/agropecuariafenix.com.br\/#organization"},"alternateName":"Agropecu\u00e1ria Fenix","potentialAction":[{"@type":"SearchAction","target":{"@type":"EntryPoint","urlTemplate":"https:\/\/agropecuariafenix.com.br\/?s={search_term_string}"},"query-input":{"@type":"PropertyValueSpecification","valueRequired":true,"valueName":"search_term_string"}}],"inLanguage":"pt-BR"},{"@type":"Organization","@id":"https:\/\/agropecuariafenix.com.br\/#organization","name":"Agropecu\u00e1ria Fenix","alternateName":"Agropecu\u00e1ria Fenix","url":"https:\/\/agropecuariafenix.com.br\/","logo":{"@type":"ImageObject","inLanguage":"pt-BR","@id":"https:\/\/agropecuariafenix.com.br\/#\/schema\/logo\/image\/","url":"https:\/\/agropecuariafenix.com.br\/wp-content\/uploads\/2023\/08\/logo_fenix3-Copy.png","contentUrl":"https:\/\/agropecuariafenix.com.br\/wp-content\/uploads\/2023\/08\/logo_fenix3-Copy.png","width":500,"height":500,"caption":"Agropecu\u00e1ria Fenix"},"image":{"@id":"https:\/\/agropecuariafenix.com.br\/#\/schema\/logo\/image\/"},"sameAs":["https:\/\/web.facebook.com\/agropecuariafenixjau","https:\/\/www.instagram.com\/agropecuaria_fenix_jau\/"]}]}},"_links":{"self":[{"href":"https:\/\/agropecuariafenix.com.br\/index.php\/wp-json\/wp\/v2\/product\/25855","targetHints":{"allow":["GET"]}}],"collection":[{"href":"https:\/\/agropecuariafenix.com.br\/index.php\/wp-json\/wp\/v2\/product"}],"about":[{"href":"https:\/\/agropecuariafenix.com.br\/index.php\/wp-json\/wp\/v2\/types\/product"}],"replies":[{"embeddable":true,"href":"https:\/\/agropecuariafenix.com.br\/index.php\/wp-json\/wp\/v2\/comments?post=25855"}],"version-history":[{"count":1,"href":"https:\/\/agropecuariafenix.com.br\/index.php\/wp-json\/wp\/v2\/product\/25855\/revisions"}],"predecessor-version":[{"id":25856,"href":"https:\/\/agropecuariafenix.com.br\/index.php\/wp-json\/wp\/v2\/product\/25855\/revisions\/25856"}],"wp:featuredmedia":[{"embeddable":true,"href":"https:\/\/agropecuariafenix.com.br\/index.php\/wp-json\/wp\/v2\/media\/25854"}],"wp:attachment":[{"href":"https:\/\/agropecuariafenix.com.br\/index.php\/wp-json\/wp\/v2\/media?parent=25855"}],"wp:term":[{"taxonomy":"product_brand","embeddable":true,"href":"https:\/\/agropecuariafenix.com.br\/index.php\/wp-json\/wp\/v2\/product_brand?post=25855"},{"taxonomy":"product_cat","embeddable":true,"href":"https:\/\/agropecuariafenix.com.br\/index.php\/wp-json\/wp\/v2\/product_cat?post=25855"},{"taxonomy":"product_tag","embeddable":true,"href":"https:\/\/agropecuariafenix.com.br\/index.php\/wp-json\/wp\/v2\/product_tag?post=25855"}],"curies":[{"name":"wp","href":"https:\/\/api.w.org\/{rel}","templated":true}]}}