{"id":25813,"date":"2022-09-15T18:48:57","date_gmt":"2022-09-15T21:48:57","guid":{"rendered":"https:\/\/agropecuariafenix.com.br\/index.php\/produto\/periovet-spray-higiene-bucal-menta-100ml\/"},"modified":"2026-03-09T12:05:31","modified_gmt":"2026-03-09T15:05:31","slug":"periovet-spray-higiene-bucal-menta-100ml","status":"publish","type":"product","link":"https:\/\/agropecuariafenix.com.br\/index.php\/produto\/periovet-spray-higiene-bucal-menta-100ml\/","title":{"rendered":"Periovet Spray Higiene Bucal Menta 100Ml"},"content":{"rendered":"<p>Periovet Spray<\/p>\n<p>Como tutor, \u00e9 de extrema import\u00e2ncia sempre garantir a sa\u00fade do seu pet. Por isso, o Periovet Spray foi desenvolvido para auxiliar na manuten\u00e7\u00e3o da sa\u00fade bucal dos nossos amiguinhos de quatro patas, sendo indicado para c\u00e3es e gatos.<\/p>\n<p>A higiene bucal do pet \u00e9 muito importante para a sa\u00fade dele, e, apesar de muitos tutores se esquecerem desse fato, uma limpeza nos dentes e gengivas \u00e9 essencial e deve ser feita de forma regular. Afinal, diversos estudos comprovam que problemas bucais podem causar diversas complica\u00e7\u00f5es ao pet, desde o mau h\u00e1lito at\u00e9 patologias mais s\u00e9rias.<\/p>\n<p>O Periovet \u00e9 uma solu\u00e7\u00e3o \u00e0 base de digluconato de clorexidina a 0,12% e conta com um delicioso sabor de menta, garantindo um h\u00e1lito mais refrescante para o seu pet. Al\u00e9m disso, o produto tamb\u00e9m pode ser utilizado de forma preventiva, ou seja, antes de o bichinho sofrer de qualquer desconforto ou problema bucal.<\/p>\n<p>Como usar o Periovet?<\/p>\n<p>Esse medicamento garante simples aplica\u00e7\u00e3o. Basta borrifar o spray de modo a atingir toda a regi\u00e3o dent\u00e1ria e gengival do pet. Para facilitar, tamb\u00e9m \u00e9 indicado utilizar gazes ou escovas de dente.<\/p>\n<p>O produto pode ser utilizado como enxaguante bucal, especialmente antes, durante e ap\u00f3s avalia\u00e7\u00f5es e procedimentos na cavidade oral. Dessa forma, o Periovet \u00e9 capaz de integrar um programa completo de higiene oral que inclui escova\u00e7\u00e3o peri\u00f3dica e avalia\u00e7\u00e3o odontol\u00f3gica pelo m\u00e9dico-veterin\u00e1rio.<\/p>\n<p>Recomenda\u00e7\u00f5es importantes<\/p>\n<p>Ao aplicar o spray, \u00e9 preciso tomar um cuidado redobrado para n\u00e3o atingir os olhos do seu bichinho. Por se tratar de uma subst\u00e2ncia mentolada, \u00e9 prov\u00e1vel que cause irrita\u00e7\u00f5es ao chegar perto da \u00e1rea dos olhos.<\/p>\n<p>\u00c9 necess\u00e1rio ressaltar que \u00e9 de extrema import\u00e2ncia sempre consultar um m\u00e9dico-veterin\u00e1rio antes de oferecer qualquer medicamento ao pet. Por isso, antes de fazer o uso do produto, \u00e9 recomendado levar o seu peludinho para uma avalia\u00e7\u00e3o odontol\u00f3gica com um profissional.<\/p>\n<p>Caso voc\u00ea perceba rea\u00e7\u00f5es adversas no seu pet, o medicamento deve ser suspenso de forma imediata. Al\u00e9m disso, tamb\u00e9m \u00e9 necess\u00e1rio retornar ao veterin\u00e1rio o mais r\u00e1pido poss\u00edvel, para ter mais detalhes sobre o problema e saber como proceder. Mantenha sempre o medicamento fora do alcance de crian\u00e7as e animais dom\u00e9sticos.<\/p>\n<p>Utilize a bula do Periovet para mais informa\u00e7\u00f5es sobre o medicamento.<\/p>\n","protected":false},"excerpt":{"rendered":"<p>Indicado para c\u00e3es e gatos;<br \/>\nDelicioso sabor de menta;<br \/>\nO h\u00e1lito do seu pet mais refrescante;<br \/>\nIndicado para higiene bucal do seu pet.<\/p>\n","protected":false},"featured_media":25814,"comment_status":"open","ping_status":"closed","template":"","meta":[],"product_brand":[],"product_cat":[1110],"product_tag":[1396,75,1401,1397,1398,209,1402,1394,1393],"class_list":{"0":"post-25813","1":"product","2":"type-product","3":"status-publish","4":"has-post-thumbnail","6":"product_cat-medicamentos","7":"product_tag-bucal","8":"product_tag-caes","9":"product_tag-dente","10":"product_tag-escova","11":"product_tag-escovacao","12":"product_tag-gatos","13":"product_tag-gengiva","14":"product_tag-halito","15":"product_tag-higiene","17":"first","18":"instock","19":"shipping-taxable","20":"purchasable","21":"product-type-simple"},"yoast_head":"<!-- This site is optimized with the Yoast SEO plugin v27.6 - https:\/\/yoast.com\/product\/yoast-seo-wordpress\/ -->\n<title>Periovet Spray Higiene Bucal Menta 100Ml - Agropecu\u00e1ria Fenix<\/title>\n<meta name=\"robots\" content=\"index, follow, max-snippet:-1, max-image-preview:large, max-video-preview:-1\" \/>\n<link rel=\"canonical\" href=\"https:\/\/agropecuariafenix.com.br\/index.php\/produto\/periovet-spray-higiene-bucal-menta-100ml\/\" \/>\n<meta property=\"og:locale\" content=\"pt_BR\" \/>\n<meta property=\"og:type\" content=\"article\" \/>\n<meta property=\"og:title\" content=\"Periovet Spray Higiene Bucal Menta 100Ml - Agropecu\u00e1ria Fenix\" \/>\n<meta property=\"og:description\" content=\"Indicado para c\u00e3es e gatos; Delicioso sabor de menta; O h\u00e1lito do seu pet mais refrescante; Indicado para higiene bucal do seu pet.\" \/>\n<meta property=\"og:url\" content=\"https:\/\/agropecuariafenix.com.br\/index.php\/produto\/periovet-spray-higiene-bucal-menta-100ml\/\" \/>\n<meta property=\"og:site_name\" content=\"Agropecu\u00e1ria Fenix\" \/>\n<meta property=\"article:publisher\" content=\"https:\/\/web.facebook.com\/agropecuariafenixjau\" \/>\n<meta property=\"article:modified_time\" content=\"2026-03-09T15:05:31+00:00\" \/>\n<meta property=\"og:image\" content=\"https:\/\/agropecuariafenix.com.br\/wp-content\/uploads\/2022\/09\/Periovet-Spray-Higiene-Bucal-Menta-100Ml-299820557.jpg\" \/>\n\t<meta property=\"og:image:width\" content=\"600\" \/>\n\t<meta property=\"og:image:height\" content=\"600\" \/>\n\t<meta property=\"og:image:type\" content=\"image\/jpeg\" \/>\n<meta name=\"twitter:card\" content=\"summary_large_image\" \/>\n<meta name=\"twitter:label1\" content=\"Est. tempo de leitura\" \/>\n\t<meta name=\"twitter:data1\" content=\"2 minutos\" \/>\n<script type=\"application\/ld+json\" class=\"yoast-schema-graph\">{\"@context\":\"https:\\\/\\\/schema.org\",\"@graph\":[{\"@type\":\"WebPage\",\"@id\":\"https:\\\/\\\/agropecuariafenix.com.br\\\/index.php\\\/produto\\\/periovet-spray-higiene-bucal-menta-100ml\\\/\",\"url\":\"https:\\\/\\\/agropecuariafenix.com.br\\\/index.php\\\/produto\\\/periovet-spray-higiene-bucal-menta-100ml\\\/\",\"name\":\"Periovet Spray Higiene Bucal Menta 100Ml - Agropecu\u00e1ria Fenix\",\"isPartOf\":{\"@id\":\"https:\\\/\\\/agropecuariafenix.com.br\\\/#website\"},\"primaryImageOfPage\":{\"@id\":\"https:\\\/\\\/agropecuariafenix.com.br\\\/index.php\\\/produto\\\/periovet-spray-higiene-bucal-menta-100ml\\\/#primaryimage\"},\"image\":{\"@id\":\"https:\\\/\\\/agropecuariafenix.com.br\\\/index.php\\\/produto\\\/periovet-spray-higiene-bucal-menta-100ml\\\/#primaryimage\"},\"thumbnailUrl\":\"https:\\\/\\\/agropecuariafenix.com.br\\\/wp-content\\\/uploads\\\/2022\\\/09\\\/Periovet-Spray-Higiene-Bucal-Menta-100Ml-299820557.jpg\",\"datePublished\":\"2022-09-15T21:48:57+00:00\",\"dateModified\":\"2026-03-09T15:05:31+00:00\",\"breadcrumb\":{\"@id\":\"https:\\\/\\\/agropecuariafenix.com.br\\\/index.php\\\/produto\\\/periovet-spray-higiene-bucal-menta-100ml\\\/#breadcrumb\"},\"inLanguage\":\"pt-BR\",\"potentialAction\":[{\"@type\":\"ReadAction\",\"target\":[\"https:\\\/\\\/agropecuariafenix.com.br\\\/index.php\\\/produto\\\/periovet-spray-higiene-bucal-menta-100ml\\\/\"]}]},{\"@type\":\"ImageObject\",\"inLanguage\":\"pt-BR\",\"@id\":\"https:\\\/\\\/agropecuariafenix.com.br\\\/index.php\\\/produto\\\/periovet-spray-higiene-bucal-menta-100ml\\\/#primaryimage\",\"url\":\"https:\\\/\\\/agropecuariafenix.com.br\\\/wp-content\\\/uploads\\\/2022\\\/09\\\/Periovet-Spray-Higiene-Bucal-Menta-100Ml-299820557.jpg\",\"contentUrl\":\"https:\\\/\\\/agropecuariafenix.com.br\\\/wp-content\\\/uploads\\\/2022\\\/09\\\/Periovet-Spray-Higiene-Bucal-Menta-100Ml-299820557.jpg\",\"width\":600,\"height\":600,\"caption\":\"Periovet Spray Higiene Bucal Menta 100Ml\"},{\"@type\":\"BreadcrumbList\",\"@id\":\"https:\\\/\\\/agropecuariafenix.com.br\\\/index.php\\\/produto\\\/periovet-spray-higiene-bucal-menta-100ml\\\/#breadcrumb\",\"itemListElement\":[{\"@type\":\"ListItem\",\"position\":1,\"name\":\"In\u00edcio\",\"item\":\"https:\\\/\\\/agropecuariafenix.com.br\\\/\"},{\"@type\":\"ListItem\",\"position\":2,\"name\":\"Todos os produtos\",\"item\":\"https:\\\/\\\/agropecuariafenix.com.br\\\/index.php\\\/loja\\\/\"},{\"@type\":\"ListItem\",\"position\":3,\"name\":\"Periovet Spray Higiene Bucal Menta 100Ml\"}]},{\"@type\":\"WebSite\",\"@id\":\"https:\\\/\\\/agropecuariafenix.com.br\\\/#website\",\"url\":\"https:\\\/\\\/agropecuariafenix.com.br\\\/\",\"name\":\"Agropecu\u00e1ria Fenix\",\"description\":\"Agropecu\u00e1ria F\u00eanix Pet - Ra\u00e7\u00f5es \\\/ Medicamentos Pet \\\/ Cl\u00ednica Veterin\u00e1ria \\\/ Banho e Tosa \\\/ Cachorro \\\/\u00a0Gato\u00a0\\\/\u00a0P\u00e1ssaros\",\"publisher\":{\"@id\":\"https:\\\/\\\/agropecuariafenix.com.br\\\/#organization\"},\"alternateName\":\"Agropecu\u00e1ria Fenix\",\"potentialAction\":[{\"@type\":\"SearchAction\",\"target\":{\"@type\":\"EntryPoint\",\"urlTemplate\":\"https:\\\/\\\/agropecuariafenix.com.br\\\/?s={search_term_string}\"},\"query-input\":{\"@type\":\"PropertyValueSpecification\",\"valueRequired\":true,\"valueName\":\"search_term_string\"}}],\"inLanguage\":\"pt-BR\"},{\"@type\":\"Organization\",\"@id\":\"https:\\\/\\\/agropecuariafenix.com.br\\\/#organization\",\"name\":\"Agropecu\u00e1ria Fenix\",\"alternateName\":\"Agropecu\u00e1ria Fenix\",\"url\":\"https:\\\/\\\/agropecuariafenix.com.br\\\/\",\"logo\":{\"@type\":\"ImageObject\",\"inLanguage\":\"pt-BR\",\"@id\":\"https:\\\/\\\/agropecuariafenix.com.br\\\/#\\\/schema\\\/logo\\\/image\\\/\",\"url\":\"https:\\\/\\\/agropecuariafenix.com.br\\\/wp-content\\\/uploads\\\/2023\\\/08\\\/logo_fenix3-Copy.png\",\"contentUrl\":\"https:\\\/\\\/agropecuariafenix.com.br\\\/wp-content\\\/uploads\\\/2023\\\/08\\\/logo_fenix3-Copy.png\",\"width\":500,\"height\":500,\"caption\":\"Agropecu\u00e1ria Fenix\"},\"image\":{\"@id\":\"https:\\\/\\\/agropecuariafenix.com.br\\\/#\\\/schema\\\/logo\\\/image\\\/\"},\"sameAs\":[\"https:\\\/\\\/web.facebook.com\\\/agropecuariafenixjau\",\"https:\\\/\\\/www.instagram.com\\\/agropecuaria_fenix_jau\\\/\"]}]}<\/script>\n<!-- \/ Yoast SEO plugin. -->","yoast_head_json":{"title":"Periovet Spray Higiene Bucal Menta 100Ml - Agropecu\u00e1ria Fenix","robots":{"index":"index","follow":"follow","max-snippet":"max-snippet:-1","max-image-preview":"max-image-preview:large","max-video-preview":"max-video-preview:-1"},"canonical":"https:\/\/agropecuariafenix.com.br\/index.php\/produto\/periovet-spray-higiene-bucal-menta-100ml\/","og_locale":"pt_BR","og_type":"article","og_title":"Periovet Spray Higiene Bucal Menta 100Ml - Agropecu\u00e1ria Fenix","og_description":"Indicado para c\u00e3es e gatos; Delicioso sabor de menta; O h\u00e1lito do seu pet mais refrescante; Indicado para higiene bucal do seu pet.","og_url":"https:\/\/agropecuariafenix.com.br\/index.php\/produto\/periovet-spray-higiene-bucal-menta-100ml\/","og_site_name":"Agropecu\u00e1ria Fenix","article_publisher":"https:\/\/web.facebook.com\/agropecuariafenixjau","article_modified_time":"2026-03-09T15:05:31+00:00","og_image":[{"width":600,"height":600,"url":"https:\/\/agropecuariafenix.com.br\/wp-content\/uploads\/2022\/09\/Periovet-Spray-Higiene-Bucal-Menta-100Ml-299820557.jpg","type":"image\/jpeg"}],"twitter_card":"summary_large_image","twitter_misc":{"Est. tempo de leitura":"2 minutos"},"schema":{"@context":"https:\/\/schema.org","@graph":[{"@type":"WebPage","@id":"https:\/\/agropecuariafenix.com.br\/index.php\/produto\/periovet-spray-higiene-bucal-menta-100ml\/","url":"https:\/\/agropecuariafenix.com.br\/index.php\/produto\/periovet-spray-higiene-bucal-menta-100ml\/","name":"Periovet Spray Higiene Bucal Menta 100Ml - Agropecu\u00e1ria Fenix","isPartOf":{"@id":"https:\/\/agropecuariafenix.com.br\/#website"},"primaryImageOfPage":{"@id":"https:\/\/agropecuariafenix.com.br\/index.php\/produto\/periovet-spray-higiene-bucal-menta-100ml\/#primaryimage"},"image":{"@id":"https:\/\/agropecuariafenix.com.br\/index.php\/produto\/periovet-spray-higiene-bucal-menta-100ml\/#primaryimage"},"thumbnailUrl":"https:\/\/agropecuariafenix.com.br\/wp-content\/uploads\/2022\/09\/Periovet-Spray-Higiene-Bucal-Menta-100Ml-299820557.jpg","datePublished":"2022-09-15T21:48:57+00:00","dateModified":"2026-03-09T15:05:31+00:00","breadcrumb":{"@id":"https:\/\/agropecuariafenix.com.br\/index.php\/produto\/periovet-spray-higiene-bucal-menta-100ml\/#breadcrumb"},"inLanguage":"pt-BR","potentialAction":[{"@type":"ReadAction","target":["https:\/\/agropecuariafenix.com.br\/index.php\/produto\/periovet-spray-higiene-bucal-menta-100ml\/"]}]},{"@type":"ImageObject","inLanguage":"pt-BR","@id":"https:\/\/agropecuariafenix.com.br\/index.php\/produto\/periovet-spray-higiene-bucal-menta-100ml\/#primaryimage","url":"https:\/\/agropecuariafenix.com.br\/wp-content\/uploads\/2022\/09\/Periovet-Spray-Higiene-Bucal-Menta-100Ml-299820557.jpg","contentUrl":"https:\/\/agropecuariafenix.com.br\/wp-content\/uploads\/2022\/09\/Periovet-Spray-Higiene-Bucal-Menta-100Ml-299820557.jpg","width":600,"height":600,"caption":"Periovet Spray Higiene Bucal Menta 100Ml"},{"@type":"BreadcrumbList","@id":"https:\/\/agropecuariafenix.com.br\/index.php\/produto\/periovet-spray-higiene-bucal-menta-100ml\/#breadcrumb","itemListElement":[{"@type":"ListItem","position":1,"name":"In\u00edcio","item":"https:\/\/agropecuariafenix.com.br\/"},{"@type":"ListItem","position":2,"name":"Todos os produtos","item":"https:\/\/agropecuariafenix.com.br\/index.php\/loja\/"},{"@type":"ListItem","position":3,"name":"Periovet Spray Higiene Bucal Menta 100Ml"}]},{"@type":"WebSite","@id":"https:\/\/agropecuariafenix.com.br\/#website","url":"https:\/\/agropecuariafenix.com.br\/","name":"Agropecu\u00e1ria Fenix","description":"Agropecu\u00e1ria F\u00eanix Pet - Ra\u00e7\u00f5es \/ Medicamentos Pet \/ Cl\u00ednica Veterin\u00e1ria \/ Banho e Tosa \/ Cachorro \/\u00a0Gato\u00a0\/\u00a0P\u00e1ssaros","publisher":{"@id":"https:\/\/agropecuariafenix.com.br\/#organization"},"alternateName":"Agropecu\u00e1ria Fenix","potentialAction":[{"@type":"SearchAction","target":{"@type":"EntryPoint","urlTemplate":"https:\/\/agropecuariafenix.com.br\/?s={search_term_string}"},"query-input":{"@type":"PropertyValueSpecification","valueRequired":true,"valueName":"search_term_string"}}],"inLanguage":"pt-BR"},{"@type":"Organization","@id":"https:\/\/agropecuariafenix.com.br\/#organization","name":"Agropecu\u00e1ria Fenix","alternateName":"Agropecu\u00e1ria Fenix","url":"https:\/\/agropecuariafenix.com.br\/","logo":{"@type":"ImageObject","inLanguage":"pt-BR","@id":"https:\/\/agropecuariafenix.com.br\/#\/schema\/logo\/image\/","url":"https:\/\/agropecuariafenix.com.br\/wp-content\/uploads\/2023\/08\/logo_fenix3-Copy.png","contentUrl":"https:\/\/agropecuariafenix.com.br\/wp-content\/uploads\/2023\/08\/logo_fenix3-Copy.png","width":500,"height":500,"caption":"Agropecu\u00e1ria Fenix"},"image":{"@id":"https:\/\/agropecuariafenix.com.br\/#\/schema\/logo\/image\/"},"sameAs":["https:\/\/web.facebook.com\/agropecuariafenixjau","https:\/\/www.instagram.com\/agropecuaria_fenix_jau\/"]}]}},"_links":{"self":[{"href":"https:\/\/agropecuariafenix.com.br\/index.php\/wp-json\/wp\/v2\/product\/25813","targetHints":{"allow":["GET"]}}],"collection":[{"href":"https:\/\/agropecuariafenix.com.br\/index.php\/wp-json\/wp\/v2\/product"}],"about":[{"href":"https:\/\/agropecuariafenix.com.br\/index.php\/wp-json\/wp\/v2\/types\/product"}],"replies":[{"embeddable":true,"href":"https:\/\/agropecuariafenix.com.br\/index.php\/wp-json\/wp\/v2\/comments?post=25813"}],"version-history":[{"count":2,"href":"https:\/\/agropecuariafenix.com.br\/index.php\/wp-json\/wp\/v2\/product\/25813\/revisions"}],"predecessor-version":[{"id":25818,"href":"https:\/\/agropecuariafenix.com.br\/index.php\/wp-json\/wp\/v2\/product\/25813\/revisions\/25818"}],"wp:featuredmedia":[{"embeddable":true,"href":"https:\/\/agropecuariafenix.com.br\/index.php\/wp-json\/wp\/v2\/media\/25814"}],"wp:attachment":[{"href":"https:\/\/agropecuariafenix.com.br\/index.php\/wp-json\/wp\/v2\/media?parent=25813"}],"wp:term":[{"taxonomy":"product_brand","embeddable":true,"href":"https:\/\/agropecuariafenix.com.br\/index.php\/wp-json\/wp\/v2\/product_brand?post=25813"},{"taxonomy":"product_cat","embeddable":true,"href":"https:\/\/agropecuariafenix.com.br\/index.php\/wp-json\/wp\/v2\/product_cat?post=25813"},{"taxonomy":"product_tag","embeddable":true,"href":"https:\/\/agropecuariafenix.com.br\/index.php\/wp-json\/wp\/v2\/product_tag?post=25813"}],"curies":[{"name":"wp","href":"https:\/\/api.w.org\/{rel}","templated":true}]}}