{"id":25797,"date":"2022-09-15T18:32:27","date_gmt":"2022-09-15T21:32:27","guid":{"rendered":"https:\/\/agropecuariafenix.com.br\/index.php\/produto\/colirio-cineraria-maritima-10ml\/"},"modified":"2026-05-06T02:55:39","modified_gmt":"2026-05-06T05:55:39","slug":"colirio-cineraria-maritima-10ml","status":"publish","type":"product","link":"https:\/\/agropecuariafenix.com.br\/index.php\/produto\/colirio-cineraria-maritima-10ml\/","title":{"rendered":"Col\u00edrio Ciner\u00e1ria Mar\u00edtima 10Ml"},"content":{"rendered":"<p>Com o passar dos tempos, infelizmente, os pets come\u00e7am a desenvolver diversos probleminhas de sa\u00fade. As complica\u00e7\u00f5es na vis\u00e3o s\u00e3o bastante comuns e uma das mais recorrentes em c\u00e3es \u00e9 a catarata. Mas, para evitar que o seu grau avance, a ProvetS desenvolveu um excelente col\u00edrio homeop\u00e1tico, o Ciner\u00e1ria Mar\u00edtima.<\/p>\n<p>Por ser homeop\u00e1tica, essa composi\u00e7\u00e3o n\u00e3o traz nenhum malef\u00edcio ao seu companheiro. Pelo contr\u00e1rio, o col\u00edrio Ciner\u00e1ria Mar\u00edtima conta com a seguintes vantagens:<\/p>\n<p>&#8211; Trata e previne a catarata senil;<br \/>\n&#8211; Evita a opacidade da c\u00f3rnea;<br \/>\n&#8211; Promove a manuten\u00e7\u00e3o do cristalino ocular,<br \/>\n&#8211; N\u00e3o apresenta contraindica\u00e7\u00f5es e efeitos colaterais.<\/p>\n","protected":false},"excerpt":{"rendered":"<p>&#8211; Indicado para c\u00e3es e gatos;<br \/>\n&#8211; Medicamento homeop\u00e1tico;<br \/>\n&#8211; Ideal no tratamento de catarata senil, opacidade da c\u00f3rnea e do cristalino;<br \/>\n&#8211; Previne a catarata nos pets;<br \/>\n&#8211; Tem f\u00e1cil administra\u00e7\u00e3o por conta do frasco conta-gotas,<br \/>\n&#8211; A embalagem cont\u00e9m um frasco de 10 mL.<\/p>\n","protected":false},"featured_media":25796,"comment_status":"open","ping_status":"closed","template":"","meta":[],"product_brand":[],"product_cat":[1110],"product_tag":[75,1382,1368,209,1299,1373,1383],"class_list":{"0":"post-25797","1":"product","2":"type-product","3":"status-publish","4":"has-post-thumbnail","6":"product_cat-medicamentos","7":"product_tag-caes","8":"product_tag-catarata","9":"product_tag-colirio","10":"product_tag-gatos","11":"product_tag-homeopatia","12":"product_tag-olhos","13":"product_tag-opacidade","15":"first","16":"instock","17":"shipping-taxable","18":"purchasable","19":"product-type-simple"},"yoast_head":"<!-- This site is optimized with the Yoast SEO plugin v27.6 - https:\/\/yoast.com\/product\/yoast-seo-wordpress\/ -->\n<title>Col\u00edrio Ciner\u00e1ria Mar\u00edtima 10Ml - Agropecu\u00e1ria Fenix<\/title>\n<meta name=\"robots\" content=\"index, follow, max-snippet:-1, max-image-preview:large, max-video-preview:-1\" \/>\n<link rel=\"canonical\" href=\"https:\/\/agropecuariafenix.com.br\/index.php\/produto\/colirio-cineraria-maritima-10ml\/\" \/>\n<meta property=\"og:locale\" content=\"pt_BR\" \/>\n<meta property=\"og:type\" content=\"article\" \/>\n<meta property=\"og:title\" content=\"Col\u00edrio Ciner\u00e1ria Mar\u00edtima 10Ml - Agropecu\u00e1ria Fenix\" \/>\n<meta property=\"og:description\" content=\"&#8211; Indicado para c\u00e3es e gatos; &#8211; Medicamento homeop\u00e1tico; &#8211; Ideal no tratamento de catarata senil, opacidade da c\u00f3rnea e do cristalino; &#8211; Previne a catarata nos pets; &#8211; Tem f\u00e1cil administra\u00e7\u00e3o por conta do frasco conta-gotas, &#8211; A embalagem cont\u00e9m um frasco de 10 mL.\" \/>\n<meta property=\"og:url\" content=\"https:\/\/agropecuariafenix.com.br\/index.php\/produto\/colirio-cineraria-maritima-10ml\/\" \/>\n<meta property=\"og:site_name\" content=\"Agropecu\u00e1ria Fenix\" \/>\n<meta property=\"article:publisher\" content=\"https:\/\/web.facebook.com\/agropecuariafenixjau\" \/>\n<meta property=\"article:modified_time\" content=\"2026-05-06T05:55:39+00:00\" \/>\n<meta property=\"og:image\" content=\"https:\/\/agropecuariafenix.com.br\/wp-content\/uploads\/2022\/09\/Colrio-Cinerria-Martima-10Ml-1616141891.jpg\" \/>\n\t<meta property=\"og:image:width\" content=\"1000\" \/>\n\t<meta property=\"og:image:height\" content=\"1000\" \/>\n\t<meta property=\"og:image:type\" content=\"image\/jpeg\" \/>\n<meta name=\"twitter:card\" content=\"summary_large_image\" \/>\n<meta name=\"twitter:label1\" content=\"Est. tempo de leitura\" \/>\n\t<meta name=\"twitter:data1\" content=\"1 minuto\" \/>\n<script type=\"application\/ld+json\" class=\"yoast-schema-graph\">{\"@context\":\"https:\\\/\\\/schema.org\",\"@graph\":[{\"@type\":\"WebPage\",\"@id\":\"https:\\\/\\\/agropecuariafenix.com.br\\\/index.php\\\/produto\\\/colirio-cineraria-maritima-10ml\\\/\",\"url\":\"https:\\\/\\\/agropecuariafenix.com.br\\\/index.php\\\/produto\\\/colirio-cineraria-maritima-10ml\\\/\",\"name\":\"Col\u00edrio Ciner\u00e1ria Mar\u00edtima 10Ml - Agropecu\u00e1ria Fenix\",\"isPartOf\":{\"@id\":\"https:\\\/\\\/agropecuariafenix.com.br\\\/#website\"},\"primaryImageOfPage\":{\"@id\":\"https:\\\/\\\/agropecuariafenix.com.br\\\/index.php\\\/produto\\\/colirio-cineraria-maritima-10ml\\\/#primaryimage\"},\"image\":{\"@id\":\"https:\\\/\\\/agropecuariafenix.com.br\\\/index.php\\\/produto\\\/colirio-cineraria-maritima-10ml\\\/#primaryimage\"},\"thumbnailUrl\":\"https:\\\/\\\/agropecuariafenix.com.br\\\/wp-content\\\/uploads\\\/2022\\\/09\\\/Colrio-Cinerria-Martima-10Ml-1616141891.jpg\",\"datePublished\":\"2022-09-15T21:32:27+00:00\",\"dateModified\":\"2026-05-06T05:55:39+00:00\",\"breadcrumb\":{\"@id\":\"https:\\\/\\\/agropecuariafenix.com.br\\\/index.php\\\/produto\\\/colirio-cineraria-maritima-10ml\\\/#breadcrumb\"},\"inLanguage\":\"pt-BR\",\"potentialAction\":[{\"@type\":\"ReadAction\",\"target\":[\"https:\\\/\\\/agropecuariafenix.com.br\\\/index.php\\\/produto\\\/colirio-cineraria-maritima-10ml\\\/\"]}]},{\"@type\":\"ImageObject\",\"inLanguage\":\"pt-BR\",\"@id\":\"https:\\\/\\\/agropecuariafenix.com.br\\\/index.php\\\/produto\\\/colirio-cineraria-maritima-10ml\\\/#primaryimage\",\"url\":\"https:\\\/\\\/agropecuariafenix.com.br\\\/wp-content\\\/uploads\\\/2022\\\/09\\\/Colrio-Cinerria-Martima-10Ml-1616141891.jpg\",\"contentUrl\":\"https:\\\/\\\/agropecuariafenix.com.br\\\/wp-content\\\/uploads\\\/2022\\\/09\\\/Colrio-Cinerria-Martima-10Ml-1616141891.jpg\",\"width\":1000,\"height\":1000,\"caption\":\"Col\u00edrio Ciner\u00e1ria Mar\u00edtima 10Ml\"},{\"@type\":\"BreadcrumbList\",\"@id\":\"https:\\\/\\\/agropecuariafenix.com.br\\\/index.php\\\/produto\\\/colirio-cineraria-maritima-10ml\\\/#breadcrumb\",\"itemListElement\":[{\"@type\":\"ListItem\",\"position\":1,\"name\":\"In\u00edcio\",\"item\":\"https:\\\/\\\/agropecuariafenix.com.br\\\/\"},{\"@type\":\"ListItem\",\"position\":2,\"name\":\"Todos os produtos\",\"item\":\"https:\\\/\\\/agropecuariafenix.com.br\\\/index.php\\\/loja\\\/\"},{\"@type\":\"ListItem\",\"position\":3,\"name\":\"Col\u00edrio Ciner\u00e1ria Mar\u00edtima 10Ml\"}]},{\"@type\":\"WebSite\",\"@id\":\"https:\\\/\\\/agropecuariafenix.com.br\\\/#website\",\"url\":\"https:\\\/\\\/agropecuariafenix.com.br\\\/\",\"name\":\"Agropecu\u00e1ria Fenix\",\"description\":\"Agropecu\u00e1ria F\u00eanix Pet - Ra\u00e7\u00f5es \\\/ Medicamentos Pet \\\/ Cl\u00ednica Veterin\u00e1ria \\\/ Banho e Tosa \\\/ Cachorro \\\/\u00a0Gato\u00a0\\\/\u00a0P\u00e1ssaros\",\"publisher\":{\"@id\":\"https:\\\/\\\/agropecuariafenix.com.br\\\/#organization\"},\"alternateName\":\"Agropecu\u00e1ria Fenix\",\"potentialAction\":[{\"@type\":\"SearchAction\",\"target\":{\"@type\":\"EntryPoint\",\"urlTemplate\":\"https:\\\/\\\/agropecuariafenix.com.br\\\/?s={search_term_string}\"},\"query-input\":{\"@type\":\"PropertyValueSpecification\",\"valueRequired\":true,\"valueName\":\"search_term_string\"}}],\"inLanguage\":\"pt-BR\"},{\"@type\":\"Organization\",\"@id\":\"https:\\\/\\\/agropecuariafenix.com.br\\\/#organization\",\"name\":\"Agropecu\u00e1ria Fenix\",\"alternateName\":\"Agropecu\u00e1ria Fenix\",\"url\":\"https:\\\/\\\/agropecuariafenix.com.br\\\/\",\"logo\":{\"@type\":\"ImageObject\",\"inLanguage\":\"pt-BR\",\"@id\":\"https:\\\/\\\/agropecuariafenix.com.br\\\/#\\\/schema\\\/logo\\\/image\\\/\",\"url\":\"https:\\\/\\\/agropecuariafenix.com.br\\\/wp-content\\\/uploads\\\/2023\\\/08\\\/logo_fenix3-Copy.png\",\"contentUrl\":\"https:\\\/\\\/agropecuariafenix.com.br\\\/wp-content\\\/uploads\\\/2023\\\/08\\\/logo_fenix3-Copy.png\",\"width\":500,\"height\":500,\"caption\":\"Agropecu\u00e1ria Fenix\"},\"image\":{\"@id\":\"https:\\\/\\\/agropecuariafenix.com.br\\\/#\\\/schema\\\/logo\\\/image\\\/\"},\"sameAs\":[\"https:\\\/\\\/web.facebook.com\\\/agropecuariafenixjau\",\"https:\\\/\\\/www.instagram.com\\\/agropecuaria_fenix_jau\\\/\"]}]}<\/script>\n<!-- \/ Yoast SEO plugin. -->","yoast_head_json":{"title":"Col\u00edrio Ciner\u00e1ria Mar\u00edtima 10Ml - Agropecu\u00e1ria Fenix","robots":{"index":"index","follow":"follow","max-snippet":"max-snippet:-1","max-image-preview":"max-image-preview:large","max-video-preview":"max-video-preview:-1"},"canonical":"https:\/\/agropecuariafenix.com.br\/index.php\/produto\/colirio-cineraria-maritima-10ml\/","og_locale":"pt_BR","og_type":"article","og_title":"Col\u00edrio Ciner\u00e1ria Mar\u00edtima 10Ml - Agropecu\u00e1ria Fenix","og_description":"&#8211; Indicado para c\u00e3es e gatos; &#8211; Medicamento homeop\u00e1tico; &#8211; Ideal no tratamento de catarata senil, opacidade da c\u00f3rnea e do cristalino; &#8211; Previne a catarata nos pets; &#8211; Tem f\u00e1cil administra\u00e7\u00e3o por conta do frasco conta-gotas, &#8211; A embalagem cont\u00e9m um frasco de 10 mL.","og_url":"https:\/\/agropecuariafenix.com.br\/index.php\/produto\/colirio-cineraria-maritima-10ml\/","og_site_name":"Agropecu\u00e1ria Fenix","article_publisher":"https:\/\/web.facebook.com\/agropecuariafenixjau","article_modified_time":"2026-05-06T05:55:39+00:00","og_image":[{"width":1000,"height":1000,"url":"https:\/\/agropecuariafenix.com.br\/wp-content\/uploads\/2022\/09\/Colrio-Cinerria-Martima-10Ml-1616141891.jpg","type":"image\/jpeg"}],"twitter_card":"summary_large_image","twitter_misc":{"Est. tempo de leitura":"1 minuto"},"schema":{"@context":"https:\/\/schema.org","@graph":[{"@type":"WebPage","@id":"https:\/\/agropecuariafenix.com.br\/index.php\/produto\/colirio-cineraria-maritima-10ml\/","url":"https:\/\/agropecuariafenix.com.br\/index.php\/produto\/colirio-cineraria-maritima-10ml\/","name":"Col\u00edrio Ciner\u00e1ria Mar\u00edtima 10Ml - Agropecu\u00e1ria Fenix","isPartOf":{"@id":"https:\/\/agropecuariafenix.com.br\/#website"},"primaryImageOfPage":{"@id":"https:\/\/agropecuariafenix.com.br\/index.php\/produto\/colirio-cineraria-maritima-10ml\/#primaryimage"},"image":{"@id":"https:\/\/agropecuariafenix.com.br\/index.php\/produto\/colirio-cineraria-maritima-10ml\/#primaryimage"},"thumbnailUrl":"https:\/\/agropecuariafenix.com.br\/wp-content\/uploads\/2022\/09\/Colrio-Cinerria-Martima-10Ml-1616141891.jpg","datePublished":"2022-09-15T21:32:27+00:00","dateModified":"2026-05-06T05:55:39+00:00","breadcrumb":{"@id":"https:\/\/agropecuariafenix.com.br\/index.php\/produto\/colirio-cineraria-maritima-10ml\/#breadcrumb"},"inLanguage":"pt-BR","potentialAction":[{"@type":"ReadAction","target":["https:\/\/agropecuariafenix.com.br\/index.php\/produto\/colirio-cineraria-maritima-10ml\/"]}]},{"@type":"ImageObject","inLanguage":"pt-BR","@id":"https:\/\/agropecuariafenix.com.br\/index.php\/produto\/colirio-cineraria-maritima-10ml\/#primaryimage","url":"https:\/\/agropecuariafenix.com.br\/wp-content\/uploads\/2022\/09\/Colrio-Cinerria-Martima-10Ml-1616141891.jpg","contentUrl":"https:\/\/agropecuariafenix.com.br\/wp-content\/uploads\/2022\/09\/Colrio-Cinerria-Martima-10Ml-1616141891.jpg","width":1000,"height":1000,"caption":"Col\u00edrio Ciner\u00e1ria Mar\u00edtima 10Ml"},{"@type":"BreadcrumbList","@id":"https:\/\/agropecuariafenix.com.br\/index.php\/produto\/colirio-cineraria-maritima-10ml\/#breadcrumb","itemListElement":[{"@type":"ListItem","position":1,"name":"In\u00edcio","item":"https:\/\/agropecuariafenix.com.br\/"},{"@type":"ListItem","position":2,"name":"Todos os produtos","item":"https:\/\/agropecuariafenix.com.br\/index.php\/loja\/"},{"@type":"ListItem","position":3,"name":"Col\u00edrio Ciner\u00e1ria Mar\u00edtima 10Ml"}]},{"@type":"WebSite","@id":"https:\/\/agropecuariafenix.com.br\/#website","url":"https:\/\/agropecuariafenix.com.br\/","name":"Agropecu\u00e1ria Fenix","description":"Agropecu\u00e1ria F\u00eanix Pet - Ra\u00e7\u00f5es \/ Medicamentos Pet \/ Cl\u00ednica Veterin\u00e1ria \/ Banho e Tosa \/ Cachorro \/\u00a0Gato\u00a0\/\u00a0P\u00e1ssaros","publisher":{"@id":"https:\/\/agropecuariafenix.com.br\/#organization"},"alternateName":"Agropecu\u00e1ria Fenix","potentialAction":[{"@type":"SearchAction","target":{"@type":"EntryPoint","urlTemplate":"https:\/\/agropecuariafenix.com.br\/?s={search_term_string}"},"query-input":{"@type":"PropertyValueSpecification","valueRequired":true,"valueName":"search_term_string"}}],"inLanguage":"pt-BR"},{"@type":"Organization","@id":"https:\/\/agropecuariafenix.com.br\/#organization","name":"Agropecu\u00e1ria Fenix","alternateName":"Agropecu\u00e1ria Fenix","url":"https:\/\/agropecuariafenix.com.br\/","logo":{"@type":"ImageObject","inLanguage":"pt-BR","@id":"https:\/\/agropecuariafenix.com.br\/#\/schema\/logo\/image\/","url":"https:\/\/agropecuariafenix.com.br\/wp-content\/uploads\/2023\/08\/logo_fenix3-Copy.png","contentUrl":"https:\/\/agropecuariafenix.com.br\/wp-content\/uploads\/2023\/08\/logo_fenix3-Copy.png","width":500,"height":500,"caption":"Agropecu\u00e1ria Fenix"},"image":{"@id":"https:\/\/agropecuariafenix.com.br\/#\/schema\/logo\/image\/"},"sameAs":["https:\/\/web.facebook.com\/agropecuariafenixjau","https:\/\/www.instagram.com\/agropecuaria_fenix_jau\/"]}]}},"_links":{"self":[{"href":"https:\/\/agropecuariafenix.com.br\/index.php\/wp-json\/wp\/v2\/product\/25797","targetHints":{"allow":["GET"]}}],"collection":[{"href":"https:\/\/agropecuariafenix.com.br\/index.php\/wp-json\/wp\/v2\/product"}],"about":[{"href":"https:\/\/agropecuariafenix.com.br\/index.php\/wp-json\/wp\/v2\/types\/product"}],"replies":[{"embeddable":true,"href":"https:\/\/agropecuariafenix.com.br\/index.php\/wp-json\/wp\/v2\/comments?post=25797"}],"version-history":[{"count":1,"href":"https:\/\/agropecuariafenix.com.br\/index.php\/wp-json\/wp\/v2\/product\/25797\/revisions"}],"predecessor-version":[{"id":25799,"href":"https:\/\/agropecuariafenix.com.br\/index.php\/wp-json\/wp\/v2\/product\/25797\/revisions\/25799"}],"wp:featuredmedia":[{"embeddable":true,"href":"https:\/\/agropecuariafenix.com.br\/index.php\/wp-json\/wp\/v2\/media\/25796"}],"wp:attachment":[{"href":"https:\/\/agropecuariafenix.com.br\/index.php\/wp-json\/wp\/v2\/media?parent=25797"}],"wp:term":[{"taxonomy":"product_brand","embeddable":true,"href":"https:\/\/agropecuariafenix.com.br\/index.php\/wp-json\/wp\/v2\/product_brand?post=25797"},{"taxonomy":"product_cat","embeddable":true,"href":"https:\/\/agropecuariafenix.com.br\/index.php\/wp-json\/wp\/v2\/product_cat?post=25797"},{"taxonomy":"product_tag","embeddable":true,"href":"https:\/\/agropecuariafenix.com.br\/index.php\/wp-json\/wp\/v2\/product_tag?post=25797"}],"curies":[{"name":"wp","href":"https:\/\/api.w.org\/{rel}","templated":true}]}}