{"id":25745,"date":"2022-09-15T16:25:07","date_gmt":"2022-09-15T19:25:07","guid":{"rendered":"https:\/\/agropecuariafenix.com.br\/index.php\/produto\/alantol-cicatrizante-60g\/"},"modified":"2023-07-27T16:49:04","modified_gmt":"2023-07-27T19:49:04","slug":"alantol-cicatrizante-60g","status":"publish","type":"product","link":"https:\/\/agropecuariafenix.com.br\/index.php\/produto\/alantol-cicatrizante-60g\/","title":{"rendered":"Alantol Cicatrizante 60G"},"content":{"rendered":"<p>Pomada Vetnil Cicatrizante Vetnil Alantol \u00e9 indicado para equinos, c\u00e3es e gatos como cicatrizante.<\/p>\n<p>O que \u00e9:<br \/>\nPomada Cicatrizante Vetnil Alantol \u00e9 indicado nas terapias de les\u00f5es cut\u00e2neas, feridas acidentais ou cir\u00fargicas, abcessos, escoria\u00e7\u00f5es de dec\u00fabito, ulcera\u00e7\u00f5es de superf\u00edcie e queimaduras.<\/p>\n<p>Benef\u00edcios:<br \/>\n&#8211; Alanto\u00edna: promove debrida\u00e7\u00e3o qu\u00edmica de prote\u00ednas, que mant\u00e9m o ferimento livre de secre\u00e7\u00f5es purulentas e tecidos mortos, estimulando a epiteliza\u00e7\u00e3o e prolifera\u00e7\u00e3o celular.<br \/>\n&#8211; \u00d3xido de Zinco: poder adstringente, cicatrizante e secante.<\/p>\n<p>Como funciona:<br \/>\nUso t\u00f3pico: Aplicar, com as m\u00e3os ou esp\u00e1tula, ap\u00f3s pr\u00e9via limpeza, uma camada do produto diretamente no local afetado, espalhando suavemente sobre toda a superf\u00edcie. Repetir o tratamento 1 a 3 vezes ao dia, at\u00e9 cicatriza\u00e7\u00e3o completa da les\u00e3o.<\/p>\n<p>Cuidados:<br \/>\nN\u00e3o h\u00e1 registro de efeitos colaterais, por\u00e9m nunca se deve utilizar medicamento sem a orienta\u00e7\u00e3o do veterin\u00e1rio.<\/p>\n","protected":false},"excerpt":{"rendered":"<p>&#8211; Cicatriza les\u00f5es cut\u00e2neas, feridas acidentais ou cir\u00fargicas,<br \/>\n&#8211; Mant\u00e9m o ferimento livre de secre\u00e7\u00f5es<br \/>\n&#8211; Estimula a epiteliza\u00e7\u00e3o e prolifera\u00e7\u00e3o celular.<\/p>\n","protected":false},"featured_media":25744,"comment_status":"open","ping_status":"closed","template":"","meta":[],"product_brand":[],"product_cat":[1110],"product_tag":[75,1336,1352,209,1343,1338,1348,1302,1322],"class_list":{"0":"post-25745","1":"product","2":"type-product","3":"status-publish","4":"has-post-thumbnail","6":"product_cat-medicamentos","7":"product_tag-caes","8":"product_tag-cicatrizante","9":"product_tag-equinos","10":"product_tag-gatos","11":"product_tag-lesoes","12":"product_tag-machucado","13":"product_tag-pomada","14":"product_tag-terapia","15":"product_tag-vetnil","17":"first","18":"instock","19":"shipping-taxable","20":"purchasable","21":"product-type-simple"},"yoast_head":"<!-- This site is optimized with the Yoast SEO plugin v27.6 - https:\/\/yoast.com\/product\/yoast-seo-wordpress\/ -->\n<title>Alantol Cicatrizante 60G - Agropecu\u00e1ria Fenix<\/title>\n<meta name=\"robots\" content=\"index, follow, max-snippet:-1, max-image-preview:large, max-video-preview:-1\" \/>\n<link rel=\"canonical\" href=\"https:\/\/agropecuariafenix.com.br\/index.php\/produto\/alantol-cicatrizante-60g\/\" \/>\n<meta property=\"og:locale\" content=\"pt_BR\" \/>\n<meta property=\"og:type\" content=\"article\" \/>\n<meta property=\"og:title\" content=\"Alantol Cicatrizante 60G - Agropecu\u00e1ria Fenix\" \/>\n<meta property=\"og:description\" content=\"&#8211; Cicatriza les\u00f5es cut\u00e2neas, feridas acidentais ou cir\u00fargicas, &#8211; Mant\u00e9m o ferimento livre de secre\u00e7\u00f5es &#8211; Estimula a epiteliza\u00e7\u00e3o e prolifera\u00e7\u00e3o celular.\" \/>\n<meta property=\"og:url\" content=\"https:\/\/agropecuariafenix.com.br\/index.php\/produto\/alantol-cicatrizante-60g\/\" \/>\n<meta property=\"og:site_name\" content=\"Agropecu\u00e1ria Fenix\" \/>\n<meta property=\"article:publisher\" content=\"https:\/\/web.facebook.com\/agropecuariafenixjau\" \/>\n<meta property=\"article:modified_time\" content=\"2023-07-27T19:49:04+00:00\" \/>\n<meta property=\"og:image\" content=\"https:\/\/agropecuariafenix.com.br\/wp-content\/uploads\/2022\/09\/Alantol-Cicatrizante-60G-46569607.jpg\" \/>\n\t<meta property=\"og:image:width\" content=\"600\" \/>\n\t<meta property=\"og:image:height\" content=\"600\" \/>\n\t<meta property=\"og:image:type\" content=\"image\/jpeg\" \/>\n<meta name=\"twitter:card\" content=\"summary_large_image\" \/>\n<meta name=\"twitter:label1\" content=\"Est. tempo de leitura\" \/>\n\t<meta name=\"twitter:data1\" content=\"1 minuto\" \/>\n<script type=\"application\/ld+json\" class=\"yoast-schema-graph\">{\"@context\":\"https:\\\/\\\/schema.org\",\"@graph\":[{\"@type\":\"WebPage\",\"@id\":\"https:\\\/\\\/agropecuariafenix.com.br\\\/index.php\\\/produto\\\/alantol-cicatrizante-60g\\\/\",\"url\":\"https:\\\/\\\/agropecuariafenix.com.br\\\/index.php\\\/produto\\\/alantol-cicatrizante-60g\\\/\",\"name\":\"Alantol Cicatrizante 60G - Agropecu\u00e1ria Fenix\",\"isPartOf\":{\"@id\":\"https:\\\/\\\/agropecuariafenix.com.br\\\/#website\"},\"primaryImageOfPage\":{\"@id\":\"https:\\\/\\\/agropecuariafenix.com.br\\\/index.php\\\/produto\\\/alantol-cicatrizante-60g\\\/#primaryimage\"},\"image\":{\"@id\":\"https:\\\/\\\/agropecuariafenix.com.br\\\/index.php\\\/produto\\\/alantol-cicatrizante-60g\\\/#primaryimage\"},\"thumbnailUrl\":\"https:\\\/\\\/agropecuariafenix.com.br\\\/wp-content\\\/uploads\\\/2022\\\/09\\\/Alantol-Cicatrizante-60G-46569607.jpg\",\"datePublished\":\"2022-09-15T19:25:07+00:00\",\"dateModified\":\"2023-07-27T19:49:04+00:00\",\"breadcrumb\":{\"@id\":\"https:\\\/\\\/agropecuariafenix.com.br\\\/index.php\\\/produto\\\/alantol-cicatrizante-60g\\\/#breadcrumb\"},\"inLanguage\":\"pt-BR\",\"potentialAction\":[{\"@type\":\"ReadAction\",\"target\":[\"https:\\\/\\\/agropecuariafenix.com.br\\\/index.php\\\/produto\\\/alantol-cicatrizante-60g\\\/\"]}]},{\"@type\":\"ImageObject\",\"inLanguage\":\"pt-BR\",\"@id\":\"https:\\\/\\\/agropecuariafenix.com.br\\\/index.php\\\/produto\\\/alantol-cicatrizante-60g\\\/#primaryimage\",\"url\":\"https:\\\/\\\/agropecuariafenix.com.br\\\/wp-content\\\/uploads\\\/2022\\\/09\\\/Alantol-Cicatrizante-60G-46569607.jpg\",\"contentUrl\":\"https:\\\/\\\/agropecuariafenix.com.br\\\/wp-content\\\/uploads\\\/2022\\\/09\\\/Alantol-Cicatrizante-60G-46569607.jpg\",\"width\":600,\"height\":600,\"caption\":\"Alantol Cicatrizante 60G\"},{\"@type\":\"BreadcrumbList\",\"@id\":\"https:\\\/\\\/agropecuariafenix.com.br\\\/index.php\\\/produto\\\/alantol-cicatrizante-60g\\\/#breadcrumb\",\"itemListElement\":[{\"@type\":\"ListItem\",\"position\":1,\"name\":\"In\u00edcio\",\"item\":\"https:\\\/\\\/agropecuariafenix.com.br\\\/\"},{\"@type\":\"ListItem\",\"position\":2,\"name\":\"Todos os produtos\",\"item\":\"https:\\\/\\\/agropecuariafenix.com.br\\\/index.php\\\/loja\\\/\"},{\"@type\":\"ListItem\",\"position\":3,\"name\":\"Alantol Cicatrizante 60G\"}]},{\"@type\":\"WebSite\",\"@id\":\"https:\\\/\\\/agropecuariafenix.com.br\\\/#website\",\"url\":\"https:\\\/\\\/agropecuariafenix.com.br\\\/\",\"name\":\"Agropecu\u00e1ria Fenix\",\"description\":\"Agropecu\u00e1ria F\u00eanix Pet - Ra\u00e7\u00f5es \\\/ Medicamentos Pet \\\/ Cl\u00ednica Veterin\u00e1ria \\\/ Banho e Tosa \\\/ Cachorro \\\/\u00a0Gato\u00a0\\\/\u00a0P\u00e1ssaros\",\"publisher\":{\"@id\":\"https:\\\/\\\/agropecuariafenix.com.br\\\/#organization\"},\"alternateName\":\"Agropecu\u00e1ria Fenix\",\"potentialAction\":[{\"@type\":\"SearchAction\",\"target\":{\"@type\":\"EntryPoint\",\"urlTemplate\":\"https:\\\/\\\/agropecuariafenix.com.br\\\/?s={search_term_string}\"},\"query-input\":{\"@type\":\"PropertyValueSpecification\",\"valueRequired\":true,\"valueName\":\"search_term_string\"}}],\"inLanguage\":\"pt-BR\"},{\"@type\":\"Organization\",\"@id\":\"https:\\\/\\\/agropecuariafenix.com.br\\\/#organization\",\"name\":\"Agropecu\u00e1ria Fenix\",\"alternateName\":\"Agropecu\u00e1ria Fenix\",\"url\":\"https:\\\/\\\/agropecuariafenix.com.br\\\/\",\"logo\":{\"@type\":\"ImageObject\",\"inLanguage\":\"pt-BR\",\"@id\":\"https:\\\/\\\/agropecuariafenix.com.br\\\/#\\\/schema\\\/logo\\\/image\\\/\",\"url\":\"https:\\\/\\\/agropecuariafenix.com.br\\\/wp-content\\\/uploads\\\/2023\\\/08\\\/logo_fenix3-Copy.png\",\"contentUrl\":\"https:\\\/\\\/agropecuariafenix.com.br\\\/wp-content\\\/uploads\\\/2023\\\/08\\\/logo_fenix3-Copy.png\",\"width\":500,\"height\":500,\"caption\":\"Agropecu\u00e1ria Fenix\"},\"image\":{\"@id\":\"https:\\\/\\\/agropecuariafenix.com.br\\\/#\\\/schema\\\/logo\\\/image\\\/\"},\"sameAs\":[\"https:\\\/\\\/web.facebook.com\\\/agropecuariafenixjau\",\"https:\\\/\\\/www.instagram.com\\\/agropecuaria_fenix_jau\\\/\"]}]}<\/script>\n<!-- \/ Yoast SEO plugin. -->","yoast_head_json":{"title":"Alantol Cicatrizante 60G - Agropecu\u00e1ria Fenix","robots":{"index":"index","follow":"follow","max-snippet":"max-snippet:-1","max-image-preview":"max-image-preview:large","max-video-preview":"max-video-preview:-1"},"canonical":"https:\/\/agropecuariafenix.com.br\/index.php\/produto\/alantol-cicatrizante-60g\/","og_locale":"pt_BR","og_type":"article","og_title":"Alantol Cicatrizante 60G - Agropecu\u00e1ria Fenix","og_description":"&#8211; Cicatriza les\u00f5es cut\u00e2neas, feridas acidentais ou cir\u00fargicas, &#8211; Mant\u00e9m o ferimento livre de secre\u00e7\u00f5es &#8211; Estimula a epiteliza\u00e7\u00e3o e prolifera\u00e7\u00e3o celular.","og_url":"https:\/\/agropecuariafenix.com.br\/index.php\/produto\/alantol-cicatrizante-60g\/","og_site_name":"Agropecu\u00e1ria Fenix","article_publisher":"https:\/\/web.facebook.com\/agropecuariafenixjau","article_modified_time":"2023-07-27T19:49:04+00:00","og_image":[{"width":600,"height":600,"url":"https:\/\/agropecuariafenix.com.br\/wp-content\/uploads\/2022\/09\/Alantol-Cicatrizante-60G-46569607.jpg","type":"image\/jpeg"}],"twitter_card":"summary_large_image","twitter_misc":{"Est. tempo de leitura":"1 minuto"},"schema":{"@context":"https:\/\/schema.org","@graph":[{"@type":"WebPage","@id":"https:\/\/agropecuariafenix.com.br\/index.php\/produto\/alantol-cicatrizante-60g\/","url":"https:\/\/agropecuariafenix.com.br\/index.php\/produto\/alantol-cicatrizante-60g\/","name":"Alantol Cicatrizante 60G - Agropecu\u00e1ria Fenix","isPartOf":{"@id":"https:\/\/agropecuariafenix.com.br\/#website"},"primaryImageOfPage":{"@id":"https:\/\/agropecuariafenix.com.br\/index.php\/produto\/alantol-cicatrizante-60g\/#primaryimage"},"image":{"@id":"https:\/\/agropecuariafenix.com.br\/index.php\/produto\/alantol-cicatrizante-60g\/#primaryimage"},"thumbnailUrl":"https:\/\/agropecuariafenix.com.br\/wp-content\/uploads\/2022\/09\/Alantol-Cicatrizante-60G-46569607.jpg","datePublished":"2022-09-15T19:25:07+00:00","dateModified":"2023-07-27T19:49:04+00:00","breadcrumb":{"@id":"https:\/\/agropecuariafenix.com.br\/index.php\/produto\/alantol-cicatrizante-60g\/#breadcrumb"},"inLanguage":"pt-BR","potentialAction":[{"@type":"ReadAction","target":["https:\/\/agropecuariafenix.com.br\/index.php\/produto\/alantol-cicatrizante-60g\/"]}]},{"@type":"ImageObject","inLanguage":"pt-BR","@id":"https:\/\/agropecuariafenix.com.br\/index.php\/produto\/alantol-cicatrizante-60g\/#primaryimage","url":"https:\/\/agropecuariafenix.com.br\/wp-content\/uploads\/2022\/09\/Alantol-Cicatrizante-60G-46569607.jpg","contentUrl":"https:\/\/agropecuariafenix.com.br\/wp-content\/uploads\/2022\/09\/Alantol-Cicatrizante-60G-46569607.jpg","width":600,"height":600,"caption":"Alantol Cicatrizante 60G"},{"@type":"BreadcrumbList","@id":"https:\/\/agropecuariafenix.com.br\/index.php\/produto\/alantol-cicatrizante-60g\/#breadcrumb","itemListElement":[{"@type":"ListItem","position":1,"name":"In\u00edcio","item":"https:\/\/agropecuariafenix.com.br\/"},{"@type":"ListItem","position":2,"name":"Todos os produtos","item":"https:\/\/agropecuariafenix.com.br\/index.php\/loja\/"},{"@type":"ListItem","position":3,"name":"Alantol Cicatrizante 60G"}]},{"@type":"WebSite","@id":"https:\/\/agropecuariafenix.com.br\/#website","url":"https:\/\/agropecuariafenix.com.br\/","name":"Agropecu\u00e1ria Fenix","description":"Agropecu\u00e1ria F\u00eanix Pet - Ra\u00e7\u00f5es \/ Medicamentos Pet \/ Cl\u00ednica Veterin\u00e1ria \/ Banho e Tosa \/ Cachorro \/\u00a0Gato\u00a0\/\u00a0P\u00e1ssaros","publisher":{"@id":"https:\/\/agropecuariafenix.com.br\/#organization"},"alternateName":"Agropecu\u00e1ria Fenix","potentialAction":[{"@type":"SearchAction","target":{"@type":"EntryPoint","urlTemplate":"https:\/\/agropecuariafenix.com.br\/?s={search_term_string}"},"query-input":{"@type":"PropertyValueSpecification","valueRequired":true,"valueName":"search_term_string"}}],"inLanguage":"pt-BR"},{"@type":"Organization","@id":"https:\/\/agropecuariafenix.com.br\/#organization","name":"Agropecu\u00e1ria Fenix","alternateName":"Agropecu\u00e1ria Fenix","url":"https:\/\/agropecuariafenix.com.br\/","logo":{"@type":"ImageObject","inLanguage":"pt-BR","@id":"https:\/\/agropecuariafenix.com.br\/#\/schema\/logo\/image\/","url":"https:\/\/agropecuariafenix.com.br\/wp-content\/uploads\/2023\/08\/logo_fenix3-Copy.png","contentUrl":"https:\/\/agropecuariafenix.com.br\/wp-content\/uploads\/2023\/08\/logo_fenix3-Copy.png","width":500,"height":500,"caption":"Agropecu\u00e1ria Fenix"},"image":{"@id":"https:\/\/agropecuariafenix.com.br\/#\/schema\/logo\/image\/"},"sameAs":["https:\/\/web.facebook.com\/agropecuariafenixjau","https:\/\/www.instagram.com\/agropecuaria_fenix_jau\/"]}]}},"_links":{"self":[{"href":"https:\/\/agropecuariafenix.com.br\/index.php\/wp-json\/wp\/v2\/product\/25745","targetHints":{"allow":["GET"]}}],"collection":[{"href":"https:\/\/agropecuariafenix.com.br\/index.php\/wp-json\/wp\/v2\/product"}],"about":[{"href":"https:\/\/agropecuariafenix.com.br\/index.php\/wp-json\/wp\/v2\/types\/product"}],"replies":[{"embeddable":true,"href":"https:\/\/agropecuariafenix.com.br\/index.php\/wp-json\/wp\/v2\/comments?post=25745"}],"version-history":[{"count":1,"href":"https:\/\/agropecuariafenix.com.br\/index.php\/wp-json\/wp\/v2\/product\/25745\/revisions"}],"predecessor-version":[{"id":25746,"href":"https:\/\/agropecuariafenix.com.br\/index.php\/wp-json\/wp\/v2\/product\/25745\/revisions\/25746"}],"wp:featuredmedia":[{"embeddable":true,"href":"https:\/\/agropecuariafenix.com.br\/index.php\/wp-json\/wp\/v2\/media\/25744"}],"wp:attachment":[{"href":"https:\/\/agropecuariafenix.com.br\/index.php\/wp-json\/wp\/v2\/media?parent=25745"}],"wp:term":[{"taxonomy":"product_brand","embeddable":true,"href":"https:\/\/agropecuariafenix.com.br\/index.php\/wp-json\/wp\/v2\/product_brand?post=25745"},{"taxonomy":"product_cat","embeddable":true,"href":"https:\/\/agropecuariafenix.com.br\/index.php\/wp-json\/wp\/v2\/product_cat?post=25745"},{"taxonomy":"product_tag","embeddable":true,"href":"https:\/\/agropecuariafenix.com.br\/index.php\/wp-json\/wp\/v2\/product_tag?post=25745"}],"curies":[{"name":"wp","href":"https:\/\/api.w.org\/{rel}","templated":true}]}}