{"id":25675,"date":"2022-09-15T13:10:24","date_gmt":"2022-09-15T16:10:24","guid":{"rendered":"https:\/\/agropecuariafenix.com.br\/index.php\/produto\/simparic-caes-26-a-5kg-caixa-3-unidades\/"},"modified":"2026-04-20T14:20:44","modified_gmt":"2026-04-20T17:20:44","slug":"simparic-caes-26-a-5kg-caixa-3-unidades","status":"publish","type":"product","link":"https:\/\/agropecuariafenix.com.br\/index.php\/produto\/simparic-caes-26-a-5kg-caixa-3-unidades\/","title":{"rendered":"Simparic C\u00e3es 2,6 A 5Kg &#8211; Caixa 3 Unidades"},"content":{"rendered":"<p>O Antipulgas Zoetis Simparic 10 Mg para C\u00e3es 2,6 a 5 kg utilizado para o tratamento das infesta\u00e7\u00f5es por pulgas e sarna sarc\u00f3tica. Ap\u00f3s a administra\u00e7\u00e3o do Simparic, a sua atividade contra pulgas dura, pelo menos, 5 semanas. O medicamento tamb\u00e9m pode ser utilizado como parte de uma estrat\u00e9gia de tratamento para o controle da dermatite al\u00e9rgica por picada de pulga (uma rea\u00e7\u00e3o al\u00e9rgica \u00e0s picadas de pulga). Cont\u00e9m a subst\u00e2ncia ativa sarolaner.<\/p>\n","protected":false},"excerpt":{"rendered":"<p>&#8211; Mata as pulgas antes que produzam ovos;<br \/>\n&#8211; Controle de dermatite al\u00e9rgica por picada de pulga;<br \/>\n&#8211; Possui a\u00e7\u00e3o r\u00e1pida: fazendo efeito em 3 horas, mantendo-se por at\u00e9 35 dias;<br \/>\n&#8211; Combate tamb\u00e9m tr\u00eas tipos de sarnas: Sarc\u00f3pticas, Demod\u00e9cica e Otod\u00e9cica;<br \/>\n&#8211; Indicada para c\u00e3es a partir de 8 semanas de idade e com acima de 1,3 Kg;<br \/>\n&#8211; Pode ser utilizado em cachorros de portes e ra\u00e7as diferentes;<br \/>\n&#8211; Sim, Simparic extermina carrapatos e pulgas instantaneamente e age alem do per\u00edodo de tratamento mensal;<br \/>\n&#8211; Simparic \u00e9 eficaz contra 11 esp\u00e9cies de carrapatos.<\/p>\n","protected":false},"featured_media":25669,"comment_status":"open","ping_status":"closed","template":"","meta":[],"product_brand":[],"product_cat":[1110],"product_tag":[1109,75,1266,1268,1312,1311],"class_list":{"0":"post-25675","1":"product","2":"type-product","3":"status-publish","4":"has-post-thumbnail","6":"product_cat-medicamentos","7":"product_tag-antipulgas","8":"product_tag-caes","9":"product_tag-carrapatos","10":"product_tag-sarna","11":"product_tag-simparic","12":"product_tag-zoetis","14":"first","15":"instock","16":"shipping-taxable","17":"purchasable","18":"product-type-simple"},"yoast_head":"<!-- This site is optimized with the Yoast SEO plugin v27.6 - https:\/\/yoast.com\/product\/yoast-seo-wordpress\/ -->\n<title>Simparic C\u00e3es 2,6 A 5Kg - Caixa 3 Unidades - Agropecu\u00e1ria Fenix<\/title>\n<meta name=\"robots\" content=\"index, follow, max-snippet:-1, max-image-preview:large, max-video-preview:-1\" \/>\n<link rel=\"canonical\" href=\"https:\/\/agropecuariafenix.com.br\/index.php\/produto\/simparic-caes-26-a-5kg-caixa-3-unidades\/\" \/>\n<meta property=\"og:locale\" content=\"pt_BR\" \/>\n<meta property=\"og:type\" content=\"article\" \/>\n<meta property=\"og:title\" content=\"Simparic C\u00e3es 2,6 A 5Kg - Caixa 3 Unidades - Agropecu\u00e1ria Fenix\" \/>\n<meta property=\"og:description\" content=\"&#8211; Mata as pulgas antes que produzam ovos; &#8211; Controle de dermatite al\u00e9rgica por picada de pulga; &#8211; Possui a\u00e7\u00e3o r\u00e1pida: fazendo efeito em 3 horas, mantendo-se por at\u00e9 35 dias; &#8211; Combate tamb\u00e9m tr\u00eas tipos de sarnas: Sarc\u00f3pticas, Demod\u00e9cica e Otod\u00e9cica; &#8211; Indicada para c\u00e3es a partir de 8 semanas de idade e com acima de 1,3 Kg; &#8211; Pode ser utilizado em cachorros de portes e ra\u00e7as diferentes; &#8211; Sim, Simparic extermina carrapatos e pulgas instantaneamente e age alem do per\u00edodo de tratamento mensal; &#8211; Simparic \u00e9 eficaz contra 11 esp\u00e9cies de carrapatos.\" \/>\n<meta property=\"og:url\" content=\"https:\/\/agropecuariafenix.com.br\/index.php\/produto\/simparic-caes-26-a-5kg-caixa-3-unidades\/\" \/>\n<meta property=\"og:site_name\" content=\"Agropecu\u00e1ria Fenix\" \/>\n<meta property=\"article:publisher\" content=\"https:\/\/web.facebook.com\/agropecuariafenixjau\" \/>\n<meta property=\"article:modified_time\" content=\"2026-04-20T17:20:44+00:00\" \/>\n<meta property=\"og:image\" content=\"https:\/\/agropecuariafenix.com.br\/wp-content\/uploads\/2022\/09\/Simparic-Ces-26-A-5Kg-Caixa-3-Unidades-168210486.jpg\" \/>\n\t<meta property=\"og:image:width\" content=\"600\" \/>\n\t<meta property=\"og:image:height\" content=\"600\" \/>\n\t<meta property=\"og:image:type\" content=\"image\/jpeg\" \/>\n<meta name=\"twitter:card\" content=\"summary_large_image\" \/>\n<script type=\"application\/ld+json\" class=\"yoast-schema-graph\">{\"@context\":\"https:\\\/\\\/schema.org\",\"@graph\":[{\"@type\":\"WebPage\",\"@id\":\"https:\\\/\\\/agropecuariafenix.com.br\\\/index.php\\\/produto\\\/simparic-caes-26-a-5kg-caixa-3-unidades\\\/\",\"url\":\"https:\\\/\\\/agropecuariafenix.com.br\\\/index.php\\\/produto\\\/simparic-caes-26-a-5kg-caixa-3-unidades\\\/\",\"name\":\"Simparic C\u00e3es 2,6 A 5Kg - Caixa 3 Unidades - Agropecu\u00e1ria Fenix\",\"isPartOf\":{\"@id\":\"https:\\\/\\\/agropecuariafenix.com.br\\\/#website\"},\"primaryImageOfPage\":{\"@id\":\"https:\\\/\\\/agropecuariafenix.com.br\\\/index.php\\\/produto\\\/simparic-caes-26-a-5kg-caixa-3-unidades\\\/#primaryimage\"},\"image\":{\"@id\":\"https:\\\/\\\/agropecuariafenix.com.br\\\/index.php\\\/produto\\\/simparic-caes-26-a-5kg-caixa-3-unidades\\\/#primaryimage\"},\"thumbnailUrl\":\"https:\\\/\\\/agropecuariafenix.com.br\\\/wp-content\\\/uploads\\\/2022\\\/09\\\/Simparic-Ces-26-A-5Kg-Caixa-3-Unidades-168210486.jpg\",\"datePublished\":\"2022-09-15T16:10:24+00:00\",\"dateModified\":\"2026-04-20T17:20:44+00:00\",\"breadcrumb\":{\"@id\":\"https:\\\/\\\/agropecuariafenix.com.br\\\/index.php\\\/produto\\\/simparic-caes-26-a-5kg-caixa-3-unidades\\\/#breadcrumb\"},\"inLanguage\":\"pt-BR\",\"potentialAction\":[{\"@type\":\"ReadAction\",\"target\":[\"https:\\\/\\\/agropecuariafenix.com.br\\\/index.php\\\/produto\\\/simparic-caes-26-a-5kg-caixa-3-unidades\\\/\"]}]},{\"@type\":\"ImageObject\",\"inLanguage\":\"pt-BR\",\"@id\":\"https:\\\/\\\/agropecuariafenix.com.br\\\/index.php\\\/produto\\\/simparic-caes-26-a-5kg-caixa-3-unidades\\\/#primaryimage\",\"url\":\"https:\\\/\\\/agropecuariafenix.com.br\\\/wp-content\\\/uploads\\\/2022\\\/09\\\/Simparic-Ces-26-A-5Kg-Caixa-3-Unidades-168210486.jpg\",\"contentUrl\":\"https:\\\/\\\/agropecuariafenix.com.br\\\/wp-content\\\/uploads\\\/2022\\\/09\\\/Simparic-Ces-26-A-5Kg-Caixa-3-Unidades-168210486.jpg\",\"width\":600,\"height\":600,\"caption\":\"Simparic C\u00e3es 2,6 A 5Kg - Caixa 3 Unidades\"},{\"@type\":\"BreadcrumbList\",\"@id\":\"https:\\\/\\\/agropecuariafenix.com.br\\\/index.php\\\/produto\\\/simparic-caes-26-a-5kg-caixa-3-unidades\\\/#breadcrumb\",\"itemListElement\":[{\"@type\":\"ListItem\",\"position\":1,\"name\":\"In\u00edcio\",\"item\":\"https:\\\/\\\/agropecuariafenix.com.br\\\/\"},{\"@type\":\"ListItem\",\"position\":2,\"name\":\"Todos os produtos\",\"item\":\"https:\\\/\\\/agropecuariafenix.com.br\\\/index.php\\\/loja\\\/\"},{\"@type\":\"ListItem\",\"position\":3,\"name\":\"Simparic C\u00e3es 2,6 A 5Kg &#8211; Caixa 3 Unidades\"}]},{\"@type\":\"WebSite\",\"@id\":\"https:\\\/\\\/agropecuariafenix.com.br\\\/#website\",\"url\":\"https:\\\/\\\/agropecuariafenix.com.br\\\/\",\"name\":\"Agropecu\u00e1ria Fenix\",\"description\":\"Agropecu\u00e1ria F\u00eanix Pet - Ra\u00e7\u00f5es \\\/ Medicamentos Pet \\\/ Cl\u00ednica Veterin\u00e1ria \\\/ Banho e Tosa \\\/ Cachorro \\\/\u00a0Gato\u00a0\\\/\u00a0P\u00e1ssaros\",\"publisher\":{\"@id\":\"https:\\\/\\\/agropecuariafenix.com.br\\\/#organization\"},\"alternateName\":\"Agropecu\u00e1ria Fenix\",\"potentialAction\":[{\"@type\":\"SearchAction\",\"target\":{\"@type\":\"EntryPoint\",\"urlTemplate\":\"https:\\\/\\\/agropecuariafenix.com.br\\\/?s={search_term_string}\"},\"query-input\":{\"@type\":\"PropertyValueSpecification\",\"valueRequired\":true,\"valueName\":\"search_term_string\"}}],\"inLanguage\":\"pt-BR\"},{\"@type\":\"Organization\",\"@id\":\"https:\\\/\\\/agropecuariafenix.com.br\\\/#organization\",\"name\":\"Agropecu\u00e1ria Fenix\",\"alternateName\":\"Agropecu\u00e1ria Fenix\",\"url\":\"https:\\\/\\\/agropecuariafenix.com.br\\\/\",\"logo\":{\"@type\":\"ImageObject\",\"inLanguage\":\"pt-BR\",\"@id\":\"https:\\\/\\\/agropecuariafenix.com.br\\\/#\\\/schema\\\/logo\\\/image\\\/\",\"url\":\"https:\\\/\\\/agropecuariafenix.com.br\\\/wp-content\\\/uploads\\\/2023\\\/08\\\/logo_fenix3-Copy.png\",\"contentUrl\":\"https:\\\/\\\/agropecuariafenix.com.br\\\/wp-content\\\/uploads\\\/2023\\\/08\\\/logo_fenix3-Copy.png\",\"width\":500,\"height\":500,\"caption\":\"Agropecu\u00e1ria Fenix\"},\"image\":{\"@id\":\"https:\\\/\\\/agropecuariafenix.com.br\\\/#\\\/schema\\\/logo\\\/image\\\/\"},\"sameAs\":[\"https:\\\/\\\/web.facebook.com\\\/agropecuariafenixjau\",\"https:\\\/\\\/www.instagram.com\\\/agropecuaria_fenix_jau\\\/\"]}]}<\/script>\n<!-- \/ Yoast SEO plugin. -->","yoast_head_json":{"title":"Simparic C\u00e3es 2,6 A 5Kg - Caixa 3 Unidades - Agropecu\u00e1ria Fenix","robots":{"index":"index","follow":"follow","max-snippet":"max-snippet:-1","max-image-preview":"max-image-preview:large","max-video-preview":"max-video-preview:-1"},"canonical":"https:\/\/agropecuariafenix.com.br\/index.php\/produto\/simparic-caes-26-a-5kg-caixa-3-unidades\/","og_locale":"pt_BR","og_type":"article","og_title":"Simparic C\u00e3es 2,6 A 5Kg - Caixa 3 Unidades - Agropecu\u00e1ria Fenix","og_description":"&#8211; Mata as pulgas antes que produzam ovos; &#8211; Controle de dermatite al\u00e9rgica por picada de pulga; &#8211; Possui a\u00e7\u00e3o r\u00e1pida: fazendo efeito em 3 horas, mantendo-se por at\u00e9 35 dias; &#8211; Combate tamb\u00e9m tr\u00eas tipos de sarnas: Sarc\u00f3pticas, Demod\u00e9cica e Otod\u00e9cica; &#8211; Indicada para c\u00e3es a partir de 8 semanas de idade e com acima de 1,3 Kg; &#8211; Pode ser utilizado em cachorros de portes e ra\u00e7as diferentes; &#8211; Sim, Simparic extermina carrapatos e pulgas instantaneamente e age alem do per\u00edodo de tratamento mensal; &#8211; Simparic \u00e9 eficaz contra 11 esp\u00e9cies de carrapatos.","og_url":"https:\/\/agropecuariafenix.com.br\/index.php\/produto\/simparic-caes-26-a-5kg-caixa-3-unidades\/","og_site_name":"Agropecu\u00e1ria Fenix","article_publisher":"https:\/\/web.facebook.com\/agropecuariafenixjau","article_modified_time":"2026-04-20T17:20:44+00:00","og_image":[{"width":600,"height":600,"url":"https:\/\/agropecuariafenix.com.br\/wp-content\/uploads\/2022\/09\/Simparic-Ces-26-A-5Kg-Caixa-3-Unidades-168210486.jpg","type":"image\/jpeg"}],"twitter_card":"summary_large_image","schema":{"@context":"https:\/\/schema.org","@graph":[{"@type":"WebPage","@id":"https:\/\/agropecuariafenix.com.br\/index.php\/produto\/simparic-caes-26-a-5kg-caixa-3-unidades\/","url":"https:\/\/agropecuariafenix.com.br\/index.php\/produto\/simparic-caes-26-a-5kg-caixa-3-unidades\/","name":"Simparic C\u00e3es 2,6 A 5Kg - Caixa 3 Unidades - Agropecu\u00e1ria Fenix","isPartOf":{"@id":"https:\/\/agropecuariafenix.com.br\/#website"},"primaryImageOfPage":{"@id":"https:\/\/agropecuariafenix.com.br\/index.php\/produto\/simparic-caes-26-a-5kg-caixa-3-unidades\/#primaryimage"},"image":{"@id":"https:\/\/agropecuariafenix.com.br\/index.php\/produto\/simparic-caes-26-a-5kg-caixa-3-unidades\/#primaryimage"},"thumbnailUrl":"https:\/\/agropecuariafenix.com.br\/wp-content\/uploads\/2022\/09\/Simparic-Ces-26-A-5Kg-Caixa-3-Unidades-168210486.jpg","datePublished":"2022-09-15T16:10:24+00:00","dateModified":"2026-04-20T17:20:44+00:00","breadcrumb":{"@id":"https:\/\/agropecuariafenix.com.br\/index.php\/produto\/simparic-caes-26-a-5kg-caixa-3-unidades\/#breadcrumb"},"inLanguage":"pt-BR","potentialAction":[{"@type":"ReadAction","target":["https:\/\/agropecuariafenix.com.br\/index.php\/produto\/simparic-caes-26-a-5kg-caixa-3-unidades\/"]}]},{"@type":"ImageObject","inLanguage":"pt-BR","@id":"https:\/\/agropecuariafenix.com.br\/index.php\/produto\/simparic-caes-26-a-5kg-caixa-3-unidades\/#primaryimage","url":"https:\/\/agropecuariafenix.com.br\/wp-content\/uploads\/2022\/09\/Simparic-Ces-26-A-5Kg-Caixa-3-Unidades-168210486.jpg","contentUrl":"https:\/\/agropecuariafenix.com.br\/wp-content\/uploads\/2022\/09\/Simparic-Ces-26-A-5Kg-Caixa-3-Unidades-168210486.jpg","width":600,"height":600,"caption":"Simparic C\u00e3es 2,6 A 5Kg - Caixa 3 Unidades"},{"@type":"BreadcrumbList","@id":"https:\/\/agropecuariafenix.com.br\/index.php\/produto\/simparic-caes-26-a-5kg-caixa-3-unidades\/#breadcrumb","itemListElement":[{"@type":"ListItem","position":1,"name":"In\u00edcio","item":"https:\/\/agropecuariafenix.com.br\/"},{"@type":"ListItem","position":2,"name":"Todos os produtos","item":"https:\/\/agropecuariafenix.com.br\/index.php\/loja\/"},{"@type":"ListItem","position":3,"name":"Simparic C\u00e3es 2,6 A 5Kg &#8211; Caixa 3 Unidades"}]},{"@type":"WebSite","@id":"https:\/\/agropecuariafenix.com.br\/#website","url":"https:\/\/agropecuariafenix.com.br\/","name":"Agropecu\u00e1ria Fenix","description":"Agropecu\u00e1ria F\u00eanix Pet - Ra\u00e7\u00f5es \/ Medicamentos Pet \/ Cl\u00ednica Veterin\u00e1ria \/ Banho e Tosa \/ Cachorro \/\u00a0Gato\u00a0\/\u00a0P\u00e1ssaros","publisher":{"@id":"https:\/\/agropecuariafenix.com.br\/#organization"},"alternateName":"Agropecu\u00e1ria Fenix","potentialAction":[{"@type":"SearchAction","target":{"@type":"EntryPoint","urlTemplate":"https:\/\/agropecuariafenix.com.br\/?s={search_term_string}"},"query-input":{"@type":"PropertyValueSpecification","valueRequired":true,"valueName":"search_term_string"}}],"inLanguage":"pt-BR"},{"@type":"Organization","@id":"https:\/\/agropecuariafenix.com.br\/#organization","name":"Agropecu\u00e1ria Fenix","alternateName":"Agropecu\u00e1ria Fenix","url":"https:\/\/agropecuariafenix.com.br\/","logo":{"@type":"ImageObject","inLanguage":"pt-BR","@id":"https:\/\/agropecuariafenix.com.br\/#\/schema\/logo\/image\/","url":"https:\/\/agropecuariafenix.com.br\/wp-content\/uploads\/2023\/08\/logo_fenix3-Copy.png","contentUrl":"https:\/\/agropecuariafenix.com.br\/wp-content\/uploads\/2023\/08\/logo_fenix3-Copy.png","width":500,"height":500,"caption":"Agropecu\u00e1ria Fenix"},"image":{"@id":"https:\/\/agropecuariafenix.com.br\/#\/schema\/logo\/image\/"},"sameAs":["https:\/\/web.facebook.com\/agropecuariafenixjau","https:\/\/www.instagram.com\/agropecuaria_fenix_jau\/"]}]}},"_links":{"self":[{"href":"https:\/\/agropecuariafenix.com.br\/index.php\/wp-json\/wp\/v2\/product\/25675","targetHints":{"allow":["GET"]}}],"collection":[{"href":"https:\/\/agropecuariafenix.com.br\/index.php\/wp-json\/wp\/v2\/product"}],"about":[{"href":"https:\/\/agropecuariafenix.com.br\/index.php\/wp-json\/wp\/v2\/types\/product"}],"replies":[{"embeddable":true,"href":"https:\/\/agropecuariafenix.com.br\/index.php\/wp-json\/wp\/v2\/comments?post=25675"}],"version-history":[{"count":1,"href":"https:\/\/agropecuariafenix.com.br\/index.php\/wp-json\/wp\/v2\/product\/25675\/revisions"}],"predecessor-version":[{"id":25690,"href":"https:\/\/agropecuariafenix.com.br\/index.php\/wp-json\/wp\/v2\/product\/25675\/revisions\/25690"}],"wp:featuredmedia":[{"embeddable":true,"href":"https:\/\/agropecuariafenix.com.br\/index.php\/wp-json\/wp\/v2\/media\/25669"}],"wp:attachment":[{"href":"https:\/\/agropecuariafenix.com.br\/index.php\/wp-json\/wp\/v2\/media?parent=25675"}],"wp:term":[{"taxonomy":"product_brand","embeddable":true,"href":"https:\/\/agropecuariafenix.com.br\/index.php\/wp-json\/wp\/v2\/product_brand?post=25675"},{"taxonomy":"product_cat","embeddable":true,"href":"https:\/\/agropecuariafenix.com.br\/index.php\/wp-json\/wp\/v2\/product_cat?post=25675"},{"taxonomy":"product_tag","embeddable":true,"href":"https:\/\/agropecuariafenix.com.br\/index.php\/wp-json\/wp\/v2\/product_tag?post=25675"}],"curies":[{"name":"wp","href":"https:\/\/api.w.org\/{rel}","templated":true}]}}