{"id":25587,"date":"2022-09-15T12:26:18","date_gmt":"2022-09-15T15:26:18","guid":{"rendered":"https:\/\/agropecuariafenix.com.br\/index.php\/produto\/credeli-caes-25-a-55kg-caixa-3-unidades\/"},"modified":"2023-07-27T17:39:16","modified_gmt":"2023-07-27T20:39:16","slug":"credeli-caes-25-a-55kg-caixa-3-unidades","status":"publish","type":"product","link":"https:\/\/agropecuariafenix.com.br\/index.php\/produto\/credeli-caes-25-a-55kg-caixa-3-unidades\/","title":{"rendered":"Credeli C\u00e3es 2,5 A 5,5Kg &#8211; Caixa 3 Unidades"},"content":{"rendered":"<p>Antipulgas Credeli 112,5mg C\u00e3es 2,5 a 5,5kg<br \/>\nO Antipulgas Credeli 112,5mg \u00e9 um comprimido pequeno, mastig\u00e1vel e muito saboroso, facilitando a ingest\u00e3o para o seu bichinho. Ele age para proteger c\u00e3es, sejam filhotes ou adultos, de carrapatos e pulgas.<\/p>\n<p>O funcionamento do Antipulgas Credeli 112,5mg \u00e9 de 30 dias, ou seja, esse rem\u00e9dio oferece a\u00e7\u00e3o imediata e persist\u00eancia, protegendo seu amigo de companheiros indesej\u00e1veis pelo m\u00eas inteiro.<\/p>\n<p>Al\u00e9m disso, o Antigupulgas Credeli 112,5mg tem um pre\u00e7o especial e imperd\u00edvel para os clientes, contendo 3 comprimidos na caixa. Ele \u00e9 um produto indicado para filhotes a partir de 8 semanas, e funciona tamb\u00e9m para dermatite al\u00e9rgica causada pela picada de pulgas.<\/p>\n<p>Em quanto tempo o Credeli 112,5mg come\u00e7a a agir?<\/p>\n<p>O Credeli 112,5 \u00e9 o antipulgas mais r\u00e1pido existente, com a a\u00e7\u00e3o sendo iniciada em at\u00e9 4 horas e totalmente eficaz em at\u00e9 8 horas, para os carrapatos. J\u00e1 para as pulgas, come\u00e7a ap\u00f3s 2 horas e tem a\u00e7\u00e3o total em at\u00e9 6 horas.<br \/>\nLembrando que \u00e9 importante verificar o peso do c\u00e3o antes, para que ele tome a dosagem certa e o rem\u00e9dio fa\u00e7a efeito.<\/p>\n<p>Qual a composi\u00e7\u00e3o do Credeli 112,5 mg?<\/p>\n<p>O rem\u00e9dio \u00e9 composto de Lotilaner 35,16 mg e Excipiente q.s.p 100,00 mg.<\/p>\n<p>Como fa\u00e7o para aplicar o produto em meu c\u00e3o?<\/p>\n<p>Por ser um comprimido administrado via oral, e uma vez ao m\u00eas, deve ser colocado no alimento do seu amigo ou logo ap\u00f3s a refei\u00e7\u00e3o do animal.<\/p>\n<p>Como o Credeli age?<\/p>\n<p>O Credeli \u00e9 um produto eficaz, que age inibindo a coloca\u00e7\u00e3o de ovos e exterminando os j\u00e1 existentes. Ele quebra o ciclo de vida dos carrapatos e das pulgas, prevenindo a infesta\u00e7\u00e3o deles.<\/p>\n<p>Quais os benef\u00edcios do uso?<\/p>\n<p>No caso de carrapatos, o Credeli 112,5mg come\u00e7a agir ap\u00f3s 4 horas, e a efic\u00e1cia total dele \u00e9 dada ap\u00f3s 8 horas completas. J\u00e1 para pulgas, ele come\u00e7a a agir antes, com 2 horas, e se torna completamente eficaz ap\u00f3s 6 horas.<\/p>\n<p>Al\u00e9m de agir eliminando pulgas e carrapatos, o Credeli previne novas coloca\u00e7\u00f5es de ovos pelos animais indesejados e a contamina\u00e7\u00e3o do ambiente que o c\u00e3o convive.<br \/>\nEle funciona, tamb\u00e9m, contra a dermatite al\u00e9rgica causada pelas picadas de pulgas, diminuindo riscos de doen\u00e7as que esses parasitas podem causar, como erliquiose<\/p>\n","protected":false},"excerpt":{"rendered":"<p>Indicado para c\u00e3es entre 2,5 a 5,5kg;<br \/>\nComprimido mastig\u00e1vel;<br \/>\nA\u00e7\u00e3o e prote\u00e7\u00e3o;<br \/>\nM\u00e1ximo de seguran\u00e7a;<\/p>\n","protected":false},"featured_media":25581,"comment_status":"open","ping_status":"closed","template":"","meta":[],"product_brand":[],"product_cat":[1110],"product_tag":[1109,75,1266,1280],"class_list":{"0":"post-25587","1":"product","2":"type-product","3":"status-publish","4":"has-post-thumbnail","6":"product_cat-medicamentos","7":"product_tag-antipulgas","8":"product_tag-caes","9":"product_tag-carrapatos","10":"product_tag-credeli","12":"first","13":"instock","14":"shipping-taxable","15":"purchasable","16":"product-type-simple"},"yoast_head":"<!-- This site is optimized with the Yoast SEO plugin v27.6 - https:\/\/yoast.com\/product\/yoast-seo-wordpress\/ -->\n<title>Credeli C\u00e3es 2,5 A 5,5Kg - Caixa 3 Unidades - Agropecu\u00e1ria Fenix<\/title>\n<meta name=\"robots\" content=\"index, follow, max-snippet:-1, max-image-preview:large, max-video-preview:-1\" \/>\n<link rel=\"canonical\" href=\"https:\/\/agropecuariafenix.com.br\/index.php\/produto\/credeli-caes-25-a-55kg-caixa-3-unidades\/\" \/>\n<meta property=\"og:locale\" content=\"pt_BR\" \/>\n<meta property=\"og:type\" content=\"article\" \/>\n<meta property=\"og:title\" content=\"Credeli C\u00e3es 2,5 A 5,5Kg - Caixa 3 Unidades - Agropecu\u00e1ria Fenix\" \/>\n<meta property=\"og:description\" content=\"Indicado para c\u00e3es entre 2,5 a 5,5kg; Comprimido mastig\u00e1vel; A\u00e7\u00e3o e prote\u00e7\u00e3o; M\u00e1ximo de seguran\u00e7a;\" \/>\n<meta property=\"og:url\" content=\"https:\/\/agropecuariafenix.com.br\/index.php\/produto\/credeli-caes-25-a-55kg-caixa-3-unidades\/\" \/>\n<meta property=\"og:site_name\" content=\"Agropecu\u00e1ria Fenix\" \/>\n<meta property=\"article:publisher\" content=\"https:\/\/web.facebook.com\/agropecuariafenixjau\" \/>\n<meta property=\"article:modified_time\" content=\"2023-07-27T20:39:16+00:00\" \/>\n<meta property=\"og:image\" content=\"https:\/\/agropecuariafenix.com.br\/wp-content\/uploads\/2022\/09\/Credeli-Ces-25-A-55Kg-Caixa-3-Unidades-563728269.jpg\" \/>\n\t<meta property=\"og:image:width\" content=\"400\" \/>\n\t<meta property=\"og:image:height\" content=\"400\" \/>\n\t<meta property=\"og:image:type\" content=\"image\/jpeg\" \/>\n<meta name=\"twitter:card\" content=\"summary_large_image\" \/>\n<meta name=\"twitter:label1\" content=\"Est. tempo de leitura\" \/>\n\t<meta name=\"twitter:data1\" content=\"2 minutos\" \/>\n<script type=\"application\/ld+json\" class=\"yoast-schema-graph\">{\"@context\":\"https:\\\/\\\/schema.org\",\"@graph\":[{\"@type\":\"WebPage\",\"@id\":\"https:\\\/\\\/agropecuariafenix.com.br\\\/index.php\\\/produto\\\/credeli-caes-25-a-55kg-caixa-3-unidades\\\/\",\"url\":\"https:\\\/\\\/agropecuariafenix.com.br\\\/index.php\\\/produto\\\/credeli-caes-25-a-55kg-caixa-3-unidades\\\/\",\"name\":\"Credeli C\u00e3es 2,5 A 5,5Kg - Caixa 3 Unidades - Agropecu\u00e1ria Fenix\",\"isPartOf\":{\"@id\":\"https:\\\/\\\/agropecuariafenix.com.br\\\/#website\"},\"primaryImageOfPage\":{\"@id\":\"https:\\\/\\\/agropecuariafenix.com.br\\\/index.php\\\/produto\\\/credeli-caes-25-a-55kg-caixa-3-unidades\\\/#primaryimage\"},\"image\":{\"@id\":\"https:\\\/\\\/agropecuariafenix.com.br\\\/index.php\\\/produto\\\/credeli-caes-25-a-55kg-caixa-3-unidades\\\/#primaryimage\"},\"thumbnailUrl\":\"https:\\\/\\\/agropecuariafenix.com.br\\\/wp-content\\\/uploads\\\/2022\\\/09\\\/Credeli-Ces-25-A-55Kg-Caixa-3-Unidades-563728269.jpg\",\"datePublished\":\"2022-09-15T15:26:18+00:00\",\"dateModified\":\"2023-07-27T20:39:16+00:00\",\"breadcrumb\":{\"@id\":\"https:\\\/\\\/agropecuariafenix.com.br\\\/index.php\\\/produto\\\/credeli-caes-25-a-55kg-caixa-3-unidades\\\/#breadcrumb\"},\"inLanguage\":\"pt-BR\",\"potentialAction\":[{\"@type\":\"ReadAction\",\"target\":[\"https:\\\/\\\/agropecuariafenix.com.br\\\/index.php\\\/produto\\\/credeli-caes-25-a-55kg-caixa-3-unidades\\\/\"]}]},{\"@type\":\"ImageObject\",\"inLanguage\":\"pt-BR\",\"@id\":\"https:\\\/\\\/agropecuariafenix.com.br\\\/index.php\\\/produto\\\/credeli-caes-25-a-55kg-caixa-3-unidades\\\/#primaryimage\",\"url\":\"https:\\\/\\\/agropecuariafenix.com.br\\\/wp-content\\\/uploads\\\/2022\\\/09\\\/Credeli-Ces-25-A-55Kg-Caixa-3-Unidades-563728269.jpg\",\"contentUrl\":\"https:\\\/\\\/agropecuariafenix.com.br\\\/wp-content\\\/uploads\\\/2022\\\/09\\\/Credeli-Ces-25-A-55Kg-Caixa-3-Unidades-563728269.jpg\",\"width\":400,\"height\":400,\"caption\":\"Credeli C\u00e3es 2,5 A 5,5Kg - Caixa 3 Unidades\"},{\"@type\":\"BreadcrumbList\",\"@id\":\"https:\\\/\\\/agropecuariafenix.com.br\\\/index.php\\\/produto\\\/credeli-caes-25-a-55kg-caixa-3-unidades\\\/#breadcrumb\",\"itemListElement\":[{\"@type\":\"ListItem\",\"position\":1,\"name\":\"In\u00edcio\",\"item\":\"https:\\\/\\\/agropecuariafenix.com.br\\\/\"},{\"@type\":\"ListItem\",\"position\":2,\"name\":\"Todos os produtos\",\"item\":\"https:\\\/\\\/agropecuariafenix.com.br\\\/index.php\\\/loja\\\/\"},{\"@type\":\"ListItem\",\"position\":3,\"name\":\"Credeli C\u00e3es 2,5 A 5,5Kg &#8211; Caixa 3 Unidades\"}]},{\"@type\":\"WebSite\",\"@id\":\"https:\\\/\\\/agropecuariafenix.com.br\\\/#website\",\"url\":\"https:\\\/\\\/agropecuariafenix.com.br\\\/\",\"name\":\"Agropecu\u00e1ria Fenix\",\"description\":\"Agropecu\u00e1ria F\u00eanix Pet - Ra\u00e7\u00f5es \\\/ Medicamentos Pet \\\/ Cl\u00ednica Veterin\u00e1ria \\\/ Banho e Tosa \\\/ Cachorro \\\/\u00a0Gato\u00a0\\\/\u00a0P\u00e1ssaros\",\"publisher\":{\"@id\":\"https:\\\/\\\/agropecuariafenix.com.br\\\/#organization\"},\"alternateName\":\"Agropecu\u00e1ria Fenix\",\"potentialAction\":[{\"@type\":\"SearchAction\",\"target\":{\"@type\":\"EntryPoint\",\"urlTemplate\":\"https:\\\/\\\/agropecuariafenix.com.br\\\/?s={search_term_string}\"},\"query-input\":{\"@type\":\"PropertyValueSpecification\",\"valueRequired\":true,\"valueName\":\"search_term_string\"}}],\"inLanguage\":\"pt-BR\"},{\"@type\":\"Organization\",\"@id\":\"https:\\\/\\\/agropecuariafenix.com.br\\\/#organization\",\"name\":\"Agropecu\u00e1ria Fenix\",\"alternateName\":\"Agropecu\u00e1ria Fenix\",\"url\":\"https:\\\/\\\/agropecuariafenix.com.br\\\/\",\"logo\":{\"@type\":\"ImageObject\",\"inLanguage\":\"pt-BR\",\"@id\":\"https:\\\/\\\/agropecuariafenix.com.br\\\/#\\\/schema\\\/logo\\\/image\\\/\",\"url\":\"https:\\\/\\\/agropecuariafenix.com.br\\\/wp-content\\\/uploads\\\/2023\\\/08\\\/logo_fenix3-Copy.png\",\"contentUrl\":\"https:\\\/\\\/agropecuariafenix.com.br\\\/wp-content\\\/uploads\\\/2023\\\/08\\\/logo_fenix3-Copy.png\",\"width\":500,\"height\":500,\"caption\":\"Agropecu\u00e1ria Fenix\"},\"image\":{\"@id\":\"https:\\\/\\\/agropecuariafenix.com.br\\\/#\\\/schema\\\/logo\\\/image\\\/\"},\"sameAs\":[\"https:\\\/\\\/web.facebook.com\\\/agropecuariafenixjau\",\"https:\\\/\\\/www.instagram.com\\\/agropecuaria_fenix_jau\\\/\"]}]}<\/script>\n<!-- \/ Yoast SEO plugin. -->","yoast_head_json":{"title":"Credeli C\u00e3es 2,5 A 5,5Kg - Caixa 3 Unidades - Agropecu\u00e1ria Fenix","robots":{"index":"index","follow":"follow","max-snippet":"max-snippet:-1","max-image-preview":"max-image-preview:large","max-video-preview":"max-video-preview:-1"},"canonical":"https:\/\/agropecuariafenix.com.br\/index.php\/produto\/credeli-caes-25-a-55kg-caixa-3-unidades\/","og_locale":"pt_BR","og_type":"article","og_title":"Credeli C\u00e3es 2,5 A 5,5Kg - Caixa 3 Unidades - Agropecu\u00e1ria Fenix","og_description":"Indicado para c\u00e3es entre 2,5 a 5,5kg; Comprimido mastig\u00e1vel; A\u00e7\u00e3o e prote\u00e7\u00e3o; M\u00e1ximo de seguran\u00e7a;","og_url":"https:\/\/agropecuariafenix.com.br\/index.php\/produto\/credeli-caes-25-a-55kg-caixa-3-unidades\/","og_site_name":"Agropecu\u00e1ria Fenix","article_publisher":"https:\/\/web.facebook.com\/agropecuariafenixjau","article_modified_time":"2023-07-27T20:39:16+00:00","og_image":[{"width":400,"height":400,"url":"https:\/\/agropecuariafenix.com.br\/wp-content\/uploads\/2022\/09\/Credeli-Ces-25-A-55Kg-Caixa-3-Unidades-563728269.jpg","type":"image\/jpeg"}],"twitter_card":"summary_large_image","twitter_misc":{"Est. tempo de leitura":"2 minutos"},"schema":{"@context":"https:\/\/schema.org","@graph":[{"@type":"WebPage","@id":"https:\/\/agropecuariafenix.com.br\/index.php\/produto\/credeli-caes-25-a-55kg-caixa-3-unidades\/","url":"https:\/\/agropecuariafenix.com.br\/index.php\/produto\/credeli-caes-25-a-55kg-caixa-3-unidades\/","name":"Credeli C\u00e3es 2,5 A 5,5Kg - Caixa 3 Unidades - Agropecu\u00e1ria Fenix","isPartOf":{"@id":"https:\/\/agropecuariafenix.com.br\/#website"},"primaryImageOfPage":{"@id":"https:\/\/agropecuariafenix.com.br\/index.php\/produto\/credeli-caes-25-a-55kg-caixa-3-unidades\/#primaryimage"},"image":{"@id":"https:\/\/agropecuariafenix.com.br\/index.php\/produto\/credeli-caes-25-a-55kg-caixa-3-unidades\/#primaryimage"},"thumbnailUrl":"https:\/\/agropecuariafenix.com.br\/wp-content\/uploads\/2022\/09\/Credeli-Ces-25-A-55Kg-Caixa-3-Unidades-563728269.jpg","datePublished":"2022-09-15T15:26:18+00:00","dateModified":"2023-07-27T20:39:16+00:00","breadcrumb":{"@id":"https:\/\/agropecuariafenix.com.br\/index.php\/produto\/credeli-caes-25-a-55kg-caixa-3-unidades\/#breadcrumb"},"inLanguage":"pt-BR","potentialAction":[{"@type":"ReadAction","target":["https:\/\/agropecuariafenix.com.br\/index.php\/produto\/credeli-caes-25-a-55kg-caixa-3-unidades\/"]}]},{"@type":"ImageObject","inLanguage":"pt-BR","@id":"https:\/\/agropecuariafenix.com.br\/index.php\/produto\/credeli-caes-25-a-55kg-caixa-3-unidades\/#primaryimage","url":"https:\/\/agropecuariafenix.com.br\/wp-content\/uploads\/2022\/09\/Credeli-Ces-25-A-55Kg-Caixa-3-Unidades-563728269.jpg","contentUrl":"https:\/\/agropecuariafenix.com.br\/wp-content\/uploads\/2022\/09\/Credeli-Ces-25-A-55Kg-Caixa-3-Unidades-563728269.jpg","width":400,"height":400,"caption":"Credeli C\u00e3es 2,5 A 5,5Kg - Caixa 3 Unidades"},{"@type":"BreadcrumbList","@id":"https:\/\/agropecuariafenix.com.br\/index.php\/produto\/credeli-caes-25-a-55kg-caixa-3-unidades\/#breadcrumb","itemListElement":[{"@type":"ListItem","position":1,"name":"In\u00edcio","item":"https:\/\/agropecuariafenix.com.br\/"},{"@type":"ListItem","position":2,"name":"Todos os produtos","item":"https:\/\/agropecuariafenix.com.br\/index.php\/loja\/"},{"@type":"ListItem","position":3,"name":"Credeli C\u00e3es 2,5 A 5,5Kg &#8211; Caixa 3 Unidades"}]},{"@type":"WebSite","@id":"https:\/\/agropecuariafenix.com.br\/#website","url":"https:\/\/agropecuariafenix.com.br\/","name":"Agropecu\u00e1ria Fenix","description":"Agropecu\u00e1ria F\u00eanix Pet - Ra\u00e7\u00f5es \/ Medicamentos Pet \/ Cl\u00ednica Veterin\u00e1ria \/ Banho e Tosa \/ Cachorro \/\u00a0Gato\u00a0\/\u00a0P\u00e1ssaros","publisher":{"@id":"https:\/\/agropecuariafenix.com.br\/#organization"},"alternateName":"Agropecu\u00e1ria Fenix","potentialAction":[{"@type":"SearchAction","target":{"@type":"EntryPoint","urlTemplate":"https:\/\/agropecuariafenix.com.br\/?s={search_term_string}"},"query-input":{"@type":"PropertyValueSpecification","valueRequired":true,"valueName":"search_term_string"}}],"inLanguage":"pt-BR"},{"@type":"Organization","@id":"https:\/\/agropecuariafenix.com.br\/#organization","name":"Agropecu\u00e1ria Fenix","alternateName":"Agropecu\u00e1ria Fenix","url":"https:\/\/agropecuariafenix.com.br\/","logo":{"@type":"ImageObject","inLanguage":"pt-BR","@id":"https:\/\/agropecuariafenix.com.br\/#\/schema\/logo\/image\/","url":"https:\/\/agropecuariafenix.com.br\/wp-content\/uploads\/2023\/08\/logo_fenix3-Copy.png","contentUrl":"https:\/\/agropecuariafenix.com.br\/wp-content\/uploads\/2023\/08\/logo_fenix3-Copy.png","width":500,"height":500,"caption":"Agropecu\u00e1ria Fenix"},"image":{"@id":"https:\/\/agropecuariafenix.com.br\/#\/schema\/logo\/image\/"},"sameAs":["https:\/\/web.facebook.com\/agropecuariafenixjau","https:\/\/www.instagram.com\/agropecuaria_fenix_jau\/"]}]}},"_links":{"self":[{"href":"https:\/\/agropecuariafenix.com.br\/index.php\/wp-json\/wp\/v2\/product\/25587","targetHints":{"allow":["GET"]}}],"collection":[{"href":"https:\/\/agropecuariafenix.com.br\/index.php\/wp-json\/wp\/v2\/product"}],"about":[{"href":"https:\/\/agropecuariafenix.com.br\/index.php\/wp-json\/wp\/v2\/types\/product"}],"replies":[{"embeddable":true,"href":"https:\/\/agropecuariafenix.com.br\/index.php\/wp-json\/wp\/v2\/comments?post=25587"}],"version-history":[{"count":1,"href":"https:\/\/agropecuariafenix.com.br\/index.php\/wp-json\/wp\/v2\/product\/25587\/revisions"}],"predecessor-version":[{"id":25595,"href":"https:\/\/agropecuariafenix.com.br\/index.php\/wp-json\/wp\/v2\/product\/25587\/revisions\/25595"}],"wp:featuredmedia":[{"embeddable":true,"href":"https:\/\/agropecuariafenix.com.br\/index.php\/wp-json\/wp\/v2\/media\/25581"}],"wp:attachment":[{"href":"https:\/\/agropecuariafenix.com.br\/index.php\/wp-json\/wp\/v2\/media?parent=25587"}],"wp:term":[{"taxonomy":"product_brand","embeddable":true,"href":"https:\/\/agropecuariafenix.com.br\/index.php\/wp-json\/wp\/v2\/product_brand?post=25587"},{"taxonomy":"product_cat","embeddable":true,"href":"https:\/\/agropecuariafenix.com.br\/index.php\/wp-json\/wp\/v2\/product_cat?post=25587"},{"taxonomy":"product_tag","embeddable":true,"href":"https:\/\/agropecuariafenix.com.br\/index.php\/wp-json\/wp\/v2\/product_tag?post=25587"}],"curies":[{"name":"wp","href":"https:\/\/api.w.org\/{rel}","templated":true}]}}