{"id":25486,"date":"2022-09-15T08:05:37","date_gmt":"2022-09-15T11:05:37","guid":{"rendered":"https:\/\/agropecuariafenix.com.br\/index.php\/produto\/otoguard-20ml\/"},"modified":"2026-02-27T13:50:28","modified_gmt":"2026-02-27T16:50:28","slug":"otoguard-20ml","status":"publish","type":"product","link":"https:\/\/agropecuariafenix.com.br\/index.php\/produto\/otoguard-20ml\/","title":{"rendered":"Otoguard 20Ml"},"content":{"rendered":"<p>Solu\u00e7\u00e3o Otol\u00f3gica Otoguard Cepav<br \/>\nA Solu\u00e7\u00e3o Otol\u00f3gica Otoguard Cepav \u00e9 um rem\u00e9dio indicado para tratar otites externas agudas, mic\u00f3ticas, cr\u00f4nicas ou bacterianas em c\u00e3es e gatos.<\/p>\n<p>Ele \u00e9 a combina\u00e7\u00e3o de antibi\u00f3ticos, anti-inflamat\u00f3rio, antif\u00fangico e anest\u00e9sico local.<\/p>\n<p>Visando promover o controle total e eficaz das infec\u00e7\u00f5es causadas por fungos e bact\u00e9rias, o Octoguard Cepav trata a inflama\u00e7\u00e3o e a sensibilidade, que causam dor no canal auditivo do seu amigo animal.<\/p>\n<p>As otites externas causam desconforto, e \u00e9 dever do Otoguard restaurar a fun\u00e7\u00e3o auditiva do c\u00e3o ou gato, aliviando esse problema tamb\u00e9m. Assim, reduzindo a inflama\u00e7\u00e3o, at\u00e9 que ela esteja 100% curada.<\/p>\n<p>Em quanto tempo o Otoguard come\u00e7a a agir?<\/p>\n<p>Como sabemos, o Otoguard \u00e9 uma combina\u00e7\u00e3o de antibi\u00f3tico, anti-inflamat\u00f3rio, antif\u00fangico e anest\u00e9sico, que tem o objetivo de curar infec\u00e7\u00f5es como otite, em c\u00e3es e gatos. Ele come\u00e7a a fazer efeito a partir do segundo dia de uso, tendo melhor resultado ap\u00f3s 7 dias.<\/p>\n<p>Qual a composi\u00e7\u00e3o do Otoguard?<\/p>\n<p>Cada 100 ml do Otoguard cont\u00e9m: Cetoconazol 1,000 g, fosfato s\u00f3dico de dexametasona 0,132 g, sulfato de tobramicina 0,380 g, cloridrato de lidoca\u00edna 1,900 g e ve\u00edculo q.s.p 100,000 ml.<\/p>\n<p>Como fa\u00e7o para aplicar o produto em meu c\u00e3o ou gato?<\/p>\n<p>Primeiro de tudo, voc\u00ea precisa remover o pus, as crostas, o cer\u00famen ou qualquer outra coisa presente no canal auditivo do seu animal. Depois disso, pingue de 5 a 15 gotas no ouvido do bichinho.<\/p>\n<p>Em seguida, fa\u00e7a uma massagem suavemente por 20 segundos, para que o rem\u00e9dio penetre totalmente. Caso a infec\u00e7\u00e3o seja aguda, repita de 2 a 3 vezes ao dia, durante uma semana ou at\u00e9 que a les\u00e3o e os sintomas sumam. J\u00e1 nos casos cr\u00f4nicos, o produto precisa ser aplicado por 21 dias ou at\u00e9 que a les\u00e3o e os sintomas desapare\u00e7am por completo.<\/p>\n<p>Como o Otoguard age?<\/p>\n<p>O Otoguard \u00e9 um produto revolucion\u00e1rio, que age a partir da combina\u00e7\u00e3o de potentes anti-inflamat\u00f3rios, antibi\u00f3ticos, antif\u00fangicos e anest\u00e9sicos locais, para controlar infec\u00e7\u00f5es dolorosas no canal auditivo de c\u00e3es e gatos, e aliviar os desconfortos que surgem at\u00e9 eles estarem curados.<\/p>\n<p>Quais os benef\u00edcios do uso?<\/p>\n<p>Al\u00e9m de ser um produto totalmente eficaz, o Otoguard trabalha para que mesmo ainda tratando da infec\u00e7\u00e3o, o seu amigo animal n\u00e3o sinta desconforto, dor e necessidade de co\u00e7ar o local, por exemplo. Ademais, ao fim do tratamento, ele devolve totalmente a capacidade auditiva do animalzinho.<\/p>\n<p>Quando o Otoguard n\u00e3o deve ser usado?<\/p>\n<p>N\u00e3o deve ser usado caso seu amigo tenha sensibilidade comprovada a qualquer componente da f\u00f3rmula.<\/p>\n<p>Em caso de duvidas consulte a bula para mais informa\u00e7\u00f5es.<\/p>\n","protected":false},"excerpt":{"rendered":"<p>F\u00e1cil de aplicar;<br \/>\nPropriedades terap\u00eauticas;<br \/>\nIndicado para c\u00e3es e gatos;<br \/>\nIdeal para tratar otites externas sendo agudas ou cr\u00f4nicas.<\/p>\n","protected":false},"featured_media":26790,"comment_status":"open","ping_status":"closed","template":"","meta":[],"product_brand":[],"product_cat":[1110],"product_tag":[75,209,1243,1658,1241,1242,1244],"class_list":{"0":"post-25486","1":"product","2":"type-product","3":"status-publish","4":"has-post-thumbnail","6":"product_cat-medicamentos","7":"product_tag-caes","8":"product_tag-gatos","9":"product_tag-inflamacao","10":"product_tag-medicamentos","11":"product_tag-otite","12":"product_tag-otoguard","13":"product_tag-ouvido","15":"first","16":"instock","17":"shipping-taxable","18":"purchasable","19":"product-type-simple"},"yoast_head":"<!-- This site is optimized with the Yoast SEO plugin v27.6 - https:\/\/yoast.com\/product\/yoast-seo-wordpress\/ -->\n<title>Otoguard 20Ml - Agropecu\u00e1ria Fenix<\/title>\n<meta name=\"robots\" content=\"index, follow, max-snippet:-1, max-image-preview:large, max-video-preview:-1\" \/>\n<link rel=\"canonical\" href=\"https:\/\/agropecuariafenix.com.br\/index.php\/produto\/otoguard-20ml\/\" \/>\n<meta property=\"og:locale\" content=\"pt_BR\" \/>\n<meta property=\"og:type\" content=\"article\" \/>\n<meta property=\"og:title\" content=\"Otoguard 20Ml - Agropecu\u00e1ria Fenix\" \/>\n<meta property=\"og:description\" content=\"F\u00e1cil de aplicar; Propriedades terap\u00eauticas; Indicado para c\u00e3es e gatos; Ideal para tratar otites externas sendo agudas ou cr\u00f4nicas.\" \/>\n<meta property=\"og:url\" content=\"https:\/\/agropecuariafenix.com.br\/index.php\/produto\/otoguard-20ml\/\" \/>\n<meta property=\"og:site_name\" content=\"Agropecu\u00e1ria Fenix\" \/>\n<meta property=\"article:publisher\" content=\"https:\/\/web.facebook.com\/agropecuariafenixjau\" \/>\n<meta property=\"article:modified_time\" content=\"2026-02-27T16:50:28+00:00\" \/>\n<meta property=\"og:image\" content=\"https:\/\/agropecuariafenix.com.br\/wp-content\/uploads\/2023\/10\/Otoguard-20Ml-1581993688.jpg\" \/>\n\t<meta property=\"og:image:width\" content=\"700\" \/>\n\t<meta property=\"og:image:height\" content=\"700\" \/>\n\t<meta property=\"og:image:type\" content=\"image\/jpeg\" \/>\n<meta name=\"twitter:card\" content=\"summary_large_image\" \/>\n<meta name=\"twitter:label1\" content=\"Est. tempo de leitura\" \/>\n\t<meta name=\"twitter:data1\" content=\"2 minutos\" \/>\n<script type=\"application\/ld+json\" class=\"yoast-schema-graph\">{\"@context\":\"https:\\\/\\\/schema.org\",\"@graph\":[{\"@type\":\"WebPage\",\"@id\":\"https:\\\/\\\/agropecuariafenix.com.br\\\/index.php\\\/produto\\\/otoguard-20ml\\\/\",\"url\":\"https:\\\/\\\/agropecuariafenix.com.br\\\/index.php\\\/produto\\\/otoguard-20ml\\\/\",\"name\":\"Otoguard 20Ml - Agropecu\u00e1ria Fenix\",\"isPartOf\":{\"@id\":\"https:\\\/\\\/agropecuariafenix.com.br\\\/#website\"},\"primaryImageOfPage\":{\"@id\":\"https:\\\/\\\/agropecuariafenix.com.br\\\/index.php\\\/produto\\\/otoguard-20ml\\\/#primaryimage\"},\"image\":{\"@id\":\"https:\\\/\\\/agropecuariafenix.com.br\\\/index.php\\\/produto\\\/otoguard-20ml\\\/#primaryimage\"},\"thumbnailUrl\":\"https:\\\/\\\/agropecuariafenix.com.br\\\/wp-content\\\/uploads\\\/2023\\\/10\\\/Otoguard-20Ml-1581993688.jpg\",\"datePublished\":\"2022-09-15T11:05:37+00:00\",\"dateModified\":\"2026-02-27T16:50:28+00:00\",\"breadcrumb\":{\"@id\":\"https:\\\/\\\/agropecuariafenix.com.br\\\/index.php\\\/produto\\\/otoguard-20ml\\\/#breadcrumb\"},\"inLanguage\":\"pt-BR\",\"potentialAction\":[{\"@type\":\"ReadAction\",\"target\":[\"https:\\\/\\\/agropecuariafenix.com.br\\\/index.php\\\/produto\\\/otoguard-20ml\\\/\"]}]},{\"@type\":\"ImageObject\",\"inLanguage\":\"pt-BR\",\"@id\":\"https:\\\/\\\/agropecuariafenix.com.br\\\/index.php\\\/produto\\\/otoguard-20ml\\\/#primaryimage\",\"url\":\"https:\\\/\\\/agropecuariafenix.com.br\\\/wp-content\\\/uploads\\\/2023\\\/10\\\/Otoguard-20Ml-1581993688.jpg\",\"contentUrl\":\"https:\\\/\\\/agropecuariafenix.com.br\\\/wp-content\\\/uploads\\\/2023\\\/10\\\/Otoguard-20Ml-1581993688.jpg\",\"width\":700,\"height\":700,\"caption\":\"Otoguard 20Ml\"},{\"@type\":\"BreadcrumbList\",\"@id\":\"https:\\\/\\\/agropecuariafenix.com.br\\\/index.php\\\/produto\\\/otoguard-20ml\\\/#breadcrumb\",\"itemListElement\":[{\"@type\":\"ListItem\",\"position\":1,\"name\":\"In\u00edcio\",\"item\":\"https:\\\/\\\/agropecuariafenix.com.br\\\/\"},{\"@type\":\"ListItem\",\"position\":2,\"name\":\"Todos os produtos\",\"item\":\"https:\\\/\\\/agropecuariafenix.com.br\\\/index.php\\\/loja\\\/\"},{\"@type\":\"ListItem\",\"position\":3,\"name\":\"Otoguard 20Ml\"}]},{\"@type\":\"WebSite\",\"@id\":\"https:\\\/\\\/agropecuariafenix.com.br\\\/#website\",\"url\":\"https:\\\/\\\/agropecuariafenix.com.br\\\/\",\"name\":\"Agropecu\u00e1ria Fenix\",\"description\":\"Agropecu\u00e1ria F\u00eanix Pet - Ra\u00e7\u00f5es \\\/ Medicamentos Pet \\\/ Cl\u00ednica Veterin\u00e1ria \\\/ Banho e Tosa \\\/ Cachorro \\\/\u00a0Gato\u00a0\\\/\u00a0P\u00e1ssaros\",\"publisher\":{\"@id\":\"https:\\\/\\\/agropecuariafenix.com.br\\\/#organization\"},\"alternateName\":\"Agropecu\u00e1ria Fenix\",\"potentialAction\":[{\"@type\":\"SearchAction\",\"target\":{\"@type\":\"EntryPoint\",\"urlTemplate\":\"https:\\\/\\\/agropecuariafenix.com.br\\\/?s={search_term_string}\"},\"query-input\":{\"@type\":\"PropertyValueSpecification\",\"valueRequired\":true,\"valueName\":\"search_term_string\"}}],\"inLanguage\":\"pt-BR\"},{\"@type\":\"Organization\",\"@id\":\"https:\\\/\\\/agropecuariafenix.com.br\\\/#organization\",\"name\":\"Agropecu\u00e1ria Fenix\",\"alternateName\":\"Agropecu\u00e1ria Fenix\",\"url\":\"https:\\\/\\\/agropecuariafenix.com.br\\\/\",\"logo\":{\"@type\":\"ImageObject\",\"inLanguage\":\"pt-BR\",\"@id\":\"https:\\\/\\\/agropecuariafenix.com.br\\\/#\\\/schema\\\/logo\\\/image\\\/\",\"url\":\"https:\\\/\\\/agropecuariafenix.com.br\\\/wp-content\\\/uploads\\\/2023\\\/08\\\/logo_fenix3-Copy.png\",\"contentUrl\":\"https:\\\/\\\/agropecuariafenix.com.br\\\/wp-content\\\/uploads\\\/2023\\\/08\\\/logo_fenix3-Copy.png\",\"width\":500,\"height\":500,\"caption\":\"Agropecu\u00e1ria Fenix\"},\"image\":{\"@id\":\"https:\\\/\\\/agropecuariafenix.com.br\\\/#\\\/schema\\\/logo\\\/image\\\/\"},\"sameAs\":[\"https:\\\/\\\/web.facebook.com\\\/agropecuariafenixjau\",\"https:\\\/\\\/www.instagram.com\\\/agropecuaria_fenix_jau\\\/\"]}]}<\/script>\n<!-- \/ Yoast SEO plugin. -->","yoast_head_json":{"title":"Otoguard 20Ml - Agropecu\u00e1ria Fenix","robots":{"index":"index","follow":"follow","max-snippet":"max-snippet:-1","max-image-preview":"max-image-preview:large","max-video-preview":"max-video-preview:-1"},"canonical":"https:\/\/agropecuariafenix.com.br\/index.php\/produto\/otoguard-20ml\/","og_locale":"pt_BR","og_type":"article","og_title":"Otoguard 20Ml - Agropecu\u00e1ria Fenix","og_description":"F\u00e1cil de aplicar; Propriedades terap\u00eauticas; Indicado para c\u00e3es e gatos; Ideal para tratar otites externas sendo agudas ou cr\u00f4nicas.","og_url":"https:\/\/agropecuariafenix.com.br\/index.php\/produto\/otoguard-20ml\/","og_site_name":"Agropecu\u00e1ria Fenix","article_publisher":"https:\/\/web.facebook.com\/agropecuariafenixjau","article_modified_time":"2026-02-27T16:50:28+00:00","og_image":[{"width":700,"height":700,"url":"https:\/\/agropecuariafenix.com.br\/wp-content\/uploads\/2023\/10\/Otoguard-20Ml-1581993688.jpg","type":"image\/jpeg"}],"twitter_card":"summary_large_image","twitter_misc":{"Est. tempo de leitura":"2 minutos"},"schema":{"@context":"https:\/\/schema.org","@graph":[{"@type":"WebPage","@id":"https:\/\/agropecuariafenix.com.br\/index.php\/produto\/otoguard-20ml\/","url":"https:\/\/agropecuariafenix.com.br\/index.php\/produto\/otoguard-20ml\/","name":"Otoguard 20Ml - Agropecu\u00e1ria Fenix","isPartOf":{"@id":"https:\/\/agropecuariafenix.com.br\/#website"},"primaryImageOfPage":{"@id":"https:\/\/agropecuariafenix.com.br\/index.php\/produto\/otoguard-20ml\/#primaryimage"},"image":{"@id":"https:\/\/agropecuariafenix.com.br\/index.php\/produto\/otoguard-20ml\/#primaryimage"},"thumbnailUrl":"https:\/\/agropecuariafenix.com.br\/wp-content\/uploads\/2023\/10\/Otoguard-20Ml-1581993688.jpg","datePublished":"2022-09-15T11:05:37+00:00","dateModified":"2026-02-27T16:50:28+00:00","breadcrumb":{"@id":"https:\/\/agropecuariafenix.com.br\/index.php\/produto\/otoguard-20ml\/#breadcrumb"},"inLanguage":"pt-BR","potentialAction":[{"@type":"ReadAction","target":["https:\/\/agropecuariafenix.com.br\/index.php\/produto\/otoguard-20ml\/"]}]},{"@type":"ImageObject","inLanguage":"pt-BR","@id":"https:\/\/agropecuariafenix.com.br\/index.php\/produto\/otoguard-20ml\/#primaryimage","url":"https:\/\/agropecuariafenix.com.br\/wp-content\/uploads\/2023\/10\/Otoguard-20Ml-1581993688.jpg","contentUrl":"https:\/\/agropecuariafenix.com.br\/wp-content\/uploads\/2023\/10\/Otoguard-20Ml-1581993688.jpg","width":700,"height":700,"caption":"Otoguard 20Ml"},{"@type":"BreadcrumbList","@id":"https:\/\/agropecuariafenix.com.br\/index.php\/produto\/otoguard-20ml\/#breadcrumb","itemListElement":[{"@type":"ListItem","position":1,"name":"In\u00edcio","item":"https:\/\/agropecuariafenix.com.br\/"},{"@type":"ListItem","position":2,"name":"Todos os produtos","item":"https:\/\/agropecuariafenix.com.br\/index.php\/loja\/"},{"@type":"ListItem","position":3,"name":"Otoguard 20Ml"}]},{"@type":"WebSite","@id":"https:\/\/agropecuariafenix.com.br\/#website","url":"https:\/\/agropecuariafenix.com.br\/","name":"Agropecu\u00e1ria Fenix","description":"Agropecu\u00e1ria F\u00eanix Pet - Ra\u00e7\u00f5es \/ Medicamentos Pet \/ Cl\u00ednica Veterin\u00e1ria \/ Banho e Tosa \/ Cachorro \/\u00a0Gato\u00a0\/\u00a0P\u00e1ssaros","publisher":{"@id":"https:\/\/agropecuariafenix.com.br\/#organization"},"alternateName":"Agropecu\u00e1ria Fenix","potentialAction":[{"@type":"SearchAction","target":{"@type":"EntryPoint","urlTemplate":"https:\/\/agropecuariafenix.com.br\/?s={search_term_string}"},"query-input":{"@type":"PropertyValueSpecification","valueRequired":true,"valueName":"search_term_string"}}],"inLanguage":"pt-BR"},{"@type":"Organization","@id":"https:\/\/agropecuariafenix.com.br\/#organization","name":"Agropecu\u00e1ria Fenix","alternateName":"Agropecu\u00e1ria Fenix","url":"https:\/\/agropecuariafenix.com.br\/","logo":{"@type":"ImageObject","inLanguage":"pt-BR","@id":"https:\/\/agropecuariafenix.com.br\/#\/schema\/logo\/image\/","url":"https:\/\/agropecuariafenix.com.br\/wp-content\/uploads\/2023\/08\/logo_fenix3-Copy.png","contentUrl":"https:\/\/agropecuariafenix.com.br\/wp-content\/uploads\/2023\/08\/logo_fenix3-Copy.png","width":500,"height":500,"caption":"Agropecu\u00e1ria Fenix"},"image":{"@id":"https:\/\/agropecuariafenix.com.br\/#\/schema\/logo\/image\/"},"sameAs":["https:\/\/web.facebook.com\/agropecuariafenixjau","https:\/\/www.instagram.com\/agropecuaria_fenix_jau\/"]}]}},"_links":{"self":[{"href":"https:\/\/agropecuariafenix.com.br\/index.php\/wp-json\/wp\/v2\/product\/25486","targetHints":{"allow":["GET"]}}],"collection":[{"href":"https:\/\/agropecuariafenix.com.br\/index.php\/wp-json\/wp\/v2\/product"}],"about":[{"href":"https:\/\/agropecuariafenix.com.br\/index.php\/wp-json\/wp\/v2\/types\/product"}],"replies":[{"embeddable":true,"href":"https:\/\/agropecuariafenix.com.br\/index.php\/wp-json\/wp\/v2\/comments?post=25486"}],"version-history":[{"count":3,"href":"https:\/\/agropecuariafenix.com.br\/index.php\/wp-json\/wp\/v2\/product\/25486\/revisions"}],"predecessor-version":[{"id":26868,"href":"https:\/\/agropecuariafenix.com.br\/index.php\/wp-json\/wp\/v2\/product\/25486\/revisions\/26868"}],"wp:featuredmedia":[{"embeddable":true,"href":"https:\/\/agropecuariafenix.com.br\/index.php\/wp-json\/wp\/v2\/media\/26790"}],"wp:attachment":[{"href":"https:\/\/agropecuariafenix.com.br\/index.php\/wp-json\/wp\/v2\/media?parent=25486"}],"wp:term":[{"taxonomy":"product_brand","embeddable":true,"href":"https:\/\/agropecuariafenix.com.br\/index.php\/wp-json\/wp\/v2\/product_brand?post=25486"},{"taxonomy":"product_cat","embeddable":true,"href":"https:\/\/agropecuariafenix.com.br\/index.php\/wp-json\/wp\/v2\/product_cat?post=25486"},{"taxonomy":"product_tag","embeddable":true,"href":"https:\/\/agropecuariafenix.com.br\/index.php\/wp-json\/wp\/v2\/product_tag?post=25486"}],"curies":[{"name":"wp","href":"https:\/\/api.w.org\/{rel}","templated":true}]}}