{"id":25450,"date":"2022-09-14T16:28:34","date_gmt":"2022-09-14T19:28:34","guid":{"rendered":"https:\/\/agropecuariafenix.com.br\/index.php\/produto\/atacama-caes-filhotes-todos-os-tamanhos-14kg\/"},"modified":"2023-07-27T17:36:55","modified_gmt":"2023-07-27T20:36:55","slug":"atacama-caes-filhotes-todos-os-tamanhos-14kg","status":"publish","type":"product","link":"https:\/\/agropecuariafenix.com.br\/index.php\/produto\/atacama-caes-filhotes-todos-os-tamanhos-14kg\/","title":{"rendered":"Atacama C\u00e3es Filhotes Todos Os Tamanhos 14Kg"},"content":{"rendered":"<p>A Ra\u00e7\u00e3o Seca Supra Atacama C\u00e3es Filhotes Todas as Ra\u00e7as oferece uma alimenta\u00e7\u00e3o nutritiva e de alta qualidade ao seu melhor amigo, sendo um alimento ideal para c\u00e3es filhotes de todos os portes. Livre de transg\u00eanico, corantes e aromatizantes artificiais este alimento oferece ao seu pet sa\u00fade e bem-estar, al\u00e9m de manter uma pelagem mais brilhante e sedosa.<\/p>\n","protected":false},"excerpt":{"rendered":"<p>&#8211; Cont\u00e9m 29% de prote\u00edna e 16% de extrato et\u00e9reo que auxilia na sa\u00fade do c\u00e3o;<br \/>\n&#8211; Composta por polpa de beterraba, que auxilia na sa\u00fade intestinal;<br \/>\n&#8211; Auxilia na redu\u00e7\u00e3o do odor das fezes, atrav\u00e9s da a\u00e7\u00e3o da Yucca;<br \/>\n&#8211; Melhor absor\u00e7\u00e3o dos nutrientes, combina\u00e7\u00e3o perfeita de ingredientes;<br \/>\n&#8211; Composi\u00e7\u00e3o feita com condrotina e glicosamina: benef\u00edcios que melhora as articula\u00e7\u00f5es;<br \/>\n&#8211; Com baixo teor de s\u00f3dio e com \u00f4mega 3 e 6 que mant\u00e9m uma pelagem bonita e saud\u00e1vel;<br \/>\n&#8211; Possui prote\u00ednas de alto valor biol\u00f3gico, sem transg\u00eanico, corantes e aromatizantes artificiais.<\/p>\n","protected":false},"featured_media":25445,"comment_status":"open","ping_status":"closed","template":"","meta":[],"product_brand":[],"product_cat":[80],"product_tag":[1231,1227,126,140,113,82,81,203,1228],"class_list":{"0":"post-25450","1":"product","2":"type-product","3":"status-publish","4":"has-post-thumbnail","6":"product_cat-racoes","7":"product_tag-14kg","8":"product_tag-atacama","9":"product_tag-filhotes","10":"product_tag-grande","11":"product_tag-media","12":"product_tag-pequena","13":"product_tag-raca","14":"product_tag-super","15":"product_tag-transgenico","17":"first","18":"instock","19":"shipping-taxable","20":"purchasable","21":"product-type-simple"},"yoast_head":"<!-- This site is optimized with the Yoast SEO plugin v26.1.1 - https:\/\/yoast.com\/wordpress\/plugins\/seo\/ -->\n<title>Atacama C\u00e3es Filhotes Todos Os Tamanhos 14Kg - Agropecu\u00e1ria Fenix<\/title>\n<meta name=\"robots\" content=\"index, follow, max-snippet:-1, max-image-preview:large, max-video-preview:-1\" \/>\n<link rel=\"canonical\" href=\"https:\/\/agropecuariafenix.com.br\/index.php\/produto\/atacama-caes-filhotes-todos-os-tamanhos-14kg\/\" \/>\n<meta property=\"og:locale\" content=\"pt_BR\" \/>\n<meta property=\"og:type\" content=\"article\" \/>\n<meta property=\"og:title\" content=\"Atacama C\u00e3es Filhotes Todos Os Tamanhos 14Kg - Agropecu\u00e1ria Fenix\" \/>\n<meta property=\"og:description\" content=\"&#8211; Cont\u00e9m 29% de prote\u00edna e 16% de extrato et\u00e9reo que auxilia na sa\u00fade do c\u00e3o; &#8211; Composta por polpa de beterraba, que auxilia na sa\u00fade intestinal; &#8211; Auxilia na redu\u00e7\u00e3o do odor das fezes, atrav\u00e9s da a\u00e7\u00e3o da Yucca; &#8211; Melhor absor\u00e7\u00e3o dos nutrientes, combina\u00e7\u00e3o perfeita de ingredientes; &#8211; Composi\u00e7\u00e3o feita com condrotina e glicosamina: benef\u00edcios que melhora as articula\u00e7\u00f5es; &#8211; Com baixo teor de s\u00f3dio e com \u00f4mega 3 e 6 que mant\u00e9m uma pelagem bonita e saud\u00e1vel; &#8211; Possui prote\u00ednas de alto valor biol\u00f3gico, sem transg\u00eanico, corantes e aromatizantes artificiais.\" \/>\n<meta property=\"og:url\" content=\"https:\/\/agropecuariafenix.com.br\/index.php\/produto\/atacama-caes-filhotes-todos-os-tamanhos-14kg\/\" \/>\n<meta property=\"og:site_name\" content=\"Agropecu\u00e1ria Fenix\" \/>\n<meta property=\"article:publisher\" content=\"https:\/\/web.facebook.com\/agropecuariafenixjau\" \/>\n<meta property=\"article:modified_time\" content=\"2023-07-27T20:36:55+00:00\" \/>\n<meta property=\"og:image\" content=\"https:\/\/agropecuariafenix.com.br\/wp-content\/uploads\/2022\/09\/Atacama-Ces-Filhotes-Todos-Os-Tamanhos-14Kg-1452983123.jpg\" \/>\n\t<meta property=\"og:image:width\" content=\"600\" \/>\n\t<meta property=\"og:image:height\" content=\"600\" \/>\n\t<meta property=\"og:image:type\" content=\"image\/jpeg\" \/>\n<meta name=\"twitter:card\" content=\"summary_large_image\" \/>\n<script type=\"application\/ld+json\" class=\"yoast-schema-graph\">{\"@context\":\"https:\/\/schema.org\",\"@graph\":[{\"@type\":\"WebPage\",\"@id\":\"https:\/\/agropecuariafenix.com.br\/index.php\/produto\/atacama-caes-filhotes-todos-os-tamanhos-14kg\/\",\"url\":\"https:\/\/agropecuariafenix.com.br\/index.php\/produto\/atacama-caes-filhotes-todos-os-tamanhos-14kg\/\",\"name\":\"Atacama C\u00e3es Filhotes Todos Os Tamanhos 14Kg - Agropecu\u00e1ria Fenix\",\"isPartOf\":{\"@id\":\"https:\/\/agropecuariafenix.com.br\/#website\"},\"primaryImageOfPage\":{\"@id\":\"https:\/\/agropecuariafenix.com.br\/index.php\/produto\/atacama-caes-filhotes-todos-os-tamanhos-14kg\/#primaryimage\"},\"image\":{\"@id\":\"https:\/\/agropecuariafenix.com.br\/index.php\/produto\/atacama-caes-filhotes-todos-os-tamanhos-14kg\/#primaryimage\"},\"thumbnailUrl\":\"https:\/\/agropecuariafenix.com.br\/wp-content\/uploads\/2022\/09\/Atacama-Ces-Filhotes-Todos-Os-Tamanhos-14Kg-1452983123.jpg\",\"datePublished\":\"2022-09-14T19:28:34+00:00\",\"dateModified\":\"2023-07-27T20:36:55+00:00\",\"breadcrumb\":{\"@id\":\"https:\/\/agropecuariafenix.com.br\/index.php\/produto\/atacama-caes-filhotes-todos-os-tamanhos-14kg\/#breadcrumb\"},\"inLanguage\":\"pt-BR\",\"potentialAction\":[{\"@type\":\"ReadAction\",\"target\":[\"https:\/\/agropecuariafenix.com.br\/index.php\/produto\/atacama-caes-filhotes-todos-os-tamanhos-14kg\/\"]}]},{\"@type\":\"ImageObject\",\"inLanguage\":\"pt-BR\",\"@id\":\"https:\/\/agropecuariafenix.com.br\/index.php\/produto\/atacama-caes-filhotes-todos-os-tamanhos-14kg\/#primaryimage\",\"url\":\"https:\/\/agropecuariafenix.com.br\/wp-content\/uploads\/2022\/09\/Atacama-Ces-Filhotes-Todos-Os-Tamanhos-14Kg-1452983123.jpg\",\"contentUrl\":\"https:\/\/agropecuariafenix.com.br\/wp-content\/uploads\/2022\/09\/Atacama-Ces-Filhotes-Todos-Os-Tamanhos-14Kg-1452983123.jpg\",\"width\":600,\"height\":600,\"caption\":\"Atacama C\u00e3es Filhotes Todos Os Tamanhos 14Kg\"},{\"@type\":\"BreadcrumbList\",\"@id\":\"https:\/\/agropecuariafenix.com.br\/index.php\/produto\/atacama-caes-filhotes-todos-os-tamanhos-14kg\/#breadcrumb\",\"itemListElement\":[{\"@type\":\"ListItem\",\"position\":1,\"name\":\"In\u00edcio\",\"item\":\"https:\/\/agropecuariafenix.com.br\/\"},{\"@type\":\"ListItem\",\"position\":2,\"name\":\"Todos os produtos\",\"item\":\"https:\/\/agropecuariafenix.com.br\/index.php\/loja\/\"},{\"@type\":\"ListItem\",\"position\":3,\"name\":\"Atacama C\u00e3es Filhotes Todos Os Tamanhos 14Kg\"}]},{\"@type\":\"WebSite\",\"@id\":\"https:\/\/agropecuariafenix.com.br\/#website\",\"url\":\"https:\/\/agropecuariafenix.com.br\/\",\"name\":\"Agropecu\u00e1ria Fenix\",\"description\":\"Agropecu\u00e1ria F\u00eanix Pet - Ra\u00e7\u00f5es \/ Medicamentos Pet \/ Cl\u00ednica Veterin\u00e1ria \/ Banho e Tosa \/ Cachorro \/\u00a0Gato\u00a0\/\u00a0P\u00e1ssaros\",\"publisher\":{\"@id\":\"https:\/\/agropecuariafenix.com.br\/#organization\"},\"alternateName\":\"Agropecu\u00e1ria Fenix\",\"potentialAction\":[{\"@type\":\"SearchAction\",\"target\":{\"@type\":\"EntryPoint\",\"urlTemplate\":\"https:\/\/agropecuariafenix.com.br\/?s={search_term_string}\"},\"query-input\":{\"@type\":\"PropertyValueSpecification\",\"valueRequired\":true,\"valueName\":\"search_term_string\"}}],\"inLanguage\":\"pt-BR\"},{\"@type\":\"Organization\",\"@id\":\"https:\/\/agropecuariafenix.com.br\/#organization\",\"name\":\"Agropecu\u00e1ria Fenix\",\"alternateName\":\"Agropecu\u00e1ria Fenix\",\"url\":\"https:\/\/agropecuariafenix.com.br\/\",\"logo\":{\"@type\":\"ImageObject\",\"inLanguage\":\"pt-BR\",\"@id\":\"https:\/\/agropecuariafenix.com.br\/#\/schema\/logo\/image\/\",\"url\":\"https:\/\/agropecuariafenix.com.br\/wp-content\/uploads\/2023\/08\/logo_fenix3-Copy.png\",\"contentUrl\":\"https:\/\/agropecuariafenix.com.br\/wp-content\/uploads\/2023\/08\/logo_fenix3-Copy.png\",\"width\":500,\"height\":500,\"caption\":\"Agropecu\u00e1ria Fenix\"},\"image\":{\"@id\":\"https:\/\/agropecuariafenix.com.br\/#\/schema\/logo\/image\/\"},\"sameAs\":[\"https:\/\/web.facebook.com\/agropecuariafenixjau\",\"https:\/\/www.instagram.com\/agropecuaria_fenix_jau\/\"]}]}<\/script>\n<!-- \/ Yoast SEO plugin. -->","yoast_head_json":{"title":"Atacama C\u00e3es Filhotes Todos Os Tamanhos 14Kg - Agropecu\u00e1ria Fenix","robots":{"index":"index","follow":"follow","max-snippet":"max-snippet:-1","max-image-preview":"max-image-preview:large","max-video-preview":"max-video-preview:-1"},"canonical":"https:\/\/agropecuariafenix.com.br\/index.php\/produto\/atacama-caes-filhotes-todos-os-tamanhos-14kg\/","og_locale":"pt_BR","og_type":"article","og_title":"Atacama C\u00e3es Filhotes Todos Os Tamanhos 14Kg - Agropecu\u00e1ria Fenix","og_description":"&#8211; Cont\u00e9m 29% de prote\u00edna e 16% de extrato et\u00e9reo que auxilia na sa\u00fade do c\u00e3o; &#8211; Composta por polpa de beterraba, que auxilia na sa\u00fade intestinal; &#8211; Auxilia na redu\u00e7\u00e3o do odor das fezes, atrav\u00e9s da a\u00e7\u00e3o da Yucca; &#8211; Melhor absor\u00e7\u00e3o dos nutrientes, combina\u00e7\u00e3o perfeita de ingredientes; &#8211; Composi\u00e7\u00e3o feita com condrotina e glicosamina: benef\u00edcios que melhora as articula\u00e7\u00f5es; &#8211; Com baixo teor de s\u00f3dio e com \u00f4mega 3 e 6 que mant\u00e9m uma pelagem bonita e saud\u00e1vel; &#8211; Possui prote\u00ednas de alto valor biol\u00f3gico, sem transg\u00eanico, corantes e aromatizantes artificiais.","og_url":"https:\/\/agropecuariafenix.com.br\/index.php\/produto\/atacama-caes-filhotes-todos-os-tamanhos-14kg\/","og_site_name":"Agropecu\u00e1ria Fenix","article_publisher":"https:\/\/web.facebook.com\/agropecuariafenixjau","article_modified_time":"2023-07-27T20:36:55+00:00","og_image":[{"width":600,"height":600,"url":"https:\/\/agropecuariafenix.com.br\/wp-content\/uploads\/2022\/09\/Atacama-Ces-Filhotes-Todos-Os-Tamanhos-14Kg-1452983123.jpg","type":"image\/jpeg"}],"twitter_card":"summary_large_image","schema":{"@context":"https:\/\/schema.org","@graph":[{"@type":"WebPage","@id":"https:\/\/agropecuariafenix.com.br\/index.php\/produto\/atacama-caes-filhotes-todos-os-tamanhos-14kg\/","url":"https:\/\/agropecuariafenix.com.br\/index.php\/produto\/atacama-caes-filhotes-todos-os-tamanhos-14kg\/","name":"Atacama C\u00e3es Filhotes Todos Os Tamanhos 14Kg - Agropecu\u00e1ria Fenix","isPartOf":{"@id":"https:\/\/agropecuariafenix.com.br\/#website"},"primaryImageOfPage":{"@id":"https:\/\/agropecuariafenix.com.br\/index.php\/produto\/atacama-caes-filhotes-todos-os-tamanhos-14kg\/#primaryimage"},"image":{"@id":"https:\/\/agropecuariafenix.com.br\/index.php\/produto\/atacama-caes-filhotes-todos-os-tamanhos-14kg\/#primaryimage"},"thumbnailUrl":"https:\/\/agropecuariafenix.com.br\/wp-content\/uploads\/2022\/09\/Atacama-Ces-Filhotes-Todos-Os-Tamanhos-14Kg-1452983123.jpg","datePublished":"2022-09-14T19:28:34+00:00","dateModified":"2023-07-27T20:36:55+00:00","breadcrumb":{"@id":"https:\/\/agropecuariafenix.com.br\/index.php\/produto\/atacama-caes-filhotes-todos-os-tamanhos-14kg\/#breadcrumb"},"inLanguage":"pt-BR","potentialAction":[{"@type":"ReadAction","target":["https:\/\/agropecuariafenix.com.br\/index.php\/produto\/atacama-caes-filhotes-todos-os-tamanhos-14kg\/"]}]},{"@type":"ImageObject","inLanguage":"pt-BR","@id":"https:\/\/agropecuariafenix.com.br\/index.php\/produto\/atacama-caes-filhotes-todos-os-tamanhos-14kg\/#primaryimage","url":"https:\/\/agropecuariafenix.com.br\/wp-content\/uploads\/2022\/09\/Atacama-Ces-Filhotes-Todos-Os-Tamanhos-14Kg-1452983123.jpg","contentUrl":"https:\/\/agropecuariafenix.com.br\/wp-content\/uploads\/2022\/09\/Atacama-Ces-Filhotes-Todos-Os-Tamanhos-14Kg-1452983123.jpg","width":600,"height":600,"caption":"Atacama C\u00e3es Filhotes Todos Os Tamanhos 14Kg"},{"@type":"BreadcrumbList","@id":"https:\/\/agropecuariafenix.com.br\/index.php\/produto\/atacama-caes-filhotes-todos-os-tamanhos-14kg\/#breadcrumb","itemListElement":[{"@type":"ListItem","position":1,"name":"In\u00edcio","item":"https:\/\/agropecuariafenix.com.br\/"},{"@type":"ListItem","position":2,"name":"Todos os produtos","item":"https:\/\/agropecuariafenix.com.br\/index.php\/loja\/"},{"@type":"ListItem","position":3,"name":"Atacama C\u00e3es Filhotes Todos Os Tamanhos 14Kg"}]},{"@type":"WebSite","@id":"https:\/\/agropecuariafenix.com.br\/#website","url":"https:\/\/agropecuariafenix.com.br\/","name":"Agropecu\u00e1ria Fenix","description":"Agropecu\u00e1ria F\u00eanix Pet - Ra\u00e7\u00f5es \/ Medicamentos Pet \/ Cl\u00ednica Veterin\u00e1ria \/ Banho e Tosa \/ Cachorro \/\u00a0Gato\u00a0\/\u00a0P\u00e1ssaros","publisher":{"@id":"https:\/\/agropecuariafenix.com.br\/#organization"},"alternateName":"Agropecu\u00e1ria Fenix","potentialAction":[{"@type":"SearchAction","target":{"@type":"EntryPoint","urlTemplate":"https:\/\/agropecuariafenix.com.br\/?s={search_term_string}"},"query-input":{"@type":"PropertyValueSpecification","valueRequired":true,"valueName":"search_term_string"}}],"inLanguage":"pt-BR"},{"@type":"Organization","@id":"https:\/\/agropecuariafenix.com.br\/#organization","name":"Agropecu\u00e1ria Fenix","alternateName":"Agropecu\u00e1ria Fenix","url":"https:\/\/agropecuariafenix.com.br\/","logo":{"@type":"ImageObject","inLanguage":"pt-BR","@id":"https:\/\/agropecuariafenix.com.br\/#\/schema\/logo\/image\/","url":"https:\/\/agropecuariafenix.com.br\/wp-content\/uploads\/2023\/08\/logo_fenix3-Copy.png","contentUrl":"https:\/\/agropecuariafenix.com.br\/wp-content\/uploads\/2023\/08\/logo_fenix3-Copy.png","width":500,"height":500,"caption":"Agropecu\u00e1ria Fenix"},"image":{"@id":"https:\/\/agropecuariafenix.com.br\/#\/schema\/logo\/image\/"},"sameAs":["https:\/\/web.facebook.com\/agropecuariafenixjau","https:\/\/www.instagram.com\/agropecuaria_fenix_jau\/"]}]}},"_links":{"self":[{"href":"https:\/\/agropecuariafenix.com.br\/index.php\/wp-json\/wp\/v2\/product\/25450","targetHints":{"allow":["GET"]}}],"collection":[{"href":"https:\/\/agropecuariafenix.com.br\/index.php\/wp-json\/wp\/v2\/product"}],"about":[{"href":"https:\/\/agropecuariafenix.com.br\/index.php\/wp-json\/wp\/v2\/types\/product"}],"replies":[{"embeddable":true,"href":"https:\/\/agropecuariafenix.com.br\/index.php\/wp-json\/wp\/v2\/comments?post=25450"}],"version-history":[{"count":1,"href":"https:\/\/agropecuariafenix.com.br\/index.php\/wp-json\/wp\/v2\/product\/25450\/revisions"}],"predecessor-version":[{"id":25458,"href":"https:\/\/agropecuariafenix.com.br\/index.php\/wp-json\/wp\/v2\/product\/25450\/revisions\/25458"}],"wp:featuredmedia":[{"embeddable":true,"href":"https:\/\/agropecuariafenix.com.br\/index.php\/wp-json\/wp\/v2\/media\/25445"}],"wp:attachment":[{"href":"https:\/\/agropecuariafenix.com.br\/index.php\/wp-json\/wp\/v2\/media?parent=25450"}],"wp:term":[{"taxonomy":"product_brand","embeddable":true,"href":"https:\/\/agropecuariafenix.com.br\/index.php\/wp-json\/wp\/v2\/product_brand?post=25450"},{"taxonomy":"product_cat","embeddable":true,"href":"https:\/\/agropecuariafenix.com.br\/index.php\/wp-json\/wp\/v2\/product_cat?post=25450"},{"taxonomy":"product_tag","embeddable":true,"href":"https:\/\/agropecuariafenix.com.br\/index.php\/wp-json\/wp\/v2\/product_tag?post=25450"}],"curies":[{"name":"wp","href":"https:\/\/api.w.org\/{rel}","templated":true}]}}