{"id":25103,"date":"2022-09-14T08:12:50","date_gmt":"2022-09-14T11:12:50","guid":{"rendered":"https:\/\/agropecuariafenix.com.br\/index.php\/produto\/hills-caes-adultos-7-6kg\/"},"modified":"2023-12-20T20:11:20","modified_gmt":"2023-12-20T23:11:20","slug":"hills-caes-adultos-7-6kg","status":"publish","type":"product","link":"https:\/\/agropecuariafenix.com.br\/index.php\/produto\/hills-caes-adultos-7-6kg\/","title":{"rendered":"Hills C\u00e3es Adultos 7+ 6Kg"},"content":{"rendered":"<p>Visando maior expectativa de vida para o seu peludinho, a Ra\u00e7\u00e3o Seca Hill&#8217;s Science Diet para C\u00e3es Adultos 7+ cont\u00e9m fibras de alta qualidade, \u00e1cidos graxos e antioxidantes, al\u00e9m de uma combina\u00e7\u00e3o exclusiva de nutrientes essenciais que ajudam a manter a pele, pelagem e digest\u00e3o saud\u00e1veis, proporcionando energia junto a uma refei\u00e7\u00e3o saborosa!<\/p>\n","protected":false},"excerpt":{"rendered":"<p>&#8211; Complexo exclusivo de \u00e1cidos graxos;<br \/>\n&#8211; Proporciona longa expectativa de vida;<br \/>\n&#8211; Sem corantes e saborizantes artificiais;<br \/>\n&#8211; Formulada com \u00f4mega-6, vitamina E e C;<br \/>\n&#8211; Auxilia a manter uma condi\u00e7\u00e3o corp\u00f3rea ideal;<br \/>\n&#8211; Indicada para c\u00e3es adultos a partir de 7 anos de idade.<\/p>\n","protected":false},"featured_media":25097,"comment_status":"open","ping_status":"closed","template":"","meta":[],"product_brand":[],"product_cat":[80],"product_tag":[307,76,1164,113,147,203],"class_list":{"0":"post-25103","1":"product","2":"type-product","3":"status-publish","4":"has-post-thumbnail","6":"product_cat-racoes","7":"product_tag-12kg","8":"product_tag-adultos","9":"product_tag-hills","10":"product_tag-media","11":"product_tag-senior","12":"product_tag-super","14":"first","15":"instock","16":"shipping-taxable","17":"purchasable","18":"product-type-simple"},"yoast_head":"<!-- This site is optimized with the Yoast SEO plugin v26.1.1 - https:\/\/yoast.com\/wordpress\/plugins\/seo\/ -->\n<title>Hills C\u00e3es Adultos 7+ 6Kg - Agropecu\u00e1ria Fenix<\/title>\n<meta name=\"robots\" content=\"index, follow, max-snippet:-1, max-image-preview:large, max-video-preview:-1\" \/>\n<link rel=\"canonical\" href=\"https:\/\/agropecuariafenix.com.br\/index.php\/produto\/hills-caes-adultos-7-6kg\/\" \/>\n<meta property=\"og:locale\" content=\"pt_BR\" \/>\n<meta property=\"og:type\" content=\"article\" \/>\n<meta property=\"og:title\" content=\"Hills C\u00e3es Adultos 7+ 6Kg - Agropecu\u00e1ria Fenix\" \/>\n<meta property=\"og:description\" content=\"&#8211; Complexo exclusivo de \u00e1cidos graxos; &#8211; Proporciona longa expectativa de vida; &#8211; Sem corantes e saborizantes artificiais; &#8211; Formulada com \u00f4mega-6, vitamina E e C; &#8211; Auxilia a manter uma condi\u00e7\u00e3o corp\u00f3rea ideal; &#8211; Indicada para c\u00e3es adultos a partir de 7 anos de idade.\" \/>\n<meta property=\"og:url\" content=\"https:\/\/agropecuariafenix.com.br\/index.php\/produto\/hills-caes-adultos-7-6kg\/\" \/>\n<meta property=\"og:site_name\" content=\"Agropecu\u00e1ria Fenix\" \/>\n<meta property=\"article:publisher\" content=\"https:\/\/web.facebook.com\/agropecuariafenixjau\" \/>\n<meta property=\"article:modified_time\" content=\"2023-12-20T23:11:20+00:00\" \/>\n<meta property=\"og:image\" content=\"https:\/\/agropecuariafenix.com.br\/wp-content\/uploads\/2022\/09\/Hills-Ces-Adultos-7-6Kg-391108773.jpg\" \/>\n\t<meta property=\"og:image:width\" content=\"600\" \/>\n\t<meta property=\"og:image:height\" content=\"600\" \/>\n\t<meta property=\"og:image:type\" content=\"image\/jpeg\" \/>\n<meta name=\"twitter:card\" content=\"summary_large_image\" \/>\n<script type=\"application\/ld+json\" class=\"yoast-schema-graph\">{\"@context\":\"https:\/\/schema.org\",\"@graph\":[{\"@type\":\"WebPage\",\"@id\":\"https:\/\/agropecuariafenix.com.br\/index.php\/produto\/hills-caes-adultos-7-6kg\/\",\"url\":\"https:\/\/agropecuariafenix.com.br\/index.php\/produto\/hills-caes-adultos-7-6kg\/\",\"name\":\"Hills C\u00e3es Adultos 7+ 6Kg - Agropecu\u00e1ria Fenix\",\"isPartOf\":{\"@id\":\"https:\/\/agropecuariafenix.com.br\/#website\"},\"primaryImageOfPage\":{\"@id\":\"https:\/\/agropecuariafenix.com.br\/index.php\/produto\/hills-caes-adultos-7-6kg\/#primaryimage\"},\"image\":{\"@id\":\"https:\/\/agropecuariafenix.com.br\/index.php\/produto\/hills-caes-adultos-7-6kg\/#primaryimage\"},\"thumbnailUrl\":\"https:\/\/agropecuariafenix.com.br\/wp-content\/uploads\/2022\/09\/Hills-Ces-Adultos-7-6Kg-391108773.jpg\",\"datePublished\":\"2022-09-14T11:12:50+00:00\",\"dateModified\":\"2023-12-20T23:11:20+00:00\",\"breadcrumb\":{\"@id\":\"https:\/\/agropecuariafenix.com.br\/index.php\/produto\/hills-caes-adultos-7-6kg\/#breadcrumb\"},\"inLanguage\":\"pt-BR\",\"potentialAction\":[{\"@type\":\"ReadAction\",\"target\":[\"https:\/\/agropecuariafenix.com.br\/index.php\/produto\/hills-caes-adultos-7-6kg\/\"]}]},{\"@type\":\"ImageObject\",\"inLanguage\":\"pt-BR\",\"@id\":\"https:\/\/agropecuariafenix.com.br\/index.php\/produto\/hills-caes-adultos-7-6kg\/#primaryimage\",\"url\":\"https:\/\/agropecuariafenix.com.br\/wp-content\/uploads\/2022\/09\/Hills-Ces-Adultos-7-6Kg-391108773.jpg\",\"contentUrl\":\"https:\/\/agropecuariafenix.com.br\/wp-content\/uploads\/2022\/09\/Hills-Ces-Adultos-7-6Kg-391108773.jpg\",\"width\":600,\"height\":600,\"caption\":\"Hills C\u00e3es Adultos 7+ 6Kg\"},{\"@type\":\"BreadcrumbList\",\"@id\":\"https:\/\/agropecuariafenix.com.br\/index.php\/produto\/hills-caes-adultos-7-6kg\/#breadcrumb\",\"itemListElement\":[{\"@type\":\"ListItem\",\"position\":1,\"name\":\"In\u00edcio\",\"item\":\"https:\/\/agropecuariafenix.com.br\/\"},{\"@type\":\"ListItem\",\"position\":2,\"name\":\"Todos os produtos\",\"item\":\"https:\/\/agropecuariafenix.com.br\/index.php\/loja\/\"},{\"@type\":\"ListItem\",\"position\":3,\"name\":\"Hills C\u00e3es Adultos 7+ 6Kg\"}]},{\"@type\":\"WebSite\",\"@id\":\"https:\/\/agropecuariafenix.com.br\/#website\",\"url\":\"https:\/\/agropecuariafenix.com.br\/\",\"name\":\"Agropecu\u00e1ria Fenix\",\"description\":\"Agropecu\u00e1ria F\u00eanix Pet - Ra\u00e7\u00f5es \/ Medicamentos Pet \/ Cl\u00ednica Veterin\u00e1ria \/ Banho e Tosa \/ Cachorro \/\u00a0Gato\u00a0\/\u00a0P\u00e1ssaros\",\"publisher\":{\"@id\":\"https:\/\/agropecuariafenix.com.br\/#organization\"},\"alternateName\":\"Agropecu\u00e1ria Fenix\",\"potentialAction\":[{\"@type\":\"SearchAction\",\"target\":{\"@type\":\"EntryPoint\",\"urlTemplate\":\"https:\/\/agropecuariafenix.com.br\/?s={search_term_string}\"},\"query-input\":{\"@type\":\"PropertyValueSpecification\",\"valueRequired\":true,\"valueName\":\"search_term_string\"}}],\"inLanguage\":\"pt-BR\"},{\"@type\":\"Organization\",\"@id\":\"https:\/\/agropecuariafenix.com.br\/#organization\",\"name\":\"Agropecu\u00e1ria Fenix\",\"alternateName\":\"Agropecu\u00e1ria Fenix\",\"url\":\"https:\/\/agropecuariafenix.com.br\/\",\"logo\":{\"@type\":\"ImageObject\",\"inLanguage\":\"pt-BR\",\"@id\":\"https:\/\/agropecuariafenix.com.br\/#\/schema\/logo\/image\/\",\"url\":\"https:\/\/agropecuariafenix.com.br\/wp-content\/uploads\/2023\/08\/logo_fenix3-Copy.png\",\"contentUrl\":\"https:\/\/agropecuariafenix.com.br\/wp-content\/uploads\/2023\/08\/logo_fenix3-Copy.png\",\"width\":500,\"height\":500,\"caption\":\"Agropecu\u00e1ria Fenix\"},\"image\":{\"@id\":\"https:\/\/agropecuariafenix.com.br\/#\/schema\/logo\/image\/\"},\"sameAs\":[\"https:\/\/web.facebook.com\/agropecuariafenixjau\",\"https:\/\/www.instagram.com\/agropecuaria_fenix_jau\/\"]}]}<\/script>\n<!-- \/ Yoast SEO plugin. -->","yoast_head_json":{"title":"Hills C\u00e3es Adultos 7+ 6Kg - Agropecu\u00e1ria Fenix","robots":{"index":"index","follow":"follow","max-snippet":"max-snippet:-1","max-image-preview":"max-image-preview:large","max-video-preview":"max-video-preview:-1"},"canonical":"https:\/\/agropecuariafenix.com.br\/index.php\/produto\/hills-caes-adultos-7-6kg\/","og_locale":"pt_BR","og_type":"article","og_title":"Hills C\u00e3es Adultos 7+ 6Kg - Agropecu\u00e1ria Fenix","og_description":"&#8211; Complexo exclusivo de \u00e1cidos graxos; &#8211; Proporciona longa expectativa de vida; &#8211; Sem corantes e saborizantes artificiais; &#8211; Formulada com \u00f4mega-6, vitamina E e C; &#8211; Auxilia a manter uma condi\u00e7\u00e3o corp\u00f3rea ideal; &#8211; Indicada para c\u00e3es adultos a partir de 7 anos de idade.","og_url":"https:\/\/agropecuariafenix.com.br\/index.php\/produto\/hills-caes-adultos-7-6kg\/","og_site_name":"Agropecu\u00e1ria Fenix","article_publisher":"https:\/\/web.facebook.com\/agropecuariafenixjau","article_modified_time":"2023-12-20T23:11:20+00:00","og_image":[{"width":600,"height":600,"url":"https:\/\/agropecuariafenix.com.br\/wp-content\/uploads\/2022\/09\/Hills-Ces-Adultos-7-6Kg-391108773.jpg","type":"image\/jpeg"}],"twitter_card":"summary_large_image","schema":{"@context":"https:\/\/schema.org","@graph":[{"@type":"WebPage","@id":"https:\/\/agropecuariafenix.com.br\/index.php\/produto\/hills-caes-adultos-7-6kg\/","url":"https:\/\/agropecuariafenix.com.br\/index.php\/produto\/hills-caes-adultos-7-6kg\/","name":"Hills C\u00e3es Adultos 7+ 6Kg - Agropecu\u00e1ria Fenix","isPartOf":{"@id":"https:\/\/agropecuariafenix.com.br\/#website"},"primaryImageOfPage":{"@id":"https:\/\/agropecuariafenix.com.br\/index.php\/produto\/hills-caes-adultos-7-6kg\/#primaryimage"},"image":{"@id":"https:\/\/agropecuariafenix.com.br\/index.php\/produto\/hills-caes-adultos-7-6kg\/#primaryimage"},"thumbnailUrl":"https:\/\/agropecuariafenix.com.br\/wp-content\/uploads\/2022\/09\/Hills-Ces-Adultos-7-6Kg-391108773.jpg","datePublished":"2022-09-14T11:12:50+00:00","dateModified":"2023-12-20T23:11:20+00:00","breadcrumb":{"@id":"https:\/\/agropecuariafenix.com.br\/index.php\/produto\/hills-caes-adultos-7-6kg\/#breadcrumb"},"inLanguage":"pt-BR","potentialAction":[{"@type":"ReadAction","target":["https:\/\/agropecuariafenix.com.br\/index.php\/produto\/hills-caes-adultos-7-6kg\/"]}]},{"@type":"ImageObject","inLanguage":"pt-BR","@id":"https:\/\/agropecuariafenix.com.br\/index.php\/produto\/hills-caes-adultos-7-6kg\/#primaryimage","url":"https:\/\/agropecuariafenix.com.br\/wp-content\/uploads\/2022\/09\/Hills-Ces-Adultos-7-6Kg-391108773.jpg","contentUrl":"https:\/\/agropecuariafenix.com.br\/wp-content\/uploads\/2022\/09\/Hills-Ces-Adultos-7-6Kg-391108773.jpg","width":600,"height":600,"caption":"Hills C\u00e3es Adultos 7+ 6Kg"},{"@type":"BreadcrumbList","@id":"https:\/\/agropecuariafenix.com.br\/index.php\/produto\/hills-caes-adultos-7-6kg\/#breadcrumb","itemListElement":[{"@type":"ListItem","position":1,"name":"In\u00edcio","item":"https:\/\/agropecuariafenix.com.br\/"},{"@type":"ListItem","position":2,"name":"Todos os produtos","item":"https:\/\/agropecuariafenix.com.br\/index.php\/loja\/"},{"@type":"ListItem","position":3,"name":"Hills C\u00e3es Adultos 7+ 6Kg"}]},{"@type":"WebSite","@id":"https:\/\/agropecuariafenix.com.br\/#website","url":"https:\/\/agropecuariafenix.com.br\/","name":"Agropecu\u00e1ria Fenix","description":"Agropecu\u00e1ria F\u00eanix Pet - Ra\u00e7\u00f5es \/ Medicamentos Pet \/ Cl\u00ednica Veterin\u00e1ria \/ Banho e Tosa \/ Cachorro \/\u00a0Gato\u00a0\/\u00a0P\u00e1ssaros","publisher":{"@id":"https:\/\/agropecuariafenix.com.br\/#organization"},"alternateName":"Agropecu\u00e1ria Fenix","potentialAction":[{"@type":"SearchAction","target":{"@type":"EntryPoint","urlTemplate":"https:\/\/agropecuariafenix.com.br\/?s={search_term_string}"},"query-input":{"@type":"PropertyValueSpecification","valueRequired":true,"valueName":"search_term_string"}}],"inLanguage":"pt-BR"},{"@type":"Organization","@id":"https:\/\/agropecuariafenix.com.br\/#organization","name":"Agropecu\u00e1ria Fenix","alternateName":"Agropecu\u00e1ria Fenix","url":"https:\/\/agropecuariafenix.com.br\/","logo":{"@type":"ImageObject","inLanguage":"pt-BR","@id":"https:\/\/agropecuariafenix.com.br\/#\/schema\/logo\/image\/","url":"https:\/\/agropecuariafenix.com.br\/wp-content\/uploads\/2023\/08\/logo_fenix3-Copy.png","contentUrl":"https:\/\/agropecuariafenix.com.br\/wp-content\/uploads\/2023\/08\/logo_fenix3-Copy.png","width":500,"height":500,"caption":"Agropecu\u00e1ria Fenix"},"image":{"@id":"https:\/\/agropecuariafenix.com.br\/#\/schema\/logo\/image\/"},"sameAs":["https:\/\/web.facebook.com\/agropecuariafenixjau","https:\/\/www.instagram.com\/agropecuaria_fenix_jau\/"]}]}},"_links":{"self":[{"href":"https:\/\/agropecuariafenix.com.br\/index.php\/wp-json\/wp\/v2\/product\/25103","targetHints":{"allow":["GET"]}}],"collection":[{"href":"https:\/\/agropecuariafenix.com.br\/index.php\/wp-json\/wp\/v2\/product"}],"about":[{"href":"https:\/\/agropecuariafenix.com.br\/index.php\/wp-json\/wp\/v2\/types\/product"}],"replies":[{"embeddable":true,"href":"https:\/\/agropecuariafenix.com.br\/index.php\/wp-json\/wp\/v2\/comments?post=25103"}],"version-history":[{"count":1,"href":"https:\/\/agropecuariafenix.com.br\/index.php\/wp-json\/wp\/v2\/product\/25103\/revisions"}],"predecessor-version":[{"id":25147,"href":"https:\/\/agropecuariafenix.com.br\/index.php\/wp-json\/wp\/v2\/product\/25103\/revisions\/25147"}],"wp:featuredmedia":[{"embeddable":true,"href":"https:\/\/agropecuariafenix.com.br\/index.php\/wp-json\/wp\/v2\/media\/25097"}],"wp:attachment":[{"href":"https:\/\/agropecuariafenix.com.br\/index.php\/wp-json\/wp\/v2\/media?parent=25103"}],"wp:term":[{"taxonomy":"product_brand","embeddable":true,"href":"https:\/\/agropecuariafenix.com.br\/index.php\/wp-json\/wp\/v2\/product_brand?post=25103"},{"taxonomy":"product_cat","embeddable":true,"href":"https:\/\/agropecuariafenix.com.br\/index.php\/wp-json\/wp\/v2\/product_cat?post=25103"},{"taxonomy":"product_tag","embeddable":true,"href":"https:\/\/agropecuariafenix.com.br\/index.php\/wp-json\/wp\/v2\/product_tag?post=25103"}],"curies":[{"name":"wp","href":"https:\/\/api.w.org\/{rel}","templated":true}]}}