{"id":24665,"date":"2022-08-17T11:07:18","date_gmt":"2022-08-17T14:07:18","guid":{"rendered":"https:\/\/agropecuariafenix.com.br\/index.php\/produto\/bravecto-caes-oral-20-a-40kg\/"},"modified":"2025-11-24T10:57:56","modified_gmt":"2025-11-24T13:57:56","slug":"bravecto-caes-oral-20-a-40kg","status":"publish","type":"product","link":"https:\/\/agropecuariafenix.com.br\/index.php\/produto\/bravecto-caes-oral-20-a-40kg\/","title":{"rendered":"Bravecto C\u00e3es Oral 20 A 40Kg"},"content":{"rendered":"<p>Saber que nossos pets est\u00e3o felizes e saud\u00e1veis \u00e9 o que mais queremos, n\u00e3o \u00e9 mesmo? Mas, por mais que tenhamos cuidados, \u00e9 poss\u00edvel que parasit\u00e1rios incomodem os c\u00e3ezinhos. Para ajud\u00e1-los nesses momentos, conhe\u00e7a o Bravecto 20 a 40kg, um antipulgas desenvolvido pela MSD Sa\u00fade Animal.<\/p>\n<p>Ideal no combate contra esp\u00e9cies de pulgas e carrapatos que incomodem os cachorros, o medicamento tem alta efic\u00e1cia e uso simples. Ainda assim, por se tratar de um rem\u00e9dio, d\u00favidas s\u00e3o comuns. Reunimos as principais d\u00favidas e utilizamos a bula do Bravecto 20 a 40kg para respond\u00ea-las. Confira!<\/p>\n<p>Principais cuidados com o Bravecto 20 a 40kg<\/p>\n<p>Da mesma forma que cuidamos dos nossos pr\u00f3prios medicamentos, \u00e9 necess\u00e1rio ter aten\u00e7\u00e3o com o antipulgas Bravecto para c\u00e3es de 20 a 40kg. Ap\u00f3s compr\u00e1-lo, procure guard\u00e1-lo em sua embalagem original em um local de temperatura ambiente (entre 15\u00b0C e 30\u00b0C), ao abrigo da luz solar e longe das crian\u00e7as e dos pets.<\/p>\n<p>No momento em que for administrar o comprimido mastig\u00e1vel ao cachorro, evite comer e beber. Ap\u00f3s us\u00e1-lo no c\u00e3ozinho, lave bem as m\u00e3os utilizando somente \u00e1gua e sab\u00e3o e fa\u00e7a o descarte das embalagens vazias no local adequado.<\/p>\n<p>O Bravecto 1000mg tem efeitos colaterais?<\/p>\n<p>Sim. A MSD, respons\u00e1vel pela fabrica\u00e7\u00e3o do antipulgas Bravecto de 1000mg, realizou estudos antes da comercializa\u00e7\u00e3o do rem\u00e9dio. A conclus\u00e3o \u00e9 da pequena possibilidade, com casos raros (1,6%), de rea\u00e7\u00f5es gastrointestinais leves ou transit\u00f3rias como: diarreia, v\u00f4mito, inapet\u00eancia e saliva\u00e7\u00e3o relacionados ao uso.<\/p>\n<p>O Bravecto 20 a 40kg tem contraindica\u00e7\u00e3o?<\/p>\n<p>Pensando na seguran\u00e7a e no bem-estar dos c\u00e3ezinhos, o Bravecto para c\u00e3es com 20 a 40kg n\u00e3o deve ser administrado em pets com menos de oito semanas de vida. A raz\u00e3o \u00e9 que a fabricante n\u00e3o realizou testes neste grupo de filhotes mais novos.<\/p>\n<p>O antipulgas Bravecto 20 a 40kg tamb\u00e9m n\u00e3o \u00e9 recomendado em cachorros com hipersensibilidade aos componentes do produto. Por ser administrado em dose \u00fanica, o comprimido n\u00e3o deve ser dividido ou partido ao meio. Em caso de d\u00favidas, sempre consulte o m\u00e9dico veterin\u00e1rio.<\/p>\n<p>Qual a efic\u00e1cia do Bravecto 1000mg?<\/p>\n<p>Produzido para cachorros com peso corp\u00f3reo de 20 a 40kg, nesta vers\u00e3o, o Bravecto \u00e9 eficaz contra nove tipos de pulgas e carrapatos. O efeito come\u00e7a dentro de 8 horas para o combate de pulgas e 12 horas contra carrapatos.<\/p>\n<p>O antipulgas tamb\u00e9m garante a prote\u00e7\u00e3o do seu cachorro por at\u00e9 12 semanas (cerca de tr\u00eas meses). Pensando no controle total contra novas infesta\u00e7\u00f5es, \u00e9 recomendada a administra\u00e7\u00e3o do medicamento por at\u00e9 quatro vezes no ano &#8211; sempre respeitando o per\u00edodo de 12 semanas.<\/p>\n","protected":false},"excerpt":{"rendered":"<p>Indicado para c\u00e3es com peso de 20 a 40 kg;<br \/>\nIndicado para o combate de pulgas e carrapatos;<br \/>\nDispon\u00edvel em embalagem com 1 comprimido mastig\u00e1vel de 1000mg;<br \/>\nCom a\u00e7\u00e3o r\u00e1pida, que promove o exterm\u00ednio de parasitas em at\u00e9 12h;<br \/>\nOferece prote\u00e7\u00e3o por 12 semanas;<br \/>\nO antipulgas \u00e9 indicado para c\u00e3es com mais de 8 semanas de idade.<\/p>\n","protected":false},"featured_media":24660,"comment_status":"open","ping_status":"closed","template":"","meta":[],"product_brand":[],"product_cat":[1110],"product_tag":[76,1109,75,126,147],"class_list":{"0":"post-24665","1":"product","2":"type-product","3":"status-publish","4":"has-post-thumbnail","6":"product_cat-medicamentos","7":"product_tag-adultos","8":"product_tag-antipulgas","9":"product_tag-caes","10":"product_tag-filhotes","11":"product_tag-senior","13":"first","14":"instock","15":"shipping-taxable","16":"purchasable","17":"product-type-simple"},"yoast_head":"<!-- This site is optimized with the Yoast SEO plugin v27.6 - https:\/\/yoast.com\/product\/yoast-seo-wordpress\/ -->\n<title>Bravecto C\u00e3es Oral 20 A 40Kg - Agropecu\u00e1ria Fenix<\/title>\n<meta name=\"robots\" content=\"index, follow, max-snippet:-1, max-image-preview:large, max-video-preview:-1\" \/>\n<link rel=\"canonical\" href=\"https:\/\/agropecuariafenix.com.br\/index.php\/produto\/bravecto-caes-oral-20-a-40kg\/\" \/>\n<meta property=\"og:locale\" content=\"pt_BR\" \/>\n<meta property=\"og:type\" content=\"article\" \/>\n<meta property=\"og:title\" content=\"Bravecto C\u00e3es Oral 20 A 40Kg - Agropecu\u00e1ria Fenix\" \/>\n<meta property=\"og:description\" content=\"Indicado para c\u00e3es com peso de 20 a 40 kg; Indicado para o combate de pulgas e carrapatos; Dispon\u00edvel em embalagem com 1 comprimido mastig\u00e1vel de 1000mg; Com a\u00e7\u00e3o r\u00e1pida, que promove o exterm\u00ednio de parasitas em at\u00e9 12h; Oferece prote\u00e7\u00e3o por 12 semanas; O antipulgas \u00e9 indicado para c\u00e3es com mais de 8 semanas de idade.\" \/>\n<meta property=\"og:url\" content=\"https:\/\/agropecuariafenix.com.br\/index.php\/produto\/bravecto-caes-oral-20-a-40kg\/\" \/>\n<meta property=\"og:site_name\" content=\"Agropecu\u00e1ria Fenix\" \/>\n<meta property=\"article:publisher\" content=\"https:\/\/web.facebook.com\/agropecuariafenixjau\" \/>\n<meta property=\"article:modified_time\" content=\"2025-11-24T13:57:56+00:00\" \/>\n<meta property=\"og:image\" content=\"https:\/\/agropecuariafenix.com.br\/wp-content\/uploads\/2022\/08\/Bravecto-Ces-Oral-20-A-40Kg-1441397220.jpg\" \/>\n\t<meta property=\"og:image:width\" content=\"600\" \/>\n\t<meta property=\"og:image:height\" content=\"600\" \/>\n\t<meta property=\"og:image:type\" content=\"image\/jpeg\" \/>\n<meta name=\"twitter:card\" content=\"summary_large_image\" \/>\n<meta name=\"twitter:label1\" content=\"Est. tempo de leitura\" \/>\n\t<meta name=\"twitter:data1\" content=\"2 minutos\" \/>\n<script type=\"application\/ld+json\" class=\"yoast-schema-graph\">{\"@context\":\"https:\\\/\\\/schema.org\",\"@graph\":[{\"@type\":\"WebPage\",\"@id\":\"https:\\\/\\\/agropecuariafenix.com.br\\\/index.php\\\/produto\\\/bravecto-caes-oral-20-a-40kg\\\/\",\"url\":\"https:\\\/\\\/agropecuariafenix.com.br\\\/index.php\\\/produto\\\/bravecto-caes-oral-20-a-40kg\\\/\",\"name\":\"Bravecto C\u00e3es Oral 20 A 40Kg - Agropecu\u00e1ria Fenix\",\"isPartOf\":{\"@id\":\"https:\\\/\\\/agropecuariafenix.com.br\\\/#website\"},\"primaryImageOfPage\":{\"@id\":\"https:\\\/\\\/agropecuariafenix.com.br\\\/index.php\\\/produto\\\/bravecto-caes-oral-20-a-40kg\\\/#primaryimage\"},\"image\":{\"@id\":\"https:\\\/\\\/agropecuariafenix.com.br\\\/index.php\\\/produto\\\/bravecto-caes-oral-20-a-40kg\\\/#primaryimage\"},\"thumbnailUrl\":\"https:\\\/\\\/agropecuariafenix.com.br\\\/wp-content\\\/uploads\\\/2022\\\/08\\\/Bravecto-Ces-Oral-20-A-40Kg-1441397220.jpg\",\"datePublished\":\"2022-08-17T14:07:18+00:00\",\"dateModified\":\"2025-11-24T13:57:56+00:00\",\"breadcrumb\":{\"@id\":\"https:\\\/\\\/agropecuariafenix.com.br\\\/index.php\\\/produto\\\/bravecto-caes-oral-20-a-40kg\\\/#breadcrumb\"},\"inLanguage\":\"pt-BR\",\"potentialAction\":[{\"@type\":\"ReadAction\",\"target\":[\"https:\\\/\\\/agropecuariafenix.com.br\\\/index.php\\\/produto\\\/bravecto-caes-oral-20-a-40kg\\\/\"]}]},{\"@type\":\"ImageObject\",\"inLanguage\":\"pt-BR\",\"@id\":\"https:\\\/\\\/agropecuariafenix.com.br\\\/index.php\\\/produto\\\/bravecto-caes-oral-20-a-40kg\\\/#primaryimage\",\"url\":\"https:\\\/\\\/agropecuariafenix.com.br\\\/wp-content\\\/uploads\\\/2022\\\/08\\\/Bravecto-Ces-Oral-20-A-40Kg-1441397220.jpg\",\"contentUrl\":\"https:\\\/\\\/agropecuariafenix.com.br\\\/wp-content\\\/uploads\\\/2022\\\/08\\\/Bravecto-Ces-Oral-20-A-40Kg-1441397220.jpg\",\"width\":600,\"height\":600,\"caption\":\"Bravecto C\u00e3es Oral 20 A 40Kg\"},{\"@type\":\"BreadcrumbList\",\"@id\":\"https:\\\/\\\/agropecuariafenix.com.br\\\/index.php\\\/produto\\\/bravecto-caes-oral-20-a-40kg\\\/#breadcrumb\",\"itemListElement\":[{\"@type\":\"ListItem\",\"position\":1,\"name\":\"In\u00edcio\",\"item\":\"https:\\\/\\\/agropecuariafenix.com.br\\\/\"},{\"@type\":\"ListItem\",\"position\":2,\"name\":\"Todos os produtos\",\"item\":\"https:\\\/\\\/agropecuariafenix.com.br\\\/index.php\\\/loja\\\/\"},{\"@type\":\"ListItem\",\"position\":3,\"name\":\"Bravecto C\u00e3es Oral 20 A 40Kg\"}]},{\"@type\":\"WebSite\",\"@id\":\"https:\\\/\\\/agropecuariafenix.com.br\\\/#website\",\"url\":\"https:\\\/\\\/agropecuariafenix.com.br\\\/\",\"name\":\"Agropecu\u00e1ria Fenix\",\"description\":\"Agropecu\u00e1ria F\u00eanix Pet - Ra\u00e7\u00f5es \\\/ Medicamentos Pet \\\/ Cl\u00ednica Veterin\u00e1ria \\\/ Banho e Tosa \\\/ Cachorro \\\/\u00a0Gato\u00a0\\\/\u00a0P\u00e1ssaros\",\"publisher\":{\"@id\":\"https:\\\/\\\/agropecuariafenix.com.br\\\/#organization\"},\"alternateName\":\"Agropecu\u00e1ria Fenix\",\"potentialAction\":[{\"@type\":\"SearchAction\",\"target\":{\"@type\":\"EntryPoint\",\"urlTemplate\":\"https:\\\/\\\/agropecuariafenix.com.br\\\/?s={search_term_string}\"},\"query-input\":{\"@type\":\"PropertyValueSpecification\",\"valueRequired\":true,\"valueName\":\"search_term_string\"}}],\"inLanguage\":\"pt-BR\"},{\"@type\":\"Organization\",\"@id\":\"https:\\\/\\\/agropecuariafenix.com.br\\\/#organization\",\"name\":\"Agropecu\u00e1ria Fenix\",\"alternateName\":\"Agropecu\u00e1ria Fenix\",\"url\":\"https:\\\/\\\/agropecuariafenix.com.br\\\/\",\"logo\":{\"@type\":\"ImageObject\",\"inLanguage\":\"pt-BR\",\"@id\":\"https:\\\/\\\/agropecuariafenix.com.br\\\/#\\\/schema\\\/logo\\\/image\\\/\",\"url\":\"https:\\\/\\\/agropecuariafenix.com.br\\\/wp-content\\\/uploads\\\/2023\\\/08\\\/logo_fenix3-Copy.png\",\"contentUrl\":\"https:\\\/\\\/agropecuariafenix.com.br\\\/wp-content\\\/uploads\\\/2023\\\/08\\\/logo_fenix3-Copy.png\",\"width\":500,\"height\":500,\"caption\":\"Agropecu\u00e1ria Fenix\"},\"image\":{\"@id\":\"https:\\\/\\\/agropecuariafenix.com.br\\\/#\\\/schema\\\/logo\\\/image\\\/\"},\"sameAs\":[\"https:\\\/\\\/web.facebook.com\\\/agropecuariafenixjau\",\"https:\\\/\\\/www.instagram.com\\\/agropecuaria_fenix_jau\\\/\"]}]}<\/script>\n<!-- \/ Yoast SEO plugin. -->","yoast_head_json":{"title":"Bravecto C\u00e3es Oral 20 A 40Kg - Agropecu\u00e1ria Fenix","robots":{"index":"index","follow":"follow","max-snippet":"max-snippet:-1","max-image-preview":"max-image-preview:large","max-video-preview":"max-video-preview:-1"},"canonical":"https:\/\/agropecuariafenix.com.br\/index.php\/produto\/bravecto-caes-oral-20-a-40kg\/","og_locale":"pt_BR","og_type":"article","og_title":"Bravecto C\u00e3es Oral 20 A 40Kg - Agropecu\u00e1ria Fenix","og_description":"Indicado para c\u00e3es com peso de 20 a 40 kg; Indicado para o combate de pulgas e carrapatos; Dispon\u00edvel em embalagem com 1 comprimido mastig\u00e1vel de 1000mg; Com a\u00e7\u00e3o r\u00e1pida, que promove o exterm\u00ednio de parasitas em at\u00e9 12h; Oferece prote\u00e7\u00e3o por 12 semanas; O antipulgas \u00e9 indicado para c\u00e3es com mais de 8 semanas de idade.","og_url":"https:\/\/agropecuariafenix.com.br\/index.php\/produto\/bravecto-caes-oral-20-a-40kg\/","og_site_name":"Agropecu\u00e1ria Fenix","article_publisher":"https:\/\/web.facebook.com\/agropecuariafenixjau","article_modified_time":"2025-11-24T13:57:56+00:00","og_image":[{"width":600,"height":600,"url":"https:\/\/agropecuariafenix.com.br\/wp-content\/uploads\/2022\/08\/Bravecto-Ces-Oral-20-A-40Kg-1441397220.jpg","type":"image\/jpeg"}],"twitter_card":"summary_large_image","twitter_misc":{"Est. tempo de leitura":"2 minutos"},"schema":{"@context":"https:\/\/schema.org","@graph":[{"@type":"WebPage","@id":"https:\/\/agropecuariafenix.com.br\/index.php\/produto\/bravecto-caes-oral-20-a-40kg\/","url":"https:\/\/agropecuariafenix.com.br\/index.php\/produto\/bravecto-caes-oral-20-a-40kg\/","name":"Bravecto C\u00e3es Oral 20 A 40Kg - Agropecu\u00e1ria Fenix","isPartOf":{"@id":"https:\/\/agropecuariafenix.com.br\/#website"},"primaryImageOfPage":{"@id":"https:\/\/agropecuariafenix.com.br\/index.php\/produto\/bravecto-caes-oral-20-a-40kg\/#primaryimage"},"image":{"@id":"https:\/\/agropecuariafenix.com.br\/index.php\/produto\/bravecto-caes-oral-20-a-40kg\/#primaryimage"},"thumbnailUrl":"https:\/\/agropecuariafenix.com.br\/wp-content\/uploads\/2022\/08\/Bravecto-Ces-Oral-20-A-40Kg-1441397220.jpg","datePublished":"2022-08-17T14:07:18+00:00","dateModified":"2025-11-24T13:57:56+00:00","breadcrumb":{"@id":"https:\/\/agropecuariafenix.com.br\/index.php\/produto\/bravecto-caes-oral-20-a-40kg\/#breadcrumb"},"inLanguage":"pt-BR","potentialAction":[{"@type":"ReadAction","target":["https:\/\/agropecuariafenix.com.br\/index.php\/produto\/bravecto-caes-oral-20-a-40kg\/"]}]},{"@type":"ImageObject","inLanguage":"pt-BR","@id":"https:\/\/agropecuariafenix.com.br\/index.php\/produto\/bravecto-caes-oral-20-a-40kg\/#primaryimage","url":"https:\/\/agropecuariafenix.com.br\/wp-content\/uploads\/2022\/08\/Bravecto-Ces-Oral-20-A-40Kg-1441397220.jpg","contentUrl":"https:\/\/agropecuariafenix.com.br\/wp-content\/uploads\/2022\/08\/Bravecto-Ces-Oral-20-A-40Kg-1441397220.jpg","width":600,"height":600,"caption":"Bravecto C\u00e3es Oral 20 A 40Kg"},{"@type":"BreadcrumbList","@id":"https:\/\/agropecuariafenix.com.br\/index.php\/produto\/bravecto-caes-oral-20-a-40kg\/#breadcrumb","itemListElement":[{"@type":"ListItem","position":1,"name":"In\u00edcio","item":"https:\/\/agropecuariafenix.com.br\/"},{"@type":"ListItem","position":2,"name":"Todos os produtos","item":"https:\/\/agropecuariafenix.com.br\/index.php\/loja\/"},{"@type":"ListItem","position":3,"name":"Bravecto C\u00e3es Oral 20 A 40Kg"}]},{"@type":"WebSite","@id":"https:\/\/agropecuariafenix.com.br\/#website","url":"https:\/\/agropecuariafenix.com.br\/","name":"Agropecu\u00e1ria Fenix","description":"Agropecu\u00e1ria F\u00eanix Pet - Ra\u00e7\u00f5es \/ Medicamentos Pet \/ Cl\u00ednica Veterin\u00e1ria \/ Banho e Tosa \/ Cachorro \/\u00a0Gato\u00a0\/\u00a0P\u00e1ssaros","publisher":{"@id":"https:\/\/agropecuariafenix.com.br\/#organization"},"alternateName":"Agropecu\u00e1ria Fenix","potentialAction":[{"@type":"SearchAction","target":{"@type":"EntryPoint","urlTemplate":"https:\/\/agropecuariafenix.com.br\/?s={search_term_string}"},"query-input":{"@type":"PropertyValueSpecification","valueRequired":true,"valueName":"search_term_string"}}],"inLanguage":"pt-BR"},{"@type":"Organization","@id":"https:\/\/agropecuariafenix.com.br\/#organization","name":"Agropecu\u00e1ria Fenix","alternateName":"Agropecu\u00e1ria Fenix","url":"https:\/\/agropecuariafenix.com.br\/","logo":{"@type":"ImageObject","inLanguage":"pt-BR","@id":"https:\/\/agropecuariafenix.com.br\/#\/schema\/logo\/image\/","url":"https:\/\/agropecuariafenix.com.br\/wp-content\/uploads\/2023\/08\/logo_fenix3-Copy.png","contentUrl":"https:\/\/agropecuariafenix.com.br\/wp-content\/uploads\/2023\/08\/logo_fenix3-Copy.png","width":500,"height":500,"caption":"Agropecu\u00e1ria Fenix"},"image":{"@id":"https:\/\/agropecuariafenix.com.br\/#\/schema\/logo\/image\/"},"sameAs":["https:\/\/web.facebook.com\/agropecuariafenixjau","https:\/\/www.instagram.com\/agropecuaria_fenix_jau\/"]}]}},"_links":{"self":[{"href":"https:\/\/agropecuariafenix.com.br\/index.php\/wp-json\/wp\/v2\/product\/24665","targetHints":{"allow":["GET"]}}],"collection":[{"href":"https:\/\/agropecuariafenix.com.br\/index.php\/wp-json\/wp\/v2\/product"}],"about":[{"href":"https:\/\/agropecuariafenix.com.br\/index.php\/wp-json\/wp\/v2\/types\/product"}],"replies":[{"embeddable":true,"href":"https:\/\/agropecuariafenix.com.br\/index.php\/wp-json\/wp\/v2\/comments?post=24665"}],"version-history":[{"count":1,"href":"https:\/\/agropecuariafenix.com.br\/index.php\/wp-json\/wp\/v2\/product\/24665\/revisions"}],"predecessor-version":[{"id":24666,"href":"https:\/\/agropecuariafenix.com.br\/index.php\/wp-json\/wp\/v2\/product\/24665\/revisions\/24666"}],"wp:featuredmedia":[{"embeddable":true,"href":"https:\/\/agropecuariafenix.com.br\/index.php\/wp-json\/wp\/v2\/media\/24660"}],"wp:attachment":[{"href":"https:\/\/agropecuariafenix.com.br\/index.php\/wp-json\/wp\/v2\/media?parent=24665"}],"wp:term":[{"taxonomy":"product_brand","embeddable":true,"href":"https:\/\/agropecuariafenix.com.br\/index.php\/wp-json\/wp\/v2\/product_brand?post=24665"},{"taxonomy":"product_cat","embeddable":true,"href":"https:\/\/agropecuariafenix.com.br\/index.php\/wp-json\/wp\/v2\/product_cat?post=24665"},{"taxonomy":"product_tag","embeddable":true,"href":"https:\/\/agropecuariafenix.com.br\/index.php\/wp-json\/wp\/v2\/product_tag?post=24665"}],"curies":[{"name":"wp","href":"https:\/\/api.w.org\/{rel}","templated":true}]}}