{"id":24658,"date":"2022-08-17T11:01:20","date_gmt":"2022-08-17T14:01:20","guid":{"rendered":"https:\/\/agropecuariafenix.com.br\/index.php\/produto\/bravecto-caes-oral-2-a-45kg\/"},"modified":"2025-11-29T11:29:39","modified_gmt":"2025-11-29T14:29:39","slug":"bravecto-caes-oral-2-a-45kg","status":"publish","type":"product","link":"https:\/\/agropecuariafenix.com.br\/index.php\/produto\/bravecto-caes-oral-2-a-45kg\/","title":{"rendered":"Bravecto C\u00e3es Oral 2 A 4,5Kg"},"content":{"rendered":"<p>Bravecto \u00e9 um inseticida e acaricida sist\u00eamico com longa dura\u00e7\u00e3o de a\u00e7\u00e3o que promove efic\u00e1cia imediata e persistente por 12 semanas contra carrapatos e pulgas. Pulgas e carrapatos devem estar aderidos ao c\u00e3o e iniciar a alimenta\u00e7\u00e3o para serem expostos ao princ\u00edpio ativo.<\/p>\n<p>Ao longo da vida, nossos c\u00e3ezinhos podem sofrer com a infesta\u00e7\u00e3o de pulgas, carrapatos e outros parasitas. Pensando nisso, a MSD Sa\u00fade Animal desenvolveu o antipulgas Bravecto at\u00e9 4,5 kg, ideal para cachorros de pequeno porte!<\/p>\n<p>Por se tratar de um medicamento e a aplica\u00e7\u00e3o ser feita em casa, \u00e9 comum surgirem d\u00favidas entre os tutores \u2014 mesmo os mais experientes. Para ajud\u00e1-los, reunimos as principais d\u00favidas sobre o rem\u00e9dio e utilizamos a bula do Bravecto 112,5 mg para responder!<\/p>\n<p>Cuidados com o Bravecto at\u00e9 4,5 kg<\/p>\n<p>A fim de garantir a melhor efic\u00e1cia ao pet, algumas precau\u00e7\u00f5es s\u00e3o importantes para os tutores. A mais importante, sem d\u00favida, \u00e9 conservar o produto em sua embalagem original e em um local com temperatura ambiente (entre 15\u00b0C e 30\u00b0C), ao abrigo da luz do sol e longe do alcance de crian\u00e7as e dos pets.<\/p>\n<p>Ao tutor, fica o cuidado de lavar bem as m\u00e3os somente com \u00e1gua e sab\u00e3o, ap\u00f3s a aplica\u00e7\u00e3o do produto. Durante o uso do Bravecto, n\u00e3o coma e nem beba nada. Com as embalagens vazias, descarte de forma adequada no local correto.<\/p>\n<p>O Bravecto 112,5 mg tem efeitos colaterais?<\/p>\n<p>Sim. O Bravecto at\u00e9 4,5 kg informa na bula que existe uma possibilidade baixa, com casos raros (1,6%), de rea\u00e7\u00f5es gastrointestinais leves ou transit\u00f3rias como diarreia, v\u00f4mito, inapet\u00eancia, saliva\u00e7\u00e3o relacionados \u00e0 administra\u00e7\u00e3o do produto durante os estudos realizados.<\/p>\n<p>O Bravecto at\u00e9 4,5 kg tem contraindica\u00e7\u00e3o?<\/p>\n<p>O antipulgas Bravecto de 112,5 mg n\u00e3o deve ser administrado em c\u00e3es com menos de oito semanas de idade ou com peso inferior a 2 kg. A seguran\u00e7a do pet e a efic\u00e1cia do rem\u00e9dio n\u00e3o foram testadas nesses intervalos mais curtos.<\/p>\n<p>O Bravecto para c\u00e3es com at\u00e9 4,5 kg tamb\u00e9m n\u00e3o \u00e9 indicado para animais que tenham hipersensibilidade aos componentes do produto. Por ser aplicado em dose \u00fanica, o medicamento n\u00e3o deve ser partido ao meio.<\/p>\n<p>Qual a efic\u00e1cia do Bravecto 112,5 mg?<\/p>\n<p>Indicado para c\u00e3es com peso corp\u00f3reo de 2 a 4,5 kg nesta vers\u00e3o, o Bravecto tem efic\u00e1cia garantida contra at\u00e9 nove tipos de pulgas e carrapatos. Ap\u00f3s a aplica\u00e7\u00e3o, o medicamento come\u00e7a a fazer efeito dentro de 8 horas para pulgas e 12 horas para carrapatos.<\/p>\n<p>Ao todo, o antipulgas protege o cachorro por 12 semanas (cerca de tr\u00eas meses). Para o controle ideal contra novas infesta\u00e7\u00f5es, o produto pode ser aplicado dentro deste intervalo de efic\u00e1cia, com quatro aplica\u00e7\u00f5es dentro do intervalo de 1 ano.<\/p>\n","protected":false},"excerpt":{"rendered":"<p>Indicado para c\u00e3es com at\u00e9 4,5 kg;<br \/>\nIndicado para o combate de pulgas e carrapatos;<br \/>\nDispon\u00edvel em embalagem com 1 comprimido mastig\u00e1vel de 112,5mg;<br \/>\nCom a\u00e7\u00e3o r\u00e1pida, que promove o exterm\u00ednio de parasitas em at\u00e9 12h;<br \/>\nOferece prote\u00e7\u00e3o por 12 semanas;<br \/>\nO antipulgas \u00e9 indicado para c\u00e3es com mais de 8 semanas de idade ou peso superior a 2 kg.<\/p>\n","protected":false},"featured_media":24653,"comment_status":"open","ping_status":"closed","template":"","meta":[],"product_brand":[],"product_cat":[1110],"product_tag":[76,1109,75,126,147],"class_list":{"0":"post-24658","1":"product","2":"type-product","3":"status-publish","4":"has-post-thumbnail","6":"product_cat-medicamentos","7":"product_tag-adultos","8":"product_tag-antipulgas","9":"product_tag-caes","10":"product_tag-filhotes","11":"product_tag-senior","13":"first","14":"instock","15":"shipping-taxable","16":"purchasable","17":"product-type-simple"},"yoast_head":"<!-- This site is optimized with the Yoast SEO plugin v27.6 - https:\/\/yoast.com\/product\/yoast-seo-wordpress\/ -->\n<title>Bravecto C\u00e3es Oral 2 A 4,5Kg - Agropecu\u00e1ria Fenix<\/title>\n<meta name=\"robots\" content=\"index, follow, max-snippet:-1, max-image-preview:large, max-video-preview:-1\" \/>\n<link rel=\"canonical\" href=\"https:\/\/agropecuariafenix.com.br\/index.php\/produto\/bravecto-caes-oral-2-a-45kg\/\" \/>\n<meta property=\"og:locale\" content=\"pt_BR\" \/>\n<meta property=\"og:type\" content=\"article\" \/>\n<meta property=\"og:title\" content=\"Bravecto C\u00e3es Oral 2 A 4,5Kg - Agropecu\u00e1ria Fenix\" \/>\n<meta property=\"og:description\" content=\"Indicado para c\u00e3es com at\u00e9 4,5 kg; Indicado para o combate de pulgas e carrapatos; Dispon\u00edvel em embalagem com 1 comprimido mastig\u00e1vel de 112,5mg; Com a\u00e7\u00e3o r\u00e1pida, que promove o exterm\u00ednio de parasitas em at\u00e9 12h; Oferece prote\u00e7\u00e3o por 12 semanas; O antipulgas \u00e9 indicado para c\u00e3es com mais de 8 semanas de idade ou peso superior a 2 kg.\" \/>\n<meta property=\"og:url\" content=\"https:\/\/agropecuariafenix.com.br\/index.php\/produto\/bravecto-caes-oral-2-a-45kg\/\" \/>\n<meta property=\"og:site_name\" content=\"Agropecu\u00e1ria Fenix\" \/>\n<meta property=\"article:publisher\" content=\"https:\/\/web.facebook.com\/agropecuariafenixjau\" \/>\n<meta property=\"article:modified_time\" content=\"2025-11-29T14:29:39+00:00\" \/>\n<meta property=\"og:image\" content=\"https:\/\/agropecuariafenix.com.br\/wp-content\/uploads\/2022\/08\/Bravecto-Ces-Oral-2-A-45Kg-1924578342.jpg\" \/>\n\t<meta property=\"og:image:width\" content=\"600\" \/>\n\t<meta property=\"og:image:height\" content=\"600\" \/>\n\t<meta property=\"og:image:type\" content=\"image\/jpeg\" \/>\n<meta name=\"twitter:card\" content=\"summary_large_image\" \/>\n<meta name=\"twitter:label1\" content=\"Est. tempo de leitura\" \/>\n\t<meta name=\"twitter:data1\" content=\"2 minutos\" \/>\n<script type=\"application\/ld+json\" class=\"yoast-schema-graph\">{\"@context\":\"https:\\\/\\\/schema.org\",\"@graph\":[{\"@type\":\"WebPage\",\"@id\":\"https:\\\/\\\/agropecuariafenix.com.br\\\/index.php\\\/produto\\\/bravecto-caes-oral-2-a-45kg\\\/\",\"url\":\"https:\\\/\\\/agropecuariafenix.com.br\\\/index.php\\\/produto\\\/bravecto-caes-oral-2-a-45kg\\\/\",\"name\":\"Bravecto C\u00e3es Oral 2 A 4,5Kg - Agropecu\u00e1ria Fenix\",\"isPartOf\":{\"@id\":\"https:\\\/\\\/agropecuariafenix.com.br\\\/#website\"},\"primaryImageOfPage\":{\"@id\":\"https:\\\/\\\/agropecuariafenix.com.br\\\/index.php\\\/produto\\\/bravecto-caes-oral-2-a-45kg\\\/#primaryimage\"},\"image\":{\"@id\":\"https:\\\/\\\/agropecuariafenix.com.br\\\/index.php\\\/produto\\\/bravecto-caes-oral-2-a-45kg\\\/#primaryimage\"},\"thumbnailUrl\":\"https:\\\/\\\/agropecuariafenix.com.br\\\/wp-content\\\/uploads\\\/2022\\\/08\\\/Bravecto-Ces-Oral-2-A-45Kg-1924578342.jpg\",\"datePublished\":\"2022-08-17T14:01:20+00:00\",\"dateModified\":\"2025-11-29T14:29:39+00:00\",\"breadcrumb\":{\"@id\":\"https:\\\/\\\/agropecuariafenix.com.br\\\/index.php\\\/produto\\\/bravecto-caes-oral-2-a-45kg\\\/#breadcrumb\"},\"inLanguage\":\"pt-BR\",\"potentialAction\":[{\"@type\":\"ReadAction\",\"target\":[\"https:\\\/\\\/agropecuariafenix.com.br\\\/index.php\\\/produto\\\/bravecto-caes-oral-2-a-45kg\\\/\"]}]},{\"@type\":\"ImageObject\",\"inLanguage\":\"pt-BR\",\"@id\":\"https:\\\/\\\/agropecuariafenix.com.br\\\/index.php\\\/produto\\\/bravecto-caes-oral-2-a-45kg\\\/#primaryimage\",\"url\":\"https:\\\/\\\/agropecuariafenix.com.br\\\/wp-content\\\/uploads\\\/2022\\\/08\\\/Bravecto-Ces-Oral-2-A-45Kg-1924578342.jpg\",\"contentUrl\":\"https:\\\/\\\/agropecuariafenix.com.br\\\/wp-content\\\/uploads\\\/2022\\\/08\\\/Bravecto-Ces-Oral-2-A-45Kg-1924578342.jpg\",\"width\":600,\"height\":600,\"caption\":\"Bravecto C\u00e3es Oral 2 A 4,5Kg\"},{\"@type\":\"BreadcrumbList\",\"@id\":\"https:\\\/\\\/agropecuariafenix.com.br\\\/index.php\\\/produto\\\/bravecto-caes-oral-2-a-45kg\\\/#breadcrumb\",\"itemListElement\":[{\"@type\":\"ListItem\",\"position\":1,\"name\":\"In\u00edcio\",\"item\":\"https:\\\/\\\/agropecuariafenix.com.br\\\/\"},{\"@type\":\"ListItem\",\"position\":2,\"name\":\"Todos os produtos\",\"item\":\"https:\\\/\\\/agropecuariafenix.com.br\\\/index.php\\\/loja\\\/\"},{\"@type\":\"ListItem\",\"position\":3,\"name\":\"Bravecto C\u00e3es Oral 2 A 4,5Kg\"}]},{\"@type\":\"WebSite\",\"@id\":\"https:\\\/\\\/agropecuariafenix.com.br\\\/#website\",\"url\":\"https:\\\/\\\/agropecuariafenix.com.br\\\/\",\"name\":\"Agropecu\u00e1ria Fenix\",\"description\":\"Agropecu\u00e1ria F\u00eanix Pet - Ra\u00e7\u00f5es \\\/ Medicamentos Pet \\\/ Cl\u00ednica Veterin\u00e1ria \\\/ Banho e Tosa \\\/ Cachorro \\\/\u00a0Gato\u00a0\\\/\u00a0P\u00e1ssaros\",\"publisher\":{\"@id\":\"https:\\\/\\\/agropecuariafenix.com.br\\\/#organization\"},\"alternateName\":\"Agropecu\u00e1ria Fenix\",\"potentialAction\":[{\"@type\":\"SearchAction\",\"target\":{\"@type\":\"EntryPoint\",\"urlTemplate\":\"https:\\\/\\\/agropecuariafenix.com.br\\\/?s={search_term_string}\"},\"query-input\":{\"@type\":\"PropertyValueSpecification\",\"valueRequired\":true,\"valueName\":\"search_term_string\"}}],\"inLanguage\":\"pt-BR\"},{\"@type\":\"Organization\",\"@id\":\"https:\\\/\\\/agropecuariafenix.com.br\\\/#organization\",\"name\":\"Agropecu\u00e1ria Fenix\",\"alternateName\":\"Agropecu\u00e1ria Fenix\",\"url\":\"https:\\\/\\\/agropecuariafenix.com.br\\\/\",\"logo\":{\"@type\":\"ImageObject\",\"inLanguage\":\"pt-BR\",\"@id\":\"https:\\\/\\\/agropecuariafenix.com.br\\\/#\\\/schema\\\/logo\\\/image\\\/\",\"url\":\"https:\\\/\\\/agropecuariafenix.com.br\\\/wp-content\\\/uploads\\\/2023\\\/08\\\/logo_fenix3-Copy.png\",\"contentUrl\":\"https:\\\/\\\/agropecuariafenix.com.br\\\/wp-content\\\/uploads\\\/2023\\\/08\\\/logo_fenix3-Copy.png\",\"width\":500,\"height\":500,\"caption\":\"Agropecu\u00e1ria Fenix\"},\"image\":{\"@id\":\"https:\\\/\\\/agropecuariafenix.com.br\\\/#\\\/schema\\\/logo\\\/image\\\/\"},\"sameAs\":[\"https:\\\/\\\/web.facebook.com\\\/agropecuariafenixjau\",\"https:\\\/\\\/www.instagram.com\\\/agropecuaria_fenix_jau\\\/\"]}]}<\/script>\n<!-- \/ Yoast SEO plugin. -->","yoast_head_json":{"title":"Bravecto C\u00e3es Oral 2 A 4,5Kg - Agropecu\u00e1ria Fenix","robots":{"index":"index","follow":"follow","max-snippet":"max-snippet:-1","max-image-preview":"max-image-preview:large","max-video-preview":"max-video-preview:-1"},"canonical":"https:\/\/agropecuariafenix.com.br\/index.php\/produto\/bravecto-caes-oral-2-a-45kg\/","og_locale":"pt_BR","og_type":"article","og_title":"Bravecto C\u00e3es Oral 2 A 4,5Kg - Agropecu\u00e1ria Fenix","og_description":"Indicado para c\u00e3es com at\u00e9 4,5 kg; Indicado para o combate de pulgas e carrapatos; Dispon\u00edvel em embalagem com 1 comprimido mastig\u00e1vel de 112,5mg; Com a\u00e7\u00e3o r\u00e1pida, que promove o exterm\u00ednio de parasitas em at\u00e9 12h; Oferece prote\u00e7\u00e3o por 12 semanas; O antipulgas \u00e9 indicado para c\u00e3es com mais de 8 semanas de idade ou peso superior a 2 kg.","og_url":"https:\/\/agropecuariafenix.com.br\/index.php\/produto\/bravecto-caes-oral-2-a-45kg\/","og_site_name":"Agropecu\u00e1ria Fenix","article_publisher":"https:\/\/web.facebook.com\/agropecuariafenixjau","article_modified_time":"2025-11-29T14:29:39+00:00","og_image":[{"width":600,"height":600,"url":"https:\/\/agropecuariafenix.com.br\/wp-content\/uploads\/2022\/08\/Bravecto-Ces-Oral-2-A-45Kg-1924578342.jpg","type":"image\/jpeg"}],"twitter_card":"summary_large_image","twitter_misc":{"Est. tempo de leitura":"2 minutos"},"schema":{"@context":"https:\/\/schema.org","@graph":[{"@type":"WebPage","@id":"https:\/\/agropecuariafenix.com.br\/index.php\/produto\/bravecto-caes-oral-2-a-45kg\/","url":"https:\/\/agropecuariafenix.com.br\/index.php\/produto\/bravecto-caes-oral-2-a-45kg\/","name":"Bravecto C\u00e3es Oral 2 A 4,5Kg - Agropecu\u00e1ria Fenix","isPartOf":{"@id":"https:\/\/agropecuariafenix.com.br\/#website"},"primaryImageOfPage":{"@id":"https:\/\/agropecuariafenix.com.br\/index.php\/produto\/bravecto-caes-oral-2-a-45kg\/#primaryimage"},"image":{"@id":"https:\/\/agropecuariafenix.com.br\/index.php\/produto\/bravecto-caes-oral-2-a-45kg\/#primaryimage"},"thumbnailUrl":"https:\/\/agropecuariafenix.com.br\/wp-content\/uploads\/2022\/08\/Bravecto-Ces-Oral-2-A-45Kg-1924578342.jpg","datePublished":"2022-08-17T14:01:20+00:00","dateModified":"2025-11-29T14:29:39+00:00","breadcrumb":{"@id":"https:\/\/agropecuariafenix.com.br\/index.php\/produto\/bravecto-caes-oral-2-a-45kg\/#breadcrumb"},"inLanguage":"pt-BR","potentialAction":[{"@type":"ReadAction","target":["https:\/\/agropecuariafenix.com.br\/index.php\/produto\/bravecto-caes-oral-2-a-45kg\/"]}]},{"@type":"ImageObject","inLanguage":"pt-BR","@id":"https:\/\/agropecuariafenix.com.br\/index.php\/produto\/bravecto-caes-oral-2-a-45kg\/#primaryimage","url":"https:\/\/agropecuariafenix.com.br\/wp-content\/uploads\/2022\/08\/Bravecto-Ces-Oral-2-A-45Kg-1924578342.jpg","contentUrl":"https:\/\/agropecuariafenix.com.br\/wp-content\/uploads\/2022\/08\/Bravecto-Ces-Oral-2-A-45Kg-1924578342.jpg","width":600,"height":600,"caption":"Bravecto C\u00e3es Oral 2 A 4,5Kg"},{"@type":"BreadcrumbList","@id":"https:\/\/agropecuariafenix.com.br\/index.php\/produto\/bravecto-caes-oral-2-a-45kg\/#breadcrumb","itemListElement":[{"@type":"ListItem","position":1,"name":"In\u00edcio","item":"https:\/\/agropecuariafenix.com.br\/"},{"@type":"ListItem","position":2,"name":"Todos os produtos","item":"https:\/\/agropecuariafenix.com.br\/index.php\/loja\/"},{"@type":"ListItem","position":3,"name":"Bravecto C\u00e3es Oral 2 A 4,5Kg"}]},{"@type":"WebSite","@id":"https:\/\/agropecuariafenix.com.br\/#website","url":"https:\/\/agropecuariafenix.com.br\/","name":"Agropecu\u00e1ria Fenix","description":"Agropecu\u00e1ria F\u00eanix Pet - Ra\u00e7\u00f5es \/ Medicamentos Pet \/ Cl\u00ednica Veterin\u00e1ria \/ Banho e Tosa \/ Cachorro \/\u00a0Gato\u00a0\/\u00a0P\u00e1ssaros","publisher":{"@id":"https:\/\/agropecuariafenix.com.br\/#organization"},"alternateName":"Agropecu\u00e1ria Fenix","potentialAction":[{"@type":"SearchAction","target":{"@type":"EntryPoint","urlTemplate":"https:\/\/agropecuariafenix.com.br\/?s={search_term_string}"},"query-input":{"@type":"PropertyValueSpecification","valueRequired":true,"valueName":"search_term_string"}}],"inLanguage":"pt-BR"},{"@type":"Organization","@id":"https:\/\/agropecuariafenix.com.br\/#organization","name":"Agropecu\u00e1ria Fenix","alternateName":"Agropecu\u00e1ria Fenix","url":"https:\/\/agropecuariafenix.com.br\/","logo":{"@type":"ImageObject","inLanguage":"pt-BR","@id":"https:\/\/agropecuariafenix.com.br\/#\/schema\/logo\/image\/","url":"https:\/\/agropecuariafenix.com.br\/wp-content\/uploads\/2023\/08\/logo_fenix3-Copy.png","contentUrl":"https:\/\/agropecuariafenix.com.br\/wp-content\/uploads\/2023\/08\/logo_fenix3-Copy.png","width":500,"height":500,"caption":"Agropecu\u00e1ria Fenix"},"image":{"@id":"https:\/\/agropecuariafenix.com.br\/#\/schema\/logo\/image\/"},"sameAs":["https:\/\/web.facebook.com\/agropecuariafenixjau","https:\/\/www.instagram.com\/agropecuaria_fenix_jau\/"]}]}},"_links":{"self":[{"href":"https:\/\/agropecuariafenix.com.br\/index.php\/wp-json\/wp\/v2\/product\/24658","targetHints":{"allow":["GET"]}}],"collection":[{"href":"https:\/\/agropecuariafenix.com.br\/index.php\/wp-json\/wp\/v2\/product"}],"about":[{"href":"https:\/\/agropecuariafenix.com.br\/index.php\/wp-json\/wp\/v2\/types\/product"}],"replies":[{"embeddable":true,"href":"https:\/\/agropecuariafenix.com.br\/index.php\/wp-json\/wp\/v2\/comments?post=24658"}],"version-history":[{"count":1,"href":"https:\/\/agropecuariafenix.com.br\/index.php\/wp-json\/wp\/v2\/product\/24658\/revisions"}],"predecessor-version":[{"id":24659,"href":"https:\/\/agropecuariafenix.com.br\/index.php\/wp-json\/wp\/v2\/product\/24658\/revisions\/24659"}],"wp:featuredmedia":[{"embeddable":true,"href":"https:\/\/agropecuariafenix.com.br\/index.php\/wp-json\/wp\/v2\/media\/24653"}],"wp:attachment":[{"href":"https:\/\/agropecuariafenix.com.br\/index.php\/wp-json\/wp\/v2\/media?parent=24658"}],"wp:term":[{"taxonomy":"product_brand","embeddable":true,"href":"https:\/\/agropecuariafenix.com.br\/index.php\/wp-json\/wp\/v2\/product_brand?post=24658"},{"taxonomy":"product_cat","embeddable":true,"href":"https:\/\/agropecuariafenix.com.br\/index.php\/wp-json\/wp\/v2\/product_cat?post=24658"},{"taxonomy":"product_tag","embeddable":true,"href":"https:\/\/agropecuariafenix.com.br\/index.php\/wp-json\/wp\/v2\/product_tag?post=24658"}],"curies":[{"name":"wp","href":"https:\/\/api.w.org\/{rel}","templated":true}]}}