{"id":24431,"date":"2022-03-25T13:18:25","date_gmt":"2022-03-25T16:18:25","guid":{"rendered":"https:\/\/agropecuariafenix.com.br\/index.php\/produto\/three-dogs-original-adultos-racas-pequenas-e-mini-1kg\/"},"modified":"2023-07-27T17:32:24","modified_gmt":"2023-07-27T20:32:24","slug":"three-dogs-original-adultos-racas-pequenas-e-mini-1kg","status":"publish","type":"product","link":"https:\/\/agropecuariafenix.com.br\/index.php\/produto\/three-dogs-original-adultos-racas-pequenas-e-mini-1kg\/","title":{"rendered":"Three Dogs Original Adultos Ra\u00e7as Pequenas E Mini 1Kg"},"content":{"rendered":"<p>A Ra\u00e7\u00e3o Three Dogs Original Frango, Carne e Arroz para C\u00e3es Adultos Ra\u00e7as Pequenas e Mini \u00e9 um alimento seguro e moderno, sem aromatizantes e corantes artificiais que possui melhor custo benef\u00edcio. Com uma receita rica em ingredientes de alta qualidade, que promovem o equilibrio nutricional, palatabilidade superior e digestibilidade que o c\u00e3es precisam para viverem saud\u00e1vel e feliz.<\/p>\n<p>Solicita\u00e7\u00f5es referentes \u00e0 Garantia de Satisfa\u00e7\u00e3o devem ser encaminhadas diretamente para o fabricante por meio do telefone 0800 888 3393.<\/p>\n","protected":false},"excerpt":{"rendered":"<p>&#8211; F\u00e1cil mastiga\u00e7\u00e3o;<br \/>\n&#8211; Baixo teor de s\u00f3dio;<br \/>\n&#8211; Sa\u00fade oral beneficiada;<br \/>\n&#8211; Fezes firmes e odor reduzido;<br \/>\n&#8211; Sem corantes e aromatizantes artificiais;<br \/>\n&#8211; Alimento completo para c\u00e3es adultos de ra\u00e7as pequenas e minis.<\/p>\n<p>&#8211; Este produto possui Satisfa\u00e7\u00e3o Garantida. Saiba mais abaixo na descri\u00e7\u00e3o.<\/p>\n","protected":false},"featured_media":24430,"comment_status":"open","ping_status":"closed","template":"","meta":[],"product_brand":[],"product_cat":[80],"product_tag":[347,76,1064,754,217,145,144,1045],"class_list":{"0":"post-24431","1":"product","2":"type-product","3":"status-publish","4":"has-post-thumbnail","6":"product_cat-racoes","7":"product_tag-1kg","8":"product_tag-adultos","9":"product_tag-dogs","10":"product_tag-mini","11":"product_tag-original","12":"product_tag-pequenas","13":"product_tag-racas","14":"product_tag-three","16":"first","17":"instock","18":"shipping-taxable","19":"purchasable","20":"product-type-simple"},"yoast_head":"<!-- This site is optimized with the Yoast SEO plugin v26.1.1 - https:\/\/yoast.com\/wordpress\/plugins\/seo\/ -->\n<title>Three Dogs Original Adultos Ra\u00e7as Pequenas E Mini 1Kg - Agropecu\u00e1ria Fenix<\/title>\n<meta name=\"robots\" content=\"index, follow, max-snippet:-1, max-image-preview:large, max-video-preview:-1\" \/>\n<link rel=\"canonical\" href=\"https:\/\/agropecuariafenix.com.br\/index.php\/produto\/three-dogs-original-adultos-racas-pequenas-e-mini-1kg\/\" \/>\n<meta property=\"og:locale\" content=\"pt_BR\" \/>\n<meta property=\"og:type\" content=\"article\" \/>\n<meta property=\"og:title\" content=\"Three Dogs Original Adultos Ra\u00e7as Pequenas E Mini 1Kg - Agropecu\u00e1ria Fenix\" \/>\n<meta property=\"og:description\" content=\"&#8211; F\u00e1cil mastiga\u00e7\u00e3o; &#8211; Baixo teor de s\u00f3dio; &#8211; Sa\u00fade oral beneficiada; &#8211; Fezes firmes e odor reduzido; &#8211; Sem corantes e aromatizantes artificiais; &#8211; Alimento completo para c\u00e3es adultos de ra\u00e7as pequenas e minis. &#8211; Este produto possui Satisfa\u00e7\u00e3o Garantida. Saiba mais abaixo na descri\u00e7\u00e3o.\" \/>\n<meta property=\"og:url\" content=\"https:\/\/agropecuariafenix.com.br\/index.php\/produto\/three-dogs-original-adultos-racas-pequenas-e-mini-1kg\/\" \/>\n<meta property=\"og:site_name\" content=\"Agropecu\u00e1ria Fenix\" \/>\n<meta property=\"article:publisher\" content=\"https:\/\/web.facebook.com\/agropecuariafenixjau\" \/>\n<meta property=\"article:modified_time\" content=\"2023-07-27T20:32:24+00:00\" \/>\n<meta property=\"og:image\" content=\"https:\/\/agropecuariafenix.com.br\/wp-content\/uploads\/2022\/03\/Three_Dogs_Original_Adultos_Raas_Pequenas_E_Mini_1Kg_687814-1.jpg\" \/>\n\t<meta property=\"og:image:width\" content=\"600\" \/>\n\t<meta property=\"og:image:height\" content=\"600\" \/>\n\t<meta property=\"og:image:type\" content=\"image\/jpeg\" \/>\n<meta name=\"twitter:card\" content=\"summary_large_image\" \/>\n<script type=\"application\/ld+json\" class=\"yoast-schema-graph\">{\"@context\":\"https:\/\/schema.org\",\"@graph\":[{\"@type\":\"WebPage\",\"@id\":\"https:\/\/agropecuariafenix.com.br\/index.php\/produto\/three-dogs-original-adultos-racas-pequenas-e-mini-1kg\/\",\"url\":\"https:\/\/agropecuariafenix.com.br\/index.php\/produto\/three-dogs-original-adultos-racas-pequenas-e-mini-1kg\/\",\"name\":\"Three Dogs Original Adultos Ra\u00e7as Pequenas E Mini 1Kg - Agropecu\u00e1ria Fenix\",\"isPartOf\":{\"@id\":\"https:\/\/agropecuariafenix.com.br\/#website\"},\"primaryImageOfPage\":{\"@id\":\"https:\/\/agropecuariafenix.com.br\/index.php\/produto\/three-dogs-original-adultos-racas-pequenas-e-mini-1kg\/#primaryimage\"},\"image\":{\"@id\":\"https:\/\/agropecuariafenix.com.br\/index.php\/produto\/three-dogs-original-adultos-racas-pequenas-e-mini-1kg\/#primaryimage\"},\"thumbnailUrl\":\"https:\/\/agropecuariafenix.com.br\/wp-content\/uploads\/2022\/03\/Three_Dogs_Original_Adultos_Raas_Pequenas_E_Mini_1Kg_687814-1.jpg\",\"datePublished\":\"2022-03-25T16:18:25+00:00\",\"dateModified\":\"2023-07-27T20:32:24+00:00\",\"breadcrumb\":{\"@id\":\"https:\/\/agropecuariafenix.com.br\/index.php\/produto\/three-dogs-original-adultos-racas-pequenas-e-mini-1kg\/#breadcrumb\"},\"inLanguage\":\"pt-BR\",\"potentialAction\":[{\"@type\":\"ReadAction\",\"target\":[\"https:\/\/agropecuariafenix.com.br\/index.php\/produto\/three-dogs-original-adultos-racas-pequenas-e-mini-1kg\/\"]}]},{\"@type\":\"ImageObject\",\"inLanguage\":\"pt-BR\",\"@id\":\"https:\/\/agropecuariafenix.com.br\/index.php\/produto\/three-dogs-original-adultos-racas-pequenas-e-mini-1kg\/#primaryimage\",\"url\":\"https:\/\/agropecuariafenix.com.br\/wp-content\/uploads\/2022\/03\/Three_Dogs_Original_Adultos_Raas_Pequenas_E_Mini_1Kg_687814-1.jpg\",\"contentUrl\":\"https:\/\/agropecuariafenix.com.br\/wp-content\/uploads\/2022\/03\/Three_Dogs_Original_Adultos_Raas_Pequenas_E_Mini_1Kg_687814-1.jpg\",\"width\":600,\"height\":600,\"caption\":\"Three Dogs Original Adultos Ra\u00e7as Pequenas E Mini 1Kg\"},{\"@type\":\"BreadcrumbList\",\"@id\":\"https:\/\/agropecuariafenix.com.br\/index.php\/produto\/three-dogs-original-adultos-racas-pequenas-e-mini-1kg\/#breadcrumb\",\"itemListElement\":[{\"@type\":\"ListItem\",\"position\":1,\"name\":\"In\u00edcio\",\"item\":\"https:\/\/agropecuariafenix.com.br\/\"},{\"@type\":\"ListItem\",\"position\":2,\"name\":\"Todos os produtos\",\"item\":\"https:\/\/agropecuariafenix.com.br\/index.php\/loja\/\"},{\"@type\":\"ListItem\",\"position\":3,\"name\":\"Three Dogs Original Adultos Ra\u00e7as Pequenas E Mini 1Kg\"}]},{\"@type\":\"WebSite\",\"@id\":\"https:\/\/agropecuariafenix.com.br\/#website\",\"url\":\"https:\/\/agropecuariafenix.com.br\/\",\"name\":\"Agropecu\u00e1ria Fenix\",\"description\":\"Agropecu\u00e1ria F\u00eanix Pet - Ra\u00e7\u00f5es \/ Medicamentos Pet \/ Cl\u00ednica Veterin\u00e1ria \/ Banho e Tosa \/ Cachorro \/\u00a0Gato\u00a0\/\u00a0P\u00e1ssaros\",\"publisher\":{\"@id\":\"https:\/\/agropecuariafenix.com.br\/#organization\"},\"alternateName\":\"Agropecu\u00e1ria Fenix\",\"potentialAction\":[{\"@type\":\"SearchAction\",\"target\":{\"@type\":\"EntryPoint\",\"urlTemplate\":\"https:\/\/agropecuariafenix.com.br\/?s={search_term_string}\"},\"query-input\":{\"@type\":\"PropertyValueSpecification\",\"valueRequired\":true,\"valueName\":\"search_term_string\"}}],\"inLanguage\":\"pt-BR\"},{\"@type\":\"Organization\",\"@id\":\"https:\/\/agropecuariafenix.com.br\/#organization\",\"name\":\"Agropecu\u00e1ria Fenix\",\"alternateName\":\"Agropecu\u00e1ria Fenix\",\"url\":\"https:\/\/agropecuariafenix.com.br\/\",\"logo\":{\"@type\":\"ImageObject\",\"inLanguage\":\"pt-BR\",\"@id\":\"https:\/\/agropecuariafenix.com.br\/#\/schema\/logo\/image\/\",\"url\":\"https:\/\/agropecuariafenix.com.br\/wp-content\/uploads\/2023\/08\/logo_fenix3-Copy.png\",\"contentUrl\":\"https:\/\/agropecuariafenix.com.br\/wp-content\/uploads\/2023\/08\/logo_fenix3-Copy.png\",\"width\":500,\"height\":500,\"caption\":\"Agropecu\u00e1ria Fenix\"},\"image\":{\"@id\":\"https:\/\/agropecuariafenix.com.br\/#\/schema\/logo\/image\/\"},\"sameAs\":[\"https:\/\/web.facebook.com\/agropecuariafenixjau\",\"https:\/\/www.instagram.com\/agropecuaria_fenix_jau\/\"]}]}<\/script>\n<!-- \/ Yoast SEO plugin. -->","yoast_head_json":{"title":"Three Dogs Original Adultos Ra\u00e7as Pequenas E Mini 1Kg - Agropecu\u00e1ria Fenix","robots":{"index":"index","follow":"follow","max-snippet":"max-snippet:-1","max-image-preview":"max-image-preview:large","max-video-preview":"max-video-preview:-1"},"canonical":"https:\/\/agropecuariafenix.com.br\/index.php\/produto\/three-dogs-original-adultos-racas-pequenas-e-mini-1kg\/","og_locale":"pt_BR","og_type":"article","og_title":"Three Dogs Original Adultos Ra\u00e7as Pequenas E Mini 1Kg - Agropecu\u00e1ria Fenix","og_description":"&#8211; F\u00e1cil mastiga\u00e7\u00e3o; &#8211; Baixo teor de s\u00f3dio; &#8211; Sa\u00fade oral beneficiada; &#8211; Fezes firmes e odor reduzido; &#8211; Sem corantes e aromatizantes artificiais; &#8211; Alimento completo para c\u00e3es adultos de ra\u00e7as pequenas e minis. &#8211; Este produto possui Satisfa\u00e7\u00e3o Garantida. Saiba mais abaixo na descri\u00e7\u00e3o.","og_url":"https:\/\/agropecuariafenix.com.br\/index.php\/produto\/three-dogs-original-adultos-racas-pequenas-e-mini-1kg\/","og_site_name":"Agropecu\u00e1ria Fenix","article_publisher":"https:\/\/web.facebook.com\/agropecuariafenixjau","article_modified_time":"2023-07-27T20:32:24+00:00","og_image":[{"width":600,"height":600,"url":"https:\/\/agropecuariafenix.com.br\/wp-content\/uploads\/2022\/03\/Three_Dogs_Original_Adultos_Raas_Pequenas_E_Mini_1Kg_687814-1.jpg","type":"image\/jpeg"}],"twitter_card":"summary_large_image","schema":{"@context":"https:\/\/schema.org","@graph":[{"@type":"WebPage","@id":"https:\/\/agropecuariafenix.com.br\/index.php\/produto\/three-dogs-original-adultos-racas-pequenas-e-mini-1kg\/","url":"https:\/\/agropecuariafenix.com.br\/index.php\/produto\/three-dogs-original-adultos-racas-pequenas-e-mini-1kg\/","name":"Three Dogs Original Adultos Ra\u00e7as Pequenas E Mini 1Kg - Agropecu\u00e1ria Fenix","isPartOf":{"@id":"https:\/\/agropecuariafenix.com.br\/#website"},"primaryImageOfPage":{"@id":"https:\/\/agropecuariafenix.com.br\/index.php\/produto\/three-dogs-original-adultos-racas-pequenas-e-mini-1kg\/#primaryimage"},"image":{"@id":"https:\/\/agropecuariafenix.com.br\/index.php\/produto\/three-dogs-original-adultos-racas-pequenas-e-mini-1kg\/#primaryimage"},"thumbnailUrl":"https:\/\/agropecuariafenix.com.br\/wp-content\/uploads\/2022\/03\/Three_Dogs_Original_Adultos_Raas_Pequenas_E_Mini_1Kg_687814-1.jpg","datePublished":"2022-03-25T16:18:25+00:00","dateModified":"2023-07-27T20:32:24+00:00","breadcrumb":{"@id":"https:\/\/agropecuariafenix.com.br\/index.php\/produto\/three-dogs-original-adultos-racas-pequenas-e-mini-1kg\/#breadcrumb"},"inLanguage":"pt-BR","potentialAction":[{"@type":"ReadAction","target":["https:\/\/agropecuariafenix.com.br\/index.php\/produto\/three-dogs-original-adultos-racas-pequenas-e-mini-1kg\/"]}]},{"@type":"ImageObject","inLanguage":"pt-BR","@id":"https:\/\/agropecuariafenix.com.br\/index.php\/produto\/three-dogs-original-adultos-racas-pequenas-e-mini-1kg\/#primaryimage","url":"https:\/\/agropecuariafenix.com.br\/wp-content\/uploads\/2022\/03\/Three_Dogs_Original_Adultos_Raas_Pequenas_E_Mini_1Kg_687814-1.jpg","contentUrl":"https:\/\/agropecuariafenix.com.br\/wp-content\/uploads\/2022\/03\/Three_Dogs_Original_Adultos_Raas_Pequenas_E_Mini_1Kg_687814-1.jpg","width":600,"height":600,"caption":"Three Dogs Original Adultos Ra\u00e7as Pequenas E Mini 1Kg"},{"@type":"BreadcrumbList","@id":"https:\/\/agropecuariafenix.com.br\/index.php\/produto\/three-dogs-original-adultos-racas-pequenas-e-mini-1kg\/#breadcrumb","itemListElement":[{"@type":"ListItem","position":1,"name":"In\u00edcio","item":"https:\/\/agropecuariafenix.com.br\/"},{"@type":"ListItem","position":2,"name":"Todos os produtos","item":"https:\/\/agropecuariafenix.com.br\/index.php\/loja\/"},{"@type":"ListItem","position":3,"name":"Three Dogs Original Adultos Ra\u00e7as Pequenas E Mini 1Kg"}]},{"@type":"WebSite","@id":"https:\/\/agropecuariafenix.com.br\/#website","url":"https:\/\/agropecuariafenix.com.br\/","name":"Agropecu\u00e1ria Fenix","description":"Agropecu\u00e1ria F\u00eanix Pet - Ra\u00e7\u00f5es \/ Medicamentos Pet \/ Cl\u00ednica Veterin\u00e1ria \/ Banho e Tosa \/ Cachorro \/\u00a0Gato\u00a0\/\u00a0P\u00e1ssaros","publisher":{"@id":"https:\/\/agropecuariafenix.com.br\/#organization"},"alternateName":"Agropecu\u00e1ria Fenix","potentialAction":[{"@type":"SearchAction","target":{"@type":"EntryPoint","urlTemplate":"https:\/\/agropecuariafenix.com.br\/?s={search_term_string}"},"query-input":{"@type":"PropertyValueSpecification","valueRequired":true,"valueName":"search_term_string"}}],"inLanguage":"pt-BR"},{"@type":"Organization","@id":"https:\/\/agropecuariafenix.com.br\/#organization","name":"Agropecu\u00e1ria Fenix","alternateName":"Agropecu\u00e1ria Fenix","url":"https:\/\/agropecuariafenix.com.br\/","logo":{"@type":"ImageObject","inLanguage":"pt-BR","@id":"https:\/\/agropecuariafenix.com.br\/#\/schema\/logo\/image\/","url":"https:\/\/agropecuariafenix.com.br\/wp-content\/uploads\/2023\/08\/logo_fenix3-Copy.png","contentUrl":"https:\/\/agropecuariafenix.com.br\/wp-content\/uploads\/2023\/08\/logo_fenix3-Copy.png","width":500,"height":500,"caption":"Agropecu\u00e1ria Fenix"},"image":{"@id":"https:\/\/agropecuariafenix.com.br\/#\/schema\/logo\/image\/"},"sameAs":["https:\/\/web.facebook.com\/agropecuariafenixjau","https:\/\/www.instagram.com\/agropecuaria_fenix_jau\/"]}]}},"_links":{"self":[{"href":"https:\/\/agropecuariafenix.com.br\/index.php\/wp-json\/wp\/v2\/product\/24431","targetHints":{"allow":["GET"]}}],"collection":[{"href":"https:\/\/agropecuariafenix.com.br\/index.php\/wp-json\/wp\/v2\/product"}],"about":[{"href":"https:\/\/agropecuariafenix.com.br\/index.php\/wp-json\/wp\/v2\/types\/product"}],"replies":[{"embeddable":true,"href":"https:\/\/agropecuariafenix.com.br\/index.php\/wp-json\/wp\/v2\/comments?post=24431"}],"version-history":[{"count":1,"href":"https:\/\/agropecuariafenix.com.br\/index.php\/wp-json\/wp\/v2\/product\/24431\/revisions"}],"predecessor-version":[{"id":24482,"href":"https:\/\/agropecuariafenix.com.br\/index.php\/wp-json\/wp\/v2\/product\/24431\/revisions\/24482"}],"wp:featuredmedia":[{"embeddable":true,"href":"https:\/\/agropecuariafenix.com.br\/index.php\/wp-json\/wp\/v2\/media\/24430"}],"wp:attachment":[{"href":"https:\/\/agropecuariafenix.com.br\/index.php\/wp-json\/wp\/v2\/media?parent=24431"}],"wp:term":[{"taxonomy":"product_brand","embeddable":true,"href":"https:\/\/agropecuariafenix.com.br\/index.php\/wp-json\/wp\/v2\/product_brand?post=24431"},{"taxonomy":"product_cat","embeddable":true,"href":"https:\/\/agropecuariafenix.com.br\/index.php\/wp-json\/wp\/v2\/product_cat?post=24431"},{"taxonomy":"product_tag","embeddable":true,"href":"https:\/\/agropecuariafenix.com.br\/index.php\/wp-json\/wp\/v2\/product_tag?post=24431"}],"curies":[{"name":"wp","href":"https:\/\/api.w.org\/{rel}","templated":true}]}}