{"id":24358,"date":"2022-03-24T16:55:24","date_gmt":"2022-03-24T19:55:24","guid":{"rendered":"https:\/\/agropecuariafenix.com.br\/index.php\/produto\/biofresh-gatos-adultos-400g\/"},"modified":"2023-11-17T17:15:21","modified_gmt":"2023-11-17T20:15:21","slug":"biofresh-gatos-adultos-400g","status":"publish","type":"product","link":"https:\/\/agropecuariafenix.com.br\/index.php\/produto\/biofresh-gatos-adultos-400g\/","title":{"rendered":"Biofresh Gatos Adultos 400G"},"content":{"rendered":"<p>Informa\u00e7\u00f5es Nutricionais<br \/>\nVitamina A 18.700 UI, Vitamina D3 1.250 UI, Vitamina E 510 UI, Niacina 127 mg, Vitamina C 255 mg, Vitamina B12 80 \u00b5g, \u00c1c. Pantot\u00eanico 42 mg, Vitamina K3 1,25 mg, Vitamina B1 8,4 mg, Vitamina B2 17 mg, Vitamina B6 6,6 mg, Biotina 1,25 mg, \u00c1c. F\u00f3lico 1,25 mg, Colina 2.400 mg, Sel\u00eanio 0,15 mg, Zinco 145 mg, Ferro 30 mg, Cobre 13 mg, Mangan\u00eas 48 mg, Iodo 1,5 mg.<br \/>\nN\u00edveis de Garantia<br \/>\nUmidade (m\u00e1x.) 90g\/kg<br \/>\nProte\u00edna Bruta (m\u00edn.) 440g\/kg<br \/>\nExtrato Et\u00e9reo (m\u00edn.) 200g\/kg<br \/>\nMat\u00e9ria Fibrosa (m\u00e1x.) 25g\/kg<br \/>\nMat\u00e9ria Mineral (m\u00e1x.) 75g\/kg<br \/>\nC\u00e1lcio (m\u00e1x.) 15g\/kg<br \/>\nC\u00e1lcio (m\u00edn.) 9000mg\/kg<br \/>\nF\u00f3sforo (m\u00edn.) 8000mg\/kg<br \/>\nS\u00f3dio (m\u00edn.) 3000mg\/kg<br \/>\nMetionina (m\u00edn.) 4100mg\/kg<br \/>\nTaurina (m\u00edn.) 2500mg\/kg<br \/>\nVitamina E (m\u00edn.) 600mg\/kg<br \/>\nVitamina C (m\u00edn.) 100mg\/kg<br \/>\n\u00d4mega 6 (m\u00edn.) 26g\/kg<br \/>\n\u00d4mega 3 (m\u00edn.) 4000mg\/kg<br \/>\nMananoligossacar\u00eddeos (m\u00edn.) 500mg\/kg<br \/>\nHexametafosfato de s\u00f3dio (m\u00edn.) 3000mg\/kg<br \/>\nEnergia metaboliz\u00e1vel (m\u00edn.) 4180kcal\/kg<\/p>\n<p>Composi\u00e7\u00e3o<br \/>\nSele\u00e7\u00e3o de carnes frescas (carne de frango (peito), f\u00edgado de aves, carne mecanicamente separada de aves e carne de peixes) (m\u00edn. 20%), sele\u00e7\u00e3o de frutas, vegetais e ervas frescas (ma\u00e7\u00e3s, cenouras, beterrabas e or\u00e9gano) (m\u00edn. 2%), farinha de torresmo, \u00f3leo de peixes (fonte natural de EPA e DHA), farinha de v\u00edsceras de aves e \u00f3leo de aves (preservados naturalmente com tocofer\u00f3is), extrato de mirtilo (blueberry), extrato de yucca, extrato de ch\u00e1 verde, ovo em p\u00f3, farinha de mandioca, celulose em p\u00f3, hidrolisado de f\u00edgado de aves e su\u00ednos, polpa desidratada de beterraba, ervilhas desidratadas, levedura de cerveja inativada desidratada, parede celular de levedura (fonte de mananoligossacar\u00eddeos), inulina (m\u00edn. 0,02%), hexametafosfato de s\u00f3dio, \u00e1cido fosf\u00f3rico, cloreto de s\u00f3dio (sal comum), taurina, DL-metionina, L-lisina, cloreto de colina, cloreto de pot\u00e1ssio, vitaminas (A, B1, B2, B6, B12, C, D3, E, K3, \u00e1cido f\u00f3lico, \u00e1cido pantot\u00eanico, biotina e niacina), minerais amino\u00e1cidos-quelatados (cobre, ferro, mangan\u00eas, zinco e sel\u00eanio), iodato de c\u00e1lcio e antioxidantes naturais (tocofer\u00f3is, extrato de alecrim e \u00e1cido c\u00edtrico).<\/p>\n","protected":false},"excerpt":{"rendered":"<p>Descri\u00e7\u00e3o<br \/>\n&#8211; Indicada para gatos adultos;<br \/>\n&#8211; Favorece a nutri\u00e7\u00e3o de carn\u00edvoros;<br \/>\n&#8211; Promove sa\u00fade oral e urin\u00e1ria;<br \/>\n&#8211; Mant\u00e9m a pelagem macia e brilhosa,<br \/>\n&#8211; Dispon\u00edvel em embalagens com 400 g, 1,5 kg e 7,5 kg.<\/p>\n","protected":false},"featured_media":26889,"comment_status":"open","ping_status":"closed","template":"","meta":[],"product_brand":[],"product_cat":[80],"product_tag":[379,76,1004,209],"class_list":{"0":"post-24358","1":"product","2":"type-product","3":"status-publish","4":"has-post-thumbnail","6":"product_cat-racoes","7":"product_tag-400g","8":"product_tag-adultos","9":"product_tag-biofresh","10":"product_tag-gatos","12":"first","13":"instock","14":"shipping-taxable","15":"purchasable","16":"product-type-simple"},"yoast_head":"<!-- This site is optimized with the Yoast SEO plugin v26.1.1 - https:\/\/yoast.com\/wordpress\/plugins\/seo\/ -->\n<title>Biofresh Gatos Adultos 400G - Agropecu\u00e1ria Fenix<\/title>\n<meta name=\"robots\" content=\"index, follow, max-snippet:-1, max-image-preview:large, max-video-preview:-1\" \/>\n<link rel=\"canonical\" href=\"https:\/\/agropecuariafenix.com.br\/index.php\/produto\/biofresh-gatos-adultos-400g\/\" \/>\n<meta property=\"og:locale\" content=\"pt_BR\" \/>\n<meta property=\"og:type\" content=\"article\" \/>\n<meta property=\"og:title\" content=\"Biofresh Gatos Adultos 400G - Agropecu\u00e1ria Fenix\" \/>\n<meta property=\"og:description\" content=\"Descri\u00e7\u00e3o - Indicada para gatos adultos; - Favorece a nutri\u00e7\u00e3o de carn\u00edvoros; - Promove sa\u00fade oral e urin\u00e1ria; - Mant\u00e9m a pelagem macia e brilhosa, - Dispon\u00edvel em embalagens com 400 g, 1,5 kg e 7,5 kg.\" \/>\n<meta property=\"og:url\" content=\"https:\/\/agropecuariafenix.com.br\/index.php\/produto\/biofresh-gatos-adultos-400g\/\" \/>\n<meta property=\"og:site_name\" content=\"Agropecu\u00e1ria Fenix\" \/>\n<meta property=\"article:publisher\" content=\"https:\/\/web.facebook.com\/agropecuariafenixjau\" \/>\n<meta property=\"article:modified_time\" content=\"2023-11-17T20:15:21+00:00\" \/>\n<meta property=\"og:image\" content=\"https:\/\/agropecuariafenix.com.br\/wp-content\/uploads\/2022\/03\/Biofresh_Gatos_Adultos_400G_853449-1.jpg\" \/>\n\t<meta property=\"og:image:width\" content=\"700\" \/>\n\t<meta property=\"og:image:height\" content=\"700\" \/>\n\t<meta property=\"og:image:type\" content=\"image\/jpeg\" \/>\n<meta name=\"twitter:card\" content=\"summary_large_image\" \/>\n<meta name=\"twitter:label1\" content=\"Est. tempo de leitura\" \/>\n\t<meta name=\"twitter:data1\" content=\"2 minutos\" \/>\n<script type=\"application\/ld+json\" class=\"yoast-schema-graph\">{\"@context\":\"https:\/\/schema.org\",\"@graph\":[{\"@type\":\"WebPage\",\"@id\":\"https:\/\/agropecuariafenix.com.br\/index.php\/produto\/biofresh-gatos-adultos-400g\/\",\"url\":\"https:\/\/agropecuariafenix.com.br\/index.php\/produto\/biofresh-gatos-adultos-400g\/\",\"name\":\"Biofresh Gatos Adultos 400G - Agropecu\u00e1ria Fenix\",\"isPartOf\":{\"@id\":\"https:\/\/agropecuariafenix.com.br\/#website\"},\"primaryImageOfPage\":{\"@id\":\"https:\/\/agropecuariafenix.com.br\/index.php\/produto\/biofresh-gatos-adultos-400g\/#primaryimage\"},\"image\":{\"@id\":\"https:\/\/agropecuariafenix.com.br\/index.php\/produto\/biofresh-gatos-adultos-400g\/#primaryimage\"},\"thumbnailUrl\":\"https:\/\/agropecuariafenix.com.br\/wp-content\/uploads\/2023\/11\/Biofresh-Gatos-Adultos-400G-319940702.jpg\",\"datePublished\":\"2022-03-24T19:55:24+00:00\",\"dateModified\":\"2023-11-17T20:15:21+00:00\",\"breadcrumb\":{\"@id\":\"https:\/\/agropecuariafenix.com.br\/index.php\/produto\/biofresh-gatos-adultos-400g\/#breadcrumb\"},\"inLanguage\":\"pt-BR\",\"potentialAction\":[{\"@type\":\"ReadAction\",\"target\":[\"https:\/\/agropecuariafenix.com.br\/index.php\/produto\/biofresh-gatos-adultos-400g\/\"]}]},{\"@type\":\"ImageObject\",\"inLanguage\":\"pt-BR\",\"@id\":\"https:\/\/agropecuariafenix.com.br\/index.php\/produto\/biofresh-gatos-adultos-400g\/#primaryimage\",\"url\":\"https:\/\/agropecuariafenix.com.br\/wp-content\/uploads\/2023\/11\/Biofresh-Gatos-Adultos-400G-319940702.jpg\",\"contentUrl\":\"https:\/\/agropecuariafenix.com.br\/wp-content\/uploads\/2023\/11\/Biofresh-Gatos-Adultos-400G-319940702.jpg\",\"width\":700,\"height\":700,\"caption\":\"Biofresh Gatos Adultos 400G\"},{\"@type\":\"BreadcrumbList\",\"@id\":\"https:\/\/agropecuariafenix.com.br\/index.php\/produto\/biofresh-gatos-adultos-400g\/#breadcrumb\",\"itemListElement\":[{\"@type\":\"ListItem\",\"position\":1,\"name\":\"In\u00edcio\",\"item\":\"https:\/\/agropecuariafenix.com.br\/\"},{\"@type\":\"ListItem\",\"position\":2,\"name\":\"Todos os produtos\",\"item\":\"https:\/\/agropecuariafenix.com.br\/index.php\/loja\/\"},{\"@type\":\"ListItem\",\"position\":3,\"name\":\"Biofresh Gatos Adultos 400G\"}]},{\"@type\":\"WebSite\",\"@id\":\"https:\/\/agropecuariafenix.com.br\/#website\",\"url\":\"https:\/\/agropecuariafenix.com.br\/\",\"name\":\"Agropecu\u00e1ria Fenix\",\"description\":\"Agropecu\u00e1ria F\u00eanix Pet - Ra\u00e7\u00f5es \/ Medicamentos Pet \/ Cl\u00ednica Veterin\u00e1ria \/ Banho e Tosa \/ Cachorro \/\u00a0Gato\u00a0\/\u00a0P\u00e1ssaros\",\"publisher\":{\"@id\":\"https:\/\/agropecuariafenix.com.br\/#organization\"},\"alternateName\":\"Agropecu\u00e1ria Fenix\",\"potentialAction\":[{\"@type\":\"SearchAction\",\"target\":{\"@type\":\"EntryPoint\",\"urlTemplate\":\"https:\/\/agropecuariafenix.com.br\/?s={search_term_string}\"},\"query-input\":{\"@type\":\"PropertyValueSpecification\",\"valueRequired\":true,\"valueName\":\"search_term_string\"}}],\"inLanguage\":\"pt-BR\"},{\"@type\":\"Organization\",\"@id\":\"https:\/\/agropecuariafenix.com.br\/#organization\",\"name\":\"Agropecu\u00e1ria Fenix\",\"alternateName\":\"Agropecu\u00e1ria Fenix\",\"url\":\"https:\/\/agropecuariafenix.com.br\/\",\"logo\":{\"@type\":\"ImageObject\",\"inLanguage\":\"pt-BR\",\"@id\":\"https:\/\/agropecuariafenix.com.br\/#\/schema\/logo\/image\/\",\"url\":\"https:\/\/agropecuariafenix.com.br\/wp-content\/uploads\/2023\/08\/logo_fenix3-Copy.png\",\"contentUrl\":\"https:\/\/agropecuariafenix.com.br\/wp-content\/uploads\/2023\/08\/logo_fenix3-Copy.png\",\"width\":500,\"height\":500,\"caption\":\"Agropecu\u00e1ria Fenix\"},\"image\":{\"@id\":\"https:\/\/agropecuariafenix.com.br\/#\/schema\/logo\/image\/\"},\"sameAs\":[\"https:\/\/web.facebook.com\/agropecuariafenixjau\",\"https:\/\/www.instagram.com\/agropecuaria_fenix_jau\/\"]}]}<\/script>\n<!-- \/ Yoast SEO plugin. -->","yoast_head_json":{"title":"Biofresh Gatos Adultos 400G - Agropecu\u00e1ria Fenix","robots":{"index":"index","follow":"follow","max-snippet":"max-snippet:-1","max-image-preview":"max-image-preview:large","max-video-preview":"max-video-preview:-1"},"canonical":"https:\/\/agropecuariafenix.com.br\/index.php\/produto\/biofresh-gatos-adultos-400g\/","og_locale":"pt_BR","og_type":"article","og_title":"Biofresh Gatos Adultos 400G - Agropecu\u00e1ria Fenix","og_description":"Descri\u00e7\u00e3o - Indicada para gatos adultos; - Favorece a nutri\u00e7\u00e3o de carn\u00edvoros; - Promove sa\u00fade oral e urin\u00e1ria; - Mant\u00e9m a pelagem macia e brilhosa, - Dispon\u00edvel em embalagens com 400 g, 1,5 kg e 7,5 kg.","og_url":"https:\/\/agropecuariafenix.com.br\/index.php\/produto\/biofresh-gatos-adultos-400g\/","og_site_name":"Agropecu\u00e1ria Fenix","article_publisher":"https:\/\/web.facebook.com\/agropecuariafenixjau","article_modified_time":"2023-11-17T20:15:21+00:00","og_image":[{"width":700,"height":700,"url":"https:\/\/agropecuariafenix.com.br\/wp-content\/uploads\/2022\/03\/Biofresh_Gatos_Adultos_400G_853449-1.jpg","type":"image\/jpeg"}],"twitter_card":"summary_large_image","twitter_misc":{"Est. tempo de leitura":"2 minutos"},"schema":{"@context":"https:\/\/schema.org","@graph":[{"@type":"WebPage","@id":"https:\/\/agropecuariafenix.com.br\/index.php\/produto\/biofresh-gatos-adultos-400g\/","url":"https:\/\/agropecuariafenix.com.br\/index.php\/produto\/biofresh-gatos-adultos-400g\/","name":"Biofresh Gatos Adultos 400G - Agropecu\u00e1ria Fenix","isPartOf":{"@id":"https:\/\/agropecuariafenix.com.br\/#website"},"primaryImageOfPage":{"@id":"https:\/\/agropecuariafenix.com.br\/index.php\/produto\/biofresh-gatos-adultos-400g\/#primaryimage"},"image":{"@id":"https:\/\/agropecuariafenix.com.br\/index.php\/produto\/biofresh-gatos-adultos-400g\/#primaryimage"},"thumbnailUrl":"https:\/\/agropecuariafenix.com.br\/wp-content\/uploads\/2023\/11\/Biofresh-Gatos-Adultos-400G-319940702.jpg","datePublished":"2022-03-24T19:55:24+00:00","dateModified":"2023-11-17T20:15:21+00:00","breadcrumb":{"@id":"https:\/\/agropecuariafenix.com.br\/index.php\/produto\/biofresh-gatos-adultos-400g\/#breadcrumb"},"inLanguage":"pt-BR","potentialAction":[{"@type":"ReadAction","target":["https:\/\/agropecuariafenix.com.br\/index.php\/produto\/biofresh-gatos-adultos-400g\/"]}]},{"@type":"ImageObject","inLanguage":"pt-BR","@id":"https:\/\/agropecuariafenix.com.br\/index.php\/produto\/biofresh-gatos-adultos-400g\/#primaryimage","url":"https:\/\/agropecuariafenix.com.br\/wp-content\/uploads\/2023\/11\/Biofresh-Gatos-Adultos-400G-319940702.jpg","contentUrl":"https:\/\/agropecuariafenix.com.br\/wp-content\/uploads\/2023\/11\/Biofresh-Gatos-Adultos-400G-319940702.jpg","width":700,"height":700,"caption":"Biofresh Gatos Adultos 400G"},{"@type":"BreadcrumbList","@id":"https:\/\/agropecuariafenix.com.br\/index.php\/produto\/biofresh-gatos-adultos-400g\/#breadcrumb","itemListElement":[{"@type":"ListItem","position":1,"name":"In\u00edcio","item":"https:\/\/agropecuariafenix.com.br\/"},{"@type":"ListItem","position":2,"name":"Todos os produtos","item":"https:\/\/agropecuariafenix.com.br\/index.php\/loja\/"},{"@type":"ListItem","position":3,"name":"Biofresh Gatos Adultos 400G"}]},{"@type":"WebSite","@id":"https:\/\/agropecuariafenix.com.br\/#website","url":"https:\/\/agropecuariafenix.com.br\/","name":"Agropecu\u00e1ria Fenix","description":"Agropecu\u00e1ria F\u00eanix Pet - Ra\u00e7\u00f5es \/ Medicamentos Pet \/ Cl\u00ednica Veterin\u00e1ria \/ Banho e Tosa \/ Cachorro \/\u00a0Gato\u00a0\/\u00a0P\u00e1ssaros","publisher":{"@id":"https:\/\/agropecuariafenix.com.br\/#organization"},"alternateName":"Agropecu\u00e1ria Fenix","potentialAction":[{"@type":"SearchAction","target":{"@type":"EntryPoint","urlTemplate":"https:\/\/agropecuariafenix.com.br\/?s={search_term_string}"},"query-input":{"@type":"PropertyValueSpecification","valueRequired":true,"valueName":"search_term_string"}}],"inLanguage":"pt-BR"},{"@type":"Organization","@id":"https:\/\/agropecuariafenix.com.br\/#organization","name":"Agropecu\u00e1ria Fenix","alternateName":"Agropecu\u00e1ria Fenix","url":"https:\/\/agropecuariafenix.com.br\/","logo":{"@type":"ImageObject","inLanguage":"pt-BR","@id":"https:\/\/agropecuariafenix.com.br\/#\/schema\/logo\/image\/","url":"https:\/\/agropecuariafenix.com.br\/wp-content\/uploads\/2023\/08\/logo_fenix3-Copy.png","contentUrl":"https:\/\/agropecuariafenix.com.br\/wp-content\/uploads\/2023\/08\/logo_fenix3-Copy.png","width":500,"height":500,"caption":"Agropecu\u00e1ria Fenix"},"image":{"@id":"https:\/\/agropecuariafenix.com.br\/#\/schema\/logo\/image\/"},"sameAs":["https:\/\/web.facebook.com\/agropecuariafenixjau","https:\/\/www.instagram.com\/agropecuaria_fenix_jau\/"]}]}},"_links":{"self":[{"href":"https:\/\/agropecuariafenix.com.br\/index.php\/wp-json\/wp\/v2\/product\/24358","targetHints":{"allow":["GET"]}}],"collection":[{"href":"https:\/\/agropecuariafenix.com.br\/index.php\/wp-json\/wp\/v2\/product"}],"about":[{"href":"https:\/\/agropecuariafenix.com.br\/index.php\/wp-json\/wp\/v2\/types\/product"}],"replies":[{"embeddable":true,"href":"https:\/\/agropecuariafenix.com.br\/index.php\/wp-json\/wp\/v2\/comments?post=24358"}],"version-history":[{"count":2,"href":"https:\/\/agropecuariafenix.com.br\/index.php\/wp-json\/wp\/v2\/product\/24358\/revisions"}],"predecessor-version":[{"id":26890,"href":"https:\/\/agropecuariafenix.com.br\/index.php\/wp-json\/wp\/v2\/product\/24358\/revisions\/26890"}],"wp:featuredmedia":[{"embeddable":true,"href":"https:\/\/agropecuariafenix.com.br\/index.php\/wp-json\/wp\/v2\/media\/26889"}],"wp:attachment":[{"href":"https:\/\/agropecuariafenix.com.br\/index.php\/wp-json\/wp\/v2\/media?parent=24358"}],"wp:term":[{"taxonomy":"product_brand","embeddable":true,"href":"https:\/\/agropecuariafenix.com.br\/index.php\/wp-json\/wp\/v2\/product_brand?post=24358"},{"taxonomy":"product_cat","embeddable":true,"href":"https:\/\/agropecuariafenix.com.br\/index.php\/wp-json\/wp\/v2\/product_cat?post=24358"},{"taxonomy":"product_tag","embeddable":true,"href":"https:\/\/agropecuariafenix.com.br\/index.php\/wp-json\/wp\/v2\/product_tag?post=24358"}],"curies":[{"name":"wp","href":"https:\/\/api.w.org\/{rel}","templated":true}]}}