{"id":24241,"date":"2022-03-24T11:04:18","date_gmt":"2022-03-24T14:04:18","guid":{"rendered":"https:\/\/agropecuariafenix.com.br\/index.php\/produto\/granplus-gourmet-gatos-adultos-castrados-ovelha-e-arroz-individual-10kg\/"},"modified":"2025-10-14T11:55:37","modified_gmt":"2025-10-14T14:55:37","slug":"granplus-gourmet-gatos-adultos-castrados-ovelha-e-arroz-individual-10kg","status":"publish","type":"product","link":"https:\/\/agropecuariafenix.com.br\/index.php\/produto\/granplus-gourmet-gatos-adultos-castrados-ovelha-e-arroz-individual-10kg\/","title":{"rendered":"Granplus Gourmet Gatos Adultos Castrados Ovelha E Arroz Individual 10Kg"},"content":{"rendered":"<p>Informa\u00e7\u00f5es Nutricionais<\/p>\n<p>Vitamina A 14.000UI, Vitamina D3 406UI, Vitamina E 55UI, Vitamina K3 0,1mg, Vitamina C 17mg, Vitamina B1 8mg, Vitamina B2 4,6mg, Vitamina B6 3,6mg, Vitamina B12 26\u03bcg, Pantotenato de C\u00e1lcio 8,4mg, \u00c1cido F\u00f3lico 1,1mg, \u00c1cido Nicot\u00ednico 46,4mg, Biotina 0,1mg, Colina 1.300mg, Zinco 75mg, Ferro 80mg, Mangan\u00eas 10mg, Iodo 1,8mg, Sel\u00eanio 0,3mg, Cobre 10mg.<\/p>\n<p>N\u00edveis de Garantia<\/p>\n<p>Prote\u00edna Bruta (m\u00edn.) 360g\/kg (36%) Extrato Et\u00e9reo (m\u00edn.) 90g\/kg (9%) Umidade (m\u00e1x.) 100g\/kg (10%) Mat\u00e9ria Fibrosa (m\u00e1x.) 40g\/kg (4%) Mat\u00e9ria Mineral (m\u00e1x.) 82g\/kg (8,20%) C\u00e1lcio (m\u00e1x.) 16,5g\/kg (1,65%) C\u00e1lcio (m\u00edn.) 8.000mg\/kg (0,80%) F\u00f3sforo (m\u00edn.) 7.000mg\/kg (0,70%) S\u00f3dio (m\u00edn.) 3.000mg\/kg Pot\u00e1ssio (m\u00edn.) 5.300mg\/kg Carnitina (m\u00edn.) 100mg\/kg Taurina (m\u00edn.) 1.200mg\/kg Lisina (m\u00edn.) 15g\/kg Metionina (m\u00edn.) 7.000mg\/kg \u00d4mega 6 (m\u00edn.) 15g\/kg \u00d4mega 3 (m\u00edn.) 1.600mg\/kg EPA + DHA (m\u00edn.) 200mg\/kg Mananoligossacar\u00eddeos (m\u00edn.) 100mg\/kg Energia Metaboliz\u00e1vel (NRC 2006, m\u00edn.) 3.600kcal\/kg<\/p>\n<p>Composi\u00e7\u00e3o<\/p>\n<p>Carne Mecanicamente Separada de Frango, F\u00edgado de Frango, Farinha de Carne e Ossos de Ovino, Farinha de V\u00edsceras de Aves, Farinha de Torresmo, Quirera de Arroz, Gr\u00e3o de Sorgo, Gl\u00faten de Trigo, \u00d3leo de V\u00edsceras de Aves, Levedura Seca de Cervejaria, \u00d3leo de Peixe Refinado, \u00d3leo de Linha\u00e7a, Polpa de Beterraba, Fibra de Cana-de-A\u00e7\u00facar, Casca de Aveia Mo\u00edda, Farelo de Trigo, Cloreto de S\u00f3dio (Sal Comum), Carbonato de C\u00e1lcio, Cloreto de Pot\u00e1ssio, L-Carnitina, Taurina, L-Lisina, DL- etionina, Hidrolisado de F\u00edgado Ave e Su\u00edno, Aditivo Prebi\u00f3tico (Parede Celular de Levedura Fonte de Mananoligossacar\u00eddeos), Antioxidantes Naturais (Extrato de Alecrim e Concentrado de Tocofer\u00f3is), Propionato de C\u00e1lcio, Sorbato de Pot\u00e1ssio, \u00c1cido Fosf\u00f3rico, Aditivo Adsorvente (Parede Celular de Levedura e Bentonita), Vitaminas (A, D3, E, K3, C, B1, B2, B6, B12, Pantotenato de C\u00e1lcio, \u00c1cido F\u00f3lico, \u00c1cido Nicot\u00ednico, Biotina, Cloreto de Colina), Minerais (Sulfato de Zinco, Sulfato de Ferro, Sulfato de Mangan\u00eas, Iodato de C\u00e1lcio), Minerais Quelatados (Proteinato de Mangan\u00eas, Levedura Enriquecida com Sel\u00eanio, Proteinato de Zinco, Proteinato de Cobre).<\/p>\n<p>C\u00f3digo de barras   7896048916969<\/p>\n","protected":false},"excerpt":{"rendered":"<p>&#8211; Alimento conservado com antioxidantes naturais;<br \/>\n&#8211; Possui ingredientes nobres e prote\u00edna de alta qualidade, atendendo a paladares exigentes;<br \/>\n&#8211; Com L-carnitina e teores reduzidos de gorduras e calorias;<br \/>\n&#8211; Minerais balanceados que ajudam noa controle do pH urin\u00e1rio;<br \/>\n&#8211; Cont\u00e9m amino\u00e1cidos essenciais e rico em taurina,que contribuem para a sa\u00fade da pelagem, pele, cora\u00e7\u00e3o e vis\u00e3o;<br \/>\n&#8211; Embalagem de 1 Kg e 3 Kg: sistema abre e fecha promovendo mais sabor, frescor e maior conserva\u00e7\u00e3o;<\/p>\n<p>Este produto possui Satisfa\u00e7\u00e3o Garantida. Saiba mais abaixo na descri\u00e7\u00e3o.<\/p>\n","protected":false},"featured_media":27103,"comment_status":"open","ping_status":"closed","template":"","meta":[],"product_brand":[],"product_cat":[80],"product_tag":[403,119,76,78,231,209,956,909,943,960],"class_list":{"0":"post-24241","1":"product","2":"type-product","3":"status-publish","4":"has-post-thumbnail","6":"product_cat-racoes","7":"product_tag-101kg","8":"product_tag-10kg","9":"product_tag-adultos","10":"product_tag-arroz","11":"product_tag-castrados","12":"product_tag-gatos","13":"product_tag-gourmet","14":"product_tag-granplus","15":"product_tag-individual","16":"product_tag-ovelha","18":"first","19":"outofstock","20":"shipping-taxable","21":"purchasable","22":"product-type-simple"},"yoast_head":"<!-- This site is optimized with the Yoast SEO plugin v26.1.1 - https:\/\/yoast.com\/wordpress\/plugins\/seo\/ -->\n<title>Granplus Gourmet Gatos Adultos Castrados Ovelha E Arroz Individual 10Kg - Agropecu\u00e1ria Fenix<\/title>\n<meta name=\"robots\" content=\"index, follow, max-snippet:-1, max-image-preview:large, max-video-preview:-1\" \/>\n<link rel=\"canonical\" href=\"https:\/\/agropecuariafenix.com.br\/index.php\/produto\/granplus-gourmet-gatos-adultos-castrados-ovelha-e-arroz-individual-10kg\/\" \/>\n<meta property=\"og:locale\" content=\"pt_BR\" \/>\n<meta property=\"og:type\" content=\"article\" \/>\n<meta property=\"og:title\" content=\"Granplus Gourmet Gatos Adultos Castrados Ovelha E Arroz Individual 10Kg - Agropecu\u00e1ria Fenix\" \/>\n<meta property=\"og:description\" content=\"&#8211; Alimento conservado com antioxidantes naturais; &#8211; Possui ingredientes nobres e prote\u00edna de alta qualidade, atendendo a paladares exigentes; &#8211; Com L-carnitina e teores reduzidos de gorduras e calorias; &#8211; Minerais balanceados que ajudam noa controle do pH urin\u00e1rio; &#8211; Cont\u00e9m amino\u00e1cidos essenciais e rico em taurina,que contribuem para a sa\u00fade da pelagem, pele, cora\u00e7\u00e3o e vis\u00e3o; &#8211; Embalagem de 1 Kg e 3 Kg: sistema abre e fecha promovendo mais sabor, frescor e maior conserva\u00e7\u00e3o; Este produto possui Satisfa\u00e7\u00e3o Garantida. Saiba mais abaixo na descri\u00e7\u00e3o.\" \/>\n<meta property=\"og:url\" content=\"https:\/\/agropecuariafenix.com.br\/index.php\/produto\/granplus-gourmet-gatos-adultos-castrados-ovelha-e-arroz-individual-10kg\/\" \/>\n<meta property=\"og:site_name\" content=\"Agropecu\u00e1ria Fenix\" \/>\n<meta property=\"article:publisher\" content=\"https:\/\/web.facebook.com\/agropecuariafenixjau\" \/>\n<meta property=\"article:modified_time\" content=\"2025-10-14T14:55:37+00:00\" \/>\n<meta property=\"og:image\" content=\"https:\/\/agropecuariafenix.com.br\/wp-content\/uploads\/2025\/01\/Granplus-Gourmet-Gatos-Adultos-Castrados-Ovelha-E-Arroz-Individual-10Kg-351891830.jpg\" \/>\n\t<meta property=\"og:image:width\" content=\"1000\" \/>\n\t<meta property=\"og:image:height\" content=\"1000\" \/>\n\t<meta property=\"og:image:type\" content=\"image\/jpeg\" \/>\n<meta name=\"twitter:card\" content=\"summary_large_image\" \/>\n<meta name=\"twitter:label1\" content=\"Est. tempo de leitura\" \/>\n\t<meta name=\"twitter:data1\" content=\"2 minutos\" \/>\n<script type=\"application\/ld+json\" class=\"yoast-schema-graph\">{\"@context\":\"https:\/\/schema.org\",\"@graph\":[{\"@type\":\"WebPage\",\"@id\":\"https:\/\/agropecuariafenix.com.br\/index.php\/produto\/granplus-gourmet-gatos-adultos-castrados-ovelha-e-arroz-individual-10kg\/\",\"url\":\"https:\/\/agropecuariafenix.com.br\/index.php\/produto\/granplus-gourmet-gatos-adultos-castrados-ovelha-e-arroz-individual-10kg\/\",\"name\":\"Granplus Gourmet Gatos Adultos Castrados Ovelha E Arroz Individual 10Kg - Agropecu\u00e1ria Fenix\",\"isPartOf\":{\"@id\":\"https:\/\/agropecuariafenix.com.br\/#website\"},\"primaryImageOfPage\":{\"@id\":\"https:\/\/agropecuariafenix.com.br\/index.php\/produto\/granplus-gourmet-gatos-adultos-castrados-ovelha-e-arroz-individual-10kg\/#primaryimage\"},\"image\":{\"@id\":\"https:\/\/agropecuariafenix.com.br\/index.php\/produto\/granplus-gourmet-gatos-adultos-castrados-ovelha-e-arroz-individual-10kg\/#primaryimage\"},\"thumbnailUrl\":\"https:\/\/agropecuariafenix.com.br\/wp-content\/uploads\/2025\/01\/Granplus-Gourmet-Gatos-Adultos-Castrados-Ovelha-E-Arroz-Individual-10Kg-351891830.jpg\",\"datePublished\":\"2022-03-24T14:04:18+00:00\",\"dateModified\":\"2025-10-14T14:55:37+00:00\",\"breadcrumb\":{\"@id\":\"https:\/\/agropecuariafenix.com.br\/index.php\/produto\/granplus-gourmet-gatos-adultos-castrados-ovelha-e-arroz-individual-10kg\/#breadcrumb\"},\"inLanguage\":\"pt-BR\",\"potentialAction\":[{\"@type\":\"ReadAction\",\"target\":[\"https:\/\/agropecuariafenix.com.br\/index.php\/produto\/granplus-gourmet-gatos-adultos-castrados-ovelha-e-arroz-individual-10kg\/\"]}]},{\"@type\":\"ImageObject\",\"inLanguage\":\"pt-BR\",\"@id\":\"https:\/\/agropecuariafenix.com.br\/index.php\/produto\/granplus-gourmet-gatos-adultos-castrados-ovelha-e-arroz-individual-10kg\/#primaryimage\",\"url\":\"https:\/\/agropecuariafenix.com.br\/wp-content\/uploads\/2025\/01\/Granplus-Gourmet-Gatos-Adultos-Castrados-Ovelha-E-Arroz-Individual-10Kg-351891830.jpg\",\"contentUrl\":\"https:\/\/agropecuariafenix.com.br\/wp-content\/uploads\/2025\/01\/Granplus-Gourmet-Gatos-Adultos-Castrados-Ovelha-E-Arroz-Individual-10Kg-351891830.jpg\",\"width\":1000,\"height\":1000,\"caption\":\"Granplus Gourmet Gatos Adultos Castrados Ovelha E Arroz Individual 10Kg\"},{\"@type\":\"BreadcrumbList\",\"@id\":\"https:\/\/agropecuariafenix.com.br\/index.php\/produto\/granplus-gourmet-gatos-adultos-castrados-ovelha-e-arroz-individual-10kg\/#breadcrumb\",\"itemListElement\":[{\"@type\":\"ListItem\",\"position\":1,\"name\":\"In\u00edcio\",\"item\":\"https:\/\/agropecuariafenix.com.br\/\"},{\"@type\":\"ListItem\",\"position\":2,\"name\":\"Todos os produtos\",\"item\":\"https:\/\/agropecuariafenix.com.br\/index.php\/loja\/\"},{\"@type\":\"ListItem\",\"position\":3,\"name\":\"Granplus Gourmet Gatos Adultos Castrados Ovelha E Arroz Individual 10Kg\"}]},{\"@type\":\"WebSite\",\"@id\":\"https:\/\/agropecuariafenix.com.br\/#website\",\"url\":\"https:\/\/agropecuariafenix.com.br\/\",\"name\":\"Agropecu\u00e1ria Fenix\",\"description\":\"Agropecu\u00e1ria F\u00eanix Pet - Ra\u00e7\u00f5es \/ Medicamentos Pet \/ Cl\u00ednica Veterin\u00e1ria \/ Banho e Tosa \/ Cachorro \/\u00a0Gato\u00a0\/\u00a0P\u00e1ssaros\",\"publisher\":{\"@id\":\"https:\/\/agropecuariafenix.com.br\/#organization\"},\"alternateName\":\"Agropecu\u00e1ria Fenix\",\"potentialAction\":[{\"@type\":\"SearchAction\",\"target\":{\"@type\":\"EntryPoint\",\"urlTemplate\":\"https:\/\/agropecuariafenix.com.br\/?s={search_term_string}\"},\"query-input\":{\"@type\":\"PropertyValueSpecification\",\"valueRequired\":true,\"valueName\":\"search_term_string\"}}],\"inLanguage\":\"pt-BR\"},{\"@type\":\"Organization\",\"@id\":\"https:\/\/agropecuariafenix.com.br\/#organization\",\"name\":\"Agropecu\u00e1ria Fenix\",\"alternateName\":\"Agropecu\u00e1ria Fenix\",\"url\":\"https:\/\/agropecuariafenix.com.br\/\",\"logo\":{\"@type\":\"ImageObject\",\"inLanguage\":\"pt-BR\",\"@id\":\"https:\/\/agropecuariafenix.com.br\/#\/schema\/logo\/image\/\",\"url\":\"https:\/\/agropecuariafenix.com.br\/wp-content\/uploads\/2023\/08\/logo_fenix3-Copy.png\",\"contentUrl\":\"https:\/\/agropecuariafenix.com.br\/wp-content\/uploads\/2023\/08\/logo_fenix3-Copy.png\",\"width\":500,\"height\":500,\"caption\":\"Agropecu\u00e1ria Fenix\"},\"image\":{\"@id\":\"https:\/\/agropecuariafenix.com.br\/#\/schema\/logo\/image\/\"},\"sameAs\":[\"https:\/\/web.facebook.com\/agropecuariafenixjau\",\"https:\/\/www.instagram.com\/agropecuaria_fenix_jau\/\"]}]}<\/script>\n<!-- \/ Yoast SEO plugin. -->","yoast_head_json":{"title":"Granplus Gourmet Gatos Adultos Castrados Ovelha E Arroz Individual 10Kg - Agropecu\u00e1ria Fenix","robots":{"index":"index","follow":"follow","max-snippet":"max-snippet:-1","max-image-preview":"max-image-preview:large","max-video-preview":"max-video-preview:-1"},"canonical":"https:\/\/agropecuariafenix.com.br\/index.php\/produto\/granplus-gourmet-gatos-adultos-castrados-ovelha-e-arroz-individual-10kg\/","og_locale":"pt_BR","og_type":"article","og_title":"Granplus Gourmet Gatos Adultos Castrados Ovelha E Arroz Individual 10Kg - Agropecu\u00e1ria Fenix","og_description":"&#8211; Alimento conservado com antioxidantes naturais; &#8211; Possui ingredientes nobres e prote\u00edna de alta qualidade, atendendo a paladares exigentes; &#8211; Com L-carnitina e teores reduzidos de gorduras e calorias; &#8211; Minerais balanceados que ajudam noa controle do pH urin\u00e1rio; &#8211; Cont\u00e9m amino\u00e1cidos essenciais e rico em taurina,que contribuem para a sa\u00fade da pelagem, pele, cora\u00e7\u00e3o e vis\u00e3o; &#8211; Embalagem de 1 Kg e 3 Kg: sistema abre e fecha promovendo mais sabor, frescor e maior conserva\u00e7\u00e3o; Este produto possui Satisfa\u00e7\u00e3o Garantida. Saiba mais abaixo na descri\u00e7\u00e3o.","og_url":"https:\/\/agropecuariafenix.com.br\/index.php\/produto\/granplus-gourmet-gatos-adultos-castrados-ovelha-e-arroz-individual-10kg\/","og_site_name":"Agropecu\u00e1ria Fenix","article_publisher":"https:\/\/web.facebook.com\/agropecuariafenixjau","article_modified_time":"2025-10-14T14:55:37+00:00","og_image":[{"width":1000,"height":1000,"url":"https:\/\/agropecuariafenix.com.br\/wp-content\/uploads\/2025\/01\/Granplus-Gourmet-Gatos-Adultos-Castrados-Ovelha-E-Arroz-Individual-10Kg-351891830.jpg","type":"image\/jpeg"}],"twitter_card":"summary_large_image","twitter_misc":{"Est. tempo de leitura":"2 minutos"},"schema":{"@context":"https:\/\/schema.org","@graph":[{"@type":"WebPage","@id":"https:\/\/agropecuariafenix.com.br\/index.php\/produto\/granplus-gourmet-gatos-adultos-castrados-ovelha-e-arroz-individual-10kg\/","url":"https:\/\/agropecuariafenix.com.br\/index.php\/produto\/granplus-gourmet-gatos-adultos-castrados-ovelha-e-arroz-individual-10kg\/","name":"Granplus Gourmet Gatos Adultos Castrados Ovelha E Arroz Individual 10Kg - Agropecu\u00e1ria Fenix","isPartOf":{"@id":"https:\/\/agropecuariafenix.com.br\/#website"},"primaryImageOfPage":{"@id":"https:\/\/agropecuariafenix.com.br\/index.php\/produto\/granplus-gourmet-gatos-adultos-castrados-ovelha-e-arroz-individual-10kg\/#primaryimage"},"image":{"@id":"https:\/\/agropecuariafenix.com.br\/index.php\/produto\/granplus-gourmet-gatos-adultos-castrados-ovelha-e-arroz-individual-10kg\/#primaryimage"},"thumbnailUrl":"https:\/\/agropecuariafenix.com.br\/wp-content\/uploads\/2025\/01\/Granplus-Gourmet-Gatos-Adultos-Castrados-Ovelha-E-Arroz-Individual-10Kg-351891830.jpg","datePublished":"2022-03-24T14:04:18+00:00","dateModified":"2025-10-14T14:55:37+00:00","breadcrumb":{"@id":"https:\/\/agropecuariafenix.com.br\/index.php\/produto\/granplus-gourmet-gatos-adultos-castrados-ovelha-e-arroz-individual-10kg\/#breadcrumb"},"inLanguage":"pt-BR","potentialAction":[{"@type":"ReadAction","target":["https:\/\/agropecuariafenix.com.br\/index.php\/produto\/granplus-gourmet-gatos-adultos-castrados-ovelha-e-arroz-individual-10kg\/"]}]},{"@type":"ImageObject","inLanguage":"pt-BR","@id":"https:\/\/agropecuariafenix.com.br\/index.php\/produto\/granplus-gourmet-gatos-adultos-castrados-ovelha-e-arroz-individual-10kg\/#primaryimage","url":"https:\/\/agropecuariafenix.com.br\/wp-content\/uploads\/2025\/01\/Granplus-Gourmet-Gatos-Adultos-Castrados-Ovelha-E-Arroz-Individual-10Kg-351891830.jpg","contentUrl":"https:\/\/agropecuariafenix.com.br\/wp-content\/uploads\/2025\/01\/Granplus-Gourmet-Gatos-Adultos-Castrados-Ovelha-E-Arroz-Individual-10Kg-351891830.jpg","width":1000,"height":1000,"caption":"Granplus Gourmet Gatos Adultos Castrados Ovelha E Arroz Individual 10Kg"},{"@type":"BreadcrumbList","@id":"https:\/\/agropecuariafenix.com.br\/index.php\/produto\/granplus-gourmet-gatos-adultos-castrados-ovelha-e-arroz-individual-10kg\/#breadcrumb","itemListElement":[{"@type":"ListItem","position":1,"name":"In\u00edcio","item":"https:\/\/agropecuariafenix.com.br\/"},{"@type":"ListItem","position":2,"name":"Todos os produtos","item":"https:\/\/agropecuariafenix.com.br\/index.php\/loja\/"},{"@type":"ListItem","position":3,"name":"Granplus Gourmet Gatos Adultos Castrados Ovelha E Arroz Individual 10Kg"}]},{"@type":"WebSite","@id":"https:\/\/agropecuariafenix.com.br\/#website","url":"https:\/\/agropecuariafenix.com.br\/","name":"Agropecu\u00e1ria Fenix","description":"Agropecu\u00e1ria F\u00eanix Pet - Ra\u00e7\u00f5es \/ Medicamentos Pet \/ Cl\u00ednica Veterin\u00e1ria \/ Banho e Tosa \/ Cachorro \/\u00a0Gato\u00a0\/\u00a0P\u00e1ssaros","publisher":{"@id":"https:\/\/agropecuariafenix.com.br\/#organization"},"alternateName":"Agropecu\u00e1ria Fenix","potentialAction":[{"@type":"SearchAction","target":{"@type":"EntryPoint","urlTemplate":"https:\/\/agropecuariafenix.com.br\/?s={search_term_string}"},"query-input":{"@type":"PropertyValueSpecification","valueRequired":true,"valueName":"search_term_string"}}],"inLanguage":"pt-BR"},{"@type":"Organization","@id":"https:\/\/agropecuariafenix.com.br\/#organization","name":"Agropecu\u00e1ria Fenix","alternateName":"Agropecu\u00e1ria Fenix","url":"https:\/\/agropecuariafenix.com.br\/","logo":{"@type":"ImageObject","inLanguage":"pt-BR","@id":"https:\/\/agropecuariafenix.com.br\/#\/schema\/logo\/image\/","url":"https:\/\/agropecuariafenix.com.br\/wp-content\/uploads\/2023\/08\/logo_fenix3-Copy.png","contentUrl":"https:\/\/agropecuariafenix.com.br\/wp-content\/uploads\/2023\/08\/logo_fenix3-Copy.png","width":500,"height":500,"caption":"Agropecu\u00e1ria Fenix"},"image":{"@id":"https:\/\/agropecuariafenix.com.br\/#\/schema\/logo\/image\/"},"sameAs":["https:\/\/web.facebook.com\/agropecuariafenixjau","https:\/\/www.instagram.com\/agropecuaria_fenix_jau\/"]}]}},"_links":{"self":[{"href":"https:\/\/agropecuariafenix.com.br\/index.php\/wp-json\/wp\/v2\/product\/24241","targetHints":{"allow":["GET"]}}],"collection":[{"href":"https:\/\/agropecuariafenix.com.br\/index.php\/wp-json\/wp\/v2\/product"}],"about":[{"href":"https:\/\/agropecuariafenix.com.br\/index.php\/wp-json\/wp\/v2\/types\/product"}],"replies":[{"embeddable":true,"href":"https:\/\/agropecuariafenix.com.br\/index.php\/wp-json\/wp\/v2\/comments?post=24241"}],"version-history":[{"count":3,"href":"https:\/\/agropecuariafenix.com.br\/index.php\/wp-json\/wp\/v2\/product\/24241\/revisions"}],"predecessor-version":[{"id":28585,"href":"https:\/\/agropecuariafenix.com.br\/index.php\/wp-json\/wp\/v2\/product\/24241\/revisions\/28585"}],"wp:featuredmedia":[{"embeddable":true,"href":"https:\/\/agropecuariafenix.com.br\/index.php\/wp-json\/wp\/v2\/media\/27103"}],"wp:attachment":[{"href":"https:\/\/agropecuariafenix.com.br\/index.php\/wp-json\/wp\/v2\/media?parent=24241"}],"wp:term":[{"taxonomy":"product_brand","embeddable":true,"href":"https:\/\/agropecuariafenix.com.br\/index.php\/wp-json\/wp\/v2\/product_brand?post=24241"},{"taxonomy":"product_cat","embeddable":true,"href":"https:\/\/agropecuariafenix.com.br\/index.php\/wp-json\/wp\/v2\/product_cat?post=24241"},{"taxonomy":"product_tag","embeddable":true,"href":"https:\/\/agropecuariafenix.com.br\/index.php\/wp-json\/wp\/v2\/product_tag?post=24241"}],"curies":[{"name":"wp","href":"https:\/\/api.w.org\/{rel}","templated":true}]}}