{"id":24194,"date":"2022-03-24T08:37:32","date_gmt":"2022-03-24T11:37:32","guid":{"rendered":"https:\/\/agropecuariafenix.com.br\/index.php\/produto\/granplus-gatos-adultos-salmao-e-arroz-10kg\/"},"modified":"2025-10-28T12:02:26","modified_gmt":"2025-10-28T15:02:26","slug":"granplus-gatos-adultos-salmao-e-arroz-101kg","status":"publish","type":"product","link":"https:\/\/agropecuariafenix.com.br\/index.php\/produto\/granplus-gatos-adultos-salmao-e-arroz-101kg\/","title":{"rendered":"Granplus Gatos Adultos Salm\u00e3o E Arroz 10,1Kg"},"content":{"rendered":"<p>Composi\u00e7\u00e3o<br \/>\nComposi\u00e7\u00e3o qualitativa Farinha de Salm\u00e3o, Carne Mecanicamente Separada de Frango, F\u00edgado de Frango, Farinha de V\u00edsceras de Frango, Arroz Quebrado, Milho, Farinha de Prote\u00edna Isolada de Su\u00edno (Farinha de Torresmo), Gordura Animal, Gl\u00faten de Milho-60, Levedura Seca de Cervejaria, \u00d3leo de Peixe, Polpa de Beterraba, \u00d3leo Vegetal, Hidrolisado de F\u00edgado, Cloreto de S\u00f3dio, Carbonato de C\u00e1lcio, Cloreto de Pot\u00e1ssio, Hexametafosfato de S\u00f3dio, \u00c1cido F\u00f3sf\u00f3rico, Antioxidantes (BHT, BHA), Propionato de C\u00e1lcio, Glucanos, Sorbato de Pot\u00e1ssio, Prebi\u00f3ticos (Mannan-Oligossacar\u00eddeos, Inulina), Taurina, Lisina, Metionina, Vitaminas (A, D3, E, K, C, B1, B2, B6, B12, \u00c1cido Pantot\u00eanico, \u00c1cido F\u00f3lico, Niacina, Biotina, Cloreto de Colina), Minerais (Sulfato de Zinco, Sulfato Ferroso, Sulfato de Mangan\u00eas, Iodato de C\u00e1lcio, Selenito de S\u00f3dio), Minerais Quelatados (Mangan\u00eas, Sel\u00eanio, Zinco, Cobre). Enriquecimento Vitamina A 18000UI, Vitamina D3 1000UI, Vitamina E 150UI, Vitamina K 0,5mg, Vitamina C 80mg, Vitamina B1 5mg, Vitamina B2 5mg, Vitamina B6 4mg, Vitamina B12 20\u03bcg, \u00c1cido Pantot\u00eanico 5mg, \u00c1cido F\u00f3lico 0,8mg, Niacina 60mg, Biotina 0,07mg, Colina 2400mg, Zinco 100mg, Ferro 100mg, Mangan\u00eas 85mg, Iodo 0,6mg, Sel\u00eanio 0,4mg, Cobre 6mg.<\/p>\n<p>A Ra\u00e7\u00e3o GranPlus Salm\u00e3o e Arroz para Gatos Adultos \u00e9 indicada para gatos adultos que vivem em ambientes internos, com ingredientes selecionados e um correto processamento para satisfazer o exigente paladar dos gatos.<\/p>\n<p>Solicita\u00e7\u00f5es referentes \u00e0 Garantia de Satisfa\u00e7\u00e3o devem ser encaminhadas diretamente para o fabricante por meio do telefone 0800 016 9090. Para mais informa\u00e7\u00f5es acesse: https:\/\/granplus.com.br\/100-satisfacao\/<\/p>\n","protected":false},"excerpt":{"rendered":"<p>Descri\u00e7\u00e3o<\/p>\n<p>&#8211; Indicada para gatos;<br \/>\n&#8211; Alimenta\u00e7\u00e3o completa e balanceada;<br \/>\n&#8211; Livre de conservantes artificiais;<br \/>\n&#8211; Proporciona maior sa\u00fade para o trato urin\u00e1rio;<br \/>\n&#8211; Com fonte rica em \u00f4mega 3,<br \/>\n&#8211; Dispon\u00edvel em embalagens de 1 kg, 3 kg, 10 kg e *10\/1kg (pacotes individuais de 1kg).<\/p>\n","protected":false},"featured_media":27119,"comment_status":"open","ping_status":"closed","template":"","meta":[],"product_brand":[],"product_cat":[1705,80],"product_tag":[1119,403,119,76,78,1704,209,909,239],"class_list":{"0":"post-24194","1":"product","2":"type-product","3":"status-publish","4":"has-post-thumbnail","6":"product_cat-gato","7":"product_cat-racoes","8":"product_tag-101kg-2","9":"product_tag-101kg","10":"product_tag-10kg","11":"product_tag-adultos","12":"product_tag-arroz","13":"product_tag-gato","14":"product_tag-gatos","15":"product_tag-granplus","16":"product_tag-salmao","18":"first","19":"instock","20":"shipping-taxable","21":"purchasable","22":"product-type-simple"},"yoast_head":"<!-- This site is optimized with the Yoast SEO plugin v27.6 - https:\/\/yoast.com\/product\/yoast-seo-wordpress\/ -->\n<title>Granplus Gatos Adultos Salm\u00e3o E Arroz 10,1Kg - Agropecu\u00e1ria Fenix<\/title>\n<meta name=\"robots\" content=\"index, follow, max-snippet:-1, max-image-preview:large, max-video-preview:-1\" \/>\n<link rel=\"canonical\" href=\"https:\/\/agropecuariafenix.com.br\/index.php\/produto\/granplus-gatos-adultos-salmao-e-arroz-101kg\/\" \/>\n<meta property=\"og:locale\" content=\"pt_BR\" \/>\n<meta property=\"og:type\" content=\"article\" \/>\n<meta property=\"og:title\" content=\"Granplus Gatos Adultos Salm\u00e3o E Arroz 10,1Kg - Agropecu\u00e1ria Fenix\" \/>\n<meta property=\"og:description\" content=\"Descri\u00e7\u00e3o &#8211; Indicada para gatos; &#8211; Alimenta\u00e7\u00e3o completa e balanceada; &#8211; Livre de conservantes artificiais; &#8211; Proporciona maior sa\u00fade para o trato urin\u00e1rio; &#8211; Com fonte rica em \u00f4mega 3, &#8211; Dispon\u00edvel em embalagens de 1 kg, 3 kg, 10 kg e *10\/1kg (pacotes individuais de 1kg).\" \/>\n<meta property=\"og:url\" content=\"https:\/\/agropecuariafenix.com.br\/index.php\/produto\/granplus-gatos-adultos-salmao-e-arroz-101kg\/\" \/>\n<meta property=\"og:site_name\" content=\"Agropecu\u00e1ria Fenix\" \/>\n<meta property=\"article:publisher\" content=\"https:\/\/web.facebook.com\/agropecuariafenixjau\" \/>\n<meta property=\"article:modified_time\" content=\"2025-10-28T15:02:26+00:00\" \/>\n<meta property=\"og:image\" content=\"https:\/\/agropecuariafenix.com.br\/wp-content\/uploads\/2025\/01\/Granplus-Gatos-Adultos-Salmo-E-Arroz-101Kg-1724502155.jpg\" \/>\n\t<meta property=\"og:image:width\" content=\"1000\" \/>\n\t<meta property=\"og:image:height\" content=\"1000\" \/>\n\t<meta property=\"og:image:type\" content=\"image\/jpeg\" \/>\n<meta name=\"twitter:card\" content=\"summary_large_image\" \/>\n<meta name=\"twitter:label1\" content=\"Est. tempo de leitura\" \/>\n\t<meta name=\"twitter:data1\" content=\"1 minuto\" \/>\n<script type=\"application\/ld+json\" class=\"yoast-schema-graph\">{\"@context\":\"https:\\\/\\\/schema.org\",\"@graph\":[{\"@type\":\"WebPage\",\"@id\":\"https:\\\/\\\/agropecuariafenix.com.br\\\/index.php\\\/produto\\\/granplus-gatos-adultos-salmao-e-arroz-101kg\\\/\",\"url\":\"https:\\\/\\\/agropecuariafenix.com.br\\\/index.php\\\/produto\\\/granplus-gatos-adultos-salmao-e-arroz-101kg\\\/\",\"name\":\"Granplus Gatos Adultos Salm\u00e3o E Arroz 10,1Kg - Agropecu\u00e1ria Fenix\",\"isPartOf\":{\"@id\":\"https:\\\/\\\/agropecuariafenix.com.br\\\/#website\"},\"primaryImageOfPage\":{\"@id\":\"https:\\\/\\\/agropecuariafenix.com.br\\\/index.php\\\/produto\\\/granplus-gatos-adultos-salmao-e-arroz-101kg\\\/#primaryimage\"},\"image\":{\"@id\":\"https:\\\/\\\/agropecuariafenix.com.br\\\/index.php\\\/produto\\\/granplus-gatos-adultos-salmao-e-arroz-101kg\\\/#primaryimage\"},\"thumbnailUrl\":\"https:\\\/\\\/agropecuariafenix.com.br\\\/wp-content\\\/uploads\\\/2025\\\/01\\\/Granplus-Gatos-Adultos-Salmo-E-Arroz-101Kg-1724502155.jpg\",\"datePublished\":\"2022-03-24T11:37:32+00:00\",\"dateModified\":\"2025-10-28T15:02:26+00:00\",\"breadcrumb\":{\"@id\":\"https:\\\/\\\/agropecuariafenix.com.br\\\/index.php\\\/produto\\\/granplus-gatos-adultos-salmao-e-arroz-101kg\\\/#breadcrumb\"},\"inLanguage\":\"pt-BR\",\"potentialAction\":[{\"@type\":\"ReadAction\",\"target\":[\"https:\\\/\\\/agropecuariafenix.com.br\\\/index.php\\\/produto\\\/granplus-gatos-adultos-salmao-e-arroz-101kg\\\/\"]}]},{\"@type\":\"ImageObject\",\"inLanguage\":\"pt-BR\",\"@id\":\"https:\\\/\\\/agropecuariafenix.com.br\\\/index.php\\\/produto\\\/granplus-gatos-adultos-salmao-e-arroz-101kg\\\/#primaryimage\",\"url\":\"https:\\\/\\\/agropecuariafenix.com.br\\\/wp-content\\\/uploads\\\/2025\\\/01\\\/Granplus-Gatos-Adultos-Salmo-E-Arroz-101Kg-1724502155.jpg\",\"contentUrl\":\"https:\\\/\\\/agropecuariafenix.com.br\\\/wp-content\\\/uploads\\\/2025\\\/01\\\/Granplus-Gatos-Adultos-Salmo-E-Arroz-101Kg-1724502155.jpg\",\"width\":1000,\"height\":1000,\"caption\":\"Granplus Gatos Adultos Salm\u00e3o E Arroz 10,1Kg\"},{\"@type\":\"BreadcrumbList\",\"@id\":\"https:\\\/\\\/agropecuariafenix.com.br\\\/index.php\\\/produto\\\/granplus-gatos-adultos-salmao-e-arroz-101kg\\\/#breadcrumb\",\"itemListElement\":[{\"@type\":\"ListItem\",\"position\":1,\"name\":\"In\u00edcio\",\"item\":\"https:\\\/\\\/agropecuariafenix.com.br\\\/\"},{\"@type\":\"ListItem\",\"position\":2,\"name\":\"Todos os produtos\",\"item\":\"https:\\\/\\\/agropecuariafenix.com.br\\\/index.php\\\/loja\\\/\"},{\"@type\":\"ListItem\",\"position\":3,\"name\":\"Granplus Gatos Adultos Salm\u00e3o E Arroz 10,1Kg\"}]},{\"@type\":\"WebSite\",\"@id\":\"https:\\\/\\\/agropecuariafenix.com.br\\\/#website\",\"url\":\"https:\\\/\\\/agropecuariafenix.com.br\\\/\",\"name\":\"Agropecu\u00e1ria Fenix\",\"description\":\"Agropecu\u00e1ria F\u00eanix Pet - Ra\u00e7\u00f5es \\\/ Medicamentos Pet \\\/ Cl\u00ednica Veterin\u00e1ria \\\/ Banho e Tosa \\\/ Cachorro \\\/\u00a0Gato\u00a0\\\/\u00a0P\u00e1ssaros\",\"publisher\":{\"@id\":\"https:\\\/\\\/agropecuariafenix.com.br\\\/#organization\"},\"alternateName\":\"Agropecu\u00e1ria Fenix\",\"potentialAction\":[{\"@type\":\"SearchAction\",\"target\":{\"@type\":\"EntryPoint\",\"urlTemplate\":\"https:\\\/\\\/agropecuariafenix.com.br\\\/?s={search_term_string}\"},\"query-input\":{\"@type\":\"PropertyValueSpecification\",\"valueRequired\":true,\"valueName\":\"search_term_string\"}}],\"inLanguage\":\"pt-BR\"},{\"@type\":\"Organization\",\"@id\":\"https:\\\/\\\/agropecuariafenix.com.br\\\/#organization\",\"name\":\"Agropecu\u00e1ria Fenix\",\"alternateName\":\"Agropecu\u00e1ria Fenix\",\"url\":\"https:\\\/\\\/agropecuariafenix.com.br\\\/\",\"logo\":{\"@type\":\"ImageObject\",\"inLanguage\":\"pt-BR\",\"@id\":\"https:\\\/\\\/agropecuariafenix.com.br\\\/#\\\/schema\\\/logo\\\/image\\\/\",\"url\":\"https:\\\/\\\/agropecuariafenix.com.br\\\/wp-content\\\/uploads\\\/2023\\\/08\\\/logo_fenix3-Copy.png\",\"contentUrl\":\"https:\\\/\\\/agropecuariafenix.com.br\\\/wp-content\\\/uploads\\\/2023\\\/08\\\/logo_fenix3-Copy.png\",\"width\":500,\"height\":500,\"caption\":\"Agropecu\u00e1ria Fenix\"},\"image\":{\"@id\":\"https:\\\/\\\/agropecuariafenix.com.br\\\/#\\\/schema\\\/logo\\\/image\\\/\"},\"sameAs\":[\"https:\\\/\\\/web.facebook.com\\\/agropecuariafenixjau\",\"https:\\\/\\\/www.instagram.com\\\/agropecuaria_fenix_jau\\\/\"]}]}<\/script>\n<!-- \/ Yoast SEO plugin. -->","yoast_head_json":{"title":"Granplus Gatos Adultos Salm\u00e3o E Arroz 10,1Kg - Agropecu\u00e1ria Fenix","robots":{"index":"index","follow":"follow","max-snippet":"max-snippet:-1","max-image-preview":"max-image-preview:large","max-video-preview":"max-video-preview:-1"},"canonical":"https:\/\/agropecuariafenix.com.br\/index.php\/produto\/granplus-gatos-adultos-salmao-e-arroz-101kg\/","og_locale":"pt_BR","og_type":"article","og_title":"Granplus Gatos Adultos Salm\u00e3o E Arroz 10,1Kg - Agropecu\u00e1ria Fenix","og_description":"Descri\u00e7\u00e3o &#8211; Indicada para gatos; &#8211; Alimenta\u00e7\u00e3o completa e balanceada; &#8211; Livre de conservantes artificiais; &#8211; Proporciona maior sa\u00fade para o trato urin\u00e1rio; &#8211; Com fonte rica em \u00f4mega 3, &#8211; Dispon\u00edvel em embalagens de 1 kg, 3 kg, 10 kg e *10\/1kg (pacotes individuais de 1kg).","og_url":"https:\/\/agropecuariafenix.com.br\/index.php\/produto\/granplus-gatos-adultos-salmao-e-arroz-101kg\/","og_site_name":"Agropecu\u00e1ria Fenix","article_publisher":"https:\/\/web.facebook.com\/agropecuariafenixjau","article_modified_time":"2025-10-28T15:02:26+00:00","og_image":[{"width":1000,"height":1000,"url":"https:\/\/agropecuariafenix.com.br\/wp-content\/uploads\/2025\/01\/Granplus-Gatos-Adultos-Salmo-E-Arroz-101Kg-1724502155.jpg","type":"image\/jpeg"}],"twitter_card":"summary_large_image","twitter_misc":{"Est. tempo de leitura":"1 minuto"},"schema":{"@context":"https:\/\/schema.org","@graph":[{"@type":"WebPage","@id":"https:\/\/agropecuariafenix.com.br\/index.php\/produto\/granplus-gatos-adultos-salmao-e-arroz-101kg\/","url":"https:\/\/agropecuariafenix.com.br\/index.php\/produto\/granplus-gatos-adultos-salmao-e-arroz-101kg\/","name":"Granplus Gatos Adultos Salm\u00e3o E Arroz 10,1Kg - Agropecu\u00e1ria Fenix","isPartOf":{"@id":"https:\/\/agropecuariafenix.com.br\/#website"},"primaryImageOfPage":{"@id":"https:\/\/agropecuariafenix.com.br\/index.php\/produto\/granplus-gatos-adultos-salmao-e-arroz-101kg\/#primaryimage"},"image":{"@id":"https:\/\/agropecuariafenix.com.br\/index.php\/produto\/granplus-gatos-adultos-salmao-e-arroz-101kg\/#primaryimage"},"thumbnailUrl":"https:\/\/agropecuariafenix.com.br\/wp-content\/uploads\/2025\/01\/Granplus-Gatos-Adultos-Salmo-E-Arroz-101Kg-1724502155.jpg","datePublished":"2022-03-24T11:37:32+00:00","dateModified":"2025-10-28T15:02:26+00:00","breadcrumb":{"@id":"https:\/\/agropecuariafenix.com.br\/index.php\/produto\/granplus-gatos-adultos-salmao-e-arroz-101kg\/#breadcrumb"},"inLanguage":"pt-BR","potentialAction":[{"@type":"ReadAction","target":["https:\/\/agropecuariafenix.com.br\/index.php\/produto\/granplus-gatos-adultos-salmao-e-arroz-101kg\/"]}]},{"@type":"ImageObject","inLanguage":"pt-BR","@id":"https:\/\/agropecuariafenix.com.br\/index.php\/produto\/granplus-gatos-adultos-salmao-e-arroz-101kg\/#primaryimage","url":"https:\/\/agropecuariafenix.com.br\/wp-content\/uploads\/2025\/01\/Granplus-Gatos-Adultos-Salmo-E-Arroz-101Kg-1724502155.jpg","contentUrl":"https:\/\/agropecuariafenix.com.br\/wp-content\/uploads\/2025\/01\/Granplus-Gatos-Adultos-Salmo-E-Arroz-101Kg-1724502155.jpg","width":1000,"height":1000,"caption":"Granplus Gatos Adultos Salm\u00e3o E Arroz 10,1Kg"},{"@type":"BreadcrumbList","@id":"https:\/\/agropecuariafenix.com.br\/index.php\/produto\/granplus-gatos-adultos-salmao-e-arroz-101kg\/#breadcrumb","itemListElement":[{"@type":"ListItem","position":1,"name":"In\u00edcio","item":"https:\/\/agropecuariafenix.com.br\/"},{"@type":"ListItem","position":2,"name":"Todos os produtos","item":"https:\/\/agropecuariafenix.com.br\/index.php\/loja\/"},{"@type":"ListItem","position":3,"name":"Granplus Gatos Adultos Salm\u00e3o E Arroz 10,1Kg"}]},{"@type":"WebSite","@id":"https:\/\/agropecuariafenix.com.br\/#website","url":"https:\/\/agropecuariafenix.com.br\/","name":"Agropecu\u00e1ria Fenix","description":"Agropecu\u00e1ria F\u00eanix Pet - Ra\u00e7\u00f5es \/ Medicamentos Pet \/ Cl\u00ednica Veterin\u00e1ria \/ Banho e Tosa \/ Cachorro \/\u00a0Gato\u00a0\/\u00a0P\u00e1ssaros","publisher":{"@id":"https:\/\/agropecuariafenix.com.br\/#organization"},"alternateName":"Agropecu\u00e1ria Fenix","potentialAction":[{"@type":"SearchAction","target":{"@type":"EntryPoint","urlTemplate":"https:\/\/agropecuariafenix.com.br\/?s={search_term_string}"},"query-input":{"@type":"PropertyValueSpecification","valueRequired":true,"valueName":"search_term_string"}}],"inLanguage":"pt-BR"},{"@type":"Organization","@id":"https:\/\/agropecuariafenix.com.br\/#organization","name":"Agropecu\u00e1ria Fenix","alternateName":"Agropecu\u00e1ria Fenix","url":"https:\/\/agropecuariafenix.com.br\/","logo":{"@type":"ImageObject","inLanguage":"pt-BR","@id":"https:\/\/agropecuariafenix.com.br\/#\/schema\/logo\/image\/","url":"https:\/\/agropecuariafenix.com.br\/wp-content\/uploads\/2023\/08\/logo_fenix3-Copy.png","contentUrl":"https:\/\/agropecuariafenix.com.br\/wp-content\/uploads\/2023\/08\/logo_fenix3-Copy.png","width":500,"height":500,"caption":"Agropecu\u00e1ria Fenix"},"image":{"@id":"https:\/\/agropecuariafenix.com.br\/#\/schema\/logo\/image\/"},"sameAs":["https:\/\/web.facebook.com\/agropecuariafenixjau","https:\/\/www.instagram.com\/agropecuaria_fenix_jau\/"]}]}},"_links":{"self":[{"href":"https:\/\/agropecuariafenix.com.br\/index.php\/wp-json\/wp\/v2\/product\/24194","targetHints":{"allow":["GET"]}}],"collection":[{"href":"https:\/\/agropecuariafenix.com.br\/index.php\/wp-json\/wp\/v2\/product"}],"about":[{"href":"https:\/\/agropecuariafenix.com.br\/index.php\/wp-json\/wp\/v2\/types\/product"}],"replies":[{"embeddable":true,"href":"https:\/\/agropecuariafenix.com.br\/index.php\/wp-json\/wp\/v2\/comments?post=24194"}],"version-history":[{"count":3,"href":"https:\/\/agropecuariafenix.com.br\/index.php\/wp-json\/wp\/v2\/product\/24194\/revisions"}],"predecessor-version":[{"id":28600,"href":"https:\/\/agropecuariafenix.com.br\/index.php\/wp-json\/wp\/v2\/product\/24194\/revisions\/28600"}],"wp:featuredmedia":[{"embeddable":true,"href":"https:\/\/agropecuariafenix.com.br\/index.php\/wp-json\/wp\/v2\/media\/27119"}],"wp:attachment":[{"href":"https:\/\/agropecuariafenix.com.br\/index.php\/wp-json\/wp\/v2\/media?parent=24194"}],"wp:term":[{"taxonomy":"product_brand","embeddable":true,"href":"https:\/\/agropecuariafenix.com.br\/index.php\/wp-json\/wp\/v2\/product_brand?post=24194"},{"taxonomy":"product_cat","embeddable":true,"href":"https:\/\/agropecuariafenix.com.br\/index.php\/wp-json\/wp\/v2\/product_cat?post=24194"},{"taxonomy":"product_tag","embeddable":true,"href":"https:\/\/agropecuariafenix.com.br\/index.php\/wp-json\/wp\/v2\/product_tag?post=24194"}],"curies":[{"name":"wp","href":"https:\/\/api.w.org\/{rel}","templated":true}]}}