{"id":24002,"date":"2022-03-17T15:50:26","date_gmt":"2022-03-17T18:50:26","guid":{"rendered":"https:\/\/agropecuariafenix.com.br\/index.php\/produto\/granplus-gatos-adultos-castrados-salmao-e-arroz-3kg\/"},"modified":"2025-10-28T13:21:01","modified_gmt":"2025-10-28T16:21:01","slug":"granplus-menu-gatos-adultos-castrados-salmao-e-arroz-3kg","status":"publish","type":"product","link":"https:\/\/agropecuariafenix.com.br\/index.php\/produto\/granplus-menu-gatos-adultos-castrados-salmao-e-arroz-3kg\/","title":{"rendered":"Granplus Menu Gatos Adultos Castrados Salm\u00e3o E Arroz 3Kg"},"content":{"rendered":"<p>N\u00edveis de Garantia<\/p>\n<p>Prote\u00edna Bruta (m\u00edn.) 360g\/kg 36%<br \/>\nExtrato Et\u00e9reo (m\u00edn.) 90g\/kg 9%<br \/>\nUmidade (m\u00e1x.) 100g\/kg 10%<br \/>\nMat\u00e9ria Fibrosa (m\u00e1x.) 50g\/kg 5%<br \/>\nMat\u00e9ria Mineral (m\u00e1x.) 80g\/kg 8%<br \/>\nC\u00e1lcio (m\u00e1x.) 15g\/kg 1,5%<br \/>\nC\u00e1lcio (m\u00edn.) 8000mg\/kg 0,8%<br \/>\nF\u00f3sforo (m\u00edn.) 7000mg\/kg 0,7%<br \/>\nL-Carnitina (m\u00edn) 100mg\/kg<br \/>\nS\u00f3dio (m\u00edn.) 3000mg\/kg<br \/>\nPot\u00e1ssio (m\u00edn. )6000mg\/kg<br \/>\nTaurina (m\u00edn.) 1200mg\/kg<br \/>\nLisina (m\u00edn.) 15g\/kg<br \/>\nMetionina (m\u00edn.) 9000mg\/kg<br \/>\n\u00d4mega 6 (m\u00edn.) 20g\/kg<br \/>\n\u00d4mega 3 (m\u00edn.) 2000mg\/kg<br \/>\nMannan-oligossacar\u00eddeos (m\u00edn.) 1000mg\/kg<br \/>\nInulina (m\u00edn.) 1500mg\/kg<br \/>\nEnergia Metaboliz\u00e1vel (NRC 2006, m\u00edn.) 3390kcal\/kg<\/p>\n<p>Composi\u00e7\u00e3o<br \/>\nFarinha de Salm\u00e3o (m\u00edn. 2%), Carne Mecanicamente Separada de Frango (m\u00edn. 1%), F\u00edgado de Frango, Farinha de V\u00edsceras de Frango, Arroz Quebrado (m\u00edn. 8%), Milho\u00b9, Farinha de Prote\u00edna Isolada de Su\u00edno (Farinha de Torresmo), Gordura Animal, Gl\u00faten de Milho-60, Levedura Seca de Cervejaria, \u00d3leo de Peixe, Polpa de Beterraba, Fibra de Cana de A\u00e7\u00facar, Casca de Soja\u00b2, \u00d3leo Vegetal, Hidrolisado de F\u00edgado, Cloreto de S\u00f3dio, Carbonato de C\u00e1lcio, Cloreto de Pot\u00e1ssio, L-Carnitina (0,01%), \u00c1cido Fosf\u00f3rico, Antioxidantes (BHT, BHA), Propionato de C\u00e1lcio, Glucanos, Sorbato de Pot\u00e1ssio, Prebi\u00f3ticos (Mannan-Oligossacar\u00eddeos, Inulina), Taurina, Lisina, Metionina, Vitaminas (A, D3, E, K, C, B1, B2, B6, B12, \u00c1cido Pantot\u00eanico, \u00c1cido F\u00f3lico, Niacina, Biotina, Cloreto de Colina), Minerais (Sulfato de Zinco, Sulfato Ferroso, Sulfato de Mangan\u00eas, Iodato de C\u00e1lcio, Selenito de S\u00f3dio), Minerais Quelatados (Mangan\u00eas, Sel\u00eanio, Zinco, Cobre).<\/p>\n<p>C\u00f3digo de barras   7896048909985<\/p>\n","protected":false},"excerpt":{"rendered":"<p>&#8211; Satisfaz paladares exigentes, feito com ingredientes nobres cuidadosamente selecionados, que agradam aos paladares mais exigentes e garantem um bom aproveitamento de nutrientes para o organismo.<br \/>\n&#8211; Auxilia no controle de peso, alimento reduzido em calorias e gorduras e enriquecido com L-carnitina.<br \/>\n&#8211; Sa\u00fade do trato urin\u00e1rio, com quantidades adequadas de minerais e desenvolvido para auxiliar no controle do pH urin\u00e1rio.<br \/>\n&#8211; \u00d3timo funcionamento do organismo, com fonte rica em \u00f4mega 3 (EPA &amp; DHA): nutrientes essenciais.<br \/>\n&#8211; \u00d3timo equil\u00edbrio intestinal, com polpa de beterraba e pr\u00e9-bi\u00f3tico MOS.<\/p>\n<p>&#8211; Este produto possui Satisfa\u00e7\u00e3o Garantida. Saiba mais abaixo na descri\u00e7\u00e3o.<\/p>\n","protected":false},"featured_media":27115,"comment_status":"open","ping_status":"closed","template":"","meta":[],"product_brand":[],"product_cat":[1705,80],"product_tag":[100,76,78,231,209,909,1713,239],"class_list":{"0":"post-24002","1":"product","2":"type-product","3":"status-publish","4":"has-post-thumbnail","6":"product_cat-gato","7":"product_cat-racoes","8":"product_tag-3kg","9":"product_tag-adultos","10":"product_tag-arroz","11":"product_tag-castrados","12":"product_tag-gatos","13":"product_tag-granplus","14":"product_tag-menu","15":"product_tag-salmao","17":"first","18":"instock","19":"shipping-taxable","20":"purchasable","21":"product-type-simple"},"yoast_head":"<!-- This site is optimized with the Yoast SEO plugin v27.6 - https:\/\/yoast.com\/product\/yoast-seo-wordpress\/ -->\n<title>Granplus Menu Gatos Adultos Castrados Salm\u00e3o E Arroz 3Kg - Agropecu\u00e1ria Fenix<\/title>\n<meta name=\"robots\" content=\"index, follow, max-snippet:-1, max-image-preview:large, max-video-preview:-1\" \/>\n<link rel=\"canonical\" href=\"https:\/\/agropecuariafenix.com.br\/index.php\/produto\/granplus-menu-gatos-adultos-castrados-salmao-e-arroz-3kg\/\" \/>\n<meta property=\"og:locale\" content=\"pt_BR\" \/>\n<meta property=\"og:type\" content=\"article\" \/>\n<meta property=\"og:title\" content=\"Granplus Menu Gatos Adultos Castrados Salm\u00e3o E Arroz 3Kg - Agropecu\u00e1ria Fenix\" \/>\n<meta property=\"og:description\" content=\"&#8211; Satisfaz paladares exigentes, feito com ingredientes nobres cuidadosamente selecionados, que agradam aos paladares mais exigentes e garantem um bom aproveitamento de nutrientes para o organismo. &#8211; Auxilia no controle de peso, alimento reduzido em calorias e gorduras e enriquecido com L-carnitina. &#8211; Sa\u00fade do trato urin\u00e1rio, com quantidades adequadas de minerais e desenvolvido para auxiliar no controle do pH urin\u00e1rio. &#8211; \u00d3timo funcionamento do organismo, com fonte rica em \u00f4mega 3 (EPA &amp; DHA): nutrientes essenciais. &#8211; \u00d3timo equil\u00edbrio intestinal, com polpa de beterraba e pr\u00e9-bi\u00f3tico MOS. &#8211; Este produto possui Satisfa\u00e7\u00e3o Garantida. Saiba mais abaixo na descri\u00e7\u00e3o.\" \/>\n<meta property=\"og:url\" content=\"https:\/\/agropecuariafenix.com.br\/index.php\/produto\/granplus-menu-gatos-adultos-castrados-salmao-e-arroz-3kg\/\" \/>\n<meta property=\"og:site_name\" content=\"Agropecu\u00e1ria Fenix\" \/>\n<meta property=\"article:publisher\" content=\"https:\/\/web.facebook.com\/agropecuariafenixjau\" \/>\n<meta property=\"article:modified_time\" content=\"2025-10-28T16:21:01+00:00\" \/>\n<meta property=\"og:image\" content=\"https:\/\/agropecuariafenix.com.br\/wp-content\/uploads\/2025\/01\/Granplus-Menu-Gatos-Adultos-Castrados-Salmo-E-Arroz-3Kg-1130934324.jpg\" \/>\n\t<meta property=\"og:image:width\" content=\"1000\" \/>\n\t<meta property=\"og:image:height\" content=\"1000\" \/>\n\t<meta property=\"og:image:type\" content=\"image\/jpeg\" \/>\n<meta name=\"twitter:card\" content=\"summary_large_image\" \/>\n<meta name=\"twitter:label1\" content=\"Est. tempo de leitura\" \/>\n\t<meta name=\"twitter:data1\" content=\"1 minuto\" \/>\n<script type=\"application\/ld+json\" class=\"yoast-schema-graph\">{\"@context\":\"https:\\\/\\\/schema.org\",\"@graph\":[{\"@type\":\"WebPage\",\"@id\":\"https:\\\/\\\/agropecuariafenix.com.br\\\/index.php\\\/produto\\\/granplus-menu-gatos-adultos-castrados-salmao-e-arroz-3kg\\\/\",\"url\":\"https:\\\/\\\/agropecuariafenix.com.br\\\/index.php\\\/produto\\\/granplus-menu-gatos-adultos-castrados-salmao-e-arroz-3kg\\\/\",\"name\":\"Granplus Menu Gatos Adultos Castrados Salm\u00e3o E Arroz 3Kg - Agropecu\u00e1ria Fenix\",\"isPartOf\":{\"@id\":\"https:\\\/\\\/agropecuariafenix.com.br\\\/#website\"},\"primaryImageOfPage\":{\"@id\":\"https:\\\/\\\/agropecuariafenix.com.br\\\/index.php\\\/produto\\\/granplus-menu-gatos-adultos-castrados-salmao-e-arroz-3kg\\\/#primaryimage\"},\"image\":{\"@id\":\"https:\\\/\\\/agropecuariafenix.com.br\\\/index.php\\\/produto\\\/granplus-menu-gatos-adultos-castrados-salmao-e-arroz-3kg\\\/#primaryimage\"},\"thumbnailUrl\":\"https:\\\/\\\/agropecuariafenix.com.br\\\/wp-content\\\/uploads\\\/2025\\\/01\\\/Granplus-Menu-Gatos-Adultos-Castrados-Salmo-E-Arroz-3Kg-1130934324.jpg\",\"datePublished\":\"2022-03-17T18:50:26+00:00\",\"dateModified\":\"2025-10-28T16:21:01+00:00\",\"breadcrumb\":{\"@id\":\"https:\\\/\\\/agropecuariafenix.com.br\\\/index.php\\\/produto\\\/granplus-menu-gatos-adultos-castrados-salmao-e-arroz-3kg\\\/#breadcrumb\"},\"inLanguage\":\"pt-BR\",\"potentialAction\":[{\"@type\":\"ReadAction\",\"target\":[\"https:\\\/\\\/agropecuariafenix.com.br\\\/index.php\\\/produto\\\/granplus-menu-gatos-adultos-castrados-salmao-e-arroz-3kg\\\/\"]}]},{\"@type\":\"ImageObject\",\"inLanguage\":\"pt-BR\",\"@id\":\"https:\\\/\\\/agropecuariafenix.com.br\\\/index.php\\\/produto\\\/granplus-menu-gatos-adultos-castrados-salmao-e-arroz-3kg\\\/#primaryimage\",\"url\":\"https:\\\/\\\/agropecuariafenix.com.br\\\/wp-content\\\/uploads\\\/2025\\\/01\\\/Granplus-Menu-Gatos-Adultos-Castrados-Salmo-E-Arroz-3Kg-1130934324.jpg\",\"contentUrl\":\"https:\\\/\\\/agropecuariafenix.com.br\\\/wp-content\\\/uploads\\\/2025\\\/01\\\/Granplus-Menu-Gatos-Adultos-Castrados-Salmo-E-Arroz-3Kg-1130934324.jpg\",\"width\":1000,\"height\":1000,\"caption\":\"Granplus Menu Gatos Adultos Castrados Salm\u00e3o E Arroz 3Kg\"},{\"@type\":\"BreadcrumbList\",\"@id\":\"https:\\\/\\\/agropecuariafenix.com.br\\\/index.php\\\/produto\\\/granplus-menu-gatos-adultos-castrados-salmao-e-arroz-3kg\\\/#breadcrumb\",\"itemListElement\":[{\"@type\":\"ListItem\",\"position\":1,\"name\":\"In\u00edcio\",\"item\":\"https:\\\/\\\/agropecuariafenix.com.br\\\/\"},{\"@type\":\"ListItem\",\"position\":2,\"name\":\"Todos os produtos\",\"item\":\"https:\\\/\\\/agropecuariafenix.com.br\\\/index.php\\\/loja\\\/\"},{\"@type\":\"ListItem\",\"position\":3,\"name\":\"Granplus Menu Gatos Adultos Castrados Salm\u00e3o E Arroz 3Kg\"}]},{\"@type\":\"WebSite\",\"@id\":\"https:\\\/\\\/agropecuariafenix.com.br\\\/#website\",\"url\":\"https:\\\/\\\/agropecuariafenix.com.br\\\/\",\"name\":\"Agropecu\u00e1ria Fenix\",\"description\":\"Agropecu\u00e1ria F\u00eanix Pet - Ra\u00e7\u00f5es \\\/ Medicamentos Pet \\\/ Cl\u00ednica Veterin\u00e1ria \\\/ Banho e Tosa \\\/ Cachorro \\\/\u00a0Gato\u00a0\\\/\u00a0P\u00e1ssaros\",\"publisher\":{\"@id\":\"https:\\\/\\\/agropecuariafenix.com.br\\\/#organization\"},\"alternateName\":\"Agropecu\u00e1ria Fenix\",\"potentialAction\":[{\"@type\":\"SearchAction\",\"target\":{\"@type\":\"EntryPoint\",\"urlTemplate\":\"https:\\\/\\\/agropecuariafenix.com.br\\\/?s={search_term_string}\"},\"query-input\":{\"@type\":\"PropertyValueSpecification\",\"valueRequired\":true,\"valueName\":\"search_term_string\"}}],\"inLanguage\":\"pt-BR\"},{\"@type\":\"Organization\",\"@id\":\"https:\\\/\\\/agropecuariafenix.com.br\\\/#organization\",\"name\":\"Agropecu\u00e1ria Fenix\",\"alternateName\":\"Agropecu\u00e1ria Fenix\",\"url\":\"https:\\\/\\\/agropecuariafenix.com.br\\\/\",\"logo\":{\"@type\":\"ImageObject\",\"inLanguage\":\"pt-BR\",\"@id\":\"https:\\\/\\\/agropecuariafenix.com.br\\\/#\\\/schema\\\/logo\\\/image\\\/\",\"url\":\"https:\\\/\\\/agropecuariafenix.com.br\\\/wp-content\\\/uploads\\\/2023\\\/08\\\/logo_fenix3-Copy.png\",\"contentUrl\":\"https:\\\/\\\/agropecuariafenix.com.br\\\/wp-content\\\/uploads\\\/2023\\\/08\\\/logo_fenix3-Copy.png\",\"width\":500,\"height\":500,\"caption\":\"Agropecu\u00e1ria Fenix\"},\"image\":{\"@id\":\"https:\\\/\\\/agropecuariafenix.com.br\\\/#\\\/schema\\\/logo\\\/image\\\/\"},\"sameAs\":[\"https:\\\/\\\/web.facebook.com\\\/agropecuariafenixjau\",\"https:\\\/\\\/www.instagram.com\\\/agropecuaria_fenix_jau\\\/\"]}]}<\/script>\n<!-- \/ Yoast SEO plugin. -->","yoast_head_json":{"title":"Granplus Menu Gatos Adultos Castrados Salm\u00e3o E Arroz 3Kg - Agropecu\u00e1ria Fenix","robots":{"index":"index","follow":"follow","max-snippet":"max-snippet:-1","max-image-preview":"max-image-preview:large","max-video-preview":"max-video-preview:-1"},"canonical":"https:\/\/agropecuariafenix.com.br\/index.php\/produto\/granplus-menu-gatos-adultos-castrados-salmao-e-arroz-3kg\/","og_locale":"pt_BR","og_type":"article","og_title":"Granplus Menu Gatos Adultos Castrados Salm\u00e3o E Arroz 3Kg - Agropecu\u00e1ria Fenix","og_description":"&#8211; Satisfaz paladares exigentes, feito com ingredientes nobres cuidadosamente selecionados, que agradam aos paladares mais exigentes e garantem um bom aproveitamento de nutrientes para o organismo. &#8211; Auxilia no controle de peso, alimento reduzido em calorias e gorduras e enriquecido com L-carnitina. &#8211; Sa\u00fade do trato urin\u00e1rio, com quantidades adequadas de minerais e desenvolvido para auxiliar no controle do pH urin\u00e1rio. &#8211; \u00d3timo funcionamento do organismo, com fonte rica em \u00f4mega 3 (EPA &amp; DHA): nutrientes essenciais. &#8211; \u00d3timo equil\u00edbrio intestinal, com polpa de beterraba e pr\u00e9-bi\u00f3tico MOS. &#8211; Este produto possui Satisfa\u00e7\u00e3o Garantida. Saiba mais abaixo na descri\u00e7\u00e3o.","og_url":"https:\/\/agropecuariafenix.com.br\/index.php\/produto\/granplus-menu-gatos-adultos-castrados-salmao-e-arroz-3kg\/","og_site_name":"Agropecu\u00e1ria Fenix","article_publisher":"https:\/\/web.facebook.com\/agropecuariafenixjau","article_modified_time":"2025-10-28T16:21:01+00:00","og_image":[{"width":1000,"height":1000,"url":"https:\/\/agropecuariafenix.com.br\/wp-content\/uploads\/2025\/01\/Granplus-Menu-Gatos-Adultos-Castrados-Salmo-E-Arroz-3Kg-1130934324.jpg","type":"image\/jpeg"}],"twitter_card":"summary_large_image","twitter_misc":{"Est. tempo de leitura":"1 minuto"},"schema":{"@context":"https:\/\/schema.org","@graph":[{"@type":"WebPage","@id":"https:\/\/agropecuariafenix.com.br\/index.php\/produto\/granplus-menu-gatos-adultos-castrados-salmao-e-arroz-3kg\/","url":"https:\/\/agropecuariafenix.com.br\/index.php\/produto\/granplus-menu-gatos-adultos-castrados-salmao-e-arroz-3kg\/","name":"Granplus Menu Gatos Adultos Castrados Salm\u00e3o E Arroz 3Kg - Agropecu\u00e1ria Fenix","isPartOf":{"@id":"https:\/\/agropecuariafenix.com.br\/#website"},"primaryImageOfPage":{"@id":"https:\/\/agropecuariafenix.com.br\/index.php\/produto\/granplus-menu-gatos-adultos-castrados-salmao-e-arroz-3kg\/#primaryimage"},"image":{"@id":"https:\/\/agropecuariafenix.com.br\/index.php\/produto\/granplus-menu-gatos-adultos-castrados-salmao-e-arroz-3kg\/#primaryimage"},"thumbnailUrl":"https:\/\/agropecuariafenix.com.br\/wp-content\/uploads\/2025\/01\/Granplus-Menu-Gatos-Adultos-Castrados-Salmo-E-Arroz-3Kg-1130934324.jpg","datePublished":"2022-03-17T18:50:26+00:00","dateModified":"2025-10-28T16:21:01+00:00","breadcrumb":{"@id":"https:\/\/agropecuariafenix.com.br\/index.php\/produto\/granplus-menu-gatos-adultos-castrados-salmao-e-arroz-3kg\/#breadcrumb"},"inLanguage":"pt-BR","potentialAction":[{"@type":"ReadAction","target":["https:\/\/agropecuariafenix.com.br\/index.php\/produto\/granplus-menu-gatos-adultos-castrados-salmao-e-arroz-3kg\/"]}]},{"@type":"ImageObject","inLanguage":"pt-BR","@id":"https:\/\/agropecuariafenix.com.br\/index.php\/produto\/granplus-menu-gatos-adultos-castrados-salmao-e-arroz-3kg\/#primaryimage","url":"https:\/\/agropecuariafenix.com.br\/wp-content\/uploads\/2025\/01\/Granplus-Menu-Gatos-Adultos-Castrados-Salmo-E-Arroz-3Kg-1130934324.jpg","contentUrl":"https:\/\/agropecuariafenix.com.br\/wp-content\/uploads\/2025\/01\/Granplus-Menu-Gatos-Adultos-Castrados-Salmo-E-Arroz-3Kg-1130934324.jpg","width":1000,"height":1000,"caption":"Granplus Menu Gatos Adultos Castrados Salm\u00e3o E Arroz 3Kg"},{"@type":"BreadcrumbList","@id":"https:\/\/agropecuariafenix.com.br\/index.php\/produto\/granplus-menu-gatos-adultos-castrados-salmao-e-arroz-3kg\/#breadcrumb","itemListElement":[{"@type":"ListItem","position":1,"name":"In\u00edcio","item":"https:\/\/agropecuariafenix.com.br\/"},{"@type":"ListItem","position":2,"name":"Todos os produtos","item":"https:\/\/agropecuariafenix.com.br\/index.php\/loja\/"},{"@type":"ListItem","position":3,"name":"Granplus Menu Gatos Adultos Castrados Salm\u00e3o E Arroz 3Kg"}]},{"@type":"WebSite","@id":"https:\/\/agropecuariafenix.com.br\/#website","url":"https:\/\/agropecuariafenix.com.br\/","name":"Agropecu\u00e1ria Fenix","description":"Agropecu\u00e1ria F\u00eanix Pet - Ra\u00e7\u00f5es \/ Medicamentos Pet \/ Cl\u00ednica Veterin\u00e1ria \/ Banho e Tosa \/ Cachorro \/\u00a0Gato\u00a0\/\u00a0P\u00e1ssaros","publisher":{"@id":"https:\/\/agropecuariafenix.com.br\/#organization"},"alternateName":"Agropecu\u00e1ria Fenix","potentialAction":[{"@type":"SearchAction","target":{"@type":"EntryPoint","urlTemplate":"https:\/\/agropecuariafenix.com.br\/?s={search_term_string}"},"query-input":{"@type":"PropertyValueSpecification","valueRequired":true,"valueName":"search_term_string"}}],"inLanguage":"pt-BR"},{"@type":"Organization","@id":"https:\/\/agropecuariafenix.com.br\/#organization","name":"Agropecu\u00e1ria Fenix","alternateName":"Agropecu\u00e1ria Fenix","url":"https:\/\/agropecuariafenix.com.br\/","logo":{"@type":"ImageObject","inLanguage":"pt-BR","@id":"https:\/\/agropecuariafenix.com.br\/#\/schema\/logo\/image\/","url":"https:\/\/agropecuariafenix.com.br\/wp-content\/uploads\/2023\/08\/logo_fenix3-Copy.png","contentUrl":"https:\/\/agropecuariafenix.com.br\/wp-content\/uploads\/2023\/08\/logo_fenix3-Copy.png","width":500,"height":500,"caption":"Agropecu\u00e1ria Fenix"},"image":{"@id":"https:\/\/agropecuariafenix.com.br\/#\/schema\/logo\/image\/"},"sameAs":["https:\/\/web.facebook.com\/agropecuariafenixjau","https:\/\/www.instagram.com\/agropecuaria_fenix_jau\/"]}]}},"_links":{"self":[{"href":"https:\/\/agropecuariafenix.com.br\/index.php\/wp-json\/wp\/v2\/product\/24002","targetHints":{"allow":["GET"]}}],"collection":[{"href":"https:\/\/agropecuariafenix.com.br\/index.php\/wp-json\/wp\/v2\/product"}],"about":[{"href":"https:\/\/agropecuariafenix.com.br\/index.php\/wp-json\/wp\/v2\/types\/product"}],"replies":[{"embeddable":true,"href":"https:\/\/agropecuariafenix.com.br\/index.php\/wp-json\/wp\/v2\/comments?post=24002"}],"version-history":[{"count":3,"href":"https:\/\/agropecuariafenix.com.br\/index.php\/wp-json\/wp\/v2\/product\/24002\/revisions"}],"predecessor-version":[{"id":28074,"href":"https:\/\/agropecuariafenix.com.br\/index.php\/wp-json\/wp\/v2\/product\/24002\/revisions\/28074"}],"wp:featuredmedia":[{"embeddable":true,"href":"https:\/\/agropecuariafenix.com.br\/index.php\/wp-json\/wp\/v2\/media\/27115"}],"wp:attachment":[{"href":"https:\/\/agropecuariafenix.com.br\/index.php\/wp-json\/wp\/v2\/media?parent=24002"}],"wp:term":[{"taxonomy":"product_brand","embeddable":true,"href":"https:\/\/agropecuariafenix.com.br\/index.php\/wp-json\/wp\/v2\/product_brand?post=24002"},{"taxonomy":"product_cat","embeddable":true,"href":"https:\/\/agropecuariafenix.com.br\/index.php\/wp-json\/wp\/v2\/product_cat?post=24002"},{"taxonomy":"product_tag","embeddable":true,"href":"https:\/\/agropecuariafenix.com.br\/index.php\/wp-json\/wp\/v2\/product_tag?post=24002"}],"curies":[{"name":"wp","href":"https:\/\/api.w.org\/{rel}","templated":true}]}}