{"id":23985,"date":"2022-03-16T17:54:35","date_gmt":"2022-03-16T20:54:35","guid":{"rendered":"https:\/\/agropecuariafenix.com.br\/index.php\/produto\/granplus-gatos-adultos-castrados-frango-e-arroz-10kg\/"},"modified":"2025-10-28T11:55:09","modified_gmt":"2025-10-28T14:55:09","slug":"granplus-gatos-adultos-castrados-frango-e-arroz-101kg","status":"publish","type":"product","link":"https:\/\/agropecuariafenix.com.br\/index.php\/produto\/granplus-gatos-adultos-castrados-frango-e-arroz-101kg\/","title":{"rendered":"Granplus Gatos Adultos Castrados Frango E Arroz 10,1Kg"},"content":{"rendered":"<p>N\u00edveis de Garantia<\/p>\n<p>Prote\u00edna Bruta (m\u00edn.) 360g\/kg 36%<br \/>\nExtrato Et\u00e9reo (m\u00edn.) 90g\/kg 9%<br \/>\nUmidade (m\u00e1x.) 100g\/kg 10%<br \/>\nMat\u00e9ria Fibrosa (m\u00e1x.) 50g\/kg 5%<br \/>\nMat\u00e9ria Mineral (m\u00e1x.) 80g\/kg 8%<br \/>\nC\u00e1lcio (m\u00e1x.) 15g\/kg 1,5%<br \/>\nC\u00e1lcio (m\u00edn.) 8000mg\/kg 0,8%<br \/>\nF\u00f3sforo (m\u00edn.) 7000mg\/kg 0,7%<br \/>\nS\u00f3dio (m\u00edn.) 3000mg\/kg<br \/>\nPot\u00e1ssio (m\u00edn.) 6000mg\/kg<br \/>\nL-Carnitina (m\u00edn) 100mg\/kg<br \/>\nTaurina (m\u00edn.) 1200mg\/kg<br \/>\nLisina (m\u00edn.) 15g\/kg<br \/>\nMetionina (m\u00edn.) 9000mg\/kg<br \/>\n\u00d4mega 6 (m\u00edn.) 20g\/kg<br \/>\n\u00d4mega 3 (m\u00edn.) 2000mg\/kg<br \/>\nMannan-oligossacar\u00eddeos (m\u00edn.) 1000mg\/kg<br \/>\nInulina (m\u00edn.) 1500mg\/kg<br \/>\nEnergia Metaboliz\u00e1vel (NRC 2006, m\u00edn.) 3390kcal\/kg<\/p>\n<p>Composi\u00e7\u00e3o<\/p>\n<p>Composi\u00e7\u00e3o qualitativa Carne Mecanicamente Separada de Frango, F\u00edgado de Frango, Farinha de V\u00edsceras de Frango, Arroz Quebrado (m\u00edn. 8%), Milho, Farinha de Prote\u00edna Isolada de Su\u00edno (Farinha de Torresmo), Gordura Animal, Gl\u00faten de Milho-60, Levedura Seca de Cervejaria, \u00d3leo de Peixe, Polpa de Beterraba, Fibra de Cana de A\u00e7\u00facar, Casca de Soja, \u00d3leo Vegetal, Hidrolisado de F\u00edgado, Cloreto de S\u00f3dio, Carbonato de C\u00e1lcio, Cloreto de Pot\u00e1ssio, L-Carnitina, \u00c1cido Fosf\u00f3rico, Antioxidantes (BHT, BHA), Propionato de C\u00e1lcio, Glucanos, Sorbato de Pot\u00e1ssio, Prebi\u00f3ticos (Mannan-Oligossacar\u00eddeos, Inulina), Taurina, Lisina, Metionina, Vitaminas (A, D3, E, K, C, B1, B2, B6, B12, \u00c1cido Pantot\u00eanico, \u00c1cido F\u00f3lico, Niacina, Biotina, Cloreto de Colina), Minerais (Sulfato de Zinco, Sulfato Ferroso, Sulfato de Mangan\u00eas, Iodato de C\u00e1lcio, Selenito de S\u00f3dio), Minerais Quelatados (Mangan\u00eas, Sel\u00eanio, Zinco, Cobre). Enriquecimento Vitamina A 18000UI, Vitamina D3 1000UI, Vitamina E 150UI, Vitamina K 0,5mg, Vitamina C 80mg, Vitamina B1 5mg, Vitamina B2 5mg, Vitamina B6 4mg, Vitamina B12 20\u03bcg, \u00c1cido Pantot\u00eanico 5mg, \u00c1cido F\u00f3lico 0,8mg, Niacina 60mg, Biotina 0,07mg, Colina 2400mg, Zinco 100mg, Ferro 100mg, Mangan\u00eas 85mg, Iodo 0,6mg, Sel\u00eanio 0,4mg, Cobre 6mg.<\/p>\n<p>C\u00f3digo de barras   7896048906755<\/p>\n","protected":false},"excerpt":{"rendered":"<p>Descri\u00e7\u00e3o<\/p>\n<p>&#8211; Indicada para gatos castrados;<br \/>\n&#8211; Conta com n\u00edveis cal\u00f3ricos reduzidos;<br \/>\n&#8211; Rica em L-Carnitina;<br \/>\n&#8211; Proporciona sa\u00fade ao trato urin\u00e1rio,<br \/>\n&#8211; Livre de aromatizantes e corantes artificiais,<br \/>\n&#8211; Dispon\u00edvel em embalagens de 1 kg, 3 kg, 10 kg e *10\/1kg (pacotes individuais de 1 kg).<\/p>\n","protected":false},"featured_media":27055,"comment_status":"open","ping_status":"closed","template":"","meta":[],"product_brand":[],"product_cat":[1705,80],"product_tag":[403,119,76,78,231,90,209,909],"class_list":{"0":"post-23985","1":"product","2":"type-product","3":"status-publish","4":"has-post-thumbnail","6":"product_cat-gato","7":"product_cat-racoes","8":"product_tag-101kg","9":"product_tag-10kg","10":"product_tag-adultos","11":"product_tag-arroz","12":"product_tag-castrados","13":"product_tag-frango","14":"product_tag-gatos","15":"product_tag-granplus","17":"first","18":"instock","19":"shipping-taxable","20":"purchasable","21":"product-type-simple"},"yoast_head":"<!-- This site is optimized with the Yoast SEO plugin v27.6 - https:\/\/yoast.com\/product\/yoast-seo-wordpress\/ -->\n<title>Granplus Gatos Adultos Castrados Frango E Arroz 10,1Kg - Agropecu\u00e1ria Fenix<\/title>\n<meta name=\"robots\" content=\"index, follow, max-snippet:-1, max-image-preview:large, max-video-preview:-1\" \/>\n<link rel=\"canonical\" href=\"https:\/\/agropecuariafenix.com.br\/index.php\/produto\/granplus-gatos-adultos-castrados-frango-e-arroz-101kg\/\" \/>\n<meta property=\"og:locale\" content=\"pt_BR\" \/>\n<meta property=\"og:type\" content=\"article\" \/>\n<meta property=\"og:title\" content=\"Granplus Gatos Adultos Castrados Frango E Arroz 10,1Kg - Agropecu\u00e1ria Fenix\" \/>\n<meta property=\"og:description\" content=\"Descri\u00e7\u00e3o &#8211; Indicada para gatos castrados; &#8211; Conta com n\u00edveis cal\u00f3ricos reduzidos; &#8211; Rica em L-Carnitina; &#8211; Proporciona sa\u00fade ao trato urin\u00e1rio, &#8211; Livre de aromatizantes e corantes artificiais, &#8211; Dispon\u00edvel em embalagens de 1 kg, 3 kg, 10 kg e *10\/1kg (pacotes individuais de 1 kg).\" \/>\n<meta property=\"og:url\" content=\"https:\/\/agropecuariafenix.com.br\/index.php\/produto\/granplus-gatos-adultos-castrados-frango-e-arroz-101kg\/\" \/>\n<meta property=\"og:site_name\" content=\"Agropecu\u00e1ria Fenix\" \/>\n<meta property=\"article:publisher\" content=\"https:\/\/web.facebook.com\/agropecuariafenixjau\" \/>\n<meta property=\"article:modified_time\" content=\"2025-10-28T14:55:09+00:00\" \/>\n<meta property=\"og:image\" content=\"https:\/\/agropecuariafenix.com.br\/wp-content\/uploads\/2025\/01\/Granplus-Gatos-Adultos-Castrados-Frango-E-Arroz-101Kg-1294443342.jpg\" \/>\n\t<meta property=\"og:image:width\" content=\"1000\" \/>\n\t<meta property=\"og:image:height\" content=\"1000\" \/>\n\t<meta property=\"og:image:type\" content=\"image\/jpeg\" \/>\n<meta name=\"twitter:card\" content=\"summary_large_image\" \/>\n<meta name=\"twitter:label1\" content=\"Est. tempo de leitura\" \/>\n\t<meta name=\"twitter:data1\" content=\"2 minutos\" \/>\n<script type=\"application\/ld+json\" class=\"yoast-schema-graph\">{\"@context\":\"https:\\\/\\\/schema.org\",\"@graph\":[{\"@type\":\"WebPage\",\"@id\":\"https:\\\/\\\/agropecuariafenix.com.br\\\/index.php\\\/produto\\\/granplus-gatos-adultos-castrados-frango-e-arroz-101kg\\\/\",\"url\":\"https:\\\/\\\/agropecuariafenix.com.br\\\/index.php\\\/produto\\\/granplus-gatos-adultos-castrados-frango-e-arroz-101kg\\\/\",\"name\":\"Granplus Gatos Adultos Castrados Frango E Arroz 10,1Kg - Agropecu\u00e1ria Fenix\",\"isPartOf\":{\"@id\":\"https:\\\/\\\/agropecuariafenix.com.br\\\/#website\"},\"primaryImageOfPage\":{\"@id\":\"https:\\\/\\\/agropecuariafenix.com.br\\\/index.php\\\/produto\\\/granplus-gatos-adultos-castrados-frango-e-arroz-101kg\\\/#primaryimage\"},\"image\":{\"@id\":\"https:\\\/\\\/agropecuariafenix.com.br\\\/index.php\\\/produto\\\/granplus-gatos-adultos-castrados-frango-e-arroz-101kg\\\/#primaryimage\"},\"thumbnailUrl\":\"https:\\\/\\\/agropecuariafenix.com.br\\\/wp-content\\\/uploads\\\/2025\\\/01\\\/Granplus-Gatos-Adultos-Castrados-Frango-E-Arroz-101Kg-1294443342.jpg\",\"datePublished\":\"2022-03-16T20:54:35+00:00\",\"dateModified\":\"2025-10-28T14:55:09+00:00\",\"breadcrumb\":{\"@id\":\"https:\\\/\\\/agropecuariafenix.com.br\\\/index.php\\\/produto\\\/granplus-gatos-adultos-castrados-frango-e-arroz-101kg\\\/#breadcrumb\"},\"inLanguage\":\"pt-BR\",\"potentialAction\":[{\"@type\":\"ReadAction\",\"target\":[\"https:\\\/\\\/agropecuariafenix.com.br\\\/index.php\\\/produto\\\/granplus-gatos-adultos-castrados-frango-e-arroz-101kg\\\/\"]}]},{\"@type\":\"ImageObject\",\"inLanguage\":\"pt-BR\",\"@id\":\"https:\\\/\\\/agropecuariafenix.com.br\\\/index.php\\\/produto\\\/granplus-gatos-adultos-castrados-frango-e-arroz-101kg\\\/#primaryimage\",\"url\":\"https:\\\/\\\/agropecuariafenix.com.br\\\/wp-content\\\/uploads\\\/2025\\\/01\\\/Granplus-Gatos-Adultos-Castrados-Frango-E-Arroz-101Kg-1294443342.jpg\",\"contentUrl\":\"https:\\\/\\\/agropecuariafenix.com.br\\\/wp-content\\\/uploads\\\/2025\\\/01\\\/Granplus-Gatos-Adultos-Castrados-Frango-E-Arroz-101Kg-1294443342.jpg\",\"width\":1000,\"height\":1000,\"caption\":\"Granplus Gatos Adultos Castrados Frango E Arroz 10,1Kg\"},{\"@type\":\"BreadcrumbList\",\"@id\":\"https:\\\/\\\/agropecuariafenix.com.br\\\/index.php\\\/produto\\\/granplus-gatos-adultos-castrados-frango-e-arroz-101kg\\\/#breadcrumb\",\"itemListElement\":[{\"@type\":\"ListItem\",\"position\":1,\"name\":\"In\u00edcio\",\"item\":\"https:\\\/\\\/agropecuariafenix.com.br\\\/\"},{\"@type\":\"ListItem\",\"position\":2,\"name\":\"Todos os produtos\",\"item\":\"https:\\\/\\\/agropecuariafenix.com.br\\\/index.php\\\/loja\\\/\"},{\"@type\":\"ListItem\",\"position\":3,\"name\":\"Granplus Gatos Adultos Castrados Frango E Arroz 10,1Kg\"}]},{\"@type\":\"WebSite\",\"@id\":\"https:\\\/\\\/agropecuariafenix.com.br\\\/#website\",\"url\":\"https:\\\/\\\/agropecuariafenix.com.br\\\/\",\"name\":\"Agropecu\u00e1ria Fenix\",\"description\":\"Agropecu\u00e1ria F\u00eanix Pet - Ra\u00e7\u00f5es \\\/ Medicamentos Pet \\\/ Cl\u00ednica Veterin\u00e1ria \\\/ Banho e Tosa \\\/ Cachorro \\\/\u00a0Gato\u00a0\\\/\u00a0P\u00e1ssaros\",\"publisher\":{\"@id\":\"https:\\\/\\\/agropecuariafenix.com.br\\\/#organization\"},\"alternateName\":\"Agropecu\u00e1ria Fenix\",\"potentialAction\":[{\"@type\":\"SearchAction\",\"target\":{\"@type\":\"EntryPoint\",\"urlTemplate\":\"https:\\\/\\\/agropecuariafenix.com.br\\\/?s={search_term_string}\"},\"query-input\":{\"@type\":\"PropertyValueSpecification\",\"valueRequired\":true,\"valueName\":\"search_term_string\"}}],\"inLanguage\":\"pt-BR\"},{\"@type\":\"Organization\",\"@id\":\"https:\\\/\\\/agropecuariafenix.com.br\\\/#organization\",\"name\":\"Agropecu\u00e1ria Fenix\",\"alternateName\":\"Agropecu\u00e1ria Fenix\",\"url\":\"https:\\\/\\\/agropecuariafenix.com.br\\\/\",\"logo\":{\"@type\":\"ImageObject\",\"inLanguage\":\"pt-BR\",\"@id\":\"https:\\\/\\\/agropecuariafenix.com.br\\\/#\\\/schema\\\/logo\\\/image\\\/\",\"url\":\"https:\\\/\\\/agropecuariafenix.com.br\\\/wp-content\\\/uploads\\\/2023\\\/08\\\/logo_fenix3-Copy.png\",\"contentUrl\":\"https:\\\/\\\/agropecuariafenix.com.br\\\/wp-content\\\/uploads\\\/2023\\\/08\\\/logo_fenix3-Copy.png\",\"width\":500,\"height\":500,\"caption\":\"Agropecu\u00e1ria Fenix\"},\"image\":{\"@id\":\"https:\\\/\\\/agropecuariafenix.com.br\\\/#\\\/schema\\\/logo\\\/image\\\/\"},\"sameAs\":[\"https:\\\/\\\/web.facebook.com\\\/agropecuariafenixjau\",\"https:\\\/\\\/www.instagram.com\\\/agropecuaria_fenix_jau\\\/\"]}]}<\/script>\n<!-- \/ Yoast SEO plugin. -->","yoast_head_json":{"title":"Granplus Gatos Adultos Castrados Frango E Arroz 10,1Kg - Agropecu\u00e1ria Fenix","robots":{"index":"index","follow":"follow","max-snippet":"max-snippet:-1","max-image-preview":"max-image-preview:large","max-video-preview":"max-video-preview:-1"},"canonical":"https:\/\/agropecuariafenix.com.br\/index.php\/produto\/granplus-gatos-adultos-castrados-frango-e-arroz-101kg\/","og_locale":"pt_BR","og_type":"article","og_title":"Granplus Gatos Adultos Castrados Frango E Arroz 10,1Kg - Agropecu\u00e1ria Fenix","og_description":"Descri\u00e7\u00e3o &#8211; Indicada para gatos castrados; &#8211; Conta com n\u00edveis cal\u00f3ricos reduzidos; &#8211; Rica em L-Carnitina; &#8211; Proporciona sa\u00fade ao trato urin\u00e1rio, &#8211; Livre de aromatizantes e corantes artificiais, &#8211; Dispon\u00edvel em embalagens de 1 kg, 3 kg, 10 kg e *10\/1kg (pacotes individuais de 1 kg).","og_url":"https:\/\/agropecuariafenix.com.br\/index.php\/produto\/granplus-gatos-adultos-castrados-frango-e-arroz-101kg\/","og_site_name":"Agropecu\u00e1ria Fenix","article_publisher":"https:\/\/web.facebook.com\/agropecuariafenixjau","article_modified_time":"2025-10-28T14:55:09+00:00","og_image":[{"width":1000,"height":1000,"url":"https:\/\/agropecuariafenix.com.br\/wp-content\/uploads\/2025\/01\/Granplus-Gatos-Adultos-Castrados-Frango-E-Arroz-101Kg-1294443342.jpg","type":"image\/jpeg"}],"twitter_card":"summary_large_image","twitter_misc":{"Est. tempo de leitura":"2 minutos"},"schema":{"@context":"https:\/\/schema.org","@graph":[{"@type":"WebPage","@id":"https:\/\/agropecuariafenix.com.br\/index.php\/produto\/granplus-gatos-adultos-castrados-frango-e-arroz-101kg\/","url":"https:\/\/agropecuariafenix.com.br\/index.php\/produto\/granplus-gatos-adultos-castrados-frango-e-arroz-101kg\/","name":"Granplus Gatos Adultos Castrados Frango E Arroz 10,1Kg - Agropecu\u00e1ria Fenix","isPartOf":{"@id":"https:\/\/agropecuariafenix.com.br\/#website"},"primaryImageOfPage":{"@id":"https:\/\/agropecuariafenix.com.br\/index.php\/produto\/granplus-gatos-adultos-castrados-frango-e-arroz-101kg\/#primaryimage"},"image":{"@id":"https:\/\/agropecuariafenix.com.br\/index.php\/produto\/granplus-gatos-adultos-castrados-frango-e-arroz-101kg\/#primaryimage"},"thumbnailUrl":"https:\/\/agropecuariafenix.com.br\/wp-content\/uploads\/2025\/01\/Granplus-Gatos-Adultos-Castrados-Frango-E-Arroz-101Kg-1294443342.jpg","datePublished":"2022-03-16T20:54:35+00:00","dateModified":"2025-10-28T14:55:09+00:00","breadcrumb":{"@id":"https:\/\/agropecuariafenix.com.br\/index.php\/produto\/granplus-gatos-adultos-castrados-frango-e-arroz-101kg\/#breadcrumb"},"inLanguage":"pt-BR","potentialAction":[{"@type":"ReadAction","target":["https:\/\/agropecuariafenix.com.br\/index.php\/produto\/granplus-gatos-adultos-castrados-frango-e-arroz-101kg\/"]}]},{"@type":"ImageObject","inLanguage":"pt-BR","@id":"https:\/\/agropecuariafenix.com.br\/index.php\/produto\/granplus-gatos-adultos-castrados-frango-e-arroz-101kg\/#primaryimage","url":"https:\/\/agropecuariafenix.com.br\/wp-content\/uploads\/2025\/01\/Granplus-Gatos-Adultos-Castrados-Frango-E-Arroz-101Kg-1294443342.jpg","contentUrl":"https:\/\/agropecuariafenix.com.br\/wp-content\/uploads\/2025\/01\/Granplus-Gatos-Adultos-Castrados-Frango-E-Arroz-101Kg-1294443342.jpg","width":1000,"height":1000,"caption":"Granplus Gatos Adultos Castrados Frango E Arroz 10,1Kg"},{"@type":"BreadcrumbList","@id":"https:\/\/agropecuariafenix.com.br\/index.php\/produto\/granplus-gatos-adultos-castrados-frango-e-arroz-101kg\/#breadcrumb","itemListElement":[{"@type":"ListItem","position":1,"name":"In\u00edcio","item":"https:\/\/agropecuariafenix.com.br\/"},{"@type":"ListItem","position":2,"name":"Todos os produtos","item":"https:\/\/agropecuariafenix.com.br\/index.php\/loja\/"},{"@type":"ListItem","position":3,"name":"Granplus Gatos Adultos Castrados Frango E Arroz 10,1Kg"}]},{"@type":"WebSite","@id":"https:\/\/agropecuariafenix.com.br\/#website","url":"https:\/\/agropecuariafenix.com.br\/","name":"Agropecu\u00e1ria Fenix","description":"Agropecu\u00e1ria F\u00eanix Pet - Ra\u00e7\u00f5es \/ Medicamentos Pet \/ Cl\u00ednica Veterin\u00e1ria \/ Banho e Tosa \/ Cachorro \/\u00a0Gato\u00a0\/\u00a0P\u00e1ssaros","publisher":{"@id":"https:\/\/agropecuariafenix.com.br\/#organization"},"alternateName":"Agropecu\u00e1ria Fenix","potentialAction":[{"@type":"SearchAction","target":{"@type":"EntryPoint","urlTemplate":"https:\/\/agropecuariafenix.com.br\/?s={search_term_string}"},"query-input":{"@type":"PropertyValueSpecification","valueRequired":true,"valueName":"search_term_string"}}],"inLanguage":"pt-BR"},{"@type":"Organization","@id":"https:\/\/agropecuariafenix.com.br\/#organization","name":"Agropecu\u00e1ria Fenix","alternateName":"Agropecu\u00e1ria Fenix","url":"https:\/\/agropecuariafenix.com.br\/","logo":{"@type":"ImageObject","inLanguage":"pt-BR","@id":"https:\/\/agropecuariafenix.com.br\/#\/schema\/logo\/image\/","url":"https:\/\/agropecuariafenix.com.br\/wp-content\/uploads\/2023\/08\/logo_fenix3-Copy.png","contentUrl":"https:\/\/agropecuariafenix.com.br\/wp-content\/uploads\/2023\/08\/logo_fenix3-Copy.png","width":500,"height":500,"caption":"Agropecu\u00e1ria Fenix"},"image":{"@id":"https:\/\/agropecuariafenix.com.br\/#\/schema\/logo\/image\/"},"sameAs":["https:\/\/web.facebook.com\/agropecuariafenixjau","https:\/\/www.instagram.com\/agropecuaria_fenix_jau\/"]}]}},"_links":{"self":[{"href":"https:\/\/agropecuariafenix.com.br\/index.php\/wp-json\/wp\/v2\/product\/23985","targetHints":{"allow":["GET"]}}],"collection":[{"href":"https:\/\/agropecuariafenix.com.br\/index.php\/wp-json\/wp\/v2\/product"}],"about":[{"href":"https:\/\/agropecuariafenix.com.br\/index.php\/wp-json\/wp\/v2\/types\/product"}],"replies":[{"embeddable":true,"href":"https:\/\/agropecuariafenix.com.br\/index.php\/wp-json\/wp\/v2\/comments?post=23985"}],"version-history":[{"count":3,"href":"https:\/\/agropecuariafenix.com.br\/index.php\/wp-json\/wp\/v2\/product\/23985\/revisions"}],"predecessor-version":[{"id":28581,"href":"https:\/\/agropecuariafenix.com.br\/index.php\/wp-json\/wp\/v2\/product\/23985\/revisions\/28581"}],"wp:featuredmedia":[{"embeddable":true,"href":"https:\/\/agropecuariafenix.com.br\/index.php\/wp-json\/wp\/v2\/media\/27055"}],"wp:attachment":[{"href":"https:\/\/agropecuariafenix.com.br\/index.php\/wp-json\/wp\/v2\/media?parent=23985"}],"wp:term":[{"taxonomy":"product_brand","embeddable":true,"href":"https:\/\/agropecuariafenix.com.br\/index.php\/wp-json\/wp\/v2\/product_brand?post=23985"},{"taxonomy":"product_cat","embeddable":true,"href":"https:\/\/agropecuariafenix.com.br\/index.php\/wp-json\/wp\/v2\/product_cat?post=23985"},{"taxonomy":"product_tag","embeddable":true,"href":"https:\/\/agropecuariafenix.com.br\/index.php\/wp-json\/wp\/v2\/product_tag?post=23985"}],"curies":[{"name":"wp","href":"https:\/\/api.w.org\/{rel}","templated":true}]}}