{"id":23971,"date":"2022-03-16T17:41:37","date_gmt":"2022-03-16T20:41:37","guid":{"rendered":"https:\/\/agropecuariafenix.com.br\/index.php\/produto\/granplus-gatos-adultos-castrados-atum-e-arroz-10kg\/"},"modified":"2025-10-14T11:11:52","modified_gmt":"2025-10-14T14:11:52","slug":"granplus-gatos-adultos-castrados-atum-e-arroz-101kg","status":"publish","type":"product","link":"https:\/\/agropecuariafenix.com.br\/index.php\/produto\/granplus-gatos-adultos-castrados-atum-e-arroz-101kg\/","title":{"rendered":"Granplus Gatos Adultos Castrados Atum E Arroz 10,1Kg"},"content":{"rendered":"<p>Informa\u00e7\u00f5es Nutricionais:<\/p>\n<p>ENRIQUECIMENTO M\u00cdNIMO POR QUILOGRAMA DE PRODUTO: Vitamina A 14000UI, Vitamina D3 406UI, Vitamina E 55UI, Vitamina K3 0,5mg, Vitamina C 17mg, Vitamina B1 8mg, Vitamina B2 4,6mg, Vitamina B6 3,6mg, Vitamina B12 26\u00b5g, Pantotenato de C\u00e1lcio 8,4mg, \u00c1cido F\u00f3lico 1,1mg, \u00c1cido Nicot\u00ednico 46,4mg, Biotina 0,1mg, Colina 1300mg, Zinco 75mg, Ferro 80mg, Mangan\u00eas 10mg, Iodo 1,8mg, Sel\u00eanio 0,3mg, Cobre 10mg.<\/p>\n<p>Composi\u00e7\u00e3o:<\/p>\n<p>Carne Mecanicamente Separada de Frango, F\u00edgado de Frango, Farinha de Atum, Farinha de V\u00edsceras de Aves, Farinha de Torresmo, Quirera de Arroz, Gr\u00e3o de Milho1, Gr\u00e3o de Sorgo, \u00d3leo de V\u00edsceras de Aves, Farelo de Gl\u00faten de Milho-601, Levedura Seca de Cervejaria, \u00d3leo de Peixe Refinado, \u00d3leo de Linha\u00e7a, Polpa de Beterraba (m\u00edn. 0,2%), Fibra de Cana-de-A\u00e7\u00facar, Casca de Aveia, Farelo de Trigo, Cloreto de S\u00f3dio (Sal Comum), Calc\u00e1rio Calc\u00edtico, Cloreto de Pot\u00e1ssio, L-Carnitina, Taurina, L-Lisina, DL-Metionina, Hidrolisado de F\u00edgado Ave e Su\u00edno, Antioxidantes (BHA, BHT), Proprionato de C\u00e1lcio, Sorbato de Pot\u00e1ssio, Aditivo Prebi\u00f3tico (Parede Celular de Levedura &#8211; Fonte de Mananoligossacar\u00eddeos), \u00c1cido Fosf\u00f3rico, Aditivo Adsorvente (Parede Celular de Levedura &#8211; Glucomananos), Vitaminas (A, D3, E, K3, C, B1, B2, B6, B12, Pantotenato de C\u00e1lcio, \u00c1cido F\u00f3lico, \u00c1cido Nicot\u00ednico, Biotina, Cloreto de Colina), Minerais (Sulfato de Zinco, Sulfato de Ferro, Sulfato de Mangan\u00eas, Iodato de C\u00e1lcio, Selenito de S\u00f3dio), Minerais Quelatados (Proteinato de Mangan\u00eas, Levedura Enriquecida com Sel\u00eanio, Proteinato de Zinco, Proteinato de Cobre).<\/p>\n<p>N\u00edveis de Garantia:<\/p>\n<p>Prote\u00edna Bruta (m\u00edn.) 360g\/kg   (36%) Extrato Et\u00e9reo (m\u00edn.) 90g\/kg   (9%) Umidade (m\u00e1x.) 100g\/kg   (10%) Mat\u00e9ria Fibrosa (m\u00e1x.) 40g\/kg   (4,0%) Mat\u00e9ria Mineral (m\u00e1x.) 82g\/kg   (8,20%) C\u00e1lcio (m\u00e1x.) 16,5g\/kg 1,65% C\u00e1lcio (m\u00edn.) 8000mg\/kg 0,80% F\u00f3sforo (m\u00edn.) 7000mg\/kg 0,70% S\u00f3dio (m\u00edn.) 3000mg\/kg Pot\u00e1ssio (m\u00edn.) 5300mg\/kg Carnitina (m\u00edn.) 100mg\/kg Taurina (m\u00edn.) 1200mg\/kg Lisina (m\u00edn.) 15g\/kg Metionina (m\u00edn.) 7000mg\/kg \u00d4mega 6 (m\u00edn.) 15\/kg \u00d4mega 3 (m\u00edn.) 1600mg\/kg EPA + DHA (m\u00edn.) 200mg\/kg Mananoligossacar\u00eddeos (m\u00edn.) 100mg\/kg Energia Metaboliz\u00e1vel (NRC 2006, m\u00edn.) 3600kcal\/kg<\/p>\n","protected":false},"excerpt":{"rendered":"<p>Detalhes do Produto<br \/>\nIndicada para gatos;<br \/>\nAlimento feito com ingredientes nobres;<br \/>\nProte\u00edna de alta qualidade;<br \/>\nProporciona uma experi\u00eancia de muito sabor;<br \/>\nAjuda a manter seu peso;<br \/>\nCom controle de calorias;<br \/>\nDispon\u00edvel em embalagens de 1kg, 3kg e 10,1kg.<\/p>\n","protected":false},"featured_media":27109,"comment_status":"open","ping_status":"closed","template":"","meta":[],"product_brand":[],"product_cat":[1705,80],"product_tag":[1119,403,76,78,686,231,209,909],"class_list":{"0":"post-23971","1":"product","2":"type-product","3":"status-publish","4":"has-post-thumbnail","6":"product_cat-gato","7":"product_cat-racoes","8":"product_tag-101kg-2","9":"product_tag-101kg","10":"product_tag-adultos","11":"product_tag-arroz","12":"product_tag-atum","13":"product_tag-castrados","14":"product_tag-gatos","15":"product_tag-granplus","17":"first","18":"outofstock","19":"shipping-taxable","20":"purchasable","21":"product-type-simple"},"yoast_head":"<!-- This site is optimized with the Yoast SEO plugin v27.6 - https:\/\/yoast.com\/product\/yoast-seo-wordpress\/ -->\n<title>Granplus Gatos Adultos Castrados Atum E Arroz 10,1Kg - Agropecu\u00e1ria Fenix<\/title>\n<meta name=\"robots\" content=\"index, follow, max-snippet:-1, max-image-preview:large, max-video-preview:-1\" \/>\n<link rel=\"canonical\" href=\"https:\/\/agropecuariafenix.com.br\/index.php\/produto\/granplus-gatos-adultos-castrados-atum-e-arroz-101kg\/\" \/>\n<meta property=\"og:locale\" content=\"pt_BR\" \/>\n<meta property=\"og:type\" content=\"article\" \/>\n<meta property=\"og:title\" content=\"Granplus Gatos Adultos Castrados Atum E Arroz 10,1Kg - Agropecu\u00e1ria Fenix\" \/>\n<meta property=\"og:description\" content=\"Detalhes do Produto Indicada para gatos; Alimento feito com ingredientes nobres; Prote\u00edna de alta qualidade; Proporciona uma experi\u00eancia de muito sabor; Ajuda a manter seu peso; Com controle de calorias; Dispon\u00edvel em embalagens de 1kg, 3kg e 10,1kg.\" \/>\n<meta property=\"og:url\" content=\"https:\/\/agropecuariafenix.com.br\/index.php\/produto\/granplus-gatos-adultos-castrados-atum-e-arroz-101kg\/\" \/>\n<meta property=\"og:site_name\" content=\"Agropecu\u00e1ria Fenix\" \/>\n<meta property=\"article:publisher\" content=\"https:\/\/web.facebook.com\/agropecuariafenixjau\" \/>\n<meta property=\"article:modified_time\" content=\"2025-10-14T14:11:52+00:00\" \/>\n<meta property=\"og:image\" content=\"https:\/\/agropecuariafenix.com.br\/wp-content\/uploads\/2025\/01\/Granplus-Gatos-Adultos-Castrados-Atum-E-Arroz-101Kg-269645556.jpg\" \/>\n\t<meta property=\"og:image:width\" content=\"1000\" \/>\n\t<meta property=\"og:image:height\" content=\"1000\" \/>\n\t<meta property=\"og:image:type\" content=\"image\/jpeg\" \/>\n<meta name=\"twitter:card\" content=\"summary_large_image\" \/>\n<meta name=\"twitter:label1\" content=\"Est. tempo de leitura\" \/>\n\t<meta name=\"twitter:data1\" content=\"2 minutos\" \/>\n<script type=\"application\/ld+json\" class=\"yoast-schema-graph\">{\"@context\":\"https:\\\/\\\/schema.org\",\"@graph\":[{\"@type\":\"WebPage\",\"@id\":\"https:\\\/\\\/agropecuariafenix.com.br\\\/index.php\\\/produto\\\/granplus-gatos-adultos-castrados-atum-e-arroz-101kg\\\/\",\"url\":\"https:\\\/\\\/agropecuariafenix.com.br\\\/index.php\\\/produto\\\/granplus-gatos-adultos-castrados-atum-e-arroz-101kg\\\/\",\"name\":\"Granplus Gatos Adultos Castrados Atum E Arroz 10,1Kg - Agropecu\u00e1ria Fenix\",\"isPartOf\":{\"@id\":\"https:\\\/\\\/agropecuariafenix.com.br\\\/#website\"},\"primaryImageOfPage\":{\"@id\":\"https:\\\/\\\/agropecuariafenix.com.br\\\/index.php\\\/produto\\\/granplus-gatos-adultos-castrados-atum-e-arroz-101kg\\\/#primaryimage\"},\"image\":{\"@id\":\"https:\\\/\\\/agropecuariafenix.com.br\\\/index.php\\\/produto\\\/granplus-gatos-adultos-castrados-atum-e-arroz-101kg\\\/#primaryimage\"},\"thumbnailUrl\":\"https:\\\/\\\/agropecuariafenix.com.br\\\/wp-content\\\/uploads\\\/2025\\\/01\\\/Granplus-Gatos-Adultos-Castrados-Atum-E-Arroz-101Kg-269645556.jpg\",\"datePublished\":\"2022-03-16T20:41:37+00:00\",\"dateModified\":\"2025-10-14T14:11:52+00:00\",\"breadcrumb\":{\"@id\":\"https:\\\/\\\/agropecuariafenix.com.br\\\/index.php\\\/produto\\\/granplus-gatos-adultos-castrados-atum-e-arroz-101kg\\\/#breadcrumb\"},\"inLanguage\":\"pt-BR\",\"potentialAction\":[{\"@type\":\"ReadAction\",\"target\":[\"https:\\\/\\\/agropecuariafenix.com.br\\\/index.php\\\/produto\\\/granplus-gatos-adultos-castrados-atum-e-arroz-101kg\\\/\"]}]},{\"@type\":\"ImageObject\",\"inLanguage\":\"pt-BR\",\"@id\":\"https:\\\/\\\/agropecuariafenix.com.br\\\/index.php\\\/produto\\\/granplus-gatos-adultos-castrados-atum-e-arroz-101kg\\\/#primaryimage\",\"url\":\"https:\\\/\\\/agropecuariafenix.com.br\\\/wp-content\\\/uploads\\\/2025\\\/01\\\/Granplus-Gatos-Adultos-Castrados-Atum-E-Arroz-101Kg-269645556.jpg\",\"contentUrl\":\"https:\\\/\\\/agropecuariafenix.com.br\\\/wp-content\\\/uploads\\\/2025\\\/01\\\/Granplus-Gatos-Adultos-Castrados-Atum-E-Arroz-101Kg-269645556.jpg\",\"width\":1000,\"height\":1000,\"caption\":\"Granplus Gatos Adultos Castrados Atum E Arroz 10,1Kg\"},{\"@type\":\"BreadcrumbList\",\"@id\":\"https:\\\/\\\/agropecuariafenix.com.br\\\/index.php\\\/produto\\\/granplus-gatos-adultos-castrados-atum-e-arroz-101kg\\\/#breadcrumb\",\"itemListElement\":[{\"@type\":\"ListItem\",\"position\":1,\"name\":\"In\u00edcio\",\"item\":\"https:\\\/\\\/agropecuariafenix.com.br\\\/\"},{\"@type\":\"ListItem\",\"position\":2,\"name\":\"Todos os produtos\",\"item\":\"https:\\\/\\\/agropecuariafenix.com.br\\\/index.php\\\/loja\\\/\"},{\"@type\":\"ListItem\",\"position\":3,\"name\":\"Granplus Gatos Adultos Castrados Atum E Arroz 10,1Kg\"}]},{\"@type\":\"WebSite\",\"@id\":\"https:\\\/\\\/agropecuariafenix.com.br\\\/#website\",\"url\":\"https:\\\/\\\/agropecuariafenix.com.br\\\/\",\"name\":\"Agropecu\u00e1ria Fenix\",\"description\":\"Agropecu\u00e1ria F\u00eanix Pet - Ra\u00e7\u00f5es \\\/ Medicamentos Pet \\\/ Cl\u00ednica Veterin\u00e1ria \\\/ Banho e Tosa \\\/ Cachorro \\\/\u00a0Gato\u00a0\\\/\u00a0P\u00e1ssaros\",\"publisher\":{\"@id\":\"https:\\\/\\\/agropecuariafenix.com.br\\\/#organization\"},\"alternateName\":\"Agropecu\u00e1ria Fenix\",\"potentialAction\":[{\"@type\":\"SearchAction\",\"target\":{\"@type\":\"EntryPoint\",\"urlTemplate\":\"https:\\\/\\\/agropecuariafenix.com.br\\\/?s={search_term_string}\"},\"query-input\":{\"@type\":\"PropertyValueSpecification\",\"valueRequired\":true,\"valueName\":\"search_term_string\"}}],\"inLanguage\":\"pt-BR\"},{\"@type\":\"Organization\",\"@id\":\"https:\\\/\\\/agropecuariafenix.com.br\\\/#organization\",\"name\":\"Agropecu\u00e1ria Fenix\",\"alternateName\":\"Agropecu\u00e1ria Fenix\",\"url\":\"https:\\\/\\\/agropecuariafenix.com.br\\\/\",\"logo\":{\"@type\":\"ImageObject\",\"inLanguage\":\"pt-BR\",\"@id\":\"https:\\\/\\\/agropecuariafenix.com.br\\\/#\\\/schema\\\/logo\\\/image\\\/\",\"url\":\"https:\\\/\\\/agropecuariafenix.com.br\\\/wp-content\\\/uploads\\\/2023\\\/08\\\/logo_fenix3-Copy.png\",\"contentUrl\":\"https:\\\/\\\/agropecuariafenix.com.br\\\/wp-content\\\/uploads\\\/2023\\\/08\\\/logo_fenix3-Copy.png\",\"width\":500,\"height\":500,\"caption\":\"Agropecu\u00e1ria Fenix\"},\"image\":{\"@id\":\"https:\\\/\\\/agropecuariafenix.com.br\\\/#\\\/schema\\\/logo\\\/image\\\/\"},\"sameAs\":[\"https:\\\/\\\/web.facebook.com\\\/agropecuariafenixjau\",\"https:\\\/\\\/www.instagram.com\\\/agropecuaria_fenix_jau\\\/\"]}]}<\/script>\n<!-- \/ Yoast SEO plugin. -->","yoast_head_json":{"title":"Granplus Gatos Adultos Castrados Atum E Arroz 10,1Kg - Agropecu\u00e1ria Fenix","robots":{"index":"index","follow":"follow","max-snippet":"max-snippet:-1","max-image-preview":"max-image-preview:large","max-video-preview":"max-video-preview:-1"},"canonical":"https:\/\/agropecuariafenix.com.br\/index.php\/produto\/granplus-gatos-adultos-castrados-atum-e-arroz-101kg\/","og_locale":"pt_BR","og_type":"article","og_title":"Granplus Gatos Adultos Castrados Atum E Arroz 10,1Kg - Agropecu\u00e1ria Fenix","og_description":"Detalhes do Produto Indicada para gatos; Alimento feito com ingredientes nobres; Prote\u00edna de alta qualidade; Proporciona uma experi\u00eancia de muito sabor; Ajuda a manter seu peso; Com controle de calorias; Dispon\u00edvel em embalagens de 1kg, 3kg e 10,1kg.","og_url":"https:\/\/agropecuariafenix.com.br\/index.php\/produto\/granplus-gatos-adultos-castrados-atum-e-arroz-101kg\/","og_site_name":"Agropecu\u00e1ria Fenix","article_publisher":"https:\/\/web.facebook.com\/agropecuariafenixjau","article_modified_time":"2025-10-14T14:11:52+00:00","og_image":[{"width":1000,"height":1000,"url":"https:\/\/agropecuariafenix.com.br\/wp-content\/uploads\/2025\/01\/Granplus-Gatos-Adultos-Castrados-Atum-E-Arroz-101Kg-269645556.jpg","type":"image\/jpeg"}],"twitter_card":"summary_large_image","twitter_misc":{"Est. tempo de leitura":"2 minutos"},"schema":{"@context":"https:\/\/schema.org","@graph":[{"@type":"WebPage","@id":"https:\/\/agropecuariafenix.com.br\/index.php\/produto\/granplus-gatos-adultos-castrados-atum-e-arroz-101kg\/","url":"https:\/\/agropecuariafenix.com.br\/index.php\/produto\/granplus-gatos-adultos-castrados-atum-e-arroz-101kg\/","name":"Granplus Gatos Adultos Castrados Atum E Arroz 10,1Kg - Agropecu\u00e1ria Fenix","isPartOf":{"@id":"https:\/\/agropecuariafenix.com.br\/#website"},"primaryImageOfPage":{"@id":"https:\/\/agropecuariafenix.com.br\/index.php\/produto\/granplus-gatos-adultos-castrados-atum-e-arroz-101kg\/#primaryimage"},"image":{"@id":"https:\/\/agropecuariafenix.com.br\/index.php\/produto\/granplus-gatos-adultos-castrados-atum-e-arroz-101kg\/#primaryimage"},"thumbnailUrl":"https:\/\/agropecuariafenix.com.br\/wp-content\/uploads\/2025\/01\/Granplus-Gatos-Adultos-Castrados-Atum-E-Arroz-101Kg-269645556.jpg","datePublished":"2022-03-16T20:41:37+00:00","dateModified":"2025-10-14T14:11:52+00:00","breadcrumb":{"@id":"https:\/\/agropecuariafenix.com.br\/index.php\/produto\/granplus-gatos-adultos-castrados-atum-e-arroz-101kg\/#breadcrumb"},"inLanguage":"pt-BR","potentialAction":[{"@type":"ReadAction","target":["https:\/\/agropecuariafenix.com.br\/index.php\/produto\/granplus-gatos-adultos-castrados-atum-e-arroz-101kg\/"]}]},{"@type":"ImageObject","inLanguage":"pt-BR","@id":"https:\/\/agropecuariafenix.com.br\/index.php\/produto\/granplus-gatos-adultos-castrados-atum-e-arroz-101kg\/#primaryimage","url":"https:\/\/agropecuariafenix.com.br\/wp-content\/uploads\/2025\/01\/Granplus-Gatos-Adultos-Castrados-Atum-E-Arroz-101Kg-269645556.jpg","contentUrl":"https:\/\/agropecuariafenix.com.br\/wp-content\/uploads\/2025\/01\/Granplus-Gatos-Adultos-Castrados-Atum-E-Arroz-101Kg-269645556.jpg","width":1000,"height":1000,"caption":"Granplus Gatos Adultos Castrados Atum E Arroz 10,1Kg"},{"@type":"BreadcrumbList","@id":"https:\/\/agropecuariafenix.com.br\/index.php\/produto\/granplus-gatos-adultos-castrados-atum-e-arroz-101kg\/#breadcrumb","itemListElement":[{"@type":"ListItem","position":1,"name":"In\u00edcio","item":"https:\/\/agropecuariafenix.com.br\/"},{"@type":"ListItem","position":2,"name":"Todos os produtos","item":"https:\/\/agropecuariafenix.com.br\/index.php\/loja\/"},{"@type":"ListItem","position":3,"name":"Granplus Gatos Adultos Castrados Atum E Arroz 10,1Kg"}]},{"@type":"WebSite","@id":"https:\/\/agropecuariafenix.com.br\/#website","url":"https:\/\/agropecuariafenix.com.br\/","name":"Agropecu\u00e1ria Fenix","description":"Agropecu\u00e1ria F\u00eanix Pet - Ra\u00e7\u00f5es \/ Medicamentos Pet \/ Cl\u00ednica Veterin\u00e1ria \/ Banho e Tosa \/ Cachorro \/\u00a0Gato\u00a0\/\u00a0P\u00e1ssaros","publisher":{"@id":"https:\/\/agropecuariafenix.com.br\/#organization"},"alternateName":"Agropecu\u00e1ria Fenix","potentialAction":[{"@type":"SearchAction","target":{"@type":"EntryPoint","urlTemplate":"https:\/\/agropecuariafenix.com.br\/?s={search_term_string}"},"query-input":{"@type":"PropertyValueSpecification","valueRequired":true,"valueName":"search_term_string"}}],"inLanguage":"pt-BR"},{"@type":"Organization","@id":"https:\/\/agropecuariafenix.com.br\/#organization","name":"Agropecu\u00e1ria Fenix","alternateName":"Agropecu\u00e1ria Fenix","url":"https:\/\/agropecuariafenix.com.br\/","logo":{"@type":"ImageObject","inLanguage":"pt-BR","@id":"https:\/\/agropecuariafenix.com.br\/#\/schema\/logo\/image\/","url":"https:\/\/agropecuariafenix.com.br\/wp-content\/uploads\/2023\/08\/logo_fenix3-Copy.png","contentUrl":"https:\/\/agropecuariafenix.com.br\/wp-content\/uploads\/2023\/08\/logo_fenix3-Copy.png","width":500,"height":500,"caption":"Agropecu\u00e1ria Fenix"},"image":{"@id":"https:\/\/agropecuariafenix.com.br\/#\/schema\/logo\/image\/"},"sameAs":["https:\/\/web.facebook.com\/agropecuariafenixjau","https:\/\/www.instagram.com\/agropecuaria_fenix_jau\/"]}]}},"_links":{"self":[{"href":"https:\/\/agropecuariafenix.com.br\/index.php\/wp-json\/wp\/v2\/product\/23971","targetHints":{"allow":["GET"]}}],"collection":[{"href":"https:\/\/agropecuariafenix.com.br\/index.php\/wp-json\/wp\/v2\/product"}],"about":[{"href":"https:\/\/agropecuariafenix.com.br\/index.php\/wp-json\/wp\/v2\/types\/product"}],"replies":[{"embeddable":true,"href":"https:\/\/agropecuariafenix.com.br\/index.php\/wp-json\/wp\/v2\/comments?post=23971"}],"version-history":[{"count":5,"href":"https:\/\/agropecuariafenix.com.br\/index.php\/wp-json\/wp\/v2\/product\/23971\/revisions"}],"predecessor-version":[{"id":28579,"href":"https:\/\/agropecuariafenix.com.br\/index.php\/wp-json\/wp\/v2\/product\/23971\/revisions\/28579"}],"wp:featuredmedia":[{"embeddable":true,"href":"https:\/\/agropecuariafenix.com.br\/index.php\/wp-json\/wp\/v2\/media\/27109"}],"wp:attachment":[{"href":"https:\/\/agropecuariafenix.com.br\/index.php\/wp-json\/wp\/v2\/media?parent=23971"}],"wp:term":[{"taxonomy":"product_brand","embeddable":true,"href":"https:\/\/agropecuariafenix.com.br\/index.php\/wp-json\/wp\/v2\/product_brand?post=23971"},{"taxonomy":"product_cat","embeddable":true,"href":"https:\/\/agropecuariafenix.com.br\/index.php\/wp-json\/wp\/v2\/product_cat?post=23971"},{"taxonomy":"product_tag","embeddable":true,"href":"https:\/\/agropecuariafenix.com.br\/index.php\/wp-json\/wp\/v2\/product_tag?post=23971"}],"curies":[{"name":"wp","href":"https:\/\/api.w.org\/{rel}","templated":true}]}}