{"id":23861,"date":"2022-03-16T16:00:32","date_gmt":"2022-03-16T19:00:32","guid":{"rendered":"https:\/\/agropecuariafenix.com.br\/index.php\/produto\/granplus-caes-adultos-carne-e-arroz-20kg\/"},"modified":"2025-10-28T16:58:43","modified_gmt":"2025-10-28T19:58:43","slug":"granplus-caes-adultos-carne-e-arroz-20kg","status":"publish","type":"product","link":"https:\/\/agropecuariafenix.com.br\/index.php\/produto\/granplus-caes-adultos-carne-e-arroz-20kg\/","title":{"rendered":"Granplus C\u00e3es Adultos Carne E Arroz 20Kg"},"content":{"rendered":"<p>A Ra\u00e7\u00e3o GranPlus Menu Carne e Arroz para C\u00e3es Adultos \u00e9 um alimento de alta qualidade, que proporciona uma experi\u00eancia irresist\u00edvel para seu c\u00e3o enquanto o nutre com ingredientes nobres e funcionais que trazem benef\u00edcios para sua sa\u00fade.<\/p>\n<p>Solicita\u00e7\u00f5es referentes \u00e0 Garantia de Satisfa\u00e7\u00e3o devem ser encaminhadas diretamente para o fabricante por meio do telefone 0800 016 9090. Para mais informa\u00e7\u00f5es acesse: https:\/\/granplus.com.br\/100-satisfacao\/<\/p>\n","protected":false},"excerpt":{"rendered":"<p>\u00d3timo funcionamento do organismo, com fonte rica em \u00f4mega 3 (EPA &amp; DHA): nutrientes essenciais;<br \/>\nArticula\u00e7\u00f5es fortes, com glicosamina e condroitina, que auxiliam na manuten\u00e7\u00e3o das articula\u00e7\u00f5es;<br \/>\n\u00d3timo equil\u00edbrio intestinal com polpa de beterraba e pr\u00e9-bi\u00f3tico MOS;<br \/>\nManuten\u00e7\u00e3o da massa muscular, com fontes nobres de prote\u00edna.<\/p>\n<p>Este produto possui Satisfa\u00e7\u00e3o Garantida.<\/p>\n","protected":false},"featured_media":27023,"comment_status":"open","ping_status":"closed","template":"","meta":[],"product_brand":[],"product_cat":[1630,80],"product_tag":[190,76,78,75,77,909],"class_list":{"0":"post-23861","1":"product","2":"type-product","3":"status-publish","4":"has-post-thumbnail","6":"product_cat-cao","7":"product_cat-racoes","8":"product_tag-20kg","9":"product_tag-adultos","10":"product_tag-arroz","11":"product_tag-caes","12":"product_tag-carne","13":"product_tag-granplus","15":"first","16":"instock","17":"shipping-taxable","18":"purchasable","19":"product-type-simple"},"yoast_head":"<!-- This site is optimized with the Yoast SEO plugin v26.1.1 - https:\/\/yoast.com\/wordpress\/plugins\/seo\/ -->\n<title>Granplus C\u00e3es Adultos Carne E Arroz 20Kg - Agropecu\u00e1ria Fenix<\/title>\n<meta name=\"robots\" content=\"index, follow, max-snippet:-1, max-image-preview:large, max-video-preview:-1\" \/>\n<link rel=\"canonical\" href=\"https:\/\/agropecuariafenix.com.br\/index.php\/produto\/granplus-caes-adultos-carne-e-arroz-20kg\/\" \/>\n<meta property=\"og:locale\" content=\"pt_BR\" \/>\n<meta property=\"og:type\" content=\"article\" \/>\n<meta property=\"og:title\" content=\"Granplus C\u00e3es Adultos Carne E Arroz 20Kg - Agropecu\u00e1ria Fenix\" \/>\n<meta property=\"og:description\" content=\"\u00d3timo funcionamento do organismo, com fonte rica em \u00f4mega 3 (EPA &amp; DHA): nutrientes essenciais; Articula\u00e7\u00f5es fortes, com glicosamina e condroitina, que auxiliam na manuten\u00e7\u00e3o das articula\u00e7\u00f5es; \u00d3timo equil\u00edbrio intestinal com polpa de beterraba e pr\u00e9-bi\u00f3tico MOS; Manuten\u00e7\u00e3o da massa muscular, com fontes nobres de prote\u00edna. Este produto possui Satisfa\u00e7\u00e3o Garantida.\" \/>\n<meta property=\"og:url\" content=\"https:\/\/agropecuariafenix.com.br\/index.php\/produto\/granplus-caes-adultos-carne-e-arroz-20kg\/\" \/>\n<meta property=\"og:site_name\" content=\"Agropecu\u00e1ria Fenix\" \/>\n<meta property=\"article:publisher\" content=\"https:\/\/web.facebook.com\/agropecuariafenixjau\" \/>\n<meta property=\"article:modified_time\" content=\"2025-10-28T19:58:43+00:00\" \/>\n<meta property=\"og:image\" content=\"https:\/\/agropecuariafenix.com.br\/wp-content\/uploads\/2024\/12\/Granplus-Ces-Adultos-Carne-E-Arroz-20Kg-993516255.jpg\" \/>\n\t<meta property=\"og:image:width\" content=\"400\" \/>\n\t<meta property=\"og:image:height\" content=\"400\" \/>\n\t<meta property=\"og:image:type\" content=\"image\/jpeg\" \/>\n<meta name=\"twitter:card\" content=\"summary_large_image\" \/>\n<script type=\"application\/ld+json\" class=\"yoast-schema-graph\">{\"@context\":\"https:\/\/schema.org\",\"@graph\":[{\"@type\":\"WebPage\",\"@id\":\"https:\/\/agropecuariafenix.com.br\/index.php\/produto\/granplus-caes-adultos-carne-e-arroz-20kg\/\",\"url\":\"https:\/\/agropecuariafenix.com.br\/index.php\/produto\/granplus-caes-adultos-carne-e-arroz-20kg\/\",\"name\":\"Granplus C\u00e3es Adultos Carne E Arroz 20Kg - Agropecu\u00e1ria Fenix\",\"isPartOf\":{\"@id\":\"https:\/\/agropecuariafenix.com.br\/#website\"},\"primaryImageOfPage\":{\"@id\":\"https:\/\/agropecuariafenix.com.br\/index.php\/produto\/granplus-caes-adultos-carne-e-arroz-20kg\/#primaryimage\"},\"image\":{\"@id\":\"https:\/\/agropecuariafenix.com.br\/index.php\/produto\/granplus-caes-adultos-carne-e-arroz-20kg\/#primaryimage\"},\"thumbnailUrl\":\"https:\/\/agropecuariafenix.com.br\/wp-content\/uploads\/2024\/12\/Granplus-Ces-Adultos-Carne-E-Arroz-20Kg-993516255.jpg\",\"datePublished\":\"2022-03-16T19:00:32+00:00\",\"dateModified\":\"2025-10-28T19:58:43+00:00\",\"breadcrumb\":{\"@id\":\"https:\/\/agropecuariafenix.com.br\/index.php\/produto\/granplus-caes-adultos-carne-e-arroz-20kg\/#breadcrumb\"},\"inLanguage\":\"pt-BR\",\"potentialAction\":[{\"@type\":\"ReadAction\",\"target\":[\"https:\/\/agropecuariafenix.com.br\/index.php\/produto\/granplus-caes-adultos-carne-e-arroz-20kg\/\"]}]},{\"@type\":\"ImageObject\",\"inLanguage\":\"pt-BR\",\"@id\":\"https:\/\/agropecuariafenix.com.br\/index.php\/produto\/granplus-caes-adultos-carne-e-arroz-20kg\/#primaryimage\",\"url\":\"https:\/\/agropecuariafenix.com.br\/wp-content\/uploads\/2024\/12\/Granplus-Ces-Adultos-Carne-E-Arroz-20Kg-993516255.jpg\",\"contentUrl\":\"https:\/\/agropecuariafenix.com.br\/wp-content\/uploads\/2024\/12\/Granplus-Ces-Adultos-Carne-E-Arroz-20Kg-993516255.jpg\",\"width\":400,\"height\":400,\"caption\":\"Granplus C\u00e3es Adultos Carne E Arroz 20Kg\"},{\"@type\":\"BreadcrumbList\",\"@id\":\"https:\/\/agropecuariafenix.com.br\/index.php\/produto\/granplus-caes-adultos-carne-e-arroz-20kg\/#breadcrumb\",\"itemListElement\":[{\"@type\":\"ListItem\",\"position\":1,\"name\":\"In\u00edcio\",\"item\":\"https:\/\/agropecuariafenix.com.br\/\"},{\"@type\":\"ListItem\",\"position\":2,\"name\":\"Todos os produtos\",\"item\":\"https:\/\/agropecuariafenix.com.br\/index.php\/loja\/\"},{\"@type\":\"ListItem\",\"position\":3,\"name\":\"Granplus C\u00e3es Adultos Carne E Arroz 20Kg\"}]},{\"@type\":\"WebSite\",\"@id\":\"https:\/\/agropecuariafenix.com.br\/#website\",\"url\":\"https:\/\/agropecuariafenix.com.br\/\",\"name\":\"Agropecu\u00e1ria Fenix\",\"description\":\"Agropecu\u00e1ria F\u00eanix Pet - Ra\u00e7\u00f5es \/ Medicamentos Pet \/ Cl\u00ednica Veterin\u00e1ria \/ Banho e Tosa \/ Cachorro \/\u00a0Gato\u00a0\/\u00a0P\u00e1ssaros\",\"publisher\":{\"@id\":\"https:\/\/agropecuariafenix.com.br\/#organization\"},\"alternateName\":\"Agropecu\u00e1ria Fenix\",\"potentialAction\":[{\"@type\":\"SearchAction\",\"target\":{\"@type\":\"EntryPoint\",\"urlTemplate\":\"https:\/\/agropecuariafenix.com.br\/?s={search_term_string}\"},\"query-input\":{\"@type\":\"PropertyValueSpecification\",\"valueRequired\":true,\"valueName\":\"search_term_string\"}}],\"inLanguage\":\"pt-BR\"},{\"@type\":\"Organization\",\"@id\":\"https:\/\/agropecuariafenix.com.br\/#organization\",\"name\":\"Agropecu\u00e1ria Fenix\",\"alternateName\":\"Agropecu\u00e1ria Fenix\",\"url\":\"https:\/\/agropecuariafenix.com.br\/\",\"logo\":{\"@type\":\"ImageObject\",\"inLanguage\":\"pt-BR\",\"@id\":\"https:\/\/agropecuariafenix.com.br\/#\/schema\/logo\/image\/\",\"url\":\"https:\/\/agropecuariafenix.com.br\/wp-content\/uploads\/2023\/08\/logo_fenix3-Copy.png\",\"contentUrl\":\"https:\/\/agropecuariafenix.com.br\/wp-content\/uploads\/2023\/08\/logo_fenix3-Copy.png\",\"width\":500,\"height\":500,\"caption\":\"Agropecu\u00e1ria Fenix\"},\"image\":{\"@id\":\"https:\/\/agropecuariafenix.com.br\/#\/schema\/logo\/image\/\"},\"sameAs\":[\"https:\/\/web.facebook.com\/agropecuariafenixjau\",\"https:\/\/www.instagram.com\/agropecuaria_fenix_jau\/\"]}]}<\/script>\n<!-- \/ Yoast SEO plugin. -->","yoast_head_json":{"title":"Granplus C\u00e3es Adultos Carne E Arroz 20Kg - Agropecu\u00e1ria Fenix","robots":{"index":"index","follow":"follow","max-snippet":"max-snippet:-1","max-image-preview":"max-image-preview:large","max-video-preview":"max-video-preview:-1"},"canonical":"https:\/\/agropecuariafenix.com.br\/index.php\/produto\/granplus-caes-adultos-carne-e-arroz-20kg\/","og_locale":"pt_BR","og_type":"article","og_title":"Granplus C\u00e3es Adultos Carne E Arroz 20Kg - Agropecu\u00e1ria Fenix","og_description":"\u00d3timo funcionamento do organismo, com fonte rica em \u00f4mega 3 (EPA &amp; DHA): nutrientes essenciais; Articula\u00e7\u00f5es fortes, com glicosamina e condroitina, que auxiliam na manuten\u00e7\u00e3o das articula\u00e7\u00f5es; \u00d3timo equil\u00edbrio intestinal com polpa de beterraba e pr\u00e9-bi\u00f3tico MOS; Manuten\u00e7\u00e3o da massa muscular, com fontes nobres de prote\u00edna. Este produto possui Satisfa\u00e7\u00e3o Garantida.","og_url":"https:\/\/agropecuariafenix.com.br\/index.php\/produto\/granplus-caes-adultos-carne-e-arroz-20kg\/","og_site_name":"Agropecu\u00e1ria Fenix","article_publisher":"https:\/\/web.facebook.com\/agropecuariafenixjau","article_modified_time":"2025-10-28T19:58:43+00:00","og_image":[{"width":400,"height":400,"url":"https:\/\/agropecuariafenix.com.br\/wp-content\/uploads\/2024\/12\/Granplus-Ces-Adultos-Carne-E-Arroz-20Kg-993516255.jpg","type":"image\/jpeg"}],"twitter_card":"summary_large_image","schema":{"@context":"https:\/\/schema.org","@graph":[{"@type":"WebPage","@id":"https:\/\/agropecuariafenix.com.br\/index.php\/produto\/granplus-caes-adultos-carne-e-arroz-20kg\/","url":"https:\/\/agropecuariafenix.com.br\/index.php\/produto\/granplus-caes-adultos-carne-e-arroz-20kg\/","name":"Granplus C\u00e3es Adultos Carne E Arroz 20Kg - Agropecu\u00e1ria Fenix","isPartOf":{"@id":"https:\/\/agropecuariafenix.com.br\/#website"},"primaryImageOfPage":{"@id":"https:\/\/agropecuariafenix.com.br\/index.php\/produto\/granplus-caes-adultos-carne-e-arroz-20kg\/#primaryimage"},"image":{"@id":"https:\/\/agropecuariafenix.com.br\/index.php\/produto\/granplus-caes-adultos-carne-e-arroz-20kg\/#primaryimage"},"thumbnailUrl":"https:\/\/agropecuariafenix.com.br\/wp-content\/uploads\/2024\/12\/Granplus-Ces-Adultos-Carne-E-Arroz-20Kg-993516255.jpg","datePublished":"2022-03-16T19:00:32+00:00","dateModified":"2025-10-28T19:58:43+00:00","breadcrumb":{"@id":"https:\/\/agropecuariafenix.com.br\/index.php\/produto\/granplus-caes-adultos-carne-e-arroz-20kg\/#breadcrumb"},"inLanguage":"pt-BR","potentialAction":[{"@type":"ReadAction","target":["https:\/\/agropecuariafenix.com.br\/index.php\/produto\/granplus-caes-adultos-carne-e-arroz-20kg\/"]}]},{"@type":"ImageObject","inLanguage":"pt-BR","@id":"https:\/\/agropecuariafenix.com.br\/index.php\/produto\/granplus-caes-adultos-carne-e-arroz-20kg\/#primaryimage","url":"https:\/\/agropecuariafenix.com.br\/wp-content\/uploads\/2024\/12\/Granplus-Ces-Adultos-Carne-E-Arroz-20Kg-993516255.jpg","contentUrl":"https:\/\/agropecuariafenix.com.br\/wp-content\/uploads\/2024\/12\/Granplus-Ces-Adultos-Carne-E-Arroz-20Kg-993516255.jpg","width":400,"height":400,"caption":"Granplus C\u00e3es Adultos Carne E Arroz 20Kg"},{"@type":"BreadcrumbList","@id":"https:\/\/agropecuariafenix.com.br\/index.php\/produto\/granplus-caes-adultos-carne-e-arroz-20kg\/#breadcrumb","itemListElement":[{"@type":"ListItem","position":1,"name":"In\u00edcio","item":"https:\/\/agropecuariafenix.com.br\/"},{"@type":"ListItem","position":2,"name":"Todos os produtos","item":"https:\/\/agropecuariafenix.com.br\/index.php\/loja\/"},{"@type":"ListItem","position":3,"name":"Granplus C\u00e3es Adultos Carne E Arroz 20Kg"}]},{"@type":"WebSite","@id":"https:\/\/agropecuariafenix.com.br\/#website","url":"https:\/\/agropecuariafenix.com.br\/","name":"Agropecu\u00e1ria Fenix","description":"Agropecu\u00e1ria F\u00eanix Pet - Ra\u00e7\u00f5es \/ Medicamentos Pet \/ Cl\u00ednica Veterin\u00e1ria \/ Banho e Tosa \/ Cachorro \/\u00a0Gato\u00a0\/\u00a0P\u00e1ssaros","publisher":{"@id":"https:\/\/agropecuariafenix.com.br\/#organization"},"alternateName":"Agropecu\u00e1ria Fenix","potentialAction":[{"@type":"SearchAction","target":{"@type":"EntryPoint","urlTemplate":"https:\/\/agropecuariafenix.com.br\/?s={search_term_string}"},"query-input":{"@type":"PropertyValueSpecification","valueRequired":true,"valueName":"search_term_string"}}],"inLanguage":"pt-BR"},{"@type":"Organization","@id":"https:\/\/agropecuariafenix.com.br\/#organization","name":"Agropecu\u00e1ria Fenix","alternateName":"Agropecu\u00e1ria Fenix","url":"https:\/\/agropecuariafenix.com.br\/","logo":{"@type":"ImageObject","inLanguage":"pt-BR","@id":"https:\/\/agropecuariafenix.com.br\/#\/schema\/logo\/image\/","url":"https:\/\/agropecuariafenix.com.br\/wp-content\/uploads\/2023\/08\/logo_fenix3-Copy.png","contentUrl":"https:\/\/agropecuariafenix.com.br\/wp-content\/uploads\/2023\/08\/logo_fenix3-Copy.png","width":500,"height":500,"caption":"Agropecu\u00e1ria Fenix"},"image":{"@id":"https:\/\/agropecuariafenix.com.br\/#\/schema\/logo\/image\/"},"sameAs":["https:\/\/web.facebook.com\/agropecuariafenixjau","https:\/\/www.instagram.com\/agropecuaria_fenix_jau\/"]}]}},"_links":{"self":[{"href":"https:\/\/agropecuariafenix.com.br\/index.php\/wp-json\/wp\/v2\/product\/23861","targetHints":{"allow":["GET"]}}],"collection":[{"href":"https:\/\/agropecuariafenix.com.br\/index.php\/wp-json\/wp\/v2\/product"}],"about":[{"href":"https:\/\/agropecuariafenix.com.br\/index.php\/wp-json\/wp\/v2\/types\/product"}],"replies":[{"embeddable":true,"href":"https:\/\/agropecuariafenix.com.br\/index.php\/wp-json\/wp\/v2\/comments?post=23861"}],"version-history":[{"count":3,"href":"https:\/\/agropecuariafenix.com.br\/index.php\/wp-json\/wp\/v2\/product\/23861\/revisions"}],"predecessor-version":[{"id":28575,"href":"https:\/\/agropecuariafenix.com.br\/index.php\/wp-json\/wp\/v2\/product\/23861\/revisions\/28575"}],"wp:featuredmedia":[{"embeddable":true,"href":"https:\/\/agropecuariafenix.com.br\/index.php\/wp-json\/wp\/v2\/media\/27023"}],"wp:attachment":[{"href":"https:\/\/agropecuariafenix.com.br\/index.php\/wp-json\/wp\/v2\/media?parent=23861"}],"wp:term":[{"taxonomy":"product_brand","embeddable":true,"href":"https:\/\/agropecuariafenix.com.br\/index.php\/wp-json\/wp\/v2\/product_brand?post=23861"},{"taxonomy":"product_cat","embeddable":true,"href":"https:\/\/agropecuariafenix.com.br\/index.php\/wp-json\/wp\/v2\/product_cat?post=23861"},{"taxonomy":"product_tag","embeddable":true,"href":"https:\/\/agropecuariafenix.com.br\/index.php\/wp-json\/wp\/v2\/product_tag?post=23861"}],"curies":[{"name":"wp","href":"https:\/\/api.w.org\/{rel}","templated":true}]}}