{"id":23641,"date":"2022-03-12T16:21:54","date_gmt":"2022-03-12T19:21:54","guid":{"rendered":"https:\/\/agropecuariafenix.com.br\/index.php\/produto\/royal-canin-veterinary-diet-gatos-adultos-urinary-500g\/"},"modified":"2023-12-01T10:20:40","modified_gmt":"2023-12-01T13:20:40","slug":"royal-canin-veterinary-diet-gatos-adultos-urinary-500g","status":"publish","type":"product","link":"https:\/\/agropecuariafenix.com.br\/index.php\/produto\/royal-canin-veterinary-diet-gatos-adultos-urinary-500g\/","title":{"rendered":"Royal Canin Veterinary Diet Gatos Adultos Urinary 500G"},"content":{"rendered":"<p>A Ra\u00e7\u00e3o Royal Canin Feline Veterinary Diet Urinary S\/O, \u00e9 um importante alimento na dissolu\u00e7\u00e3o dos c\u00e1lculos urin\u00e1rios de estruvita. Previne as reca\u00eddas de urolit\u00edase por estruvita e por oxalato de c\u00e1lcio. O alimento dever\u00e1 ser fornecido ainda durante um m\u00eas ap\u00f3s a obten\u00e7\u00e3o de uma an\u00e1lise urin\u00e1ria bacteriol\u00f3gica negativa. Para evitar reca\u00eddas, preconizar um n\u00edvel de tratamento de 6 meses no m\u00e1ximo seguido de uma avalia\u00e7\u00e3o.<\/p>\n<p>Solicita\u00e7\u00f5es referentes \u00e0 Garantia de Satisfa\u00e7\u00e3o devem ser encaminhadas diretamente para o fabricante por meio do telefone 0800 703 5588. Para mais informa\u00e7\u00f5es acesse: https:\/\/www.royalcanin.com\/br\/about-us\/politica-de-satisfacao-garantida<\/p>\n","protected":false},"excerpt":{"rendered":"<p>&#8211; Alimento super premium indicado para animais em tratamento de c\u00e1lculos urin\u00e1rios;<br \/>\n&#8211; Suporte nutricional que auxilia a dissolver c\u00e1lculos de estruvita;<br \/>\n&#8211; O sistema RSS permite diminuir a concentra\u00e7\u00e3o de \u00edons que contribuem para a composi\u00e7\u00e3o de cristais;<br \/>\n&#8211; Este produto deve ser utilizado como auxiliar, portanto N\u00c3O substitui o tratamento convencional com medicamentos;<br \/>\n&#8211; Consulte sempre o m\u00e9dico veterin\u00e1rio de sua confian\u00e7a para o uso apropriado desta ra\u00e7\u00e3o.<\/p>\n<p>&#8211; Este produto possui Satisfa\u00e7\u00e3o Garantida. Saiba mais abaixo na descri\u00e7\u00e3o.<\/p>\n","protected":false},"featured_media":23640,"comment_status":"open","ping_status":"closed","template":"","meta":[],"product_brand":[],"product_cat":[696],"product_tag":[546,76,745,816,209,744,797,815],"class_list":{"0":"post-23641","1":"product","2":"type-product","3":"status-publish","4":"has-post-thumbnail","6":"product_cat-racao-medicamentosa","7":"product_tag-500g","8":"product_tag-adultos","9":"product_tag-canin","10":"product_tag-diet","11":"product_tag-gatos","12":"product_tag-royal","13":"product_tag-urinary","14":"product_tag-veterinary","16":"first","17":"instock","18":"shipping-taxable","19":"purchasable","20":"product-type-simple"},"yoast_head":"<!-- This site is optimized with the Yoast SEO plugin v27.6 - https:\/\/yoast.com\/product\/yoast-seo-wordpress\/ -->\n<title>Royal Canin Veterinary Diet Gatos Adultos Urinary 500G - Agropecu\u00e1ria Fenix<\/title>\n<meta name=\"robots\" content=\"index, follow, max-snippet:-1, max-image-preview:large, max-video-preview:-1\" \/>\n<link rel=\"canonical\" href=\"https:\/\/agropecuariafenix.com.br\/index.php\/produto\/royal-canin-veterinary-diet-gatos-adultos-urinary-500g\/\" \/>\n<meta property=\"og:locale\" content=\"pt_BR\" \/>\n<meta property=\"og:type\" content=\"article\" \/>\n<meta property=\"og:title\" content=\"Royal Canin Veterinary Diet Gatos Adultos Urinary 500G - Agropecu\u00e1ria Fenix\" \/>\n<meta property=\"og:description\" content=\"&#8211; Alimento super premium indicado para animais em tratamento de c\u00e1lculos urin\u00e1rios; &#8211; Suporte nutricional que auxilia a dissolver c\u00e1lculos de estruvita; &#8211; O sistema RSS permite diminuir a concentra\u00e7\u00e3o de \u00edons que contribuem para a composi\u00e7\u00e3o de cristais; &#8211; Este produto deve ser utilizado como auxiliar, portanto N\u00c3O substitui o tratamento convencional com medicamentos; &#8211; Consulte sempre o m\u00e9dico veterin\u00e1rio de sua confian\u00e7a para o uso apropriado desta ra\u00e7\u00e3o. &#8211; Este produto possui Satisfa\u00e7\u00e3o Garantida. Saiba mais abaixo na descri\u00e7\u00e3o.\" \/>\n<meta property=\"og:url\" content=\"https:\/\/agropecuariafenix.com.br\/index.php\/produto\/royal-canin-veterinary-diet-gatos-adultos-urinary-500g\/\" \/>\n<meta property=\"og:site_name\" content=\"Agropecu\u00e1ria Fenix\" \/>\n<meta property=\"article:publisher\" content=\"https:\/\/web.facebook.com\/agropecuariafenixjau\" \/>\n<meta property=\"article:modified_time\" content=\"2023-12-01T13:20:40+00:00\" \/>\n<meta property=\"og:image\" content=\"https:\/\/agropecuariafenix.com.br\/wp-content\/uploads\/2022\/03\/Royal_Canin_Veterinary_Diet_Gatos_Adultos_Urinary_500G_91750-1.jpg\" \/>\n\t<meta property=\"og:image:width\" content=\"900\" \/>\n\t<meta property=\"og:image:height\" content=\"900\" \/>\n\t<meta property=\"og:image:type\" content=\"image\/jpeg\" \/>\n<meta name=\"twitter:card\" content=\"summary_large_image\" \/>\n<meta name=\"twitter:label1\" content=\"Est. tempo de leitura\" \/>\n\t<meta name=\"twitter:data1\" content=\"1 minuto\" \/>\n<script type=\"application\/ld+json\" class=\"yoast-schema-graph\">{\"@context\":\"https:\\\/\\\/schema.org\",\"@graph\":[{\"@type\":\"WebPage\",\"@id\":\"https:\\\/\\\/agropecuariafenix.com.br\\\/index.php\\\/produto\\\/royal-canin-veterinary-diet-gatos-adultos-urinary-500g\\\/\",\"url\":\"https:\\\/\\\/agropecuariafenix.com.br\\\/index.php\\\/produto\\\/royal-canin-veterinary-diet-gatos-adultos-urinary-500g\\\/\",\"name\":\"Royal Canin Veterinary Diet Gatos Adultos Urinary 500G - Agropecu\u00e1ria Fenix\",\"isPartOf\":{\"@id\":\"https:\\\/\\\/agropecuariafenix.com.br\\\/#website\"},\"primaryImageOfPage\":{\"@id\":\"https:\\\/\\\/agropecuariafenix.com.br\\\/index.php\\\/produto\\\/royal-canin-veterinary-diet-gatos-adultos-urinary-500g\\\/#primaryimage\"},\"image\":{\"@id\":\"https:\\\/\\\/agropecuariafenix.com.br\\\/index.php\\\/produto\\\/royal-canin-veterinary-diet-gatos-adultos-urinary-500g\\\/#primaryimage\"},\"thumbnailUrl\":\"https:\\\/\\\/agropecuariafenix.com.br\\\/wp-content\\\/uploads\\\/2022\\\/03\\\/Royal_Canin_Veterinary_Diet_Gatos_Adultos_Urinary_500G_91750-1.jpg\",\"datePublished\":\"2022-03-12T19:21:54+00:00\",\"dateModified\":\"2023-12-01T13:20:40+00:00\",\"breadcrumb\":{\"@id\":\"https:\\\/\\\/agropecuariafenix.com.br\\\/index.php\\\/produto\\\/royal-canin-veterinary-diet-gatos-adultos-urinary-500g\\\/#breadcrumb\"},\"inLanguage\":\"pt-BR\",\"potentialAction\":[{\"@type\":\"ReadAction\",\"target\":[\"https:\\\/\\\/agropecuariafenix.com.br\\\/index.php\\\/produto\\\/royal-canin-veterinary-diet-gatos-adultos-urinary-500g\\\/\"]}]},{\"@type\":\"ImageObject\",\"inLanguage\":\"pt-BR\",\"@id\":\"https:\\\/\\\/agropecuariafenix.com.br\\\/index.php\\\/produto\\\/royal-canin-veterinary-diet-gatos-adultos-urinary-500g\\\/#primaryimage\",\"url\":\"https:\\\/\\\/agropecuariafenix.com.br\\\/wp-content\\\/uploads\\\/2022\\\/03\\\/Royal_Canin_Veterinary_Diet_Gatos_Adultos_Urinary_500G_91750-1.jpg\",\"contentUrl\":\"https:\\\/\\\/agropecuariafenix.com.br\\\/wp-content\\\/uploads\\\/2022\\\/03\\\/Royal_Canin_Veterinary_Diet_Gatos_Adultos_Urinary_500G_91750-1.jpg\",\"width\":900,\"height\":900,\"caption\":\"Royal Canin Veterinary Diet Gatos Adultos Urinary 500G\"},{\"@type\":\"BreadcrumbList\",\"@id\":\"https:\\\/\\\/agropecuariafenix.com.br\\\/index.php\\\/produto\\\/royal-canin-veterinary-diet-gatos-adultos-urinary-500g\\\/#breadcrumb\",\"itemListElement\":[{\"@type\":\"ListItem\",\"position\":1,\"name\":\"In\u00edcio\",\"item\":\"https:\\\/\\\/agropecuariafenix.com.br\\\/\"},{\"@type\":\"ListItem\",\"position\":2,\"name\":\"Todos os produtos\",\"item\":\"https:\\\/\\\/agropecuariafenix.com.br\\\/index.php\\\/loja\\\/\"},{\"@type\":\"ListItem\",\"position\":3,\"name\":\"Royal Canin Veterinary Diet Gatos Adultos Urinary 500G\"}]},{\"@type\":\"WebSite\",\"@id\":\"https:\\\/\\\/agropecuariafenix.com.br\\\/#website\",\"url\":\"https:\\\/\\\/agropecuariafenix.com.br\\\/\",\"name\":\"Agropecu\u00e1ria Fenix\",\"description\":\"Agropecu\u00e1ria F\u00eanix Pet - Ra\u00e7\u00f5es \\\/ Medicamentos Pet \\\/ Cl\u00ednica Veterin\u00e1ria \\\/ Banho e Tosa \\\/ Cachorro \\\/\u00a0Gato\u00a0\\\/\u00a0P\u00e1ssaros\",\"publisher\":{\"@id\":\"https:\\\/\\\/agropecuariafenix.com.br\\\/#organization\"},\"alternateName\":\"Agropecu\u00e1ria Fenix\",\"potentialAction\":[{\"@type\":\"SearchAction\",\"target\":{\"@type\":\"EntryPoint\",\"urlTemplate\":\"https:\\\/\\\/agropecuariafenix.com.br\\\/?s={search_term_string}\"},\"query-input\":{\"@type\":\"PropertyValueSpecification\",\"valueRequired\":true,\"valueName\":\"search_term_string\"}}],\"inLanguage\":\"pt-BR\"},{\"@type\":\"Organization\",\"@id\":\"https:\\\/\\\/agropecuariafenix.com.br\\\/#organization\",\"name\":\"Agropecu\u00e1ria Fenix\",\"alternateName\":\"Agropecu\u00e1ria Fenix\",\"url\":\"https:\\\/\\\/agropecuariafenix.com.br\\\/\",\"logo\":{\"@type\":\"ImageObject\",\"inLanguage\":\"pt-BR\",\"@id\":\"https:\\\/\\\/agropecuariafenix.com.br\\\/#\\\/schema\\\/logo\\\/image\\\/\",\"url\":\"https:\\\/\\\/agropecuariafenix.com.br\\\/wp-content\\\/uploads\\\/2023\\\/08\\\/logo_fenix3-Copy.png\",\"contentUrl\":\"https:\\\/\\\/agropecuariafenix.com.br\\\/wp-content\\\/uploads\\\/2023\\\/08\\\/logo_fenix3-Copy.png\",\"width\":500,\"height\":500,\"caption\":\"Agropecu\u00e1ria Fenix\"},\"image\":{\"@id\":\"https:\\\/\\\/agropecuariafenix.com.br\\\/#\\\/schema\\\/logo\\\/image\\\/\"},\"sameAs\":[\"https:\\\/\\\/web.facebook.com\\\/agropecuariafenixjau\",\"https:\\\/\\\/www.instagram.com\\\/agropecuaria_fenix_jau\\\/\"]}]}<\/script>\n<!-- \/ Yoast SEO plugin. -->","yoast_head_json":{"title":"Royal Canin Veterinary Diet Gatos Adultos Urinary 500G - Agropecu\u00e1ria Fenix","robots":{"index":"index","follow":"follow","max-snippet":"max-snippet:-1","max-image-preview":"max-image-preview:large","max-video-preview":"max-video-preview:-1"},"canonical":"https:\/\/agropecuariafenix.com.br\/index.php\/produto\/royal-canin-veterinary-diet-gatos-adultos-urinary-500g\/","og_locale":"pt_BR","og_type":"article","og_title":"Royal Canin Veterinary Diet Gatos Adultos Urinary 500G - Agropecu\u00e1ria Fenix","og_description":"&#8211; Alimento super premium indicado para animais em tratamento de c\u00e1lculos urin\u00e1rios; &#8211; Suporte nutricional que auxilia a dissolver c\u00e1lculos de estruvita; &#8211; O sistema RSS permite diminuir a concentra\u00e7\u00e3o de \u00edons que contribuem para a composi\u00e7\u00e3o de cristais; &#8211; Este produto deve ser utilizado como auxiliar, portanto N\u00c3O substitui o tratamento convencional com medicamentos; &#8211; Consulte sempre o m\u00e9dico veterin\u00e1rio de sua confian\u00e7a para o uso apropriado desta ra\u00e7\u00e3o. &#8211; Este produto possui Satisfa\u00e7\u00e3o Garantida. Saiba mais abaixo na descri\u00e7\u00e3o.","og_url":"https:\/\/agropecuariafenix.com.br\/index.php\/produto\/royal-canin-veterinary-diet-gatos-adultos-urinary-500g\/","og_site_name":"Agropecu\u00e1ria Fenix","article_publisher":"https:\/\/web.facebook.com\/agropecuariafenixjau","article_modified_time":"2023-12-01T13:20:40+00:00","og_image":[{"width":900,"height":900,"url":"https:\/\/agropecuariafenix.com.br\/wp-content\/uploads\/2022\/03\/Royal_Canin_Veterinary_Diet_Gatos_Adultos_Urinary_500G_91750-1.jpg","type":"image\/jpeg"}],"twitter_card":"summary_large_image","twitter_misc":{"Est. tempo de leitura":"1 minuto"},"schema":{"@context":"https:\/\/schema.org","@graph":[{"@type":"WebPage","@id":"https:\/\/agropecuariafenix.com.br\/index.php\/produto\/royal-canin-veterinary-diet-gatos-adultos-urinary-500g\/","url":"https:\/\/agropecuariafenix.com.br\/index.php\/produto\/royal-canin-veterinary-diet-gatos-adultos-urinary-500g\/","name":"Royal Canin Veterinary Diet Gatos Adultos Urinary 500G - Agropecu\u00e1ria Fenix","isPartOf":{"@id":"https:\/\/agropecuariafenix.com.br\/#website"},"primaryImageOfPage":{"@id":"https:\/\/agropecuariafenix.com.br\/index.php\/produto\/royal-canin-veterinary-diet-gatos-adultos-urinary-500g\/#primaryimage"},"image":{"@id":"https:\/\/agropecuariafenix.com.br\/index.php\/produto\/royal-canin-veterinary-diet-gatos-adultos-urinary-500g\/#primaryimage"},"thumbnailUrl":"https:\/\/agropecuariafenix.com.br\/wp-content\/uploads\/2022\/03\/Royal_Canin_Veterinary_Diet_Gatos_Adultos_Urinary_500G_91750-1.jpg","datePublished":"2022-03-12T19:21:54+00:00","dateModified":"2023-12-01T13:20:40+00:00","breadcrumb":{"@id":"https:\/\/agropecuariafenix.com.br\/index.php\/produto\/royal-canin-veterinary-diet-gatos-adultos-urinary-500g\/#breadcrumb"},"inLanguage":"pt-BR","potentialAction":[{"@type":"ReadAction","target":["https:\/\/agropecuariafenix.com.br\/index.php\/produto\/royal-canin-veterinary-diet-gatos-adultos-urinary-500g\/"]}]},{"@type":"ImageObject","inLanguage":"pt-BR","@id":"https:\/\/agropecuariafenix.com.br\/index.php\/produto\/royal-canin-veterinary-diet-gatos-adultos-urinary-500g\/#primaryimage","url":"https:\/\/agropecuariafenix.com.br\/wp-content\/uploads\/2022\/03\/Royal_Canin_Veterinary_Diet_Gatos_Adultos_Urinary_500G_91750-1.jpg","contentUrl":"https:\/\/agropecuariafenix.com.br\/wp-content\/uploads\/2022\/03\/Royal_Canin_Veterinary_Diet_Gatos_Adultos_Urinary_500G_91750-1.jpg","width":900,"height":900,"caption":"Royal Canin Veterinary Diet Gatos Adultos Urinary 500G"},{"@type":"BreadcrumbList","@id":"https:\/\/agropecuariafenix.com.br\/index.php\/produto\/royal-canin-veterinary-diet-gatos-adultos-urinary-500g\/#breadcrumb","itemListElement":[{"@type":"ListItem","position":1,"name":"In\u00edcio","item":"https:\/\/agropecuariafenix.com.br\/"},{"@type":"ListItem","position":2,"name":"Todos os produtos","item":"https:\/\/agropecuariafenix.com.br\/index.php\/loja\/"},{"@type":"ListItem","position":3,"name":"Royal Canin Veterinary Diet Gatos Adultos Urinary 500G"}]},{"@type":"WebSite","@id":"https:\/\/agropecuariafenix.com.br\/#website","url":"https:\/\/agropecuariafenix.com.br\/","name":"Agropecu\u00e1ria Fenix","description":"Agropecu\u00e1ria F\u00eanix Pet - Ra\u00e7\u00f5es \/ Medicamentos Pet \/ Cl\u00ednica Veterin\u00e1ria \/ Banho e Tosa \/ Cachorro \/\u00a0Gato\u00a0\/\u00a0P\u00e1ssaros","publisher":{"@id":"https:\/\/agropecuariafenix.com.br\/#organization"},"alternateName":"Agropecu\u00e1ria Fenix","potentialAction":[{"@type":"SearchAction","target":{"@type":"EntryPoint","urlTemplate":"https:\/\/agropecuariafenix.com.br\/?s={search_term_string}"},"query-input":{"@type":"PropertyValueSpecification","valueRequired":true,"valueName":"search_term_string"}}],"inLanguage":"pt-BR"},{"@type":"Organization","@id":"https:\/\/agropecuariafenix.com.br\/#organization","name":"Agropecu\u00e1ria Fenix","alternateName":"Agropecu\u00e1ria Fenix","url":"https:\/\/agropecuariafenix.com.br\/","logo":{"@type":"ImageObject","inLanguage":"pt-BR","@id":"https:\/\/agropecuariafenix.com.br\/#\/schema\/logo\/image\/","url":"https:\/\/agropecuariafenix.com.br\/wp-content\/uploads\/2023\/08\/logo_fenix3-Copy.png","contentUrl":"https:\/\/agropecuariafenix.com.br\/wp-content\/uploads\/2023\/08\/logo_fenix3-Copy.png","width":500,"height":500,"caption":"Agropecu\u00e1ria Fenix"},"image":{"@id":"https:\/\/agropecuariafenix.com.br\/#\/schema\/logo\/image\/"},"sameAs":["https:\/\/web.facebook.com\/agropecuariafenixjau","https:\/\/www.instagram.com\/agropecuaria_fenix_jau\/"]}]}},"_links":{"self":[{"href":"https:\/\/agropecuariafenix.com.br\/index.php\/wp-json\/wp\/v2\/product\/23641","targetHints":{"allow":["GET"]}}],"collection":[{"href":"https:\/\/agropecuariafenix.com.br\/index.php\/wp-json\/wp\/v2\/product"}],"about":[{"href":"https:\/\/agropecuariafenix.com.br\/index.php\/wp-json\/wp\/v2\/types\/product"}],"replies":[{"embeddable":true,"href":"https:\/\/agropecuariafenix.com.br\/index.php\/wp-json\/wp\/v2\/comments?post=23641"}],"version-history":[{"count":1,"href":"https:\/\/agropecuariafenix.com.br\/index.php\/wp-json\/wp\/v2\/product\/23641\/revisions"}],"predecessor-version":[{"id":23644,"href":"https:\/\/agropecuariafenix.com.br\/index.php\/wp-json\/wp\/v2\/product\/23641\/revisions\/23644"}],"wp:featuredmedia":[{"embeddable":true,"href":"https:\/\/agropecuariafenix.com.br\/index.php\/wp-json\/wp\/v2\/media\/23640"}],"wp:attachment":[{"href":"https:\/\/agropecuariafenix.com.br\/index.php\/wp-json\/wp\/v2\/media?parent=23641"}],"wp:term":[{"taxonomy":"product_brand","embeddable":true,"href":"https:\/\/agropecuariafenix.com.br\/index.php\/wp-json\/wp\/v2\/product_brand?post=23641"},{"taxonomy":"product_cat","embeddable":true,"href":"https:\/\/agropecuariafenix.com.br\/index.php\/wp-json\/wp\/v2\/product_cat?post=23641"},{"taxonomy":"product_tag","embeddable":true,"href":"https:\/\/agropecuariafenix.com.br\/index.php\/wp-json\/wp\/v2\/product_tag?post=23641"}],"curies":[{"name":"wp","href":"https:\/\/api.w.org\/{rel}","templated":true}]}}