{"id":23529,"date":"2022-03-11T15:28:13","date_gmt":"2022-03-11T18:28:13","guid":{"rendered":"https:\/\/agropecuariafenix.com.br\/index.php\/produto\/royal-canin-caes-adultos-mini-75kg\/"},"modified":"2025-11-05T15:33:24","modified_gmt":"2025-11-05T18:33:24","slug":"royal-canin-caes-adultos-mini-75kg","status":"publish","type":"product","link":"https:\/\/agropecuariafenix.com.br\/index.php\/produto\/royal-canin-caes-adultos-mini-75kg\/","title":{"rendered":"Royal Canin C\u00e3es Adultos Mini 7,5Kg"},"content":{"rendered":"<p>A Ra\u00e7\u00e3o Royal Canin Mini Adult para C\u00e3es Adultos de Ra\u00e7as Pequenas com 10 Meses ou mais de Idade \u00e9 destinada para cachorros adultos de ra\u00e7as pequenas a partir dos 10 meses de idade. O alimento visa manter o peso ideal do c\u00e3o por atender perfeitamente suas necessidades energ\u00e9ticas e favorecer a mobiliza\u00e7\u00e3o das reservas de gorduras pela L-carnitina. O produto conta com tripolifosfato de s\u00f3dio, forma e textura do croquete que estimulam a mastiga\u00e7\u00e3o e ajudam a limitar o dep\u00f3sito de &#8220;t\u00e1rtaro&#8221; nos dentes.<\/p>\n<p>*Solicita\u00e7\u00f5es referentes \u00e0 Garantia de Satisfa\u00e7\u00e3o devem ser encaminhadas diretamente para o fabricante por meio do telefone 0800 703 5588. Para mais informa\u00e7\u00f5es, acesse: http:\/\/www.royalcanin.com.br\/royal-canin\/sobre-a-royal-canin\/compromisso-publico-royal-canin<\/p>\n","protected":false},"excerpt":{"rendered":"<p>&#8211; Ra\u00e7\u00e3o de qualidade Super Premium;<br \/>\n&#8211; Indicada para c\u00e3es de porte pequeno (pesando de 1 a 10 Kg);<br \/>\n&#8211; Satisfaz apetites mais exigentes\/ caprichosos;<br \/>\n&#8211; Otimiza a qualidade e a beleza da pelagem;<br \/>\n&#8211; Estimula a mastiga\u00e7\u00e3o, ajudando a limitar o dep\u00f3sito de placa bacteriana nos dentes (&#8220;t\u00e1rtaro&#8221;).<\/p>\n<p>*Este produto possui Programa de Satisfa\u00e7\u00e3o Garantida. Saiba mais abaixo na descri\u00e7\u00e3o.<\/p>\n","protected":false},"featured_media":23528,"comment_status":"open","ping_status":"closed","template":"","meta":[],"product_brand":[],"product_cat":[80],"product_tag":[473,76,75,745,754,744],"class_list":{"0":"post-23529","1":"product","2":"type-product","3":"status-publish","4":"has-post-thumbnail","6":"product_cat-racoes","7":"product_tag-75kg-2","8":"product_tag-adultos","9":"product_tag-caes","10":"product_tag-canin","11":"product_tag-mini","12":"product_tag-royal","14":"first","15":"instock","16":"shipping-taxable","17":"purchasable","18":"product-type-simple"},"yoast_head":"<!-- This site is optimized with the Yoast SEO plugin v26.1.1 - https:\/\/yoast.com\/wordpress\/plugins\/seo\/ -->\n<title>Royal Canin C\u00e3es Adultos Mini 7,5Kg - Agropecu\u00e1ria Fenix<\/title>\n<meta name=\"robots\" content=\"index, follow, max-snippet:-1, max-image-preview:large, max-video-preview:-1\" \/>\n<link rel=\"canonical\" href=\"https:\/\/agropecuariafenix.com.br\/index.php\/produto\/royal-canin-caes-adultos-mini-75kg\/\" \/>\n<meta property=\"og:locale\" content=\"pt_BR\" \/>\n<meta property=\"og:type\" content=\"article\" \/>\n<meta property=\"og:title\" content=\"Royal Canin C\u00e3es Adultos Mini 7,5Kg - Agropecu\u00e1ria Fenix\" \/>\n<meta property=\"og:description\" content=\"&#8211; Ra\u00e7\u00e3o de qualidade Super Premium; &#8211; Indicada para c\u00e3es de porte pequeno (pesando de 1 a 10 Kg); &#8211; Satisfaz apetites mais exigentes\/ caprichosos; &#8211; Otimiza a qualidade e a beleza da pelagem; &#8211; Estimula a mastiga\u00e7\u00e3o, ajudando a limitar o dep\u00f3sito de placa bacteriana nos dentes (&#8220;t\u00e1rtaro&#8221;). *Este produto possui Programa de Satisfa\u00e7\u00e3o Garantida. Saiba mais abaixo na descri\u00e7\u00e3o.\" \/>\n<meta property=\"og:url\" content=\"https:\/\/agropecuariafenix.com.br\/index.php\/produto\/royal-canin-caes-adultos-mini-75kg\/\" \/>\n<meta property=\"og:site_name\" content=\"Agropecu\u00e1ria Fenix\" \/>\n<meta property=\"article:publisher\" content=\"https:\/\/web.facebook.com\/agropecuariafenixjau\" \/>\n<meta property=\"article:modified_time\" content=\"2025-11-05T18:33:24+00:00\" \/>\n<meta property=\"og:image\" content=\"https:\/\/agropecuariafenix.com.br\/wp-content\/uploads\/2022\/03\/Royal_Canin_Ces_Adultos_Mini_75Kg_611910-1.jpg\" \/>\n\t<meta property=\"og:image:width\" content=\"700\" \/>\n\t<meta property=\"og:image:height\" content=\"700\" \/>\n\t<meta property=\"og:image:type\" content=\"image\/jpeg\" \/>\n<meta name=\"twitter:card\" content=\"summary_large_image\" \/>\n<meta name=\"twitter:label1\" content=\"Est. tempo de leitura\" \/>\n\t<meta name=\"twitter:data1\" content=\"1 minuto\" \/>\n<script type=\"application\/ld+json\" class=\"yoast-schema-graph\">{\"@context\":\"https:\/\/schema.org\",\"@graph\":[{\"@type\":\"WebPage\",\"@id\":\"https:\/\/agropecuariafenix.com.br\/index.php\/produto\/royal-canin-caes-adultos-mini-75kg\/\",\"url\":\"https:\/\/agropecuariafenix.com.br\/index.php\/produto\/royal-canin-caes-adultos-mini-75kg\/\",\"name\":\"Royal Canin C\u00e3es Adultos Mini 7,5Kg - Agropecu\u00e1ria Fenix\",\"isPartOf\":{\"@id\":\"https:\/\/agropecuariafenix.com.br\/#website\"},\"primaryImageOfPage\":{\"@id\":\"https:\/\/agropecuariafenix.com.br\/index.php\/produto\/royal-canin-caes-adultos-mini-75kg\/#primaryimage\"},\"image\":{\"@id\":\"https:\/\/agropecuariafenix.com.br\/index.php\/produto\/royal-canin-caes-adultos-mini-75kg\/#primaryimage\"},\"thumbnailUrl\":\"https:\/\/agropecuariafenix.com.br\/wp-content\/uploads\/2022\/03\/Royal_Canin_Ces_Adultos_Mini_75Kg_611910-1.jpg\",\"datePublished\":\"2022-03-11T18:28:13+00:00\",\"dateModified\":\"2025-11-05T18:33:24+00:00\",\"breadcrumb\":{\"@id\":\"https:\/\/agropecuariafenix.com.br\/index.php\/produto\/royal-canin-caes-adultos-mini-75kg\/#breadcrumb\"},\"inLanguage\":\"pt-BR\",\"potentialAction\":[{\"@type\":\"ReadAction\",\"target\":[\"https:\/\/agropecuariafenix.com.br\/index.php\/produto\/royal-canin-caes-adultos-mini-75kg\/\"]}]},{\"@type\":\"ImageObject\",\"inLanguage\":\"pt-BR\",\"@id\":\"https:\/\/agropecuariafenix.com.br\/index.php\/produto\/royal-canin-caes-adultos-mini-75kg\/#primaryimage\",\"url\":\"https:\/\/agropecuariafenix.com.br\/wp-content\/uploads\/2022\/03\/Royal_Canin_Ces_Adultos_Mini_75Kg_611910-1.jpg\",\"contentUrl\":\"https:\/\/agropecuariafenix.com.br\/wp-content\/uploads\/2022\/03\/Royal_Canin_Ces_Adultos_Mini_75Kg_611910-1.jpg\",\"width\":700,\"height\":700,\"caption\":\"Royal Canin C\u00e3es Adultos Mini 7,5Kg\"},{\"@type\":\"BreadcrumbList\",\"@id\":\"https:\/\/agropecuariafenix.com.br\/index.php\/produto\/royal-canin-caes-adultos-mini-75kg\/#breadcrumb\",\"itemListElement\":[{\"@type\":\"ListItem\",\"position\":1,\"name\":\"In\u00edcio\",\"item\":\"https:\/\/agropecuariafenix.com.br\/\"},{\"@type\":\"ListItem\",\"position\":2,\"name\":\"Todos os produtos\",\"item\":\"https:\/\/agropecuariafenix.com.br\/index.php\/loja\/\"},{\"@type\":\"ListItem\",\"position\":3,\"name\":\"Royal Canin C\u00e3es Adultos Mini 7,5Kg\"}]},{\"@type\":\"WebSite\",\"@id\":\"https:\/\/agropecuariafenix.com.br\/#website\",\"url\":\"https:\/\/agropecuariafenix.com.br\/\",\"name\":\"Agropecu\u00e1ria Fenix\",\"description\":\"Agropecu\u00e1ria F\u00eanix Pet - Ra\u00e7\u00f5es \/ Medicamentos Pet \/ Cl\u00ednica Veterin\u00e1ria \/ Banho e Tosa \/ Cachorro \/\u00a0Gato\u00a0\/\u00a0P\u00e1ssaros\",\"publisher\":{\"@id\":\"https:\/\/agropecuariafenix.com.br\/#organization\"},\"alternateName\":\"Agropecu\u00e1ria Fenix\",\"potentialAction\":[{\"@type\":\"SearchAction\",\"target\":{\"@type\":\"EntryPoint\",\"urlTemplate\":\"https:\/\/agropecuariafenix.com.br\/?s={search_term_string}\"},\"query-input\":{\"@type\":\"PropertyValueSpecification\",\"valueRequired\":true,\"valueName\":\"search_term_string\"}}],\"inLanguage\":\"pt-BR\"},{\"@type\":\"Organization\",\"@id\":\"https:\/\/agropecuariafenix.com.br\/#organization\",\"name\":\"Agropecu\u00e1ria Fenix\",\"alternateName\":\"Agropecu\u00e1ria Fenix\",\"url\":\"https:\/\/agropecuariafenix.com.br\/\",\"logo\":{\"@type\":\"ImageObject\",\"inLanguage\":\"pt-BR\",\"@id\":\"https:\/\/agropecuariafenix.com.br\/#\/schema\/logo\/image\/\",\"url\":\"https:\/\/agropecuariafenix.com.br\/wp-content\/uploads\/2023\/08\/logo_fenix3-Copy.png\",\"contentUrl\":\"https:\/\/agropecuariafenix.com.br\/wp-content\/uploads\/2023\/08\/logo_fenix3-Copy.png\",\"width\":500,\"height\":500,\"caption\":\"Agropecu\u00e1ria Fenix\"},\"image\":{\"@id\":\"https:\/\/agropecuariafenix.com.br\/#\/schema\/logo\/image\/\"},\"sameAs\":[\"https:\/\/web.facebook.com\/agropecuariafenixjau\",\"https:\/\/www.instagram.com\/agropecuaria_fenix_jau\/\"]}]}<\/script>\n<!-- \/ Yoast SEO plugin. -->","yoast_head_json":{"title":"Royal Canin C\u00e3es Adultos Mini 7,5Kg - Agropecu\u00e1ria Fenix","robots":{"index":"index","follow":"follow","max-snippet":"max-snippet:-1","max-image-preview":"max-image-preview:large","max-video-preview":"max-video-preview:-1"},"canonical":"https:\/\/agropecuariafenix.com.br\/index.php\/produto\/royal-canin-caes-adultos-mini-75kg\/","og_locale":"pt_BR","og_type":"article","og_title":"Royal Canin C\u00e3es Adultos Mini 7,5Kg - Agropecu\u00e1ria Fenix","og_description":"&#8211; Ra\u00e7\u00e3o de qualidade Super Premium; &#8211; Indicada para c\u00e3es de porte pequeno (pesando de 1 a 10 Kg); &#8211; Satisfaz apetites mais exigentes\/ caprichosos; &#8211; Otimiza a qualidade e a beleza da pelagem; &#8211; Estimula a mastiga\u00e7\u00e3o, ajudando a limitar o dep\u00f3sito de placa bacteriana nos dentes (&#8220;t\u00e1rtaro&#8221;). *Este produto possui Programa de Satisfa\u00e7\u00e3o Garantida. Saiba mais abaixo na descri\u00e7\u00e3o.","og_url":"https:\/\/agropecuariafenix.com.br\/index.php\/produto\/royal-canin-caes-adultos-mini-75kg\/","og_site_name":"Agropecu\u00e1ria Fenix","article_publisher":"https:\/\/web.facebook.com\/agropecuariafenixjau","article_modified_time":"2025-11-05T18:33:24+00:00","og_image":[{"width":700,"height":700,"url":"https:\/\/agropecuariafenix.com.br\/wp-content\/uploads\/2022\/03\/Royal_Canin_Ces_Adultos_Mini_75Kg_611910-1.jpg","type":"image\/jpeg"}],"twitter_card":"summary_large_image","twitter_misc":{"Est. tempo de leitura":"1 minuto"},"schema":{"@context":"https:\/\/schema.org","@graph":[{"@type":"WebPage","@id":"https:\/\/agropecuariafenix.com.br\/index.php\/produto\/royal-canin-caes-adultos-mini-75kg\/","url":"https:\/\/agropecuariafenix.com.br\/index.php\/produto\/royal-canin-caes-adultos-mini-75kg\/","name":"Royal Canin C\u00e3es Adultos Mini 7,5Kg - Agropecu\u00e1ria Fenix","isPartOf":{"@id":"https:\/\/agropecuariafenix.com.br\/#website"},"primaryImageOfPage":{"@id":"https:\/\/agropecuariafenix.com.br\/index.php\/produto\/royal-canin-caes-adultos-mini-75kg\/#primaryimage"},"image":{"@id":"https:\/\/agropecuariafenix.com.br\/index.php\/produto\/royal-canin-caes-adultos-mini-75kg\/#primaryimage"},"thumbnailUrl":"https:\/\/agropecuariafenix.com.br\/wp-content\/uploads\/2022\/03\/Royal_Canin_Ces_Adultos_Mini_75Kg_611910-1.jpg","datePublished":"2022-03-11T18:28:13+00:00","dateModified":"2025-11-05T18:33:24+00:00","breadcrumb":{"@id":"https:\/\/agropecuariafenix.com.br\/index.php\/produto\/royal-canin-caes-adultos-mini-75kg\/#breadcrumb"},"inLanguage":"pt-BR","potentialAction":[{"@type":"ReadAction","target":["https:\/\/agropecuariafenix.com.br\/index.php\/produto\/royal-canin-caes-adultos-mini-75kg\/"]}]},{"@type":"ImageObject","inLanguage":"pt-BR","@id":"https:\/\/agropecuariafenix.com.br\/index.php\/produto\/royal-canin-caes-adultos-mini-75kg\/#primaryimage","url":"https:\/\/agropecuariafenix.com.br\/wp-content\/uploads\/2022\/03\/Royal_Canin_Ces_Adultos_Mini_75Kg_611910-1.jpg","contentUrl":"https:\/\/agropecuariafenix.com.br\/wp-content\/uploads\/2022\/03\/Royal_Canin_Ces_Adultos_Mini_75Kg_611910-1.jpg","width":700,"height":700,"caption":"Royal Canin C\u00e3es Adultos Mini 7,5Kg"},{"@type":"BreadcrumbList","@id":"https:\/\/agropecuariafenix.com.br\/index.php\/produto\/royal-canin-caes-adultos-mini-75kg\/#breadcrumb","itemListElement":[{"@type":"ListItem","position":1,"name":"In\u00edcio","item":"https:\/\/agropecuariafenix.com.br\/"},{"@type":"ListItem","position":2,"name":"Todos os produtos","item":"https:\/\/agropecuariafenix.com.br\/index.php\/loja\/"},{"@type":"ListItem","position":3,"name":"Royal Canin C\u00e3es Adultos Mini 7,5Kg"}]},{"@type":"WebSite","@id":"https:\/\/agropecuariafenix.com.br\/#website","url":"https:\/\/agropecuariafenix.com.br\/","name":"Agropecu\u00e1ria Fenix","description":"Agropecu\u00e1ria F\u00eanix Pet - Ra\u00e7\u00f5es \/ Medicamentos Pet \/ Cl\u00ednica Veterin\u00e1ria \/ Banho e Tosa \/ Cachorro \/\u00a0Gato\u00a0\/\u00a0P\u00e1ssaros","publisher":{"@id":"https:\/\/agropecuariafenix.com.br\/#organization"},"alternateName":"Agropecu\u00e1ria Fenix","potentialAction":[{"@type":"SearchAction","target":{"@type":"EntryPoint","urlTemplate":"https:\/\/agropecuariafenix.com.br\/?s={search_term_string}"},"query-input":{"@type":"PropertyValueSpecification","valueRequired":true,"valueName":"search_term_string"}}],"inLanguage":"pt-BR"},{"@type":"Organization","@id":"https:\/\/agropecuariafenix.com.br\/#organization","name":"Agropecu\u00e1ria Fenix","alternateName":"Agropecu\u00e1ria Fenix","url":"https:\/\/agropecuariafenix.com.br\/","logo":{"@type":"ImageObject","inLanguage":"pt-BR","@id":"https:\/\/agropecuariafenix.com.br\/#\/schema\/logo\/image\/","url":"https:\/\/agropecuariafenix.com.br\/wp-content\/uploads\/2023\/08\/logo_fenix3-Copy.png","contentUrl":"https:\/\/agropecuariafenix.com.br\/wp-content\/uploads\/2023\/08\/logo_fenix3-Copy.png","width":500,"height":500,"caption":"Agropecu\u00e1ria Fenix"},"image":{"@id":"https:\/\/agropecuariafenix.com.br\/#\/schema\/logo\/image\/"},"sameAs":["https:\/\/web.facebook.com\/agropecuariafenixjau","https:\/\/www.instagram.com\/agropecuaria_fenix_jau\/"]}]}},"_links":{"self":[{"href":"https:\/\/agropecuariafenix.com.br\/index.php\/wp-json\/wp\/v2\/product\/23529","targetHints":{"allow":["GET"]}}],"collection":[{"href":"https:\/\/agropecuariafenix.com.br\/index.php\/wp-json\/wp\/v2\/product"}],"about":[{"href":"https:\/\/agropecuariafenix.com.br\/index.php\/wp-json\/wp\/v2\/types\/product"}],"replies":[{"embeddable":true,"href":"https:\/\/agropecuariafenix.com.br\/index.php\/wp-json\/wp\/v2\/comments?post=23529"}],"version-history":[{"count":1,"href":"https:\/\/agropecuariafenix.com.br\/index.php\/wp-json\/wp\/v2\/product\/23529\/revisions"}],"predecessor-version":[{"id":23538,"href":"https:\/\/agropecuariafenix.com.br\/index.php\/wp-json\/wp\/v2\/product\/23529\/revisions\/23538"}],"wp:featuredmedia":[{"embeddable":true,"href":"https:\/\/agropecuariafenix.com.br\/index.php\/wp-json\/wp\/v2\/media\/23528"}],"wp:attachment":[{"href":"https:\/\/agropecuariafenix.com.br\/index.php\/wp-json\/wp\/v2\/media?parent=23529"}],"wp:term":[{"taxonomy":"product_brand","embeddable":true,"href":"https:\/\/agropecuariafenix.com.br\/index.php\/wp-json\/wp\/v2\/product_brand?post=23529"},{"taxonomy":"product_cat","embeddable":true,"href":"https:\/\/agropecuariafenix.com.br\/index.php\/wp-json\/wp\/v2\/product_cat?post=23529"},{"taxonomy":"product_tag","embeddable":true,"href":"https:\/\/agropecuariafenix.com.br\/index.php\/wp-json\/wp\/v2\/product_tag?post=23529"}],"curies":[{"name":"wp","href":"https:\/\/api.w.org\/{rel}","templated":true}]}}