{"id":23456,"date":"2022-03-11T10:12:02","date_gmt":"2022-03-11T13:12:02","guid":{"rendered":"https:\/\/agropecuariafenix.com.br\/index.php\/produto\/premier-nutricao-clinica-caes-hipoalergenico-r-m-cordeiro-10kg\/"},"modified":"2025-11-26T19:18:17","modified_gmt":"2025-11-26T22:18:17","slug":"premier-nutricao-clinica-caes-hipoalergenico-r-m-cordeiro-10kg","status":"publish","type":"product","link":"https:\/\/agropecuariafenix.com.br\/index.php\/produto\/premier-nutricao-clinica-caes-hipoalergenico-r-m-cordeiro-10kg\/","title":{"rendered":"Premier Nutri\u00e7\u00e3o Cl\u00ednica C\u00e3es Hipoalerg\u00eanico R.M Cordeiro 10Kg"},"content":{"rendered":"<p>A Ra\u00e7\u00e3o Premier Nutri\u00e7\u00e3o Cl\u00ednica Hipoalerg\u00eanico para C\u00e3es Adultos M\u00e9dio e Grande Porte \u00e9 um alimento auxiliar para o tratamento de c\u00e3es adultos e filhotes com rea\u00e7\u00e3o adversa ao alimento que apresente sintomatologia dermatol\u00f3gica e\/ou intestinal. Al\u00e9m do acompanhamento realizado pelo m\u00e9dico veterin\u00e1rio, \u00e9 fundamental substituir a dieta por um alimento com menor potencial de causar alergia, reduzindo assim a possibilidade de ocorr\u00eancia dos sintomas. Os objetivos da dieta s\u00e3o: atrav\u00e9s de uma fonte de prote\u00edna hidrolisada reduzir a rea\u00e7\u00e3o adversa ao alimento, cuidado da pele por meio de n\u00edveis elevados de \u00e1cidos graxos \u00f4mega 3 e 6 e zinco, al\u00e9m disso, proporcionar uma digest\u00e3o facilitada e oferecer uma fonte exclusiva de carboidrato (farinha de mandioca). Este alimento deve ser utilizado sob orienta\u00e7\u00e3o de um profissional. Recomenda-se o uso por um per\u00edodo m\u00ednimo de 3 a 8 semanas. Se os sinais desaparecerem, este alimento pode ser utilizado continuadamente.<\/p>\n<p>Solicita\u00e7\u00f5es referentes \u00e0 Garantia de Satisfa\u00e7\u00e3o devem ser encaminhadas diretamente para o fabricante por meio do PremieR Responde \u2013 Telefone 0800 055 66 66. Para mais informa\u00e7\u00f5es acesse: https:\/\/www.premierpet.com.br\/garantia-premierpet\/<\/p>\n","protected":false},"excerpt":{"rendered":"<p>&#8211; Farinha de Mandioca: fonte exclusiva de carboidrato;<br \/>\n&#8211; Digest\u00e3o facilitada: combina\u00e7\u00e3o de ingredientes de alta digestibilidade;<br \/>\n&#8211; Prote\u00edna Hidrolisada: auxilia na redu\u00e7\u00e3o das rea\u00e7\u00f5es adversas aos alimentos;<br \/>\n&#8211; Cuidado da pele: n\u00edveis elevados de \u00e1cidos graxos \u00f4mega 3 e 6 e zinco, que proporcionam a integridade da pele.<\/p>\n<p>&#8211; Este produto possui Satisfa\u00e7\u00e3o Garantida. Saiba mais abaixo na descri\u00e7\u00e3o.<\/p>\n","protected":false},"featured_media":23455,"comment_status":"open","ping_status":"closed","template":"","meta":[],"product_brand":[],"product_cat":[696],"product_tag":[119,75,694,259,706,693,461],"class_list":{"0":"post-23456","1":"product","2":"type-product","3":"status-publish","4":"has-post-thumbnail","6":"product_cat-racao-medicamentosa","7":"product_tag-10kg","8":"product_tag-caes","9":"product_tag-clinica","10":"product_tag-cordeiro","11":"product_tag-hipoalergenico","12":"product_tag-nutricao","13":"product_tag-premier","15":"first","16":"instock","17":"shipping-taxable","18":"purchasable","19":"product-type-simple"},"yoast_head":"<!-- This site is optimized with the Yoast SEO plugin v27.6 - https:\/\/yoast.com\/product\/yoast-seo-wordpress\/ -->\n<title>Premier Nutri\u00e7\u00e3o Cl\u00ednica C\u00e3es Hipoalerg\u00eanico R.M Cordeiro 10Kg - Agropecu\u00e1ria Fenix<\/title>\n<meta name=\"robots\" content=\"index, follow, max-snippet:-1, max-image-preview:large, max-video-preview:-1\" \/>\n<link rel=\"canonical\" href=\"https:\/\/agropecuariafenix.com.br\/index.php\/produto\/premier-nutricao-clinica-caes-hipoalergenico-r-m-cordeiro-10kg\/\" \/>\n<meta property=\"og:locale\" content=\"pt_BR\" \/>\n<meta property=\"og:type\" content=\"article\" \/>\n<meta property=\"og:title\" content=\"Premier Nutri\u00e7\u00e3o Cl\u00ednica C\u00e3es Hipoalerg\u00eanico R.M Cordeiro 10Kg - Agropecu\u00e1ria Fenix\" \/>\n<meta property=\"og:description\" content=\"&#8211; Farinha de Mandioca: fonte exclusiva de carboidrato; &#8211; Digest\u00e3o facilitada: combina\u00e7\u00e3o de ingredientes de alta digestibilidade; &#8211; Prote\u00edna Hidrolisada: auxilia na redu\u00e7\u00e3o das rea\u00e7\u00f5es adversas aos alimentos; &#8211; Cuidado da pele: n\u00edveis elevados de \u00e1cidos graxos \u00f4mega 3 e 6 e zinco, que proporcionam a integridade da pele. &#8211; Este produto possui Satisfa\u00e7\u00e3o Garantida. Saiba mais abaixo na descri\u00e7\u00e3o.\" \/>\n<meta property=\"og:url\" content=\"https:\/\/agropecuariafenix.com.br\/index.php\/produto\/premier-nutricao-clinica-caes-hipoalergenico-r-m-cordeiro-10kg\/\" \/>\n<meta property=\"og:site_name\" content=\"Agropecu\u00e1ria Fenix\" \/>\n<meta property=\"article:publisher\" content=\"https:\/\/web.facebook.com\/agropecuariafenixjau\" \/>\n<meta property=\"article:modified_time\" content=\"2025-11-26T22:18:17+00:00\" \/>\n<meta property=\"og:image\" content=\"https:\/\/agropecuariafenix.com.br\/wp-content\/uploads\/2022\/03\/Premier_Nutrio_Clnica_Ces_Hipoalergnico_RM_Cordeiro_10Kg_168311-1.jpg\" \/>\n\t<meta property=\"og:image:width\" content=\"400\" \/>\n\t<meta property=\"og:image:height\" content=\"400\" \/>\n\t<meta property=\"og:image:type\" content=\"image\/jpeg\" \/>\n<meta name=\"twitter:card\" content=\"summary_large_image\" \/>\n<meta name=\"twitter:label1\" content=\"Est. tempo de leitura\" \/>\n\t<meta name=\"twitter:data1\" content=\"1 minuto\" \/>\n<script type=\"application\/ld+json\" class=\"yoast-schema-graph\">{\"@context\":\"https:\\\/\\\/schema.org\",\"@graph\":[{\"@type\":\"WebPage\",\"@id\":\"https:\\\/\\\/agropecuariafenix.com.br\\\/index.php\\\/produto\\\/premier-nutricao-clinica-caes-hipoalergenico-r-m-cordeiro-10kg\\\/\",\"url\":\"https:\\\/\\\/agropecuariafenix.com.br\\\/index.php\\\/produto\\\/premier-nutricao-clinica-caes-hipoalergenico-r-m-cordeiro-10kg\\\/\",\"name\":\"Premier Nutri\u00e7\u00e3o Cl\u00ednica C\u00e3es Hipoalerg\u00eanico R.M Cordeiro 10Kg - Agropecu\u00e1ria Fenix\",\"isPartOf\":{\"@id\":\"https:\\\/\\\/agropecuariafenix.com.br\\\/#website\"},\"primaryImageOfPage\":{\"@id\":\"https:\\\/\\\/agropecuariafenix.com.br\\\/index.php\\\/produto\\\/premier-nutricao-clinica-caes-hipoalergenico-r-m-cordeiro-10kg\\\/#primaryimage\"},\"image\":{\"@id\":\"https:\\\/\\\/agropecuariafenix.com.br\\\/index.php\\\/produto\\\/premier-nutricao-clinica-caes-hipoalergenico-r-m-cordeiro-10kg\\\/#primaryimage\"},\"thumbnailUrl\":\"https:\\\/\\\/agropecuariafenix.com.br\\\/wp-content\\\/uploads\\\/2022\\\/03\\\/Premier_Nutrio_Clnica_Ces_Hipoalergnico_RM_Cordeiro_10Kg_168311-1.jpg\",\"datePublished\":\"2022-03-11T13:12:02+00:00\",\"dateModified\":\"2025-11-26T22:18:17+00:00\",\"breadcrumb\":{\"@id\":\"https:\\\/\\\/agropecuariafenix.com.br\\\/index.php\\\/produto\\\/premier-nutricao-clinica-caes-hipoalergenico-r-m-cordeiro-10kg\\\/#breadcrumb\"},\"inLanguage\":\"pt-BR\",\"potentialAction\":[{\"@type\":\"ReadAction\",\"target\":[\"https:\\\/\\\/agropecuariafenix.com.br\\\/index.php\\\/produto\\\/premier-nutricao-clinica-caes-hipoalergenico-r-m-cordeiro-10kg\\\/\"]}]},{\"@type\":\"ImageObject\",\"inLanguage\":\"pt-BR\",\"@id\":\"https:\\\/\\\/agropecuariafenix.com.br\\\/index.php\\\/produto\\\/premier-nutricao-clinica-caes-hipoalergenico-r-m-cordeiro-10kg\\\/#primaryimage\",\"url\":\"https:\\\/\\\/agropecuariafenix.com.br\\\/wp-content\\\/uploads\\\/2022\\\/03\\\/Premier_Nutrio_Clnica_Ces_Hipoalergnico_RM_Cordeiro_10Kg_168311-1.jpg\",\"contentUrl\":\"https:\\\/\\\/agropecuariafenix.com.br\\\/wp-content\\\/uploads\\\/2022\\\/03\\\/Premier_Nutrio_Clnica_Ces_Hipoalergnico_RM_Cordeiro_10Kg_168311-1.jpg\",\"width\":400,\"height\":400,\"caption\":\"Premier Nutri\u00e7\u00e3o Cl\u00ednica C\u00e3es Hipoalerg\u00eanico R.M Cordeiro 10Kg\"},{\"@type\":\"BreadcrumbList\",\"@id\":\"https:\\\/\\\/agropecuariafenix.com.br\\\/index.php\\\/produto\\\/premier-nutricao-clinica-caes-hipoalergenico-r-m-cordeiro-10kg\\\/#breadcrumb\",\"itemListElement\":[{\"@type\":\"ListItem\",\"position\":1,\"name\":\"In\u00edcio\",\"item\":\"https:\\\/\\\/agropecuariafenix.com.br\\\/\"},{\"@type\":\"ListItem\",\"position\":2,\"name\":\"Todos os produtos\",\"item\":\"https:\\\/\\\/agropecuariafenix.com.br\\\/index.php\\\/loja\\\/\"},{\"@type\":\"ListItem\",\"position\":3,\"name\":\"Premier Nutri\u00e7\u00e3o Cl\u00ednica C\u00e3es Hipoalerg\u00eanico R.M Cordeiro 10Kg\"}]},{\"@type\":\"WebSite\",\"@id\":\"https:\\\/\\\/agropecuariafenix.com.br\\\/#website\",\"url\":\"https:\\\/\\\/agropecuariafenix.com.br\\\/\",\"name\":\"Agropecu\u00e1ria Fenix\",\"description\":\"Agropecu\u00e1ria F\u00eanix Pet - Ra\u00e7\u00f5es \\\/ Medicamentos Pet \\\/ Cl\u00ednica Veterin\u00e1ria \\\/ Banho e Tosa \\\/ Cachorro \\\/\u00a0Gato\u00a0\\\/\u00a0P\u00e1ssaros\",\"publisher\":{\"@id\":\"https:\\\/\\\/agropecuariafenix.com.br\\\/#organization\"},\"alternateName\":\"Agropecu\u00e1ria Fenix\",\"potentialAction\":[{\"@type\":\"SearchAction\",\"target\":{\"@type\":\"EntryPoint\",\"urlTemplate\":\"https:\\\/\\\/agropecuariafenix.com.br\\\/?s={search_term_string}\"},\"query-input\":{\"@type\":\"PropertyValueSpecification\",\"valueRequired\":true,\"valueName\":\"search_term_string\"}}],\"inLanguage\":\"pt-BR\"},{\"@type\":\"Organization\",\"@id\":\"https:\\\/\\\/agropecuariafenix.com.br\\\/#organization\",\"name\":\"Agropecu\u00e1ria Fenix\",\"alternateName\":\"Agropecu\u00e1ria Fenix\",\"url\":\"https:\\\/\\\/agropecuariafenix.com.br\\\/\",\"logo\":{\"@type\":\"ImageObject\",\"inLanguage\":\"pt-BR\",\"@id\":\"https:\\\/\\\/agropecuariafenix.com.br\\\/#\\\/schema\\\/logo\\\/image\\\/\",\"url\":\"https:\\\/\\\/agropecuariafenix.com.br\\\/wp-content\\\/uploads\\\/2023\\\/08\\\/logo_fenix3-Copy.png\",\"contentUrl\":\"https:\\\/\\\/agropecuariafenix.com.br\\\/wp-content\\\/uploads\\\/2023\\\/08\\\/logo_fenix3-Copy.png\",\"width\":500,\"height\":500,\"caption\":\"Agropecu\u00e1ria Fenix\"},\"image\":{\"@id\":\"https:\\\/\\\/agropecuariafenix.com.br\\\/#\\\/schema\\\/logo\\\/image\\\/\"},\"sameAs\":[\"https:\\\/\\\/web.facebook.com\\\/agropecuariafenixjau\",\"https:\\\/\\\/www.instagram.com\\\/agropecuaria_fenix_jau\\\/\"]}]}<\/script>\n<!-- \/ Yoast SEO plugin. -->","yoast_head_json":{"title":"Premier Nutri\u00e7\u00e3o Cl\u00ednica C\u00e3es Hipoalerg\u00eanico R.M Cordeiro 10Kg - Agropecu\u00e1ria Fenix","robots":{"index":"index","follow":"follow","max-snippet":"max-snippet:-1","max-image-preview":"max-image-preview:large","max-video-preview":"max-video-preview:-1"},"canonical":"https:\/\/agropecuariafenix.com.br\/index.php\/produto\/premier-nutricao-clinica-caes-hipoalergenico-r-m-cordeiro-10kg\/","og_locale":"pt_BR","og_type":"article","og_title":"Premier Nutri\u00e7\u00e3o Cl\u00ednica C\u00e3es Hipoalerg\u00eanico R.M Cordeiro 10Kg - Agropecu\u00e1ria Fenix","og_description":"&#8211; Farinha de Mandioca: fonte exclusiva de carboidrato; &#8211; Digest\u00e3o facilitada: combina\u00e7\u00e3o de ingredientes de alta digestibilidade; &#8211; Prote\u00edna Hidrolisada: auxilia na redu\u00e7\u00e3o das rea\u00e7\u00f5es adversas aos alimentos; &#8211; Cuidado da pele: n\u00edveis elevados de \u00e1cidos graxos \u00f4mega 3 e 6 e zinco, que proporcionam a integridade da pele. &#8211; Este produto possui Satisfa\u00e7\u00e3o Garantida. Saiba mais abaixo na descri\u00e7\u00e3o.","og_url":"https:\/\/agropecuariafenix.com.br\/index.php\/produto\/premier-nutricao-clinica-caes-hipoalergenico-r-m-cordeiro-10kg\/","og_site_name":"Agropecu\u00e1ria Fenix","article_publisher":"https:\/\/web.facebook.com\/agropecuariafenixjau","article_modified_time":"2025-11-26T22:18:17+00:00","og_image":[{"width":400,"height":400,"url":"https:\/\/agropecuariafenix.com.br\/wp-content\/uploads\/2022\/03\/Premier_Nutrio_Clnica_Ces_Hipoalergnico_RM_Cordeiro_10Kg_168311-1.jpg","type":"image\/jpeg"}],"twitter_card":"summary_large_image","twitter_misc":{"Est. tempo de leitura":"1 minuto"},"schema":{"@context":"https:\/\/schema.org","@graph":[{"@type":"WebPage","@id":"https:\/\/agropecuariafenix.com.br\/index.php\/produto\/premier-nutricao-clinica-caes-hipoalergenico-r-m-cordeiro-10kg\/","url":"https:\/\/agropecuariafenix.com.br\/index.php\/produto\/premier-nutricao-clinica-caes-hipoalergenico-r-m-cordeiro-10kg\/","name":"Premier Nutri\u00e7\u00e3o Cl\u00ednica C\u00e3es Hipoalerg\u00eanico R.M Cordeiro 10Kg - Agropecu\u00e1ria Fenix","isPartOf":{"@id":"https:\/\/agropecuariafenix.com.br\/#website"},"primaryImageOfPage":{"@id":"https:\/\/agropecuariafenix.com.br\/index.php\/produto\/premier-nutricao-clinica-caes-hipoalergenico-r-m-cordeiro-10kg\/#primaryimage"},"image":{"@id":"https:\/\/agropecuariafenix.com.br\/index.php\/produto\/premier-nutricao-clinica-caes-hipoalergenico-r-m-cordeiro-10kg\/#primaryimage"},"thumbnailUrl":"https:\/\/agropecuariafenix.com.br\/wp-content\/uploads\/2022\/03\/Premier_Nutrio_Clnica_Ces_Hipoalergnico_RM_Cordeiro_10Kg_168311-1.jpg","datePublished":"2022-03-11T13:12:02+00:00","dateModified":"2025-11-26T22:18:17+00:00","breadcrumb":{"@id":"https:\/\/agropecuariafenix.com.br\/index.php\/produto\/premier-nutricao-clinica-caes-hipoalergenico-r-m-cordeiro-10kg\/#breadcrumb"},"inLanguage":"pt-BR","potentialAction":[{"@type":"ReadAction","target":["https:\/\/agropecuariafenix.com.br\/index.php\/produto\/premier-nutricao-clinica-caes-hipoalergenico-r-m-cordeiro-10kg\/"]}]},{"@type":"ImageObject","inLanguage":"pt-BR","@id":"https:\/\/agropecuariafenix.com.br\/index.php\/produto\/premier-nutricao-clinica-caes-hipoalergenico-r-m-cordeiro-10kg\/#primaryimage","url":"https:\/\/agropecuariafenix.com.br\/wp-content\/uploads\/2022\/03\/Premier_Nutrio_Clnica_Ces_Hipoalergnico_RM_Cordeiro_10Kg_168311-1.jpg","contentUrl":"https:\/\/agropecuariafenix.com.br\/wp-content\/uploads\/2022\/03\/Premier_Nutrio_Clnica_Ces_Hipoalergnico_RM_Cordeiro_10Kg_168311-1.jpg","width":400,"height":400,"caption":"Premier Nutri\u00e7\u00e3o Cl\u00ednica C\u00e3es Hipoalerg\u00eanico R.M Cordeiro 10Kg"},{"@type":"BreadcrumbList","@id":"https:\/\/agropecuariafenix.com.br\/index.php\/produto\/premier-nutricao-clinica-caes-hipoalergenico-r-m-cordeiro-10kg\/#breadcrumb","itemListElement":[{"@type":"ListItem","position":1,"name":"In\u00edcio","item":"https:\/\/agropecuariafenix.com.br\/"},{"@type":"ListItem","position":2,"name":"Todos os produtos","item":"https:\/\/agropecuariafenix.com.br\/index.php\/loja\/"},{"@type":"ListItem","position":3,"name":"Premier Nutri\u00e7\u00e3o Cl\u00ednica C\u00e3es Hipoalerg\u00eanico R.M Cordeiro 10Kg"}]},{"@type":"WebSite","@id":"https:\/\/agropecuariafenix.com.br\/#website","url":"https:\/\/agropecuariafenix.com.br\/","name":"Agropecu\u00e1ria Fenix","description":"Agropecu\u00e1ria F\u00eanix Pet - Ra\u00e7\u00f5es \/ Medicamentos Pet \/ Cl\u00ednica Veterin\u00e1ria \/ Banho e Tosa \/ Cachorro \/\u00a0Gato\u00a0\/\u00a0P\u00e1ssaros","publisher":{"@id":"https:\/\/agropecuariafenix.com.br\/#organization"},"alternateName":"Agropecu\u00e1ria Fenix","potentialAction":[{"@type":"SearchAction","target":{"@type":"EntryPoint","urlTemplate":"https:\/\/agropecuariafenix.com.br\/?s={search_term_string}"},"query-input":{"@type":"PropertyValueSpecification","valueRequired":true,"valueName":"search_term_string"}}],"inLanguage":"pt-BR"},{"@type":"Organization","@id":"https:\/\/agropecuariafenix.com.br\/#organization","name":"Agropecu\u00e1ria Fenix","alternateName":"Agropecu\u00e1ria Fenix","url":"https:\/\/agropecuariafenix.com.br\/","logo":{"@type":"ImageObject","inLanguage":"pt-BR","@id":"https:\/\/agropecuariafenix.com.br\/#\/schema\/logo\/image\/","url":"https:\/\/agropecuariafenix.com.br\/wp-content\/uploads\/2023\/08\/logo_fenix3-Copy.png","contentUrl":"https:\/\/agropecuariafenix.com.br\/wp-content\/uploads\/2023\/08\/logo_fenix3-Copy.png","width":500,"height":500,"caption":"Agropecu\u00e1ria Fenix"},"image":{"@id":"https:\/\/agropecuariafenix.com.br\/#\/schema\/logo\/image\/"},"sameAs":["https:\/\/web.facebook.com\/agropecuariafenixjau","https:\/\/www.instagram.com\/agropecuaria_fenix_jau\/"]}]}},"_links":{"self":[{"href":"https:\/\/agropecuariafenix.com.br\/index.php\/wp-json\/wp\/v2\/product\/23456","targetHints":{"allow":["GET"]}}],"collection":[{"href":"https:\/\/agropecuariafenix.com.br\/index.php\/wp-json\/wp\/v2\/product"}],"about":[{"href":"https:\/\/agropecuariafenix.com.br\/index.php\/wp-json\/wp\/v2\/types\/product"}],"replies":[{"embeddable":true,"href":"https:\/\/agropecuariafenix.com.br\/index.php\/wp-json\/wp\/v2\/comments?post=23456"}],"version-history":[{"count":1,"href":"https:\/\/agropecuariafenix.com.br\/index.php\/wp-json\/wp\/v2\/product\/23456\/revisions"}],"predecessor-version":[{"id":23458,"href":"https:\/\/agropecuariafenix.com.br\/index.php\/wp-json\/wp\/v2\/product\/23456\/revisions\/23458"}],"wp:featuredmedia":[{"embeddable":true,"href":"https:\/\/agropecuariafenix.com.br\/index.php\/wp-json\/wp\/v2\/media\/23455"}],"wp:attachment":[{"href":"https:\/\/agropecuariafenix.com.br\/index.php\/wp-json\/wp\/v2\/media?parent=23456"}],"wp:term":[{"taxonomy":"product_brand","embeddable":true,"href":"https:\/\/agropecuariafenix.com.br\/index.php\/wp-json\/wp\/v2\/product_brand?post=23456"},{"taxonomy":"product_cat","embeddable":true,"href":"https:\/\/agropecuariafenix.com.br\/index.php\/wp-json\/wp\/v2\/product_cat?post=23456"},{"taxonomy":"product_tag","embeddable":true,"href":"https:\/\/agropecuariafenix.com.br\/index.php\/wp-json\/wp\/v2\/product_tag?post=23456"}],"curies":[{"name":"wp","href":"https:\/\/api.w.org\/{rel}","templated":true}]}}