{"id":23407,"date":"2022-03-10T17:06:20","date_gmt":"2022-03-10T20:06:20","guid":{"rendered":"https:\/\/agropecuariafenix.com.br\/index.php\/produto\/premier-nutricao-clinica-caes-adultos-renal-2kg\/"},"modified":"2025-07-18T14:09:53","modified_gmt":"2025-07-18T17:09:53","slug":"premier-nutricao-clinica-caes-adultos-renal-2kg","status":"publish","type":"product","link":"https:\/\/agropecuariafenix.com.br\/index.php\/produto\/premier-nutricao-clinica-caes-adultos-renal-2kg\/","title":{"rendered":"Premier Nutri\u00e7\u00e3o Cl\u00ednica C\u00e3es Adultos Renal 2Kg"},"content":{"rendered":"<p>A Ra\u00e7\u00e3o Premier Nutri\u00e7\u00e3o Cl\u00ednica Renal para C\u00e3es \u00e9 um alimento auxiliar ao tratamento da doen\u00e7a renal cr\u00f4nica e na diminui\u00e7\u00e3o da incid\u00eancia de c\u00e1lculos renais de oxalato de c\u00e1lcio em pacientes nefropatas. Al\u00e9m do tratamento prescrito pelo m\u00e9dico veterin\u00e1rio, algumas altera\u00e7\u00f5es na alimenta\u00e7\u00e3o podem ser ben\u00e9ficas para pacientes com doen\u00e7a renal cr\u00f4nica. Os objetivos da dieta s\u00e3o: minimizar os sintomas decorrentes da reten\u00e7\u00e3o de subst\u00e2ncias t\u00f3xicas e perda de elementos importantes na urina, diminuir a progress\u00e3o da doen\u00e7a, proteger o tecido renal que ainda permanece saud\u00e1vel, prevenir a forma\u00e7\u00e3o de c\u00e1lculos urin\u00e1rios de oxalato de c\u00e1lcio.<\/p>\n<p>Solicita\u00e7\u00f5es referentes \u00e0 Garantia de Satisfa\u00e7\u00e3o devem ser encaminhadas diretamente para o fabricante por meio do PremieR Responde \u2013 Telefone 0800 055 66 66. Para mais informa\u00e7\u00f5es acesse: https:\/\/www.premierpet.com.br\/garantia-premierpet\/<\/p>\n","protected":false},"excerpt":{"rendered":"<p>&#8211; Excesso de bases moderadamente elevado: preven\u00e7\u00e3o da acidose metab\u00f3lica atrav\u00e9s do equil\u00edbrio cati\u00f4nico da dieta;<br \/>\n&#8211; Teor reduzido de f\u00f3sforo: n\u00edveis reduzidos de f\u00f3sforo minimizam a progress\u00e3o da doen\u00e7a renal e a hiperfosfatemia comumente associada;<br \/>\n&#8211; Prote\u00edna reduzida: os n\u00edveis reduzidos de prote\u00edna mant\u00eam o balan\u00e7o nitrogenado, sem aumentar a uremia nos c\u00e3es com nefropatia cr\u00f4nica;<br \/>\n&#8211; EPA+DHA: os \u00e1cidos graxos essenciais da fam\u00edlia \u00d4mega 3 (EPA + DH\u2022 possuem um papel renoprotetor, pois auxiliam na melhor perfus\u00e3o renal e na diminui\u00e7\u00e3o de eicosanoides pr\u00f3-inflamat\u00f3rios, diminuindo a progress\u00e3o da doen\u00e7a renal.<\/p>\n<p>&#8211; Este produto possui Satisfa\u00e7\u00e3o Garantida. Saiba mais abaixo na descri\u00e7\u00e3o.<\/p>\n","protected":false},"featured_media":23406,"comment_status":"open","ping_status":"closed","template":"","meta":[],"product_brand":[],"product_cat":[696],"product_tag":[700,76,75,694,693,461,716],"class_list":{"0":"post-23407","1":"product","2":"type-product","3":"status-publish","4":"has-post-thumbnail","6":"product_cat-racao-medicamentosa","7":"product_tag-2kg","8":"product_tag-adultos","9":"product_tag-caes","10":"product_tag-clinica","11":"product_tag-nutricao","12":"product_tag-premier","13":"product_tag-renal","15":"first","16":"instock","17":"shipping-taxable","18":"purchasable","19":"product-type-simple"},"yoast_head":"<!-- This site is optimized with the Yoast SEO plugin v27.6 - https:\/\/yoast.com\/product\/yoast-seo-wordpress\/ -->\n<title>Premier Nutri\u00e7\u00e3o Cl\u00ednica C\u00e3es Adultos Renal 2Kg - Agropecu\u00e1ria Fenix<\/title>\n<meta name=\"robots\" content=\"index, follow, max-snippet:-1, max-image-preview:large, max-video-preview:-1\" \/>\n<link rel=\"canonical\" href=\"https:\/\/agropecuariafenix.com.br\/index.php\/produto\/premier-nutricao-clinica-caes-adultos-renal-2kg\/\" \/>\n<meta property=\"og:locale\" content=\"pt_BR\" \/>\n<meta property=\"og:type\" content=\"article\" \/>\n<meta property=\"og:title\" content=\"Premier Nutri\u00e7\u00e3o Cl\u00ednica C\u00e3es Adultos Renal 2Kg - Agropecu\u00e1ria Fenix\" \/>\n<meta property=\"og:description\" content=\"&#8211; Excesso de bases moderadamente elevado: preven\u00e7\u00e3o da acidose metab\u00f3lica atrav\u00e9s do equil\u00edbrio cati\u00f4nico da dieta; &#8211; Teor reduzido de f\u00f3sforo: n\u00edveis reduzidos de f\u00f3sforo minimizam a progress\u00e3o da doen\u00e7a renal e a hiperfosfatemia comumente associada; &#8211; Prote\u00edna reduzida: os n\u00edveis reduzidos de prote\u00edna mant\u00eam o balan\u00e7o nitrogenado, sem aumentar a uremia nos c\u00e3es com nefropatia cr\u00f4nica; &#8211; EPA+DHA: os \u00e1cidos graxos essenciais da fam\u00edlia \u00d4mega 3 (EPA + DH\u2022 possuem um papel renoprotetor, pois auxiliam na melhor perfus\u00e3o renal e na diminui\u00e7\u00e3o de eicosanoides pr\u00f3-inflamat\u00f3rios, diminuindo a progress\u00e3o da doen\u00e7a renal. &#8211; Este produto possui Satisfa\u00e7\u00e3o Garantida. Saiba mais abaixo na descri\u00e7\u00e3o.\" \/>\n<meta property=\"og:url\" content=\"https:\/\/agropecuariafenix.com.br\/index.php\/produto\/premier-nutricao-clinica-caes-adultos-renal-2kg\/\" \/>\n<meta property=\"og:site_name\" content=\"Agropecu\u00e1ria Fenix\" \/>\n<meta property=\"article:publisher\" content=\"https:\/\/web.facebook.com\/agropecuariafenixjau\" \/>\n<meta property=\"article:modified_time\" content=\"2025-07-18T17:09:53+00:00\" \/>\n<meta property=\"og:image\" content=\"https:\/\/agropecuariafenix.com.br\/wp-content\/uploads\/2022\/03\/Premier_Nutrio_Clnica_Ces_Adultos_Renal_2Kg_74642-1.jpg\" \/>\n\t<meta property=\"og:image:width\" content=\"700\" \/>\n\t<meta property=\"og:image:height\" content=\"700\" \/>\n\t<meta property=\"og:image:type\" content=\"image\/jpeg\" \/>\n<meta name=\"twitter:card\" content=\"summary_large_image\" \/>\n<meta name=\"twitter:label1\" content=\"Est. tempo de leitura\" \/>\n\t<meta name=\"twitter:data1\" content=\"1 minuto\" \/>\n<script type=\"application\/ld+json\" class=\"yoast-schema-graph\">{\"@context\":\"https:\\\/\\\/schema.org\",\"@graph\":[{\"@type\":\"WebPage\",\"@id\":\"https:\\\/\\\/agropecuariafenix.com.br\\\/index.php\\\/produto\\\/premier-nutricao-clinica-caes-adultos-renal-2kg\\\/\",\"url\":\"https:\\\/\\\/agropecuariafenix.com.br\\\/index.php\\\/produto\\\/premier-nutricao-clinica-caes-adultos-renal-2kg\\\/\",\"name\":\"Premier Nutri\u00e7\u00e3o Cl\u00ednica C\u00e3es Adultos Renal 2Kg - Agropecu\u00e1ria Fenix\",\"isPartOf\":{\"@id\":\"https:\\\/\\\/agropecuariafenix.com.br\\\/#website\"},\"primaryImageOfPage\":{\"@id\":\"https:\\\/\\\/agropecuariafenix.com.br\\\/index.php\\\/produto\\\/premier-nutricao-clinica-caes-adultos-renal-2kg\\\/#primaryimage\"},\"image\":{\"@id\":\"https:\\\/\\\/agropecuariafenix.com.br\\\/index.php\\\/produto\\\/premier-nutricao-clinica-caes-adultos-renal-2kg\\\/#primaryimage\"},\"thumbnailUrl\":\"https:\\\/\\\/agropecuariafenix.com.br\\\/wp-content\\\/uploads\\\/2022\\\/03\\\/Premier_Nutrio_Clnica_Ces_Adultos_Renal_2Kg_74642-1.jpg\",\"datePublished\":\"2022-03-10T20:06:20+00:00\",\"dateModified\":\"2025-07-18T17:09:53+00:00\",\"breadcrumb\":{\"@id\":\"https:\\\/\\\/agropecuariafenix.com.br\\\/index.php\\\/produto\\\/premier-nutricao-clinica-caes-adultos-renal-2kg\\\/#breadcrumb\"},\"inLanguage\":\"pt-BR\",\"potentialAction\":[{\"@type\":\"ReadAction\",\"target\":[\"https:\\\/\\\/agropecuariafenix.com.br\\\/index.php\\\/produto\\\/premier-nutricao-clinica-caes-adultos-renal-2kg\\\/\"]}]},{\"@type\":\"ImageObject\",\"inLanguage\":\"pt-BR\",\"@id\":\"https:\\\/\\\/agropecuariafenix.com.br\\\/index.php\\\/produto\\\/premier-nutricao-clinica-caes-adultos-renal-2kg\\\/#primaryimage\",\"url\":\"https:\\\/\\\/agropecuariafenix.com.br\\\/wp-content\\\/uploads\\\/2022\\\/03\\\/Premier_Nutrio_Clnica_Ces_Adultos_Renal_2Kg_74642-1.jpg\",\"contentUrl\":\"https:\\\/\\\/agropecuariafenix.com.br\\\/wp-content\\\/uploads\\\/2022\\\/03\\\/Premier_Nutrio_Clnica_Ces_Adultos_Renal_2Kg_74642-1.jpg\",\"width\":700,\"height\":700,\"caption\":\"Premier Nutri\u00e7\u00e3o Cl\u00ednica C\u00e3es Adultos Renal 2Kg\"},{\"@type\":\"BreadcrumbList\",\"@id\":\"https:\\\/\\\/agropecuariafenix.com.br\\\/index.php\\\/produto\\\/premier-nutricao-clinica-caes-adultos-renal-2kg\\\/#breadcrumb\",\"itemListElement\":[{\"@type\":\"ListItem\",\"position\":1,\"name\":\"In\u00edcio\",\"item\":\"https:\\\/\\\/agropecuariafenix.com.br\\\/\"},{\"@type\":\"ListItem\",\"position\":2,\"name\":\"Todos os produtos\",\"item\":\"https:\\\/\\\/agropecuariafenix.com.br\\\/index.php\\\/loja\\\/\"},{\"@type\":\"ListItem\",\"position\":3,\"name\":\"Premier Nutri\u00e7\u00e3o Cl\u00ednica C\u00e3es Adultos Renal 2Kg\"}]},{\"@type\":\"WebSite\",\"@id\":\"https:\\\/\\\/agropecuariafenix.com.br\\\/#website\",\"url\":\"https:\\\/\\\/agropecuariafenix.com.br\\\/\",\"name\":\"Agropecu\u00e1ria Fenix\",\"description\":\"Agropecu\u00e1ria F\u00eanix Pet - Ra\u00e7\u00f5es \\\/ Medicamentos Pet \\\/ Cl\u00ednica Veterin\u00e1ria \\\/ Banho e Tosa \\\/ Cachorro \\\/\u00a0Gato\u00a0\\\/\u00a0P\u00e1ssaros\",\"publisher\":{\"@id\":\"https:\\\/\\\/agropecuariafenix.com.br\\\/#organization\"},\"alternateName\":\"Agropecu\u00e1ria Fenix\",\"potentialAction\":[{\"@type\":\"SearchAction\",\"target\":{\"@type\":\"EntryPoint\",\"urlTemplate\":\"https:\\\/\\\/agropecuariafenix.com.br\\\/?s={search_term_string}\"},\"query-input\":{\"@type\":\"PropertyValueSpecification\",\"valueRequired\":true,\"valueName\":\"search_term_string\"}}],\"inLanguage\":\"pt-BR\"},{\"@type\":\"Organization\",\"@id\":\"https:\\\/\\\/agropecuariafenix.com.br\\\/#organization\",\"name\":\"Agropecu\u00e1ria Fenix\",\"alternateName\":\"Agropecu\u00e1ria Fenix\",\"url\":\"https:\\\/\\\/agropecuariafenix.com.br\\\/\",\"logo\":{\"@type\":\"ImageObject\",\"inLanguage\":\"pt-BR\",\"@id\":\"https:\\\/\\\/agropecuariafenix.com.br\\\/#\\\/schema\\\/logo\\\/image\\\/\",\"url\":\"https:\\\/\\\/agropecuariafenix.com.br\\\/wp-content\\\/uploads\\\/2023\\\/08\\\/logo_fenix3-Copy.png\",\"contentUrl\":\"https:\\\/\\\/agropecuariafenix.com.br\\\/wp-content\\\/uploads\\\/2023\\\/08\\\/logo_fenix3-Copy.png\",\"width\":500,\"height\":500,\"caption\":\"Agropecu\u00e1ria Fenix\"},\"image\":{\"@id\":\"https:\\\/\\\/agropecuariafenix.com.br\\\/#\\\/schema\\\/logo\\\/image\\\/\"},\"sameAs\":[\"https:\\\/\\\/web.facebook.com\\\/agropecuariafenixjau\",\"https:\\\/\\\/www.instagram.com\\\/agropecuaria_fenix_jau\\\/\"]}]}<\/script>\n<!-- \/ Yoast SEO plugin. -->","yoast_head_json":{"title":"Premier Nutri\u00e7\u00e3o Cl\u00ednica C\u00e3es Adultos Renal 2Kg - Agropecu\u00e1ria Fenix","robots":{"index":"index","follow":"follow","max-snippet":"max-snippet:-1","max-image-preview":"max-image-preview:large","max-video-preview":"max-video-preview:-1"},"canonical":"https:\/\/agropecuariafenix.com.br\/index.php\/produto\/premier-nutricao-clinica-caes-adultos-renal-2kg\/","og_locale":"pt_BR","og_type":"article","og_title":"Premier Nutri\u00e7\u00e3o Cl\u00ednica C\u00e3es Adultos Renal 2Kg - Agropecu\u00e1ria Fenix","og_description":"&#8211; Excesso de bases moderadamente elevado: preven\u00e7\u00e3o da acidose metab\u00f3lica atrav\u00e9s do equil\u00edbrio cati\u00f4nico da dieta; &#8211; Teor reduzido de f\u00f3sforo: n\u00edveis reduzidos de f\u00f3sforo minimizam a progress\u00e3o da doen\u00e7a renal e a hiperfosfatemia comumente associada; &#8211; Prote\u00edna reduzida: os n\u00edveis reduzidos de prote\u00edna mant\u00eam o balan\u00e7o nitrogenado, sem aumentar a uremia nos c\u00e3es com nefropatia cr\u00f4nica; &#8211; EPA+DHA: os \u00e1cidos graxos essenciais da fam\u00edlia \u00d4mega 3 (EPA + DH\u2022 possuem um papel renoprotetor, pois auxiliam na melhor perfus\u00e3o renal e na diminui\u00e7\u00e3o de eicosanoides pr\u00f3-inflamat\u00f3rios, diminuindo a progress\u00e3o da doen\u00e7a renal. &#8211; Este produto possui Satisfa\u00e7\u00e3o Garantida. Saiba mais abaixo na descri\u00e7\u00e3o.","og_url":"https:\/\/agropecuariafenix.com.br\/index.php\/produto\/premier-nutricao-clinica-caes-adultos-renal-2kg\/","og_site_name":"Agropecu\u00e1ria Fenix","article_publisher":"https:\/\/web.facebook.com\/agropecuariafenixjau","article_modified_time":"2025-07-18T17:09:53+00:00","og_image":[{"width":700,"height":700,"url":"https:\/\/agropecuariafenix.com.br\/wp-content\/uploads\/2022\/03\/Premier_Nutrio_Clnica_Ces_Adultos_Renal_2Kg_74642-1.jpg","type":"image\/jpeg"}],"twitter_card":"summary_large_image","twitter_misc":{"Est. tempo de leitura":"1 minuto"},"schema":{"@context":"https:\/\/schema.org","@graph":[{"@type":"WebPage","@id":"https:\/\/agropecuariafenix.com.br\/index.php\/produto\/premier-nutricao-clinica-caes-adultos-renal-2kg\/","url":"https:\/\/agropecuariafenix.com.br\/index.php\/produto\/premier-nutricao-clinica-caes-adultos-renal-2kg\/","name":"Premier Nutri\u00e7\u00e3o Cl\u00ednica C\u00e3es Adultos Renal 2Kg - Agropecu\u00e1ria Fenix","isPartOf":{"@id":"https:\/\/agropecuariafenix.com.br\/#website"},"primaryImageOfPage":{"@id":"https:\/\/agropecuariafenix.com.br\/index.php\/produto\/premier-nutricao-clinica-caes-adultos-renal-2kg\/#primaryimage"},"image":{"@id":"https:\/\/agropecuariafenix.com.br\/index.php\/produto\/premier-nutricao-clinica-caes-adultos-renal-2kg\/#primaryimage"},"thumbnailUrl":"https:\/\/agropecuariafenix.com.br\/wp-content\/uploads\/2022\/03\/Premier_Nutrio_Clnica_Ces_Adultos_Renal_2Kg_74642-1.jpg","datePublished":"2022-03-10T20:06:20+00:00","dateModified":"2025-07-18T17:09:53+00:00","breadcrumb":{"@id":"https:\/\/agropecuariafenix.com.br\/index.php\/produto\/premier-nutricao-clinica-caes-adultos-renal-2kg\/#breadcrumb"},"inLanguage":"pt-BR","potentialAction":[{"@type":"ReadAction","target":["https:\/\/agropecuariafenix.com.br\/index.php\/produto\/premier-nutricao-clinica-caes-adultos-renal-2kg\/"]}]},{"@type":"ImageObject","inLanguage":"pt-BR","@id":"https:\/\/agropecuariafenix.com.br\/index.php\/produto\/premier-nutricao-clinica-caes-adultos-renal-2kg\/#primaryimage","url":"https:\/\/agropecuariafenix.com.br\/wp-content\/uploads\/2022\/03\/Premier_Nutrio_Clnica_Ces_Adultos_Renal_2Kg_74642-1.jpg","contentUrl":"https:\/\/agropecuariafenix.com.br\/wp-content\/uploads\/2022\/03\/Premier_Nutrio_Clnica_Ces_Adultos_Renal_2Kg_74642-1.jpg","width":700,"height":700,"caption":"Premier Nutri\u00e7\u00e3o Cl\u00ednica C\u00e3es Adultos Renal 2Kg"},{"@type":"BreadcrumbList","@id":"https:\/\/agropecuariafenix.com.br\/index.php\/produto\/premier-nutricao-clinica-caes-adultos-renal-2kg\/#breadcrumb","itemListElement":[{"@type":"ListItem","position":1,"name":"In\u00edcio","item":"https:\/\/agropecuariafenix.com.br\/"},{"@type":"ListItem","position":2,"name":"Todos os produtos","item":"https:\/\/agropecuariafenix.com.br\/index.php\/loja\/"},{"@type":"ListItem","position":3,"name":"Premier Nutri\u00e7\u00e3o Cl\u00ednica C\u00e3es Adultos Renal 2Kg"}]},{"@type":"WebSite","@id":"https:\/\/agropecuariafenix.com.br\/#website","url":"https:\/\/agropecuariafenix.com.br\/","name":"Agropecu\u00e1ria Fenix","description":"Agropecu\u00e1ria F\u00eanix Pet - Ra\u00e7\u00f5es \/ Medicamentos Pet \/ Cl\u00ednica Veterin\u00e1ria \/ Banho e Tosa \/ Cachorro \/\u00a0Gato\u00a0\/\u00a0P\u00e1ssaros","publisher":{"@id":"https:\/\/agropecuariafenix.com.br\/#organization"},"alternateName":"Agropecu\u00e1ria Fenix","potentialAction":[{"@type":"SearchAction","target":{"@type":"EntryPoint","urlTemplate":"https:\/\/agropecuariafenix.com.br\/?s={search_term_string}"},"query-input":{"@type":"PropertyValueSpecification","valueRequired":true,"valueName":"search_term_string"}}],"inLanguage":"pt-BR"},{"@type":"Organization","@id":"https:\/\/agropecuariafenix.com.br\/#organization","name":"Agropecu\u00e1ria Fenix","alternateName":"Agropecu\u00e1ria Fenix","url":"https:\/\/agropecuariafenix.com.br\/","logo":{"@type":"ImageObject","inLanguage":"pt-BR","@id":"https:\/\/agropecuariafenix.com.br\/#\/schema\/logo\/image\/","url":"https:\/\/agropecuariafenix.com.br\/wp-content\/uploads\/2023\/08\/logo_fenix3-Copy.png","contentUrl":"https:\/\/agropecuariafenix.com.br\/wp-content\/uploads\/2023\/08\/logo_fenix3-Copy.png","width":500,"height":500,"caption":"Agropecu\u00e1ria Fenix"},"image":{"@id":"https:\/\/agropecuariafenix.com.br\/#\/schema\/logo\/image\/"},"sameAs":["https:\/\/web.facebook.com\/agropecuariafenixjau","https:\/\/www.instagram.com\/agropecuaria_fenix_jau\/"]}]}},"_links":{"self":[{"href":"https:\/\/agropecuariafenix.com.br\/index.php\/wp-json\/wp\/v2\/product\/23407","targetHints":{"allow":["GET"]}}],"collection":[{"href":"https:\/\/agropecuariafenix.com.br\/index.php\/wp-json\/wp\/v2\/product"}],"about":[{"href":"https:\/\/agropecuariafenix.com.br\/index.php\/wp-json\/wp\/v2\/types\/product"}],"replies":[{"embeddable":true,"href":"https:\/\/agropecuariafenix.com.br\/index.php\/wp-json\/wp\/v2\/comments?post=23407"}],"version-history":[{"count":1,"href":"https:\/\/agropecuariafenix.com.br\/index.php\/wp-json\/wp\/v2\/product\/23407\/revisions"}],"predecessor-version":[{"id":23410,"href":"https:\/\/agropecuariafenix.com.br\/index.php\/wp-json\/wp\/v2\/product\/23407\/revisions\/23410"}],"wp:featuredmedia":[{"embeddable":true,"href":"https:\/\/agropecuariafenix.com.br\/index.php\/wp-json\/wp\/v2\/media\/23406"}],"wp:attachment":[{"href":"https:\/\/agropecuariafenix.com.br\/index.php\/wp-json\/wp\/v2\/media?parent=23407"}],"wp:term":[{"taxonomy":"product_brand","embeddable":true,"href":"https:\/\/agropecuariafenix.com.br\/index.php\/wp-json\/wp\/v2\/product_brand?post=23407"},{"taxonomy":"product_cat","embeddable":true,"href":"https:\/\/agropecuariafenix.com.br\/index.php\/wp-json\/wp\/v2\/product_cat?post=23407"},{"taxonomy":"product_tag","embeddable":true,"href":"https:\/\/agropecuariafenix.com.br\/index.php\/wp-json\/wp\/v2\/product_tag?post=23407"}],"curies":[{"name":"wp","href":"https:\/\/api.w.org\/{rel}","templated":true}]}}