{"id":23370,"date":"2022-03-10T15:45:33","date_gmt":"2022-03-10T18:45:33","guid":{"rendered":"https:\/\/agropecuariafenix.com.br\/index.php\/produto\/premier-nutricao-clinica-caes-adultos-diabetes-10kg\/"},"modified":"2025-10-28T18:21:23","modified_gmt":"2025-10-28T21:21:23","slug":"premier-nutricao-clinica-caes-adultos-diabetes-10kg","status":"publish","type":"product","link":"https:\/\/agropecuariafenix.com.br\/index.php\/produto\/premier-nutricao-clinica-caes-adultos-diabetes-10kg\/","title":{"rendered":"Premier Nutri\u00e7\u00e3o Cl\u00ednica C\u00e3es Adultos Diabetes 10Kg"},"content":{"rendered":"<p>A Ra\u00e7\u00e3o Premier Pet Nutri\u00e7\u00e3o Cl\u00ednica Diabetes para C\u00e3es Adultos M\u00e9dio e Grande Portes \u00e9 um alimento auxiliar ao tratamento da diabetes mellitus em c\u00e3es adultos de m\u00e9dio ou grande porte. Al\u00e9m do tratamento prescrito pelo m\u00e9dico veterin\u00e1rio, algumas altera\u00e7\u00f5es na alimenta\u00e7\u00e3o podem ser ben\u00e9ficas para pacientes com diabetes. Os objetivos da dieta s\u00e3o: colaborar para o controle da glicemia, auxiliar na Manuten\u00e7\u00e3o de massa magra e do peso corporal ideal e modular os processos inflamat\u00f3rios, minimizando-os. Para diabetes mellitus, este alimento deve ser utilizado sob orienta\u00e7\u00e3o de um profissional, como \u00fanico alimento por toda a vida do animal.<\/p>\n<p>Solicita\u00e7\u00f5es referentes \u00e0 Garantia de Satisfa\u00e7\u00e3o devem ser encaminhadas diretamente para o fabricante por meio do PremieR Responde \u2013 Telefone 0800 055 66 66. Para mais informa\u00e7\u00f5es acesse: https:\/\/www.premierpet.com.br\/garantia-premierpet\/<\/p>\n","protected":false},"excerpt":{"rendered":"<p>&#8211; Calorias reduzidas: conte\u00fado nutricional cientificamente balanceado e adequado \u00e0 baixa ingest\u00e3o cal\u00f3rica;<br \/>\n&#8211; Alto teor de fibras: rico em fibras que auxiliam na redu\u00e7\u00e3o cal\u00f3rica e mant\u00eam n\u00edveis glic\u00eamicos constantes;<br \/>\n&#8211; Rico em prote\u00ednas: altos n\u00edveis de prote\u00ednas que auxiliam na Manuten\u00e7\u00e3o de massa magra durante o processo de perda de peso;<br \/>\n&#8211; Suporte articular: cont\u00e9m B-glucano e gelatina hidrolisada, rica em col\u00e1geno, que atuam reduzindo a sintomatologia da osteoartrite, comum nos casos de obesidade.<\/p>\n<p>&#8211; Este produto possui Satisfa\u00e7\u00e3o Garantida. Saiba mais abaixo na descri\u00e7\u00e3o.<\/p>\n","protected":false},"featured_media":23376,"comment_status":"open","ping_status":"closed","template":"","meta":[],"product_brand":[],"product_cat":[696],"product_tag":[119,76,75,694,702,693,461],"class_list":{"0":"post-23370","1":"product","2":"type-product","3":"status-publish","4":"has-post-thumbnail","6":"product_cat-racao-medicamentosa","7":"product_tag-10kg","8":"product_tag-adultos","9":"product_tag-caes","10":"product_tag-clinica","11":"product_tag-diabetes","12":"product_tag-nutricao","13":"product_tag-premier","15":"first","16":"instock","17":"shipping-taxable","18":"purchasable","19":"product-type-simple"},"yoast_head":"<!-- This site is optimized with the Yoast SEO plugin v27.6 - https:\/\/yoast.com\/product\/yoast-seo-wordpress\/ -->\n<title>Premier Nutri\u00e7\u00e3o Cl\u00ednica C\u00e3es Adultos Diabetes 10Kg - Agropecu\u00e1ria Fenix<\/title>\n<meta name=\"robots\" content=\"index, follow, max-snippet:-1, max-image-preview:large, max-video-preview:-1\" \/>\n<link rel=\"canonical\" href=\"https:\/\/agropecuariafenix.com.br\/index.php\/produto\/premier-nutricao-clinica-caes-adultos-diabetes-10kg\/\" \/>\n<meta property=\"og:locale\" content=\"pt_BR\" \/>\n<meta property=\"og:type\" content=\"article\" \/>\n<meta property=\"og:title\" content=\"Premier Nutri\u00e7\u00e3o Cl\u00ednica C\u00e3es Adultos Diabetes 10Kg - Agropecu\u00e1ria Fenix\" \/>\n<meta property=\"og:description\" content=\"&#8211; Calorias reduzidas: conte\u00fado nutricional cientificamente balanceado e adequado \u00e0 baixa ingest\u00e3o cal\u00f3rica; &#8211; Alto teor de fibras: rico em fibras que auxiliam na redu\u00e7\u00e3o cal\u00f3rica e mant\u00eam n\u00edveis glic\u00eamicos constantes; &#8211; Rico em prote\u00ednas: altos n\u00edveis de prote\u00ednas que auxiliam na Manuten\u00e7\u00e3o de massa magra durante o processo de perda de peso; &#8211; Suporte articular: cont\u00e9m B-glucano e gelatina hidrolisada, rica em col\u00e1geno, que atuam reduzindo a sintomatologia da osteoartrite, comum nos casos de obesidade. &#8211; Este produto possui Satisfa\u00e7\u00e3o Garantida. Saiba mais abaixo na descri\u00e7\u00e3o.\" \/>\n<meta property=\"og:url\" content=\"https:\/\/agropecuariafenix.com.br\/index.php\/produto\/premier-nutricao-clinica-caes-adultos-diabetes-10kg\/\" \/>\n<meta property=\"og:site_name\" content=\"Agropecu\u00e1ria Fenix\" \/>\n<meta property=\"article:publisher\" content=\"https:\/\/web.facebook.com\/agropecuariafenixjau\" \/>\n<meta property=\"article:modified_time\" content=\"2025-10-28T21:21:23+00:00\" \/>\n<meta property=\"og:image\" content=\"https:\/\/agropecuariafenix.com.br\/wp-content\/uploads\/2022\/03\/Premier_Nutrio_Clnica_Ces_Adultos_Diabetes_10Kg_511962-1.jpg\" \/>\n\t<meta property=\"og:image:width\" content=\"700\" \/>\n\t<meta property=\"og:image:height\" content=\"700\" \/>\n\t<meta property=\"og:image:type\" content=\"image\/jpeg\" \/>\n<meta name=\"twitter:card\" content=\"summary_large_image\" \/>\n<meta name=\"twitter:label1\" content=\"Est. tempo de leitura\" \/>\n\t<meta name=\"twitter:data1\" content=\"1 minuto\" \/>\n<script type=\"application\/ld+json\" class=\"yoast-schema-graph\">{\"@context\":\"https:\\\/\\\/schema.org\",\"@graph\":[{\"@type\":\"WebPage\",\"@id\":\"https:\\\/\\\/agropecuariafenix.com.br\\\/index.php\\\/produto\\\/premier-nutricao-clinica-caes-adultos-diabetes-10kg\\\/\",\"url\":\"https:\\\/\\\/agropecuariafenix.com.br\\\/index.php\\\/produto\\\/premier-nutricao-clinica-caes-adultos-diabetes-10kg\\\/\",\"name\":\"Premier Nutri\u00e7\u00e3o Cl\u00ednica C\u00e3es Adultos Diabetes 10Kg - Agropecu\u00e1ria Fenix\",\"isPartOf\":{\"@id\":\"https:\\\/\\\/agropecuariafenix.com.br\\\/#website\"},\"primaryImageOfPage\":{\"@id\":\"https:\\\/\\\/agropecuariafenix.com.br\\\/index.php\\\/produto\\\/premier-nutricao-clinica-caes-adultos-diabetes-10kg\\\/#primaryimage\"},\"image\":{\"@id\":\"https:\\\/\\\/agropecuariafenix.com.br\\\/index.php\\\/produto\\\/premier-nutricao-clinica-caes-adultos-diabetes-10kg\\\/#primaryimage\"},\"thumbnailUrl\":\"https:\\\/\\\/agropecuariafenix.com.br\\\/wp-content\\\/uploads\\\/2022\\\/03\\\/Premier_Nutrio_Clnica_Ces_Adultos_Diabetes_10Kg_511962-1.jpg\",\"datePublished\":\"2022-03-10T18:45:33+00:00\",\"dateModified\":\"2025-10-28T21:21:23+00:00\",\"breadcrumb\":{\"@id\":\"https:\\\/\\\/agropecuariafenix.com.br\\\/index.php\\\/produto\\\/premier-nutricao-clinica-caes-adultos-diabetes-10kg\\\/#breadcrumb\"},\"inLanguage\":\"pt-BR\",\"potentialAction\":[{\"@type\":\"ReadAction\",\"target\":[\"https:\\\/\\\/agropecuariafenix.com.br\\\/index.php\\\/produto\\\/premier-nutricao-clinica-caes-adultos-diabetes-10kg\\\/\"]}]},{\"@type\":\"ImageObject\",\"inLanguage\":\"pt-BR\",\"@id\":\"https:\\\/\\\/agropecuariafenix.com.br\\\/index.php\\\/produto\\\/premier-nutricao-clinica-caes-adultos-diabetes-10kg\\\/#primaryimage\",\"url\":\"https:\\\/\\\/agropecuariafenix.com.br\\\/wp-content\\\/uploads\\\/2022\\\/03\\\/Premier_Nutrio_Clnica_Ces_Adultos_Diabetes_10Kg_511962-1.jpg\",\"contentUrl\":\"https:\\\/\\\/agropecuariafenix.com.br\\\/wp-content\\\/uploads\\\/2022\\\/03\\\/Premier_Nutrio_Clnica_Ces_Adultos_Diabetes_10Kg_511962-1.jpg\",\"width\":700,\"height\":700,\"caption\":\"Premier Nutri\u00e7\u00e3o Cl\u00ednica C\u00e3es Adultos Diabetes 10Kg\"},{\"@type\":\"BreadcrumbList\",\"@id\":\"https:\\\/\\\/agropecuariafenix.com.br\\\/index.php\\\/produto\\\/premier-nutricao-clinica-caes-adultos-diabetes-10kg\\\/#breadcrumb\",\"itemListElement\":[{\"@type\":\"ListItem\",\"position\":1,\"name\":\"In\u00edcio\",\"item\":\"https:\\\/\\\/agropecuariafenix.com.br\\\/\"},{\"@type\":\"ListItem\",\"position\":2,\"name\":\"Todos os produtos\",\"item\":\"https:\\\/\\\/agropecuariafenix.com.br\\\/index.php\\\/loja\\\/\"},{\"@type\":\"ListItem\",\"position\":3,\"name\":\"Premier Nutri\u00e7\u00e3o Cl\u00ednica C\u00e3es Adultos Diabetes 10Kg\"}]},{\"@type\":\"WebSite\",\"@id\":\"https:\\\/\\\/agropecuariafenix.com.br\\\/#website\",\"url\":\"https:\\\/\\\/agropecuariafenix.com.br\\\/\",\"name\":\"Agropecu\u00e1ria Fenix\",\"description\":\"Agropecu\u00e1ria F\u00eanix Pet - Ra\u00e7\u00f5es \\\/ Medicamentos Pet \\\/ Cl\u00ednica Veterin\u00e1ria \\\/ Banho e Tosa \\\/ Cachorro \\\/\u00a0Gato\u00a0\\\/\u00a0P\u00e1ssaros\",\"publisher\":{\"@id\":\"https:\\\/\\\/agropecuariafenix.com.br\\\/#organization\"},\"alternateName\":\"Agropecu\u00e1ria Fenix\",\"potentialAction\":[{\"@type\":\"SearchAction\",\"target\":{\"@type\":\"EntryPoint\",\"urlTemplate\":\"https:\\\/\\\/agropecuariafenix.com.br\\\/?s={search_term_string}\"},\"query-input\":{\"@type\":\"PropertyValueSpecification\",\"valueRequired\":true,\"valueName\":\"search_term_string\"}}],\"inLanguage\":\"pt-BR\"},{\"@type\":\"Organization\",\"@id\":\"https:\\\/\\\/agropecuariafenix.com.br\\\/#organization\",\"name\":\"Agropecu\u00e1ria Fenix\",\"alternateName\":\"Agropecu\u00e1ria Fenix\",\"url\":\"https:\\\/\\\/agropecuariafenix.com.br\\\/\",\"logo\":{\"@type\":\"ImageObject\",\"inLanguage\":\"pt-BR\",\"@id\":\"https:\\\/\\\/agropecuariafenix.com.br\\\/#\\\/schema\\\/logo\\\/image\\\/\",\"url\":\"https:\\\/\\\/agropecuariafenix.com.br\\\/wp-content\\\/uploads\\\/2023\\\/08\\\/logo_fenix3-Copy.png\",\"contentUrl\":\"https:\\\/\\\/agropecuariafenix.com.br\\\/wp-content\\\/uploads\\\/2023\\\/08\\\/logo_fenix3-Copy.png\",\"width\":500,\"height\":500,\"caption\":\"Agropecu\u00e1ria Fenix\"},\"image\":{\"@id\":\"https:\\\/\\\/agropecuariafenix.com.br\\\/#\\\/schema\\\/logo\\\/image\\\/\"},\"sameAs\":[\"https:\\\/\\\/web.facebook.com\\\/agropecuariafenixjau\",\"https:\\\/\\\/www.instagram.com\\\/agropecuaria_fenix_jau\\\/\"]}]}<\/script>\n<!-- \/ Yoast SEO plugin. -->","yoast_head_json":{"title":"Premier Nutri\u00e7\u00e3o Cl\u00ednica C\u00e3es Adultos Diabetes 10Kg - Agropecu\u00e1ria Fenix","robots":{"index":"index","follow":"follow","max-snippet":"max-snippet:-1","max-image-preview":"max-image-preview:large","max-video-preview":"max-video-preview:-1"},"canonical":"https:\/\/agropecuariafenix.com.br\/index.php\/produto\/premier-nutricao-clinica-caes-adultos-diabetes-10kg\/","og_locale":"pt_BR","og_type":"article","og_title":"Premier Nutri\u00e7\u00e3o Cl\u00ednica C\u00e3es Adultos Diabetes 10Kg - Agropecu\u00e1ria Fenix","og_description":"&#8211; Calorias reduzidas: conte\u00fado nutricional cientificamente balanceado e adequado \u00e0 baixa ingest\u00e3o cal\u00f3rica; &#8211; Alto teor de fibras: rico em fibras que auxiliam na redu\u00e7\u00e3o cal\u00f3rica e mant\u00eam n\u00edveis glic\u00eamicos constantes; &#8211; Rico em prote\u00ednas: altos n\u00edveis de prote\u00ednas que auxiliam na Manuten\u00e7\u00e3o de massa magra durante o processo de perda de peso; &#8211; Suporte articular: cont\u00e9m B-glucano e gelatina hidrolisada, rica em col\u00e1geno, que atuam reduzindo a sintomatologia da osteoartrite, comum nos casos de obesidade. &#8211; Este produto possui Satisfa\u00e7\u00e3o Garantida. Saiba mais abaixo na descri\u00e7\u00e3o.","og_url":"https:\/\/agropecuariafenix.com.br\/index.php\/produto\/premier-nutricao-clinica-caes-adultos-diabetes-10kg\/","og_site_name":"Agropecu\u00e1ria Fenix","article_publisher":"https:\/\/web.facebook.com\/agropecuariafenixjau","article_modified_time":"2025-10-28T21:21:23+00:00","og_image":[{"width":700,"height":700,"url":"https:\/\/agropecuariafenix.com.br\/wp-content\/uploads\/2022\/03\/Premier_Nutrio_Clnica_Ces_Adultos_Diabetes_10Kg_511962-1.jpg","type":"image\/jpeg"}],"twitter_card":"summary_large_image","twitter_misc":{"Est. tempo de leitura":"1 minuto"},"schema":{"@context":"https:\/\/schema.org","@graph":[{"@type":"WebPage","@id":"https:\/\/agropecuariafenix.com.br\/index.php\/produto\/premier-nutricao-clinica-caes-adultos-diabetes-10kg\/","url":"https:\/\/agropecuariafenix.com.br\/index.php\/produto\/premier-nutricao-clinica-caes-adultos-diabetes-10kg\/","name":"Premier Nutri\u00e7\u00e3o Cl\u00ednica C\u00e3es Adultos Diabetes 10Kg - Agropecu\u00e1ria Fenix","isPartOf":{"@id":"https:\/\/agropecuariafenix.com.br\/#website"},"primaryImageOfPage":{"@id":"https:\/\/agropecuariafenix.com.br\/index.php\/produto\/premier-nutricao-clinica-caes-adultos-diabetes-10kg\/#primaryimage"},"image":{"@id":"https:\/\/agropecuariafenix.com.br\/index.php\/produto\/premier-nutricao-clinica-caes-adultos-diabetes-10kg\/#primaryimage"},"thumbnailUrl":"https:\/\/agropecuariafenix.com.br\/wp-content\/uploads\/2022\/03\/Premier_Nutrio_Clnica_Ces_Adultos_Diabetes_10Kg_511962-1.jpg","datePublished":"2022-03-10T18:45:33+00:00","dateModified":"2025-10-28T21:21:23+00:00","breadcrumb":{"@id":"https:\/\/agropecuariafenix.com.br\/index.php\/produto\/premier-nutricao-clinica-caes-adultos-diabetes-10kg\/#breadcrumb"},"inLanguage":"pt-BR","potentialAction":[{"@type":"ReadAction","target":["https:\/\/agropecuariafenix.com.br\/index.php\/produto\/premier-nutricao-clinica-caes-adultos-diabetes-10kg\/"]}]},{"@type":"ImageObject","inLanguage":"pt-BR","@id":"https:\/\/agropecuariafenix.com.br\/index.php\/produto\/premier-nutricao-clinica-caes-adultos-diabetes-10kg\/#primaryimage","url":"https:\/\/agropecuariafenix.com.br\/wp-content\/uploads\/2022\/03\/Premier_Nutrio_Clnica_Ces_Adultos_Diabetes_10Kg_511962-1.jpg","contentUrl":"https:\/\/agropecuariafenix.com.br\/wp-content\/uploads\/2022\/03\/Premier_Nutrio_Clnica_Ces_Adultos_Diabetes_10Kg_511962-1.jpg","width":700,"height":700,"caption":"Premier Nutri\u00e7\u00e3o Cl\u00ednica C\u00e3es Adultos Diabetes 10Kg"},{"@type":"BreadcrumbList","@id":"https:\/\/agropecuariafenix.com.br\/index.php\/produto\/premier-nutricao-clinica-caes-adultos-diabetes-10kg\/#breadcrumb","itemListElement":[{"@type":"ListItem","position":1,"name":"In\u00edcio","item":"https:\/\/agropecuariafenix.com.br\/"},{"@type":"ListItem","position":2,"name":"Todos os produtos","item":"https:\/\/agropecuariafenix.com.br\/index.php\/loja\/"},{"@type":"ListItem","position":3,"name":"Premier Nutri\u00e7\u00e3o Cl\u00ednica C\u00e3es Adultos Diabetes 10Kg"}]},{"@type":"WebSite","@id":"https:\/\/agropecuariafenix.com.br\/#website","url":"https:\/\/agropecuariafenix.com.br\/","name":"Agropecu\u00e1ria Fenix","description":"Agropecu\u00e1ria F\u00eanix Pet - Ra\u00e7\u00f5es \/ Medicamentos Pet \/ Cl\u00ednica Veterin\u00e1ria \/ Banho e Tosa \/ Cachorro \/\u00a0Gato\u00a0\/\u00a0P\u00e1ssaros","publisher":{"@id":"https:\/\/agropecuariafenix.com.br\/#organization"},"alternateName":"Agropecu\u00e1ria Fenix","potentialAction":[{"@type":"SearchAction","target":{"@type":"EntryPoint","urlTemplate":"https:\/\/agropecuariafenix.com.br\/?s={search_term_string}"},"query-input":{"@type":"PropertyValueSpecification","valueRequired":true,"valueName":"search_term_string"}}],"inLanguage":"pt-BR"},{"@type":"Organization","@id":"https:\/\/agropecuariafenix.com.br\/#organization","name":"Agropecu\u00e1ria Fenix","alternateName":"Agropecu\u00e1ria Fenix","url":"https:\/\/agropecuariafenix.com.br\/","logo":{"@type":"ImageObject","inLanguage":"pt-BR","@id":"https:\/\/agropecuariafenix.com.br\/#\/schema\/logo\/image\/","url":"https:\/\/agropecuariafenix.com.br\/wp-content\/uploads\/2023\/08\/logo_fenix3-Copy.png","contentUrl":"https:\/\/agropecuariafenix.com.br\/wp-content\/uploads\/2023\/08\/logo_fenix3-Copy.png","width":500,"height":500,"caption":"Agropecu\u00e1ria Fenix"},"image":{"@id":"https:\/\/agropecuariafenix.com.br\/#\/schema\/logo\/image\/"},"sameAs":["https:\/\/web.facebook.com\/agropecuariafenixjau","https:\/\/www.instagram.com\/agropecuaria_fenix_jau\/"]}]}},"_links":{"self":[{"href":"https:\/\/agropecuariafenix.com.br\/index.php\/wp-json\/wp\/v2\/product\/23370","targetHints":{"allow":["GET"]}}],"collection":[{"href":"https:\/\/agropecuariafenix.com.br\/index.php\/wp-json\/wp\/v2\/product"}],"about":[{"href":"https:\/\/agropecuariafenix.com.br\/index.php\/wp-json\/wp\/v2\/types\/product"}],"replies":[{"embeddable":true,"href":"https:\/\/agropecuariafenix.com.br\/index.php\/wp-json\/wp\/v2\/comments?post=23370"}],"version-history":[{"count":3,"href":"https:\/\/agropecuariafenix.com.br\/index.php\/wp-json\/wp\/v2\/product\/23370\/revisions"}],"predecessor-version":[{"id":23380,"href":"https:\/\/agropecuariafenix.com.br\/index.php\/wp-json\/wp\/v2\/product\/23370\/revisions\/23380"}],"wp:featuredmedia":[{"embeddable":true,"href":"https:\/\/agropecuariafenix.com.br\/index.php\/wp-json\/wp\/v2\/media\/23376"}],"wp:attachment":[{"href":"https:\/\/agropecuariafenix.com.br\/index.php\/wp-json\/wp\/v2\/media?parent=23370"}],"wp:term":[{"taxonomy":"product_brand","embeddable":true,"href":"https:\/\/agropecuariafenix.com.br\/index.php\/wp-json\/wp\/v2\/product_brand?post=23370"},{"taxonomy":"product_cat","embeddable":true,"href":"https:\/\/agropecuariafenix.com.br\/index.php\/wp-json\/wp\/v2\/product_cat?post=23370"},{"taxonomy":"product_tag","embeddable":true,"href":"https:\/\/agropecuariafenix.com.br\/index.php\/wp-json\/wp\/v2\/product_tag?post=23370"}],"curies":[{"name":"wp","href":"https:\/\/api.w.org\/{rel}","templated":true}]}}