{"id":23261,"date":"2022-03-09T16:46:53","date_gmt":"2022-03-09T19:46:53","guid":{"rendered":"https:\/\/agropecuariafenix.com.br\/index.php\/produto\/premier-shih-tzu-adulto-salmao-25kg-2\/"},"modified":"2025-10-28T17:54:40","modified_gmt":"2025-10-28T20:54:40","slug":"premier-shih-tzu-adulto-salmao-25kg-2","status":"publish","type":"product","link":"https:\/\/agropecuariafenix.com.br\/index.php\/produto\/premier-shih-tzu-adulto-salmao-25kg-2\/","title":{"rendered":"Premier Shih Tzu Adulto Salm\u00e3o 2,5Kg"},"content":{"rendered":"<p>Desenvolvida com ingredientes nobres e alta tecnologia, Premier Ra\u00e7as Espec\u00edficas oferece benef\u00edcios exclusivos que visam minimizar os principais problemas de sa\u00fade das ra\u00e7as e auxiliar para o pleno desenvolvimento de suas caracter\u00edsticas t\u00edpicas desej\u00e1veis. A Ra\u00e7\u00e3o Premier Pet Ra\u00e7as Espec\u00edficas Salm\u00e3o Shih Tzu Adulto foi formulada a partir deste conceito e oferece tudo o que esta ra\u00e7a precisa para manter sua sa\u00fade e beleza aliado ao exclusivo sabor salm\u00e3o. Uma nova e exclusiva op\u00e7\u00e3o oferecida pela PremieRpet\u00ae. Oferece ainda redu\u00e7\u00e3o do volume e odor de fezes minimizando poss\u00edveis inconvenientes de uma conviv\u00eancia t\u00e3o pr\u00f3xima entre os c\u00e3es e seus propriet\u00e1rios.<\/p>\n<p>Solicita\u00e7\u00f5es referentes \u00e0 Garantia de Satisfa\u00e7\u00e3o devem ser encaminhadas diretamente para o fabricante por meio do PremieR Responde \u2013 Telefone 0800 055 66 66. Para mais informa\u00e7\u00f5es acesse: https:\/\/www.premierpet.com.br\/garantia-premierpet\/<\/p>\n","protected":false},"excerpt":{"rendered":"<p>&#8211; Odor e volume das fezes reduzidos;<br \/>\n&#8211; Pelagem bonita e pele saud\u00e1vel atrav\u00e9s de \u00e1cidos graxos essenciais \u00f4megas 3 e 6, biotina e zinco;<br \/>\n&#8211; Nutri\u00e7\u00e3o espec\u00edfica: formato especial do gr\u00e3o que facilita a preens\u00e3o por c\u00e3es braquicef\u00e1licos;<br \/>\n&#8211; Sa\u00fade intestinal: atrav\u00e9s da combina\u00e7\u00e3o de ingredientes de alta digestibilidade, fibras especiais e prebi\u00f3ticos;<br \/>\n&#8211; Sa\u00fade oral: cont\u00e9m hexametafosfato de s\u00f3dio, importante ingrediente para a preven\u00e7\u00e3o da forma\u00e7\u00e3o do c\u00e1lculo dental.<\/p>\n<p>&#8211; Este produto possui Satisfa\u00e7\u00e3o Garantida. Saiba mais abaixo na descri\u00e7\u00e3o.<\/p>\n","protected":false},"featured_media":23260,"comment_status":"open","ping_status":"closed","template":"","meta":[],"product_brand":[],"product_cat":[80],"product_tag":[367,173,461,239,647,648],"class_list":{"0":"post-23261","1":"product","2":"type-product","3":"status-publish","4":"has-post-thumbnail","6":"product_cat-racoes","7":"product_tag-25kg","8":"product_tag-adulto","9":"product_tag-premier","10":"product_tag-salmao","11":"product_tag-shih","12":"product_tag-tzu","14":"first","15":"instock","16":"shipping-taxable","17":"purchasable","18":"product-type-simple"},"yoast_head":"<!-- This site is optimized with the Yoast SEO plugin v26.1.1 - https:\/\/yoast.com\/wordpress\/plugins\/seo\/ -->\n<title>Premier Shih Tzu Adulto Salm\u00e3o 2,5Kg - Agropecu\u00e1ria Fenix<\/title>\n<meta name=\"robots\" content=\"index, follow, max-snippet:-1, max-image-preview:large, max-video-preview:-1\" \/>\n<link rel=\"canonical\" href=\"https:\/\/agropecuariafenix.com.br\/index.php\/produto\/premier-shih-tzu-adulto-salmao-25kg-2\/\" \/>\n<meta property=\"og:locale\" content=\"pt_BR\" \/>\n<meta property=\"og:type\" content=\"article\" \/>\n<meta property=\"og:title\" content=\"Premier Shih Tzu Adulto Salm\u00e3o 2,5Kg - Agropecu\u00e1ria Fenix\" \/>\n<meta property=\"og:description\" content=\"&#8211; Odor e volume das fezes reduzidos; &#8211; Pelagem bonita e pele saud\u00e1vel atrav\u00e9s de \u00e1cidos graxos essenciais \u00f4megas 3 e 6, biotina e zinco; &#8211; Nutri\u00e7\u00e3o espec\u00edfica: formato especial do gr\u00e3o que facilita a preens\u00e3o por c\u00e3es braquicef\u00e1licos; &#8211; Sa\u00fade intestinal: atrav\u00e9s da combina\u00e7\u00e3o de ingredientes de alta digestibilidade, fibras especiais e prebi\u00f3ticos; &#8211; Sa\u00fade oral: cont\u00e9m hexametafosfato de s\u00f3dio, importante ingrediente para a preven\u00e7\u00e3o da forma\u00e7\u00e3o do c\u00e1lculo dental. &#8211; Este produto possui Satisfa\u00e7\u00e3o Garantida. Saiba mais abaixo na descri\u00e7\u00e3o.\" \/>\n<meta property=\"og:url\" content=\"https:\/\/agropecuariafenix.com.br\/index.php\/produto\/premier-shih-tzu-adulto-salmao-25kg-2\/\" \/>\n<meta property=\"og:site_name\" content=\"Agropecu\u00e1ria Fenix\" \/>\n<meta property=\"article:publisher\" content=\"https:\/\/web.facebook.com\/agropecuariafenixjau\" \/>\n<meta property=\"article:modified_time\" content=\"2025-10-28T20:54:40+00:00\" \/>\n<meta property=\"og:image\" content=\"https:\/\/agropecuariafenix.com.br\/wp-content\/uploads\/2022\/03\/Premier_Shih_Tzu_Adulto_Salmo_25Kg_876035-1.jpg\" \/>\n\t<meta property=\"og:image:width\" content=\"700\" \/>\n\t<meta property=\"og:image:height\" content=\"700\" \/>\n\t<meta property=\"og:image:type\" content=\"image\/jpeg\" \/>\n<meta name=\"twitter:card\" content=\"summary_large_image\" \/>\n<meta name=\"twitter:label1\" content=\"Est. tempo de leitura\" \/>\n\t<meta name=\"twitter:data1\" content=\"1 minuto\" \/>\n<script type=\"application\/ld+json\" class=\"yoast-schema-graph\">{\"@context\":\"https:\/\/schema.org\",\"@graph\":[{\"@type\":\"WebPage\",\"@id\":\"https:\/\/agropecuariafenix.com.br\/index.php\/produto\/premier-shih-tzu-adulto-salmao-25kg-2\/\",\"url\":\"https:\/\/agropecuariafenix.com.br\/index.php\/produto\/premier-shih-tzu-adulto-salmao-25kg-2\/\",\"name\":\"Premier Shih Tzu Adulto Salm\u00e3o 2,5Kg - Agropecu\u00e1ria Fenix\",\"isPartOf\":{\"@id\":\"https:\/\/agropecuariafenix.com.br\/#website\"},\"primaryImageOfPage\":{\"@id\":\"https:\/\/agropecuariafenix.com.br\/index.php\/produto\/premier-shih-tzu-adulto-salmao-25kg-2\/#primaryimage\"},\"image\":{\"@id\":\"https:\/\/agropecuariafenix.com.br\/index.php\/produto\/premier-shih-tzu-adulto-salmao-25kg-2\/#primaryimage\"},\"thumbnailUrl\":\"https:\/\/agropecuariafenix.com.br\/wp-content\/uploads\/2022\/03\/Premier_Shih_Tzu_Adulto_Salmo_25Kg_876035-1.jpg\",\"datePublished\":\"2022-03-09T19:46:53+00:00\",\"dateModified\":\"2025-10-28T20:54:40+00:00\",\"breadcrumb\":{\"@id\":\"https:\/\/agropecuariafenix.com.br\/index.php\/produto\/premier-shih-tzu-adulto-salmao-25kg-2\/#breadcrumb\"},\"inLanguage\":\"pt-BR\",\"potentialAction\":[{\"@type\":\"ReadAction\",\"target\":[\"https:\/\/agropecuariafenix.com.br\/index.php\/produto\/premier-shih-tzu-adulto-salmao-25kg-2\/\"]}]},{\"@type\":\"ImageObject\",\"inLanguage\":\"pt-BR\",\"@id\":\"https:\/\/agropecuariafenix.com.br\/index.php\/produto\/premier-shih-tzu-adulto-salmao-25kg-2\/#primaryimage\",\"url\":\"https:\/\/agropecuariafenix.com.br\/wp-content\/uploads\/2022\/03\/Premier_Shih_Tzu_Adulto_Salmo_25Kg_876035-1.jpg\",\"contentUrl\":\"https:\/\/agropecuariafenix.com.br\/wp-content\/uploads\/2022\/03\/Premier_Shih_Tzu_Adulto_Salmo_25Kg_876035-1.jpg\",\"width\":700,\"height\":700,\"caption\":\"Premier Shih Tzu Adulto Salm\u00e3o 2,5Kg\"},{\"@type\":\"BreadcrumbList\",\"@id\":\"https:\/\/agropecuariafenix.com.br\/index.php\/produto\/premier-shih-tzu-adulto-salmao-25kg-2\/#breadcrumb\",\"itemListElement\":[{\"@type\":\"ListItem\",\"position\":1,\"name\":\"In\u00edcio\",\"item\":\"https:\/\/agropecuariafenix.com.br\/\"},{\"@type\":\"ListItem\",\"position\":2,\"name\":\"Todos os produtos\",\"item\":\"https:\/\/agropecuariafenix.com.br\/index.php\/loja\/\"},{\"@type\":\"ListItem\",\"position\":3,\"name\":\"Premier Shih Tzu Adulto Salm\u00e3o 2,5Kg\"}]},{\"@type\":\"WebSite\",\"@id\":\"https:\/\/agropecuariafenix.com.br\/#website\",\"url\":\"https:\/\/agropecuariafenix.com.br\/\",\"name\":\"Agropecu\u00e1ria Fenix\",\"description\":\"Agropecu\u00e1ria F\u00eanix Pet - Ra\u00e7\u00f5es \/ Medicamentos Pet \/ Cl\u00ednica Veterin\u00e1ria \/ Banho e Tosa \/ Cachorro \/\u00a0Gato\u00a0\/\u00a0P\u00e1ssaros\",\"publisher\":{\"@id\":\"https:\/\/agropecuariafenix.com.br\/#organization\"},\"alternateName\":\"Agropecu\u00e1ria Fenix\",\"potentialAction\":[{\"@type\":\"SearchAction\",\"target\":{\"@type\":\"EntryPoint\",\"urlTemplate\":\"https:\/\/agropecuariafenix.com.br\/?s={search_term_string}\"},\"query-input\":{\"@type\":\"PropertyValueSpecification\",\"valueRequired\":true,\"valueName\":\"search_term_string\"}}],\"inLanguage\":\"pt-BR\"},{\"@type\":\"Organization\",\"@id\":\"https:\/\/agropecuariafenix.com.br\/#organization\",\"name\":\"Agropecu\u00e1ria Fenix\",\"alternateName\":\"Agropecu\u00e1ria Fenix\",\"url\":\"https:\/\/agropecuariafenix.com.br\/\",\"logo\":{\"@type\":\"ImageObject\",\"inLanguage\":\"pt-BR\",\"@id\":\"https:\/\/agropecuariafenix.com.br\/#\/schema\/logo\/image\/\",\"url\":\"https:\/\/agropecuariafenix.com.br\/wp-content\/uploads\/2023\/08\/logo_fenix3-Copy.png\",\"contentUrl\":\"https:\/\/agropecuariafenix.com.br\/wp-content\/uploads\/2023\/08\/logo_fenix3-Copy.png\",\"width\":500,\"height\":500,\"caption\":\"Agropecu\u00e1ria Fenix\"},\"image\":{\"@id\":\"https:\/\/agropecuariafenix.com.br\/#\/schema\/logo\/image\/\"},\"sameAs\":[\"https:\/\/web.facebook.com\/agropecuariafenixjau\",\"https:\/\/www.instagram.com\/agropecuaria_fenix_jau\/\"]}]}<\/script>\n<!-- \/ Yoast SEO plugin. -->","yoast_head_json":{"title":"Premier Shih Tzu Adulto Salm\u00e3o 2,5Kg - Agropecu\u00e1ria Fenix","robots":{"index":"index","follow":"follow","max-snippet":"max-snippet:-1","max-image-preview":"max-image-preview:large","max-video-preview":"max-video-preview:-1"},"canonical":"https:\/\/agropecuariafenix.com.br\/index.php\/produto\/premier-shih-tzu-adulto-salmao-25kg-2\/","og_locale":"pt_BR","og_type":"article","og_title":"Premier Shih Tzu Adulto Salm\u00e3o 2,5Kg - Agropecu\u00e1ria Fenix","og_description":"&#8211; Odor e volume das fezes reduzidos; &#8211; Pelagem bonita e pele saud\u00e1vel atrav\u00e9s de \u00e1cidos graxos essenciais \u00f4megas 3 e 6, biotina e zinco; &#8211; Nutri\u00e7\u00e3o espec\u00edfica: formato especial do gr\u00e3o que facilita a preens\u00e3o por c\u00e3es braquicef\u00e1licos; &#8211; Sa\u00fade intestinal: atrav\u00e9s da combina\u00e7\u00e3o de ingredientes de alta digestibilidade, fibras especiais e prebi\u00f3ticos; &#8211; Sa\u00fade oral: cont\u00e9m hexametafosfato de s\u00f3dio, importante ingrediente para a preven\u00e7\u00e3o da forma\u00e7\u00e3o do c\u00e1lculo dental. &#8211; Este produto possui Satisfa\u00e7\u00e3o Garantida. Saiba mais abaixo na descri\u00e7\u00e3o.","og_url":"https:\/\/agropecuariafenix.com.br\/index.php\/produto\/premier-shih-tzu-adulto-salmao-25kg-2\/","og_site_name":"Agropecu\u00e1ria Fenix","article_publisher":"https:\/\/web.facebook.com\/agropecuariafenixjau","article_modified_time":"2025-10-28T20:54:40+00:00","og_image":[{"width":700,"height":700,"url":"https:\/\/agropecuariafenix.com.br\/wp-content\/uploads\/2022\/03\/Premier_Shih_Tzu_Adulto_Salmo_25Kg_876035-1.jpg","type":"image\/jpeg"}],"twitter_card":"summary_large_image","twitter_misc":{"Est. tempo de leitura":"1 minuto"},"schema":{"@context":"https:\/\/schema.org","@graph":[{"@type":"WebPage","@id":"https:\/\/agropecuariafenix.com.br\/index.php\/produto\/premier-shih-tzu-adulto-salmao-25kg-2\/","url":"https:\/\/agropecuariafenix.com.br\/index.php\/produto\/premier-shih-tzu-adulto-salmao-25kg-2\/","name":"Premier Shih Tzu Adulto Salm\u00e3o 2,5Kg - Agropecu\u00e1ria Fenix","isPartOf":{"@id":"https:\/\/agropecuariafenix.com.br\/#website"},"primaryImageOfPage":{"@id":"https:\/\/agropecuariafenix.com.br\/index.php\/produto\/premier-shih-tzu-adulto-salmao-25kg-2\/#primaryimage"},"image":{"@id":"https:\/\/agropecuariafenix.com.br\/index.php\/produto\/premier-shih-tzu-adulto-salmao-25kg-2\/#primaryimage"},"thumbnailUrl":"https:\/\/agropecuariafenix.com.br\/wp-content\/uploads\/2022\/03\/Premier_Shih_Tzu_Adulto_Salmo_25Kg_876035-1.jpg","datePublished":"2022-03-09T19:46:53+00:00","dateModified":"2025-10-28T20:54:40+00:00","breadcrumb":{"@id":"https:\/\/agropecuariafenix.com.br\/index.php\/produto\/premier-shih-tzu-adulto-salmao-25kg-2\/#breadcrumb"},"inLanguage":"pt-BR","potentialAction":[{"@type":"ReadAction","target":["https:\/\/agropecuariafenix.com.br\/index.php\/produto\/premier-shih-tzu-adulto-salmao-25kg-2\/"]}]},{"@type":"ImageObject","inLanguage":"pt-BR","@id":"https:\/\/agropecuariafenix.com.br\/index.php\/produto\/premier-shih-tzu-adulto-salmao-25kg-2\/#primaryimage","url":"https:\/\/agropecuariafenix.com.br\/wp-content\/uploads\/2022\/03\/Premier_Shih_Tzu_Adulto_Salmo_25Kg_876035-1.jpg","contentUrl":"https:\/\/agropecuariafenix.com.br\/wp-content\/uploads\/2022\/03\/Premier_Shih_Tzu_Adulto_Salmo_25Kg_876035-1.jpg","width":700,"height":700,"caption":"Premier Shih Tzu Adulto Salm\u00e3o 2,5Kg"},{"@type":"BreadcrumbList","@id":"https:\/\/agropecuariafenix.com.br\/index.php\/produto\/premier-shih-tzu-adulto-salmao-25kg-2\/#breadcrumb","itemListElement":[{"@type":"ListItem","position":1,"name":"In\u00edcio","item":"https:\/\/agropecuariafenix.com.br\/"},{"@type":"ListItem","position":2,"name":"Todos os produtos","item":"https:\/\/agropecuariafenix.com.br\/index.php\/loja\/"},{"@type":"ListItem","position":3,"name":"Premier Shih Tzu Adulto Salm\u00e3o 2,5Kg"}]},{"@type":"WebSite","@id":"https:\/\/agropecuariafenix.com.br\/#website","url":"https:\/\/agropecuariafenix.com.br\/","name":"Agropecu\u00e1ria Fenix","description":"Agropecu\u00e1ria F\u00eanix Pet - Ra\u00e7\u00f5es \/ Medicamentos Pet \/ Cl\u00ednica Veterin\u00e1ria \/ Banho e Tosa \/ Cachorro \/\u00a0Gato\u00a0\/\u00a0P\u00e1ssaros","publisher":{"@id":"https:\/\/agropecuariafenix.com.br\/#organization"},"alternateName":"Agropecu\u00e1ria Fenix","potentialAction":[{"@type":"SearchAction","target":{"@type":"EntryPoint","urlTemplate":"https:\/\/agropecuariafenix.com.br\/?s={search_term_string}"},"query-input":{"@type":"PropertyValueSpecification","valueRequired":true,"valueName":"search_term_string"}}],"inLanguage":"pt-BR"},{"@type":"Organization","@id":"https:\/\/agropecuariafenix.com.br\/#organization","name":"Agropecu\u00e1ria Fenix","alternateName":"Agropecu\u00e1ria Fenix","url":"https:\/\/agropecuariafenix.com.br\/","logo":{"@type":"ImageObject","inLanguage":"pt-BR","@id":"https:\/\/agropecuariafenix.com.br\/#\/schema\/logo\/image\/","url":"https:\/\/agropecuariafenix.com.br\/wp-content\/uploads\/2023\/08\/logo_fenix3-Copy.png","contentUrl":"https:\/\/agropecuariafenix.com.br\/wp-content\/uploads\/2023\/08\/logo_fenix3-Copy.png","width":500,"height":500,"caption":"Agropecu\u00e1ria Fenix"},"image":{"@id":"https:\/\/agropecuariafenix.com.br\/#\/schema\/logo\/image\/"},"sameAs":["https:\/\/web.facebook.com\/agropecuariafenixjau","https:\/\/www.instagram.com\/agropecuaria_fenix_jau\/"]}]}},"_links":{"self":[{"href":"https:\/\/agropecuariafenix.com.br\/index.php\/wp-json\/wp\/v2\/product\/23261","targetHints":{"allow":["GET"]}}],"collection":[{"href":"https:\/\/agropecuariafenix.com.br\/index.php\/wp-json\/wp\/v2\/product"}],"about":[{"href":"https:\/\/agropecuariafenix.com.br\/index.php\/wp-json\/wp\/v2\/types\/product"}],"replies":[{"embeddable":true,"href":"https:\/\/agropecuariafenix.com.br\/index.php\/wp-json\/wp\/v2\/comments?post=23261"}],"version-history":[{"count":1,"href":"https:\/\/agropecuariafenix.com.br\/index.php\/wp-json\/wp\/v2\/product\/23261\/revisions"}],"predecessor-version":[{"id":23265,"href":"https:\/\/agropecuariafenix.com.br\/index.php\/wp-json\/wp\/v2\/product\/23261\/revisions\/23265"}],"wp:featuredmedia":[{"embeddable":true,"href":"https:\/\/agropecuariafenix.com.br\/index.php\/wp-json\/wp\/v2\/media\/23260"}],"wp:attachment":[{"href":"https:\/\/agropecuariafenix.com.br\/index.php\/wp-json\/wp\/v2\/media?parent=23261"}],"wp:term":[{"taxonomy":"product_brand","embeddable":true,"href":"https:\/\/agropecuariafenix.com.br\/index.php\/wp-json\/wp\/v2\/product_brand?post=23261"},{"taxonomy":"product_cat","embeddable":true,"href":"https:\/\/agropecuariafenix.com.br\/index.php\/wp-json\/wp\/v2\/product_cat?post=23261"},{"taxonomy":"product_tag","embeddable":true,"href":"https:\/\/agropecuariafenix.com.br\/index.php\/wp-json\/wp\/v2\/product_tag?post=23261"}],"curies":[{"name":"wp","href":"https:\/\/api.w.org\/{rel}","templated":true}]}}